{"id":16760,"date":"2024-05-22T11:17:40","date_gmt":"2024-05-22T09:17:40","guid":{"rendered":"https:\/\/u15jnbdpoq.preview.infomaniak.website\/produit\/1-kg-de-nueces-picadas-para-el-pan\/"},"modified":"2026-03-12T16:09:05","modified_gmt":"2026-03-12T15:09:05","slug":"1-kg-de-nueces-picadas-para-el-pan","status":"publish","type":"product","link":"https:\/\/www.csj-emballages.com\/es\/produit\/1-kg-de-nueces-picadas-para-el-pan\/","title":{"rendered":"Granos de nuez picados para pan 1kg"},"content":{"rendered":"<h2>Granos de nuez<\/h2>\n<hr>\n<h3>Descripci\u00f3n de nuestras nueces picadas para pan 1kg<\/h3>\n<h3><!--more--><\/h3>\n<p class=\"\" data-start=\"181\" data-end=\"483\">Ideales para incorporar a sus preparaciones de pan, estos <strong>granos de nuez picados para pan<\/strong> se seleccionan cuidadosamente por su calidad y uniformidad de corte. Listas para usar, se integran perfectamente en la masa sin alterar su textura, al tiempo que a\u00f1aden una nota crujiente y sabrosa. Estos <strong>frutos secos<\/strong> est\u00e1n especialmente preparados para un uso profesional: no son ni demasiado grasos ni demasiado finos, lo que significa que aguantan mejor durante la cocci\u00f3n y se distribuyen bien en la miga. Tanto si es usted panadero artesano, propietario de un restaurante o simplemente un apasionado del pan casero, este producto le garantiza unos resultados homog\u00e9neos, con el justo equilibrio entre sabor, textura y aspecto visual.   <\/p>\n<p class=\"\" data-start=\"898\" data-end=\"1325\">Perfectos para elaborar <strong>panes de nueces<\/strong>, pero tambi\u00e9n otras creaciones como panes especiales, viennoiseries r\u00fasticas y brioches de frutos secos. Estos <strong>granos de nuez picados para pan<\/strong> no s\u00f3lo aportan un toque crujiente, sino tambi\u00e9n un aut\u00e9ntico valor a\u00f1adido a sus recetas. Su ligero tostado natural les confiere un sabor amaderado y aut\u00e9ntico muy apreciado por los amantes de los productos tradicionales.  <\/p>\n<p class=\"\" data-start=\"1327\" data-end=\"1498\">Mant\u00e9ngalos alejados de la humedad para preservar su frescura. En resumen, dulces o saladas, marcar\u00e1n la diferencia en sus preparaciones m\u00e1s exigentes. <\/p>\n<p data-start=\"1327\" data-end=\"1498\">\n<p><!--more--><\/p>\n<div class=\"flex flex-grow flex-col max-w-full\">\n<div class=\"min-h-[20px] text-message flex flex-col items-start whitespace-pre-wrap break-words [.text-message+&amp;]:mt-5 juice:w-full juice:items-end overflow-x-auto gap-2\" dir=\"auto\" data-message-author-role=\"assistant\" data-message-id=\"579bfb50-fb6c-479d-a152-27ab4b509f37\">\n<div class=\"flex w-full flex-col gap-1 juice:empty:hidden juice:first:pt-[3px]\">\n<div class=\"markdown prose w-full break-words dark:prose-invert light\">\n<h4><strong>Sus ventajas:<\/strong><\/h4>\n<ul>\n<li>Calidad profesional, especialmente calibrada para uso en panader\u00eda.<\/li>\n<li>Excelentes propiedades de cocci\u00f3n, sin engrasar la masa.<\/li>\n<li>Sabor intenso a nuez, sin amargor.<\/li>\n<li>Nuestros granos de nuez son ideales para panes, pasteles y recetas dulces y saladas.<\/li>\n<li>Formato econ\u00f3mico de 1 kg para uso regular.<\/li>\n<\/ul>\n<\/div>\n<\/div>\n<\/div>\n<\/div>\n<div class=\"flex flex-grow flex-col max-w-full\">\n<div class=\"min-h-[20px] text-message flex flex-col items-start whitespace-pre-wrap break-words [.text-message+&amp;]:mt-5 juice:w-full juice:items-end overflow-x-auto gap-2\" dir=\"auto\" data-message-author-role=\"assistant\" data-message-id=\"579bfb50-fb6c-479d-a152-27ab4b509f37\">\n<div class=\"flex w-full flex-col gap-1 juice:empty:hidden juice:first:pt-[3px]\">\n<div class=\"markdown prose w-full break-words dark:prose-invert light\"><\/div>\n<\/div>\n<\/div>\n<\/div>\n<p><!--more--><\/p>\n<div class=\"flex flex-grow flex-col max-w-full\">\n<div class=\"min-h-[20px] text-message flex flex-col items-start whitespace-pre-wrap break-words [.text-message+&amp;]:mt-5 juice:w-full juice:items-end overflow-x-auto gap-2\" dir=\"auto\" data-message-author-role=\"assistant\" data-message-id=\"579bfb50-fb6c-479d-a152-27ab4b509f37\">\n<div class=\"flex w-full flex-col gap-1 juice:empty:hidden juice:first:pt-[3px]\">\n<div class=\"markdown prose w-full break-words dark:prose-invert light\">\n<h4>Informaci\u00f3n adicional :<\/h4>\n<ul>\n<li><strong>Envase<\/strong>: Envase de 1 kg<\/li>\n<\/ul>\n<\/div>\n<\/div>\n<\/div>\n<\/div>\n<div class=\"flex flex-grow flex-col max-w-full\">\n<div class=\"min-h-[20px] text-message flex flex-col items-start whitespace-pre-wrap break-words [.text-message+&amp;]:mt-5 juice:w-full juice:items-end overflow-x-auto gap-2\" dir=\"auto\" data-message-author-role=\"assistant\" data-message-id=\"579bfb50-fb6c-479d-a152-27ab4b509f37\">\n<div class=\"flex w-full flex-col gap-1 juice:empty:hidden juice:first:pt-[3px]\">\n<div class=\"markdown prose w-full break-words dark:prose-invert light\">\n<p>&nbsp;<\/p>\n<\/div>\n<\/div>\n<\/div>\n<\/div>\n<p><!--more--><\/p>\n<p>Aqu\u00ed encontrar\u00e1 nuestras diferentes nueces en grano:<span style=\"color: #d12727;\"><span style=\"color: #d12727;\"> <a style=\"color: #d12727;\" href=\"https:\/\/www.csj-emballages.com\/es\/produit\/1kg-de-nueces-en-grano-light-invalid\/\">Luz no v\u00e1lida<\/a><\/span> <span style=\"color: #000000;\">\/<\/span> <span style=\"color: #d12727;\"><a style=\"color: #d12727;\" href=\"https:\/\/www.csj-emballages.com\/es\/produit\/1-kg-de-nueces-en-grano-harlequin\/\">Inv\u00e1lido Arlequ\u00edn<\/a><\/span><\/span><\/p>\n<p>&nbsp;<\/p>\n<div class=\"flex flex-grow flex-col max-w-full\">\n<div class=\"min-h-[20px] text-message flex flex-col items-start whitespace-pre-wrap break-words [.text-message+&amp;]:mt-5 juice:w-full juice:items-end overflow-x-auto gap-2\" dir=\"auto\" data-message-author-role=\"assistant\" data-message-id=\"579bfb50-fb6c-479d-a152-27ab4b509f37\">\n<div class=\"flex w-full flex-col gap-1 juice:empty:hidden juice:first:pt-[3px]\">\n<div class=\"markdown prose w-full break-words dark:prose-invert light\">\n<p>&nbsp;<\/p>\n<\/div>\n<\/div>\n<\/div>\n<\/div>\n<p><!--more--><\/p>\n<p><a href=\"https:\/\/u15jnbdpoq.preview.infomaniak.website\/categorie-produit\/alimentation\/aliments\/fruits-secs-au-sirop\/fruits-secs\/\">Ver el resto de nuestra gama de frutos secos<\/a><\/p>\n","protected":false},"excerpt":{"rendered":"<p>Granos de nuez Descripci\u00f3n de nuestras nueces picadas para pan 1kg<\/p>\n","protected":false},"featured_media":224352,"template":"","meta":{"_acf_changed":false},"product_brand":[],"product_cat":[1162,7621],"product_tag":[],"class_list":{"0":"post-16760","1":"product","2":"type-product","3":"status-publish","4":"has-post-thumbnail","6":"product_cat-alimentacion-es","7":"product_cat-frutos-secos-es-2","9":"first","10":"instock","11":"taxable","12":"shipping-taxable","13":"purchasable","14":"product-type-simple"},"acf":[],"yoast_head":"<!-- This site is optimized with the Yoast SEO Premium plugin v26.6 (Yoast SEO v26.6) - https:\/\/yoast.com\/wordpress\/plugins\/seo\/ -->\n<title>Pan Especial Nueces Picadas 1kg<\/title>\n<meta name=\"description\" content=\"A\u00f1ade algo crujiente a tu pan con nuestras nueces picadas. Ricas en sabor y nutrientes, mejorar\u00e1n a\u00fan m\u00e1s tus recetas de pan.\" \/>\n<meta name=\"robots\" content=\"index, follow, max-snippet:-1, max-image-preview:large, max-video-preview:-1\" \/>\n<link rel=\"canonical\" href=\"https:\/\/www.csj-emballages.com\/es\/produit\/1-kg-de-nueces-picadas-para-el-pan\/\" \/>\n<meta property=\"og:locale\" content=\"es_ES\" \/>\n<meta property=\"og:type\" content=\"article\" \/>\n<meta property=\"og:title\" content=\"Granos de nuez picados para pan 1kg\" \/>\n<meta property=\"og:description\" content=\"A\u00f1ade algo crujiente a tu pan con nuestras nueces picadas. Ricas en sabor y nutrientes, mejorar\u00e1n a\u00fan m\u00e1s tus recetas de pan.\" \/>\n<meta property=\"og:url\" content=\"https:\/\/www.csj-emballages.com\/es\/produit\/1-kg-de-nueces-picadas-para-el-pan\/\" \/>\n<meta property=\"og:site_name\" content=\"CSJ Emballages\" \/>\n<meta property=\"article:publisher\" content=\"https:\/\/www.facebook.com\/csjemballages\" \/>\n<meta property=\"article:modified_time\" content=\"2026-03-12T15:09:05+00:00\" \/>\n<meta property=\"og:image\" content=\"https:\/\/www.csj-emballages.com\/wp-content\/uploads\/2024\/05\/cerneaux-de-noix-hache.webp\" \/>\n\t<meta property=\"og:image:width\" content=\"800\" \/>\n\t<meta property=\"og:image:height\" content=\"800\" \/>\n\t<meta property=\"og:image:type\" content=\"image\/webp\" \/>\n<meta name=\"twitter:card\" content=\"summary_large_image\" \/>\n<meta name=\"twitter:label1\" content=\"Tiempo de lectura\" \/>\n\t<meta name=\"twitter:data1\" content=\"2 minutos\" \/>\n<script type=\"application\/ld+json\" class=\"yoast-schema-graph\">{\"@context\":\"https:\/\/schema.org\",\"@graph\":[{\"@type\":\"WebPage\",\"@id\":\"https:\/\/www.csj-emballages.com\/es\/produit\/1-kg-de-nueces-picadas-para-el-pan\/\",\"url\":\"https:\/\/www.csj-emballages.com\/es\/produit\/1-kg-de-nueces-picadas-para-el-pan\/\",\"name\":\"Pan Especial Nueces Picadas 1kg\",\"isPartOf\":{\"@id\":\"https:\/\/www.csj-emballages.com\/es\/#website\"},\"primaryImageOfPage\":{\"@id\":\"https:\/\/www.csj-emballages.com\/es\/produit\/1-kg-de-nueces-picadas-para-el-pan\/#primaryimage\"},\"image\":{\"@id\":\"https:\/\/www.csj-emballages.com\/es\/produit\/1-kg-de-nueces-picadas-para-el-pan\/#primaryimage\"},\"thumbnailUrl\":\"https:\/\/www.csj-emballages.com\/wp-content\/uploads\/2024\/05\/cerneaux-de-noix-hache.webp\",\"datePublished\":\"2024-05-22T09:17:40+00:00\",\"dateModified\":\"2026-03-12T15:09:05+00:00\",\"description\":\"A\u00f1ade algo crujiente a tu pan con nuestras nueces picadas. Ricas en sabor y nutrientes, mejorar\u00e1n a\u00fan m\u00e1s tus recetas de pan.\",\"breadcrumb\":{\"@id\":\"https:\/\/www.csj-emballages.com\/es\/produit\/1-kg-de-nueces-picadas-para-el-pan\/#breadcrumb\"},\"inLanguage\":\"es\",\"potentialAction\":[{\"@type\":\"ReadAction\",\"target\":[\"https:\/\/www.csj-emballages.com\/es\/produit\/1-kg-de-nueces-picadas-para-el-pan\/\"]}]},{\"@type\":\"ImageObject\",\"inLanguage\":\"es\",\"@id\":\"https:\/\/www.csj-emballages.com\/es\/produit\/1-kg-de-nueces-picadas-para-el-pan\/#primaryimage\",\"url\":\"https:\/\/www.csj-emballages.com\/wp-content\/uploads\/2024\/05\/cerneaux-de-noix-hache.webp\",\"contentUrl\":\"https:\/\/www.csj-emballages.com\/wp-content\/uploads\/2024\/05\/cerneaux-de-noix-hache.webp\",\"width\":800,\"height\":800,\"caption\":\"Cerneaux de noix hach\u00e9s\"},{\"@type\":\"BreadcrumbList\",\"@id\":\"https:\/\/www.csj-emballages.com\/es\/produit\/1-kg-de-nueces-picadas-para-el-pan\/#breadcrumb\",\"itemListElement\":[{\"@type\":\"ListItem\",\"position\":1,\"name\":\"Accueil\",\"item\":\"https:\/\/www.csj-emballages.com\/es\/universo-del-envasado-alimentario\/\"},{\"@type\":\"ListItem\",\"position\":2,\"name\":\"Tienda\",\"item\":\"https:\/\/www.csj-emballages.com\/tienda\/\"},{\"@type\":\"ListItem\",\"position\":3,\"name\":\"Granos de nuez picados para pan 1kg\"}]},{\"@type\":\"WebSite\",\"@id\":\"https:\/\/www.csj-emballages.com\/es\/#website\",\"url\":\"https:\/\/www.csj-emballages.com\/es\/\",\"name\":\"CSJ Emballages\",\"description\":\"\",\"publisher\":{\"@id\":\"https:\/\/www.csj-emballages.com\/es\/#organization\"},\"potentialAction\":[{\"@type\":\"SearchAction\",\"target\":{\"@type\":\"EntryPoint\",\"urlTemplate\":\"https:\/\/www.csj-emballages.com\/es\/?s={search_term_string}\"},\"query-input\":{\"@type\":\"PropertyValueSpecification\",\"valueRequired\":true,\"valueName\":\"search_term_string\"}}],\"inLanguage\":\"es\"},{\"@type\":\"Organization\",\"@id\":\"https:\/\/www.csj-emballages.com\/es\/#Organization\/\",\"name\":\"CSJ Emballages\",\"url\":\"https:\/\/www.csj-emballages.com\/es\/\",\"logo\":{\"@type\":\"ImageObject\",\"inLanguage\":\"es\",\"@id\":\"https:\/\/www.csj-emballages.com\/es\/#\/schema\/logo\/image\/\",\"url\":\"https:\/\/www.csj-emballages.com\/wp-content\/uploads\/2023\/10\/logo_csj.webp\",\"contentUrl\":\"https:\/\/www.csj-emballages.com\/wp-content\/uploads\/2023\/10\/logo_csj.webp\",\"width\":250,\"height\":95,\"caption\":\"CSJ Emballages\"},\"image\":{\"@id\":\"https:\/\/www.csj-emballages.com\/es\/#\/schema\/logo\/image\/\"},\"sameAs\":[\"https:\/\/www.facebook.com\/csjemballages\"],\"address\":{\"@type\":\"PostalAddress\",\"streetAddress\":\"ZI La Lechere\",\"addressLocality\":\"Patornay\",\"postalCode\":\"39130\",\"addressCountry\":\"FR\"},\"contactPoint\":[{\"@type\":\"ContactPoint\",\"contactType\":\"Service client\",\"telephone\":\"0384254272\",\"email\":\"contact@csj-emballages.com\"}]}]}<\/script>\n<!-- \/ Yoast SEO Premium plugin. -->","yoast_head_json":{"title":"Pan Especial Nueces Picadas 1kg","description":"A\u00f1ade algo crujiente a tu pan con nuestras nueces picadas. Ricas en sabor y nutrientes, mejorar\u00e1n a\u00fan m\u00e1s tus recetas de pan.","robots":{"index":"index","follow":"follow","max-snippet":"max-snippet:-1","max-image-preview":"max-image-preview:large","max-video-preview":"max-video-preview:-1"},"canonical":"https:\/\/www.csj-emballages.com\/es\/produit\/1-kg-de-nueces-picadas-para-el-pan\/","og_locale":"es_ES","og_type":"article","og_title":"Granos de nuez picados para pan 1kg","og_description":"A\u00f1ade algo crujiente a tu pan con nuestras nueces picadas. Ricas en sabor y nutrientes, mejorar\u00e1n a\u00fan m\u00e1s tus recetas de pan.","og_url":"https:\/\/www.csj-emballages.com\/es\/produit\/1-kg-de-nueces-picadas-para-el-pan\/","og_site_name":"CSJ Emballages","article_publisher":"https:\/\/www.facebook.com\/csjemballages","article_modified_time":"2026-03-12T15:09:05+00:00","og_image":[{"width":800,"height":800,"url":"https:\/\/www.csj-emballages.com\/wp-content\/uploads\/2024\/05\/cerneaux-de-noix-hache.webp","type":"image\/webp"}],"twitter_card":"summary_large_image","twitter_misc":{"Tiempo de lectura":"2 minutos"},"schema":{"@context":"https:\/\/schema.org","@graph":[{"@type":"WebPage","@id":"https:\/\/www.csj-emballages.com\/es\/produit\/1-kg-de-nueces-picadas-para-el-pan\/","url":"https:\/\/www.csj-emballages.com\/es\/produit\/1-kg-de-nueces-picadas-para-el-pan\/","name":"Pan Especial Nueces Picadas 1kg","isPartOf":{"@id":"https:\/\/www.csj-emballages.com\/es\/#website"},"primaryImageOfPage":{"@id":"https:\/\/www.csj-emballages.com\/es\/produit\/1-kg-de-nueces-picadas-para-el-pan\/#primaryimage"},"image":{"@id":"https:\/\/www.csj-emballages.com\/es\/produit\/1-kg-de-nueces-picadas-para-el-pan\/#primaryimage"},"thumbnailUrl":"https:\/\/www.csj-emballages.com\/wp-content\/uploads\/2024\/05\/cerneaux-de-noix-hache.webp","datePublished":"2024-05-22T09:17:40+00:00","dateModified":"2026-03-12T15:09:05+00:00","description":"A\u00f1ade algo crujiente a tu pan con nuestras nueces picadas. Ricas en sabor y nutrientes, mejorar\u00e1n a\u00fan m\u00e1s tus recetas de pan.","breadcrumb":{"@id":"https:\/\/www.csj-emballages.com\/es\/produit\/1-kg-de-nueces-picadas-para-el-pan\/#breadcrumb"},"inLanguage":"es","potentialAction":[{"@type":"ReadAction","target":["https:\/\/www.csj-emballages.com\/es\/produit\/1-kg-de-nueces-picadas-para-el-pan\/"]}]},{"@type":"ImageObject","inLanguage":"es","@id":"https:\/\/www.csj-emballages.com\/es\/produit\/1-kg-de-nueces-picadas-para-el-pan\/#primaryimage","url":"https:\/\/www.csj-emballages.com\/wp-content\/uploads\/2024\/05\/cerneaux-de-noix-hache.webp","contentUrl":"https:\/\/www.csj-emballages.com\/wp-content\/uploads\/2024\/05\/cerneaux-de-noix-hache.webp","width":800,"height":800,"caption":"Cerneaux de noix hach\u00e9s"},{"@type":"BreadcrumbList","@id":"https:\/\/www.csj-emballages.com\/es\/produit\/1-kg-de-nueces-picadas-para-el-pan\/#breadcrumb","itemListElement":[{"@type":"ListItem","position":1,"name":"Accueil","item":"https:\/\/www.csj-emballages.com\/es\/universo-del-envasado-alimentario\/"},{"@type":"ListItem","position":2,"name":"Tienda","item":"https:\/\/www.csj-emballages.com\/tienda\/"},{"@type":"ListItem","position":3,"name":"Granos de nuez picados para pan 1kg"}]},{"@type":"WebSite","@id":"https:\/\/www.csj-emballages.com\/es\/#website","url":"https:\/\/www.csj-emballages.com\/es\/","name":"CSJ Emballages","description":"","publisher":{"@id":"https:\/\/www.csj-emballages.com\/es\/#organization"},"potentialAction":[{"@type":"SearchAction","target":{"@type":"EntryPoint","urlTemplate":"https:\/\/www.csj-emballages.com\/es\/?s={search_term_string}"},"query-input":{"@type":"PropertyValueSpecification","valueRequired":true,"valueName":"search_term_string"}}],"inLanguage":"es"},{"@type":"Organization","@id":"https:\/\/www.csj-emballages.com\/es\/#Organization\/","name":"CSJ Emballages","url":"https:\/\/www.csj-emballages.com\/es\/","logo":{"@type":"ImageObject","inLanguage":"es","@id":"https:\/\/www.csj-emballages.com\/es\/#\/schema\/logo\/image\/","url":"https:\/\/www.csj-emballages.com\/wp-content\/uploads\/2023\/10\/logo_csj.webp","contentUrl":"https:\/\/www.csj-emballages.com\/wp-content\/uploads\/2023\/10\/logo_csj.webp","width":250,"height":95,"caption":"CSJ Emballages"},"image":{"@id":"https:\/\/www.csj-emballages.com\/es\/#\/schema\/logo\/image\/"},"sameAs":["https:\/\/www.facebook.com\/csjemballages"],"address":{"@type":"PostalAddress","streetAddress":"ZI La Lechere","addressLocality":"Patornay","postalCode":"39130","addressCountry":"FR"},"contactPoint":[{"@type":"ContactPoint","contactType":"Service client","telephone":"0384254272","email":"contact@csj-emballages.com"}]}]}},"df_price":8.16,"df_sale_price":"","df_regular_price":8.16,"df_image_link":"https:\/\/www.csj-emballages.com\/wp-content\/uploads\/2024\/05\/cerneaux-de-noix-hache-300x300.webp","tiered_pricing_type":"fixed","tiered_pricing_fixed_rules":[],"tiered_pricing_percentage_rules":[],"tiered_pricing_minimum":1,"tiered_pricing_roles_data":[],"_links":{"self":[{"href":"https:\/\/www.csj-emballages.com\/es\/wp-json\/wp\/v2\/product\/16760","targetHints":{"allow":["GET"]}}],"collection":[{"href":"https:\/\/www.csj-emballages.com\/es\/wp-json\/wp\/v2\/product"}],"about":[{"href":"https:\/\/www.csj-emballages.com\/es\/wp-json\/wp\/v2\/types\/product"}],"wp:featuredmedia":[{"embeddable":true,"href":"https:\/\/www.csj-emballages.com\/es\/wp-json\/wp\/v2\/media\/224352"}],"wp:attachment":[{"href":"https:\/\/www.csj-emballages.com\/es\/wp-json\/wp\/v2\/media?parent=16760"}],"wp:term":[{"taxonomy":"product_brand","embeddable":true,"href":"https:\/\/www.csj-emballages.com\/es\/wp-json\/wp\/v2\/product_brand?post=16760"},{"taxonomy":"product_cat","embeddable":true,"href":"https:\/\/www.csj-emballages.com\/es\/wp-json\/wp\/v2\/product_cat?post=16760"},{"taxonomy":"product_tag","embeddable":true,"href":"https:\/\/www.csj-emballages.com\/es\/wp-json\/wp\/v2\/product_tag?post=16760"}],"curies":[{"name":"wp","href":"https:\/\/api.w.org\/{rel}","templated":true}]}}