{"id":16746,"date":"2024-05-22T11:17:37","date_gmt":"2024-05-22T09:17:37","guid":{"rendered":"https:\/\/u15jnbdpoq.preview.infomaniak.website\/produit\/1-kg-de-nueces-en-grano-harlequin\/"},"modified":"2026-03-27T02:11:09","modified_gmt":"2026-03-27T01:11:09","slug":"1-kg-de-nueces-en-grano-harlequin","status":"publish","type":"product","link":"https:\/\/www.csj-emballages.com\/es\/produit\/1-kg-de-nueces-en-grano-harlequin\/","title":{"rendered":"Granos de nuez Harlequin 1kg"},"content":{"rendered":"<h2>Granos de nuez<\/h2>\n<hr>\n<h3>Descripci\u00f3n de nuestros granos de nuez Arlequ\u00edn 1kg<!--more--><\/h3>\n<p class=\"\" data-start=\"138\" data-end=\"725\">Estos <strong>granos de nuez \u00abinvalide arlequin<\/strong> \u00bb son perfectos tanto para los profesionales de la cocina como para los aficionados a la reposter\u00eda y la cocina casera. Cuidadosamente seleccionadas, se llaman \u00ab<strong>invalide arlequin<\/strong>\u00bb porque no est\u00e1n enteras, sino <strong>troceadas<\/strong>, lo que no les resta nada de su sabor rico y aut\u00e9ntico, sino todo lo contrario. Su color <strong>oscuro<\/strong> atestigua su frescura y calidad, y su formato <strong>en trozos<\/strong> las hace ideales para preparaciones culinarias: tartas de frutos secos, ensaladas, pan, granola, platos preparados o incluso para picar.  <\/p>\n<p class=\"\" data-start=\"727\" data-end=\"1106\">Envasados en <strong>bolsas de 1 kg<\/strong>, est\u00e1n listos para usar y son f\u00e1ciles de almacenar. Este formato econ\u00f3mico es especialmente adecuado para panader\u00edas, empresas de catering, restaurantes y particulares que cocinan en grandes cantidades. Es una alternativa inteligente a <strong>los granos<\/strong> enteros, especialmente cuando el aspecto no es la prioridad, pero s\u00ed la calidad.  <\/p>\n<p class=\"\" data-start=\"1108\" data-end=\"1501\">Ricas en \u00e1cidos grasos insaturados, <strong>las nueces<\/strong> contribuyen a una dieta equilibrada. Adem\u00e1s, aportan un toque crujiente y delicioso a todas sus creaciones. Su sabor t\u00edpico combina por igual con platos salados y dulces. Adem\u00e1s, este formato<strong>\u00abno v\u00e1lido<\/strong>\u00bb permite limitar los residuos y reducir los costes. Una opci\u00f3n inteligente para combinar econom\u00eda, sabor y nutrici\u00f3n.    <\/p>\n<p><!--more--><\/p>\n<div class=\"flex flex-grow flex-col max-w-full\">\n<div class=\"min-h-[20px] text-message flex flex-col items-start whitespace-pre-wrap break-words [.text-message+&amp;]:mt-5 juice:w-full juice:items-end overflow-x-auto gap-2\" dir=\"auto\" data-message-author-role=\"assistant\" data-message-id=\"579bfb50-fb6c-479d-a152-27ab4b509f37\">\n<div class=\"flex w-full flex-col gap-1 juice:empty:hidden juice:first:pt-[3px]\">\n<div class=\"markdown prose w-full break-words dark:prose-invert light\">\n<h4><strong>Sus ventajas:<\/strong><\/h4>\n<ul>\n<li><strong>En trozos, listo para usar<\/strong>: ahorra tiempo en la cocina.<\/li>\n<li><strong>Formato econ\u00f3mico de 1 kg<\/strong>: ideal para uso profesional o dom\u00e9stico.<\/li>\n<li>Perfecto para reposter\u00eda, ensaladas y platos fr\u00edos o calientes.<\/li>\n<\/ul>\n<\/div>\n<p>&nbsp;<\/p>\n<\/div>\n<\/div>\n<\/div>\n<div class=\"flex flex-grow flex-col max-w-full\">\n<div class=\"min-h-[20px] text-message flex flex-col items-start whitespace-pre-wrap break-words [.text-message+&amp;]:mt-5 juice:w-full juice:items-end overflow-x-auto gap-2\" dir=\"auto\" data-message-author-role=\"assistant\" data-message-id=\"579bfb50-fb6c-479d-a152-27ab4b509f37\">\n<div class=\"flex w-full flex-col gap-1 juice:empty:hidden juice:first:pt-[3px]\">\n<div class=\"markdown prose w-full break-words dark:prose-invert light\"><\/div>\n<\/div>\n<\/div>\n<\/div>\n<p><!--more--><\/p>\n<div class=\"flex flex-grow flex-col max-w-full\">\n<div class=\"min-h-[20px] text-message flex flex-col items-start whitespace-pre-wrap break-words [.text-message+&amp;]:mt-5 juice:w-full juice:items-end overflow-x-auto gap-2\" dir=\"auto\" data-message-author-role=\"assistant\" data-message-id=\"579bfb50-fb6c-479d-a152-27ab4b509f37\">\n<div class=\"flex w-full flex-col gap-1 juice:empty:hidden juice:first:pt-[3px]\">\n<div class=\"markdown prose w-full break-words dark:prose-invert light\">\n<h4>Informaci\u00f3n adicional :<\/h4>\n<ul>\n<li><strong>Envase<\/strong>: Envase de 1 kg<\/li>\n<li><strong>No v\u00e1lido:<\/strong> Parte de un medio descornado que puede ser de diferentes tama\u00f1os.<\/li>\n<li><strong>Arlequ\u00edn:<\/strong> Granos de nuez entre paja oscura y marr\u00f3n claro<\/li>\n<\/ul>\n<\/div>\n<\/div>\n<\/div>\n<\/div>\n<div class=\"flex flex-grow flex-col max-w-full\">\n<div class=\"min-h-[20px] text-message flex flex-col items-start whitespace-pre-wrap break-words [.text-message+&amp;]:mt-5 juice:w-full juice:items-end overflow-x-auto gap-2\" dir=\"auto\" data-message-author-role=\"assistant\" data-message-id=\"579bfb50-fb6c-479d-a152-27ab4b509f37\">\n<div class=\"flex w-full flex-col gap-1 juice:empty:hidden juice:first:pt-[3px]\">\n<div class=\"markdown prose w-full break-words dark:prose-invert light\">\n<p>&nbsp;<\/p>\n<\/div>\n<\/div>\n<\/div>\n<\/div>\n<p><!--more--><\/p>\n<p>Encuentre aqu\u00ed nuestros granos de nuez en inv\u00e1lido claro : <span style=\"color: #d12727\"><a style=\"color: #d12727\" href=\"https:\/\/www.csj-emballages.com\/es\/produit\/1kg-de-nueces-en-grano-light-invalid\/\">560010<\/a><\/span><\/p>\n<p>&nbsp;<\/p>\n<p><!--more--><\/p>\n<p>Tambi\u00e9n puede encontrar aqu\u00ed nuestras nueces picadas para pan: <span style=\"color: #d12727\"><a style=\"color: #d12727\" href=\"https:\/\/www.csj-emballages.com\/es\/produit\/1-kg-de-nueces-picadas-para-el-pan\/\">560002<\/a><\/span><\/p>\n<div class=\"flex flex-grow flex-col max-w-full\">\n<div class=\"min-h-[20px] text-message flex flex-col items-start whitespace-pre-wrap break-words [.text-message+&amp;]:mt-5 juice:w-full juice:items-end overflow-x-auto gap-2\" dir=\"auto\" data-message-author-role=\"assistant\" data-message-id=\"579bfb50-fb6c-479d-a152-27ab4b509f37\">\n<div class=\"flex w-full flex-col gap-1 juice:empty:hidden juice:first:pt-[3px]\">\n<div class=\"markdown prose w-full break-words dark:prose-invert light\">\n<p>&nbsp;<\/p>\n<\/div>\n<\/div>\n<\/div>\n<\/div>\n<p><!--more--><\/p>\n<p><a href=\"https:\/\/u15jnbdpoq.preview.infomaniak.website\/categorie-produit\/alimentation\/aliments\/fruits-secs-au-sirop\/fruits-secs\/\">Ver el resto de nuestra gama de frutos secos<\/a><\/p>\n","protected":false},"excerpt":{"rendered":"<p>Granos de nuez Descripci\u00f3n de nuestros granos de nuez Arlequ\u00edn 1kg<\/p>\n","protected":false},"featured_media":224359,"template":"","meta":{"_acf_changed":false},"product_brand":[],"product_cat":[1162,7621],"product_tag":[],"class_list":{"0":"post-16746","1":"product","2":"type-product","3":"status-publish","4":"has-post-thumbnail","6":"product_cat-alimentacion-es","7":"product_cat-frutos-secos-es-2","9":"first","10":"instock","11":"taxable","12":"shipping-taxable","13":"purchasable","14":"product-type-simple"},"acf":[],"yoast_head":"<!-- This site is optimized with the Yoast SEO Premium plugin v26.6 (Yoast SEO v26.6) - https:\/\/yoast.com\/wordpress\/plugins\/seo\/ -->\n<title>Granos de nuez Harlequin 1kg<\/title>\n<meta name=\"description\" content=\"Disfruta de nuestros granos de nuez con forma de arlequ\u00edn, perfectos para reposter\u00eda, ensaladas o tentempi\u00e9s saludables. M\u00e1xima calidad para un toque gourmet\" \/>\n<meta name=\"robots\" content=\"index, follow, max-snippet:-1, max-image-preview:large, max-video-preview:-1\" \/>\n<link rel=\"canonical\" href=\"https:\/\/www.csj-emballages.com\/es\/produit\/1-kg-de-nueces-en-grano-harlequin\/\" \/>\n<meta property=\"og:locale\" content=\"es_ES\" \/>\n<meta property=\"og:type\" content=\"article\" \/>\n<meta property=\"og:title\" content=\"Granos de nuez Harlequin 1kg\" \/>\n<meta property=\"og:description\" content=\"Disfruta de nuestros granos de nuez con forma de arlequ\u00edn, perfectos para reposter\u00eda, ensaladas o tentempi\u00e9s saludables. M\u00e1xima calidad para un toque gourmet\" \/>\n<meta property=\"og:url\" content=\"https:\/\/www.csj-emballages.com\/es\/produit\/1-kg-de-nueces-en-grano-harlequin\/\" \/>\n<meta property=\"og:site_name\" content=\"CSJ Emballages\" \/>\n<meta property=\"article:publisher\" content=\"https:\/\/www.facebook.com\/csjemballages\" \/>\n<meta property=\"article:modified_time\" content=\"2026-03-27T01:11:09+00:00\" \/>\n<meta property=\"og:image\" content=\"https:\/\/www.csj-emballages.com\/wp-content\/uploads\/2024\/05\/cerneaux-de-noix-invalide-arlequin.webp\" \/>\n\t<meta property=\"og:image:width\" content=\"800\" \/>\n\t<meta property=\"og:image:height\" content=\"800\" \/>\n\t<meta property=\"og:image:type\" content=\"image\/webp\" \/>\n<meta name=\"twitter:card\" content=\"summary_large_image\" \/>\n<meta name=\"twitter:label1\" content=\"Tiempo de lectura\" \/>\n\t<meta name=\"twitter:data1\" content=\"2 minutos\" \/>\n<script type=\"application\/ld+json\" class=\"yoast-schema-graph\">{\"@context\":\"https:\/\/schema.org\",\"@graph\":[{\"@type\":\"WebPage\",\"@id\":\"https:\/\/www.csj-emballages.com\/es\/produit\/1-kg-de-nueces-en-grano-harlequin\/\",\"url\":\"https:\/\/www.csj-emballages.com\/es\/produit\/1-kg-de-nueces-en-grano-harlequin\/\",\"name\":\"Granos de nuez Harlequin 1kg\",\"isPartOf\":{\"@id\":\"https:\/\/www.csj-emballages.com\/es\/#website\"},\"primaryImageOfPage\":{\"@id\":\"https:\/\/www.csj-emballages.com\/es\/produit\/1-kg-de-nueces-en-grano-harlequin\/#primaryimage\"},\"image\":{\"@id\":\"https:\/\/www.csj-emballages.com\/es\/produit\/1-kg-de-nueces-en-grano-harlequin\/#primaryimage\"},\"thumbnailUrl\":\"https:\/\/www.csj-emballages.com\/wp-content\/uploads\/2024\/05\/cerneaux-de-noix-invalide-arlequin.webp\",\"datePublished\":\"2024-05-22T09:17:37+00:00\",\"dateModified\":\"2026-03-27T01:11:09+00:00\",\"description\":\"Disfruta de nuestros granos de nuez con forma de arlequ\u00edn, perfectos para reposter\u00eda, ensaladas o tentempi\u00e9s saludables. M\u00e1xima calidad para un toque gourmet\",\"breadcrumb\":{\"@id\":\"https:\/\/www.csj-emballages.com\/es\/produit\/1-kg-de-nueces-en-grano-harlequin\/#breadcrumb\"},\"inLanguage\":\"es\",\"potentialAction\":[{\"@type\":\"ReadAction\",\"target\":[\"https:\/\/www.csj-emballages.com\/es\/produit\/1-kg-de-nueces-en-grano-harlequin\/\"]}]},{\"@type\":\"ImageObject\",\"inLanguage\":\"es\",\"@id\":\"https:\/\/www.csj-emballages.com\/es\/produit\/1-kg-de-nueces-en-grano-harlequin\/#primaryimage\",\"url\":\"https:\/\/www.csj-emballages.com\/wp-content\/uploads\/2024\/05\/cerneaux-de-noix-invalide-arlequin.webp\",\"contentUrl\":\"https:\/\/www.csj-emballages.com\/wp-content\/uploads\/2024\/05\/cerneaux-de-noix-invalide-arlequin.webp\",\"width\":800,\"height\":800,\"caption\":\"Cerneaux de noix\"},{\"@type\":\"BreadcrumbList\",\"@id\":\"https:\/\/www.csj-emballages.com\/es\/produit\/1-kg-de-nueces-en-grano-harlequin\/#breadcrumb\",\"itemListElement\":[{\"@type\":\"ListItem\",\"position\":1,\"name\":\"Accueil\",\"item\":\"https:\/\/www.csj-emballages.com\/es\/universo-del-envasado-alimentario\/\"},{\"@type\":\"ListItem\",\"position\":2,\"name\":\"Tienda\",\"item\":\"https:\/\/www.csj-emballages.com\/tienda\/\"},{\"@type\":\"ListItem\",\"position\":3,\"name\":\"Granos de nuez Harlequin 1kg\"}]},{\"@type\":\"WebSite\",\"@id\":\"https:\/\/www.csj-emballages.com\/es\/#website\",\"url\":\"https:\/\/www.csj-emballages.com\/es\/\",\"name\":\"CSJ Emballages\",\"description\":\"\",\"publisher\":{\"@id\":\"https:\/\/www.csj-emballages.com\/es\/#organization\"},\"potentialAction\":[{\"@type\":\"SearchAction\",\"target\":{\"@type\":\"EntryPoint\",\"urlTemplate\":\"https:\/\/www.csj-emballages.com\/es\/?s={search_term_string}\"},\"query-input\":{\"@type\":\"PropertyValueSpecification\",\"valueRequired\":true,\"valueName\":\"search_term_string\"}}],\"inLanguage\":\"es\"},{\"@type\":\"Organization\",\"@id\":\"https:\/\/www.csj-emballages.com\/es\/#Organization\/\",\"name\":\"CSJ Emballages\",\"url\":\"https:\/\/www.csj-emballages.com\/es\/\",\"logo\":{\"@type\":\"ImageObject\",\"inLanguage\":\"es\",\"@id\":\"https:\/\/www.csj-emballages.com\/es\/#\/schema\/logo\/image\/\",\"url\":\"https:\/\/www.csj-emballages.com\/wp-content\/uploads\/2023\/10\/logo_csj.webp\",\"contentUrl\":\"https:\/\/www.csj-emballages.com\/wp-content\/uploads\/2023\/10\/logo_csj.webp\",\"width\":250,\"height\":95,\"caption\":\"CSJ Emballages\"},\"image\":{\"@id\":\"https:\/\/www.csj-emballages.com\/es\/#\/schema\/logo\/image\/\"},\"sameAs\":[\"https:\/\/www.facebook.com\/csjemballages\"],\"address\":{\"@type\":\"PostalAddress\",\"streetAddress\":\"ZI La Lechere\",\"addressLocality\":\"Patornay\",\"postalCode\":\"39130\",\"addressCountry\":\"FR\"},\"contactPoint\":[{\"@type\":\"ContactPoint\",\"contactType\":\"Service client\",\"telephone\":\"0384254272\",\"email\":\"contact@csj-emballages.com\"}]}]}<\/script>\n<!-- \/ Yoast SEO Premium plugin. -->","yoast_head_json":{"title":"Granos de nuez Harlequin 1kg","description":"Disfruta de nuestros granos de nuez con forma de arlequ\u00edn, perfectos para reposter\u00eda, ensaladas o tentempi\u00e9s saludables. M\u00e1xima calidad para un toque gourmet","robots":{"index":"index","follow":"follow","max-snippet":"max-snippet:-1","max-image-preview":"max-image-preview:large","max-video-preview":"max-video-preview:-1"},"canonical":"https:\/\/www.csj-emballages.com\/es\/produit\/1-kg-de-nueces-en-grano-harlequin\/","og_locale":"es_ES","og_type":"article","og_title":"Granos de nuez Harlequin 1kg","og_description":"Disfruta de nuestros granos de nuez con forma de arlequ\u00edn, perfectos para reposter\u00eda, ensaladas o tentempi\u00e9s saludables. M\u00e1xima calidad para un toque gourmet","og_url":"https:\/\/www.csj-emballages.com\/es\/produit\/1-kg-de-nueces-en-grano-harlequin\/","og_site_name":"CSJ Emballages","article_publisher":"https:\/\/www.facebook.com\/csjemballages","article_modified_time":"2026-03-27T01:11:09+00:00","og_image":[{"width":800,"height":800,"url":"https:\/\/www.csj-emballages.com\/wp-content\/uploads\/2024\/05\/cerneaux-de-noix-invalide-arlequin.webp","type":"image\/webp"}],"twitter_card":"summary_large_image","twitter_misc":{"Tiempo de lectura":"2 minutos"},"schema":{"@context":"https:\/\/schema.org","@graph":[{"@type":"WebPage","@id":"https:\/\/www.csj-emballages.com\/es\/produit\/1-kg-de-nueces-en-grano-harlequin\/","url":"https:\/\/www.csj-emballages.com\/es\/produit\/1-kg-de-nueces-en-grano-harlequin\/","name":"Granos de nuez Harlequin 1kg","isPartOf":{"@id":"https:\/\/www.csj-emballages.com\/es\/#website"},"primaryImageOfPage":{"@id":"https:\/\/www.csj-emballages.com\/es\/produit\/1-kg-de-nueces-en-grano-harlequin\/#primaryimage"},"image":{"@id":"https:\/\/www.csj-emballages.com\/es\/produit\/1-kg-de-nueces-en-grano-harlequin\/#primaryimage"},"thumbnailUrl":"https:\/\/www.csj-emballages.com\/wp-content\/uploads\/2024\/05\/cerneaux-de-noix-invalide-arlequin.webp","datePublished":"2024-05-22T09:17:37+00:00","dateModified":"2026-03-27T01:11:09+00:00","description":"Disfruta de nuestros granos de nuez con forma de arlequ\u00edn, perfectos para reposter\u00eda, ensaladas o tentempi\u00e9s saludables. M\u00e1xima calidad para un toque gourmet","breadcrumb":{"@id":"https:\/\/www.csj-emballages.com\/es\/produit\/1-kg-de-nueces-en-grano-harlequin\/#breadcrumb"},"inLanguage":"es","potentialAction":[{"@type":"ReadAction","target":["https:\/\/www.csj-emballages.com\/es\/produit\/1-kg-de-nueces-en-grano-harlequin\/"]}]},{"@type":"ImageObject","inLanguage":"es","@id":"https:\/\/www.csj-emballages.com\/es\/produit\/1-kg-de-nueces-en-grano-harlequin\/#primaryimage","url":"https:\/\/www.csj-emballages.com\/wp-content\/uploads\/2024\/05\/cerneaux-de-noix-invalide-arlequin.webp","contentUrl":"https:\/\/www.csj-emballages.com\/wp-content\/uploads\/2024\/05\/cerneaux-de-noix-invalide-arlequin.webp","width":800,"height":800,"caption":"Cerneaux de noix"},{"@type":"BreadcrumbList","@id":"https:\/\/www.csj-emballages.com\/es\/produit\/1-kg-de-nueces-en-grano-harlequin\/#breadcrumb","itemListElement":[{"@type":"ListItem","position":1,"name":"Accueil","item":"https:\/\/www.csj-emballages.com\/es\/universo-del-envasado-alimentario\/"},{"@type":"ListItem","position":2,"name":"Tienda","item":"https:\/\/www.csj-emballages.com\/tienda\/"},{"@type":"ListItem","position":3,"name":"Granos de nuez Harlequin 1kg"}]},{"@type":"WebSite","@id":"https:\/\/www.csj-emballages.com\/es\/#website","url":"https:\/\/www.csj-emballages.com\/es\/","name":"CSJ Emballages","description":"","publisher":{"@id":"https:\/\/www.csj-emballages.com\/es\/#organization"},"potentialAction":[{"@type":"SearchAction","target":{"@type":"EntryPoint","urlTemplate":"https:\/\/www.csj-emballages.com\/es\/?s={search_term_string}"},"query-input":{"@type":"PropertyValueSpecification","valueRequired":true,"valueName":"search_term_string"}}],"inLanguage":"es"},{"@type":"Organization","@id":"https:\/\/www.csj-emballages.com\/es\/#Organization\/","name":"CSJ Emballages","url":"https:\/\/www.csj-emballages.com\/es\/","logo":{"@type":"ImageObject","inLanguage":"es","@id":"https:\/\/www.csj-emballages.com\/es\/#\/schema\/logo\/image\/","url":"https:\/\/www.csj-emballages.com\/wp-content\/uploads\/2023\/10\/logo_csj.webp","contentUrl":"https:\/\/www.csj-emballages.com\/wp-content\/uploads\/2023\/10\/logo_csj.webp","width":250,"height":95,"caption":"CSJ Emballages"},"image":{"@id":"https:\/\/www.csj-emballages.com\/es\/#\/schema\/logo\/image\/"},"sameAs":["https:\/\/www.facebook.com\/csjemballages"],"address":{"@type":"PostalAddress","streetAddress":"ZI La Lechere","addressLocality":"Patornay","postalCode":"39130","addressCountry":"FR"},"contactPoint":[{"@type":"ContactPoint","contactType":"Service client","telephone":"0384254272","email":"contact@csj-emballages.com"}]}]}},"df_price":10.05,"df_sale_price":"","df_regular_price":10.05,"df_image_link":"https:\/\/www.csj-emballages.com\/wp-content\/uploads\/2024\/05\/cerneaux-de-noix-invalide-arlequin-300x300.webp","tiered_pricing_type":"fixed","tiered_pricing_fixed_rules":[],"tiered_pricing_percentage_rules":[],"tiered_pricing_minimum":1,"tiered_pricing_roles_data":[],"_links":{"self":[{"href":"https:\/\/www.csj-emballages.com\/es\/wp-json\/wp\/v2\/product\/16746","targetHints":{"allow":["GET"]}}],"collection":[{"href":"https:\/\/www.csj-emballages.com\/es\/wp-json\/wp\/v2\/product"}],"about":[{"href":"https:\/\/www.csj-emballages.com\/es\/wp-json\/wp\/v2\/types\/product"}],"wp:featuredmedia":[{"embeddable":true,"href":"https:\/\/www.csj-emballages.com\/es\/wp-json\/wp\/v2\/media\/224359"}],"wp:attachment":[{"href":"https:\/\/www.csj-emballages.com\/es\/wp-json\/wp\/v2\/media?parent=16746"}],"wp:term":[{"taxonomy":"product_brand","embeddable":true,"href":"https:\/\/www.csj-emballages.com\/es\/wp-json\/wp\/v2\/product_brand?post=16746"},{"taxonomy":"product_cat","embeddable":true,"href":"https:\/\/www.csj-emballages.com\/es\/wp-json\/wp\/v2\/product_cat?post=16746"},{"taxonomy":"product_tag","embeddable":true,"href":"https:\/\/www.csj-emballages.com\/es\/wp-json\/wp\/v2\/product_tag?post=16746"}],"curies":[{"name":"wp","href":"https:\/\/api.w.org\/{rel}","templated":true}]}}