{"id":16721,"date":"2024-05-24T10:48:37","date_gmt":"2024-05-24T08:48:37","guid":{"rendered":"https:\/\/u15jnbdpoq.preview.infomaniak.website\/produit\/5-1-lata-de-aceitunas-negras-sin-hueso\/"},"modified":"2026-03-12T16:06:58","modified_gmt":"2026-03-12T15:06:58","slug":"5-1-lata-de-aceitunas-negras-sin-hueso","status":"publish","type":"product","link":"https:\/\/www.csj-emballages.com\/es\/produit\/5-1-lata-de-aceitunas-negras-sin-hueso\/","title":{"rendered":"Aceitunas negras sin hueso en lata 5\/1"},"content":{"rendered":"<h2>Aceitunas negras<\/h2>\n<hr>\n<h3>Descubra nuestras aceitunas negras sin hueso en lata 5\/1<\/h3>\n<p><!--more--><\/p>\n<p data-start=\"222\" data-end=\"555\">Estas <strong data-start=\"226\" data-end=\"268\">aceitunas negras sin hueso en lata 5\/1<\/strong> son el tipo de producto que siempre gusta tener a mano en la cocina. Listas para usar, permiten ahorrar tiempo sin renunciar al sabor. Desde el momento en que se abren, ofrecen un color negro intenso y una textura suave, ideal para su uso inmediato.  <\/p>\n<p data-start=\"557\" data-end=\"952\">Gracias a su <strong>deshuesado<\/strong>, ya no es necesario clasificar ni volver a trabajar el producto. Puede integrarlas directamente en sus preparaciones, ya sea para adornar una <strong>pizza, enriquecer una ensalada, acompa\u00f1ar un plato caliente o complementar una salsa<\/strong>. Su sabor es equilibrado, ligeramente salado, lo que les permite adaptarse f\u00e1cilmente a numerosas recetas, sin enmascarar los dem\u00e1s ingredientes.  <\/p>\n<p data-start=\"954\" data-end=\"1286\">El formato <strong data-start=\"964\" data-end=\"971\">5\/1<\/strong> es particularmente apreciado en la restauraci\u00f3n, entre los proveedores de catering o en las cocinas colectivas. Permite trabajar en volumen manteniendo una regularidad en las preparaciones. Del mismo modo, la conservaci\u00f3n en salmuera asegura una buena duraci\u00f3n en el tiempo y una utilizaci\u00f3n progresiva sin p\u00e9rdida de calidad.  <\/p>\n<p data-start=\"1288\" data-end=\"1523\">Por otra parte, estas <strong>aceitunas negras<\/strong> aportan un toque mediterr\u00e1neo sencillo y eficaz a los platos del d\u00eda a d\u00eda. Son adecuadas tanto para recetas fr\u00edas como para platos cocinados, y su textura se mantiene agradable incluso despu\u00e9s de la cocci\u00f3n. <\/p>\n<p data-start=\"1525\" data-end=\"1733\">En resumen, este producto combina practicidad, rendimiento y polivalencia. Es una soluci\u00f3n fiable para los profesionales que buscan un ingrediente f\u00e1cil de usar, constante y adaptado a los servicios intensivos. <\/p>\n<p><!--more--><\/p>\n<div style=\"font-family: Roboto, sans-serif;\">\n<div style=\"font-family: Roboto, sans-serif;\">\n<div style=\"font-family: Roboto, sans-serif;\">\n<div style=\"font-family: Roboto, sans-serif;\">\n<div style=\"font-family: Roboto, sans-serif;\">\n<div style=\"font-family: Roboto, sans-serif;\">\n<p style=\"text-align: left;\"><strong>Ventajas :<\/strong><\/p>\n<ul>\n<li data-start=\"1761\" data-end=\"1800\"><strong>Aceitunas sin hueso<\/strong>, listas para usar<\/li>\n<li data-start=\"1803\" data-end=\"1845\"><strong>Formato 5\/1<\/strong> ideal para los profesionales<\/li>\n<li data-start=\"1848\" data-end=\"1882\">Textura suave y sabor equilibrado<\/li>\n<li data-start=\"1885\" data-end=\"1927\">Utilizaci\u00f3n polivalente: caliente o fr\u00edo<\/li>\n<li data-start=\"1930\" data-end=\"1961\">Buena conservaci\u00f3n en salmuera.<\/li>\n<\/ul>\n<\/div>\n<div style=\"font-family: Roboto, sans-serif;\"><\/div>\n<\/div>\n<\/div>\n<\/div>\n<\/div>\n<\/div>\n<p><!--more--><\/p>\n<div style=\"font-family: Roboto, sans-serif;\">\n<div style=\"font-family: Roboto, sans-serif;\">\n<div style=\"font-family: Roboto, sans-serif;\">\n<h4>Informaci\u00f3n adicional :<\/h4>\n<ul>\n<li><strong>Embalaje<\/strong>: Caja 5\/1<\/li>\n<li><strong>Dimensiones<\/strong>: 155 x 240 (\u00d8 x h en mm)<\/li>\n<li><strong>Peso neto escurrido<\/strong>: 2000 g<\/li>\n<li><strong>Tipo<\/strong>: Stoned<\/li>\n<\/ul>\n<\/div>\n<\/div>\n<\/div>\n<p>&nbsp;<\/p>\n<p><!--more--><\/p>\n<p>Aqu\u00ed encontrar\u00e1 nuestras aceitunas verdes sin hueso: <span style=\"color: #d12727;\"><a style=\"color: #d12727;\" href=\"https:\/\/www.csj-emballages.com\/es\/produit\/4-4-latas-de-aceitunas-verdes-sin-hueso\/\">180053<\/a><\/span><\/p>\n<p>&nbsp;<\/p>\n<div style=\"font-family: Roboto, sans-serif;\">\n<div style=\"font-family: Roboto, sans-serif;\">\n<div style=\"font-family: Roboto, sans-serif;\">\n<p><!--more--><\/p>\n<p><a href=\"https:\/\/www.csj-emballages.com\/es\/categorie-produit\/alimentacion-es\/alimentacion\/verduras\/\">Ver el resto de nuestra gama de conservas vegetales<\/a><\/p>\n<\/div>\n<\/div>\n<\/div>\n","protected":false},"excerpt":{"rendered":"<p>Aceitunas negras Descubra nuestras aceitunas negras sin hueso en lata 5\/1<\/p>\n","protected":false},"featured_media":260948,"template":"","meta":{"_acf_changed":false},"product_brand":[],"product_cat":[1162,1180],"product_tag":[],"class_list":{"0":"post-16721","1":"product","2":"type-product","3":"status-publish","4":"has-post-thumbnail","6":"product_cat-alimentacion-es","7":"product_cat-verduras","9":"first","10":"instock","11":"taxable","12":"shipping-taxable","13":"purchasable","14":"product-type-simple"},"acf":[],"yoast_head":"<!-- This site is optimized with the Yoast SEO Premium plugin v26.6 (Yoast SEO v26.6) - https:\/\/yoast.com\/wordpress\/plugins\/seo\/ -->\n<title>Aceitunas Negras Sin Hueso en Lata 5\/1<\/title>\n<meta name=\"description\" content=\"Aceitunas negras sin hueso en lata 5\/1, listas para usar. Formato profesional, sabor equilibrado e ideal para pizzas, ensaladas y platos preparados.\" \/>\n<meta name=\"robots\" content=\"index, follow, max-snippet:-1, max-image-preview:large, max-video-preview:-1\" \/>\n<link rel=\"canonical\" href=\"https:\/\/www.csj-emballages.com\/es\/produit\/5-1-lata-de-aceitunas-negras-sin-hueso\/\" \/>\n<meta property=\"og:locale\" content=\"es_ES\" \/>\n<meta property=\"og:type\" content=\"article\" \/>\n<meta property=\"og:title\" content=\"Aceitunas negras sin hueso en lata 5\/1\" \/>\n<meta property=\"og:description\" content=\"Aceitunas negras sin hueso en lata 5\/1, listas para usar. Formato profesional, sabor equilibrado e ideal para pizzas, ensaladas y platos preparados.\" \/>\n<meta property=\"og:url\" content=\"https:\/\/www.csj-emballages.com\/es\/produit\/5-1-lata-de-aceitunas-negras-sin-hueso\/\" \/>\n<meta property=\"og:site_name\" content=\"CSJ Emballages\" \/>\n<meta property=\"article:publisher\" content=\"https:\/\/www.facebook.com\/csjemballages\" \/>\n<meta property=\"article:modified_time\" content=\"2026-03-12T15:06:58+00:00\" \/>\n<meta property=\"og:image\" content=\"https:\/\/www.csj-emballages.com\/wp-content\/uploads\/2024\/05\/180061.webp\" \/>\n\t<meta property=\"og:image:width\" content=\"800\" \/>\n\t<meta property=\"og:image:height\" content=\"800\" \/>\n\t<meta property=\"og:image:type\" content=\"image\/webp\" \/>\n<meta name=\"twitter:card\" content=\"summary_large_image\" \/>\n<meta name=\"twitter:label1\" content=\"Tiempo de lectura\" \/>\n\t<meta name=\"twitter:data1\" content=\"2 minutos\" \/>\n<script type=\"application\/ld+json\" class=\"yoast-schema-graph\">{\"@context\":\"https:\/\/schema.org\",\"@graph\":[{\"@type\":\"WebPage\",\"@id\":\"https:\/\/www.csj-emballages.com\/es\/produit\/5-1-lata-de-aceitunas-negras-sin-hueso\/\",\"url\":\"https:\/\/www.csj-emballages.com\/es\/produit\/5-1-lata-de-aceitunas-negras-sin-hueso\/\",\"name\":\"Aceitunas Negras Sin Hueso en Lata 5\/1\",\"isPartOf\":{\"@id\":\"https:\/\/www.csj-emballages.com\/es\/#website\"},\"primaryImageOfPage\":{\"@id\":\"https:\/\/www.csj-emballages.com\/es\/produit\/5-1-lata-de-aceitunas-negras-sin-hueso\/#primaryimage\"},\"image\":{\"@id\":\"https:\/\/www.csj-emballages.com\/es\/produit\/5-1-lata-de-aceitunas-negras-sin-hueso\/#primaryimage\"},\"thumbnailUrl\":\"https:\/\/www.csj-emballages.com\/wp-content\/uploads\/2024\/05\/180061.webp\",\"datePublished\":\"2024-05-24T08:48:37+00:00\",\"dateModified\":\"2026-03-12T15:06:58+00:00\",\"description\":\"Aceitunas negras sin hueso en lata 5\/1, listas para usar. Formato profesional, sabor equilibrado e ideal para pizzas, ensaladas y platos preparados.\",\"breadcrumb\":{\"@id\":\"https:\/\/www.csj-emballages.com\/es\/produit\/5-1-lata-de-aceitunas-negras-sin-hueso\/#breadcrumb\"},\"inLanguage\":\"es\",\"potentialAction\":[{\"@type\":\"ReadAction\",\"target\":[\"https:\/\/www.csj-emballages.com\/es\/produit\/5-1-lata-de-aceitunas-negras-sin-hueso\/\"]}]},{\"@type\":\"ImageObject\",\"inLanguage\":\"es\",\"@id\":\"https:\/\/www.csj-emballages.com\/es\/produit\/5-1-lata-de-aceitunas-negras-sin-hueso\/#primaryimage\",\"url\":\"https:\/\/www.csj-emballages.com\/wp-content\/uploads\/2024\/05\/180061.webp\",\"contentUrl\":\"https:\/\/www.csj-emballages.com\/wp-content\/uploads\/2024\/05\/180061.webp\",\"width\":800,\"height\":800,\"caption\":\"Olives noires\"},{\"@type\":\"BreadcrumbList\",\"@id\":\"https:\/\/www.csj-emballages.com\/es\/produit\/5-1-lata-de-aceitunas-negras-sin-hueso\/#breadcrumb\",\"itemListElement\":[{\"@type\":\"ListItem\",\"position\":1,\"name\":\"Accueil\",\"item\":\"https:\/\/www.csj-emballages.com\/es\/universo-del-envasado-alimentario\/\"},{\"@type\":\"ListItem\",\"position\":2,\"name\":\"Tienda\",\"item\":\"https:\/\/www.csj-emballages.com\/tienda\/\"},{\"@type\":\"ListItem\",\"position\":3,\"name\":\"Aceitunas negras sin hueso en lata 5\/1\"}]},{\"@type\":\"WebSite\",\"@id\":\"https:\/\/www.csj-emballages.com\/es\/#website\",\"url\":\"https:\/\/www.csj-emballages.com\/es\/\",\"name\":\"CSJ Emballages\",\"description\":\"\",\"publisher\":{\"@id\":\"https:\/\/www.csj-emballages.com\/es\/#organization\"},\"potentialAction\":[{\"@type\":\"SearchAction\",\"target\":{\"@type\":\"EntryPoint\",\"urlTemplate\":\"https:\/\/www.csj-emballages.com\/es\/?s={search_term_string}\"},\"query-input\":{\"@type\":\"PropertyValueSpecification\",\"valueRequired\":true,\"valueName\":\"search_term_string\"}}],\"inLanguage\":\"es\"},{\"@type\":\"Organization\",\"@id\":\"https:\/\/www.csj-emballages.com\/es\/#Organization\/\",\"name\":\"CSJ Emballages\",\"url\":\"https:\/\/www.csj-emballages.com\/es\/\",\"logo\":{\"@type\":\"ImageObject\",\"inLanguage\":\"es\",\"@id\":\"https:\/\/www.csj-emballages.com\/es\/#\/schema\/logo\/image\/\",\"url\":\"https:\/\/www.csj-emballages.com\/wp-content\/uploads\/2023\/10\/logo_csj.webp\",\"contentUrl\":\"https:\/\/www.csj-emballages.com\/wp-content\/uploads\/2023\/10\/logo_csj.webp\",\"width\":250,\"height\":95,\"caption\":\"CSJ Emballages\"},\"image\":{\"@id\":\"https:\/\/www.csj-emballages.com\/es\/#\/schema\/logo\/image\/\"},\"sameAs\":[\"https:\/\/www.facebook.com\/csjemballages\"],\"address\":{\"@type\":\"PostalAddress\",\"streetAddress\":\"ZI La Lechere\",\"addressLocality\":\"Patornay\",\"postalCode\":\"39130\",\"addressCountry\":\"FR\"},\"contactPoint\":[{\"@type\":\"ContactPoint\",\"contactType\":\"Service client\",\"telephone\":\"0384254272\",\"email\":\"contact@csj-emballages.com\"}]}]}<\/script>\n<!-- \/ Yoast SEO Premium plugin. -->","yoast_head_json":{"title":"Aceitunas Negras Sin Hueso en Lata 5\/1","description":"Aceitunas negras sin hueso en lata 5\/1, listas para usar. Formato profesional, sabor equilibrado e ideal para pizzas, ensaladas y platos preparados.","robots":{"index":"index","follow":"follow","max-snippet":"max-snippet:-1","max-image-preview":"max-image-preview:large","max-video-preview":"max-video-preview:-1"},"canonical":"https:\/\/www.csj-emballages.com\/es\/produit\/5-1-lata-de-aceitunas-negras-sin-hueso\/","og_locale":"es_ES","og_type":"article","og_title":"Aceitunas negras sin hueso en lata 5\/1","og_description":"Aceitunas negras sin hueso en lata 5\/1, listas para usar. Formato profesional, sabor equilibrado e ideal para pizzas, ensaladas y platos preparados.","og_url":"https:\/\/www.csj-emballages.com\/es\/produit\/5-1-lata-de-aceitunas-negras-sin-hueso\/","og_site_name":"CSJ Emballages","article_publisher":"https:\/\/www.facebook.com\/csjemballages","article_modified_time":"2026-03-12T15:06:58+00:00","og_image":[{"width":800,"height":800,"url":"https:\/\/www.csj-emballages.com\/wp-content\/uploads\/2024\/05\/180061.webp","type":"image\/webp"}],"twitter_card":"summary_large_image","twitter_misc":{"Tiempo de lectura":"2 minutos"},"schema":{"@context":"https:\/\/schema.org","@graph":[{"@type":"WebPage","@id":"https:\/\/www.csj-emballages.com\/es\/produit\/5-1-lata-de-aceitunas-negras-sin-hueso\/","url":"https:\/\/www.csj-emballages.com\/es\/produit\/5-1-lata-de-aceitunas-negras-sin-hueso\/","name":"Aceitunas Negras Sin Hueso en Lata 5\/1","isPartOf":{"@id":"https:\/\/www.csj-emballages.com\/es\/#website"},"primaryImageOfPage":{"@id":"https:\/\/www.csj-emballages.com\/es\/produit\/5-1-lata-de-aceitunas-negras-sin-hueso\/#primaryimage"},"image":{"@id":"https:\/\/www.csj-emballages.com\/es\/produit\/5-1-lata-de-aceitunas-negras-sin-hueso\/#primaryimage"},"thumbnailUrl":"https:\/\/www.csj-emballages.com\/wp-content\/uploads\/2024\/05\/180061.webp","datePublished":"2024-05-24T08:48:37+00:00","dateModified":"2026-03-12T15:06:58+00:00","description":"Aceitunas negras sin hueso en lata 5\/1, listas para usar. Formato profesional, sabor equilibrado e ideal para pizzas, ensaladas y platos preparados.","breadcrumb":{"@id":"https:\/\/www.csj-emballages.com\/es\/produit\/5-1-lata-de-aceitunas-negras-sin-hueso\/#breadcrumb"},"inLanguage":"es","potentialAction":[{"@type":"ReadAction","target":["https:\/\/www.csj-emballages.com\/es\/produit\/5-1-lata-de-aceitunas-negras-sin-hueso\/"]}]},{"@type":"ImageObject","inLanguage":"es","@id":"https:\/\/www.csj-emballages.com\/es\/produit\/5-1-lata-de-aceitunas-negras-sin-hueso\/#primaryimage","url":"https:\/\/www.csj-emballages.com\/wp-content\/uploads\/2024\/05\/180061.webp","contentUrl":"https:\/\/www.csj-emballages.com\/wp-content\/uploads\/2024\/05\/180061.webp","width":800,"height":800,"caption":"Olives noires"},{"@type":"BreadcrumbList","@id":"https:\/\/www.csj-emballages.com\/es\/produit\/5-1-lata-de-aceitunas-negras-sin-hueso\/#breadcrumb","itemListElement":[{"@type":"ListItem","position":1,"name":"Accueil","item":"https:\/\/www.csj-emballages.com\/es\/universo-del-envasado-alimentario\/"},{"@type":"ListItem","position":2,"name":"Tienda","item":"https:\/\/www.csj-emballages.com\/tienda\/"},{"@type":"ListItem","position":3,"name":"Aceitunas negras sin hueso en lata 5\/1"}]},{"@type":"WebSite","@id":"https:\/\/www.csj-emballages.com\/es\/#website","url":"https:\/\/www.csj-emballages.com\/es\/","name":"CSJ Emballages","description":"","publisher":{"@id":"https:\/\/www.csj-emballages.com\/es\/#organization"},"potentialAction":[{"@type":"SearchAction","target":{"@type":"EntryPoint","urlTemplate":"https:\/\/www.csj-emballages.com\/es\/?s={search_term_string}"},"query-input":{"@type":"PropertyValueSpecification","valueRequired":true,"valueName":"search_term_string"}}],"inLanguage":"es"},{"@type":"Organization","@id":"https:\/\/www.csj-emballages.com\/es\/#Organization\/","name":"CSJ Emballages","url":"https:\/\/www.csj-emballages.com\/es\/","logo":{"@type":"ImageObject","inLanguage":"es","@id":"https:\/\/www.csj-emballages.com\/es\/#\/schema\/logo\/image\/","url":"https:\/\/www.csj-emballages.com\/wp-content\/uploads\/2023\/10\/logo_csj.webp","contentUrl":"https:\/\/www.csj-emballages.com\/wp-content\/uploads\/2023\/10\/logo_csj.webp","width":250,"height":95,"caption":"CSJ Emballages"},"image":{"@id":"https:\/\/www.csj-emballages.com\/es\/#\/schema\/logo\/image\/"},"sameAs":["https:\/\/www.facebook.com\/csjemballages"],"address":{"@type":"PostalAddress","streetAddress":"ZI La Lechere","addressLocality":"Patornay","postalCode":"39130","addressCountry":"FR"},"contactPoint":[{"@type":"ContactPoint","contactType":"Service client","telephone":"0384254272","email":"contact@csj-emballages.com"}]}]}},"df_price":14.99,"df_sale_price":"","df_regular_price":14.99,"df_image_link":"https:\/\/www.csj-emballages.com\/wp-content\/uploads\/2024\/05\/180061-300x300.webp","tiered_pricing_type":"fixed","tiered_pricing_fixed_rules":[],"tiered_pricing_percentage_rules":[],"tiered_pricing_minimum":1,"tiered_pricing_roles_data":[],"_links":{"self":[{"href":"https:\/\/www.csj-emballages.com\/es\/wp-json\/wp\/v2\/product\/16721","targetHints":{"allow":["GET"]}}],"collection":[{"href":"https:\/\/www.csj-emballages.com\/es\/wp-json\/wp\/v2\/product"}],"about":[{"href":"https:\/\/www.csj-emballages.com\/es\/wp-json\/wp\/v2\/types\/product"}],"wp:featuredmedia":[{"embeddable":true,"href":"https:\/\/www.csj-emballages.com\/es\/wp-json\/wp\/v2\/media\/260948"}],"wp:attachment":[{"href":"https:\/\/www.csj-emballages.com\/es\/wp-json\/wp\/v2\/media?parent=16721"}],"wp:term":[{"taxonomy":"product_brand","embeddable":true,"href":"https:\/\/www.csj-emballages.com\/es\/wp-json\/wp\/v2\/product_brand?post=16721"},{"taxonomy":"product_cat","embeddable":true,"href":"https:\/\/www.csj-emballages.com\/es\/wp-json\/wp\/v2\/product_cat?post=16721"},{"taxonomy":"product_tag","embeddable":true,"href":"https:\/\/www.csj-emballages.com\/es\/wp-json\/wp\/v2\/product_tag?post=16721"}],"curies":[{"name":"wp","href":"https:\/\/api.w.org\/{rel}","templated":true}]}}