{"id":16720,"date":"2024-05-24T10:49:29","date_gmt":"2024-05-24T08:49:29","guid":{"rendered":"https:\/\/u15jnbdpoq.preview.infomaniak.website\/produit\/5-1-lata-de-salsa-para-pizza\/"},"modified":"2026-04-21T02:10:49","modified_gmt":"2026-04-21T00:10:49","slug":"5-1-lata-de-salsa-para-pizza","status":"publish","type":"product","link":"https:\/\/www.csj-emballages.com\/es\/produit\/5-1-lata-de-salsa-para-pizza\/","title":{"rendered":"Salsa de pizza en lata 5\/1"},"content":{"rendered":"<h2>Salsa de pizza<\/h2>\n<hr>\n<h3>Descubra nuestra salsa de pizza en lata 5\/1<\/h3>\n<p><!--more--><\/p>\n<div class=\"flex flex-grow flex-col max-w-full\">\n<div class=\"min-h-[20px] text-message flex flex-col items-start whitespace-pre-wrap break-words [.text-message+&amp;]:mt-5 juice:w-full juice:items-end overflow-x-auto gap-2\" dir=\"auto\" data-message-author-role=\"assistant\" data-message-id=\"579bfb50-fb6c-479d-a152-27ab4b509f37\">\n<div class=\"flex w-full flex-col gap-1 juice:empty:hidden juice:first:pt-[3px]\">\n<div class=\"markdown prose w-full break-words dark:prose-invert light\">\n<div class=\"flex-1 overflow-hidden\">\n<div class=\"react-scroll-to-bottom--css-ygaxm-79elbk h-full\">\n<div class=\"react-scroll-to-bottom--css-ygaxm-1n7m0yu\">\n<div class=\"flex flex-col text-sm\">\n<div class=\"w-full text-token-text-primary\" dir=\"auto\" data-testid=\"conversation-turn-3\" data-scroll-anchor=\"true\">\n<div class=\"py-2 juice:py-[18px] px-3 text-base md:px-4 m-auto md:px-5 lg:px-1 xl:px-5\">\n<div class=\"mx-auto flex flex-1 gap-3 text-base juice:gap-4 juice:md:gap-5 juice:lg:gap-6 md:max-w-3xl lg:max-w-[40rem] xl:max-w-[48rem]\">\n<div class=\"group\/conversation-turn relative flex w-full min-w-0 flex-col agent-turn\">\n<div class=\"flex-col gap-1 md:gap-3\">\n<div class=\"flex flex-grow flex-col max-w-full\">\n<div class=\"min-h-[20px] text-message flex flex-col items-start whitespace-pre-wrap break-words [.text-message+&amp;]:mt-5 juice:w-full juice:items-end overflow-x-auto gap-2\" dir=\"auto\" data-message-author-role=\"assistant\" data-message-id=\"cc8c8b89-e7cc-4334-9633-5926bce5a78c\">\n<div class=\"flex w-full flex-col gap-1 juice:empty:hidden juice:first:pt-[3px]\">\n<div class=\"markdown prose w-full break-words dark:prose-invert light\">\n<p data-start=\"225\" data-end=\"613\">Cuando el servicio se acelera, necesita una salsa en la que pueda confiar con los ojos cerrados. Esta <strong data-start=\"339\" data-end=\"367\">salsa de pizza en lata 5\/1<\/strong> est\u00e1 precisamente dise\u00f1ada para acompa\u00f1ar el ritmo de las cocinas profesionales. Desde el momento en que se abre, revela una <strong>base de tomate bien trabajada<\/strong>, con una <strong>textura lisa<\/strong> y <strong>homog\u00e9nea<\/strong> que se extiende f\u00e1cilmente sobre la masa, sin gotear ni sobrecargar la pizza.  <\/p>\n<p data-start=\"615\" data-end=\"1022\">Su sabor sigue siendo equilibrado: lo suficientemente marcado como para aportar car\u00e1cter, pero lo suficientemente neutro como para adaptarse a todas las recetas. Tanto si prepara una <strong>margherita cl\u00e1sica<\/strong>, una <strong>pizza<\/strong> bien cubierta o una receta m\u00e1s creativa, esta <strong>salsa<\/strong> sirve de base fiable y regular. Soporta perfectamente la cocci\u00f3n y conserva su <strong>color rojo<\/strong> intenso en el horno, lo que da un aspecto apetitoso nada m\u00e1s sacarla.  <\/p>\n<p data-start=\"1024\" data-end=\"1371\">Gracias a su gran formato <strong data-start=\"1049\" data-end=\"1056\">5\/1<\/strong>, se integra de forma natural en la organizaci\u00f3n de <strong>pizzer\u00edas, restaurantes, snacks o food-trucks<\/strong>. Ahorra tiempo al evitar los m\u00faltiples envases peque\u00f1os, a la vez que controla sus costes. Del mismo modo, la lata met\u00e1lica garantiza una buena conservaci\u00f3n del producto y un uso progresivo sin p\u00e9rdidas.  <\/p>\n<p data-start=\"1373\" data-end=\"1695\">En el d\u00eda a d\u00eda, esta <strong>salsa<\/strong> simplifica el trabajo en la cocina. Se dosifica f\u00e1cilmente, se mezcla bien con hierbas o especias si desea personalizarla, y garantiza una regularidad de una <strong>pizza<\/strong> a otra. Es una base eficaz, pensada para quienes quieren ir r\u00e1pido sin dejar de ser constantes en la calidad.  <\/p>\n<p data-start=\"1697\" data-end=\"1836\">En resumen, esta <strong>salsa de pizza<\/strong> no est\u00e1 ah\u00ed para complicar las cosas, sino para ayudarle a producir r\u00e1pido, bien y sin sorpresas.<\/p>\n<\/div>\n<div><!--more--><\/div>\n<h4 class=\"markdown prose w-full break-words dark:prose-invert light\">Ventajas :<\/h4>\n<\/div>\n<\/div>\n<\/div>\n<\/div>\n<\/div>\n<\/div>\n<\/div>\n<\/div>\n<\/div>\n<\/div>\n<\/div>\n<\/div>\n<ul>\n<li data-start=\"1864\" data-end=\"1908\">Textura ideal para una aplicaci\u00f3n r\u00e1pida.<\/li>\n<li data-start=\"1911\" data-end=\"1941\"><strong>Sabor equilibrado<\/strong> y vers\u00e1til.<\/li>\n<li data-start=\"1944\" data-end=\"1970\">Buena resistencia al horneado.<\/li>\n<li data-start=\"1973\" data-end=\"2008\"><strong>Formato 5\/1<\/strong> econ\u00f3mico y pr\u00e1ctico.<\/li>\n<li data-start=\"2011\" data-end=\"2041\">Adecuada para usos intensivos.<\/li>\n<\/ul>\n<\/div>\n<\/div>\n<p>&nbsp;<\/p>\n<div class=\"flex w-full flex-col gap-1 juice:empty:hidden juice:first:pt-[3px]\">\n<div class=\"markdown prose w-full break-words dark:prose-invert light\">\n<p><!--more--><\/p>\n<p><strong>Informaci\u00f3n adicional :<\/strong><\/p>\n<ul>\n<li><strong>Embalaje<\/strong>: Caja 5\/1<\/li>\n<li><b>Tasa de concentraci\u00f3n<\/b>: 10-12 brix<\/li>\n<li><strong>Capacidad<\/strong>: 4250 ml<\/li>\n<\/ul>\n<\/div>\n<\/div>\n<\/div>\n<\/div>\n<p>&nbsp;<\/p>\n<p><!--more--><\/p>\n<div class=\"flex flex-grow flex-col max-w-full\">\n<div class=\"min-h-[20px] text-message flex flex-col items-start whitespace-pre-wrap break-words [.text-message+&amp;]:mt-5 juice:w-full juice:items-end overflow-x-auto gap-2\" dir=\"auto\" data-message-author-role=\"assistant\" data-message-id=\"579bfb50-fb6c-479d-a152-27ab4b509f37\">\n<div class=\"flex w-full flex-col gap-1 juice:empty:hidden juice:first:pt-[3px]\">\n<div class=\"markdown prose w-full break-words dark:prose-invert light\">\n<p>Descubre nuestro <span style=\"color: #d12727;\"><br \/>\n  <a style=\"color: #d12727;\" href=\"https:\/\/www.csj-emballages.com\/produit\/boite-4-4-de-double-concentre-de-tomate-28-brix\/\">Doble Concentrado de Tomate<\/a><br \/>\n<\/span><\/p>\n<p>&nbsp;<\/p>\n<\/div>\n<\/div>\n<\/div>\n<\/div>\n<p><!--more--><\/p>\n<p><a href=\"https:\/\/u15jnbdpoq.preview.infomaniak.website\/categorie-produit\/alimentation\/aliments\/sauce-tomate\/\">Ver el resto de nuestra gama de salsa de tomate<\/a><\/p>\n","protected":false},"excerpt":{"rendered":"<p>Salsa de pizza Descubra nuestra salsa de pizza en lata 5\/1<\/p>\n","protected":false},"featured_media":260713,"template":"","meta":{"_acf_changed":false},"product_brand":[],"product_cat":[1162,3675],"product_tag":[],"class_list":{"0":"post-16720","1":"product","2":"type-product","3":"status-publish","4":"has-post-thumbnail","6":"product_cat-alimentacion-es","7":"product_cat-salsa-de-tomate","9":"first","10":"instock","11":"taxable","12":"shipping-taxable","13":"purchasable","14":"product-type-simple"},"acf":[],"yoast_head":"<!-- This site is optimized with the Yoast SEO Premium plugin v26.6 (Yoast SEO v26.6) - https:\/\/yoast.com\/wordpress\/plugins\/seo\/ -->\n<title>Salsa de pizza en lata 5\/1<\/title>\n<meta name=\"description\" content=\"Salsa de pizza en lata 5\/1, textura lisa y sabor equilibrado. Ideal para pizzer\u00edas y cocinas profesionales, f\u00e1cil de dosificar y perfecta para hornear.\" \/>\n<meta name=\"robots\" content=\"index, follow, max-snippet:-1, max-image-preview:large, max-video-preview:-1\" \/>\n<link rel=\"canonical\" href=\"https:\/\/www.csj-emballages.com\/es\/produit\/5-1-lata-de-salsa-para-pizza\/\" \/>\n<meta property=\"og:locale\" content=\"es_ES\" \/>\n<meta property=\"og:type\" content=\"article\" \/>\n<meta property=\"og:title\" content=\"Salsa de pizza en lata 5\/1\" \/>\n<meta property=\"og:description\" content=\"Salsa de pizza en lata 5\/1, textura lisa y sabor equilibrado. Ideal para pizzer\u00edas y cocinas profesionales, f\u00e1cil de dosificar y perfecta para hornear.\" \/>\n<meta property=\"og:url\" content=\"https:\/\/www.csj-emballages.com\/es\/produit\/5-1-lata-de-salsa-para-pizza\/\" \/>\n<meta property=\"og:site_name\" content=\"CSJ Emballages\" \/>\n<meta property=\"article:publisher\" content=\"https:\/\/www.facebook.com\/csjemballages\" \/>\n<meta property=\"article:modified_time\" content=\"2026-04-21T00:10:49+00:00\" \/>\n<meta property=\"og:image\" content=\"https:\/\/www.csj-emballages.com\/wp-content\/uploads\/2024\/05\/270010.webp\" \/>\n\t<meta property=\"og:image:width\" content=\"800\" \/>\n\t<meta property=\"og:image:height\" content=\"800\" \/>\n\t<meta property=\"og:image:type\" content=\"image\/webp\" \/>\n<meta name=\"twitter:card\" content=\"summary_large_image\" \/>\n<meta name=\"twitter:label1\" content=\"Tiempo de lectura\" \/>\n\t<meta name=\"twitter:data1\" content=\"2 minutos\" \/>\n<script type=\"application\/ld+json\" class=\"yoast-schema-graph\">{\"@context\":\"https:\/\/schema.org\",\"@graph\":[{\"@type\":\"WebPage\",\"@id\":\"https:\/\/www.csj-emballages.com\/es\/produit\/5-1-lata-de-salsa-para-pizza\/\",\"url\":\"https:\/\/www.csj-emballages.com\/es\/produit\/5-1-lata-de-salsa-para-pizza\/\",\"name\":\"Salsa de pizza en lata 5\/1\",\"isPartOf\":{\"@id\":\"https:\/\/www.csj-emballages.com\/es\/#website\"},\"primaryImageOfPage\":{\"@id\":\"https:\/\/www.csj-emballages.com\/es\/produit\/5-1-lata-de-salsa-para-pizza\/#primaryimage\"},\"image\":{\"@id\":\"https:\/\/www.csj-emballages.com\/es\/produit\/5-1-lata-de-salsa-para-pizza\/#primaryimage\"},\"thumbnailUrl\":\"https:\/\/www.csj-emballages.com\/wp-content\/uploads\/2024\/05\/270010.webp\",\"datePublished\":\"2024-05-24T08:49:29+00:00\",\"dateModified\":\"2026-04-21T00:10:49+00:00\",\"description\":\"Salsa de pizza en lata 5\/1, textura lisa y sabor equilibrado. Ideal para pizzer\u00edas y cocinas profesionales, f\u00e1cil de dosificar y perfecta para hornear.\",\"breadcrumb\":{\"@id\":\"https:\/\/www.csj-emballages.com\/es\/produit\/5-1-lata-de-salsa-para-pizza\/#breadcrumb\"},\"inLanguage\":\"es\",\"potentialAction\":[{\"@type\":\"ReadAction\",\"target\":[\"https:\/\/www.csj-emballages.com\/es\/produit\/5-1-lata-de-salsa-para-pizza\/\"]}]},{\"@type\":\"ImageObject\",\"inLanguage\":\"es\",\"@id\":\"https:\/\/www.csj-emballages.com\/es\/produit\/5-1-lata-de-salsa-para-pizza\/#primaryimage\",\"url\":\"https:\/\/www.csj-emballages.com\/wp-content\/uploads\/2024\/05\/270010.webp\",\"contentUrl\":\"https:\/\/www.csj-emballages.com\/wp-content\/uploads\/2024\/05\/270010.webp\",\"width\":800,\"height\":800,\"caption\":\"Sauce pizza\"},{\"@type\":\"BreadcrumbList\",\"@id\":\"https:\/\/www.csj-emballages.com\/es\/produit\/5-1-lata-de-salsa-para-pizza\/#breadcrumb\",\"itemListElement\":[{\"@type\":\"ListItem\",\"position\":1,\"name\":\"Accueil\",\"item\":\"https:\/\/www.csj-emballages.com\/es\/universo-del-envasado-alimentario\/\"},{\"@type\":\"ListItem\",\"position\":2,\"name\":\"Tienda\",\"item\":\"https:\/\/www.csj-emballages.com\/tienda\/\"},{\"@type\":\"ListItem\",\"position\":3,\"name\":\"Salsa de pizza en lata 5\/1\"}]},{\"@type\":\"WebSite\",\"@id\":\"https:\/\/www.csj-emballages.com\/es\/#website\",\"url\":\"https:\/\/www.csj-emballages.com\/es\/\",\"name\":\"CSJ Emballages\",\"description\":\"\",\"publisher\":{\"@id\":\"https:\/\/www.csj-emballages.com\/es\/#organization\"},\"potentialAction\":[{\"@type\":\"SearchAction\",\"target\":{\"@type\":\"EntryPoint\",\"urlTemplate\":\"https:\/\/www.csj-emballages.com\/es\/?s={search_term_string}\"},\"query-input\":{\"@type\":\"PropertyValueSpecification\",\"valueRequired\":true,\"valueName\":\"search_term_string\"}}],\"inLanguage\":\"es\"},{\"@type\":\"Organization\",\"@id\":\"https:\/\/www.csj-emballages.com\/es\/#Organization\/\",\"name\":\"CSJ Emballages\",\"url\":\"https:\/\/www.csj-emballages.com\/es\/\",\"logo\":{\"@type\":\"ImageObject\",\"inLanguage\":\"es\",\"@id\":\"https:\/\/www.csj-emballages.com\/es\/#\/schema\/logo\/image\/\",\"url\":\"https:\/\/www.csj-emballages.com\/wp-content\/uploads\/2023\/10\/logo_csj.webp\",\"contentUrl\":\"https:\/\/www.csj-emballages.com\/wp-content\/uploads\/2023\/10\/logo_csj.webp\",\"width\":250,\"height\":95,\"caption\":\"CSJ Emballages\"},\"image\":{\"@id\":\"https:\/\/www.csj-emballages.com\/es\/#\/schema\/logo\/image\/\"},\"sameAs\":[\"https:\/\/www.facebook.com\/csjemballages\"],\"address\":{\"@type\":\"PostalAddress\",\"streetAddress\":\"ZI La Lechere\",\"addressLocality\":\"Patornay\",\"postalCode\":\"39130\",\"addressCountry\":\"FR\"},\"contactPoint\":[{\"@type\":\"ContactPoint\",\"contactType\":\"Service client\",\"telephone\":\"0384254272\",\"email\":\"contact@csj-emballages.com\"}]}]}<\/script>\n<!-- \/ Yoast SEO Premium plugin. -->","yoast_head_json":{"title":"Salsa de pizza en lata 5\/1","description":"Salsa de pizza en lata 5\/1, textura lisa y sabor equilibrado. Ideal para pizzer\u00edas y cocinas profesionales, f\u00e1cil de dosificar y perfecta para hornear.","robots":{"index":"index","follow":"follow","max-snippet":"max-snippet:-1","max-image-preview":"max-image-preview:large","max-video-preview":"max-video-preview:-1"},"canonical":"https:\/\/www.csj-emballages.com\/es\/produit\/5-1-lata-de-salsa-para-pizza\/","og_locale":"es_ES","og_type":"article","og_title":"Salsa de pizza en lata 5\/1","og_description":"Salsa de pizza en lata 5\/1, textura lisa y sabor equilibrado. Ideal para pizzer\u00edas y cocinas profesionales, f\u00e1cil de dosificar y perfecta para hornear.","og_url":"https:\/\/www.csj-emballages.com\/es\/produit\/5-1-lata-de-salsa-para-pizza\/","og_site_name":"CSJ Emballages","article_publisher":"https:\/\/www.facebook.com\/csjemballages","article_modified_time":"2026-04-21T00:10:49+00:00","og_image":[{"width":800,"height":800,"url":"https:\/\/www.csj-emballages.com\/wp-content\/uploads\/2024\/05\/270010.webp","type":"image\/webp"}],"twitter_card":"summary_large_image","twitter_misc":{"Tiempo de lectura":"2 minutos"},"schema":{"@context":"https:\/\/schema.org","@graph":[{"@type":"WebPage","@id":"https:\/\/www.csj-emballages.com\/es\/produit\/5-1-lata-de-salsa-para-pizza\/","url":"https:\/\/www.csj-emballages.com\/es\/produit\/5-1-lata-de-salsa-para-pizza\/","name":"Salsa de pizza en lata 5\/1","isPartOf":{"@id":"https:\/\/www.csj-emballages.com\/es\/#website"},"primaryImageOfPage":{"@id":"https:\/\/www.csj-emballages.com\/es\/produit\/5-1-lata-de-salsa-para-pizza\/#primaryimage"},"image":{"@id":"https:\/\/www.csj-emballages.com\/es\/produit\/5-1-lata-de-salsa-para-pizza\/#primaryimage"},"thumbnailUrl":"https:\/\/www.csj-emballages.com\/wp-content\/uploads\/2024\/05\/270010.webp","datePublished":"2024-05-24T08:49:29+00:00","dateModified":"2026-04-21T00:10:49+00:00","description":"Salsa de pizza en lata 5\/1, textura lisa y sabor equilibrado. Ideal para pizzer\u00edas y cocinas profesionales, f\u00e1cil de dosificar y perfecta para hornear.","breadcrumb":{"@id":"https:\/\/www.csj-emballages.com\/es\/produit\/5-1-lata-de-salsa-para-pizza\/#breadcrumb"},"inLanguage":"es","potentialAction":[{"@type":"ReadAction","target":["https:\/\/www.csj-emballages.com\/es\/produit\/5-1-lata-de-salsa-para-pizza\/"]}]},{"@type":"ImageObject","inLanguage":"es","@id":"https:\/\/www.csj-emballages.com\/es\/produit\/5-1-lata-de-salsa-para-pizza\/#primaryimage","url":"https:\/\/www.csj-emballages.com\/wp-content\/uploads\/2024\/05\/270010.webp","contentUrl":"https:\/\/www.csj-emballages.com\/wp-content\/uploads\/2024\/05\/270010.webp","width":800,"height":800,"caption":"Sauce pizza"},{"@type":"BreadcrumbList","@id":"https:\/\/www.csj-emballages.com\/es\/produit\/5-1-lata-de-salsa-para-pizza\/#breadcrumb","itemListElement":[{"@type":"ListItem","position":1,"name":"Accueil","item":"https:\/\/www.csj-emballages.com\/es\/universo-del-envasado-alimentario\/"},{"@type":"ListItem","position":2,"name":"Tienda","item":"https:\/\/www.csj-emballages.com\/tienda\/"},{"@type":"ListItem","position":3,"name":"Salsa de pizza en lata 5\/1"}]},{"@type":"WebSite","@id":"https:\/\/www.csj-emballages.com\/es\/#website","url":"https:\/\/www.csj-emballages.com\/es\/","name":"CSJ Emballages","description":"","publisher":{"@id":"https:\/\/www.csj-emballages.com\/es\/#organization"},"potentialAction":[{"@type":"SearchAction","target":{"@type":"EntryPoint","urlTemplate":"https:\/\/www.csj-emballages.com\/es\/?s={search_term_string}"},"query-input":{"@type":"PropertyValueSpecification","valueRequired":true,"valueName":"search_term_string"}}],"inLanguage":"es"},{"@type":"Organization","@id":"https:\/\/www.csj-emballages.com\/es\/#Organization\/","name":"CSJ Emballages","url":"https:\/\/www.csj-emballages.com\/es\/","logo":{"@type":"ImageObject","inLanguage":"es","@id":"https:\/\/www.csj-emballages.com\/es\/#\/schema\/logo\/image\/","url":"https:\/\/www.csj-emballages.com\/wp-content\/uploads\/2023\/10\/logo_csj.webp","contentUrl":"https:\/\/www.csj-emballages.com\/wp-content\/uploads\/2023\/10\/logo_csj.webp","width":250,"height":95,"caption":"CSJ Emballages"},"image":{"@id":"https:\/\/www.csj-emballages.com\/es\/#\/schema\/logo\/image\/"},"sameAs":["https:\/\/www.facebook.com\/csjemballages"],"address":{"@type":"PostalAddress","streetAddress":"ZI La Lechere","addressLocality":"Patornay","postalCode":"39130","addressCountry":"FR"},"contactPoint":[{"@type":"ContactPoint","contactType":"Service client","telephone":"0384254272","email":"contact@csj-emballages.com"}]}]}},"df_price":8.93,"df_sale_price":"","df_regular_price":8.93,"df_image_link":"https:\/\/www.csj-emballages.com\/wp-content\/uploads\/2024\/05\/270010-300x300.webp","tiered_pricing_type":"fixed","tiered_pricing_fixed_rules":[],"tiered_pricing_percentage_rules":[],"tiered_pricing_minimum":1,"tiered_pricing_roles_data":[],"_links":{"self":[{"href":"https:\/\/www.csj-emballages.com\/es\/wp-json\/wp\/v2\/product\/16720","targetHints":{"allow":["GET"]}}],"collection":[{"href":"https:\/\/www.csj-emballages.com\/es\/wp-json\/wp\/v2\/product"}],"about":[{"href":"https:\/\/www.csj-emballages.com\/es\/wp-json\/wp\/v2\/types\/product"}],"wp:featuredmedia":[{"embeddable":true,"href":"https:\/\/www.csj-emballages.com\/es\/wp-json\/wp\/v2\/media\/260713"}],"wp:attachment":[{"href":"https:\/\/www.csj-emballages.com\/es\/wp-json\/wp\/v2\/media?parent=16720"}],"wp:term":[{"taxonomy":"product_brand","embeddable":true,"href":"https:\/\/www.csj-emballages.com\/es\/wp-json\/wp\/v2\/product_brand?post=16720"},{"taxonomy":"product_cat","embeddable":true,"href":"https:\/\/www.csj-emballages.com\/es\/wp-json\/wp\/v2\/product_cat?post=16720"},{"taxonomy":"product_tag","embeddable":true,"href":"https:\/\/www.csj-emballages.com\/es\/wp-json\/wp\/v2\/product_tag?post=16720"}],"curies":[{"name":"wp","href":"https:\/\/api.w.org\/{rel}","templated":true}]}}