{"id":16717,"date":"2024-05-24T10:49:28","date_gmt":"2024-05-24T08:49:28","guid":{"rendered":"https:\/\/u15jnbdpoq.preview.infomaniak.website\/produit\/4-4-lata-de-doble-concentrado-de-tomate-28-brix\/"},"modified":"2026-03-12T16:08:02","modified_gmt":"2026-03-12T15:08:02","slug":"4-4-lata-de-doble-concentrado-de-tomate-28-brix","status":"publish","type":"product","link":"https:\/\/www.csj-emballages.com\/es\/produit\/4-4-lata-de-doble-concentrado-de-tomate-28-brix\/","title":{"rendered":"Doble concentrado de tomate 28 brix en lata 4\/4"},"content":{"rendered":"<h2>Doble concentrado de tomate<\/h2>\n<hr>\n<h3>Descubra nuestro doble concentrado de tomate 28 brix en lata 4\/4<\/h3>\n<p><!--more--><\/p>\n<div class=\"flex flex-grow flex-col max-w-full\">\n<div class=\"min-h-[20px] text-message flex flex-col items-start whitespace-pre-wrap break-words [.text-message+&amp;]:mt-5 juice:w-full juice:items-end overflow-x-auto gap-2\" dir=\"auto\" data-message-author-role=\"assistant\" data-message-id=\"579bfb50-fb6c-479d-a152-27ab4b509f37\">\n<div class=\"flex w-full flex-col gap-1 juice:empty:hidden juice:first:pt-[3px]\">\n<div class=\"markdown prose w-full break-words dark:prose-invert light\">\n<p data-start=\"301\" data-end=\"673\">Cuando se busca una <strong>base de tomate<\/strong> eficaz, potente y fiable, este <strong data-start=\"368\" data-end=\"407\">doble concentrado de tomate 28 Brix<\/strong> cumple claramente todos los requisitos. Su textura densa y su color rojo intenso anuncian de inmediato lo que hay: aqu\u00ed, el <strong>tomate<\/strong> est\u00e1 muy presente, con sabor y car\u00e1cter. Basta con una peque\u00f1a cantidad para aportar profundidad e intensidad a sus preparaciones.  <\/p>\n<p data-start=\"675\" data-end=\"1092\">Gracias a su <strong>alto nivel de concentraci\u00f3n<\/strong>, este concentrado permite reforzar f\u00e1cilmente salsas, fondos, coulis o guisos. Se diluye r\u00e1pidamente, se trabaja sin esfuerzo y se integra perfectamente en numerosas recetas, ya se trate de cocina tradicional, de platos en grandes cantidades o de preparaciones profesionales. Ahorrar\u00e1 tiempo manteniendo una regularidad de sabor en cada servicio.  <\/p>\n<p data-start=\"1094\" data-end=\"1387\">Acondicionado en <strong data-start=\"1109\" data-end=\"1122\">lata 4\/4<\/strong>, este formato es ideal para restaurantes, empresas de catering, colectividades o cocinas centrales. Limita las manipulaciones repetidas y permite gestionar los vol\u00famenes sin desperdicio. Asimismo, su conservaci\u00f3n de larga duraci\u00f3n facilita el almacenamiento y la organizaci\u00f3n en la cocina.  <\/p>\n<p data-start=\"1389\" data-end=\"1707\">Ya sea para realzar una <strong>salsa de tomate<\/strong>, enriquecer una <strong>base de pizza, dar cuerpo a un guiso o ajustar una receta en el \u00faltimo minuto<\/strong>, este <strong>doble concentrado de tomate<\/strong> se convierte r\u00e1pidamente en un indispensable. Ofrece una soluci\u00f3n sencilla, eficaz y constante para todas las cocinas que trabajan al ritmo del servicio. <\/p>\n<p data-start=\"1709\" data-end=\"1861\">En resumen, es un producto pr\u00e1ctico, concentrado y polivalente, pensado para quienes desean sabor, regularidad y una verdadera eficacia en la cocina.<\/p>\n<\/div>\n<\/div>\n<p data-start=\"1709\" data-end=\"1861\">\n<div class=\"flex w-full flex-col gap-1 juice:empty:hidden juice:first:pt-[3px]\">\n<div class=\"markdown prose w-full break-words dark:prose-invert light\">\n<p><!--more--><\/p>\n<h4><strong>Ventajas :  <\/strong><\/h4>\n<ul>\n<li data-start=\"121\" data-end=\"175\"><strong>Concentraci\u00f3n elevada a 28 Brix<\/strong> para un sabor intenso.<\/li>\n<li data-start=\"178\" data-end=\"227\">Textura espesa f\u00e1cil de dosificar y de trabajar.<\/li>\n<li data-start=\"230\" data-end=\"293\">Ideal para <strong>salsas, pizzas, guisos y bases culinarias<\/strong>.<\/li>\n<li data-start=\"296\" data-end=\"342\"><strong>Formato 4\/4<\/strong> adaptado a los usos profesionales.<\/li>\n<li data-start=\"345\" data-end=\"400\">Conservaci\u00f3n de larga duraci\u00f3n, pr\u00e1ctica para el almacenamiento.<\/li>\n<li data-start=\"403\" data-end=\"478\">Permite ahorrar tiempo en la cocina manteniendo una calidad constante.<\/li>\n<\/ul>\n<\/div>\n<\/div>\n<\/div>\n<p>&nbsp;<\/p>\n<div class=\"min-h-[20px] text-message flex flex-col items-start whitespace-pre-wrap break-words [.text-message+&amp;]:mt-5 juice:w-full juice:items-end overflow-x-auto gap-2\" dir=\"auto\" data-message-author-role=\"assistant\" data-message-id=\"579bfb50-fb6c-479d-a152-27ab4b509f37\">\n<div class=\"flex w-full flex-col gap-1 juice:empty:hidden juice:first:pt-[3px]\">\n<div class=\"markdown prose w-full break-words dark:prose-invert light\">\n<p><!--more--><\/p>\n<h4><strong>Informaci\u00f3n adicional :<\/strong><\/h4>\n<ul>\n<li><strong>Embalaje<\/strong>: Caja 4\/4<\/li>\n<li><b>Nivel de concentraci\u00f3n <\/b>: 28 brix<\/li>\n<li><strong>Capacidad<\/strong>: 850 ml<\/li>\n<\/ul>\n<p>&nbsp;<\/p>\n<\/div>\n<\/div>\n<\/div>\n<\/div>\n<p><!--more--><\/p>\n<p>Descubre nuestra <span style=\"color: #d12727;\"><br \/>\n  <a style=\"color: #d12727;\" href=\"https:\/\/www.csj-emballages.com\/produit\/boite-5-1-de-sauce-pizza\/\">salsa para pizza<\/a><br \/>\n<\/span><\/p>\n<p>&nbsp;<\/p>\n<p><!--more--><\/p>\n<p><a href=\"https:\/\/u15jnbdpoq.preview.infomaniak.website\/categorie-produit\/alimentation\/aliments\/sauce-tomate\/\">Ver el resto de nuestra gama de salsa de tomate<\/a><\/p>\n","protected":false},"excerpt":{"rendered":"<p>Doble concentrado de tomate Descubra nuestro doble concentrado de tomate 28 brix en lata 4\/4<\/p>\n","protected":false},"featured_media":260692,"template":"","meta":{"_acf_changed":false},"product_brand":[],"product_cat":[1162,1189,3675],"product_tag":[],"class_list":{"0":"post-16717","1":"product","2":"type-product","3":"status-publish","4":"has-post-thumbnail","6":"product_cat-alimentacion-es","7":"product_cat-alimentacion","8":"product_cat-salsa-de-tomate","10":"first","11":"instock","12":"taxable","13":"shipping-taxable","14":"purchasable","15":"product-type-simple"},"acf":[],"yoast_head":"<!-- This site is optimized with the Yoast SEO Premium plugin v26.6 (Yoast SEO v26.6) - https:\/\/yoast.com\/wordpress\/plugins\/seo\/ -->\n<title>Doble Concentrado de Tomate 28 Brix en Lata 4\/4<\/title>\n<meta name=\"description\" content=\"Doble concentrado de tomate 28 Brix en lata 4\/4. Sabor intenso, textura espesa y formato profesional, ideal para salsas, pizzas y guisos.\" \/>\n<meta name=\"robots\" content=\"index, follow, max-snippet:-1, max-image-preview:large, max-video-preview:-1\" \/>\n<link rel=\"canonical\" href=\"https:\/\/www.csj-emballages.com\/es\/produit\/4-4-lata-de-doble-concentrado-de-tomate-28-brix\/\" \/>\n<meta property=\"og:locale\" content=\"es_ES\" \/>\n<meta property=\"og:type\" content=\"article\" \/>\n<meta property=\"og:title\" content=\"Doble concentrado de tomate 28 brix en lata 4\/4\" \/>\n<meta property=\"og:description\" content=\"Doble concentrado de tomate 28 Brix en lata 4\/4. Sabor intenso, textura espesa y formato profesional, ideal para salsas, pizzas y guisos.\" \/>\n<meta property=\"og:url\" content=\"https:\/\/www.csj-emballages.com\/es\/produit\/4-4-lata-de-doble-concentrado-de-tomate-28-brix\/\" \/>\n<meta property=\"og:site_name\" content=\"CSJ Emballages\" \/>\n<meta property=\"article:publisher\" content=\"https:\/\/www.facebook.com\/csjemballages\" \/>\n<meta property=\"article:modified_time\" content=\"2026-03-12T15:08:02+00:00\" \/>\n<meta property=\"og:image\" content=\"https:\/\/www.csj-emballages.com\/wp-content\/uploads\/2024\/05\/270008.webp\" \/>\n\t<meta property=\"og:image:width\" content=\"800\" \/>\n\t<meta property=\"og:image:height\" content=\"800\" \/>\n\t<meta property=\"og:image:type\" content=\"image\/webp\" \/>\n<meta name=\"twitter:card\" content=\"summary_large_image\" \/>\n<meta name=\"twitter:label1\" content=\"Tiempo de lectura\" \/>\n\t<meta name=\"twitter:data1\" content=\"2 minutos\" \/>\n<script type=\"application\/ld+json\" class=\"yoast-schema-graph\">{\"@context\":\"https:\/\/schema.org\",\"@graph\":[{\"@type\":\"WebPage\",\"@id\":\"https:\/\/www.csj-emballages.com\/es\/produit\/4-4-lata-de-doble-concentrado-de-tomate-28-brix\/\",\"url\":\"https:\/\/www.csj-emballages.com\/es\/produit\/4-4-lata-de-doble-concentrado-de-tomate-28-brix\/\",\"name\":\"Doble Concentrado de Tomate 28 Brix en Lata 4\/4\",\"isPartOf\":{\"@id\":\"https:\/\/www.csj-emballages.com\/es\/#website\"},\"primaryImageOfPage\":{\"@id\":\"https:\/\/www.csj-emballages.com\/es\/produit\/4-4-lata-de-doble-concentrado-de-tomate-28-brix\/#primaryimage\"},\"image\":{\"@id\":\"https:\/\/www.csj-emballages.com\/es\/produit\/4-4-lata-de-doble-concentrado-de-tomate-28-brix\/#primaryimage\"},\"thumbnailUrl\":\"https:\/\/www.csj-emballages.com\/wp-content\/uploads\/2024\/05\/270008.webp\",\"datePublished\":\"2024-05-24T08:49:28+00:00\",\"dateModified\":\"2026-03-12T15:08:02+00:00\",\"description\":\"Doble concentrado de tomate 28 Brix en lata 4\/4. Sabor intenso, textura espesa y formato profesional, ideal para salsas, pizzas y guisos.\",\"breadcrumb\":{\"@id\":\"https:\/\/www.csj-emballages.com\/es\/produit\/4-4-lata-de-doble-concentrado-de-tomate-28-brix\/#breadcrumb\"},\"inLanguage\":\"es\",\"potentialAction\":[{\"@type\":\"ReadAction\",\"target\":[\"https:\/\/www.csj-emballages.com\/es\/produit\/4-4-lata-de-doble-concentrado-de-tomate-28-brix\/\"]}]},{\"@type\":\"ImageObject\",\"inLanguage\":\"es\",\"@id\":\"https:\/\/www.csj-emballages.com\/es\/produit\/4-4-lata-de-doble-concentrado-de-tomate-28-brix\/#primaryimage\",\"url\":\"https:\/\/www.csj-emballages.com\/wp-content\/uploads\/2024\/05\/270008.webp\",\"contentUrl\":\"https:\/\/www.csj-emballages.com\/wp-content\/uploads\/2024\/05\/270008.webp\",\"width\":800,\"height\":800,\"caption\":\"Double concentr\u00e9 de tomates\"},{\"@type\":\"BreadcrumbList\",\"@id\":\"https:\/\/www.csj-emballages.com\/es\/produit\/4-4-lata-de-doble-concentrado-de-tomate-28-brix\/#breadcrumb\",\"itemListElement\":[{\"@type\":\"ListItem\",\"position\":1,\"name\":\"Accueil\",\"item\":\"https:\/\/www.csj-emballages.com\/es\/universo-del-envasado-alimentario\/\"},{\"@type\":\"ListItem\",\"position\":2,\"name\":\"Tienda\",\"item\":\"https:\/\/www.csj-emballages.com\/tienda\/\"},{\"@type\":\"ListItem\",\"position\":3,\"name\":\"Doble concentrado de tomate 28 brix en lata 4\/4\"}]},{\"@type\":\"WebSite\",\"@id\":\"https:\/\/www.csj-emballages.com\/es\/#website\",\"url\":\"https:\/\/www.csj-emballages.com\/es\/\",\"name\":\"CSJ Emballages\",\"description\":\"\",\"publisher\":{\"@id\":\"https:\/\/www.csj-emballages.com\/es\/#organization\"},\"potentialAction\":[{\"@type\":\"SearchAction\",\"target\":{\"@type\":\"EntryPoint\",\"urlTemplate\":\"https:\/\/www.csj-emballages.com\/es\/?s={search_term_string}\"},\"query-input\":{\"@type\":\"PropertyValueSpecification\",\"valueRequired\":true,\"valueName\":\"search_term_string\"}}],\"inLanguage\":\"es\"},{\"@type\":\"Organization\",\"@id\":\"https:\/\/www.csj-emballages.com\/es\/#Organization\/\",\"name\":\"CSJ Emballages\",\"url\":\"https:\/\/www.csj-emballages.com\/es\/\",\"logo\":{\"@type\":\"ImageObject\",\"inLanguage\":\"es\",\"@id\":\"https:\/\/www.csj-emballages.com\/es\/#\/schema\/logo\/image\/\",\"url\":\"https:\/\/www.csj-emballages.com\/wp-content\/uploads\/2023\/10\/logo_csj.webp\",\"contentUrl\":\"https:\/\/www.csj-emballages.com\/wp-content\/uploads\/2023\/10\/logo_csj.webp\",\"width\":250,\"height\":95,\"caption\":\"CSJ Emballages\"},\"image\":{\"@id\":\"https:\/\/www.csj-emballages.com\/es\/#\/schema\/logo\/image\/\"},\"sameAs\":[\"https:\/\/www.facebook.com\/csjemballages\"],\"address\":{\"@type\":\"PostalAddress\",\"streetAddress\":\"ZI La Lechere\",\"addressLocality\":\"Patornay\",\"postalCode\":\"39130\",\"addressCountry\":\"FR\"},\"contactPoint\":[{\"@type\":\"ContactPoint\",\"contactType\":\"Service client\",\"telephone\":\"0384254272\",\"email\":\"contact@csj-emballages.com\"}]}]}<\/script>\n<!-- \/ Yoast SEO Premium plugin. -->","yoast_head_json":{"title":"Doble Concentrado de Tomate 28 Brix en Lata 4\/4","description":"Doble concentrado de tomate 28 Brix en lata 4\/4. Sabor intenso, textura espesa y formato profesional, ideal para salsas, pizzas y guisos.","robots":{"index":"index","follow":"follow","max-snippet":"max-snippet:-1","max-image-preview":"max-image-preview:large","max-video-preview":"max-video-preview:-1"},"canonical":"https:\/\/www.csj-emballages.com\/es\/produit\/4-4-lata-de-doble-concentrado-de-tomate-28-brix\/","og_locale":"es_ES","og_type":"article","og_title":"Doble concentrado de tomate 28 brix en lata 4\/4","og_description":"Doble concentrado de tomate 28 Brix en lata 4\/4. Sabor intenso, textura espesa y formato profesional, ideal para salsas, pizzas y guisos.","og_url":"https:\/\/www.csj-emballages.com\/es\/produit\/4-4-lata-de-doble-concentrado-de-tomate-28-brix\/","og_site_name":"CSJ Emballages","article_publisher":"https:\/\/www.facebook.com\/csjemballages","article_modified_time":"2026-03-12T15:08:02+00:00","og_image":[{"width":800,"height":800,"url":"https:\/\/www.csj-emballages.com\/wp-content\/uploads\/2024\/05\/270008.webp","type":"image\/webp"}],"twitter_card":"summary_large_image","twitter_misc":{"Tiempo de lectura":"2 minutos"},"schema":{"@context":"https:\/\/schema.org","@graph":[{"@type":"WebPage","@id":"https:\/\/www.csj-emballages.com\/es\/produit\/4-4-lata-de-doble-concentrado-de-tomate-28-brix\/","url":"https:\/\/www.csj-emballages.com\/es\/produit\/4-4-lata-de-doble-concentrado-de-tomate-28-brix\/","name":"Doble Concentrado de Tomate 28 Brix en Lata 4\/4","isPartOf":{"@id":"https:\/\/www.csj-emballages.com\/es\/#website"},"primaryImageOfPage":{"@id":"https:\/\/www.csj-emballages.com\/es\/produit\/4-4-lata-de-doble-concentrado-de-tomate-28-brix\/#primaryimage"},"image":{"@id":"https:\/\/www.csj-emballages.com\/es\/produit\/4-4-lata-de-doble-concentrado-de-tomate-28-brix\/#primaryimage"},"thumbnailUrl":"https:\/\/www.csj-emballages.com\/wp-content\/uploads\/2024\/05\/270008.webp","datePublished":"2024-05-24T08:49:28+00:00","dateModified":"2026-03-12T15:08:02+00:00","description":"Doble concentrado de tomate 28 Brix en lata 4\/4. Sabor intenso, textura espesa y formato profesional, ideal para salsas, pizzas y guisos.","breadcrumb":{"@id":"https:\/\/www.csj-emballages.com\/es\/produit\/4-4-lata-de-doble-concentrado-de-tomate-28-brix\/#breadcrumb"},"inLanguage":"es","potentialAction":[{"@type":"ReadAction","target":["https:\/\/www.csj-emballages.com\/es\/produit\/4-4-lata-de-doble-concentrado-de-tomate-28-brix\/"]}]},{"@type":"ImageObject","inLanguage":"es","@id":"https:\/\/www.csj-emballages.com\/es\/produit\/4-4-lata-de-doble-concentrado-de-tomate-28-brix\/#primaryimage","url":"https:\/\/www.csj-emballages.com\/wp-content\/uploads\/2024\/05\/270008.webp","contentUrl":"https:\/\/www.csj-emballages.com\/wp-content\/uploads\/2024\/05\/270008.webp","width":800,"height":800,"caption":"Double concentr\u00e9 de tomates"},{"@type":"BreadcrumbList","@id":"https:\/\/www.csj-emballages.com\/es\/produit\/4-4-lata-de-doble-concentrado-de-tomate-28-brix\/#breadcrumb","itemListElement":[{"@type":"ListItem","position":1,"name":"Accueil","item":"https:\/\/www.csj-emballages.com\/es\/universo-del-envasado-alimentario\/"},{"@type":"ListItem","position":2,"name":"Tienda","item":"https:\/\/www.csj-emballages.com\/tienda\/"},{"@type":"ListItem","position":3,"name":"Doble concentrado de tomate 28 brix en lata 4\/4"}]},{"@type":"WebSite","@id":"https:\/\/www.csj-emballages.com\/es\/#website","url":"https:\/\/www.csj-emballages.com\/es\/","name":"CSJ Emballages","description":"","publisher":{"@id":"https:\/\/www.csj-emballages.com\/es\/#organization"},"potentialAction":[{"@type":"SearchAction","target":{"@type":"EntryPoint","urlTemplate":"https:\/\/www.csj-emballages.com\/es\/?s={search_term_string}"},"query-input":{"@type":"PropertyValueSpecification","valueRequired":true,"valueName":"search_term_string"}}],"inLanguage":"es"},{"@type":"Organization","@id":"https:\/\/www.csj-emballages.com\/es\/#Organization\/","name":"CSJ Emballages","url":"https:\/\/www.csj-emballages.com\/es\/","logo":{"@type":"ImageObject","inLanguage":"es","@id":"https:\/\/www.csj-emballages.com\/es\/#\/schema\/logo\/image\/","url":"https:\/\/www.csj-emballages.com\/wp-content\/uploads\/2023\/10\/logo_csj.webp","contentUrl":"https:\/\/www.csj-emballages.com\/wp-content\/uploads\/2023\/10\/logo_csj.webp","width":250,"height":95,"caption":"CSJ Emballages"},"image":{"@id":"https:\/\/www.csj-emballages.com\/es\/#\/schema\/logo\/image\/"},"sameAs":["https:\/\/www.facebook.com\/csjemballages"],"address":{"@type":"PostalAddress","streetAddress":"ZI La Lechere","addressLocality":"Patornay","postalCode":"39130","addressCountry":"FR"},"contactPoint":[{"@type":"ContactPoint","contactType":"Service client","telephone":"0384254272","email":"contact@csj-emballages.com"}]}]}},"df_price":3.22,"df_sale_price":"","df_regular_price":3.22,"df_image_link":"https:\/\/www.csj-emballages.com\/wp-content\/uploads\/2024\/05\/270008-300x300.webp","tiered_pricing_type":"fixed","tiered_pricing_fixed_rules":[],"tiered_pricing_percentage_rules":[],"tiered_pricing_minimum":1,"tiered_pricing_roles_data":[],"_links":{"self":[{"href":"https:\/\/www.csj-emballages.com\/es\/wp-json\/wp\/v2\/product\/16717","targetHints":{"allow":["GET"]}}],"collection":[{"href":"https:\/\/www.csj-emballages.com\/es\/wp-json\/wp\/v2\/product"}],"about":[{"href":"https:\/\/www.csj-emballages.com\/es\/wp-json\/wp\/v2\/types\/product"}],"wp:featuredmedia":[{"embeddable":true,"href":"https:\/\/www.csj-emballages.com\/es\/wp-json\/wp\/v2\/media\/260692"}],"wp:attachment":[{"href":"https:\/\/www.csj-emballages.com\/es\/wp-json\/wp\/v2\/media?parent=16717"}],"wp:term":[{"taxonomy":"product_brand","embeddable":true,"href":"https:\/\/www.csj-emballages.com\/es\/wp-json\/wp\/v2\/product_brand?post=16717"},{"taxonomy":"product_cat","embeddable":true,"href":"https:\/\/www.csj-emballages.com\/es\/wp-json\/wp\/v2\/product_cat?post=16717"},{"taxonomy":"product_tag","embeddable":true,"href":"https:\/\/www.csj-emballages.com\/es\/wp-json\/wp\/v2\/product_tag?post=16717"}],"curies":[{"name":"wp","href":"https:\/\/api.w.org\/{rel}","templated":true}]}}