{"id":16716,"date":"2024-05-29T08:33:21","date_gmt":"2024-05-29T06:33:21","guid":{"rendered":"https:\/\/u15jnbdpoq.preview.infomaniak.website\/?post_type=product&#038;p=16716"},"modified":"2026-03-12T16:08:00","modified_gmt":"2026-03-12T15:08:00","slug":"1-bolsa-de-la-compra-reutilizable-de-pp-tejido-boul-pat-39-28-x-34-cm","status":"publish","type":"product","link":"https:\/\/www.csj-emballages.com\/es\/produit\/1-bolsa-de-la-compra-reutilizable-de-pp-tejido-boul-pat-39-28-x-34-cm\/","title":{"rendered":"Bolsa de la compra reutilizable tejida en PP \u00abBoul Pat\u00bb 39 + 28 x 34 cm"},"content":{"rendered":"<h2 class=\"p1\">Bolsa de la compra<\/h2>\n<hr>\n<h3>Descripci\u00f3n de nuestra bolsa de la compra reutilizable tejida en PP \u00abBoul Pat\u00bb 39 + 28 x 34 cm<\/h3>\n<p><!--more--><\/p>\n<p data-start=\"284\" data-end=\"580\">Descubra la <strong data-start=\"297\" data-end=\"362\">bolsa de la compra \u00abBoul Pat\u00bb de PP tejido reutilizable 39 + 28 x 34 cm<\/strong>, una soluci\u00f3n <strong data-start=\"387\" data-end=\"399\">pr\u00e1ctica<\/strong>, <strong data-start=\"401\" data-end=\"412\">robusta<\/strong> y respetuosa con el medio ambiente. En un mundo en el que intentamos reducir los envases desechables, esta <strong>bolsa de la compra<\/strong> es un aliado esencial para sus clientes.<\/p>\n<p data-start=\"582\" data-end=\"1002\">Gracias a su generoso tama\u00f1o de <strong data-start=\"613\" data-end=\"632\">39 + 28 x 34 cm<\/strong>, ofrece mucho espacio de almacenamiento. Ideal para transportar <strong data-start=\"703\" data-end=\"711\">pan<\/strong>, <strong data-start=\"717\" data-end=\"732\">boller\u00eda<\/strong> o incluso <strong data-start=\"747\" data-end=\"776\">comestibles voluminosos<\/strong>, combina practicidad y est\u00e9tica. Su dise\u00f1o de <strong data-start=\"831\" data-end=\"854\">polipropileno tejido<\/strong> la hace m\u00e1s resistente que las bolsas tradicionales, por lo que puede reutilizarse muchas veces sin temor a que se rompa.<\/p>\n<p data-start=\"1004\" data-end=\"1374\">Asimismo, su dise\u00f1o<strong>\u00abBoul Pat<\/strong>\u00bb evoca el mundo tradicional de la <strong data-start=\"1068\" data-end=\"1083\">panader\u00eda<\/strong> y la <strong data-start=\"1093\" data-end=\"1107\">pasteler\u00eda<\/strong>. Un activo que a\u00f1ade un toque de autenticidad y pone de relieve la experiencia de nuestros profesionales. Al ofrecer este tipo de <strong>bolsa de la compra<\/strong> a sus clientes, transmite una imagen positiva y ecorresponsable, al tiempo que les proporciona un envase resistente y atractivo.<\/p>\n<p data-start=\"1376\" data-end=\"1667\">Esta <strong>bolsa de la compra<\/strong> es tambi\u00e9n una excelente alternativa a las bolsas de pl\u00e1stico de un solo uso. Ligera, f\u00e1cil de plegar y guardar, es la compa\u00f1era diaria de sus clientes, ya hagan la compra, vayan a la panader\u00eda o la utilicen para otros fines. <\/p>\n<p data-start=\"1669\" data-end=\"1841\">En resumen, esta <strong>bolsa de<\/strong> <strong>la compra reutilizable<\/strong> es una aut\u00e9ntica herramienta de comunicaci\u00f3n para los profesionales de la alimentaci\u00f3n: combina <strong data-start=\"1794\" data-end=\"1838\">practicidad, durabilidad e imagen de marca<\/strong>.<\/p>\n<p data-start=\"1669\" data-end=\"1841\">\n<p><!--more--><\/p>\n<h4><strong>Ventajas :<\/strong><\/h4>\n<ul>\n<li><strong data-start=\"2069\" data-end=\"2085\">Reutilizables<\/strong> y, por tanto, m\u00e1s respetuosas con el medio ambiente que las bolsas desechables.<\/li>\n<li><strong data-start=\"2136\" data-end=\"2155\">Formato espacioso<\/strong> para transportar pan, pasteles o comestibles.<\/li>\n<li><strong data-start=\"2203\" data-end=\"2225\">Resistente material de<\/strong> polipropileno tejido.<\/li>\n<li><strong data-start=\"2253\" data-end=\"2273\">Atractivo dise\u00f1o<\/strong> vinculado al mundo de la panader\u00eda-pasteler\u00eda.<\/li>\n<li><strong data-start=\"2317\" data-end=\"2340\">Pr\u00e1ctico y plegable<\/strong>, f\u00e1cil de llevar a cualquier parte.<\/li>\n<\/ul>\n<p>&nbsp;<\/p>\n<p><!--more--><\/p>\n<h4>Informaci\u00f3n adicional :<\/h4>\n<ul>\n<li><strong>Embalaje<\/strong>: Por unidad<\/li>\n<li><strong>Dimensiones<\/strong>: 39 + 28 x 34 cm<\/li>\n<li><strong>Material<\/strong>: PP (polipropileno) tejido<\/li>\n<\/ul>\n<p>&nbsp;<\/p>\n<p><!--more--><\/p>\n<p><a href=\"https:\/\/www.csj-emballages.com\/es\/categorie-produit\/envasado-de-alimentos\/tienda-y-almacen\/bolsas-sobres\/bolsos-boutique\/\">\u00a1Consulta el resto de nuestra gama de bolsos boutique!<\/a><\/p>\n","protected":false},"excerpt":{"rendered":"<p>Bolsa de la compra Descripci\u00f3n de nuestra bolsa de la compra reutilizable tejida en PP \u00abBoul Pat\u00bb 39 + 28 x 34 cm<\/p>\n","protected":false},"featured_media":24697,"template":"","meta":{"_acf_changed":false},"product_brand":[],"product_cat":[1150,1488,3873,1844],"product_tag":[],"class_list":{"0":"post-16716","1":"product","2":"type-product","3":"status-publish","4":"has-post-thumbnail","6":"product_cat-envasado-de-alimentos","7":"product_cat-tienda-y-almacen","8":"product_cat-bolsas-sobres","9":"product_cat-bolsos-boutique","11":"first","12":"instock","13":"taxable","14":"shipping-taxable","15":"purchasable","16":"product-type-simple"},"acf":[],"yoast_head":"<!-- This site is optimized with the Yoast SEO Premium plugin v26.6 (Yoast SEO v26.6) - https:\/\/yoast.com\/wordpress\/plugins\/seo\/ -->\n<title>Bolsa de la compra reutilizable de PP &quot;Boul Pat&quot; 39 + 28 x 34 cm<\/title>\n<meta name=\"description\" content=\"Bolsa de la compra &quot;Boul Pat&quot; de PP tejido reutilizable 39+28x34 cm: resistente y ecol\u00f3gica, ideal para panader\u00edas, pasteler\u00edas y la compra diaria.\" \/>\n<meta name=\"robots\" content=\"index, follow, max-snippet:-1, max-image-preview:large, max-video-preview:-1\" \/>\n<link rel=\"canonical\" href=\"https:\/\/www.csj-emballages.com\/es\/produit\/1-bolsa-de-la-compra-reutilizable-de-pp-tejido-boul-pat-39-28-x-34-cm\/\" \/>\n<meta property=\"og:locale\" content=\"es_ES\" \/>\n<meta property=\"og:type\" content=\"article\" \/>\n<meta property=\"og:title\" content=\"Bolsa de la compra reutilizable tejida en PP &quot;Boul Pat&quot; 39 + 28 x 34 cm\" \/>\n<meta property=\"og:description\" content=\"Bolsa de la compra &quot;Boul Pat&quot; de PP tejido reutilizable 39+28x34 cm: resistente y ecol\u00f3gica, ideal para panader\u00edas, pasteler\u00edas y la compra diaria.\" \/>\n<meta property=\"og:url\" content=\"https:\/\/www.csj-emballages.com\/es\/produit\/1-bolsa-de-la-compra-reutilizable-de-pp-tejido-boul-pat-39-28-x-34-cm\/\" \/>\n<meta property=\"og:site_name\" content=\"CSJ Emballages\" \/>\n<meta property=\"article:publisher\" content=\"https:\/\/www.facebook.com\/csjemballages\" \/>\n<meta property=\"article:modified_time\" content=\"2026-03-12T15:08:00+00:00\" \/>\n<meta property=\"og:image\" content=\"https:\/\/www.csj-emballages.com\/wp-content\/uploads\/2024\/05\/Capture-decran-2024-06-19-a-08.03.41-e1718777075868.png\" \/>\n\t<meta property=\"og:image:width\" content=\"600\" \/>\n\t<meta property=\"og:image:height\" content=\"602\" \/>\n\t<meta property=\"og:image:type\" content=\"image\/png\" \/>\n<meta name=\"twitter:card\" content=\"summary_large_image\" \/>\n<meta name=\"twitter:label1\" content=\"Tiempo de lectura\" \/>\n\t<meta name=\"twitter:data1\" content=\"2 minutos\" \/>\n<script type=\"application\/ld+json\" class=\"yoast-schema-graph\">{\"@context\":\"https:\/\/schema.org\",\"@graph\":[{\"@type\":\"WebPage\",\"@id\":\"https:\/\/www.csj-emballages.com\/es\/produit\/1-bolsa-de-la-compra-reutilizable-de-pp-tejido-boul-pat-39-28-x-34-cm\/\",\"url\":\"https:\/\/www.csj-emballages.com\/es\/produit\/1-bolsa-de-la-compra-reutilizable-de-pp-tejido-boul-pat-39-28-x-34-cm\/\",\"name\":\"Bolsa de la compra reutilizable de PP \\\"Boul Pat\\\" 39 + 28 x 34 cm\",\"isPartOf\":{\"@id\":\"https:\/\/www.csj-emballages.com\/es\/#website\"},\"primaryImageOfPage\":{\"@id\":\"https:\/\/www.csj-emballages.com\/es\/produit\/1-bolsa-de-la-compra-reutilizable-de-pp-tejido-boul-pat-39-28-x-34-cm\/#primaryimage\"},\"image\":{\"@id\":\"https:\/\/www.csj-emballages.com\/es\/produit\/1-bolsa-de-la-compra-reutilizable-de-pp-tejido-boul-pat-39-28-x-34-cm\/#primaryimage\"},\"thumbnailUrl\":\"https:\/\/www.csj-emballages.com\/wp-content\/uploads\/2024\/05\/Capture-decran-2024-06-19-a-08.03.41-e1718777075868.png\",\"datePublished\":\"2024-05-29T06:33:21+00:00\",\"dateModified\":\"2026-03-12T15:08:00+00:00\",\"description\":\"Bolsa de la compra \\\"Boul Pat\\\" de PP tejido reutilizable 39+28x34 cm: resistente y ecol\u00f3gica, ideal para panader\u00edas, pasteler\u00edas y la compra diaria.\",\"breadcrumb\":{\"@id\":\"https:\/\/www.csj-emballages.com\/es\/produit\/1-bolsa-de-la-compra-reutilizable-de-pp-tejido-boul-pat-39-28-x-34-cm\/#breadcrumb\"},\"inLanguage\":\"es\",\"potentialAction\":[{\"@type\":\"ReadAction\",\"target\":[\"https:\/\/www.csj-emballages.com\/es\/produit\/1-bolsa-de-la-compra-reutilizable-de-pp-tejido-boul-pat-39-28-x-34-cm\/\"]}]},{\"@type\":\"ImageObject\",\"inLanguage\":\"es\",\"@id\":\"https:\/\/www.csj-emballages.com\/es\/produit\/1-bolsa-de-la-compra-reutilizable-de-pp-tejido-boul-pat-39-28-x-34-cm\/#primaryimage\",\"url\":\"https:\/\/www.csj-emballages.com\/wp-content\/uploads\/2024\/05\/Capture-decran-2024-06-19-a-08.03.41-e1718777075868.png\",\"contentUrl\":\"https:\/\/www.csj-emballages.com\/wp-content\/uploads\/2024\/05\/Capture-decran-2024-06-19-a-08.03.41-e1718777075868.png\",\"width\":600,\"height\":602,\"caption\":\"Sac cabas\"},{\"@type\":\"BreadcrumbList\",\"@id\":\"https:\/\/www.csj-emballages.com\/es\/produit\/1-bolsa-de-la-compra-reutilizable-de-pp-tejido-boul-pat-39-28-x-34-cm\/#breadcrumb\",\"itemListElement\":[{\"@type\":\"ListItem\",\"position\":1,\"name\":\"Accueil\",\"item\":\"https:\/\/www.csj-emballages.com\/es\/universo-del-envasado-alimentario\/\"},{\"@type\":\"ListItem\",\"position\":2,\"name\":\"Tienda\",\"item\":\"https:\/\/www.csj-emballages.com\/tienda\/\"},{\"@type\":\"ListItem\",\"position\":3,\"name\":\"Bolsa de la compra reutilizable tejida en PP \u00ab\u00a0Boul Pat\u00a0\u00bb 39 + 28 x 34 cm\"}]},{\"@type\":\"WebSite\",\"@id\":\"https:\/\/www.csj-emballages.com\/es\/#website\",\"url\":\"https:\/\/www.csj-emballages.com\/es\/\",\"name\":\"CSJ Emballages\",\"description\":\"\",\"publisher\":{\"@id\":\"https:\/\/www.csj-emballages.com\/es\/#organization\"},\"potentialAction\":[{\"@type\":\"SearchAction\",\"target\":{\"@type\":\"EntryPoint\",\"urlTemplate\":\"https:\/\/www.csj-emballages.com\/es\/?s={search_term_string}\"},\"query-input\":{\"@type\":\"PropertyValueSpecification\",\"valueRequired\":true,\"valueName\":\"search_term_string\"}}],\"inLanguage\":\"es\"},{\"@type\":\"Organization\",\"@id\":\"https:\/\/www.csj-emballages.com\/es\/#Organization\/\",\"name\":\"CSJ Emballages\",\"url\":\"https:\/\/www.csj-emballages.com\/es\/\",\"logo\":{\"@type\":\"ImageObject\",\"inLanguage\":\"es\",\"@id\":\"https:\/\/www.csj-emballages.com\/es\/#\/schema\/logo\/image\/\",\"url\":\"https:\/\/www.csj-emballages.com\/wp-content\/uploads\/2023\/10\/logo_csj.webp\",\"contentUrl\":\"https:\/\/www.csj-emballages.com\/wp-content\/uploads\/2023\/10\/logo_csj.webp\",\"width\":250,\"height\":95,\"caption\":\"CSJ Emballages\"},\"image\":{\"@id\":\"https:\/\/www.csj-emballages.com\/es\/#\/schema\/logo\/image\/\"},\"sameAs\":[\"https:\/\/www.facebook.com\/csjemballages\"],\"address\":{\"@type\":\"PostalAddress\",\"streetAddress\":\"ZI La Lechere\",\"addressLocality\":\"Patornay\",\"postalCode\":\"39130\",\"addressCountry\":\"FR\"},\"contactPoint\":[{\"@type\":\"ContactPoint\",\"contactType\":\"Service client\",\"telephone\":\"0384254272\",\"email\":\"contact@csj-emballages.com\"}]}]}<\/script>\n<!-- \/ Yoast SEO Premium plugin. -->","yoast_head_json":{"title":"Bolsa de la compra reutilizable de PP \"Boul Pat\" 39 + 28 x 34 cm","description":"Bolsa de la compra \"Boul Pat\" de PP tejido reutilizable 39+28x34 cm: resistente y ecol\u00f3gica, ideal para panader\u00edas, pasteler\u00edas y la compra diaria.","robots":{"index":"index","follow":"follow","max-snippet":"max-snippet:-1","max-image-preview":"max-image-preview:large","max-video-preview":"max-video-preview:-1"},"canonical":"https:\/\/www.csj-emballages.com\/es\/produit\/1-bolsa-de-la-compra-reutilizable-de-pp-tejido-boul-pat-39-28-x-34-cm\/","og_locale":"es_ES","og_type":"article","og_title":"Bolsa de la compra reutilizable tejida en PP \"Boul Pat\" 39 + 28 x 34 cm","og_description":"Bolsa de la compra \"Boul Pat\" de PP tejido reutilizable 39+28x34 cm: resistente y ecol\u00f3gica, ideal para panader\u00edas, pasteler\u00edas y la compra diaria.","og_url":"https:\/\/www.csj-emballages.com\/es\/produit\/1-bolsa-de-la-compra-reutilizable-de-pp-tejido-boul-pat-39-28-x-34-cm\/","og_site_name":"CSJ Emballages","article_publisher":"https:\/\/www.facebook.com\/csjemballages","article_modified_time":"2026-03-12T15:08:00+00:00","og_image":[{"width":600,"height":602,"url":"https:\/\/www.csj-emballages.com\/wp-content\/uploads\/2024\/05\/Capture-decran-2024-06-19-a-08.03.41-e1718777075868.png","type":"image\/png"}],"twitter_card":"summary_large_image","twitter_misc":{"Tiempo de lectura":"2 minutos"},"schema":{"@context":"https:\/\/schema.org","@graph":[{"@type":"WebPage","@id":"https:\/\/www.csj-emballages.com\/es\/produit\/1-bolsa-de-la-compra-reutilizable-de-pp-tejido-boul-pat-39-28-x-34-cm\/","url":"https:\/\/www.csj-emballages.com\/es\/produit\/1-bolsa-de-la-compra-reutilizable-de-pp-tejido-boul-pat-39-28-x-34-cm\/","name":"Bolsa de la compra reutilizable de PP \"Boul Pat\" 39 + 28 x 34 cm","isPartOf":{"@id":"https:\/\/www.csj-emballages.com\/es\/#website"},"primaryImageOfPage":{"@id":"https:\/\/www.csj-emballages.com\/es\/produit\/1-bolsa-de-la-compra-reutilizable-de-pp-tejido-boul-pat-39-28-x-34-cm\/#primaryimage"},"image":{"@id":"https:\/\/www.csj-emballages.com\/es\/produit\/1-bolsa-de-la-compra-reutilizable-de-pp-tejido-boul-pat-39-28-x-34-cm\/#primaryimage"},"thumbnailUrl":"https:\/\/www.csj-emballages.com\/wp-content\/uploads\/2024\/05\/Capture-decran-2024-06-19-a-08.03.41-e1718777075868.png","datePublished":"2024-05-29T06:33:21+00:00","dateModified":"2026-03-12T15:08:00+00:00","description":"Bolsa de la compra \"Boul Pat\" de PP tejido reutilizable 39+28x34 cm: resistente y ecol\u00f3gica, ideal para panader\u00edas, pasteler\u00edas y la compra diaria.","breadcrumb":{"@id":"https:\/\/www.csj-emballages.com\/es\/produit\/1-bolsa-de-la-compra-reutilizable-de-pp-tejido-boul-pat-39-28-x-34-cm\/#breadcrumb"},"inLanguage":"es","potentialAction":[{"@type":"ReadAction","target":["https:\/\/www.csj-emballages.com\/es\/produit\/1-bolsa-de-la-compra-reutilizable-de-pp-tejido-boul-pat-39-28-x-34-cm\/"]}]},{"@type":"ImageObject","inLanguage":"es","@id":"https:\/\/www.csj-emballages.com\/es\/produit\/1-bolsa-de-la-compra-reutilizable-de-pp-tejido-boul-pat-39-28-x-34-cm\/#primaryimage","url":"https:\/\/www.csj-emballages.com\/wp-content\/uploads\/2024\/05\/Capture-decran-2024-06-19-a-08.03.41-e1718777075868.png","contentUrl":"https:\/\/www.csj-emballages.com\/wp-content\/uploads\/2024\/05\/Capture-decran-2024-06-19-a-08.03.41-e1718777075868.png","width":600,"height":602,"caption":"Sac cabas"},{"@type":"BreadcrumbList","@id":"https:\/\/www.csj-emballages.com\/es\/produit\/1-bolsa-de-la-compra-reutilizable-de-pp-tejido-boul-pat-39-28-x-34-cm\/#breadcrumb","itemListElement":[{"@type":"ListItem","position":1,"name":"Accueil","item":"https:\/\/www.csj-emballages.com\/es\/universo-del-envasado-alimentario\/"},{"@type":"ListItem","position":2,"name":"Tienda","item":"https:\/\/www.csj-emballages.com\/tienda\/"},{"@type":"ListItem","position":3,"name":"Bolsa de la compra reutilizable tejida en PP \u00ab\u00a0Boul Pat\u00a0\u00bb 39 + 28 x 34 cm"}]},{"@type":"WebSite","@id":"https:\/\/www.csj-emballages.com\/es\/#website","url":"https:\/\/www.csj-emballages.com\/es\/","name":"CSJ Emballages","description":"","publisher":{"@id":"https:\/\/www.csj-emballages.com\/es\/#organization"},"potentialAction":[{"@type":"SearchAction","target":{"@type":"EntryPoint","urlTemplate":"https:\/\/www.csj-emballages.com\/es\/?s={search_term_string}"},"query-input":{"@type":"PropertyValueSpecification","valueRequired":true,"valueName":"search_term_string"}}],"inLanguage":"es"},{"@type":"Organization","@id":"https:\/\/www.csj-emballages.com\/es\/#Organization\/","name":"CSJ Emballages","url":"https:\/\/www.csj-emballages.com\/es\/","logo":{"@type":"ImageObject","inLanguage":"es","@id":"https:\/\/www.csj-emballages.com\/es\/#\/schema\/logo\/image\/","url":"https:\/\/www.csj-emballages.com\/wp-content\/uploads\/2023\/10\/logo_csj.webp","contentUrl":"https:\/\/www.csj-emballages.com\/wp-content\/uploads\/2023\/10\/logo_csj.webp","width":250,"height":95,"caption":"CSJ Emballages"},"image":{"@id":"https:\/\/www.csj-emballages.com\/es\/#\/schema\/logo\/image\/"},"sameAs":["https:\/\/www.facebook.com\/csjemballages"],"address":{"@type":"PostalAddress","streetAddress":"ZI La Lechere","addressLocality":"Patornay","postalCode":"39130","addressCountry":"FR"},"contactPoint":[{"@type":"ContactPoint","contactType":"Service client","telephone":"0384254272","email":"contact@csj-emballages.com"}]}]}},"df_price":1.33,"df_sale_price":"","df_regular_price":1.33,"df_image_link":"https:\/\/www.csj-emballages.com\/wp-content\/uploads\/2024\/05\/Capture-decran-2024-06-19-a-08.03.41-300x300.png","tiered_pricing_type":"fixed","tiered_pricing_fixed_rules":[],"tiered_pricing_percentage_rules":[],"tiered_pricing_minimum":1,"tiered_pricing_roles_data":[],"_links":{"self":[{"href":"https:\/\/www.csj-emballages.com\/es\/wp-json\/wp\/v2\/product\/16716","targetHints":{"allow":["GET"]}}],"collection":[{"href":"https:\/\/www.csj-emballages.com\/es\/wp-json\/wp\/v2\/product"}],"about":[{"href":"https:\/\/www.csj-emballages.com\/es\/wp-json\/wp\/v2\/types\/product"}],"wp:featuredmedia":[{"embeddable":true,"href":"https:\/\/www.csj-emballages.com\/es\/wp-json\/wp\/v2\/media\/24697"}],"wp:attachment":[{"href":"https:\/\/www.csj-emballages.com\/es\/wp-json\/wp\/v2\/media?parent=16716"}],"wp:term":[{"taxonomy":"product_brand","embeddable":true,"href":"https:\/\/www.csj-emballages.com\/es\/wp-json\/wp\/v2\/product_brand?post=16716"},{"taxonomy":"product_cat","embeddable":true,"href":"https:\/\/www.csj-emballages.com\/es\/wp-json\/wp\/v2\/product_cat?post=16716"},{"taxonomy":"product_tag","embeddable":true,"href":"https:\/\/www.csj-emballages.com\/es\/wp-json\/wp\/v2\/product_tag?post=16716"}],"curies":[{"name":"wp","href":"https:\/\/api.w.org\/{rel}","templated":true}]}}