{"id":16677,"date":"2024-05-24T10:50:17","date_gmt":"2024-05-24T08:50:17","guid":{"rendered":"https:\/\/u15jnbdpoq.preview.infomaniak.website\/produit\/4-4-latas-de-maiz-grano-dulce-envasado-al-vacio\/"},"modified":"2026-03-12T16:09:07","modified_gmt":"2026-03-12T15:09:07","slug":"4-4-latas-de-maiz-grano-dulce-envasado-al-vacio","status":"publish","type":"product","link":"https:\/\/www.csj-emballages.com\/es\/produit\/4-4-latas-de-maiz-grano-dulce-envasado-al-vacio\/","title":{"rendered":"Granos de ma\u00edz dulce envasados al vac\u00edo, lata 4\/4"},"content":{"rendered":"<h2>Ma\u00edz<\/h2>\n<hr>\n<h3>Descripci\u00f3n de nuestros granos de ma\u00edz dulce envasados al vac\u00edo en latas 4\/4<\/h3>\n<p><!--more--><\/p>\n<div class=\"flex flex-grow flex-col max-w-full\">\n<div class=\"min-h-[20px] text-message flex flex-col items-start whitespace-pre-wrap break-words [.text-message+&amp;]:mt-5 juice:w-full juice:items-end overflow-x-auto gap-2\" dir=\"auto\" data-message-author-role=\"assistant\" data-message-id=\"579bfb50-fb6c-479d-a152-27ab4b509f37\">\n<div class=\"flex w-full flex-col gap-1 juice:empty:hidden juice:first:pt-[3px]\">\n<div class=\"markdown prose w-full break-words dark:prose-invert light\">\n<div class=\"flex-1 overflow-hidden\">\n<div class=\"react-scroll-to-bottom--css-ygaxm-79elbk h-full\">\n<div class=\"react-scroll-to-bottom--css-ygaxm-1n7m0yu\">\n<div class=\"flex flex-col text-sm\">\n<div class=\"w-full text-token-text-primary\" dir=\"auto\" data-testid=\"conversation-turn-3\" data-scroll-anchor=\"true\">\n<div class=\"py-2 juice:py-[18px] px-3 text-base md:px-4 m-auto md:px-5 lg:px-1 xl:px-5\">\n<div class=\"mx-auto flex flex-1 gap-3 text-base juice:gap-4 juice:md:gap-5 juice:lg:gap-6 md:max-w-3xl lg:max-w-[40rem] xl:max-w-[48rem]\">\n<div class=\"group\/conversation-turn relative flex w-full min-w-0 flex-col agent-turn\">\n<div class=\"flex-col gap-1 md:gap-3\">\n<div class=\"flex flex-grow flex-col max-w-full\">\n<div class=\"min-h-[20px] text-message flex flex-col items-start whitespace-pre-wrap break-words [.text-message+&amp;]:mt-5 juice:w-full juice:items-end overflow-x-auto gap-2\" dir=\"auto\" data-message-author-role=\"assistant\" data-message-id=\"cc8c8b89-e7cc-4334-9633-5926bce5a78c\">\n<div class=\"flex w-full flex-col gap-1 juice:empty:hidden juice:first:pt-[3px]\">\n<div class=\"markdown prose w-full break-words dark:prose-invert light\">\n<div class=\"flex flex-grow flex-col max-w-full\">\n<div class=\"min-h-[20px] text-message flex flex-col items-start whitespace-pre-wrap break-words [.text-message+&amp;]:mt-5 juice:w-full juice:items-end overflow-x-auto gap-2\" dir=\"auto\" data-message-author-role=\"assistant\" data-message-id=\"a5ad94cc-6796-4ad8-b325-83b721399f0a\">\n<div class=\"flex w-full flex-col gap-1 juice:empty:hidden juice:first:pt-[3px]\">\n<div class=\"markdown prose w-full break-words dark:prose-invert light\">\n<p data-start=\"286\" data-end=\"600\">Cuando se busca un ingrediente simple, eficaz y siempre apreciado, el <strong data-start=\"359\" data-end=\"392\">ma\u00edz dulce en grano envasado al vac\u00edo<\/strong> es claramente uno de los imprescindibles. Gracias a su <strong>textura tierna<\/strong> y su <strong>sabor naturalmente dulce<\/strong>, se integra f\u00e1cilmente en una multitud de recetas, sin robar nunca el protagonismo a los dem\u00e1s ingredientes. <\/p>\n<p data-start=\"602\" data-end=\"968\">Gracias al <strong>envasado al vac\u00edo<\/strong>, los <strong>granos de ma\u00edz<\/strong> conservan toda su frescura, su color dorado y su sabor. No necesita a\u00f1adidos superfluos: el <strong>ma\u00edz<\/strong> se mantiene aut\u00e9ntico, listo para usar y agradable en boca. <\/p>\n<p data-start=\"970\" data-end=\"1322\">Asimismo, la <strong data-start=\"973\" data-end=\"986\">lata 4\/4<\/strong> es particularmente adecuada para un uso profesional. Permite gestionar los vol\u00famenes f\u00e1cilmente, ya sea para una <strong>ensalada mixta, un buf\u00e9, un plato caliente, una guarnici\u00f3n o incluso una receta m\u00e1s creativa<\/strong>. En restauraci\u00f3n colectiva, en braser\u00eda o en cocina r\u00e1pida, este formato ofrece una verdadera comodidad de uso en el d\u00eda a d\u00eda.  <\/p>\n<p data-start=\"1324\" data-end=\"1570\">Por otra parte, el <strong>ma\u00edz dulce<\/strong> gusta a todos los perfiles: ni\u00f1os, adultos, amantes de platos sencillos como de recetas m\u00e1s elaboradas. Aporta un toque de color, un ligero crujiente y una nota dulce que equilibra perfectamente los platos salados. <\/p>\n<p data-start=\"1572\" data-end=\"1768\">En resumen, este <strong>ma\u00edz dulce<\/strong> <strong>en grano envasado al vac\u00edo<\/strong> es una apuesta segura: pr\u00e1ctico, polivalente y fiable. Un producto que se abre sin dudarlo y que se utiliza sin restricciones, servicio tras servicio. <\/p>\n<\/div>\n<\/div>\n<div class=\"flex w-full flex-col gap-1 juice:empty:hidden juice:first:pt-[3px]\">\n<div class=\"markdown prose w-full break-words dark:prose-invert light\">\n<p><!--more--><\/p>\n<h4>Ventajas :<\/h4>\n<ul>\n<li data-start=\"131\" data-end=\"181\"><strong>Granos tiernos<\/strong> con un sabor naturalmente dulce.<\/li>\n<li data-start=\"184\" data-end=\"238\">Conservaci\u00f3n al vac\u00edo para una frescura preservada.<\/li>\n<li data-start=\"241\" data-end=\"288\">Listo para usar, sin preparaci\u00f3n complicada.<\/li>\n<li data-start=\"291\" data-end=\"338\"><strong>Gracias a su formato 4\/4<\/strong>, es adecuado para las necesidades profesionales.<\/li>\n<li data-start=\"341\" data-end=\"399\"><strong>Polivalente<\/strong>: ensaladas, platos calientes, guarniciones, buf\u00e9s.<\/li>\n<\/ul>\n<p>&nbsp;<\/p>\n<\/div>\n<\/div>\n<\/div>\n<\/div>\n<\/div>\n<\/div>\n<\/div>\n<\/div>\n<\/div>\n<\/div>\n<\/div>\n<\/div>\n<\/div>\n<\/div>\n<\/div>\n<\/div>\n<\/div>\n<\/div>\n<\/div>\n<\/div>\n<\/div>\n<p><!--more--><\/p>\n<h4>Informaci\u00f3n adicional :<\/h4>\n<ul>\n<li><strong>Embalaje<\/strong>: Caja 4\/4<\/li>\n<li><strong>Peso neto escurrido<\/strong>: 570 gr<\/li>\n<li>Sin OMG<\/li>\n<\/ul>\n<p>&nbsp;<\/p>\n<p><!--more--><\/p>\n<p><a href=\"\/?product_cat=legumes\">Ver el resto de nuestra gama de verduras<\/a><\/p>\n","protected":false},"excerpt":{"rendered":"<p>Ma\u00edz Descripci\u00f3n de nuestros granos de ma\u00edz dulce envasados al vac\u00edo en latas 4\/4<\/p>\n","protected":false},"featured_media":193789,"template":"","meta":{"_acf_changed":false},"product_brand":[],"product_cat":[1162,1180],"product_tag":[],"class_list":{"0":"post-16677","1":"product","2":"type-product","3":"status-publish","4":"has-post-thumbnail","6":"product_cat-alimentacion-es","7":"product_cat-verduras","9":"first","10":"instock","11":"taxable","12":"shipping-taxable","13":"purchasable","14":"product-type-simple"},"acf":[],"yoast_head":"<!-- This site is optimized with the Yoast SEO Premium plugin v26.6 (Yoast SEO v26.6) - https:\/\/yoast.com\/wordpress\/plugins\/seo\/ -->\n<title>Ma\u00edz dulce en grano - Caja 4\/4<\/title>\n<meta name=\"description\" content=\"Ma\u00edz dulce en grano envasado al vac\u00edo en lata 4\/4. Listo para usar, sabor naturalmente dulce, formato ideal para la restauraci\u00f3n y las grandes preparaciones.\" \/>\n<meta name=\"robots\" content=\"index, follow, max-snippet:-1, max-image-preview:large, max-video-preview:-1\" \/>\n<link rel=\"canonical\" href=\"https:\/\/www.csj-emballages.com\/es\/produit\/4-4-latas-de-maiz-grano-dulce-envasado-al-vacio\/\" \/>\n<meta property=\"og:locale\" content=\"es_ES\" \/>\n<meta property=\"og:type\" content=\"article\" \/>\n<meta property=\"og:title\" content=\"Granos de ma\u00edz dulce envasados al vac\u00edo, lata 4\/4\" \/>\n<meta property=\"og:description\" content=\"Ma\u00edz dulce en grano envasado al vac\u00edo en lata 4\/4. Listo para usar, sabor naturalmente dulce, formato ideal para la restauraci\u00f3n y las grandes preparaciones.\" \/>\n<meta property=\"og:url\" content=\"https:\/\/www.csj-emballages.com\/es\/produit\/4-4-latas-de-maiz-grano-dulce-envasado-al-vacio\/\" \/>\n<meta property=\"og:site_name\" content=\"CSJ Emballages\" \/>\n<meta property=\"article:publisher\" content=\"https:\/\/www.facebook.com\/csjemballages\" \/>\n<meta property=\"article:modified_time\" content=\"2026-03-12T15:09:07+00:00\" \/>\n<meta property=\"og:image\" content=\"https:\/\/www.csj-emballages.com\/wp-content\/uploads\/2024\/05\/Mais-Doux-1.webp\" \/>\n\t<meta property=\"og:image:width\" content=\"800\" \/>\n\t<meta property=\"og:image:height\" content=\"800\" \/>\n\t<meta property=\"og:image:type\" content=\"image\/webp\" \/>\n<meta name=\"twitter:card\" content=\"summary_large_image\" \/>\n<meta name=\"twitter:label1\" content=\"Tiempo de lectura\" \/>\n\t<meta name=\"twitter:data1\" content=\"2 minutos\" \/>\n<script type=\"application\/ld+json\" class=\"yoast-schema-graph\">{\"@context\":\"https:\/\/schema.org\",\"@graph\":[{\"@type\":\"WebPage\",\"@id\":\"https:\/\/www.csj-emballages.com\/es\/produit\/4-4-latas-de-maiz-grano-dulce-envasado-al-vacio\/\",\"url\":\"https:\/\/www.csj-emballages.com\/es\/produit\/4-4-latas-de-maiz-grano-dulce-envasado-al-vacio\/\",\"name\":\"Ma\u00edz dulce en grano - Caja 4\/4\",\"isPartOf\":{\"@id\":\"https:\/\/www.csj-emballages.com\/es\/#website\"},\"primaryImageOfPage\":{\"@id\":\"https:\/\/www.csj-emballages.com\/es\/produit\/4-4-latas-de-maiz-grano-dulce-envasado-al-vacio\/#primaryimage\"},\"image\":{\"@id\":\"https:\/\/www.csj-emballages.com\/es\/produit\/4-4-latas-de-maiz-grano-dulce-envasado-al-vacio\/#primaryimage\"},\"thumbnailUrl\":\"https:\/\/www.csj-emballages.com\/wp-content\/uploads\/2024\/05\/Mais-Doux-1.webp\",\"datePublished\":\"2024-05-24T08:50:17+00:00\",\"dateModified\":\"2026-03-12T15:09:07+00:00\",\"description\":\"Ma\u00edz dulce en grano envasado al vac\u00edo en lata 4\/4. Listo para usar, sabor naturalmente dulce, formato ideal para la restauraci\u00f3n y las grandes preparaciones.\",\"breadcrumb\":{\"@id\":\"https:\/\/www.csj-emballages.com\/es\/produit\/4-4-latas-de-maiz-grano-dulce-envasado-al-vacio\/#breadcrumb\"},\"inLanguage\":\"es\",\"potentialAction\":[{\"@type\":\"ReadAction\",\"target\":[\"https:\/\/www.csj-emballages.com\/es\/produit\/4-4-latas-de-maiz-grano-dulce-envasado-al-vacio\/\"]}]},{\"@type\":\"ImageObject\",\"inLanguage\":\"es\",\"@id\":\"https:\/\/www.csj-emballages.com\/es\/produit\/4-4-latas-de-maiz-grano-dulce-envasado-al-vacio\/#primaryimage\",\"url\":\"https:\/\/www.csj-emballages.com\/wp-content\/uploads\/2024\/05\/Mais-Doux-1.webp\",\"contentUrl\":\"https:\/\/www.csj-emballages.com\/wp-content\/uploads\/2024\/05\/Mais-Doux-1.webp\",\"width\":800,\"height\":800,\"caption\":\"ma\u00efs\"},{\"@type\":\"BreadcrumbList\",\"@id\":\"https:\/\/www.csj-emballages.com\/es\/produit\/4-4-latas-de-maiz-grano-dulce-envasado-al-vacio\/#breadcrumb\",\"itemListElement\":[{\"@type\":\"ListItem\",\"position\":1,\"name\":\"Accueil\",\"item\":\"https:\/\/www.csj-emballages.com\/es\/universo-del-envasado-alimentario\/\"},{\"@type\":\"ListItem\",\"position\":2,\"name\":\"Tienda\",\"item\":\"https:\/\/www.csj-emballages.com\/tienda\/\"},{\"@type\":\"ListItem\",\"position\":3,\"name\":\"Granos de ma\u00edz dulce envasados al vac\u00edo, lata 4\/4\"}]},{\"@type\":\"WebSite\",\"@id\":\"https:\/\/www.csj-emballages.com\/es\/#website\",\"url\":\"https:\/\/www.csj-emballages.com\/es\/\",\"name\":\"CSJ Emballages\",\"description\":\"\",\"publisher\":{\"@id\":\"https:\/\/www.csj-emballages.com\/es\/#organization\"},\"potentialAction\":[{\"@type\":\"SearchAction\",\"target\":{\"@type\":\"EntryPoint\",\"urlTemplate\":\"https:\/\/www.csj-emballages.com\/es\/?s={search_term_string}\"},\"query-input\":{\"@type\":\"PropertyValueSpecification\",\"valueRequired\":true,\"valueName\":\"search_term_string\"}}],\"inLanguage\":\"es\"},{\"@type\":\"Organization\",\"@id\":\"https:\/\/www.csj-emballages.com\/es\/#Organization\/\",\"name\":\"CSJ Emballages\",\"url\":\"https:\/\/www.csj-emballages.com\/es\/\",\"logo\":{\"@type\":\"ImageObject\",\"inLanguage\":\"es\",\"@id\":\"https:\/\/www.csj-emballages.com\/es\/#\/schema\/logo\/image\/\",\"url\":\"https:\/\/www.csj-emballages.com\/wp-content\/uploads\/2023\/10\/logo_csj.webp\",\"contentUrl\":\"https:\/\/www.csj-emballages.com\/wp-content\/uploads\/2023\/10\/logo_csj.webp\",\"width\":250,\"height\":95,\"caption\":\"CSJ Emballages\"},\"image\":{\"@id\":\"https:\/\/www.csj-emballages.com\/es\/#\/schema\/logo\/image\/\"},\"sameAs\":[\"https:\/\/www.facebook.com\/csjemballages\"],\"address\":{\"@type\":\"PostalAddress\",\"streetAddress\":\"ZI La Lechere\",\"addressLocality\":\"Patornay\",\"postalCode\":\"39130\",\"addressCountry\":\"FR\"},\"contactPoint\":[{\"@type\":\"ContactPoint\",\"contactType\":\"Service client\",\"telephone\":\"0384254272\",\"email\":\"contact@csj-emballages.com\"}]}]}<\/script>\n<!-- \/ Yoast SEO Premium plugin. -->","yoast_head_json":{"title":"Ma\u00edz dulce en grano - Caja 4\/4","description":"Ma\u00edz dulce en grano envasado al vac\u00edo en lata 4\/4. Listo para usar, sabor naturalmente dulce, formato ideal para la restauraci\u00f3n y las grandes preparaciones.","robots":{"index":"index","follow":"follow","max-snippet":"max-snippet:-1","max-image-preview":"max-image-preview:large","max-video-preview":"max-video-preview:-1"},"canonical":"https:\/\/www.csj-emballages.com\/es\/produit\/4-4-latas-de-maiz-grano-dulce-envasado-al-vacio\/","og_locale":"es_ES","og_type":"article","og_title":"Granos de ma\u00edz dulce envasados al vac\u00edo, lata 4\/4","og_description":"Ma\u00edz dulce en grano envasado al vac\u00edo en lata 4\/4. Listo para usar, sabor naturalmente dulce, formato ideal para la restauraci\u00f3n y las grandes preparaciones.","og_url":"https:\/\/www.csj-emballages.com\/es\/produit\/4-4-latas-de-maiz-grano-dulce-envasado-al-vacio\/","og_site_name":"CSJ Emballages","article_publisher":"https:\/\/www.facebook.com\/csjemballages","article_modified_time":"2026-03-12T15:09:07+00:00","og_image":[{"width":800,"height":800,"url":"https:\/\/www.csj-emballages.com\/wp-content\/uploads\/2024\/05\/Mais-Doux-1.webp","type":"image\/webp"}],"twitter_card":"summary_large_image","twitter_misc":{"Tiempo de lectura":"2 minutos"},"schema":{"@context":"https:\/\/schema.org","@graph":[{"@type":"WebPage","@id":"https:\/\/www.csj-emballages.com\/es\/produit\/4-4-latas-de-maiz-grano-dulce-envasado-al-vacio\/","url":"https:\/\/www.csj-emballages.com\/es\/produit\/4-4-latas-de-maiz-grano-dulce-envasado-al-vacio\/","name":"Ma\u00edz dulce en grano - Caja 4\/4","isPartOf":{"@id":"https:\/\/www.csj-emballages.com\/es\/#website"},"primaryImageOfPage":{"@id":"https:\/\/www.csj-emballages.com\/es\/produit\/4-4-latas-de-maiz-grano-dulce-envasado-al-vacio\/#primaryimage"},"image":{"@id":"https:\/\/www.csj-emballages.com\/es\/produit\/4-4-latas-de-maiz-grano-dulce-envasado-al-vacio\/#primaryimage"},"thumbnailUrl":"https:\/\/www.csj-emballages.com\/wp-content\/uploads\/2024\/05\/Mais-Doux-1.webp","datePublished":"2024-05-24T08:50:17+00:00","dateModified":"2026-03-12T15:09:07+00:00","description":"Ma\u00edz dulce en grano envasado al vac\u00edo en lata 4\/4. Listo para usar, sabor naturalmente dulce, formato ideal para la restauraci\u00f3n y las grandes preparaciones.","breadcrumb":{"@id":"https:\/\/www.csj-emballages.com\/es\/produit\/4-4-latas-de-maiz-grano-dulce-envasado-al-vacio\/#breadcrumb"},"inLanguage":"es","potentialAction":[{"@type":"ReadAction","target":["https:\/\/www.csj-emballages.com\/es\/produit\/4-4-latas-de-maiz-grano-dulce-envasado-al-vacio\/"]}]},{"@type":"ImageObject","inLanguage":"es","@id":"https:\/\/www.csj-emballages.com\/es\/produit\/4-4-latas-de-maiz-grano-dulce-envasado-al-vacio\/#primaryimage","url":"https:\/\/www.csj-emballages.com\/wp-content\/uploads\/2024\/05\/Mais-Doux-1.webp","contentUrl":"https:\/\/www.csj-emballages.com\/wp-content\/uploads\/2024\/05\/Mais-Doux-1.webp","width":800,"height":800,"caption":"ma\u00efs"},{"@type":"BreadcrumbList","@id":"https:\/\/www.csj-emballages.com\/es\/produit\/4-4-latas-de-maiz-grano-dulce-envasado-al-vacio\/#breadcrumb","itemListElement":[{"@type":"ListItem","position":1,"name":"Accueil","item":"https:\/\/www.csj-emballages.com\/es\/universo-del-envasado-alimentario\/"},{"@type":"ListItem","position":2,"name":"Tienda","item":"https:\/\/www.csj-emballages.com\/tienda\/"},{"@type":"ListItem","position":3,"name":"Granos de ma\u00edz dulce envasados al vac\u00edo, lata 4\/4"}]},{"@type":"WebSite","@id":"https:\/\/www.csj-emballages.com\/es\/#website","url":"https:\/\/www.csj-emballages.com\/es\/","name":"CSJ Emballages","description":"","publisher":{"@id":"https:\/\/www.csj-emballages.com\/es\/#organization"},"potentialAction":[{"@type":"SearchAction","target":{"@type":"EntryPoint","urlTemplate":"https:\/\/www.csj-emballages.com\/es\/?s={search_term_string}"},"query-input":{"@type":"PropertyValueSpecification","valueRequired":true,"valueName":"search_term_string"}}],"inLanguage":"es"},{"@type":"Organization","@id":"https:\/\/www.csj-emballages.com\/es\/#Organization\/","name":"CSJ Emballages","url":"https:\/\/www.csj-emballages.com\/es\/","logo":{"@type":"ImageObject","inLanguage":"es","@id":"https:\/\/www.csj-emballages.com\/es\/#\/schema\/logo\/image\/","url":"https:\/\/www.csj-emballages.com\/wp-content\/uploads\/2023\/10\/logo_csj.webp","contentUrl":"https:\/\/www.csj-emballages.com\/wp-content\/uploads\/2023\/10\/logo_csj.webp","width":250,"height":95,"caption":"CSJ Emballages"},"image":{"@id":"https:\/\/www.csj-emballages.com\/es\/#\/schema\/logo\/image\/"},"sameAs":["https:\/\/www.facebook.com\/csjemballages"],"address":{"@type":"PostalAddress","streetAddress":"ZI La Lechere","addressLocality":"Patornay","postalCode":"39130","addressCountry":"FR"},"contactPoint":[{"@type":"ContactPoint","contactType":"Service client","telephone":"0384254272","email":"contact@csj-emballages.com"}]}]}},"df_price":3.12,"df_sale_price":"","df_regular_price":3.12,"df_image_link":"https:\/\/www.csj-emballages.com\/wp-content\/uploads\/2024\/05\/Mais-Doux-1-300x300.webp","tiered_pricing_type":"fixed","tiered_pricing_fixed_rules":[],"tiered_pricing_percentage_rules":[],"tiered_pricing_minimum":1,"tiered_pricing_roles_data":[],"_links":{"self":[{"href":"https:\/\/www.csj-emballages.com\/es\/wp-json\/wp\/v2\/product\/16677","targetHints":{"allow":["GET"]}}],"collection":[{"href":"https:\/\/www.csj-emballages.com\/es\/wp-json\/wp\/v2\/product"}],"about":[{"href":"https:\/\/www.csj-emballages.com\/es\/wp-json\/wp\/v2\/types\/product"}],"wp:featuredmedia":[{"embeddable":true,"href":"https:\/\/www.csj-emballages.com\/es\/wp-json\/wp\/v2\/media\/193789"}],"wp:attachment":[{"href":"https:\/\/www.csj-emballages.com\/es\/wp-json\/wp\/v2\/media?parent=16677"}],"wp:term":[{"taxonomy":"product_brand","embeddable":true,"href":"https:\/\/www.csj-emballages.com\/es\/wp-json\/wp\/v2\/product_brand?post=16677"},{"taxonomy":"product_cat","embeddable":true,"href":"https:\/\/www.csj-emballages.com\/es\/wp-json\/wp\/v2\/product_cat?post=16677"},{"taxonomy":"product_tag","embeddable":true,"href":"https:\/\/www.csj-emballages.com\/es\/wp-json\/wp\/v2\/product_tag?post=16677"}],"curies":[{"name":"wp","href":"https:\/\/api.w.org\/{rel}","templated":true}]}}