{"id":16676,"date":"2024-05-29T08:42:10","date_gmt":"2024-05-29T06:42:10","guid":{"rendered":"https:\/\/u15jnbdpoq.preview.infomaniak.website\/produit\/1-camino-de-mesa-030-x-10-m-blanco\/"},"modified":"2026-04-03T02:14:42","modified_gmt":"2026-04-03T00:14:42","slug":"1-camino-de-mesa-030-x-10-m-blanco","status":"publish","type":"product","link":"https:\/\/www.csj-emballages.com\/es\/produit\/1-camino-de-mesa-030-x-10-m-blanco\/","title":{"rendered":"Camino de mesa blanco 0,30 x 10 m"},"content":{"rendered":"<h2>Camino de mesa<\/h2>\n<hr>\n<h3>Descripci\u00f3n de nuestro camino de mesa blanco 0,30 x 10 m<\/h3>\n<p><!--more--><\/p>\n<p>Para embellecer sus mesas con estilo, opte por un <strong>camino de mesa blanco<\/strong>. Este accesorio sobrio y refinado aporta un toque de elegancia a todas sus ocasiones. Ya sea para una cena familiar o un evento especial, se adapta f\u00e1cilmente a diferentes estilos de decoraci\u00f3n.  <\/p>\n<p>Con una anchura de <strong>30 cm<\/strong> y una <strong>longitud <\/strong>de<strong> 10 m<\/strong>, este <strong>camino de mesa<\/strong> es ideal para cubrir una mesa larga o para cortarlo seg\u00fan las necesidades. Su pr\u00e1ctico formato te permite crear decoraciones armoniosas, optimizando al mismo tiempo tu presupuesto.  Adem\u00e1s, su discreto pero luminoso <strong>color blanco<\/strong> combina a la perfecci\u00f3n con tonos neutros o m\u00e1s vivos.<\/p>\n<p>El <strong>camino de mesa plateado<\/strong> est\u00e1 dise\u00f1ado para proporcionar un acabado pulcro y sin esfuerzo. Ofrece una soluci\u00f3n sencilla para mejorar la presentaci\u00f3n de tus comidas, ya sean formales o informales. Adem\u00e1s, su calidad permite utilizarlo una o varias veces, seg\u00fan tus necesidades.  <\/p>\n<h3><\/h3>\n<p><!--more--><\/p>\n<h3>Decoraci\u00f3n pr\u00e1ctica y accesible<\/h3>\n<p>Una de las principales ventajas de este <strong>camino de mesa blanco<\/strong> es su versatilidad. F\u00e1cil de colocar, combina con todo tipo de vajillas y manteles. Puedes combinarlo con elementos decorativos, como velas o flores, para darle un toque a\u00fan m\u00e1s c\u00e1lido. Gracias a su gran longitud, es perfecto incluso para mesas grandes. Si lo desea, tambi\u00e9n puede cortar el rollo para adaptarlo a mesas m\u00e1s peque\u00f1as o centros de mesa. Esta flexibilidad convierte al <strong>camino de mesa<\/strong> en un aliado indispensable para sus preparativos.     <\/p>\n<p>Apreciar\u00e1s su ligereza y facilidad de uso en el d\u00eda a d\u00eda. Es una opci\u00f3n econ\u00f3mica para quienes buscan una decoraci\u00f3n elegante con poco presupuesto. <\/p>\n<p>&nbsp;<\/p>\n<p><!--more--><\/p>\n<p>En conclusi\u00f3n, elegir este <strong>camino de mesa blanco<\/strong> significa combinar est\u00e9tica y sencillez. Este discreto accesorio realzar\u00e1 sus mesas en cualquier circunstancia, sin dejar de ser pr\u00e1ctico y asequible. Para sus comidas o celebraciones, es una elecci\u00f3n segura y eficaz.  <\/p>\n<p>&nbsp;<\/p>\n<p><!--more--><\/p>\n<p><strong>Ventajas:<\/strong><\/p>\n<ul>\n<li><strong>Dimensiones pr\u00e1cticas<\/strong>: 30 cm de ancho y 10 m de largo, ideal para todos los tama\u00f1os de mesa.<\/li>\n<li><strong>Versatilidad<\/strong>: Adaptable a diversas ocasiones, desde comidas cotidianas hasta celebraciones especiales.<\/li>\n<li><strong>Facilidad de uso<\/strong>: ligero, f\u00e1cil de colocar, cortar y guardar.<\/li>\n<li><strong>Elegancia discreta<\/strong>: su color blanco combina f\u00e1cilmente con todos los estilos de decoraci\u00f3n.<\/li>\n<\/ul>\n<p>&nbsp;<\/p>\n<p><!--more--><\/p>\n<p>Este camino de mesa est\u00e1 disponible en varios colores: <span style=\"color: #d12727;\"><a style=\"color: #d12727;\" href=\"https:\/\/www.csj-emballages.com\/es\/produit\/1-camino-de-mesa-030-x-10-m-plata\/\">Plata<\/a><\/span> \/ <span style=\"color: #d12727;\"><a style=\"color: #d12727;\" href=\"https:\/\/www.csj-emballages.com\/es\/produit\/1-camino-de-mesa-030-x-10-m-lila\/\">Lila<\/a><\/span> \/ <span style=\"color: #d12727;\"><a style=\"color: #d12727;\" href=\"https:\/\/www.csj-emballages.com\/es\/produit\/1-camino-de-mesa-030-x-10-m-dorado\/\">Oro<\/a><\/span> \/ <span style=\"color: #d12727;\"><a style=\"color: #d12727;\" href=\"https:\/\/www.csj-emballages.com\/es\/produit\/1-camino-de-mesa-030-x-10-m-mandarina\/\">Naranja<\/a><\/span><\/p>\n<p>&nbsp;<\/p>\n<p><!--more--><\/p>\n<p><a href=\"\/?product_cat=chemin-de-table\">Ver el resto de nuestra gama de caminos de mesa<\/a><\/p>\n","protected":false},"excerpt":{"rendered":"<p>Camino de mesa Descripci\u00f3n de nuestro camino de mesa blanco 0,30 x 10 m<\/p>\n","protected":false},"featured_media":200357,"template":"","meta":{"_acf_changed":false},"product_brand":[],"product_cat":[1150,1179,1182,1185],"product_tag":[],"class_list":{"0":"post-16676","1":"product","2":"type-product","3":"status-publish","4":"has-post-thumbnail","6":"product_cat-envasado-de-alimentos","7":"product_cat-catering-es","8":"product_cat-servilletas-manteles-individuales-manteles","9":"product_cat-camino-de-mesa","11":"first","12":"instock","13":"taxable","14":"shipping-taxable","15":"purchasable","16":"product-type-simple"},"acf":[],"yoast_head":"<!-- This site is optimized with the Yoast SEO Premium plugin v26.6 (Yoast SEO v26.6) - https:\/\/yoast.com\/wordpress\/plugins\/seo\/ -->\n<title>Traves de Mesa Blanco - 0,30 x 10 m<\/title>\n<meta name=\"description\" content=\"\u00a1Camino de mesa blanco 0,30 x 10 m ! \u00a1Tenemos un elegante camino de mesa perfecto para eventos con la familia y los amigos!\" \/>\n<meta name=\"robots\" content=\"index, follow, max-snippet:-1, max-image-preview:large, max-video-preview:-1\" \/>\n<link rel=\"canonical\" href=\"https:\/\/www.csj-emballages.com\/es\/produit\/1-camino-de-mesa-030-x-10-m-blanco\/\" \/>\n<meta property=\"og:locale\" content=\"es_ES\" \/>\n<meta property=\"og:type\" content=\"article\" \/>\n<meta property=\"og:title\" content=\"Camino de mesa blanco 0,30 x 10 m\" \/>\n<meta property=\"og:description\" content=\"\u00a1Camino de mesa blanco 0,30 x 10 m ! \u00a1Tenemos un elegante camino de mesa perfecto para eventos con la familia y los amigos!\" \/>\n<meta property=\"og:url\" content=\"https:\/\/www.csj-emballages.com\/es\/produit\/1-camino-de-mesa-030-x-10-m-blanco\/\" \/>\n<meta property=\"og:site_name\" content=\"CSJ Emballages\" \/>\n<meta property=\"article:publisher\" content=\"https:\/\/www.facebook.com\/csjemballages\" \/>\n<meta property=\"article:modified_time\" content=\"2026-04-03T00:14:42+00:00\" \/>\n<meta property=\"og:image\" content=\"https:\/\/www.csj-emballages.com\/wp-content\/uploads\/2024\/05\/CHEPBLANC.webp\" \/>\n\t<meta property=\"og:image:width\" content=\"800\" \/>\n\t<meta property=\"og:image:height\" content=\"800\" \/>\n\t<meta property=\"og:image:type\" content=\"image\/webp\" \/>\n<meta name=\"twitter:card\" content=\"summary_large_image\" \/>\n<script type=\"application\/ld+json\" class=\"yoast-schema-graph\">{\"@context\":\"https:\/\/schema.org\",\"@graph\":[{\"@type\":\"WebPage\",\"@id\":\"https:\/\/www.csj-emballages.com\/es\/produit\/1-camino-de-mesa-030-x-10-m-blanco\/\",\"url\":\"https:\/\/www.csj-emballages.com\/es\/produit\/1-camino-de-mesa-030-x-10-m-blanco\/\",\"name\":\"Traves de Mesa Blanco - 0,30 x 10 m\",\"isPartOf\":{\"@id\":\"https:\/\/www.csj-emballages.com\/es\/#website\"},\"primaryImageOfPage\":{\"@id\":\"https:\/\/www.csj-emballages.com\/es\/produit\/1-camino-de-mesa-030-x-10-m-blanco\/#primaryimage\"},\"image\":{\"@id\":\"https:\/\/www.csj-emballages.com\/es\/produit\/1-camino-de-mesa-030-x-10-m-blanco\/#primaryimage\"},\"thumbnailUrl\":\"https:\/\/www.csj-emballages.com\/wp-content\/uploads\/2024\/05\/CHEPBLANC.webp\",\"datePublished\":\"2024-05-29T06:42:10+00:00\",\"dateModified\":\"2026-04-03T00:14:42+00:00\",\"description\":\"\u00a1Camino de mesa blanco 0,30 x 10 m ! \u00a1Tenemos un elegante camino de mesa perfecto para eventos con la familia y los amigos!\",\"breadcrumb\":{\"@id\":\"https:\/\/www.csj-emballages.com\/es\/produit\/1-camino-de-mesa-030-x-10-m-blanco\/#breadcrumb\"},\"inLanguage\":\"es\",\"potentialAction\":[{\"@type\":\"ReadAction\",\"target\":[\"https:\/\/www.csj-emballages.com\/es\/produit\/1-camino-de-mesa-030-x-10-m-blanco\/\"]}]},{\"@type\":\"ImageObject\",\"inLanguage\":\"es\",\"@id\":\"https:\/\/www.csj-emballages.com\/es\/produit\/1-camino-de-mesa-030-x-10-m-blanco\/#primaryimage\",\"url\":\"https:\/\/www.csj-emballages.com\/wp-content\/uploads\/2024\/05\/CHEPBLANC.webp\",\"contentUrl\":\"https:\/\/www.csj-emballages.com\/wp-content\/uploads\/2024\/05\/CHEPBLANC.webp\",\"width\":800,\"height\":800,\"caption\":\"chemin de table\"},{\"@type\":\"BreadcrumbList\",\"@id\":\"https:\/\/www.csj-emballages.com\/es\/produit\/1-camino-de-mesa-030-x-10-m-blanco\/#breadcrumb\",\"itemListElement\":[{\"@type\":\"ListItem\",\"position\":1,\"name\":\"Accueil\",\"item\":\"https:\/\/www.csj-emballages.com\/es\/universo-del-envasado-alimentario\/\"},{\"@type\":\"ListItem\",\"position\":2,\"name\":\"Tienda\",\"item\":\"https:\/\/www.csj-emballages.com\/tienda\/\"},{\"@type\":\"ListItem\",\"position\":3,\"name\":\"Camino de mesa blanco 0,30 x 10 m\"}]},{\"@type\":\"WebSite\",\"@id\":\"https:\/\/www.csj-emballages.com\/es\/#website\",\"url\":\"https:\/\/www.csj-emballages.com\/es\/\",\"name\":\"CSJ Emballages\",\"description\":\"\",\"publisher\":{\"@id\":\"https:\/\/www.csj-emballages.com\/es\/#organization\"},\"potentialAction\":[{\"@type\":\"SearchAction\",\"target\":{\"@type\":\"EntryPoint\",\"urlTemplate\":\"https:\/\/www.csj-emballages.com\/es\/?s={search_term_string}\"},\"query-input\":{\"@type\":\"PropertyValueSpecification\",\"valueRequired\":true,\"valueName\":\"search_term_string\"}}],\"inLanguage\":\"es\"},{\"@type\":\"Organization\",\"@id\":\"https:\/\/www.csj-emballages.com\/es\/#Organization\/\",\"name\":\"CSJ Emballages\",\"url\":\"https:\/\/www.csj-emballages.com\/es\/\",\"logo\":{\"@type\":\"ImageObject\",\"inLanguage\":\"es\",\"@id\":\"https:\/\/www.csj-emballages.com\/es\/#\/schema\/logo\/image\/\",\"url\":\"https:\/\/www.csj-emballages.com\/wp-content\/uploads\/2023\/10\/logo_csj.webp\",\"contentUrl\":\"https:\/\/www.csj-emballages.com\/wp-content\/uploads\/2023\/10\/logo_csj.webp\",\"width\":250,\"height\":95,\"caption\":\"CSJ Emballages\"},\"image\":{\"@id\":\"https:\/\/www.csj-emballages.com\/es\/#\/schema\/logo\/image\/\"},\"sameAs\":[\"https:\/\/www.facebook.com\/csjemballages\"],\"address\":{\"@type\":\"PostalAddress\",\"streetAddress\":\"ZI La Lechere\",\"addressLocality\":\"Patornay\",\"postalCode\":\"39130\",\"addressCountry\":\"FR\"},\"contactPoint\":[{\"@type\":\"ContactPoint\",\"contactType\":\"Service client\",\"telephone\":\"0384254272\",\"email\":\"contact@csj-emballages.com\"}]}]}<\/script>\n<!-- \/ Yoast SEO Premium plugin. -->","yoast_head_json":{"title":"Traves de Mesa Blanco - 0,30 x 10 m","description":"\u00a1Camino de mesa blanco 0,30 x 10 m ! \u00a1Tenemos un elegante camino de mesa perfecto para eventos con la familia y los amigos!","robots":{"index":"index","follow":"follow","max-snippet":"max-snippet:-1","max-image-preview":"max-image-preview:large","max-video-preview":"max-video-preview:-1"},"canonical":"https:\/\/www.csj-emballages.com\/es\/produit\/1-camino-de-mesa-030-x-10-m-blanco\/","og_locale":"es_ES","og_type":"article","og_title":"Camino de mesa blanco 0,30 x 10 m","og_description":"\u00a1Camino de mesa blanco 0,30 x 10 m ! \u00a1Tenemos un elegante camino de mesa perfecto para eventos con la familia y los amigos!","og_url":"https:\/\/www.csj-emballages.com\/es\/produit\/1-camino-de-mesa-030-x-10-m-blanco\/","og_site_name":"CSJ Emballages","article_publisher":"https:\/\/www.facebook.com\/csjemballages","article_modified_time":"2026-04-03T00:14:42+00:00","og_image":[{"width":800,"height":800,"url":"https:\/\/www.csj-emballages.com\/wp-content\/uploads\/2024\/05\/CHEPBLANC.webp","type":"image\/webp"}],"twitter_card":"summary_large_image","schema":{"@context":"https:\/\/schema.org","@graph":[{"@type":"WebPage","@id":"https:\/\/www.csj-emballages.com\/es\/produit\/1-camino-de-mesa-030-x-10-m-blanco\/","url":"https:\/\/www.csj-emballages.com\/es\/produit\/1-camino-de-mesa-030-x-10-m-blanco\/","name":"Traves de Mesa Blanco - 0,30 x 10 m","isPartOf":{"@id":"https:\/\/www.csj-emballages.com\/es\/#website"},"primaryImageOfPage":{"@id":"https:\/\/www.csj-emballages.com\/es\/produit\/1-camino-de-mesa-030-x-10-m-blanco\/#primaryimage"},"image":{"@id":"https:\/\/www.csj-emballages.com\/es\/produit\/1-camino-de-mesa-030-x-10-m-blanco\/#primaryimage"},"thumbnailUrl":"https:\/\/www.csj-emballages.com\/wp-content\/uploads\/2024\/05\/CHEPBLANC.webp","datePublished":"2024-05-29T06:42:10+00:00","dateModified":"2026-04-03T00:14:42+00:00","description":"\u00a1Camino de mesa blanco 0,30 x 10 m ! \u00a1Tenemos un elegante camino de mesa perfecto para eventos con la familia y los amigos!","breadcrumb":{"@id":"https:\/\/www.csj-emballages.com\/es\/produit\/1-camino-de-mesa-030-x-10-m-blanco\/#breadcrumb"},"inLanguage":"es","potentialAction":[{"@type":"ReadAction","target":["https:\/\/www.csj-emballages.com\/es\/produit\/1-camino-de-mesa-030-x-10-m-blanco\/"]}]},{"@type":"ImageObject","inLanguage":"es","@id":"https:\/\/www.csj-emballages.com\/es\/produit\/1-camino-de-mesa-030-x-10-m-blanco\/#primaryimage","url":"https:\/\/www.csj-emballages.com\/wp-content\/uploads\/2024\/05\/CHEPBLANC.webp","contentUrl":"https:\/\/www.csj-emballages.com\/wp-content\/uploads\/2024\/05\/CHEPBLANC.webp","width":800,"height":800,"caption":"chemin de table"},{"@type":"BreadcrumbList","@id":"https:\/\/www.csj-emballages.com\/es\/produit\/1-camino-de-mesa-030-x-10-m-blanco\/#breadcrumb","itemListElement":[{"@type":"ListItem","position":1,"name":"Accueil","item":"https:\/\/www.csj-emballages.com\/es\/universo-del-envasado-alimentario\/"},{"@type":"ListItem","position":2,"name":"Tienda","item":"https:\/\/www.csj-emballages.com\/tienda\/"},{"@type":"ListItem","position":3,"name":"Camino de mesa blanco 0,30 x 10 m"}]},{"@type":"WebSite","@id":"https:\/\/www.csj-emballages.com\/es\/#website","url":"https:\/\/www.csj-emballages.com\/es\/","name":"CSJ Emballages","description":"","publisher":{"@id":"https:\/\/www.csj-emballages.com\/es\/#organization"},"potentialAction":[{"@type":"SearchAction","target":{"@type":"EntryPoint","urlTemplate":"https:\/\/www.csj-emballages.com\/es\/?s={search_term_string}"},"query-input":{"@type":"PropertyValueSpecification","valueRequired":true,"valueName":"search_term_string"}}],"inLanguage":"es"},{"@type":"Organization","@id":"https:\/\/www.csj-emballages.com\/es\/#Organization\/","name":"CSJ Emballages","url":"https:\/\/www.csj-emballages.com\/es\/","logo":{"@type":"ImageObject","inLanguage":"es","@id":"https:\/\/www.csj-emballages.com\/es\/#\/schema\/logo\/image\/","url":"https:\/\/www.csj-emballages.com\/wp-content\/uploads\/2023\/10\/logo_csj.webp","contentUrl":"https:\/\/www.csj-emballages.com\/wp-content\/uploads\/2023\/10\/logo_csj.webp","width":250,"height":95,"caption":"CSJ Emballages"},"image":{"@id":"https:\/\/www.csj-emballages.com\/es\/#\/schema\/logo\/image\/"},"sameAs":["https:\/\/www.facebook.com\/csjemballages"],"address":{"@type":"PostalAddress","streetAddress":"ZI La Lechere","addressLocality":"Patornay","postalCode":"39130","addressCountry":"FR"},"contactPoint":[{"@type":"ContactPoint","contactType":"Service client","telephone":"0384254272","email":"contact@csj-emballages.com"}]}]}},"df_price":4.7,"df_sale_price":"","df_regular_price":4.7,"df_image_link":"https:\/\/www.csj-emballages.com\/wp-content\/uploads\/2024\/05\/CHEPBLANC-300x300.webp","tiered_pricing_type":"fixed","tiered_pricing_fixed_rules":[],"tiered_pricing_percentage_rules":[],"tiered_pricing_minimum":1,"tiered_pricing_roles_data":[],"_links":{"self":[{"href":"https:\/\/www.csj-emballages.com\/es\/wp-json\/wp\/v2\/product\/16676","targetHints":{"allow":["GET"]}}],"collection":[{"href":"https:\/\/www.csj-emballages.com\/es\/wp-json\/wp\/v2\/product"}],"about":[{"href":"https:\/\/www.csj-emballages.com\/es\/wp-json\/wp\/v2\/types\/product"}],"wp:featuredmedia":[{"embeddable":true,"href":"https:\/\/www.csj-emballages.com\/es\/wp-json\/wp\/v2\/media\/200357"}],"wp:attachment":[{"href":"https:\/\/www.csj-emballages.com\/es\/wp-json\/wp\/v2\/media?parent=16676"}],"wp:term":[{"taxonomy":"product_brand","embeddable":true,"href":"https:\/\/www.csj-emballages.com\/es\/wp-json\/wp\/v2\/product_brand?post=16676"},{"taxonomy":"product_cat","embeddable":true,"href":"https:\/\/www.csj-emballages.com\/es\/wp-json\/wp\/v2\/product_cat?post=16676"},{"taxonomy":"product_tag","embeddable":true,"href":"https:\/\/www.csj-emballages.com\/es\/wp-json\/wp\/v2\/product_tag?post=16676"}],"curies":[{"name":"wp","href":"https:\/\/api.w.org\/{rel}","templated":true}]}}