{"id":16600,"date":"2024-04-18T16:01:47","date_gmt":"2024-04-18T14:01:47","guid":{"rendered":"https:\/\/u15jnbdpoq.preview.infomaniak.website\/produit\/50-tapas-biodegradables-para-bandejas-de-comida-pl5cbioal\/"},"modified":"2026-03-17T02:13:18","modified_gmt":"2026-03-17T01:13:18","slug":"50-tapas-biodegradables-para-bandejas-de-comida-pl5cbioal","status":"publish","type":"product","link":"https:\/\/www.csj-emballages.com\/es\/produit\/50-tapas-biodegradables-para-bandejas-de-comida-pl5cbioal\/","title":{"rendered":"Tapa biodegradable para bandejas de comida PL5CBIOAL 50 unid."},"content":{"rendered":"<h2 class=\"p1\">Tapa biodegradable<\/h2>\n<hr>\n<h3>Descripci\u00f3n de nuestra tapa biodegradable para bandejas de comida PL5CBIOAL por 50<\/h3>\n<p><!--more--><\/p>\n<p data-start=\"364\" data-end=\"840\">La <strong data-start=\"367\" data-end=\"424\">tapa biodegradable PL5CBIOAL<\/strong> by <strong>50<\/strong> <strong data-start=\"367\" data-end=\"424\">para bandejas de comida<\/strong> es una soluci\u00f3n moderna y respetuosa con el medio ambiente dise\u00f1ada para satisfacer las necesidades de <strong data-start=\"530\" data-end=\"543\">los hosteleros<\/strong>, <strong data-start=\"545\" data-end=\"562\">restauradores<\/strong> y <strong data-start=\"566\" data-end=\"603\">empresas de reparto de comida a domicilio<\/strong> preocupados por su imagen y su impacto ecol\u00f3gico. Especialmente dise\u00f1ada para adaptarse a las <strong data-start=\"697\" data-end=\"719\">bandejas de comida PL5<\/strong>, esta <strong>tapa<\/strong> proporciona un cierre seguro y pr\u00e1ctico a la vez que ofrece una alternativa sostenible a los pl\u00e1sticos tradicionales. <\/p>\n<p data-start=\"842\" data-end=\"1299\">Fabricada con <strong data-start=\"863\" data-end=\"890\">materiales biodegradables<\/strong> de alta calidad, combina durabilidad y respeto por el planeta. A diferencia de las tapas de pl\u00e1stico convencionales, \u00e9sta se degrada de forma natural tras su uso, reduciendo considerablemente su huella ecol\u00f3gica. Es una opci\u00f3n ideal para mostrar su compromiso con una restauraci\u00f3n m\u00e1s responsable y satisfacer las crecientes expectativas de sus clientes en t\u00e9rminos de desarrollo sostenible.  <\/p>\n<p data-start=\"1301\" data-end=\"1679\">Gracias a su robusto dise\u00f1o, la <strong data-start=\"1335\" data-end=\"1372\">tapa biodegradable PL5CBIOAL<\/strong> garantiza que sus alimentos se mantengan perfectamente frescos, incluso durante el transporte. Conserva la frescura, evita goteos y garantiza una presentaci\u00f3n profesional a su llegada. Su transparencia y su cuidado acabado realzan sus creaciones culinarias sin renunciar a la est\u00e9tica.  <\/p>\n<p data-start=\"1681\" data-end=\"1942\">Envasada <strong data-start=\"1697\" data-end=\"1710\">en paquetes de 50<\/strong> unidades, ofrece una excelente relaci\u00f3n calidad-precio para equipar eficazmente su negocio. Ya sea para comida para llevar, entregas a empresas o eventos, esta tapa es un activo fiable y duradero. <\/p>\n<p data-start=\"1944\" data-end=\"2101\">Optar por la <strong data-start=\"1958\" data-end=\"2015\">tapa biodegradable PL5CBIOAL para bandejas de comida<\/strong> significa elegir practicidad, calidad y ecolog\u00eda en un solo producto.<\/p>\n<p data-start=\"1944\" data-end=\"2101\">\n<p><!--more--><\/p>\n<p><strong>Ventajas :<\/strong><\/p>\n<ul>\n<li><strong data-start=\"2331\" data-end=\"2365\">Respetuoso con el medio ambiente<\/strong>: 100% biodegradable.<\/li>\n<li><strong data-start=\"2393\" data-end=\"2405\">Pr\u00e1ctico<\/strong>: se adapta perfectamente a las bandejas de comida PL5.<\/li>\n<li><strong data-start=\"2458\" data-end=\"2482\">Seguridad alimentaria<\/strong>: evita fugas y protege sus preparaciones.<\/li>\n<li>Envase <strong data-start=\"2591\" data-end=\"2621\">econ\u00f3mico<\/strong>: paquete de 50 tapas.<\/li>\n<\/ul>\n<p>&nbsp;<\/p>\n<p><!--more--><\/p>\n<h4>Informaci\u00f3n adicional :<\/h4>\n<ul>\n<li><strong>Envase<\/strong>: Paquete de 50<\/li>\n<li><strong>Dimensiones<\/strong>: 320 x 225 x 28 mm<\/li>\n<li><strong>Material<\/strong>: Bagazo<\/li>\n<li><strong>Color<\/strong>: blanco<\/li>\n<\/ul>\n<p>&nbsp;<\/p>\n<p><!--more--><\/p>\n<p>Compatible con bandejas <span style=\"color: #d12727;\"><br \/>\n  <a style=\"color: #d12727;\" href=\"https:\/\/www.csj-emballages.com\/produit\/50-plateaux-repas-a-emporter-5-compartiments-biodegradables-compostables\/\">PL5CBIOAL<\/a><br \/>\n<\/span><\/p>\n<p>&nbsp;<\/p>\n<p><!--more--><\/p>\n<p><a href=\"https:\/\/www.csj-emballages.com\/es\/categorie-produit\/envasado-de-alimentos\/gama-ecologica\/bandejas-ecologicas-es-2\/\">Ver el resto de nuestra gama de bandejas de comida biodegradables<\/a><\/p>\n","protected":false},"excerpt":{"rendered":"<p>Tapa biodegradable Descripci\u00f3n de nuestra tapa biodegradable para bandejas de comida PL5CBIOAL por 50<\/p>\n","protected":false},"featured_media":177131,"template":"","meta":{"_acf_changed":false},"product_brand":[],"product_cat":[1150,1143,1288,1293,2387,1179,1302,1305,2388,1163,6863],"product_tag":[],"class_list":{"0":"post-16600","1":"product","2":"type-product","3":"status-publish","4":"has-post-thumbnail","6":"product_cat-envasado-de-alimentos","7":"product_cat-carniceria-y-charcuteria","8":"product_cat-bandejas","9":"product_cat-bandejas-de-comida","10":"product_cat-bandejas-de-comida-biodegradables","11":"product_cat-catering-es","12":"product_cat-bandejas-es","13":"product_cat-bandejas-de-comida-desechables","14":"product_cat-bandejas-de-comida-biodegradables-es","15":"product_cat-gama-ecologica","16":"product_cat-bandejas-ecologicas-es-2","18":"first","19":"instock","20":"taxable","21":"shipping-taxable","22":"purchasable","23":"product-type-simple"},"acf":[],"yoast_head":"<!-- This site is optimized with the Yoast SEO Premium plugin v26.6 (Yoast SEO v26.6) - https:\/\/yoast.com\/wordpress\/plugins\/seo\/ -->\n<title>Tapa biodegradable para bandejas de comida<\/title>\n<meta name=\"description\" content=\"\u00a1Descubra nuestras tapas biodegradables para bandejas de comida! Ofrecemos un paquete de 50 tapas biodegradables para ref PL5CBIOAL.\" \/>\n<meta name=\"robots\" content=\"index, follow, max-snippet:-1, max-image-preview:large, max-video-preview:-1\" \/>\n<link rel=\"canonical\" href=\"https:\/\/www.csj-emballages.com\/es\/produit\/50-tapas-biodegradables-para-bandejas-de-comida-pl5cbioal\/\" \/>\n<meta property=\"og:locale\" content=\"es_ES\" \/>\n<meta property=\"og:type\" content=\"article\" \/>\n<meta property=\"og:title\" content=\"Tapa biodegradable para bandejas de comida PL5CBIOAL 50 unid.\" \/>\n<meta property=\"og:description\" content=\"\u00a1Descubra nuestras tapas biodegradables para bandejas de comida! Ofrecemos un paquete de 50 tapas biodegradables para ref PL5CBIOAL.\" \/>\n<meta property=\"og:url\" content=\"https:\/\/www.csj-emballages.com\/es\/produit\/50-tapas-biodegradables-para-bandejas-de-comida-pl5cbioal\/\" \/>\n<meta property=\"og:site_name\" content=\"CSJ Emballages\" \/>\n<meta property=\"article:publisher\" content=\"https:\/\/www.facebook.com\/csjemballages\" \/>\n<meta property=\"article:modified_time\" content=\"2026-03-17T01:13:18+00:00\" \/>\n<meta property=\"og:image\" content=\"https:\/\/www.csj-emballages.com\/wp-content\/uploads\/2024\/04\/Couverclebio.webp\" \/>\n\t<meta property=\"og:image:width\" content=\"813\" \/>\n\t<meta property=\"og:image:height\" content=\"813\" \/>\n\t<meta property=\"og:image:type\" content=\"image\/webp\" \/>\n<meta name=\"twitter:card\" content=\"summary_large_image\" \/>\n<meta name=\"twitter:label1\" content=\"Tiempo de lectura\" \/>\n\t<meta name=\"twitter:data1\" content=\"2 minutos\" \/>\n<script type=\"application\/ld+json\" class=\"yoast-schema-graph\">{\"@context\":\"https:\/\/schema.org\",\"@graph\":[{\"@type\":\"WebPage\",\"@id\":\"https:\/\/www.csj-emballages.com\/es\/produit\/50-tapas-biodegradables-para-bandejas-de-comida-pl5cbioal\/\",\"url\":\"https:\/\/www.csj-emballages.com\/es\/produit\/50-tapas-biodegradables-para-bandejas-de-comida-pl5cbioal\/\",\"name\":\"Tapa biodegradable para bandejas de comida\",\"isPartOf\":{\"@id\":\"https:\/\/www.csj-emballages.com\/es\/#website\"},\"primaryImageOfPage\":{\"@id\":\"https:\/\/www.csj-emballages.com\/es\/produit\/50-tapas-biodegradables-para-bandejas-de-comida-pl5cbioal\/#primaryimage\"},\"image\":{\"@id\":\"https:\/\/www.csj-emballages.com\/es\/produit\/50-tapas-biodegradables-para-bandejas-de-comida-pl5cbioal\/#primaryimage\"},\"thumbnailUrl\":\"https:\/\/www.csj-emballages.com\/wp-content\/uploads\/2024\/04\/Couverclebio.webp\",\"datePublished\":\"2024-04-18T14:01:47+00:00\",\"dateModified\":\"2026-03-17T01:13:18+00:00\",\"description\":\"\u00a1Descubra nuestras tapas biodegradables para bandejas de comida! Ofrecemos un paquete de 50 tapas biodegradables para ref PL5CBIOAL.\",\"breadcrumb\":{\"@id\":\"https:\/\/www.csj-emballages.com\/es\/produit\/50-tapas-biodegradables-para-bandejas-de-comida-pl5cbioal\/#breadcrumb\"},\"inLanguage\":\"es\",\"potentialAction\":[{\"@type\":\"ReadAction\",\"target\":[\"https:\/\/www.csj-emballages.com\/es\/produit\/50-tapas-biodegradables-para-bandejas-de-comida-pl5cbioal\/\"]}]},{\"@type\":\"ImageObject\",\"inLanguage\":\"es\",\"@id\":\"https:\/\/www.csj-emballages.com\/es\/produit\/50-tapas-biodegradables-para-bandejas-de-comida-pl5cbioal\/#primaryimage\",\"url\":\"https:\/\/www.csj-emballages.com\/wp-content\/uploads\/2024\/04\/Couverclebio.webp\",\"contentUrl\":\"https:\/\/www.csj-emballages.com\/wp-content\/uploads\/2024\/04\/Couverclebio.webp\",\"width\":813,\"height\":813,\"caption\":\"Couvercle plateau repas\"},{\"@type\":\"BreadcrumbList\",\"@id\":\"https:\/\/www.csj-emballages.com\/es\/produit\/50-tapas-biodegradables-para-bandejas-de-comida-pl5cbioal\/#breadcrumb\",\"itemListElement\":[{\"@type\":\"ListItem\",\"position\":1,\"name\":\"Accueil\",\"item\":\"https:\/\/www.csj-emballages.com\/es\/universo-del-envasado-alimentario\/\"},{\"@type\":\"ListItem\",\"position\":2,\"name\":\"Tienda\",\"item\":\"https:\/\/www.csj-emballages.com\/tienda\/\"},{\"@type\":\"ListItem\",\"position\":3,\"name\":\"Tapa biodegradable para bandejas de comida PL5CBIOAL 50 unid.\"}]},{\"@type\":\"WebSite\",\"@id\":\"https:\/\/www.csj-emballages.com\/es\/#website\",\"url\":\"https:\/\/www.csj-emballages.com\/es\/\",\"name\":\"CSJ Emballages\",\"description\":\"\",\"publisher\":{\"@id\":\"https:\/\/www.csj-emballages.com\/es\/#organization\"},\"potentialAction\":[{\"@type\":\"SearchAction\",\"target\":{\"@type\":\"EntryPoint\",\"urlTemplate\":\"https:\/\/www.csj-emballages.com\/es\/?s={search_term_string}\"},\"query-input\":{\"@type\":\"PropertyValueSpecification\",\"valueRequired\":true,\"valueName\":\"search_term_string\"}}],\"inLanguage\":\"es\"},{\"@type\":\"Organization\",\"@id\":\"https:\/\/www.csj-emballages.com\/es\/#Organization\/\",\"name\":\"CSJ Emballages\",\"url\":\"https:\/\/www.csj-emballages.com\/es\/\",\"logo\":{\"@type\":\"ImageObject\",\"inLanguage\":\"es\",\"@id\":\"https:\/\/www.csj-emballages.com\/es\/#\/schema\/logo\/image\/\",\"url\":\"https:\/\/www.csj-emballages.com\/wp-content\/uploads\/2023\/10\/logo_csj.webp\",\"contentUrl\":\"https:\/\/www.csj-emballages.com\/wp-content\/uploads\/2023\/10\/logo_csj.webp\",\"width\":250,\"height\":95,\"caption\":\"CSJ Emballages\"},\"image\":{\"@id\":\"https:\/\/www.csj-emballages.com\/es\/#\/schema\/logo\/image\/\"},\"sameAs\":[\"https:\/\/www.facebook.com\/csjemballages\"],\"address\":{\"@type\":\"PostalAddress\",\"streetAddress\":\"ZI La Lechere\",\"addressLocality\":\"Patornay\",\"postalCode\":\"39130\",\"addressCountry\":\"FR\"},\"contactPoint\":[{\"@type\":\"ContactPoint\",\"contactType\":\"Service client\",\"telephone\":\"0384254272\",\"email\":\"contact@csj-emballages.com\"}]}]}<\/script>\n<!-- \/ Yoast SEO Premium plugin. -->","yoast_head_json":{"title":"Tapa biodegradable para bandejas de comida","description":"\u00a1Descubra nuestras tapas biodegradables para bandejas de comida! Ofrecemos un paquete de 50 tapas biodegradables para ref PL5CBIOAL.","robots":{"index":"index","follow":"follow","max-snippet":"max-snippet:-1","max-image-preview":"max-image-preview:large","max-video-preview":"max-video-preview:-1"},"canonical":"https:\/\/www.csj-emballages.com\/es\/produit\/50-tapas-biodegradables-para-bandejas-de-comida-pl5cbioal\/","og_locale":"es_ES","og_type":"article","og_title":"Tapa biodegradable para bandejas de comida PL5CBIOAL 50 unid.","og_description":"\u00a1Descubra nuestras tapas biodegradables para bandejas de comida! Ofrecemos un paquete de 50 tapas biodegradables para ref PL5CBIOAL.","og_url":"https:\/\/www.csj-emballages.com\/es\/produit\/50-tapas-biodegradables-para-bandejas-de-comida-pl5cbioal\/","og_site_name":"CSJ Emballages","article_publisher":"https:\/\/www.facebook.com\/csjemballages","article_modified_time":"2026-03-17T01:13:18+00:00","og_image":[{"width":813,"height":813,"url":"https:\/\/www.csj-emballages.com\/wp-content\/uploads\/2024\/04\/Couverclebio.webp","type":"image\/webp"}],"twitter_card":"summary_large_image","twitter_misc":{"Tiempo de lectura":"2 minutos"},"schema":{"@context":"https:\/\/schema.org","@graph":[{"@type":"WebPage","@id":"https:\/\/www.csj-emballages.com\/es\/produit\/50-tapas-biodegradables-para-bandejas-de-comida-pl5cbioal\/","url":"https:\/\/www.csj-emballages.com\/es\/produit\/50-tapas-biodegradables-para-bandejas-de-comida-pl5cbioal\/","name":"Tapa biodegradable para bandejas de comida","isPartOf":{"@id":"https:\/\/www.csj-emballages.com\/es\/#website"},"primaryImageOfPage":{"@id":"https:\/\/www.csj-emballages.com\/es\/produit\/50-tapas-biodegradables-para-bandejas-de-comida-pl5cbioal\/#primaryimage"},"image":{"@id":"https:\/\/www.csj-emballages.com\/es\/produit\/50-tapas-biodegradables-para-bandejas-de-comida-pl5cbioal\/#primaryimage"},"thumbnailUrl":"https:\/\/www.csj-emballages.com\/wp-content\/uploads\/2024\/04\/Couverclebio.webp","datePublished":"2024-04-18T14:01:47+00:00","dateModified":"2026-03-17T01:13:18+00:00","description":"\u00a1Descubra nuestras tapas biodegradables para bandejas de comida! Ofrecemos un paquete de 50 tapas biodegradables para ref PL5CBIOAL.","breadcrumb":{"@id":"https:\/\/www.csj-emballages.com\/es\/produit\/50-tapas-biodegradables-para-bandejas-de-comida-pl5cbioal\/#breadcrumb"},"inLanguage":"es","potentialAction":[{"@type":"ReadAction","target":["https:\/\/www.csj-emballages.com\/es\/produit\/50-tapas-biodegradables-para-bandejas-de-comida-pl5cbioal\/"]}]},{"@type":"ImageObject","inLanguage":"es","@id":"https:\/\/www.csj-emballages.com\/es\/produit\/50-tapas-biodegradables-para-bandejas-de-comida-pl5cbioal\/#primaryimage","url":"https:\/\/www.csj-emballages.com\/wp-content\/uploads\/2024\/04\/Couverclebio.webp","contentUrl":"https:\/\/www.csj-emballages.com\/wp-content\/uploads\/2024\/04\/Couverclebio.webp","width":813,"height":813,"caption":"Couvercle plateau repas"},{"@type":"BreadcrumbList","@id":"https:\/\/www.csj-emballages.com\/es\/produit\/50-tapas-biodegradables-para-bandejas-de-comida-pl5cbioal\/#breadcrumb","itemListElement":[{"@type":"ListItem","position":1,"name":"Accueil","item":"https:\/\/www.csj-emballages.com\/es\/universo-del-envasado-alimentario\/"},{"@type":"ListItem","position":2,"name":"Tienda","item":"https:\/\/www.csj-emballages.com\/tienda\/"},{"@type":"ListItem","position":3,"name":"Tapa biodegradable para bandejas de comida PL5CBIOAL 50 unid."}]},{"@type":"WebSite","@id":"https:\/\/www.csj-emballages.com\/es\/#website","url":"https:\/\/www.csj-emballages.com\/es\/","name":"CSJ Emballages","description":"","publisher":{"@id":"https:\/\/www.csj-emballages.com\/es\/#organization"},"potentialAction":[{"@type":"SearchAction","target":{"@type":"EntryPoint","urlTemplate":"https:\/\/www.csj-emballages.com\/es\/?s={search_term_string}"},"query-input":{"@type":"PropertyValueSpecification","valueRequired":true,"valueName":"search_term_string"}}],"inLanguage":"es"},{"@type":"Organization","@id":"https:\/\/www.csj-emballages.com\/es\/#Organization\/","name":"CSJ Emballages","url":"https:\/\/www.csj-emballages.com\/es\/","logo":{"@type":"ImageObject","inLanguage":"es","@id":"https:\/\/www.csj-emballages.com\/es\/#\/schema\/logo\/image\/","url":"https:\/\/www.csj-emballages.com\/wp-content\/uploads\/2023\/10\/logo_csj.webp","contentUrl":"https:\/\/www.csj-emballages.com\/wp-content\/uploads\/2023\/10\/logo_csj.webp","width":250,"height":95,"caption":"CSJ Emballages"},"image":{"@id":"https:\/\/www.csj-emballages.com\/es\/#\/schema\/logo\/image\/"},"sameAs":["https:\/\/www.facebook.com\/csjemballages"],"address":{"@type":"PostalAddress","streetAddress":"ZI La Lechere","addressLocality":"Patornay","postalCode":"39130","addressCountry":"FR"},"contactPoint":[{"@type":"ContactPoint","contactType":"Service client","telephone":"0384254272","email":"contact@csj-emballages.com"}]}]}},"df_price":17.15,"df_sale_price":"","df_regular_price":17.15,"df_image_link":"https:\/\/www.csj-emballages.com\/wp-content\/uploads\/2024\/04\/Couverclebio-300x300.webp","tiered_pricing_type":"fixed","tiered_pricing_fixed_rules":[],"tiered_pricing_percentage_rules":[],"tiered_pricing_minimum":1,"tiered_pricing_roles_data":[],"_links":{"self":[{"href":"https:\/\/www.csj-emballages.com\/es\/wp-json\/wp\/v2\/product\/16600","targetHints":{"allow":["GET"]}}],"collection":[{"href":"https:\/\/www.csj-emballages.com\/es\/wp-json\/wp\/v2\/product"}],"about":[{"href":"https:\/\/www.csj-emballages.com\/es\/wp-json\/wp\/v2\/types\/product"}],"wp:featuredmedia":[{"embeddable":true,"href":"https:\/\/www.csj-emballages.com\/es\/wp-json\/wp\/v2\/media\/177131"}],"wp:attachment":[{"href":"https:\/\/www.csj-emballages.com\/es\/wp-json\/wp\/v2\/media?parent=16600"}],"wp:term":[{"taxonomy":"product_brand","embeddable":true,"href":"https:\/\/www.csj-emballages.com\/es\/wp-json\/wp\/v2\/product_brand?post=16600"},{"taxonomy":"product_cat","embeddable":true,"href":"https:\/\/www.csj-emballages.com\/es\/wp-json\/wp\/v2\/product_cat?post=16600"},{"taxonomy":"product_tag","embeddable":true,"href":"https:\/\/www.csj-emballages.com\/es\/wp-json\/wp\/v2\/product_tag?post=16600"}],"curies":[{"name":"wp","href":"https:\/\/api.w.org\/{rel}","templated":true}]}}