{"id":16547,"date":"2024-04-18T15:59:35","date_gmt":"2024-04-18T13:59:35","guid":{"rendered":"https:\/\/u15jnbdpoq.preview.infomaniak.website\/produit\/10-cajas-de-catering-estilo-chef-63-x-42-x-12-cm\/"},"modified":"2026-04-24T02:12:09","modified_gmt":"2026-04-24T00:12:09","slug":"10-cajas-de-catering-estilo-chef-63-x-42-x-12-cm","status":"publish","type":"product","link":"https:\/\/www.csj-emballages.com\/es\/produit\/10-cajas-de-catering-estilo-chef-63-x-42-x-12-cm\/","title":{"rendered":"Caja para catering modelo Chef 63 x 42 x 12 cm por 10"},"content":{"rendered":"<h2><strong>Cajas para catering modelo \u00abChef\u00bb 63 x 42 x 12 cm &#8211; 10 por caja<\/strong><\/h2>\n<hr>\n<h3>Descripci\u00f3n del producto<\/h3>\n<p><!--more--><\/p>\n<div class=\"flex flex-grow flex-col max-w-full\">\n<div class=\"min-h-[20px] text-message flex flex-col items-start whitespace-pre-wrap break-words [.text-message+&amp;]:mt-5 juice:w-full juice:items-end overflow-x-auto gap-2\" dir=\"auto\" data-message-author-role=\"assistant\" data-message-id=\"566eb11b-adda-44a9-b6d7-345f4b668d29\">\n<div class=\"flex w-full flex-col gap-1 juice:empty:hidden juice:first:pt-[3px]\">\n<div class=\"markdown prose w-full break-words dark:prose-invert light\">\n<p>Las cajas de catering modelo \u00abChef\u00bb son ideales para presentar y transportar tus postres y mignardises con refinamiento y eficacia. Estas cajas ofrecen una presentaci\u00f3n elegante y profesional para tus creaciones pasteleras. Su dise\u00f1o sofisticado y ergon\u00f3mico hace que sean f\u00e1ciles de manejar, a la vez que ofrecen una protecci\u00f3n \u00f3ptima para tus golosinas. Gracias a su impecable acabado y a su capacidad para preservar la frescura de los productos, las cajas para catering modelo \u00abChef\u00bb son la elecci\u00f3n perfecta para los hosteleros y pasteleros que desean ofrecer a sus clientes una experiencia culinaria de alta gama.<\/p>\n<p>Los moldes \u00abChef\u00bb est\u00e1n disponibles en varios tama\u00f1os para adaptarse a todas tus necesidades culinarias.<\/p>\n<\/div>\n<\/div>\n<\/div>\n<\/div>\n<h4>Sus ventajas:<\/h4>\n<ul>\n<li><strong>Pr\u00e1cticos<\/strong>: F\u00e1ciles de manejar y transportar gracias a su dise\u00f1o ergon\u00f3mico.<\/li>\n<li><strong>Elegancia<\/strong>: Una presentaci\u00f3n refinada que realza tus platos e impresiona a tus clientes.<\/li>\n<li><strong>Versatilidad<\/strong>: Disponible en diferentes tama\u00f1os para adaptarse a todo tipo de comidas.<\/li>\n<li><strong>Fiabilidad<\/strong>: Mant\u00e9n los platos frescos durante el transporte, incluso a largas distancias.<\/li>\n<li><strong>Visibilidad<\/strong>: Estas cajas est\u00e1n dise\u00f1adas con una ventana integrada para mostrar tus creaciones.<\/li>\n<\/ul>\n<p>&nbsp;<\/p>\n<p><!--more--><\/p>\n<div class=\"flex flex-grow flex-col max-w-full\">\n<div class=\"min-h-[20px] text-message flex flex-col items-start whitespace-pre-wrap break-words [.text-message+&amp;]:mt-5 juice:w-full juice:items-end overflow-x-auto gap-2\" dir=\"auto\" data-message-author-role=\"assistant\" data-message-id=\"19144bb2-ab30-4ed9-ba69-5b6cdd5089a8\">\n<div class=\"flex w-full flex-col gap-1 juice:empty:hidden juice:first:pt-[3px]\">\n<div class=\"markdown prose w-full break-words dark:prose-invert light\">\n<p>Tambi\u00e9n disponible en tama\u00f1o <span style=\"color: #d12727;\"><br \/>\n  <a style=\"color: #d12727;\" href=\"https:\/\/www.csj-emballages.com\/es\/produit\/20-cajas-de-catering-estilo-chef-43-x-30-x-12-cm-2\/\">43 x 30 x 12 cm<\/a><br \/>\n<\/span><\/p>\n<p>&nbsp;<\/p>\n<\/div>\n<\/div>\n<\/div>\n<\/div>\n<p><!--more--><\/p>\n<p><a href=\"https:\/\/www.csj-emballages.com\/es\/categorie-produit\/envasado-de-alimentos\/carniceria-y-charcuteria\/bandejas-latas-y-tarros\/cajas-almuerzos-para-catering\/\">Ver el resto de nuestra gama de fiambreras<\/a><\/p>\n","protected":false},"excerpt":{"rendered":"<p>Cajas para catering modelo \u00abChef\u00bb 63 x 42 x 12 cm &#8211; 10 por caja Descripci\u00f3n del producto<\/p>\n","protected":false},"featured_media":221564,"template":"","meta":{"_acf_changed":false},"product_brand":[],"product_cat":[1150,1143,1142,1145,3868,1147,1259,3120],"product_tag":[],"class_list":{"0":"post-16547","1":"product","2":"type-product","3":"status-publish","4":"has-post-thumbnail","6":"product_cat-envasado-de-alimentos","7":"product_cat-carniceria-y-charcuteria","8":"product_cat-cajas-almuerzos-para-catering","9":"product_cat-panaderia-y-pasteleria","10":"product_cat-cajas-y-estuches","11":"product_cat-jardineras","12":"product_cat-cajas-para-pasteles","13":"product_cat-latas-de-postre","14":"product_shipping_class-no-permitido-en-reles","16":"first","17":"instock","18":"taxable","19":"shipping-taxable","20":"purchasable","21":"product-type-simple"},"acf":[],"yoast_head":"<!-- This site is optimized with the Yoast SEO Premium plugin v26.6 (Yoast SEO v26.6) - https:\/\/yoast.com\/wordpress\/plugins\/seo\/ -->\n<title>Cajas para catering modelo &quot;Chef&quot; \/ Se venden en paquetes de 10<\/title>\n<meta name=\"description\" content=\"Cajas de catering modelo &quot;Chef&quot;, dim : 630 x 420 x 120 mm \/ Elige ahora un paquete de 10 cajas de catering disponibles en CSJ Emballages\" \/>\n<meta name=\"robots\" content=\"index, follow, max-snippet:-1, max-image-preview:large, max-video-preview:-1\" \/>\n<link rel=\"canonical\" href=\"https:\/\/www.csj-emballages.com\/es\/produit\/10-cajas-de-catering-estilo-chef-63-x-42-x-12-cm\/\" \/>\n<meta property=\"og:locale\" content=\"es_ES\" \/>\n<meta property=\"og:type\" content=\"article\" \/>\n<meta property=\"og:title\" content=\"Caja para catering modelo Chef 63 x 42 x 12 cm por 10\" \/>\n<meta property=\"og:description\" content=\"Cajas de catering modelo &quot;Chef&quot;, dim : 630 x 420 x 120 mm \/ Elige ahora un paquete de 10 cajas de catering disponibles en CSJ Emballages\" \/>\n<meta property=\"og:url\" content=\"https:\/\/www.csj-emballages.com\/es\/produit\/10-cajas-de-catering-estilo-chef-63-x-42-x-12-cm\/\" \/>\n<meta property=\"og:site_name\" content=\"CSJ Emballages\" \/>\n<meta property=\"article:publisher\" content=\"https:\/\/www.facebook.com\/csjemballages\" \/>\n<meta property=\"article:modified_time\" content=\"2026-04-24T00:12:09+00:00\" \/>\n<meta property=\"og:image\" content=\"https:\/\/www.csj-emballages.com\/wp-content\/uploads\/2024\/04\/Boite-chef.webp\" \/>\n\t<meta property=\"og:image:width\" content=\"800\" \/>\n\t<meta property=\"og:image:height\" content=\"800\" \/>\n\t<meta property=\"og:image:type\" content=\"image\/webp\" \/>\n<meta name=\"twitter:card\" content=\"summary_large_image\" \/>\n<meta name=\"twitter:label1\" content=\"Tiempo de lectura\" \/>\n\t<meta name=\"twitter:data1\" content=\"1 minuto\" \/>\n<script type=\"application\/ld+json\" class=\"yoast-schema-graph\">{\"@context\":\"https:\/\/schema.org\",\"@graph\":[{\"@type\":\"WebPage\",\"@id\":\"https:\/\/www.csj-emballages.com\/es\/produit\/10-cajas-de-catering-estilo-chef-63-x-42-x-12-cm\/\",\"url\":\"https:\/\/www.csj-emballages.com\/es\/produit\/10-cajas-de-catering-estilo-chef-63-x-42-x-12-cm\/\",\"name\":\"Cajas para catering modelo \\\"Chef\\\" \/ Se venden en paquetes de 10\",\"isPartOf\":{\"@id\":\"https:\/\/www.csj-emballages.com\/es\/#website\"},\"primaryImageOfPage\":{\"@id\":\"https:\/\/www.csj-emballages.com\/es\/produit\/10-cajas-de-catering-estilo-chef-63-x-42-x-12-cm\/#primaryimage\"},\"image\":{\"@id\":\"https:\/\/www.csj-emballages.com\/es\/produit\/10-cajas-de-catering-estilo-chef-63-x-42-x-12-cm\/#primaryimage\"},\"thumbnailUrl\":\"https:\/\/www.csj-emballages.com\/wp-content\/uploads\/2024\/04\/Boite-chef.webp\",\"datePublished\":\"2024-04-18T13:59:35+00:00\",\"dateModified\":\"2026-04-24T00:12:09+00:00\",\"description\":\"Cajas de catering modelo \\\"Chef\\\", dim : 630 x 420 x 120 mm \/ Elige ahora un paquete de 10 cajas de catering disponibles en CSJ Emballages\",\"breadcrumb\":{\"@id\":\"https:\/\/www.csj-emballages.com\/es\/produit\/10-cajas-de-catering-estilo-chef-63-x-42-x-12-cm\/#breadcrumb\"},\"inLanguage\":\"es\",\"potentialAction\":[{\"@type\":\"ReadAction\",\"target\":[\"https:\/\/www.csj-emballages.com\/es\/produit\/10-cajas-de-catering-estilo-chef-63-x-42-x-12-cm\/\"]}]},{\"@type\":\"ImageObject\",\"inLanguage\":\"es\",\"@id\":\"https:\/\/www.csj-emballages.com\/es\/produit\/10-cajas-de-catering-estilo-chef-63-x-42-x-12-cm\/#primaryimage\",\"url\":\"https:\/\/www.csj-emballages.com\/wp-content\/uploads\/2024\/04\/Boite-chef.webp\",\"contentUrl\":\"https:\/\/www.csj-emballages.com\/wp-content\/uploads\/2024\/04\/Boite-chef.webp\",\"width\":800,\"height\":800,\"caption\":\"Boite traiteur\"},{\"@type\":\"BreadcrumbList\",\"@id\":\"https:\/\/www.csj-emballages.com\/es\/produit\/10-cajas-de-catering-estilo-chef-63-x-42-x-12-cm\/#breadcrumb\",\"itemListElement\":[{\"@type\":\"ListItem\",\"position\":1,\"name\":\"Accueil\",\"item\":\"https:\/\/www.csj-emballages.com\/es\/universo-del-envasado-alimentario\/\"},{\"@type\":\"ListItem\",\"position\":2,\"name\":\"Tienda\",\"item\":\"https:\/\/www.csj-emballages.com\/tienda\/\"},{\"@type\":\"ListItem\",\"position\":3,\"name\":\"Caja para catering modelo Chef 63 x 42 x 12 cm por 10\"}]},{\"@type\":\"WebSite\",\"@id\":\"https:\/\/www.csj-emballages.com\/es\/#website\",\"url\":\"https:\/\/www.csj-emballages.com\/es\/\",\"name\":\"CSJ Emballages\",\"description\":\"\",\"publisher\":{\"@id\":\"https:\/\/www.csj-emballages.com\/es\/#organization\"},\"potentialAction\":[{\"@type\":\"SearchAction\",\"target\":{\"@type\":\"EntryPoint\",\"urlTemplate\":\"https:\/\/www.csj-emballages.com\/es\/?s={search_term_string}\"},\"query-input\":{\"@type\":\"PropertyValueSpecification\",\"valueRequired\":true,\"valueName\":\"search_term_string\"}}],\"inLanguage\":\"es\"},{\"@type\":\"Organization\",\"@id\":\"https:\/\/www.csj-emballages.com\/es\/#Organization\/\",\"name\":\"CSJ Emballages\",\"url\":\"https:\/\/www.csj-emballages.com\/es\/\",\"logo\":{\"@type\":\"ImageObject\",\"inLanguage\":\"es\",\"@id\":\"https:\/\/www.csj-emballages.com\/es\/#\/schema\/logo\/image\/\",\"url\":\"https:\/\/www.csj-emballages.com\/wp-content\/uploads\/2023\/10\/logo_csj.webp\",\"contentUrl\":\"https:\/\/www.csj-emballages.com\/wp-content\/uploads\/2023\/10\/logo_csj.webp\",\"width\":250,\"height\":95,\"caption\":\"CSJ Emballages\"},\"image\":{\"@id\":\"https:\/\/www.csj-emballages.com\/es\/#\/schema\/logo\/image\/\"},\"sameAs\":[\"https:\/\/www.facebook.com\/csjemballages\"],\"address\":{\"@type\":\"PostalAddress\",\"streetAddress\":\"ZI La Lechere\",\"addressLocality\":\"Patornay\",\"postalCode\":\"39130\",\"addressCountry\":\"FR\"},\"contactPoint\":[{\"@type\":\"ContactPoint\",\"contactType\":\"Service client\",\"telephone\":\"0384254272\",\"email\":\"contact@csj-emballages.com\"}]}]}<\/script>\n<!-- \/ Yoast SEO Premium plugin. -->","yoast_head_json":{"title":"Cajas para catering modelo \"Chef\" \/ Se venden en paquetes de 10","description":"Cajas de catering modelo \"Chef\", dim : 630 x 420 x 120 mm \/ Elige ahora un paquete de 10 cajas de catering disponibles en CSJ Emballages","robots":{"index":"index","follow":"follow","max-snippet":"max-snippet:-1","max-image-preview":"max-image-preview:large","max-video-preview":"max-video-preview:-1"},"canonical":"https:\/\/www.csj-emballages.com\/es\/produit\/10-cajas-de-catering-estilo-chef-63-x-42-x-12-cm\/","og_locale":"es_ES","og_type":"article","og_title":"Caja para catering modelo Chef 63 x 42 x 12 cm por 10","og_description":"Cajas de catering modelo \"Chef\", dim : 630 x 420 x 120 mm \/ Elige ahora un paquete de 10 cajas de catering disponibles en CSJ Emballages","og_url":"https:\/\/www.csj-emballages.com\/es\/produit\/10-cajas-de-catering-estilo-chef-63-x-42-x-12-cm\/","og_site_name":"CSJ Emballages","article_publisher":"https:\/\/www.facebook.com\/csjemballages","article_modified_time":"2026-04-24T00:12:09+00:00","og_image":[{"width":800,"height":800,"url":"https:\/\/www.csj-emballages.com\/wp-content\/uploads\/2024\/04\/Boite-chef.webp","type":"image\/webp"}],"twitter_card":"summary_large_image","twitter_misc":{"Tiempo de lectura":"1 minuto"},"schema":{"@context":"https:\/\/schema.org","@graph":[{"@type":"WebPage","@id":"https:\/\/www.csj-emballages.com\/es\/produit\/10-cajas-de-catering-estilo-chef-63-x-42-x-12-cm\/","url":"https:\/\/www.csj-emballages.com\/es\/produit\/10-cajas-de-catering-estilo-chef-63-x-42-x-12-cm\/","name":"Cajas para catering modelo \"Chef\" \/ Se venden en paquetes de 10","isPartOf":{"@id":"https:\/\/www.csj-emballages.com\/es\/#website"},"primaryImageOfPage":{"@id":"https:\/\/www.csj-emballages.com\/es\/produit\/10-cajas-de-catering-estilo-chef-63-x-42-x-12-cm\/#primaryimage"},"image":{"@id":"https:\/\/www.csj-emballages.com\/es\/produit\/10-cajas-de-catering-estilo-chef-63-x-42-x-12-cm\/#primaryimage"},"thumbnailUrl":"https:\/\/www.csj-emballages.com\/wp-content\/uploads\/2024\/04\/Boite-chef.webp","datePublished":"2024-04-18T13:59:35+00:00","dateModified":"2026-04-24T00:12:09+00:00","description":"Cajas de catering modelo \"Chef\", dim : 630 x 420 x 120 mm \/ Elige ahora un paquete de 10 cajas de catering disponibles en CSJ Emballages","breadcrumb":{"@id":"https:\/\/www.csj-emballages.com\/es\/produit\/10-cajas-de-catering-estilo-chef-63-x-42-x-12-cm\/#breadcrumb"},"inLanguage":"es","potentialAction":[{"@type":"ReadAction","target":["https:\/\/www.csj-emballages.com\/es\/produit\/10-cajas-de-catering-estilo-chef-63-x-42-x-12-cm\/"]}]},{"@type":"ImageObject","inLanguage":"es","@id":"https:\/\/www.csj-emballages.com\/es\/produit\/10-cajas-de-catering-estilo-chef-63-x-42-x-12-cm\/#primaryimage","url":"https:\/\/www.csj-emballages.com\/wp-content\/uploads\/2024\/04\/Boite-chef.webp","contentUrl":"https:\/\/www.csj-emballages.com\/wp-content\/uploads\/2024\/04\/Boite-chef.webp","width":800,"height":800,"caption":"Boite traiteur"},{"@type":"BreadcrumbList","@id":"https:\/\/www.csj-emballages.com\/es\/produit\/10-cajas-de-catering-estilo-chef-63-x-42-x-12-cm\/#breadcrumb","itemListElement":[{"@type":"ListItem","position":1,"name":"Accueil","item":"https:\/\/www.csj-emballages.com\/es\/universo-del-envasado-alimentario\/"},{"@type":"ListItem","position":2,"name":"Tienda","item":"https:\/\/www.csj-emballages.com\/tienda\/"},{"@type":"ListItem","position":3,"name":"Caja para catering modelo Chef 63 x 42 x 12 cm por 10"}]},{"@type":"WebSite","@id":"https:\/\/www.csj-emballages.com\/es\/#website","url":"https:\/\/www.csj-emballages.com\/es\/","name":"CSJ Emballages","description":"","publisher":{"@id":"https:\/\/www.csj-emballages.com\/es\/#organization"},"potentialAction":[{"@type":"SearchAction","target":{"@type":"EntryPoint","urlTemplate":"https:\/\/www.csj-emballages.com\/es\/?s={search_term_string}"},"query-input":{"@type":"PropertyValueSpecification","valueRequired":true,"valueName":"search_term_string"}}],"inLanguage":"es"},{"@type":"Organization","@id":"https:\/\/www.csj-emballages.com\/es\/#Organization\/","name":"CSJ Emballages","url":"https:\/\/www.csj-emballages.com\/es\/","logo":{"@type":"ImageObject","inLanguage":"es","@id":"https:\/\/www.csj-emballages.com\/es\/#\/schema\/logo\/image\/","url":"https:\/\/www.csj-emballages.com\/wp-content\/uploads\/2023\/10\/logo_csj.webp","contentUrl":"https:\/\/www.csj-emballages.com\/wp-content\/uploads\/2023\/10\/logo_csj.webp","width":250,"height":95,"caption":"CSJ Emballages"},"image":{"@id":"https:\/\/www.csj-emballages.com\/es\/#\/schema\/logo\/image\/"},"sameAs":["https:\/\/www.facebook.com\/csjemballages"],"address":{"@type":"PostalAddress","streetAddress":"ZI La Lechere","addressLocality":"Patornay","postalCode":"39130","addressCountry":"FR"},"contactPoint":[{"@type":"ContactPoint","contactType":"Service client","telephone":"0384254272","email":"contact@csj-emballages.com"}]}]}},"df_price":37.87,"df_sale_price":"","df_regular_price":37.87,"df_image_link":"https:\/\/www.csj-emballages.com\/wp-content\/uploads\/2024\/04\/Boite-chef-300x300.webp","tiered_pricing_type":"fixed","tiered_pricing_fixed_rules":[],"tiered_pricing_percentage_rules":[],"tiered_pricing_minimum":1,"tiered_pricing_roles_data":[],"_links":{"self":[{"href":"https:\/\/www.csj-emballages.com\/es\/wp-json\/wp\/v2\/product\/16547","targetHints":{"allow":["GET"]}}],"collection":[{"href":"https:\/\/www.csj-emballages.com\/es\/wp-json\/wp\/v2\/product"}],"about":[{"href":"https:\/\/www.csj-emballages.com\/es\/wp-json\/wp\/v2\/types\/product"}],"wp:featuredmedia":[{"embeddable":true,"href":"https:\/\/www.csj-emballages.com\/es\/wp-json\/wp\/v2\/media\/221564"}],"wp:attachment":[{"href":"https:\/\/www.csj-emballages.com\/es\/wp-json\/wp\/v2\/media?parent=16547"}],"wp:term":[{"taxonomy":"product_brand","embeddable":true,"href":"https:\/\/www.csj-emballages.com\/es\/wp-json\/wp\/v2\/product_brand?post=16547"},{"taxonomy":"product_cat","embeddable":true,"href":"https:\/\/www.csj-emballages.com\/es\/wp-json\/wp\/v2\/product_cat?post=16547"},{"taxonomy":"product_tag","embeddable":true,"href":"https:\/\/www.csj-emballages.com\/es\/wp-json\/wp\/v2\/product_tag?post=16547"}],"curies":[{"name":"wp","href":"https:\/\/api.w.org\/{rel}","templated":true}]}}