{"id":16536,"date":"2024-05-29T09:00:44","date_gmt":"2024-05-29T07:00:44","guid":{"rendered":"https:\/\/u15jnbdpoq.preview.infomaniak.website\/?post_type=product&#038;p=16536"},"modified":"2026-04-15T02:17:11","modified_gmt":"2026-04-15T00:17:11","slug":"500-hojas-de-soja-kraft-compostables-antigrasa-308-x-27-cm","status":"publish","type":"product","link":"https:\/\/www.csj-emballages.com\/es\/produit\/500-hojas-de-soja-kraft-compostables-antigrasa-308-x-27-cm\/","title":{"rendered":"Papel kraft antigrasa de soja compostable 30,8 x 27 cm por 500"},"content":{"rendered":"<h2 class=\"p1\">Papel sulfurizado<\/h2>\n<hr>\n<h3>Descripci\u00f3n de nuestra hoja de soja engrasada kraft compostable 30,8 x 27 cm por 500<\/h3>\n<p><!--more--><\/p>\n<p>Descubra nuestra <strong>hoja de soja compostable krafts de 30,8 x 27 cm<\/strong>, ideal para envasar sus productos de carnicer\u00eda y charcuter\u00eda. Fabricadas con materiales sostenibles, estas l\u00e1minas son respetuosas con el medio ambiente. Ofrecen una barrera \u00f3ptima contra la grasa, manteniendo frescos sus productos. La soja utilizada garantiza una calidad superior y una mayor resistencia. Estas <strong>hojas<\/strong> de soja tambi\u00e9n son compostables, lo que reduce su huella ecol\u00f3gica. Perfectas para los profesionales, combinan practicidad y respeto por el medio ambiente.     <\/p>\n<p>El <strong>papel<\/strong> <strong>antigrasa compostable Kraft<\/strong> es f\u00e1cil de usar y muy eficaz. Su textura facilita su manipulaci\u00f3n. Est\u00e1n disponibles en diferentes tama\u00f1os para adaptarse a todas sus necesidades. Su acabado kraft a\u00f1ade un toque natural y aut\u00e9ntico a sus envases.   <\/p>\n<p>Con estas l\u00e1minas, podr\u00e1 ofrecer a sus clientes un producto respetuoso con el planeta. Su resistencia a la grasa evita las fugas, garantizando una presentaci\u00f3n limpia e higi\u00e9nica. Elija estas l\u00e1minas para un envasado que combine calidad, practicidad y ecolog\u00eda.  <\/p>\n<p>&nbsp;<\/p>\n<p><!--more--><\/p>\n<p>Al elegir nuestras <strong>hojas de soja compostables krafts de 30,8 x 27 cm<\/strong>, est\u00e1 optando por un envase sostenible de alto rendimiento que protege el medio ambiente.<\/p>\n<p>&nbsp;<\/p>\n<p><!--more--><\/p>\n<p><strong>Ventajas :<\/strong><\/p>\n<ul>\n<li>Fabricadas a partir de materiales biodegradables, se descomponen naturalmente despu\u00e9s de su uso, reduciendo los residuos.<\/li>\n<li>La composici\u00f3n en soja garantiza una barrera eficaz contra las grasas, evitando fugas y manchas.<\/li>\n<li>Adaptable a diversos tipos de productos, desde peque\u00f1as charcuter\u00edas hasta grandes piezas de carne.<\/li>\n<\/ul>\n<p>&nbsp;<\/p>\n<p><!--more--><\/p>\n<h4>Informaci\u00f3n adicional :<\/h4>\n<ul>\n<li><strong>Envase<\/strong>: Paquete de 500 unidades<\/li>\n<li><strong>Dimensiones<\/strong>: 30,8 x 27 cm<\/li>\n<li><strong>Material<\/strong>: Papel antigrasa (soja)<\/li>\n<\/ul>\n<p>&nbsp;<\/p>\n<p><!--more--><\/p>\n<p>Haga clic aqu\u00ed para ver los diferentes tama\u00f1os disponibles para este art\u00edculo: <span style=\"color: #d12727;\"><a style=\"color: #d12727;\" href=\"https:\/\/www.csj-emballages.com\/produit\/500-feuilles-de-soja-ingraissables-kraft-compostables-30-8-x-27-cm\/\">30,8 x 27 cm<\/a><\/span> \/ <span style=\"color: #d12727;\"><a style=\"color: #d12727;\" href=\"https:\/\/www.csj-emballages.com\/en\/produit\/500-compostable-kraft-greaseproof-soya-sheets-26-x-27-cm\/\">26 x 27 cm<\/a><\/span> \/ <span style=\"color: #d12727;\"><a style=\"color: #d12727;\" href=\"https:\/\/www.csj-emballages.com\/produit\/500-feuilles-de-soja-ingraissables-kraft-compostables-37-5-x-27-cm\/\">37,5 x 27 cm<\/a><\/span><\/p>\n<p>&nbsp;<\/p>\n<p><!--more--><\/p>\n<p><a href=\"https:\/\/www.csj-emballages.com\/es\/categorie-produit\/envasado-de-alimentos\/carniceria-y-charcuteria\/papel-alimentario\/papeles-sulfurizados-krafts\/\">Ver el resto de nuestra gama de papeles antigrasa krafts<\/a><\/p>\n","protected":false},"excerpt":{"rendered":"<p>Papel sulfurizado Descripci\u00f3n de nuestra hoja de soja engrasada kraft compostable 30,8 x 27 cm por 500<\/p>\n","protected":false},"featured_media":225074,"template":"","meta":{"_acf_changed":false},"product_brand":[],"product_cat":[1150,1143,2572,7105],"product_tag":[],"class_list":{"0":"post-16536","1":"product","2":"type-product","3":"status-publish","4":"has-post-thumbnail","6":"product_cat-envasado-de-alimentos","7":"product_cat-carniceria-y-charcuteria","8":"product_cat-papel-alimentario","9":"product_cat-papeles-sulfurizados-krafts","11":"first","12":"instock","13":"taxable","14":"shipping-taxable","15":"purchasable","16":"product-type-simple"},"acf":[],"yoast_head":"<!-- This site is optimized with the Yoast SEO Premium plugin v26.6 (Yoast SEO v26.6) - https:\/\/yoast.com\/wordpress\/plugins\/seo\/ -->\n<title>Papel sulfurizado antigrasa Hoja de soja 30,8 x 27 cm por 500<\/title>\n<meta name=\"description\" content=\"Papel sulfurizado de hoja de soja antigrasa en 30,8 x 27 cm. Envase ecol\u00f3gico y resistente a la grasa, perfecto para sus carnes y embutidos.\" \/>\n<meta name=\"robots\" content=\"index, follow, max-snippet:-1, max-image-preview:large, max-video-preview:-1\" \/>\n<link rel=\"canonical\" href=\"https:\/\/www.csj-emballages.com\/es\/produit\/500-hojas-de-soja-kraft-compostables-antigrasa-308-x-27-cm\/\" \/>\n<meta property=\"og:locale\" content=\"es_ES\" \/>\n<meta property=\"og:type\" content=\"article\" \/>\n<meta property=\"og:title\" content=\"Papel kraft antigrasa de soja compostable 30,8 x 27 cm por 500\" \/>\n<meta property=\"og:description\" content=\"Papel sulfurizado de hoja de soja antigrasa en 30,8 x 27 cm. Envase ecol\u00f3gico y resistente a la grasa, perfecto para sus carnes y embutidos.\" \/>\n<meta property=\"og:url\" content=\"https:\/\/www.csj-emballages.com\/es\/produit\/500-hojas-de-soja-kraft-compostables-antigrasa-308-x-27-cm\/\" \/>\n<meta property=\"og:site_name\" content=\"CSJ Emballages\" \/>\n<meta property=\"article:publisher\" content=\"https:\/\/www.facebook.com\/csjemballages\" \/>\n<meta property=\"article:modified_time\" content=\"2026-04-15T00:17:11+00:00\" \/>\n<meta property=\"og:image\" content=\"https:\/\/www.csj-emballages.com\/wp-content\/uploads\/2024\/05\/Papier-sulfurise-308-x-27-1.webp\" \/>\n\t<meta property=\"og:image:width\" content=\"800\" \/>\n\t<meta property=\"og:image:height\" content=\"800\" \/>\n\t<meta property=\"og:image:type\" content=\"image\/webp\" \/>\n<meta name=\"twitter:card\" content=\"summary_large_image\" \/>\n<meta name=\"twitter:label1\" content=\"Tiempo de lectura\" \/>\n\t<meta name=\"twitter:data1\" content=\"2 minutos\" \/>\n<script type=\"application\/ld+json\" class=\"yoast-schema-graph\">{\"@context\":\"https:\/\/schema.org\",\"@graph\":[{\"@type\":\"WebPage\",\"@id\":\"https:\/\/www.csj-emballages.com\/es\/produit\/500-hojas-de-soja-kraft-compostables-antigrasa-308-x-27-cm\/\",\"url\":\"https:\/\/www.csj-emballages.com\/es\/produit\/500-hojas-de-soja-kraft-compostables-antigrasa-308-x-27-cm\/\",\"name\":\"Papel sulfurizado antigrasa Hoja de soja 30,8 x 27 cm por 500\",\"isPartOf\":{\"@id\":\"https:\/\/www.csj-emballages.com\/es\/#website\"},\"primaryImageOfPage\":{\"@id\":\"https:\/\/www.csj-emballages.com\/es\/produit\/500-hojas-de-soja-kraft-compostables-antigrasa-308-x-27-cm\/#primaryimage\"},\"image\":{\"@id\":\"https:\/\/www.csj-emballages.com\/es\/produit\/500-hojas-de-soja-kraft-compostables-antigrasa-308-x-27-cm\/#primaryimage\"},\"thumbnailUrl\":\"https:\/\/www.csj-emballages.com\/wp-content\/uploads\/2024\/05\/Papier-sulfurise-308-x-27-1.webp\",\"datePublished\":\"2024-05-29T07:00:44+00:00\",\"dateModified\":\"2026-04-15T00:17:11+00:00\",\"description\":\"Papel sulfurizado de hoja de soja antigrasa en 30,8 x 27 cm. Envase ecol\u00f3gico y resistente a la grasa, perfecto para sus carnes y embutidos.\",\"breadcrumb\":{\"@id\":\"https:\/\/www.csj-emballages.com\/es\/produit\/500-hojas-de-soja-kraft-compostables-antigrasa-308-x-27-cm\/#breadcrumb\"},\"inLanguage\":\"es\",\"potentialAction\":[{\"@type\":\"ReadAction\",\"target\":[\"https:\/\/www.csj-emballages.com\/es\/produit\/500-hojas-de-soja-kraft-compostables-antigrasa-308-x-27-cm\/\"]}]},{\"@type\":\"ImageObject\",\"inLanguage\":\"es\",\"@id\":\"https:\/\/www.csj-emballages.com\/es\/produit\/500-hojas-de-soja-kraft-compostables-antigrasa-308-x-27-cm\/#primaryimage\",\"url\":\"https:\/\/www.csj-emballages.com\/wp-content\/uploads\/2024\/05\/Papier-sulfurise-308-x-27-1.webp\",\"contentUrl\":\"https:\/\/www.csj-emballages.com\/wp-content\/uploads\/2024\/05\/Papier-sulfurise-308-x-27-1.webp\",\"width\":800,\"height\":800,\"caption\":\"papier sulfuris\u00e9\"},{\"@type\":\"BreadcrumbList\",\"@id\":\"https:\/\/www.csj-emballages.com\/es\/produit\/500-hojas-de-soja-kraft-compostables-antigrasa-308-x-27-cm\/#breadcrumb\",\"itemListElement\":[{\"@type\":\"ListItem\",\"position\":1,\"name\":\"Accueil\",\"item\":\"https:\/\/www.csj-emballages.com\/es\/universo-del-envasado-alimentario\/\"},{\"@type\":\"ListItem\",\"position\":2,\"name\":\"Tienda\",\"item\":\"https:\/\/www.csj-emballages.com\/tienda\/\"},{\"@type\":\"ListItem\",\"position\":3,\"name\":\"Papel kraft antigrasa de soja compostable 30,8 x 27 cm por 500\"}]},{\"@type\":\"WebSite\",\"@id\":\"https:\/\/www.csj-emballages.com\/es\/#website\",\"url\":\"https:\/\/www.csj-emballages.com\/es\/\",\"name\":\"CSJ Emballages\",\"description\":\"\",\"publisher\":{\"@id\":\"https:\/\/www.csj-emballages.com\/es\/#organization\"},\"potentialAction\":[{\"@type\":\"SearchAction\",\"target\":{\"@type\":\"EntryPoint\",\"urlTemplate\":\"https:\/\/www.csj-emballages.com\/es\/?s={search_term_string}\"},\"query-input\":{\"@type\":\"PropertyValueSpecification\",\"valueRequired\":true,\"valueName\":\"search_term_string\"}}],\"inLanguage\":\"es\"},{\"@type\":\"Organization\",\"@id\":\"https:\/\/www.csj-emballages.com\/es\/#Organization\/\",\"name\":\"CSJ Emballages\",\"url\":\"https:\/\/www.csj-emballages.com\/es\/\",\"logo\":{\"@type\":\"ImageObject\",\"inLanguage\":\"es\",\"@id\":\"https:\/\/www.csj-emballages.com\/es\/#\/schema\/logo\/image\/\",\"url\":\"https:\/\/www.csj-emballages.com\/wp-content\/uploads\/2023\/10\/logo_csj.webp\",\"contentUrl\":\"https:\/\/www.csj-emballages.com\/wp-content\/uploads\/2023\/10\/logo_csj.webp\",\"width\":250,\"height\":95,\"caption\":\"CSJ Emballages\"},\"image\":{\"@id\":\"https:\/\/www.csj-emballages.com\/es\/#\/schema\/logo\/image\/\"},\"sameAs\":[\"https:\/\/www.facebook.com\/csjemballages\"],\"address\":{\"@type\":\"PostalAddress\",\"streetAddress\":\"ZI La Lechere\",\"addressLocality\":\"Patornay\",\"postalCode\":\"39130\",\"addressCountry\":\"FR\"},\"contactPoint\":[{\"@type\":\"ContactPoint\",\"contactType\":\"Service client\",\"telephone\":\"0384254272\",\"email\":\"contact@csj-emballages.com\"}]}]}<\/script>\n<!-- \/ Yoast SEO Premium plugin. -->","yoast_head_json":{"title":"Papel sulfurizado antigrasa Hoja de soja 30,8 x 27 cm por 500","description":"Papel sulfurizado de hoja de soja antigrasa en 30,8 x 27 cm. Envase ecol\u00f3gico y resistente a la grasa, perfecto para sus carnes y embutidos.","robots":{"index":"index","follow":"follow","max-snippet":"max-snippet:-1","max-image-preview":"max-image-preview:large","max-video-preview":"max-video-preview:-1"},"canonical":"https:\/\/www.csj-emballages.com\/es\/produit\/500-hojas-de-soja-kraft-compostables-antigrasa-308-x-27-cm\/","og_locale":"es_ES","og_type":"article","og_title":"Papel kraft antigrasa de soja compostable 30,8 x 27 cm por 500","og_description":"Papel sulfurizado de hoja de soja antigrasa en 30,8 x 27 cm. Envase ecol\u00f3gico y resistente a la grasa, perfecto para sus carnes y embutidos.","og_url":"https:\/\/www.csj-emballages.com\/es\/produit\/500-hojas-de-soja-kraft-compostables-antigrasa-308-x-27-cm\/","og_site_name":"CSJ Emballages","article_publisher":"https:\/\/www.facebook.com\/csjemballages","article_modified_time":"2026-04-15T00:17:11+00:00","og_image":[{"width":800,"height":800,"url":"https:\/\/www.csj-emballages.com\/wp-content\/uploads\/2024\/05\/Papier-sulfurise-308-x-27-1.webp","type":"image\/webp"}],"twitter_card":"summary_large_image","twitter_misc":{"Tiempo de lectura":"2 minutos"},"schema":{"@context":"https:\/\/schema.org","@graph":[{"@type":"WebPage","@id":"https:\/\/www.csj-emballages.com\/es\/produit\/500-hojas-de-soja-kraft-compostables-antigrasa-308-x-27-cm\/","url":"https:\/\/www.csj-emballages.com\/es\/produit\/500-hojas-de-soja-kraft-compostables-antigrasa-308-x-27-cm\/","name":"Papel sulfurizado antigrasa Hoja de soja 30,8 x 27 cm por 500","isPartOf":{"@id":"https:\/\/www.csj-emballages.com\/es\/#website"},"primaryImageOfPage":{"@id":"https:\/\/www.csj-emballages.com\/es\/produit\/500-hojas-de-soja-kraft-compostables-antigrasa-308-x-27-cm\/#primaryimage"},"image":{"@id":"https:\/\/www.csj-emballages.com\/es\/produit\/500-hojas-de-soja-kraft-compostables-antigrasa-308-x-27-cm\/#primaryimage"},"thumbnailUrl":"https:\/\/www.csj-emballages.com\/wp-content\/uploads\/2024\/05\/Papier-sulfurise-308-x-27-1.webp","datePublished":"2024-05-29T07:00:44+00:00","dateModified":"2026-04-15T00:17:11+00:00","description":"Papel sulfurizado de hoja de soja antigrasa en 30,8 x 27 cm. Envase ecol\u00f3gico y resistente a la grasa, perfecto para sus carnes y embutidos.","breadcrumb":{"@id":"https:\/\/www.csj-emballages.com\/es\/produit\/500-hojas-de-soja-kraft-compostables-antigrasa-308-x-27-cm\/#breadcrumb"},"inLanguage":"es","potentialAction":[{"@type":"ReadAction","target":["https:\/\/www.csj-emballages.com\/es\/produit\/500-hojas-de-soja-kraft-compostables-antigrasa-308-x-27-cm\/"]}]},{"@type":"ImageObject","inLanguage":"es","@id":"https:\/\/www.csj-emballages.com\/es\/produit\/500-hojas-de-soja-kraft-compostables-antigrasa-308-x-27-cm\/#primaryimage","url":"https:\/\/www.csj-emballages.com\/wp-content\/uploads\/2024\/05\/Papier-sulfurise-308-x-27-1.webp","contentUrl":"https:\/\/www.csj-emballages.com\/wp-content\/uploads\/2024\/05\/Papier-sulfurise-308-x-27-1.webp","width":800,"height":800,"caption":"papier sulfuris\u00e9"},{"@type":"BreadcrumbList","@id":"https:\/\/www.csj-emballages.com\/es\/produit\/500-hojas-de-soja-kraft-compostables-antigrasa-308-x-27-cm\/#breadcrumb","itemListElement":[{"@type":"ListItem","position":1,"name":"Accueil","item":"https:\/\/www.csj-emballages.com\/es\/universo-del-envasado-alimentario\/"},{"@type":"ListItem","position":2,"name":"Tienda","item":"https:\/\/www.csj-emballages.com\/tienda\/"},{"@type":"ListItem","position":3,"name":"Papel kraft antigrasa de soja compostable 30,8 x 27 cm por 500"}]},{"@type":"WebSite","@id":"https:\/\/www.csj-emballages.com\/es\/#website","url":"https:\/\/www.csj-emballages.com\/es\/","name":"CSJ Emballages","description":"","publisher":{"@id":"https:\/\/www.csj-emballages.com\/es\/#organization"},"potentialAction":[{"@type":"SearchAction","target":{"@type":"EntryPoint","urlTemplate":"https:\/\/www.csj-emballages.com\/es\/?s={search_term_string}"},"query-input":{"@type":"PropertyValueSpecification","valueRequired":true,"valueName":"search_term_string"}}],"inLanguage":"es"},{"@type":"Organization","@id":"https:\/\/www.csj-emballages.com\/es\/#Organization\/","name":"CSJ Emballages","url":"https:\/\/www.csj-emballages.com\/es\/","logo":{"@type":"ImageObject","inLanguage":"es","@id":"https:\/\/www.csj-emballages.com\/es\/#\/schema\/logo\/image\/","url":"https:\/\/www.csj-emballages.com\/wp-content\/uploads\/2023\/10\/logo_csj.webp","contentUrl":"https:\/\/www.csj-emballages.com\/wp-content\/uploads\/2023\/10\/logo_csj.webp","width":250,"height":95,"caption":"CSJ Emballages"},"image":{"@id":"https:\/\/www.csj-emballages.com\/es\/#\/schema\/logo\/image\/"},"sameAs":["https:\/\/www.facebook.com\/csjemballages"],"address":{"@type":"PostalAddress","streetAddress":"ZI La Lechere","addressLocality":"Patornay","postalCode":"39130","addressCountry":"FR"},"contactPoint":[{"@type":"ContactPoint","contactType":"Service client","telephone":"0384254272","email":"contact@csj-emballages.com"}]}]}},"df_price":16.5,"df_sale_price":"","df_regular_price":16.5,"df_image_link":"https:\/\/www.csj-emballages.com\/wp-content\/uploads\/2024\/05\/Papier-sulfurise-308-x-27-1-300x300.webp","tiered_pricing_type":"fixed","tiered_pricing_fixed_rules":[],"tiered_pricing_percentage_rules":[],"tiered_pricing_minimum":1,"tiered_pricing_roles_data":[],"_links":{"self":[{"href":"https:\/\/www.csj-emballages.com\/es\/wp-json\/wp\/v2\/product\/16536","targetHints":{"allow":["GET"]}}],"collection":[{"href":"https:\/\/www.csj-emballages.com\/es\/wp-json\/wp\/v2\/product"}],"about":[{"href":"https:\/\/www.csj-emballages.com\/es\/wp-json\/wp\/v2\/types\/product"}],"wp:featuredmedia":[{"embeddable":true,"href":"https:\/\/www.csj-emballages.com\/es\/wp-json\/wp\/v2\/media\/225074"}],"wp:attachment":[{"href":"https:\/\/www.csj-emballages.com\/es\/wp-json\/wp\/v2\/media?parent=16536"}],"wp:term":[{"taxonomy":"product_brand","embeddable":true,"href":"https:\/\/www.csj-emballages.com\/es\/wp-json\/wp\/v2\/product_brand?post=16536"},{"taxonomy":"product_cat","embeddable":true,"href":"https:\/\/www.csj-emballages.com\/es\/wp-json\/wp\/v2\/product_cat?post=16536"},{"taxonomy":"product_tag","embeddable":true,"href":"https:\/\/www.csj-emballages.com\/es\/wp-json\/wp\/v2\/product_tag?post=16536"}],"curies":[{"name":"wp","href":"https:\/\/api.w.org\/{rel}","templated":true}]}}