{"id":159604,"date":"2024-11-06T02:18:31","date_gmt":"2024-11-06T01:18:31","guid":{"rendered":"https:\/\/www.csj-emballages.com\/?post_type=product&#038;p=159604"},"modified":"2026-04-03T02:12:31","modified_gmt":"2026-04-03T00:12:31","slug":"1-kg-de-pistachos-estandar-sin-cascara","status":"publish","type":"product","link":"https:\/\/www.csj-emballages.com\/es\/produit\/1-kg-de-pistachos-estandar-sin-cascara\/","title":{"rendered":"Pistachos est\u00e1ndar sin c\u00e1scara 1kg"},"content":{"rendered":"<h2>Pistacho<\/h2>\n<hr>\n<h3><span style=\"font-weight: bold\">Descubra nuestro pistacho podado por 1kg<\/span><\/h3>\n<p>Descubra nuestra <strong>poda de pistachos est\u00e1ndar<\/strong> de primera calidad, ideal para realzar sus platos. Este pr\u00e1ctico formato<strong>de 1 kg<\/strong> es ideal tanto para uso particular como profesional. Cultivados con esmero, estos pistachos <strong>est\u00e1ndar sin c\u00e1scara<\/strong> aportan sabor y textura a sus platos. Cada <strong>pistacho<\/strong> se selecciona cuidadosamente para garantizar una frescura inigualable. El proceso de recorte elimina la fina piel, revelando toda la riqueza de la semilla. Este paso mejora la textura y facilita su incorporaci\u00f3n a sus recetas.     <\/p>\n<p><strong>Los pistachos est\u00e1ndar<\/strong> son naturalmente ricos en fibra, prote\u00ednas y vitaminas esenciales. Incorporados a su dieta diaria, aportan energ\u00eda y contribuyen a una alimentaci\u00f3n equilibrada. Adem\u00e1s, su sabor sutil y crujiente los convierte en un ingrediente esencial en sus creaciones dulces y saladas.  <\/p>\n<p>&nbsp;<\/p>\n<p><!--more--><\/p>\n<h3>Perfecto para todas sus ideas gourmet<\/h3>\n<p><strong>Los pistachos est\u00e1ndar<\/strong> se prestan a multitud de preparaciones. Tanto en reposter\u00eda como en platos salados o aperitivos, se integran armoniosamente. Su sabor suave combina a la perfecci\u00f3n con postres como macarrones o helados. En platos salados, aportan un toque de originalidad a ensaladas, risottos y salsas.   <\/p>\n<p>Para conservar frescos los <strong>pistachos est\u00e1ndar<\/strong>, gu\u00e1rdelos en un lugar fresco y seco. Una vez abiertos, ci\u00e9rrelos bien o p\u00e1selos a un recipiente herm\u00e9tico. Estas precauciones conservar\u00e1n su sabor y su textura crujiente.  <\/p>\n<p>&nbsp;<\/p>\n<p><!--more--><\/p>\n<p>Aproveche este generoso formato de un kilo para explorar todos sus deseos gourmet.<\/p>\n<p>&nbsp;<\/p>\n<p><!--more--><\/p>\n<h4>Los beneficios:<\/h4>\n<ul>\n<li><strong>Listo para usar<\/strong>: sin piel, <strong>los pistachos pelados est\u00e1ndar<\/strong> pueden utilizarse directamente en todas sus recetas.<\/li>\n<li><strong>Versatilidad culinaria<\/strong>: Estos <strong>pistachos sin c\u00e1scara<\/strong> son perfectos en platos dulces y salados, o como simple tentempi\u00e9.<\/li>\n<li><strong>Beneficios nutricionales<\/strong>: Fuentes naturales de fibra, vitaminas y prote\u00ednas, contribuyen a una dieta sana.<\/li>\n<li><strong>Formato econ\u00f3mico<\/strong>: El envase de 1 kg responde a las necesidades de los profesionales.<\/li>\n<\/ul>\n<p>&nbsp;<\/p>\n<p><!--more--><\/p>\n<h4>Informaci\u00f3n adicional :<\/h4>\n<ul>\n<li><strong>Envase<\/strong>: 1kg<\/li>\n<\/ul>\n<p>&nbsp;<\/p>\n<p><!--more--><\/p>\n<h4>Composici\u00f3n:<\/h4>\n<ul>\n<li><strong>Grasas<\/strong>: 45,4 g \/ <strong>Energ\u00eda<\/strong>: 592 kcal por 100 g \/ <strong>\u00c1cidos grasos saturados<\/strong>: 5,6 g \/ <strong>Hidratos de carbono<\/strong>: 27,5 g \/ <strong>Az\u00facares<\/strong>: 5,7 g \/ <strong>Prote\u00ednas<\/strong>: 20,3 g \/<\/li>\n<\/ul>\n<p>&nbsp;<\/p>\n<p><!--more--><\/p>\n<p><a href=\"https:\/\/www.csj-emballages.com\/es\/categorie-produit\/alimentacion-es\/frutos-secos-es-2\/\">Consulta el resto de nuestra gama de frutos secos aqu\u00ed<\/a><\/p>\n","protected":false},"excerpt":{"rendered":"<p>Pistacho Descubra nuestro pistacho podado por 1kg Descubra nuestra poda de pistachos est\u00e1ndar de primera calidad, ideal para realzar sus platos. Este pr\u00e1ctico formatode 1 kg es ideal tanto para uso particular como profesional. Cultivados con esmero, estos pistachos est\u00e1ndar sin c\u00e1scara aportan sabor y textura a sus platos. Cada pistacho se selecciona cuidadosamente para [&hellip;]<\/p>\n","protected":false},"featured_media":191120,"template":"","meta":{"_acf_changed":false},"product_brand":[],"product_cat":[1162,7621],"product_tag":[],"class_list":{"0":"post-159604","1":"product","2":"type-product","3":"status-publish","4":"has-post-thumbnail","6":"product_cat-alimentacion-es","7":"product_cat-frutos-secos-es-2","9":"first","10":"instock","11":"taxable","12":"shipping-taxable","13":"purchasable","14":"product-type-simple"},"acf":[],"yoast_head":"<!-- This site is optimized with the Yoast SEO Premium plugin v26.6 (Yoast SEO v26.6) - https:\/\/yoast.com\/wordpress\/plugins\/seo\/ -->\n<title>Pistacho Standard - 1kg<\/title>\n<meta name=\"description\" content=\"Descubra nuestro pistacho est\u00e1ndar de 1 kg: aut\u00e9ntico sabor, pr\u00e1ctico y rico en beneficios para todas sus recetas.\" \/>\n<meta name=\"robots\" content=\"index, follow, max-snippet:-1, max-image-preview:large, max-video-preview:-1\" \/>\n<link rel=\"canonical\" href=\"https:\/\/www.csj-emballages.com\/es\/produit\/1-kg-de-pistachos-estandar-sin-cascara\/\" \/>\n<meta property=\"og:locale\" content=\"es_ES\" \/>\n<meta property=\"og:type\" content=\"article\" \/>\n<meta property=\"og:title\" content=\"Pistachos est\u00e1ndar sin c\u00e1scara 1kg\" \/>\n<meta property=\"og:description\" content=\"Descubra nuestro pistacho est\u00e1ndar de 1 kg: aut\u00e9ntico sabor, pr\u00e1ctico y rico en beneficios para todas sus recetas.\" \/>\n<meta property=\"og:url\" content=\"https:\/\/www.csj-emballages.com\/es\/produit\/1-kg-de-pistachos-estandar-sin-cascara\/\" \/>\n<meta property=\"og:site_name\" content=\"CSJ Emballages\" \/>\n<meta property=\"article:publisher\" content=\"https:\/\/www.facebook.com\/csjemballages\" \/>\n<meta property=\"article:modified_time\" content=\"2026-04-03T00:12:31+00:00\" \/>\n<meta property=\"og:image\" content=\"https:\/\/www.csj-emballages.com\/wp-content\/uploads\/2024\/11\/pistachemondeS.webp\" \/>\n\t<meta property=\"og:image:width\" content=\"799\" \/>\n\t<meta property=\"og:image:height\" content=\"799\" \/>\n\t<meta property=\"og:image:type\" content=\"image\/webp\" \/>\n<meta name=\"twitter:card\" content=\"summary_large_image\" \/>\n<meta name=\"twitter:label1\" content=\"Tiempo de lectura\" \/>\n\t<meta name=\"twitter:data1\" content=\"2 minutos\" \/>\n<script type=\"application\/ld+json\" class=\"yoast-schema-graph\">{\"@context\":\"https:\/\/schema.org\",\"@graph\":[{\"@type\":\"WebPage\",\"@id\":\"https:\/\/www.csj-emballages.com\/es\/produit\/1-kg-de-pistachos-estandar-sin-cascara\/\",\"url\":\"https:\/\/www.csj-emballages.com\/es\/produit\/1-kg-de-pistachos-estandar-sin-cascara\/\",\"name\":\"Pistacho Standard - 1kg\",\"isPartOf\":{\"@id\":\"https:\/\/www.csj-emballages.com\/es\/#website\"},\"primaryImageOfPage\":{\"@id\":\"https:\/\/www.csj-emballages.com\/es\/produit\/1-kg-de-pistachos-estandar-sin-cascara\/#primaryimage\"},\"image\":{\"@id\":\"https:\/\/www.csj-emballages.com\/es\/produit\/1-kg-de-pistachos-estandar-sin-cascara\/#primaryimage\"},\"thumbnailUrl\":\"https:\/\/www.csj-emballages.com\/wp-content\/uploads\/2024\/11\/pistachemondeS.webp\",\"datePublished\":\"2024-11-06T01:18:31+00:00\",\"dateModified\":\"2026-04-03T00:12:31+00:00\",\"description\":\"Descubra nuestro pistacho est\u00e1ndar de 1 kg: aut\u00e9ntico sabor, pr\u00e1ctico y rico en beneficios para todas sus recetas.\",\"breadcrumb\":{\"@id\":\"https:\/\/www.csj-emballages.com\/es\/produit\/1-kg-de-pistachos-estandar-sin-cascara\/#breadcrumb\"},\"inLanguage\":\"es\",\"potentialAction\":[{\"@type\":\"ReadAction\",\"target\":[\"https:\/\/www.csj-emballages.com\/es\/produit\/1-kg-de-pistachos-estandar-sin-cascara\/\"]}]},{\"@type\":\"ImageObject\",\"inLanguage\":\"es\",\"@id\":\"https:\/\/www.csj-emballages.com\/es\/produit\/1-kg-de-pistachos-estandar-sin-cascara\/#primaryimage\",\"url\":\"https:\/\/www.csj-emballages.com\/wp-content\/uploads\/2024\/11\/pistachemondeS.webp\",\"contentUrl\":\"https:\/\/www.csj-emballages.com\/wp-content\/uploads\/2024\/11\/pistachemondeS.webp\",\"width\":799,\"height\":799,\"caption\":\"pistache\"},{\"@type\":\"BreadcrumbList\",\"@id\":\"https:\/\/www.csj-emballages.com\/es\/produit\/1-kg-de-pistachos-estandar-sin-cascara\/#breadcrumb\",\"itemListElement\":[{\"@type\":\"ListItem\",\"position\":1,\"name\":\"Accueil\",\"item\":\"https:\/\/www.csj-emballages.com\/es\/universo-del-envasado-alimentario\/\"},{\"@type\":\"ListItem\",\"position\":2,\"name\":\"Tienda\",\"item\":\"https:\/\/www.csj-emballages.com\/tienda\/\"},{\"@type\":\"ListItem\",\"position\":3,\"name\":\"Pistachos est\u00e1ndar sin c\u00e1scara 1kg\"}]},{\"@type\":\"WebSite\",\"@id\":\"https:\/\/www.csj-emballages.com\/es\/#website\",\"url\":\"https:\/\/www.csj-emballages.com\/es\/\",\"name\":\"CSJ Emballages\",\"description\":\"\",\"publisher\":{\"@id\":\"https:\/\/www.csj-emballages.com\/es\/#organization\"},\"potentialAction\":[{\"@type\":\"SearchAction\",\"target\":{\"@type\":\"EntryPoint\",\"urlTemplate\":\"https:\/\/www.csj-emballages.com\/es\/?s={search_term_string}\"},\"query-input\":{\"@type\":\"PropertyValueSpecification\",\"valueRequired\":true,\"valueName\":\"search_term_string\"}}],\"inLanguage\":\"es\"},{\"@type\":\"Organization\",\"@id\":\"https:\/\/www.csj-emballages.com\/es\/#Organization\/\",\"name\":\"CSJ Emballages\",\"url\":\"https:\/\/www.csj-emballages.com\/es\/\",\"logo\":{\"@type\":\"ImageObject\",\"inLanguage\":\"es\",\"@id\":\"https:\/\/www.csj-emballages.com\/es\/#\/schema\/logo\/image\/\",\"url\":\"https:\/\/www.csj-emballages.com\/wp-content\/uploads\/2023\/10\/logo_csj.webp\",\"contentUrl\":\"https:\/\/www.csj-emballages.com\/wp-content\/uploads\/2023\/10\/logo_csj.webp\",\"width\":250,\"height\":95,\"caption\":\"CSJ Emballages\"},\"image\":{\"@id\":\"https:\/\/www.csj-emballages.com\/es\/#\/schema\/logo\/image\/\"},\"sameAs\":[\"https:\/\/www.facebook.com\/csjemballages\"],\"address\":{\"@type\":\"PostalAddress\",\"streetAddress\":\"ZI La Lechere\",\"addressLocality\":\"Patornay\",\"postalCode\":\"39130\",\"addressCountry\":\"FR\"},\"contactPoint\":[{\"@type\":\"ContactPoint\",\"contactType\":\"Service client\",\"telephone\":\"0384254272\",\"email\":\"contact@csj-emballages.com\"}]}]}<\/script>\n<!-- \/ Yoast SEO Premium plugin. -->","yoast_head_json":{"title":"Pistacho Standard - 1kg","description":"Descubra nuestro pistacho est\u00e1ndar de 1 kg: aut\u00e9ntico sabor, pr\u00e1ctico y rico en beneficios para todas sus recetas.","robots":{"index":"index","follow":"follow","max-snippet":"max-snippet:-1","max-image-preview":"max-image-preview:large","max-video-preview":"max-video-preview:-1"},"canonical":"https:\/\/www.csj-emballages.com\/es\/produit\/1-kg-de-pistachos-estandar-sin-cascara\/","og_locale":"es_ES","og_type":"article","og_title":"Pistachos est\u00e1ndar sin c\u00e1scara 1kg","og_description":"Descubra nuestro pistacho est\u00e1ndar de 1 kg: aut\u00e9ntico sabor, pr\u00e1ctico y rico en beneficios para todas sus recetas.","og_url":"https:\/\/www.csj-emballages.com\/es\/produit\/1-kg-de-pistachos-estandar-sin-cascara\/","og_site_name":"CSJ Emballages","article_publisher":"https:\/\/www.facebook.com\/csjemballages","article_modified_time":"2026-04-03T00:12:31+00:00","og_image":[{"width":799,"height":799,"url":"https:\/\/www.csj-emballages.com\/wp-content\/uploads\/2024\/11\/pistachemondeS.webp","type":"image\/webp"}],"twitter_card":"summary_large_image","twitter_misc":{"Tiempo de lectura":"2 minutos"},"schema":{"@context":"https:\/\/schema.org","@graph":[{"@type":"WebPage","@id":"https:\/\/www.csj-emballages.com\/es\/produit\/1-kg-de-pistachos-estandar-sin-cascara\/","url":"https:\/\/www.csj-emballages.com\/es\/produit\/1-kg-de-pistachos-estandar-sin-cascara\/","name":"Pistacho Standard - 1kg","isPartOf":{"@id":"https:\/\/www.csj-emballages.com\/es\/#website"},"primaryImageOfPage":{"@id":"https:\/\/www.csj-emballages.com\/es\/produit\/1-kg-de-pistachos-estandar-sin-cascara\/#primaryimage"},"image":{"@id":"https:\/\/www.csj-emballages.com\/es\/produit\/1-kg-de-pistachos-estandar-sin-cascara\/#primaryimage"},"thumbnailUrl":"https:\/\/www.csj-emballages.com\/wp-content\/uploads\/2024\/11\/pistachemondeS.webp","datePublished":"2024-11-06T01:18:31+00:00","dateModified":"2026-04-03T00:12:31+00:00","description":"Descubra nuestro pistacho est\u00e1ndar de 1 kg: aut\u00e9ntico sabor, pr\u00e1ctico y rico en beneficios para todas sus recetas.","breadcrumb":{"@id":"https:\/\/www.csj-emballages.com\/es\/produit\/1-kg-de-pistachos-estandar-sin-cascara\/#breadcrumb"},"inLanguage":"es","potentialAction":[{"@type":"ReadAction","target":["https:\/\/www.csj-emballages.com\/es\/produit\/1-kg-de-pistachos-estandar-sin-cascara\/"]}]},{"@type":"ImageObject","inLanguage":"es","@id":"https:\/\/www.csj-emballages.com\/es\/produit\/1-kg-de-pistachos-estandar-sin-cascara\/#primaryimage","url":"https:\/\/www.csj-emballages.com\/wp-content\/uploads\/2024\/11\/pistachemondeS.webp","contentUrl":"https:\/\/www.csj-emballages.com\/wp-content\/uploads\/2024\/11\/pistachemondeS.webp","width":799,"height":799,"caption":"pistache"},{"@type":"BreadcrumbList","@id":"https:\/\/www.csj-emballages.com\/es\/produit\/1-kg-de-pistachos-estandar-sin-cascara\/#breadcrumb","itemListElement":[{"@type":"ListItem","position":1,"name":"Accueil","item":"https:\/\/www.csj-emballages.com\/es\/universo-del-envasado-alimentario\/"},{"@type":"ListItem","position":2,"name":"Tienda","item":"https:\/\/www.csj-emballages.com\/tienda\/"},{"@type":"ListItem","position":3,"name":"Pistachos est\u00e1ndar sin c\u00e1scara 1kg"}]},{"@type":"WebSite","@id":"https:\/\/www.csj-emballages.com\/es\/#website","url":"https:\/\/www.csj-emballages.com\/es\/","name":"CSJ Emballages","description":"","publisher":{"@id":"https:\/\/www.csj-emballages.com\/es\/#organization"},"potentialAction":[{"@type":"SearchAction","target":{"@type":"EntryPoint","urlTemplate":"https:\/\/www.csj-emballages.com\/es\/?s={search_term_string}"},"query-input":{"@type":"PropertyValueSpecification","valueRequired":true,"valueName":"search_term_string"}}],"inLanguage":"es"},{"@type":"Organization","@id":"https:\/\/www.csj-emballages.com\/es\/#Organization\/","name":"CSJ Emballages","url":"https:\/\/www.csj-emballages.com\/es\/","logo":{"@type":"ImageObject","inLanguage":"es","@id":"https:\/\/www.csj-emballages.com\/es\/#\/schema\/logo\/image\/","url":"https:\/\/www.csj-emballages.com\/wp-content\/uploads\/2023\/10\/logo_csj.webp","contentUrl":"https:\/\/www.csj-emballages.com\/wp-content\/uploads\/2023\/10\/logo_csj.webp","width":250,"height":95,"caption":"CSJ Emballages"},"image":{"@id":"https:\/\/www.csj-emballages.com\/es\/#\/schema\/logo\/image\/"},"sameAs":["https:\/\/www.facebook.com\/csjemballages"],"address":{"@type":"PostalAddress","streetAddress":"ZI La Lechere","addressLocality":"Patornay","postalCode":"39130","addressCountry":"FR"},"contactPoint":[{"@type":"ContactPoint","contactType":"Service client","telephone":"0384254272","email":"contact@csj-emballages.com"}]}]}},"df_price":50.61,"df_sale_price":"","df_regular_price":50.61,"df_image_link":"https:\/\/www.csj-emballages.com\/wp-content\/uploads\/2024\/11\/pistachemondeS-300x300.webp","tiered_pricing_type":"fixed","tiered_pricing_fixed_rules":[],"tiered_pricing_percentage_rules":[],"tiered_pricing_minimum":1,"tiered_pricing_roles_data":[],"_links":{"self":[{"href":"https:\/\/www.csj-emballages.com\/es\/wp-json\/wp\/v2\/product\/159604","targetHints":{"allow":["GET"]}}],"collection":[{"href":"https:\/\/www.csj-emballages.com\/es\/wp-json\/wp\/v2\/product"}],"about":[{"href":"https:\/\/www.csj-emballages.com\/es\/wp-json\/wp\/v2\/types\/product"}],"wp:featuredmedia":[{"embeddable":true,"href":"https:\/\/www.csj-emballages.com\/es\/wp-json\/wp\/v2\/media\/191120"}],"wp:attachment":[{"href":"https:\/\/www.csj-emballages.com\/es\/wp-json\/wp\/v2\/media?parent=159604"}],"wp:term":[{"taxonomy":"product_brand","embeddable":true,"href":"https:\/\/www.csj-emballages.com\/es\/wp-json\/wp\/v2\/product_brand?post=159604"},{"taxonomy":"product_cat","embeddable":true,"href":"https:\/\/www.csj-emballages.com\/es\/wp-json\/wp\/v2\/product_cat?post=159604"},{"taxonomy":"product_tag","embeddable":true,"href":"https:\/\/www.csj-emballages.com\/es\/wp-json\/wp\/v2\/product_tag?post=159604"}],"curies":[{"name":"wp","href":"https:\/\/api.w.org\/{rel}","templated":true}]}}