{"id":159599,"date":"2024-11-06T02:18:25","date_gmt":"2024-11-06T01:18:25","guid":{"rendered":"https:\/\/www.csj-emballages.com\/?post_type=product&#038;p=159599"},"modified":"2026-03-12T16:07:05","modified_gmt":"2026-03-12T15:07:05","slug":"5-1-lata-de-pepinillos-pasteurizados-en-vinagre-tamano-120-149","status":"publish","type":"product","link":"https:\/\/www.csj-emballages.com\/es\/produit\/5-1-lata-de-pepinillos-pasteurizados-en-vinagre-tamano-120-149\/","title":{"rendered":"Pepinillos pasteurizados en vinagre calibre 120\/149 en lata 5\/1"},"content":{"rendered":"<h2>Pepinillos pasteurizados<\/h2>\n<hr>\n<h3><span style=\"font-weight: bold\">Descubra nuestros pepinillos pasteurizados en vinagre calibre 120\/149 en lata 5\/1<\/span><\/h3>\n<p><!--more--><\/p>\n<p data-start=\"257\" data-end=\"611\">Estos <strong>pepinillos en vinagre pasteurizados<\/strong> son un verdadero cl\u00e1sico\u2026 pero un cl\u00e1sico bien hecho. Seleccionados en <strong data-start=\"365\" data-end=\"383\">calibre 120\/149<\/strong>, ofrecen un <strong>tama\u00f1o regular<\/strong>, ideal para un uso profesional diario. Ni demasiado grandes, ni demasiado finos, se mantienen perfectamente al corte y al servicio, lo que los hace f\u00e1ciles de trabajar en la cocina.  <\/p>\n<p data-start=\"613\" data-end=\"1029\">Desde la apertura de la <strong>lata 5\/1<\/strong>, encontramos <strong>pepinillos<\/strong> crujientes, bien verdes y sumergidos en un <strong>vinagre equilibrado<\/strong>. El sabor es franco, ligeramente acidulado, sin ser agresivo. Resultado: despiertan las recetas sin enmascarar los dem\u00e1s sabores. Ya sea para acompa\u00f1ar una <strong>charcuter\u00eda, realzar un s\u00e1ndwich, adornar una hamburguesa o completar un plato de catering<\/strong>, cumplen su funci\u00f3n, de forma sencilla y eficaz.   <\/p>\n<p data-start=\"1031\" data-end=\"1387\">Gracias a la <strong>pasteurizaci\u00f3n<\/strong>, la conservaci\u00f3n est\u00e1 controlada y la calidad se mantiene constante en el tiempo. Esto permite trabajar con serenidad, incluso con grandes vol\u00famenes. El formato <strong data-start=\"1209\" data-end=\"1216\">5\/1<\/strong> es, de hecho, perfectamente adecuado para restaurantes, snacks, cervecer\u00edas o caterings que necesitan un producto fiable, listo para usar y siempre disponible en reserva.  <\/p>\n<p data-start=\"1389\" data-end=\"1570\">Otro punto apreciable: su textura se mantiene firme, incluso despu\u00e9s de la apertura, lo que evita los pepinillos blandos o demasiado empapados. De este modo, se gana en regularidad y en comodidad de servicio. <\/p>\n<p data-start=\"1572\" data-end=\"1741\">En resumen, estos <strong>pepinillos en vinagre pasteurizados<\/strong> son una apuesta segura para los profesionales que buscan un producto sencillo, eficaz y f\u00e1cil de integrar en todo tipo de preparaciones.<\/p>\n<p>&nbsp;<\/p>\n<p><!--more--><\/p>\n<div class=\"flex flex-grow flex-col max-w-full\">\n<div class=\"min-h-[20px] text-message flex flex-col items-start whitespace-pre-wrap break-words [.text-message+&amp;]:mt-5 juice:w-full juice:items-end overflow-x-auto gap-2\" dir=\"auto\" data-message-author-role=\"assistant\" data-message-id=\"579bfb50-fb6c-479d-a152-27ab4b509f37\">\n<div class=\"flex w-full flex-col gap-1 juice:empty:hidden juice:first:pt-[3px]\">\n<div class=\"markdown prose w-full break-words dark:prose-invert light\">\n<div class=\"flex-1 overflow-hidden\">\n<div class=\"react-scroll-to-bottom--css-ygaxm-79elbk h-full\">\n<div class=\"react-scroll-to-bottom--css-ygaxm-1n7m0yu\">\n<div class=\"flex flex-col text-sm\">\n<div class=\"w-full text-token-text-primary\" dir=\"auto\" data-testid=\"conversation-turn-3\" data-scroll-anchor=\"true\">\n<div class=\"py-2 juice:py-[18px] px-3 text-base md:px-4 m-auto md:px-5 lg:px-1 xl:px-5\">\n<div class=\"mx-auto flex flex-1 gap-3 text-base juice:gap-4 juice:md:gap-5 juice:lg:gap-6 md:max-w-3xl lg:max-w-[40rem] xl:max-w-[48rem]\">\n<div class=\"group\/conversation-turn relative flex w-full min-w-0 flex-col agent-turn\">\n<div class=\"flex-col gap-1 md:gap-3\">\n<div class=\"flex flex-grow flex-col max-w-full\">\n<div class=\"min-h-[20px] text-message flex flex-col items-start whitespace-pre-wrap break-words [.text-message+&amp;]:mt-5 juice:w-full juice:items-end overflow-x-auto gap-2\" dir=\"auto\" data-message-author-role=\"assistant\" data-message-id=\"cc8c8b89-e7cc-4334-9633-5926bce5a78c\">\n<div class=\"flex w-full flex-col gap-1 juice:empty:hidden juice:first:pt-[3px]\">\n<div class=\"markdown prose w-full break-words dark:prose-invert light\">\n<div class=\"flex flex-grow flex-col max-w-full\">\n<div class=\"min-h-[20px] text-message flex flex-col items-start whitespace-pre-wrap break-words [.text-message+&amp;]:mt-5 juice:w-full juice:items-end overflow-x-auto gap-2\" dir=\"auto\" data-message-author-role=\"assistant\" data-message-id=\"a5ad94cc-6796-4ad8-b325-83b721399f0a\">\n<div class=\"flex w-full flex-col gap-1 juice:empty:hidden juice:first:pt-[3px]\">\n<div class=\"markdown prose w-full break-words dark:prose-invert light\">\n<div class=\"flex flex-grow flex-col max-w-full\">\n<div class=\"min-h-[20px] text-message flex flex-col items-start whitespace-pre-wrap break-words [.text-message+&amp;]:mt-5 juice:w-full juice:items-end overflow-x-auto gap-2\" dir=\"auto\" data-message-author-role=\"assistant\" data-message-id=\"f22b6444-e23a-4e78-827a-fa8ff3877731\">\n<div class=\"flex w-full flex-col gap-1 juice:empty:hidden juice:first:pt-[3px]\">\n<div class=\"markdown prose w-full break-words dark:prose-invert light\">\n<div class=\"flex flex-grow flex-col max-w-full\">\n<h4 data-start=\"1515\" data-end=\"1796\">Ventajas :<\/h4>\n<ul>\n<li data-start=\"1769\" data-end=\"1806\"><strong>Calibre 120\/149<\/strong> regular y pr\u00e1ctico.<\/li>\n<li data-start=\"1809\" data-end=\"1846\">Textura crujiente y sabor equilibrado.<\/li>\n<li data-start=\"1849\" data-end=\"1888\">Lata grande <strong>formato 5\/1<\/strong> para uso profesional.<\/li>\n<li data-start=\"1891\" data-end=\"1920\">Buena consistencia despu\u00e9s de la apertura.<\/li>\n<li data-start=\"1923\" data-end=\"1961\">Polivalentes en la cocina y en el servicio.<\/li>\n<\/ul>\n<div class=\"min-h-[20px] text-message flex flex-col items-start whitespace-pre-wrap break-words [.text-message+&amp;]:mt-5 juice:w-full juice:items-end overflow-x-auto gap-2\" dir=\"auto\" data-message-author-role=\"assistant\" data-message-id=\"ec402d76-ebcd-4cc4-a0c8-22820d3d0931\">\n<div class=\"flex w-full flex-col gap-1 juice:empty:hidden juice:first:pt-[3px]\">\n<div class=\"markdown prose w-full break-words dark:prose-invert light\">\n<p data-start=\"1515\" data-end=\"1796\">\n<\/div>\n<\/div>\n<\/div>\n<\/div>\n<\/div>\n<\/div>\n<\/div>\n<\/div>\n<\/div>\n<\/div>\n<\/div>\n<\/div>\n<\/div>\n<\/div>\n<\/div>\n<\/div>\n<\/div>\n<\/div>\n<\/div>\n<\/div>\n<\/div>\n<\/div>\n<\/div>\n<\/div>\n<\/div>\n<\/div>\n<\/div>\n<\/div>\n<\/div>\n<p><!--more--><\/p>\n<h4>Informaci\u00f3n adicional :<\/h4>\n<ul>\n<li><strong>Embalaje<\/strong>: Caja 5\/1<\/li>\n<li><strong>Calibre<\/strong>: 120\/149<\/li>\n<\/ul>\n<p>&nbsp;<\/p>\n<p><!--more--><\/p>\n<p>Encuentre tambi\u00e9n nuestros pepinillos de calibre 80\/119: <span style=\"color: #d12727\"><a style=\"color: #d12727\" href=\"https:\/\/www.csj-emballages.com\/es\/produit\/5-1-caja-de-pepinillos-en-vinagre-80-119\/\">190017<\/a><\/span><\/p>\n<p>&nbsp;<\/p>\n<p><!--more--><\/p>\n<p><a href=\"https:\/\/www.csj-emballages.com\/es\/categorie-produit\/alimentacion-es\/alimentacion\/verduras\/\">Ver el resto de nuestra gama de conservas vegetales<\/a><\/p>\n","protected":false},"excerpt":{"rendered":"<p>Pepinillos pasteurizados Descubra nuestros pepinillos pasteurizados en vinagre calibre 120\/149 en lata 5\/1<\/p>\n","protected":false},"featured_media":260934,"template":"","meta":{"_acf_changed":false},"product_brand":[],"product_cat":[1162,1189,1180],"product_tag":[],"class_list":{"0":"post-159599","1":"product","2":"type-product","3":"status-publish","4":"has-post-thumbnail","6":"product_cat-alimentacion-es","7":"product_cat-alimentacion","8":"product_cat-verduras","10":"first","11":"instock","12":"taxable","13":"shipping-taxable","14":"purchasable","15":"product-type-simple"},"acf":[],"yoast_head":"<!-- This site is optimized with the Yoast SEO Premium plugin v26.6 (Yoast SEO v26.6) - https:\/\/yoast.com\/wordpress\/plugins\/seo\/ -->\n<title>Pepinillos pasteurizados en vinagre calibre 120\/149, lata 5\/1<\/title>\n<meta name=\"description\" content=\"Pepinillos en vinagre pasteurizados calibre 120\/149 en lata 5\/1. Crujientes, regulares e ideales para restaurantes, snacks y caterings.\" \/>\n<meta name=\"robots\" content=\"index, follow, max-snippet:-1, max-image-preview:large, max-video-preview:-1\" \/>\n<link rel=\"canonical\" href=\"https:\/\/www.csj-emballages.com\/es\/produit\/5-1-lata-de-pepinillos-pasteurizados-en-vinagre-tamano-120-149\/\" \/>\n<meta property=\"og:locale\" content=\"es_ES\" \/>\n<meta property=\"og:type\" content=\"article\" \/>\n<meta property=\"og:title\" content=\"Pepinillo en vinagre pasteurizado - 5\/1 lata\" \/>\n<meta property=\"og:description\" content=\"Descubra nuestra lata 5\/1 de pepinillos pasteurizados en vinagre. Estos pepinillos tienen un tama\u00f1o de 120\/149 mm. Ya est\u00e1n disponibles en nuestra p\u00e1gina web.\" \/>\n<meta property=\"og:url\" content=\"https:\/\/www.csj-emballages.com\/es\/produit\/5-1-lata-de-pepinillos-pasteurizados-en-vinagre-tamano-120-149\/\" \/>\n<meta property=\"og:site_name\" content=\"CSJ Emballages\" \/>\n<meta property=\"article:publisher\" content=\"https:\/\/www.facebook.com\/csjemballages\" \/>\n<meta property=\"article:modified_time\" content=\"2026-03-12T15:07:05+00:00\" \/>\n<meta property=\"og:image\" content=\"https:\/\/www.csj-emballages.com\/wp-content\/uploads\/2024\/11\/190018.webp\" \/>\n\t<meta property=\"og:image:width\" content=\"800\" \/>\n\t<meta property=\"og:image:height\" content=\"800\" \/>\n\t<meta property=\"og:image:type\" content=\"image\/webp\" \/>\n<meta name=\"twitter:card\" content=\"summary_large_image\" \/>\n<meta name=\"twitter:title\" content=\"Pepinillo en vinagre pasteurizado - 5\/1 lata\" \/>\n<meta name=\"twitter:description\" content=\"Descubra nuestra lata 5\/1 de pepinillos pasteurizados en vinagre. Estos pepinillos tienen un tama\u00f1o de 120\/149 mm. Ya est\u00e1n disponibles en nuestra p\u00e1gina web.\" \/>\n<meta name=\"twitter:label1\" content=\"Tiempo de lectura\" \/>\n\t<meta name=\"twitter:data1\" content=\"2 minutos\" \/>\n<script type=\"application\/ld+json\" class=\"yoast-schema-graph\">{\"@context\":\"https:\/\/schema.org\",\"@graph\":[{\"@type\":\"WebPage\",\"@id\":\"https:\/\/www.csj-emballages.com\/es\/produit\/5-1-lata-de-pepinillos-pasteurizados-en-vinagre-tamano-120-149\/\",\"url\":\"https:\/\/www.csj-emballages.com\/es\/produit\/5-1-lata-de-pepinillos-pasteurizados-en-vinagre-tamano-120-149\/\",\"name\":\"Pepinillos pasteurizados en vinagre calibre 120\/149, lata 5\/1\",\"isPartOf\":{\"@id\":\"https:\/\/www.csj-emballages.com\/es\/#website\"},\"primaryImageOfPage\":{\"@id\":\"https:\/\/www.csj-emballages.com\/es\/produit\/5-1-lata-de-pepinillos-pasteurizados-en-vinagre-tamano-120-149\/#primaryimage\"},\"image\":{\"@id\":\"https:\/\/www.csj-emballages.com\/es\/produit\/5-1-lata-de-pepinillos-pasteurizados-en-vinagre-tamano-120-149\/#primaryimage\"},\"thumbnailUrl\":\"https:\/\/www.csj-emballages.com\/wp-content\/uploads\/2024\/11\/190018.webp\",\"datePublished\":\"2024-11-06T01:18:25+00:00\",\"dateModified\":\"2026-03-12T15:07:05+00:00\",\"description\":\"Pepinillos en vinagre pasteurizados calibre 120\/149 en lata 5\/1. Crujientes, regulares e ideales para restaurantes, snacks y caterings.\",\"breadcrumb\":{\"@id\":\"https:\/\/www.csj-emballages.com\/es\/produit\/5-1-lata-de-pepinillos-pasteurizados-en-vinagre-tamano-120-149\/#breadcrumb\"},\"inLanguage\":\"es\",\"potentialAction\":[{\"@type\":\"ReadAction\",\"target\":[\"https:\/\/www.csj-emballages.com\/es\/produit\/5-1-lata-de-pepinillos-pasteurizados-en-vinagre-tamano-120-149\/\"]}]},{\"@type\":\"ImageObject\",\"inLanguage\":\"es\",\"@id\":\"https:\/\/www.csj-emballages.com\/es\/produit\/5-1-lata-de-pepinillos-pasteurizados-en-vinagre-tamano-120-149\/#primaryimage\",\"url\":\"https:\/\/www.csj-emballages.com\/wp-content\/uploads\/2024\/11\/190018.webp\",\"contentUrl\":\"https:\/\/www.csj-emballages.com\/wp-content\/uploads\/2024\/11\/190018.webp\",\"width\":800,\"height\":800,\"caption\":\"Cornichons pasteuris\u00e9s\"},{\"@type\":\"BreadcrumbList\",\"@id\":\"https:\/\/www.csj-emballages.com\/es\/produit\/5-1-lata-de-pepinillos-pasteurizados-en-vinagre-tamano-120-149\/#breadcrumb\",\"itemListElement\":[{\"@type\":\"ListItem\",\"position\":1,\"name\":\"Accueil\",\"item\":\"https:\/\/www.csj-emballages.com\/es\/universo-del-envasado-alimentario\/\"},{\"@type\":\"ListItem\",\"position\":2,\"name\":\"Tienda\",\"item\":\"https:\/\/www.csj-emballages.com\/tienda\/\"},{\"@type\":\"ListItem\",\"position\":3,\"name\":\"Pepinillos pasteurizados en vinagre calibre 120\/149 en lata 5\/1\"}]},{\"@type\":\"WebSite\",\"@id\":\"https:\/\/www.csj-emballages.com\/es\/#website\",\"url\":\"https:\/\/www.csj-emballages.com\/es\/\",\"name\":\"CSJ Emballages\",\"description\":\"\",\"publisher\":{\"@id\":\"https:\/\/www.csj-emballages.com\/es\/#organization\"},\"potentialAction\":[{\"@type\":\"SearchAction\",\"target\":{\"@type\":\"EntryPoint\",\"urlTemplate\":\"https:\/\/www.csj-emballages.com\/es\/?s={search_term_string}\"},\"query-input\":{\"@type\":\"PropertyValueSpecification\",\"valueRequired\":true,\"valueName\":\"search_term_string\"}}],\"inLanguage\":\"es\"},{\"@type\":\"Organization\",\"@id\":\"https:\/\/www.csj-emballages.com\/es\/#Organization\/\",\"name\":\"CSJ Emballages\",\"url\":\"https:\/\/www.csj-emballages.com\/es\/\",\"logo\":{\"@type\":\"ImageObject\",\"inLanguage\":\"es\",\"@id\":\"https:\/\/www.csj-emballages.com\/es\/#\/schema\/logo\/image\/\",\"url\":\"https:\/\/www.csj-emballages.com\/wp-content\/uploads\/2023\/10\/logo_csj.webp\",\"contentUrl\":\"https:\/\/www.csj-emballages.com\/wp-content\/uploads\/2023\/10\/logo_csj.webp\",\"width\":250,\"height\":95,\"caption\":\"CSJ Emballages\"},\"image\":{\"@id\":\"https:\/\/www.csj-emballages.com\/es\/#\/schema\/logo\/image\/\"},\"sameAs\":[\"https:\/\/www.facebook.com\/csjemballages\"],\"address\":{\"@type\":\"PostalAddress\",\"streetAddress\":\"ZI La Lechere\",\"addressLocality\":\"Patornay\",\"postalCode\":\"39130\",\"addressCountry\":\"FR\"},\"contactPoint\":[{\"@type\":\"ContactPoint\",\"contactType\":\"Service client\",\"telephone\":\"0384254272\",\"email\":\"contact@csj-emballages.com\"}]}]}<\/script>\n<!-- \/ Yoast SEO Premium plugin. -->","yoast_head_json":{"title":"Pepinillos pasteurizados en vinagre calibre 120\/149, lata 5\/1","description":"Pepinillos en vinagre pasteurizados calibre 120\/149 en lata 5\/1. Crujientes, regulares e ideales para restaurantes, snacks y caterings.","robots":{"index":"index","follow":"follow","max-snippet":"max-snippet:-1","max-image-preview":"max-image-preview:large","max-video-preview":"max-video-preview:-1"},"canonical":"https:\/\/www.csj-emballages.com\/es\/produit\/5-1-lata-de-pepinillos-pasteurizados-en-vinagre-tamano-120-149\/","og_locale":"es_ES","og_type":"article","og_title":"Pepinillo en vinagre pasteurizado - 5\/1 lata","og_description":"Descubra nuestra lata 5\/1 de pepinillos pasteurizados en vinagre. Estos pepinillos tienen un tama\u00f1o de 120\/149 mm. Ya est\u00e1n disponibles en nuestra p\u00e1gina web.","og_url":"https:\/\/www.csj-emballages.com\/es\/produit\/5-1-lata-de-pepinillos-pasteurizados-en-vinagre-tamano-120-149\/","og_site_name":"CSJ Emballages","article_publisher":"https:\/\/www.facebook.com\/csjemballages","article_modified_time":"2026-03-12T15:07:05+00:00","og_image":[{"width":800,"height":800,"url":"https:\/\/www.csj-emballages.com\/wp-content\/uploads\/2024\/11\/190018.webp","type":"image\/webp"}],"twitter_card":"summary_large_image","twitter_title":"Pepinillo en vinagre pasteurizado - 5\/1 lata","twitter_description":"Descubra nuestra lata 5\/1 de pepinillos pasteurizados en vinagre. Estos pepinillos tienen un tama\u00f1o de 120\/149 mm. Ya est\u00e1n disponibles en nuestra p\u00e1gina web.","twitter_misc":{"Tiempo de lectura":"2 minutos"},"schema":{"@context":"https:\/\/schema.org","@graph":[{"@type":"WebPage","@id":"https:\/\/www.csj-emballages.com\/es\/produit\/5-1-lata-de-pepinillos-pasteurizados-en-vinagre-tamano-120-149\/","url":"https:\/\/www.csj-emballages.com\/es\/produit\/5-1-lata-de-pepinillos-pasteurizados-en-vinagre-tamano-120-149\/","name":"Pepinillos pasteurizados en vinagre calibre 120\/149, lata 5\/1","isPartOf":{"@id":"https:\/\/www.csj-emballages.com\/es\/#website"},"primaryImageOfPage":{"@id":"https:\/\/www.csj-emballages.com\/es\/produit\/5-1-lata-de-pepinillos-pasteurizados-en-vinagre-tamano-120-149\/#primaryimage"},"image":{"@id":"https:\/\/www.csj-emballages.com\/es\/produit\/5-1-lata-de-pepinillos-pasteurizados-en-vinagre-tamano-120-149\/#primaryimage"},"thumbnailUrl":"https:\/\/www.csj-emballages.com\/wp-content\/uploads\/2024\/11\/190018.webp","datePublished":"2024-11-06T01:18:25+00:00","dateModified":"2026-03-12T15:07:05+00:00","description":"Pepinillos en vinagre pasteurizados calibre 120\/149 en lata 5\/1. Crujientes, regulares e ideales para restaurantes, snacks y caterings.","breadcrumb":{"@id":"https:\/\/www.csj-emballages.com\/es\/produit\/5-1-lata-de-pepinillos-pasteurizados-en-vinagre-tamano-120-149\/#breadcrumb"},"inLanguage":"es","potentialAction":[{"@type":"ReadAction","target":["https:\/\/www.csj-emballages.com\/es\/produit\/5-1-lata-de-pepinillos-pasteurizados-en-vinagre-tamano-120-149\/"]}]},{"@type":"ImageObject","inLanguage":"es","@id":"https:\/\/www.csj-emballages.com\/es\/produit\/5-1-lata-de-pepinillos-pasteurizados-en-vinagre-tamano-120-149\/#primaryimage","url":"https:\/\/www.csj-emballages.com\/wp-content\/uploads\/2024\/11\/190018.webp","contentUrl":"https:\/\/www.csj-emballages.com\/wp-content\/uploads\/2024\/11\/190018.webp","width":800,"height":800,"caption":"Cornichons pasteuris\u00e9s"},{"@type":"BreadcrumbList","@id":"https:\/\/www.csj-emballages.com\/es\/produit\/5-1-lata-de-pepinillos-pasteurizados-en-vinagre-tamano-120-149\/#breadcrumb","itemListElement":[{"@type":"ListItem","position":1,"name":"Accueil","item":"https:\/\/www.csj-emballages.com\/es\/universo-del-envasado-alimentario\/"},{"@type":"ListItem","position":2,"name":"Tienda","item":"https:\/\/www.csj-emballages.com\/tienda\/"},{"@type":"ListItem","position":3,"name":"Pepinillos pasteurizados en vinagre calibre 120\/149 en lata 5\/1"}]},{"@type":"WebSite","@id":"https:\/\/www.csj-emballages.com\/es\/#website","url":"https:\/\/www.csj-emballages.com\/es\/","name":"CSJ Emballages","description":"","publisher":{"@id":"https:\/\/www.csj-emballages.com\/es\/#organization"},"potentialAction":[{"@type":"SearchAction","target":{"@type":"EntryPoint","urlTemplate":"https:\/\/www.csj-emballages.com\/es\/?s={search_term_string}"},"query-input":{"@type":"PropertyValueSpecification","valueRequired":true,"valueName":"search_term_string"}}],"inLanguage":"es"},{"@type":"Organization","@id":"https:\/\/www.csj-emballages.com\/es\/#Organization\/","name":"CSJ Emballages","url":"https:\/\/www.csj-emballages.com\/es\/","logo":{"@type":"ImageObject","inLanguage":"es","@id":"https:\/\/www.csj-emballages.com\/es\/#\/schema\/logo\/image\/","url":"https:\/\/www.csj-emballages.com\/wp-content\/uploads\/2023\/10\/logo_csj.webp","contentUrl":"https:\/\/www.csj-emballages.com\/wp-content\/uploads\/2023\/10\/logo_csj.webp","width":250,"height":95,"caption":"CSJ Emballages"},"image":{"@id":"https:\/\/www.csj-emballages.com\/es\/#\/schema\/logo\/image\/"},"sameAs":["https:\/\/www.facebook.com\/csjemballages"],"address":{"@type":"PostalAddress","streetAddress":"ZI La Lechere","addressLocality":"Patornay","postalCode":"39130","addressCountry":"FR"},"contactPoint":[{"@type":"ContactPoint","contactType":"Service client","telephone":"0384254272","email":"contact@csj-emballages.com"}]}]}},"df_price":11.78,"df_sale_price":"","df_regular_price":11.78,"df_image_link":"https:\/\/www.csj-emballages.com\/wp-content\/uploads\/2024\/11\/190018-300x300.webp","tiered_pricing_type":"fixed","tiered_pricing_fixed_rules":[],"tiered_pricing_percentage_rules":[],"tiered_pricing_minimum":1,"tiered_pricing_roles_data":[],"_links":{"self":[{"href":"https:\/\/www.csj-emballages.com\/es\/wp-json\/wp\/v2\/product\/159599","targetHints":{"allow":["GET"]}}],"collection":[{"href":"https:\/\/www.csj-emballages.com\/es\/wp-json\/wp\/v2\/product"}],"about":[{"href":"https:\/\/www.csj-emballages.com\/es\/wp-json\/wp\/v2\/types\/product"}],"wp:featuredmedia":[{"embeddable":true,"href":"https:\/\/www.csj-emballages.com\/es\/wp-json\/wp\/v2\/media\/260934"}],"wp:attachment":[{"href":"https:\/\/www.csj-emballages.com\/es\/wp-json\/wp\/v2\/media?parent=159599"}],"wp:term":[{"taxonomy":"product_brand","embeddable":true,"href":"https:\/\/www.csj-emballages.com\/es\/wp-json\/wp\/v2\/product_brand?post=159599"},{"taxonomy":"product_cat","embeddable":true,"href":"https:\/\/www.csj-emballages.com\/es\/wp-json\/wp\/v2\/product_cat?post=159599"},{"taxonomy":"product_tag","embeddable":true,"href":"https:\/\/www.csj-emballages.com\/es\/wp-json\/wp\/v2\/product_tag?post=159599"}],"curies":[{"name":"wp","href":"https:\/\/api.w.org\/{rel}","templated":true}]}}