{"id":159592,"date":"2024-11-06T02:18:20","date_gmt":"2024-11-06T01:18:20","guid":{"rendered":"https:\/\/www.csj-emballages.com\/?post_type=product&#038;p=159592"},"modified":"2026-04-03T02:11:58","modified_gmt":"2026-04-03T00:11:58","slug":"4-4-latas-de-aceitunas-verdes-sin-hueso","status":"publish","type":"product","link":"https:\/\/www.csj-emballages.com\/es\/produit\/4-4-latas-de-aceitunas-verdes-sin-hueso\/","title":{"rendered":"Aceitunas verdes sin hueso en lata 4\/4"},"content":{"rendered":"<h2 class=\"p1\">Aceitunas verdes<\/h2>\n<hr>\n<h3><strong>Descubra nuestras a<\/strong>ceitunas verdes sin hueso en lata 4\/4<\/h3>\n<p><!--more--><\/p>\n<p data-start=\"202\" data-end=\"604\">Sencillas, pr\u00e1cticas y siempre apreciadas, estas <strong data-start=\"249\" data-end=\"291\">aceitunas verdes sin hueso en lata 4\/4<\/strong> encuentran f\u00e1cilmente su lugar en todas las cocinas, ya sean profesionales o familiares. Nada m\u00e1s abrir la lata, se descubren <strong>aceitunas<\/strong> de carne firme, color natural y sabor equilibrado. Ni demasiado saladas, ni demasiado amargas, aportan el toque justo de car\u00e1cter a los platos del d\u00eda a d\u00eda.  <\/p>\n<p data-start=\"606\" data-end=\"998\">El hecho de que ya est\u00e9n deshuesadas cambia claramente las cosas. Gana tiempo, evita manipulaciones innecesarias y puede utilizarlas inmediatamente. As\u00ed, se integran tanto en una ensalada mixta como en una <strong>pizza, en una focaccia, un tapenade o incluso como acompa\u00f1amiento para el aperitivo<\/strong>. Su versatilidad permite variar los usos sin cansarse jam\u00e1s.   <\/p>\n<p data-start=\"1000\" data-end=\"1311\">Gracias a su <strong data-start=\"1012\" data-end=\"1026\">formato 4\/4<\/strong>, esta <strong>lata de aceitunas verdes<\/strong> es particularmente adecuada para restaurantes, caterings, snacks o cocinas colectivas. Ofrece una cantidad generosa a la vez que asegura una conservaci\u00f3n \u00f3ptima. Adem\u00e1s, el envasado en lata garantiza una calidad constante, desde la primera hasta la \u00faltima aceituna.  <\/p>\n<p data-start=\"1313\" data-end=\"1571\">Por otra parte, su textura agradable resiste bien la cocci\u00f3n. No se ablandan ni se vuelven ins\u00edpidas, lo que las hace ideales tanto para platos calientes como para preparaciones fr\u00edas. En resumen, es un producto fiable, f\u00e1cil de trabajar y siempre \u00fatil.  <\/p>\n<p data-start=\"1573\" data-end=\"1778\">Estas <strong>aceitunas verdes sin hueso<\/strong> son, por lo tanto, una apuesta segura: pr\u00e1cticas, sabrosas y listas para usar, simplifican el trabajo en la cocina a la vez que aportan un toque mediterr\u00e1neo a cada receta.<\/p>\n<p>&nbsp;<\/p>\n<p><!--more--><\/p>\n<h4>Ventajas :<\/h4>\n<ul>\n<li data-start=\"1806\" data-end=\"1845\">Aceitunas listas para usar, sin hueso.<\/li>\n<li data-start=\"1848\" data-end=\"1882\">Sabor equilibrado y textura firme.<\/li>\n<li data-start=\"1885\" data-end=\"1932\"><strong>Formato 4\/4<\/strong> ideal para un uso profesional.<\/li>\n<li data-start=\"1935\" data-end=\"1976\">Apto para platos fr\u00edos y calientes.<\/li>\n<li data-start=\"1979\" data-end=\"2010\">Conservaci\u00f3n \u00f3ptima en lata.<\/li>\n<\/ul>\n<p>&nbsp;<\/p>\n<p><!--more--><\/p>\n<h4>Informaci\u00f3n adicional :<\/h4>\n<ul>\n<li><strong>Embalaje<\/strong>: Caja 4\/4<\/li>\n<li><b>Origen : <\/b>Grecia<\/li>\n<li><strong>Peso neto escurrido<\/strong>: 380 g<\/li>\n<li><strong>Peso neto<\/strong>: 820 g<\/li>\n<\/ul>\n<p>&nbsp;<\/p>\n<p><!--more--><\/p>\n<p>Encuentre aqu\u00ed nuestras aceitunas negras sin hueso: <span style=\"color: #d12727;\"><a style=\"color: #d12727;\" href=\"https:\/\/www.csj-emballages.com\/es\/produit\/5-1-lata-de-aceitunas-negras-sin-hueso\/\">180061<\/a><\/span><\/p>\n<p>&nbsp;<\/p>\n<p><!--more--><\/p>\n<p><a href=\"https:\/\/www.csj-emballages.com\/es\/categorie-produit\/alimentacion-es\/alimentacion\/verduras\/\">Consulta el resto de nuestra gama de verduras aqu\u00ed<\/a><\/p>\n","protected":false},"excerpt":{"rendered":"<p>Aceitunas verdes Descubra nuestras aceitunas verdes sin hueso en lata 4\/4<\/p>\n","protected":false},"featured_media":197324,"template":"","meta":{"_acf_changed":false},"product_brand":[],"product_cat":[1162,1189,1180],"product_tag":[],"class_list":{"0":"post-159592","1":"product","2":"type-product","3":"status-publish","4":"has-post-thumbnail","6":"product_cat-alimentacion-es","7":"product_cat-alimentacion","8":"product_cat-verduras","10":"first","11":"instock","12":"taxable","13":"shipping-taxable","14":"purchasable","15":"product-type-simple"},"acf":[],"yoast_head":"<!-- This site is optimized with the Yoast SEO Premium plugin v26.6 (Yoast SEO v26.6) - https:\/\/yoast.com\/wordpress\/plugins\/seo\/ -->\n<title>Aceitunas Verdes Sin Hueso en Lata 4\/4<\/title>\n<meta name=\"description\" content=\"Aceitunas verdes sin hueso en lata 4\/4, pr\u00e1cticas y sabrosas. Ideales para pizzas, ensaladas, aperitivos y cocinas profesionales.\" \/>\n<meta name=\"robots\" content=\"index, follow, max-snippet:-1, max-image-preview:large, max-video-preview:-1\" \/>\n<link rel=\"canonical\" href=\"https:\/\/www.csj-emballages.com\/es\/produit\/4-4-latas-de-aceitunas-verdes-sin-hueso\/\" \/>\n<meta property=\"og:locale\" content=\"es_ES\" \/>\n<meta property=\"og:type\" content=\"article\" \/>\n<meta property=\"og:title\" content=\"Aceitunas verdes sin hueso en lata 4\/4\" \/>\n<meta property=\"og:description\" content=\"Aceitunas verdes sin hueso en lata 4\/4, pr\u00e1cticas y sabrosas. Ideales para pizzas, ensaladas, aperitivos y cocinas profesionales.\" \/>\n<meta property=\"og:url\" content=\"https:\/\/www.csj-emballages.com\/es\/produit\/4-4-latas-de-aceitunas-verdes-sin-hueso\/\" \/>\n<meta property=\"og:site_name\" content=\"CSJ Emballages\" \/>\n<meta property=\"article:publisher\" content=\"https:\/\/www.facebook.com\/csjemballages\" \/>\n<meta property=\"article:modified_time\" content=\"2026-04-03T00:11:58+00:00\" \/>\n<meta property=\"og:image\" content=\"https:\/\/www.csj-emballages.com\/wp-content\/uploads\/2024\/11\/Olive-denoyautee-verte.webp\" \/>\n\t<meta property=\"og:image:width\" content=\"800\" \/>\n\t<meta property=\"og:image:height\" content=\"800\" \/>\n\t<meta property=\"og:image:type\" content=\"image\/webp\" \/>\n<meta name=\"twitter:card\" content=\"summary_large_image\" \/>\n<meta name=\"twitter:label1\" content=\"Tiempo de lectura\" \/>\n\t<meta name=\"twitter:data1\" content=\"2 minutos\" \/>\n<script type=\"application\/ld+json\" class=\"yoast-schema-graph\">{\"@context\":\"https:\/\/schema.org\",\"@graph\":[{\"@type\":\"WebPage\",\"@id\":\"https:\/\/www.csj-emballages.com\/es\/produit\/4-4-latas-de-aceitunas-verdes-sin-hueso\/\",\"url\":\"https:\/\/www.csj-emballages.com\/es\/produit\/4-4-latas-de-aceitunas-verdes-sin-hueso\/\",\"name\":\"Aceitunas Verdes Sin Hueso en Lata 4\/4\",\"isPartOf\":{\"@id\":\"https:\/\/www.csj-emballages.com\/es\/#website\"},\"primaryImageOfPage\":{\"@id\":\"https:\/\/www.csj-emballages.com\/es\/produit\/4-4-latas-de-aceitunas-verdes-sin-hueso\/#primaryimage\"},\"image\":{\"@id\":\"https:\/\/www.csj-emballages.com\/es\/produit\/4-4-latas-de-aceitunas-verdes-sin-hueso\/#primaryimage\"},\"thumbnailUrl\":\"https:\/\/www.csj-emballages.com\/wp-content\/uploads\/2024\/11\/Olive-denoyautee-verte.webp\",\"datePublished\":\"2024-11-06T01:18:20+00:00\",\"dateModified\":\"2026-04-03T00:11:58+00:00\",\"description\":\"Aceitunas verdes sin hueso en lata 4\/4, pr\u00e1cticas y sabrosas. Ideales para pizzas, ensaladas, aperitivos y cocinas profesionales.\",\"breadcrumb\":{\"@id\":\"https:\/\/www.csj-emballages.com\/es\/produit\/4-4-latas-de-aceitunas-verdes-sin-hueso\/#breadcrumb\"},\"inLanguage\":\"es\",\"potentialAction\":[{\"@type\":\"ReadAction\",\"target\":[\"https:\/\/www.csj-emballages.com\/es\/produit\/4-4-latas-de-aceitunas-verdes-sin-hueso\/\"]}]},{\"@type\":\"ImageObject\",\"inLanguage\":\"es\",\"@id\":\"https:\/\/www.csj-emballages.com\/es\/produit\/4-4-latas-de-aceitunas-verdes-sin-hueso\/#primaryimage\",\"url\":\"https:\/\/www.csj-emballages.com\/wp-content\/uploads\/2024\/11\/Olive-denoyautee-verte.webp\",\"contentUrl\":\"https:\/\/www.csj-emballages.com\/wp-content\/uploads\/2024\/11\/Olive-denoyautee-verte.webp\",\"width\":800,\"height\":800,\"caption\":\"Olive verte\"},{\"@type\":\"BreadcrumbList\",\"@id\":\"https:\/\/www.csj-emballages.com\/es\/produit\/4-4-latas-de-aceitunas-verdes-sin-hueso\/#breadcrumb\",\"itemListElement\":[{\"@type\":\"ListItem\",\"position\":1,\"name\":\"Accueil\",\"item\":\"https:\/\/www.csj-emballages.com\/es\/universo-del-envasado-alimentario\/\"},{\"@type\":\"ListItem\",\"position\":2,\"name\":\"Tienda\",\"item\":\"https:\/\/www.csj-emballages.com\/tienda\/\"},{\"@type\":\"ListItem\",\"position\":3,\"name\":\"Aceitunas verdes sin hueso en lata 4\/4\"}]},{\"@type\":\"WebSite\",\"@id\":\"https:\/\/www.csj-emballages.com\/es\/#website\",\"url\":\"https:\/\/www.csj-emballages.com\/es\/\",\"name\":\"CSJ Emballages\",\"description\":\"\",\"publisher\":{\"@id\":\"https:\/\/www.csj-emballages.com\/es\/#organization\"},\"potentialAction\":[{\"@type\":\"SearchAction\",\"target\":{\"@type\":\"EntryPoint\",\"urlTemplate\":\"https:\/\/www.csj-emballages.com\/es\/?s={search_term_string}\"},\"query-input\":{\"@type\":\"PropertyValueSpecification\",\"valueRequired\":true,\"valueName\":\"search_term_string\"}}],\"inLanguage\":\"es\"},{\"@type\":\"Organization\",\"@id\":\"https:\/\/www.csj-emballages.com\/es\/#Organization\/\",\"name\":\"CSJ Emballages\",\"url\":\"https:\/\/www.csj-emballages.com\/es\/\",\"logo\":{\"@type\":\"ImageObject\",\"inLanguage\":\"es\",\"@id\":\"https:\/\/www.csj-emballages.com\/es\/#\/schema\/logo\/image\/\",\"url\":\"https:\/\/www.csj-emballages.com\/wp-content\/uploads\/2023\/10\/logo_csj.webp\",\"contentUrl\":\"https:\/\/www.csj-emballages.com\/wp-content\/uploads\/2023\/10\/logo_csj.webp\",\"width\":250,\"height\":95,\"caption\":\"CSJ Emballages\"},\"image\":{\"@id\":\"https:\/\/www.csj-emballages.com\/es\/#\/schema\/logo\/image\/\"},\"sameAs\":[\"https:\/\/www.facebook.com\/csjemballages\"],\"address\":{\"@type\":\"PostalAddress\",\"streetAddress\":\"ZI La Lechere\",\"addressLocality\":\"Patornay\",\"postalCode\":\"39130\",\"addressCountry\":\"FR\"},\"contactPoint\":[{\"@type\":\"ContactPoint\",\"contactType\":\"Service client\",\"telephone\":\"0384254272\",\"email\":\"contact@csj-emballages.com\"}]}]}<\/script>\n<!-- \/ Yoast SEO Premium plugin. -->","yoast_head_json":{"title":"Aceitunas Verdes Sin Hueso en Lata 4\/4","description":"Aceitunas verdes sin hueso en lata 4\/4, pr\u00e1cticas y sabrosas. Ideales para pizzas, ensaladas, aperitivos y cocinas profesionales.","robots":{"index":"index","follow":"follow","max-snippet":"max-snippet:-1","max-image-preview":"max-image-preview:large","max-video-preview":"max-video-preview:-1"},"canonical":"https:\/\/www.csj-emballages.com\/es\/produit\/4-4-latas-de-aceitunas-verdes-sin-hueso\/","og_locale":"es_ES","og_type":"article","og_title":"Aceitunas verdes sin hueso en lata 4\/4","og_description":"Aceitunas verdes sin hueso en lata 4\/4, pr\u00e1cticas y sabrosas. Ideales para pizzas, ensaladas, aperitivos y cocinas profesionales.","og_url":"https:\/\/www.csj-emballages.com\/es\/produit\/4-4-latas-de-aceitunas-verdes-sin-hueso\/","og_site_name":"CSJ Emballages","article_publisher":"https:\/\/www.facebook.com\/csjemballages","article_modified_time":"2026-04-03T00:11:58+00:00","og_image":[{"width":800,"height":800,"url":"https:\/\/www.csj-emballages.com\/wp-content\/uploads\/2024\/11\/Olive-denoyautee-verte.webp","type":"image\/webp"}],"twitter_card":"summary_large_image","twitter_misc":{"Tiempo de lectura":"2 minutos"},"schema":{"@context":"https:\/\/schema.org","@graph":[{"@type":"WebPage","@id":"https:\/\/www.csj-emballages.com\/es\/produit\/4-4-latas-de-aceitunas-verdes-sin-hueso\/","url":"https:\/\/www.csj-emballages.com\/es\/produit\/4-4-latas-de-aceitunas-verdes-sin-hueso\/","name":"Aceitunas Verdes Sin Hueso en Lata 4\/4","isPartOf":{"@id":"https:\/\/www.csj-emballages.com\/es\/#website"},"primaryImageOfPage":{"@id":"https:\/\/www.csj-emballages.com\/es\/produit\/4-4-latas-de-aceitunas-verdes-sin-hueso\/#primaryimage"},"image":{"@id":"https:\/\/www.csj-emballages.com\/es\/produit\/4-4-latas-de-aceitunas-verdes-sin-hueso\/#primaryimage"},"thumbnailUrl":"https:\/\/www.csj-emballages.com\/wp-content\/uploads\/2024\/11\/Olive-denoyautee-verte.webp","datePublished":"2024-11-06T01:18:20+00:00","dateModified":"2026-04-03T00:11:58+00:00","description":"Aceitunas verdes sin hueso en lata 4\/4, pr\u00e1cticas y sabrosas. Ideales para pizzas, ensaladas, aperitivos y cocinas profesionales.","breadcrumb":{"@id":"https:\/\/www.csj-emballages.com\/es\/produit\/4-4-latas-de-aceitunas-verdes-sin-hueso\/#breadcrumb"},"inLanguage":"es","potentialAction":[{"@type":"ReadAction","target":["https:\/\/www.csj-emballages.com\/es\/produit\/4-4-latas-de-aceitunas-verdes-sin-hueso\/"]}]},{"@type":"ImageObject","inLanguage":"es","@id":"https:\/\/www.csj-emballages.com\/es\/produit\/4-4-latas-de-aceitunas-verdes-sin-hueso\/#primaryimage","url":"https:\/\/www.csj-emballages.com\/wp-content\/uploads\/2024\/11\/Olive-denoyautee-verte.webp","contentUrl":"https:\/\/www.csj-emballages.com\/wp-content\/uploads\/2024\/11\/Olive-denoyautee-verte.webp","width":800,"height":800,"caption":"Olive verte"},{"@type":"BreadcrumbList","@id":"https:\/\/www.csj-emballages.com\/es\/produit\/4-4-latas-de-aceitunas-verdes-sin-hueso\/#breadcrumb","itemListElement":[{"@type":"ListItem","position":1,"name":"Accueil","item":"https:\/\/www.csj-emballages.com\/es\/universo-del-envasado-alimentario\/"},{"@type":"ListItem","position":2,"name":"Tienda","item":"https:\/\/www.csj-emballages.com\/tienda\/"},{"@type":"ListItem","position":3,"name":"Aceitunas verdes sin hueso en lata 4\/4"}]},{"@type":"WebSite","@id":"https:\/\/www.csj-emballages.com\/es\/#website","url":"https:\/\/www.csj-emballages.com\/es\/","name":"CSJ Emballages","description":"","publisher":{"@id":"https:\/\/www.csj-emballages.com\/es\/#organization"},"potentialAction":[{"@type":"SearchAction","target":{"@type":"EntryPoint","urlTemplate":"https:\/\/www.csj-emballages.com\/es\/?s={search_term_string}"},"query-input":{"@type":"PropertyValueSpecification","valueRequired":true,"valueName":"search_term_string"}}],"inLanguage":"es"},{"@type":"Organization","@id":"https:\/\/www.csj-emballages.com\/es\/#Organization\/","name":"CSJ Emballages","url":"https:\/\/www.csj-emballages.com\/es\/","logo":{"@type":"ImageObject","inLanguage":"es","@id":"https:\/\/www.csj-emballages.com\/es\/#\/schema\/logo\/image\/","url":"https:\/\/www.csj-emballages.com\/wp-content\/uploads\/2023\/10\/logo_csj.webp","contentUrl":"https:\/\/www.csj-emballages.com\/wp-content\/uploads\/2023\/10\/logo_csj.webp","width":250,"height":95,"caption":"CSJ Emballages"},"image":{"@id":"https:\/\/www.csj-emballages.com\/es\/#\/schema\/logo\/image\/"},"sameAs":["https:\/\/www.facebook.com\/csjemballages"],"address":{"@type":"PostalAddress","streetAddress":"ZI La Lechere","addressLocality":"Patornay","postalCode":"39130","addressCountry":"FR"},"contactPoint":[{"@type":"ContactPoint","contactType":"Service client","telephone":"0384254272","email":"contact@csj-emballages.com"}]}]}},"df_price":3.6,"df_sale_price":"","df_regular_price":3.6,"df_image_link":"https:\/\/www.csj-emballages.com\/wp-content\/uploads\/2024\/11\/Olive-denoyautee-verte-300x300.webp","tiered_pricing_type":"fixed","tiered_pricing_fixed_rules":[],"tiered_pricing_percentage_rules":[],"tiered_pricing_minimum":1,"tiered_pricing_roles_data":[],"_links":{"self":[{"href":"https:\/\/www.csj-emballages.com\/es\/wp-json\/wp\/v2\/product\/159592","targetHints":{"allow":["GET"]}}],"collection":[{"href":"https:\/\/www.csj-emballages.com\/es\/wp-json\/wp\/v2\/product"}],"about":[{"href":"https:\/\/www.csj-emballages.com\/es\/wp-json\/wp\/v2\/types\/product"}],"wp:featuredmedia":[{"embeddable":true,"href":"https:\/\/www.csj-emballages.com\/es\/wp-json\/wp\/v2\/media\/197324"}],"wp:attachment":[{"href":"https:\/\/www.csj-emballages.com\/es\/wp-json\/wp\/v2\/media?parent=159592"}],"wp:term":[{"taxonomy":"product_brand","embeddable":true,"href":"https:\/\/www.csj-emballages.com\/es\/wp-json\/wp\/v2\/product_brand?post=159592"},{"taxonomy":"product_cat","embeddable":true,"href":"https:\/\/www.csj-emballages.com\/es\/wp-json\/wp\/v2\/product_cat?post=159592"},{"taxonomy":"product_tag","embeddable":true,"href":"https:\/\/www.csj-emballages.com\/es\/wp-json\/wp\/v2\/product_tag?post=159592"}],"curies":[{"name":"wp","href":"https:\/\/api.w.org\/{rel}","templated":true}]}}