{"id":159591,"date":"2024-11-06T02:18:23","date_gmt":"2024-11-06T01:18:23","guid":{"rendered":"https:\/\/www.csj-emballages.com\/?post_type=product&#038;p=159591"},"modified":"2026-03-12T16:07:03","modified_gmt":"2026-03-12T15:07:03","slug":"5-1-caja-de-anillos-de-pepinillo","status":"publish","type":"product","link":"https:\/\/www.csj-emballages.com\/es\/produit\/5-1-caja-de-anillos-de-pepinillo\/","title":{"rendered":"Rodajas de pepinillos en conserva 5\/1"},"content":{"rendered":"<h2 class=\"p1\">Rodajas de pepinillos<\/h2>\n<hr>\n<h3><span style=\"font-weight: bold;\">Descubra nuestras rodajas de pepinillos en conserva 5\/1<\/span><\/h3>\n<p><!--more--><\/p>\n<p data-start=\"299\" data-end=\"785\">Las <strong data-start=\"303\" data-end=\"343\">rodajas de pepinillos en conserva 5\/1<\/strong> son un verdadero imprescindible para las cocinas que quieren ir r\u00e1pido sin renunciar al sabor. Ya cortadas en <strong>finas rodajas regulares<\/strong>, est\u00e1n listas para usar y se integran f\u00e1cilmente en todo tipo de preparaciones. Ya sea para <strong>guarnecer hamburguesas, s\u00e1ndwiches, perritos calientes o enriquecer ensaladas mixtas<\/strong>, aportan instant\u00e1neamente ese toque crujiente y ligeramente \u00e1cido que marca la diferencia.  <\/p>\n<p data-start=\"787\" data-end=\"1160\">Gracias a su <strong>corte uniforme<\/strong>, gana un tiempo valioso en la cocina. Ya no es necesario cortar, todo est\u00e1 listo, lo que permite encadenar los servicios con m\u00e1s serenidad. Del mismo modo, su textura permanece firme y agradable en boca, incluso despu\u00e9s de la manipulaci\u00f3n o el almacenamiento en bandejas. Cada <strong>rodaja de pepinillo<\/strong> conserva su crujido, lo que garantiza una experiencia constante para sus clientes.   <\/p>\n<p data-start=\"1162\" data-end=\"1509\">El <strong>formato<\/strong> <strong data-start=\"1172\" data-end=\"1179\">5\/1<\/strong> es particularmente adecuado para los profesionales de la restauraci\u00f3n, los snacks, la comida r\u00e1pida o las colectividades. Permite gestionar los vol\u00famenes f\u00e1cilmente, limitando al mismo tiempo las reposiciones demasiado frecuentes. Adem\u00e1s, la conservaci\u00f3n en <strong data-start=\"303\" data-end=\"343\">conserva 5\/1<\/strong> asegura una larga duraci\u00f3n de uso, preservando al mismo tiempo la frescura y los sabores.  <\/p>\n<p data-start=\"1511\" data-end=\"1719\">Estas <strong>rodajas de pepinillos<\/strong> se adaptan a todos los estilos de cocina, desde el m\u00e1s simple hasta el m\u00e1s gourmet. Equilibran las recetas ricas, realzan las salsas y a\u00f1aden una verdadera firma a los platos m\u00e1s cl\u00e1sicos. <\/p>\n<p data-start=\"1721\" data-end=\"1865\">En resumen, este producto le ayuda a trabajar m\u00e1s r\u00e1pido, m\u00e1s limpiamente, garantizando al mismo tiempo un resultado constante y apreciado en cada servicio.<\/p>\n<p data-start=\"1721\" data-end=\"1865\">\n<p><!--more--><\/p>\n<h4>Ventajas :<\/h4>\n<ul>\n<li data-start=\"1893\" data-end=\"1922\"><strong>Rodajas de pepinillos<\/strong> listas para usar.<\/li>\n<li data-start=\"1925\" data-end=\"1957\">Textura crujiente y regular.<\/li>\n<li data-start=\"1960\" data-end=\"1986\">Ahorro de tiempo en la cocina.<\/li>\n<li data-start=\"1989\" data-end=\"2012\">Formato econ\u00f3mico <strong>5\/1<\/strong>.<\/li>\n<li data-start=\"2015\" data-end=\"2058\">Ideal para hamburguesas, s\u00e1ndwiches y ensaladas.<\/li>\n<\/ul>\n<p>&nbsp;<\/p>\n<p><!--more--><\/p>\n<h4>Informaci\u00f3n adicional :<\/h4>\n<ul>\n<li><strong>Embalaje<\/strong>: Caja 5\/1<\/li>\n<li><strong>Capacidad<\/strong>: 4250 ml<\/li>\n<li><strong>Peso neto<\/strong>: 4250 g<\/li>\n<li><strong>Peso neto escurrido<\/strong>: 2120 g<\/li>\n<li><strong>Tipo<\/strong>: Pepinillo redondo<\/li>\n<\/ul>\n<p>&nbsp;<\/p>\n<p><!--more--><\/p>\n<p><span style=\"color: #d12727;\"><a style=\"color: #d12727;\" href=\"https:\/\/www.csj-emballages.com\/es\/produit\/5-1-caja-de-pepinillos-en-vinagre-80-119\/\">Encuentra aqu\u00ed nuestros pepinillos calibre 80\/119<\/a><\/span><\/p>\n<p><span style=\"color: #d12727;\"><a style=\"color: #d12727;\" href=\"https:\/\/www.csj-emballages.com\/es\/produit\/5-1-lata-de-pepinillos-pasteurizados-en-vinagre-tamano-120-149\/\">Encuentre aqu\u00ed nuestros pepinillos calibre 120\/149<\/a><\/span><\/p>\n<p>&nbsp;<\/p>\n<p><!--more--><\/p>\n<p><a href=\"https:\/\/www.csj-emballages.com\/es\/categorie-produit\/alimentacion-es\/alimentacion\/verduras\/\">Consulte aqu\u00ed el resto de nuestra gama de conservas vegetales<\/a><\/p>\n","protected":false},"excerpt":{"rendered":"<p>Rodajas de pepinillos Descubra nuestras rodajas de pepinillos en conserva 5\/1<\/p>\n","protected":false},"featured_media":260923,"template":"","meta":{"_acf_changed":false},"product_brand":[],"product_cat":[1162,1189,1180],"product_tag":[],"class_list":{"0":"post-159591","1":"product","2":"type-product","3":"status-publish","4":"has-post-thumbnail","6":"product_cat-alimentacion-es","7":"product_cat-alimentacion","8":"product_cat-verduras","10":"first","11":"instock","12":"taxable","13":"shipping-taxable","14":"purchasable","15":"product-type-simple"},"acf":[],"yoast_head":"<!-- This site is optimized with the Yoast SEO Premium plugin v26.6 (Yoast SEO v26.6) - https:\/\/yoast.com\/wordpress\/plugins\/seo\/ -->\n<title>Rodajas de pepinillos en conserva 5\/1<\/title>\n<meta name=\"description\" content=\"Rodajas de pepinillos en conserva 5\/1, listas para usar. Crujientes, pr\u00e1cticas e ideales para hamburguesas, s\u00e1ndwiches y restauraci\u00f3n profesional.\" \/>\n<meta name=\"robots\" content=\"index, follow, max-snippet:-1, max-image-preview:large, max-video-preview:-1\" \/>\n<link rel=\"canonical\" href=\"https:\/\/www.csj-emballages.com\/es\/produit\/5-1-caja-de-anillos-de-pepinillo\/\" \/>\n<meta property=\"og:locale\" content=\"es_ES\" \/>\n<meta property=\"og:type\" content=\"article\" \/>\n<meta property=\"og:title\" content=\"Rodajas de pepinillos en conserva 5\/1\" \/>\n<meta property=\"og:description\" content=\"Rodajas de pepinillos en conserva 5\/1, listas para usar. Crujientes, pr\u00e1cticas e ideales para hamburguesas, s\u00e1ndwiches y restauraci\u00f3n profesional.\" \/>\n<meta property=\"og:url\" content=\"https:\/\/www.csj-emballages.com\/es\/produit\/5-1-caja-de-anillos-de-pepinillo\/\" \/>\n<meta property=\"og:site_name\" content=\"CSJ Emballages\" \/>\n<meta property=\"article:publisher\" content=\"https:\/\/www.facebook.com\/csjemballages\" \/>\n<meta property=\"article:modified_time\" content=\"2026-03-12T15:07:03+00:00\" \/>\n<meta property=\"og:image\" content=\"https:\/\/www.csj-emballages.com\/wp-content\/uploads\/2024\/11\/190010.webp\" \/>\n\t<meta property=\"og:image:width\" content=\"800\" \/>\n\t<meta property=\"og:image:height\" content=\"800\" \/>\n\t<meta property=\"og:image:type\" content=\"image\/webp\" \/>\n<meta name=\"twitter:card\" content=\"summary_large_image\" \/>\n<meta name=\"twitter:label1\" content=\"Tiempo de lectura\" \/>\n\t<meta name=\"twitter:data1\" content=\"2 minutos\" \/>\n<script type=\"application\/ld+json\" class=\"yoast-schema-graph\">{\"@context\":\"https:\/\/schema.org\",\"@graph\":[{\"@type\":\"WebPage\",\"@id\":\"https:\/\/www.csj-emballages.com\/es\/produit\/5-1-caja-de-anillos-de-pepinillo\/\",\"url\":\"https:\/\/www.csj-emballages.com\/es\/produit\/5-1-caja-de-anillos-de-pepinillo\/\",\"name\":\"Rodajas de pepinillos en conserva 5\/1\",\"isPartOf\":{\"@id\":\"https:\/\/www.csj-emballages.com\/es\/#website\"},\"primaryImageOfPage\":{\"@id\":\"https:\/\/www.csj-emballages.com\/es\/produit\/5-1-caja-de-anillos-de-pepinillo\/#primaryimage\"},\"image\":{\"@id\":\"https:\/\/www.csj-emballages.com\/es\/produit\/5-1-caja-de-anillos-de-pepinillo\/#primaryimage\"},\"thumbnailUrl\":\"https:\/\/www.csj-emballages.com\/wp-content\/uploads\/2024\/11\/190010.webp\",\"datePublished\":\"2024-11-06T01:18:23+00:00\",\"dateModified\":\"2026-03-12T15:07:03+00:00\",\"description\":\"Rodajas de pepinillos en conserva 5\/1, listas para usar. Crujientes, pr\u00e1cticas e ideales para hamburguesas, s\u00e1ndwiches y restauraci\u00f3n profesional.\",\"breadcrumb\":{\"@id\":\"https:\/\/www.csj-emballages.com\/es\/produit\/5-1-caja-de-anillos-de-pepinillo\/#breadcrumb\"},\"inLanguage\":\"es\",\"potentialAction\":[{\"@type\":\"ReadAction\",\"target\":[\"https:\/\/www.csj-emballages.com\/es\/produit\/5-1-caja-de-anillos-de-pepinillo\/\"]}]},{\"@type\":\"ImageObject\",\"inLanguage\":\"es\",\"@id\":\"https:\/\/www.csj-emballages.com\/es\/produit\/5-1-caja-de-anillos-de-pepinillo\/#primaryimage\",\"url\":\"https:\/\/www.csj-emballages.com\/wp-content\/uploads\/2024\/11\/190010.webp\",\"contentUrl\":\"https:\/\/www.csj-emballages.com\/wp-content\/uploads\/2024\/11\/190010.webp\",\"width\":800,\"height\":800,\"caption\":\"Cornichons en rondelles\"},{\"@type\":\"BreadcrumbList\",\"@id\":\"https:\/\/www.csj-emballages.com\/es\/produit\/5-1-caja-de-anillos-de-pepinillo\/#breadcrumb\",\"itemListElement\":[{\"@type\":\"ListItem\",\"position\":1,\"name\":\"Accueil\",\"item\":\"https:\/\/www.csj-emballages.com\/es\/universo-del-envasado-alimentario\/\"},{\"@type\":\"ListItem\",\"position\":2,\"name\":\"Tienda\",\"item\":\"https:\/\/www.csj-emballages.com\/tienda\/\"},{\"@type\":\"ListItem\",\"position\":3,\"name\":\"Rodajas de pepinillos en conserva 5\/1\"}]},{\"@type\":\"WebSite\",\"@id\":\"https:\/\/www.csj-emballages.com\/es\/#website\",\"url\":\"https:\/\/www.csj-emballages.com\/es\/\",\"name\":\"CSJ Emballages\",\"description\":\"\",\"publisher\":{\"@id\":\"https:\/\/www.csj-emballages.com\/es\/#organization\"},\"potentialAction\":[{\"@type\":\"SearchAction\",\"target\":{\"@type\":\"EntryPoint\",\"urlTemplate\":\"https:\/\/www.csj-emballages.com\/es\/?s={search_term_string}\"},\"query-input\":{\"@type\":\"PropertyValueSpecification\",\"valueRequired\":true,\"valueName\":\"search_term_string\"}}],\"inLanguage\":\"es\"},{\"@type\":\"Organization\",\"@id\":\"https:\/\/www.csj-emballages.com\/es\/#Organization\/\",\"name\":\"CSJ Emballages\",\"url\":\"https:\/\/www.csj-emballages.com\/es\/\",\"logo\":{\"@type\":\"ImageObject\",\"inLanguage\":\"es\",\"@id\":\"https:\/\/www.csj-emballages.com\/es\/#\/schema\/logo\/image\/\",\"url\":\"https:\/\/www.csj-emballages.com\/wp-content\/uploads\/2023\/10\/logo_csj.webp\",\"contentUrl\":\"https:\/\/www.csj-emballages.com\/wp-content\/uploads\/2023\/10\/logo_csj.webp\",\"width\":250,\"height\":95,\"caption\":\"CSJ Emballages\"},\"image\":{\"@id\":\"https:\/\/www.csj-emballages.com\/es\/#\/schema\/logo\/image\/\"},\"sameAs\":[\"https:\/\/www.facebook.com\/csjemballages\"],\"address\":{\"@type\":\"PostalAddress\",\"streetAddress\":\"ZI La Lechere\",\"addressLocality\":\"Patornay\",\"postalCode\":\"39130\",\"addressCountry\":\"FR\"},\"contactPoint\":[{\"@type\":\"ContactPoint\",\"contactType\":\"Service client\",\"telephone\":\"0384254272\",\"email\":\"contact@csj-emballages.com\"}]}]}<\/script>\n<!-- \/ Yoast SEO Premium plugin. -->","yoast_head_json":{"title":"Rodajas de pepinillos en conserva 5\/1","description":"Rodajas de pepinillos en conserva 5\/1, listas para usar. Crujientes, pr\u00e1cticas e ideales para hamburguesas, s\u00e1ndwiches y restauraci\u00f3n profesional.","robots":{"index":"index","follow":"follow","max-snippet":"max-snippet:-1","max-image-preview":"max-image-preview:large","max-video-preview":"max-video-preview:-1"},"canonical":"https:\/\/www.csj-emballages.com\/es\/produit\/5-1-caja-de-anillos-de-pepinillo\/","og_locale":"es_ES","og_type":"article","og_title":"Rodajas de pepinillos en conserva 5\/1","og_description":"Rodajas de pepinillos en conserva 5\/1, listas para usar. Crujientes, pr\u00e1cticas e ideales para hamburguesas, s\u00e1ndwiches y restauraci\u00f3n profesional.","og_url":"https:\/\/www.csj-emballages.com\/es\/produit\/5-1-caja-de-anillos-de-pepinillo\/","og_site_name":"CSJ Emballages","article_publisher":"https:\/\/www.facebook.com\/csjemballages","article_modified_time":"2026-03-12T15:07:03+00:00","og_image":[{"width":800,"height":800,"url":"https:\/\/www.csj-emballages.com\/wp-content\/uploads\/2024\/11\/190010.webp","type":"image\/webp"}],"twitter_card":"summary_large_image","twitter_misc":{"Tiempo de lectura":"2 minutos"},"schema":{"@context":"https:\/\/schema.org","@graph":[{"@type":"WebPage","@id":"https:\/\/www.csj-emballages.com\/es\/produit\/5-1-caja-de-anillos-de-pepinillo\/","url":"https:\/\/www.csj-emballages.com\/es\/produit\/5-1-caja-de-anillos-de-pepinillo\/","name":"Rodajas de pepinillos en conserva 5\/1","isPartOf":{"@id":"https:\/\/www.csj-emballages.com\/es\/#website"},"primaryImageOfPage":{"@id":"https:\/\/www.csj-emballages.com\/es\/produit\/5-1-caja-de-anillos-de-pepinillo\/#primaryimage"},"image":{"@id":"https:\/\/www.csj-emballages.com\/es\/produit\/5-1-caja-de-anillos-de-pepinillo\/#primaryimage"},"thumbnailUrl":"https:\/\/www.csj-emballages.com\/wp-content\/uploads\/2024\/11\/190010.webp","datePublished":"2024-11-06T01:18:23+00:00","dateModified":"2026-03-12T15:07:03+00:00","description":"Rodajas de pepinillos en conserva 5\/1, listas para usar. Crujientes, pr\u00e1cticas e ideales para hamburguesas, s\u00e1ndwiches y restauraci\u00f3n profesional.","breadcrumb":{"@id":"https:\/\/www.csj-emballages.com\/es\/produit\/5-1-caja-de-anillos-de-pepinillo\/#breadcrumb"},"inLanguage":"es","potentialAction":[{"@type":"ReadAction","target":["https:\/\/www.csj-emballages.com\/es\/produit\/5-1-caja-de-anillos-de-pepinillo\/"]}]},{"@type":"ImageObject","inLanguage":"es","@id":"https:\/\/www.csj-emballages.com\/es\/produit\/5-1-caja-de-anillos-de-pepinillo\/#primaryimage","url":"https:\/\/www.csj-emballages.com\/wp-content\/uploads\/2024\/11\/190010.webp","contentUrl":"https:\/\/www.csj-emballages.com\/wp-content\/uploads\/2024\/11\/190010.webp","width":800,"height":800,"caption":"Cornichons en rondelles"},{"@type":"BreadcrumbList","@id":"https:\/\/www.csj-emballages.com\/es\/produit\/5-1-caja-de-anillos-de-pepinillo\/#breadcrumb","itemListElement":[{"@type":"ListItem","position":1,"name":"Accueil","item":"https:\/\/www.csj-emballages.com\/es\/universo-del-envasado-alimentario\/"},{"@type":"ListItem","position":2,"name":"Tienda","item":"https:\/\/www.csj-emballages.com\/tienda\/"},{"@type":"ListItem","position":3,"name":"Rodajas de pepinillos en conserva 5\/1"}]},{"@type":"WebSite","@id":"https:\/\/www.csj-emballages.com\/es\/#website","url":"https:\/\/www.csj-emballages.com\/es\/","name":"CSJ Emballages","description":"","publisher":{"@id":"https:\/\/www.csj-emballages.com\/es\/#organization"},"potentialAction":[{"@type":"SearchAction","target":{"@type":"EntryPoint","urlTemplate":"https:\/\/www.csj-emballages.com\/es\/?s={search_term_string}"},"query-input":{"@type":"PropertyValueSpecification","valueRequired":true,"valueName":"search_term_string"}}],"inLanguage":"es"},{"@type":"Organization","@id":"https:\/\/www.csj-emballages.com\/es\/#Organization\/","name":"CSJ Emballages","url":"https:\/\/www.csj-emballages.com\/es\/","logo":{"@type":"ImageObject","inLanguage":"es","@id":"https:\/\/www.csj-emballages.com\/es\/#\/schema\/logo\/image\/","url":"https:\/\/www.csj-emballages.com\/wp-content\/uploads\/2023\/10\/logo_csj.webp","contentUrl":"https:\/\/www.csj-emballages.com\/wp-content\/uploads\/2023\/10\/logo_csj.webp","width":250,"height":95,"caption":"CSJ Emballages"},"image":{"@id":"https:\/\/www.csj-emballages.com\/es\/#\/schema\/logo\/image\/"},"sameAs":["https:\/\/www.facebook.com\/csjemballages"],"address":{"@type":"PostalAddress","streetAddress":"ZI La Lechere","addressLocality":"Patornay","postalCode":"39130","addressCountry":"FR"},"contactPoint":[{"@type":"ContactPoint","contactType":"Service client","telephone":"0384254272","email":"contact@csj-emballages.com"}]}]}},"df_price":9.54,"df_sale_price":"","df_regular_price":9.54,"df_image_link":"https:\/\/www.csj-emballages.com\/wp-content\/uploads\/2024\/11\/190010-300x300.webp","tiered_pricing_type":"fixed","tiered_pricing_fixed_rules":[],"tiered_pricing_percentage_rules":[],"tiered_pricing_minimum":1,"tiered_pricing_roles_data":[],"_links":{"self":[{"href":"https:\/\/www.csj-emballages.com\/es\/wp-json\/wp\/v2\/product\/159591","targetHints":{"allow":["GET"]}}],"collection":[{"href":"https:\/\/www.csj-emballages.com\/es\/wp-json\/wp\/v2\/product"}],"about":[{"href":"https:\/\/www.csj-emballages.com\/es\/wp-json\/wp\/v2\/types\/product"}],"wp:featuredmedia":[{"embeddable":true,"href":"https:\/\/www.csj-emballages.com\/es\/wp-json\/wp\/v2\/media\/260923"}],"wp:attachment":[{"href":"https:\/\/www.csj-emballages.com\/es\/wp-json\/wp\/v2\/media?parent=159591"}],"wp:term":[{"taxonomy":"product_brand","embeddable":true,"href":"https:\/\/www.csj-emballages.com\/es\/wp-json\/wp\/v2\/product_brand?post=159591"},{"taxonomy":"product_cat","embeddable":true,"href":"https:\/\/www.csj-emballages.com\/es\/wp-json\/wp\/v2\/product_cat?post=159591"},{"taxonomy":"product_tag","embeddable":true,"href":"https:\/\/www.csj-emballages.com\/es\/wp-json\/wp\/v2\/product_tag?post=159591"}],"curies":[{"name":"wp","href":"https:\/\/api.w.org\/{rel}","templated":true}]}}