{"id":159586,"date":"2024-11-06T02:18:15","date_gmt":"2024-11-06T01:18:15","guid":{"rendered":"https:\/\/www.csj-emballages.com\/?post_type=product&#038;p=159586"},"modified":"2026-03-31T02:10:16","modified_gmt":"2026-03-31T00:10:16","slug":"4-4-latas-de-albaricoques-mumps-pelados-en-conserva","status":"publish","type":"product","link":"https:\/\/www.csj-emballages.com\/es\/produit\/4-4-latas-de-albaricoques-mumps-pelados-en-conserva\/","title":{"rendered":"Mitades de albaricoque en conserva en lata 4\/4"},"content":{"rendered":"<h2>Mitades de albaricoque<\/h2>\n<hr>\n<h3><span style=\"font-weight: bold;\">Descubra nuestros orejones de albaricoque en conserva en lata 4\/4<\/span><!--more--><\/h3>\n<p data-start=\"241\" data-end=\"613\">Estas <strong>mitades de albaricoque en lata<\/strong> <strong data-start=\"275\" data-end=\"282\">4\/4<\/strong> son la soluci\u00f3n ideal cuando se quiere fruta, de verdad, lista para usar y sin sorpresas. Al abrirla, se descubren <strong>hermosas mitades<\/strong> bien formadas, de color c\u00e1lido y textura fundente. Conservan un sabor equilibrado, ni demasiado dulce ni demasiado soso, lo que las hace f\u00e1ciles de usar en numerosas preparaciones.  <\/p>\n<p data-start=\"615\" data-end=\"1044\">Gracias a su formato generoso, estos <strong>albaricoques en conserva<\/strong> responden perfectamente a las necesidades de los profesionales y de las colectividades, pero tambi\u00e9n a las de quienes cocinan en grandes cantidades. Se integran tanto en un <strong>postre sencillo<\/strong> como en una <strong>receta m\u00e1s elaborada<\/strong>. Ya sea para una <strong>tarta, una ensalada de frutas, un bizcocho, un clafoutis<\/strong> o incluso un toque dulce en una preparaci\u00f3n salada, cumplen su funci\u00f3n sin esfuerzo.  <\/p>\n<p data-start=\"1046\" data-end=\"1352\">Del mismo modo, el envasado en <strong>lata<\/strong> permite una conservaci\u00f3n de larga duraci\u00f3n manteniendo una calidad constante. Gana tiempo en la cocina, ya que las frutas ya est\u00e1n listas: <strong>sin pelar, sin cortar, sin desperdiciar<\/strong>. Basta con abrir, escurrir si es necesario y dejar volar su creatividad.  <\/p>\n<p data-start=\"1354\" data-end=\"1632\">Adem\u00e1s, su resistencia a la cocci\u00f3n es una verdadera ventaja. Las mitades conservan su forma y su textura fundente, lo que garantiza un resultado cuidado en el plato. Es un producto fiable, pr\u00e1ctico y constante, pensado para simplificar el d\u00eda a d\u00eda garantizando al mismo tiempo un resultado delicioso.  <\/p>\n<p data-start=\"1634\" data-end=\"1776\">En resumen, estas <strong>mitades de albaricoque en conserva<\/strong> son un imprescindible para tener en reserva para cocinar r\u00e1pido, bien y sin renunciar al sabor.<\/p>\n<p>&nbsp;<\/p>\n<p><!--more--><\/p>\n<h4>Ventajas :<\/h4>\n<ul>\n<li data-start=\"1804\" data-end=\"1836\"><strong>Hermosas mitades<\/strong> bien calibradas.<\/li>\n<li data-start=\"1839\" data-end=\"1867\">Sabor equilibrado y natural.<\/li>\n<li data-start=\"1870\" data-end=\"1911\"><strong>Formato 4\/4<\/strong> adaptado a usos intensivos.<\/li>\n<li data-start=\"1914\" data-end=\"1955\">Listas para usar, ahorro de tiempo garantizado.<\/li>\n<li data-start=\"1958\" data-end=\"1998\">Buena resistencia en cocci\u00f3n y en pasteler\u00eda.<\/li>\n<\/ul>\n<p>&nbsp;<\/p>\n<p><!--more--><\/p>\n<h4>Informaci\u00f3n adicional :<\/h4>\n<ul>\n<li><strong>Embalaje<\/strong>: Caja 4\/4<\/li>\n<li><strong>Capacidad<\/strong>: 850 ml<\/li>\n<li><strong>Forma<\/strong>: Mitades<\/li>\n<li><strong>Peso neto<\/strong>: 820 g<\/li>\n<li><strong>Peso neto escurrido<\/strong>: 480 g<\/li>\n<\/ul>\n<p>&nbsp;<\/p>\n<p><!--more--><\/p>\n<p>Estas mitades de albaricoque tambi\u00e9n est\u00e1n disponibles en diferentes formatos: <span style=\"color: #d12727;\"><a style=\"color: #d12727;\" href=\"https:\/\/www.csj-emballages.com\/es\/produit\/5-1-lata-de-albaricoques-sin-pelar-para-reposteria\/\">Lata 5\/1<\/a> <\/span>\/ <span style=\"color: #d12727;\"><a style=\"color: #d12727;\" href=\"https:\/\/www.csj-emballages.com\/es\/produit\/3-1-lata-de-albaricoques-sin-pelar-para-reposteria\/\">Lata 3\/1<\/a><\/span><\/p>\n<p>&nbsp;<\/p>\n<p><!--more--><\/p>\n<p><a href=\"https:\/\/www.csj-emballages.com\/es\/categorie-produit\/alimentacion-es\/alimentacion\/fruta-seca-y-fruta-en-almibar\/albaricoque\/\">Consulte el resto de nuestra gama de albaricoques en alm\u00edbar<\/a><\/p>\n<p>&nbsp;<\/p>\n","protected":false},"excerpt":{"rendered":"<p>Mitades de albaricoque Descubra nuestros orejones de albaricoque en conserva en lata 4\/4<\/p>\n","protected":false},"featured_media":260805,"template":"","meta":{"_acf_changed":false},"product_brand":[],"product_cat":[1162,1189,1200,5928],"product_tag":[],"class_list":{"0":"post-159586","1":"product","2":"type-product","3":"status-publish","4":"has-post-thumbnail","6":"product_cat-alimentacion-es","7":"product_cat-alimentacion","8":"product_cat-fruta-seca-y-fruta-en-almibar","9":"product_cat-albaricoque","11":"first","12":"instock","13":"taxable","14":"shipping-taxable","15":"purchasable","16":"product-type-simple"},"acf":[],"yoast_head":"<!-- This site is optimized with the Yoast SEO Premium plugin v26.6 (Yoast SEO v26.6) - https:\/\/yoast.com\/wordpress\/plugins\/seo\/ -->\n<title>Mitades de albaricoque en conserva en lata 4\/4<\/title>\n<meta name=\"description\" content=\"Mitades de albaricoque en conserva en lata 4\/4: frutas listas para usar, fundentes y sabrosas, ideales para postres, pasteler\u00eda y cocina profesional.\" \/>\n<meta name=\"robots\" content=\"index, follow, max-snippet:-1, max-image-preview:large, max-video-preview:-1\" \/>\n<link rel=\"canonical\" href=\"https:\/\/www.csj-emballages.com\/es\/produit\/4-4-latas-de-albaricoques-mumps-pelados-en-conserva\/\" \/>\n<meta property=\"og:locale\" content=\"es_ES\" \/>\n<meta property=\"og:type\" content=\"article\" \/>\n<meta property=\"og:title\" content=\"Mitades de albaricoque en conserva en lata 4\/4\" \/>\n<meta property=\"og:description\" content=\"Mitades de albaricoque en conserva en lata 4\/4: frutas listas para usar, fundentes y sabrosas, ideales para postres, pasteler\u00eda y cocina profesional.\" \/>\n<meta property=\"og:url\" content=\"https:\/\/www.csj-emballages.com\/es\/produit\/4-4-latas-de-albaricoques-mumps-pelados-en-conserva\/\" \/>\n<meta property=\"og:site_name\" content=\"CSJ Emballages\" \/>\n<meta property=\"article:publisher\" content=\"https:\/\/www.facebook.com\/csjemballages\" \/>\n<meta property=\"article:modified_time\" content=\"2026-03-31T00:10:16+00:00\" \/>\n<meta property=\"og:image\" content=\"https:\/\/www.csj-emballages.com\/wp-content\/uploads\/2024\/11\/010196.webp\" \/>\n\t<meta property=\"og:image:width\" content=\"800\" \/>\n\t<meta property=\"og:image:height\" content=\"800\" \/>\n\t<meta property=\"og:image:type\" content=\"image\/webp\" \/>\n<meta name=\"twitter:card\" content=\"summary_large_image\" \/>\n<meta name=\"twitter:label1\" content=\"Tiempo de lectura\" \/>\n\t<meta name=\"twitter:data1\" content=\"2 minutos\" \/>\n<script type=\"application\/ld+json\" class=\"yoast-schema-graph\">{\"@context\":\"https:\/\/schema.org\",\"@graph\":[{\"@type\":\"WebPage\",\"@id\":\"https:\/\/www.csj-emballages.com\/es\/produit\/4-4-latas-de-albaricoques-mumps-pelados-en-conserva\/\",\"url\":\"https:\/\/www.csj-emballages.com\/es\/produit\/4-4-latas-de-albaricoques-mumps-pelados-en-conserva\/\",\"name\":\"Mitades de albaricoque en conserva en lata 4\/4\",\"isPartOf\":{\"@id\":\"https:\/\/www.csj-emballages.com\/es\/#website\"},\"primaryImageOfPage\":{\"@id\":\"https:\/\/www.csj-emballages.com\/es\/produit\/4-4-latas-de-albaricoques-mumps-pelados-en-conserva\/#primaryimage\"},\"image\":{\"@id\":\"https:\/\/www.csj-emballages.com\/es\/produit\/4-4-latas-de-albaricoques-mumps-pelados-en-conserva\/#primaryimage\"},\"thumbnailUrl\":\"https:\/\/www.csj-emballages.com\/wp-content\/uploads\/2024\/11\/010196.webp\",\"datePublished\":\"2024-11-06T01:18:15+00:00\",\"dateModified\":\"2026-03-31T00:10:16+00:00\",\"description\":\"Mitades de albaricoque en conserva en lata 4\/4: frutas listas para usar, fundentes y sabrosas, ideales para postres, pasteler\u00eda y cocina profesional.\",\"breadcrumb\":{\"@id\":\"https:\/\/www.csj-emballages.com\/es\/produit\/4-4-latas-de-albaricoques-mumps-pelados-en-conserva\/#breadcrumb\"},\"inLanguage\":\"es\",\"potentialAction\":[{\"@type\":\"ReadAction\",\"target\":[\"https:\/\/www.csj-emballages.com\/es\/produit\/4-4-latas-de-albaricoques-mumps-pelados-en-conserva\/\"]}]},{\"@type\":\"ImageObject\",\"inLanguage\":\"es\",\"@id\":\"https:\/\/www.csj-emballages.com\/es\/produit\/4-4-latas-de-albaricoques-mumps-pelados-en-conserva\/#primaryimage\",\"url\":\"https:\/\/www.csj-emballages.com\/wp-content\/uploads\/2024\/11\/010196.webp\",\"contentUrl\":\"https:\/\/www.csj-emballages.com\/wp-content\/uploads\/2024\/11\/010196.webp\",\"width\":800,\"height\":800,\"caption\":\"Oreillons d'abricots\"},{\"@type\":\"BreadcrumbList\",\"@id\":\"https:\/\/www.csj-emballages.com\/es\/produit\/4-4-latas-de-albaricoques-mumps-pelados-en-conserva\/#breadcrumb\",\"itemListElement\":[{\"@type\":\"ListItem\",\"position\":1,\"name\":\"Accueil\",\"item\":\"https:\/\/www.csj-emballages.com\/es\/universo-del-envasado-alimentario\/\"},{\"@type\":\"ListItem\",\"position\":2,\"name\":\"Tienda\",\"item\":\"https:\/\/www.csj-emballages.com\/tienda\/\"},{\"@type\":\"ListItem\",\"position\":3,\"name\":\"Mitades de albaricoque en conserva en lata 4\/4\"}]},{\"@type\":\"WebSite\",\"@id\":\"https:\/\/www.csj-emballages.com\/es\/#website\",\"url\":\"https:\/\/www.csj-emballages.com\/es\/\",\"name\":\"CSJ Emballages\",\"description\":\"\",\"publisher\":{\"@id\":\"https:\/\/www.csj-emballages.com\/es\/#organization\"},\"potentialAction\":[{\"@type\":\"SearchAction\",\"target\":{\"@type\":\"EntryPoint\",\"urlTemplate\":\"https:\/\/www.csj-emballages.com\/es\/?s={search_term_string}\"},\"query-input\":{\"@type\":\"PropertyValueSpecification\",\"valueRequired\":true,\"valueName\":\"search_term_string\"}}],\"inLanguage\":\"es\"},{\"@type\":\"Organization\",\"@id\":\"https:\/\/www.csj-emballages.com\/es\/#Organization\/\",\"name\":\"CSJ Emballages\",\"url\":\"https:\/\/www.csj-emballages.com\/es\/\",\"logo\":{\"@type\":\"ImageObject\",\"inLanguage\":\"es\",\"@id\":\"https:\/\/www.csj-emballages.com\/es\/#\/schema\/logo\/image\/\",\"url\":\"https:\/\/www.csj-emballages.com\/wp-content\/uploads\/2023\/10\/logo_csj.webp\",\"contentUrl\":\"https:\/\/www.csj-emballages.com\/wp-content\/uploads\/2023\/10\/logo_csj.webp\",\"width\":250,\"height\":95,\"caption\":\"CSJ Emballages\"},\"image\":{\"@id\":\"https:\/\/www.csj-emballages.com\/es\/#\/schema\/logo\/image\/\"},\"sameAs\":[\"https:\/\/www.facebook.com\/csjemballages\"],\"address\":{\"@type\":\"PostalAddress\",\"streetAddress\":\"ZI La Lechere\",\"addressLocality\":\"Patornay\",\"postalCode\":\"39130\",\"addressCountry\":\"FR\"},\"contactPoint\":[{\"@type\":\"ContactPoint\",\"contactType\":\"Service client\",\"telephone\":\"0384254272\",\"email\":\"contact@csj-emballages.com\"}]}]}<\/script>\n<!-- \/ Yoast SEO Premium plugin. -->","yoast_head_json":{"title":"Mitades de albaricoque en conserva en lata 4\/4","description":"Mitades de albaricoque en conserva en lata 4\/4: frutas listas para usar, fundentes y sabrosas, ideales para postres, pasteler\u00eda y cocina profesional.","robots":{"index":"index","follow":"follow","max-snippet":"max-snippet:-1","max-image-preview":"max-image-preview:large","max-video-preview":"max-video-preview:-1"},"canonical":"https:\/\/www.csj-emballages.com\/es\/produit\/4-4-latas-de-albaricoques-mumps-pelados-en-conserva\/","og_locale":"es_ES","og_type":"article","og_title":"Mitades de albaricoque en conserva en lata 4\/4","og_description":"Mitades de albaricoque en conserva en lata 4\/4: frutas listas para usar, fundentes y sabrosas, ideales para postres, pasteler\u00eda y cocina profesional.","og_url":"https:\/\/www.csj-emballages.com\/es\/produit\/4-4-latas-de-albaricoques-mumps-pelados-en-conserva\/","og_site_name":"CSJ Emballages","article_publisher":"https:\/\/www.facebook.com\/csjemballages","article_modified_time":"2026-03-31T00:10:16+00:00","og_image":[{"width":800,"height":800,"url":"https:\/\/www.csj-emballages.com\/wp-content\/uploads\/2024\/11\/010196.webp","type":"image\/webp"}],"twitter_card":"summary_large_image","twitter_misc":{"Tiempo de lectura":"2 minutos"},"schema":{"@context":"https:\/\/schema.org","@graph":[{"@type":"WebPage","@id":"https:\/\/www.csj-emballages.com\/es\/produit\/4-4-latas-de-albaricoques-mumps-pelados-en-conserva\/","url":"https:\/\/www.csj-emballages.com\/es\/produit\/4-4-latas-de-albaricoques-mumps-pelados-en-conserva\/","name":"Mitades de albaricoque en conserva en lata 4\/4","isPartOf":{"@id":"https:\/\/www.csj-emballages.com\/es\/#website"},"primaryImageOfPage":{"@id":"https:\/\/www.csj-emballages.com\/es\/produit\/4-4-latas-de-albaricoques-mumps-pelados-en-conserva\/#primaryimage"},"image":{"@id":"https:\/\/www.csj-emballages.com\/es\/produit\/4-4-latas-de-albaricoques-mumps-pelados-en-conserva\/#primaryimage"},"thumbnailUrl":"https:\/\/www.csj-emballages.com\/wp-content\/uploads\/2024\/11\/010196.webp","datePublished":"2024-11-06T01:18:15+00:00","dateModified":"2026-03-31T00:10:16+00:00","description":"Mitades de albaricoque en conserva en lata 4\/4: frutas listas para usar, fundentes y sabrosas, ideales para postres, pasteler\u00eda y cocina profesional.","breadcrumb":{"@id":"https:\/\/www.csj-emballages.com\/es\/produit\/4-4-latas-de-albaricoques-mumps-pelados-en-conserva\/#breadcrumb"},"inLanguage":"es","potentialAction":[{"@type":"ReadAction","target":["https:\/\/www.csj-emballages.com\/es\/produit\/4-4-latas-de-albaricoques-mumps-pelados-en-conserva\/"]}]},{"@type":"ImageObject","inLanguage":"es","@id":"https:\/\/www.csj-emballages.com\/es\/produit\/4-4-latas-de-albaricoques-mumps-pelados-en-conserva\/#primaryimage","url":"https:\/\/www.csj-emballages.com\/wp-content\/uploads\/2024\/11\/010196.webp","contentUrl":"https:\/\/www.csj-emballages.com\/wp-content\/uploads\/2024\/11\/010196.webp","width":800,"height":800,"caption":"Oreillons d'abricots"},{"@type":"BreadcrumbList","@id":"https:\/\/www.csj-emballages.com\/es\/produit\/4-4-latas-de-albaricoques-mumps-pelados-en-conserva\/#breadcrumb","itemListElement":[{"@type":"ListItem","position":1,"name":"Accueil","item":"https:\/\/www.csj-emballages.com\/es\/universo-del-envasado-alimentario\/"},{"@type":"ListItem","position":2,"name":"Tienda","item":"https:\/\/www.csj-emballages.com\/tienda\/"},{"@type":"ListItem","position":3,"name":"Mitades de albaricoque en conserva en lata 4\/4"}]},{"@type":"WebSite","@id":"https:\/\/www.csj-emballages.com\/es\/#website","url":"https:\/\/www.csj-emballages.com\/es\/","name":"CSJ Emballages","description":"","publisher":{"@id":"https:\/\/www.csj-emballages.com\/es\/#organization"},"potentialAction":[{"@type":"SearchAction","target":{"@type":"EntryPoint","urlTemplate":"https:\/\/www.csj-emballages.com\/es\/?s={search_term_string}"},"query-input":{"@type":"PropertyValueSpecification","valueRequired":true,"valueName":"search_term_string"}}],"inLanguage":"es"},{"@type":"Organization","@id":"https:\/\/www.csj-emballages.com\/es\/#Organization\/","name":"CSJ Emballages","url":"https:\/\/www.csj-emballages.com\/es\/","logo":{"@type":"ImageObject","inLanguage":"es","@id":"https:\/\/www.csj-emballages.com\/es\/#\/schema\/logo\/image\/","url":"https:\/\/www.csj-emballages.com\/wp-content\/uploads\/2023\/10\/logo_csj.webp","contentUrl":"https:\/\/www.csj-emballages.com\/wp-content\/uploads\/2023\/10\/logo_csj.webp","width":250,"height":95,"caption":"CSJ Emballages"},"image":{"@id":"https:\/\/www.csj-emballages.com\/es\/#\/schema\/logo\/image\/"},"sameAs":["https:\/\/www.facebook.com\/csjemballages"],"address":{"@type":"PostalAddress","streetAddress":"ZI La Lechere","addressLocality":"Patornay","postalCode":"39130","addressCountry":"FR"},"contactPoint":[{"@type":"ContactPoint","contactType":"Service client","telephone":"0384254272","email":"contact@csj-emballages.com"}]}]}},"df_price":2.91,"df_sale_price":"","df_regular_price":2.91,"df_image_link":"https:\/\/www.csj-emballages.com\/wp-content\/uploads\/2024\/11\/010196-300x300.webp","tiered_pricing_type":"fixed","tiered_pricing_fixed_rules":[],"tiered_pricing_percentage_rules":[],"tiered_pricing_minimum":1,"tiered_pricing_roles_data":[],"_links":{"self":[{"href":"https:\/\/www.csj-emballages.com\/es\/wp-json\/wp\/v2\/product\/159586","targetHints":{"allow":["GET"]}}],"collection":[{"href":"https:\/\/www.csj-emballages.com\/es\/wp-json\/wp\/v2\/product"}],"about":[{"href":"https:\/\/www.csj-emballages.com\/es\/wp-json\/wp\/v2\/types\/product"}],"wp:featuredmedia":[{"embeddable":true,"href":"https:\/\/www.csj-emballages.com\/es\/wp-json\/wp\/v2\/media\/260805"}],"wp:attachment":[{"href":"https:\/\/www.csj-emballages.com\/es\/wp-json\/wp\/v2\/media?parent=159586"}],"wp:term":[{"taxonomy":"product_brand","embeddable":true,"href":"https:\/\/www.csj-emballages.com\/es\/wp-json\/wp\/v2\/product_brand?post=159586"},{"taxonomy":"product_cat","embeddable":true,"href":"https:\/\/www.csj-emballages.com\/es\/wp-json\/wp\/v2\/product_cat?post=159586"},{"taxonomy":"product_tag","embeddable":true,"href":"https:\/\/www.csj-emballages.com\/es\/wp-json\/wp\/v2\/product_tag?post=159586"}],"curies":[{"name":"wp","href":"https:\/\/api.w.org\/{rel}","templated":true}]}}