{"id":159585,"date":"2024-11-06T02:18:18","date_gmt":"2024-11-06T01:18:18","guid":{"rendered":"https:\/\/www.csj-emballages.com\/?post_type=product&#038;p=159585"},"modified":"2026-04-03T02:11:57","modified_gmt":"2026-04-03T00:11:57","slug":"1-kg-de-pasas-sultanas","status":"publish","type":"product","link":"https:\/\/www.csj-emballages.com\/es\/produit\/1-kg-de-pasas-sultanas\/","title":{"rendered":"Pasas sultanas 1kg"},"content":{"rendered":"<h2>Sultanas<\/h2>\n<hr>\n<h3><span style=\"font-weight: bold\">Descubra nuestras pasas sultanas por 1 kg<\/span><\/h3>\n<p>Las <strong>pasas s<\/strong> ultanas por <strong>1 kg<\/strong> son una excelente opci\u00f3n para quienes buscan una fruta deliciosa y nutritiva. <strong>Estas pasas sultanas<\/strong> proceden de los mejores racimos de uvas, cuidadosamente seleccionados y secados para ofrecer una calidad impecable. Su sabor dulce y su textura tierna las convierten en una opci\u00f3n perfecta para tus necesidades culinarias y como tentempi\u00e9. Puedes comerlas tal cual o a\u00f1adirlas a tus recetas favoritas. Las <strong>pasas sultanas<\/strong> son especialmente apreciadas por su dulzor natural. De hecho, esta <strong>sultana<\/strong> destaca por su sabor dulce, sin az\u00facares artificiales a\u00f1adidos. Este producto es ideal para quienes quieren comer sano y disfrutar al mismo tiempo.      <\/p>\n<p>Tambi\u00e9n se prestan a una amplia gama de usos en la cocina. Puede a\u00f1adirlas a sus cereales matutinos, o incorporarlas a sus ensaladas o postres. Su sabor dulce combina a la perfecci\u00f3n con frutos secos, chocolate o incluso especias como la canela. Si le gusta la reposter\u00eda, <strong>las pasas sultanas<\/strong> son un ingrediente esencial para sus tartas, magdalenas y panes.   <\/p>\n<p>&nbsp;<\/p>\n<p><!--more--><\/p>\n<h4>Beneficios nutricionales<\/h4>\n<p><strong>Las pasas sultanas<\/strong> son tambi\u00e9n una excelente fuente de energ\u00eda r\u00e1pida. Tanto si buscas un empuj\u00f3n despu\u00e9s de una sesi\u00f3n de deporte, como si quieres aguantar hasta la siguiente comida, son el tentempi\u00e9 ideal. Puedes llevarlas a cualquier parte, en la bolsa o en la fiambrera. Su formato <strong>de 1 kg<\/strong> permite utilizarlas en grandes cantidades en las recetas, a la vez que ofrecen una excelente relaci\u00f3n calidad-precio.   <\/p>\n<p>Adem\u00e1s de su sabor excepcional, <strong>las uvas<\/strong> son muy nutritivas. Contienen fibra esencial, vitaminas y minerales que contribuyen a una dieta equilibrada. Su alto contenido en antioxidantes ayuda a proteger tu cuerpo contra los radicales libres. Adem\u00e1s, su bajo contenido en grasas las convierte en una alternativa saludable a los tradicionales aperitivos dulces.   <\/p>\n<p>&nbsp;<\/p>\n<p><!--more--><\/p>\n<h4>Los beneficios:<\/h4>\n<ul>\n<li><strong>Dulzor natural<\/strong>: A diferencia de otros aperitivos dulces <strong>, las pasas sultanas<\/strong> no contienen az\u00facar a\u00f1adido. Su dulzor procede directamente de la naturaleza. <\/li>\n<li><strong>Pr\u00e1cticas y vers\u00e1tiles<\/strong>: Estas <strong>uvas<\/strong> son ideales para un consumo r\u00e1pido, ya sea como tentempi\u00e9, a\u00f1adidas a tus cereales o incorporadas a tus recetas.<\/li>\n<li><strong>Energ\u00eda r\u00e1pida<\/strong>: <strong>Las pasas sultanas<\/strong> son ricas en az\u00facares naturales, lo que las convierte en una excelente fuente de energ\u00eda r\u00e1pida.<\/li>\n<li><strong>Econ\u00f3mico<\/strong>: Su formato de 1 kg tambi\u00e9n es econ\u00f3mico y pr\u00e1ctico para diversos usos.<\/li>\n<\/ul>\n<p>&nbsp;<\/p>\n<p><!--more--><\/p>\n<h4>Informaci\u00f3n adicional :<\/h4>\n<ul>\n<li><strong>Envase<\/strong>: 1kg<\/li>\n<li><b>Origen: <\/b>China<\/li>\n<li><strong>Tipo<\/strong>: Pasas<\/li>\n<\/ul>\n<p>&nbsp;<\/p>\n<p><!--more--><\/p>\n<p>Encuentre aqu\u00ed nuestras ciruelas pasas y albaricoques secos: <span style=\"color: #d12727\"><a style=\"color: #d12727\" href=\"https:\/\/www.csj-emballages.com\/es\/produit\/1-kg-de-ciruelas-pasas-deshuesadas\/\">160011<\/a> <\/span>\/ <span style=\"color: #d12727\"><a style=\"color: #d12727\" href=\"https:\/\/www.csj-emballages.com\/es\/produit\/1-kg-de-albaricoques-secos-enteros\/\">160012<\/a><\/span><\/p>\n<div style=\"font-family: Roboto, sans-serif\"><\/div>\n<p><!--more--><\/p>\n<p><a href=\"https:\/\/www.csj-emballages.com\/es\/categorie-produit\/alimentacion-es\/frutos-secos-es-2\/\">Consulta el resto de nuestra gama de frutos secos aqu\u00ed<\/a><\/p>\n","protected":false},"excerpt":{"rendered":"<p>Sultanas Descubra nuestras pasas sultanas por 1 kg Las pasas s ultanas por 1 kg son una excelente opci\u00f3n para quienes buscan una fruta deliciosa y nutritiva. Estas pasas sultanas proceden de los mejores racimos de uvas, cuidadosamente seleccionados y secados para ofrecer una calidad impecable. Su sabor dulce y su textura tierna las convierten [&hellip;]<\/p>\n","protected":false},"featured_media":191058,"template":"","meta":{"_acf_changed":false},"product_brand":[],"product_cat":[1162,7621],"product_tag":[],"class_list":{"0":"post-159585","1":"product","2":"type-product","3":"status-publish","4":"has-post-thumbnail","6":"product_cat-alimentacion-es","7":"product_cat-frutos-secos-es-2","9":"first","10":"instock","11":"taxable","12":"shipping-taxable","13":"purchasable","14":"product-type-simple"},"acf":[],"yoast_head":"<!-- This site is optimized with the Yoast SEO Premium plugin v26.6 (Yoast SEO v26.6) - https:\/\/yoast.com\/wordpress\/plugins\/seo\/ -->\n<title>Pasas Sultana por 1 kg<\/title>\n<meta name=\"description\" content=\"Descubra nuestras pasas sultanas en paquetes de 1 kg. Ideales para reposter\u00eda, postres y otras preparaciones dulces y saladas.\" \/>\n<meta name=\"robots\" content=\"index, follow, max-snippet:-1, max-image-preview:large, max-video-preview:-1\" \/>\n<link rel=\"canonical\" href=\"https:\/\/www.csj-emballages.com\/es\/produit\/1-kg-de-pasas-sultanas\/\" \/>\n<meta property=\"og:locale\" content=\"es_ES\" \/>\n<meta property=\"og:type\" content=\"article\" \/>\n<meta property=\"og:title\" content=\"Pasas sultanas 1kg\" \/>\n<meta property=\"og:description\" content=\"Descubra nuestras pasas sultanas en paquetes de 1 kg. Ideales para reposter\u00eda, postres y otras preparaciones dulces y saladas.\" \/>\n<meta property=\"og:url\" content=\"https:\/\/www.csj-emballages.com\/es\/produit\/1-kg-de-pasas-sultanas\/\" \/>\n<meta property=\"og:site_name\" content=\"CSJ Emballages\" \/>\n<meta property=\"article:publisher\" content=\"https:\/\/www.facebook.com\/csjemballages\" \/>\n<meta property=\"article:modified_time\" content=\"2026-04-03T00:11:57+00:00\" \/>\n<meta property=\"og:image\" content=\"https:\/\/www.csj-emballages.com\/wp-content\/uploads\/2024\/11\/Photo-2-png-e1732875965745.webp\" \/>\n\t<meta property=\"og:image:width\" content=\"1563\" \/>\n\t<meta property=\"og:image:height\" content=\"1563\" \/>\n\t<meta property=\"og:image:type\" content=\"image\/png\" \/>\n<meta name=\"twitter:card\" content=\"summary_large_image\" \/>\n<meta name=\"twitter:label1\" content=\"Tiempo de lectura\" \/>\n\t<meta name=\"twitter:data1\" content=\"2 minutos\" \/>\n<script type=\"application\/ld+json\" class=\"yoast-schema-graph\">{\"@context\":\"https:\/\/schema.org\",\"@graph\":[{\"@type\":\"WebPage\",\"@id\":\"https:\/\/www.csj-emballages.com\/es\/produit\/1-kg-de-pasas-sultanas\/\",\"url\":\"https:\/\/www.csj-emballages.com\/es\/produit\/1-kg-de-pasas-sultanas\/\",\"name\":\"Pasas Sultana por 1 kg\",\"isPartOf\":{\"@id\":\"https:\/\/www.csj-emballages.com\/es\/#website\"},\"primaryImageOfPage\":{\"@id\":\"https:\/\/www.csj-emballages.com\/es\/produit\/1-kg-de-pasas-sultanas\/#primaryimage\"},\"image\":{\"@id\":\"https:\/\/www.csj-emballages.com\/es\/produit\/1-kg-de-pasas-sultanas\/#primaryimage\"},\"thumbnailUrl\":\"https:\/\/www.csj-emballages.com\/wp-content\/uploads\/2024\/11\/Photo-2-png-e1732875965745.webp\",\"datePublished\":\"2024-11-06T01:18:18+00:00\",\"dateModified\":\"2026-04-03T00:11:57+00:00\",\"description\":\"Descubra nuestras pasas sultanas en paquetes de 1 kg. Ideales para reposter\u00eda, postres y otras preparaciones dulces y saladas.\",\"breadcrumb\":{\"@id\":\"https:\/\/www.csj-emballages.com\/es\/produit\/1-kg-de-pasas-sultanas\/#breadcrumb\"},\"inLanguage\":\"es\",\"potentialAction\":[{\"@type\":\"ReadAction\",\"target\":[\"https:\/\/www.csj-emballages.com\/es\/produit\/1-kg-de-pasas-sultanas\/\"]}]},{\"@type\":\"ImageObject\",\"inLanguage\":\"es\",\"@id\":\"https:\/\/www.csj-emballages.com\/es\/produit\/1-kg-de-pasas-sultanas\/#primaryimage\",\"url\":\"https:\/\/www.csj-emballages.com\/wp-content\/uploads\/2024\/11\/Photo-2-png-e1732875965745.webp\",\"contentUrl\":\"https:\/\/www.csj-emballages.com\/wp-content\/uploads\/2024\/11\/Photo-2-png-e1732875965745.webp\",\"width\":1563,\"height\":1563,\"caption\":\"Raisin sec\"},{\"@type\":\"BreadcrumbList\",\"@id\":\"https:\/\/www.csj-emballages.com\/es\/produit\/1-kg-de-pasas-sultanas\/#breadcrumb\",\"itemListElement\":[{\"@type\":\"ListItem\",\"position\":1,\"name\":\"Accueil\",\"item\":\"https:\/\/www.csj-emballages.com\/es\/universo-del-envasado-alimentario\/\"},{\"@type\":\"ListItem\",\"position\":2,\"name\":\"Tienda\",\"item\":\"https:\/\/www.csj-emballages.com\/tienda\/\"},{\"@type\":\"ListItem\",\"position\":3,\"name\":\"Pasas sultanas 1kg\"}]},{\"@type\":\"WebSite\",\"@id\":\"https:\/\/www.csj-emballages.com\/es\/#website\",\"url\":\"https:\/\/www.csj-emballages.com\/es\/\",\"name\":\"CSJ Emballages\",\"description\":\"\",\"publisher\":{\"@id\":\"https:\/\/www.csj-emballages.com\/es\/#organization\"},\"potentialAction\":[{\"@type\":\"SearchAction\",\"target\":{\"@type\":\"EntryPoint\",\"urlTemplate\":\"https:\/\/www.csj-emballages.com\/es\/?s={search_term_string}\"},\"query-input\":{\"@type\":\"PropertyValueSpecification\",\"valueRequired\":true,\"valueName\":\"search_term_string\"}}],\"inLanguage\":\"es\"},{\"@type\":\"Organization\",\"@id\":\"https:\/\/www.csj-emballages.com\/es\/#Organization\/\",\"name\":\"CSJ Emballages\",\"url\":\"https:\/\/www.csj-emballages.com\/es\/\",\"logo\":{\"@type\":\"ImageObject\",\"inLanguage\":\"es\",\"@id\":\"https:\/\/www.csj-emballages.com\/es\/#\/schema\/logo\/image\/\",\"url\":\"https:\/\/www.csj-emballages.com\/wp-content\/uploads\/2023\/10\/logo_csj.webp\",\"contentUrl\":\"https:\/\/www.csj-emballages.com\/wp-content\/uploads\/2023\/10\/logo_csj.webp\",\"width\":250,\"height\":95,\"caption\":\"CSJ Emballages\"},\"image\":{\"@id\":\"https:\/\/www.csj-emballages.com\/es\/#\/schema\/logo\/image\/\"},\"sameAs\":[\"https:\/\/www.facebook.com\/csjemballages\"],\"address\":{\"@type\":\"PostalAddress\",\"streetAddress\":\"ZI La Lechere\",\"addressLocality\":\"Patornay\",\"postalCode\":\"39130\",\"addressCountry\":\"FR\"},\"contactPoint\":[{\"@type\":\"ContactPoint\",\"contactType\":\"Service client\",\"telephone\":\"0384254272\",\"email\":\"contact@csj-emballages.com\"}]}]}<\/script>\n<!-- \/ Yoast SEO Premium plugin. -->","yoast_head_json":{"title":"Pasas Sultana por 1 kg","description":"Descubra nuestras pasas sultanas en paquetes de 1 kg. Ideales para reposter\u00eda, postres y otras preparaciones dulces y saladas.","robots":{"index":"index","follow":"follow","max-snippet":"max-snippet:-1","max-image-preview":"max-image-preview:large","max-video-preview":"max-video-preview:-1"},"canonical":"https:\/\/www.csj-emballages.com\/es\/produit\/1-kg-de-pasas-sultanas\/","og_locale":"es_ES","og_type":"article","og_title":"Pasas sultanas 1kg","og_description":"Descubra nuestras pasas sultanas en paquetes de 1 kg. Ideales para reposter\u00eda, postres y otras preparaciones dulces y saladas.","og_url":"https:\/\/www.csj-emballages.com\/es\/produit\/1-kg-de-pasas-sultanas\/","og_site_name":"CSJ Emballages","article_publisher":"https:\/\/www.facebook.com\/csjemballages","article_modified_time":"2026-04-03T00:11:57+00:00","og_image":[{"width":1563,"height":1563,"url":"https:\/\/www.csj-emballages.com\/wp-content\/uploads\/2024\/11\/Photo-2-png-e1732875965745.webp","type":"image\/png"}],"twitter_card":"summary_large_image","twitter_misc":{"Tiempo de lectura":"2 minutos"},"schema":{"@context":"https:\/\/schema.org","@graph":[{"@type":"WebPage","@id":"https:\/\/www.csj-emballages.com\/es\/produit\/1-kg-de-pasas-sultanas\/","url":"https:\/\/www.csj-emballages.com\/es\/produit\/1-kg-de-pasas-sultanas\/","name":"Pasas Sultana por 1 kg","isPartOf":{"@id":"https:\/\/www.csj-emballages.com\/es\/#website"},"primaryImageOfPage":{"@id":"https:\/\/www.csj-emballages.com\/es\/produit\/1-kg-de-pasas-sultanas\/#primaryimage"},"image":{"@id":"https:\/\/www.csj-emballages.com\/es\/produit\/1-kg-de-pasas-sultanas\/#primaryimage"},"thumbnailUrl":"https:\/\/www.csj-emballages.com\/wp-content\/uploads\/2024\/11\/Photo-2-png-e1732875965745.webp","datePublished":"2024-11-06T01:18:18+00:00","dateModified":"2026-04-03T00:11:57+00:00","description":"Descubra nuestras pasas sultanas en paquetes de 1 kg. Ideales para reposter\u00eda, postres y otras preparaciones dulces y saladas.","breadcrumb":{"@id":"https:\/\/www.csj-emballages.com\/es\/produit\/1-kg-de-pasas-sultanas\/#breadcrumb"},"inLanguage":"es","potentialAction":[{"@type":"ReadAction","target":["https:\/\/www.csj-emballages.com\/es\/produit\/1-kg-de-pasas-sultanas\/"]}]},{"@type":"ImageObject","inLanguage":"es","@id":"https:\/\/www.csj-emballages.com\/es\/produit\/1-kg-de-pasas-sultanas\/#primaryimage","url":"https:\/\/www.csj-emballages.com\/wp-content\/uploads\/2024\/11\/Photo-2-png-e1732875965745.webp","contentUrl":"https:\/\/www.csj-emballages.com\/wp-content\/uploads\/2024\/11\/Photo-2-png-e1732875965745.webp","width":1563,"height":1563,"caption":"Raisin sec"},{"@type":"BreadcrumbList","@id":"https:\/\/www.csj-emballages.com\/es\/produit\/1-kg-de-pasas-sultanas\/#breadcrumb","itemListElement":[{"@type":"ListItem","position":1,"name":"Accueil","item":"https:\/\/www.csj-emballages.com\/es\/universo-del-envasado-alimentario\/"},{"@type":"ListItem","position":2,"name":"Tienda","item":"https:\/\/www.csj-emballages.com\/tienda\/"},{"@type":"ListItem","position":3,"name":"Pasas sultanas 1kg"}]},{"@type":"WebSite","@id":"https:\/\/www.csj-emballages.com\/es\/#website","url":"https:\/\/www.csj-emballages.com\/es\/","name":"CSJ Emballages","description":"","publisher":{"@id":"https:\/\/www.csj-emballages.com\/es\/#organization"},"potentialAction":[{"@type":"SearchAction","target":{"@type":"EntryPoint","urlTemplate":"https:\/\/www.csj-emballages.com\/es\/?s={search_term_string}"},"query-input":{"@type":"PropertyValueSpecification","valueRequired":true,"valueName":"search_term_string"}}],"inLanguage":"es"},{"@type":"Organization","@id":"https:\/\/www.csj-emballages.com\/es\/#Organization\/","name":"CSJ Emballages","url":"https:\/\/www.csj-emballages.com\/es\/","logo":{"@type":"ImageObject","inLanguage":"es","@id":"https:\/\/www.csj-emballages.com\/es\/#\/schema\/logo\/image\/","url":"https:\/\/www.csj-emballages.com\/wp-content\/uploads\/2023\/10\/logo_csj.webp","contentUrl":"https:\/\/www.csj-emballages.com\/wp-content\/uploads\/2023\/10\/logo_csj.webp","width":250,"height":95,"caption":"CSJ Emballages"},"image":{"@id":"https:\/\/www.csj-emballages.com\/es\/#\/schema\/logo\/image\/"},"sameAs":["https:\/\/www.facebook.com\/csjemballages"],"address":{"@type":"PostalAddress","streetAddress":"ZI La Lechere","addressLocality":"Patornay","postalCode":"39130","addressCountry":"FR"},"contactPoint":[{"@type":"ContactPoint","contactType":"Service client","telephone":"0384254272","email":"contact@csj-emballages.com"}]}]}},"df_price":5.26,"df_sale_price":"","df_regular_price":5.26,"df_image_link":"https:\/\/www.csj-emballages.com\/wp-content\/uploads\/2024\/11\/Photo-2-300x300.webp","tiered_pricing_type":"fixed","tiered_pricing_fixed_rules":[],"tiered_pricing_percentage_rules":[],"tiered_pricing_minimum":1,"tiered_pricing_roles_data":[],"_links":{"self":[{"href":"https:\/\/www.csj-emballages.com\/es\/wp-json\/wp\/v2\/product\/159585","targetHints":{"allow":["GET"]}}],"collection":[{"href":"https:\/\/www.csj-emballages.com\/es\/wp-json\/wp\/v2\/product"}],"about":[{"href":"https:\/\/www.csj-emballages.com\/es\/wp-json\/wp\/v2\/types\/product"}],"wp:featuredmedia":[{"embeddable":true,"href":"https:\/\/www.csj-emballages.com\/es\/wp-json\/wp\/v2\/media\/191058"}],"wp:attachment":[{"href":"https:\/\/www.csj-emballages.com\/es\/wp-json\/wp\/v2\/media?parent=159585"}],"wp:term":[{"taxonomy":"product_brand","embeddable":true,"href":"https:\/\/www.csj-emballages.com\/es\/wp-json\/wp\/v2\/product_brand?post=159585"},{"taxonomy":"product_cat","embeddable":true,"href":"https:\/\/www.csj-emballages.com\/es\/wp-json\/wp\/v2\/product_cat?post=159585"},{"taxonomy":"product_tag","embeddable":true,"href":"https:\/\/www.csj-emballages.com\/es\/wp-json\/wp\/v2\/product_tag?post=159585"}],"curies":[{"name":"wp","href":"https:\/\/api.w.org\/{rel}","templated":true}]}}