{"id":159570,"date":"2024-11-05T02:18:13","date_gmt":"2024-11-05T01:18:13","guid":{"rendered":"https:\/\/www.csj-emballages.com\/?post_type=product&#038;p=159570"},"modified":"2026-04-29T02:15:43","modified_gmt":"2026-04-29T00:15:43","slug":"5-panos-de-microfibra-amarillos-40-x-40-cm","status":"publish","type":"product","link":"https:\/\/www.csj-emballages.com\/es\/produit\/5-panos-de-microfibra-amarillos-40-x-40-cm\/","title":{"rendered":"Pa\u00f1o de microfibra amarillo 38 x 38 cm, paquete de 5"},"content":{"rendered":"<div style=\"font-family: Roboto, sans-serif;\">\n<div style=\"font-family: Roboto, sans-serif;\">\n<div style=\"font-family: Roboto, sans-serif;\">\n<div style=\"font-family: Roboto, sans-serif;\">\n<div style=\"font-family: Roboto, sans-serif;\">\n<div style=\"font-family: Roboto, sans-serif;\">\n<div style=\"font-family: Roboto, sans-serif;\">\n<div style=\"font-family: Roboto, sans-serif;\">\n<div style=\"font-family: Roboto, sans-serif;\">\n<div style=\"font-family: Roboto, sans-serif;\">\n<div style=\"font-family: Roboto, sans-serif;\">\n<div style=\"font-family: Roboto, sans-serif;\">\n<div style=\"font-family: Roboto, sans-serif;\">\n<div class=\"flex flex-grow flex-col max-w-full\">\n<div class=\"min-h-[20px] text-message flex flex-col items-start whitespace-pre-wrap break-words [.text-message+&amp;]:mt-5 juice:w-full juice:items-end overflow-x-auto gap-2\" dir=\"auto\" data-message-author-role=\"assistant\" data-message-id=\"2034782e-88f9-44ef-b4dc-07dd7bf0115f\">\n<div class=\"flex w-full flex-col gap-1 juice:empty:hidden juice:first:pt-[3px]\">\n<div class=\"markdown prose w-full break-words dark:prose-invert light\">\n<div style=\"font-family: Roboto, sans-serif;\">\n<div style=\"font-family: Roboto, sans-serif;\">\n<div style=\"font-family: Roboto, sans-serif;\">\n<div style=\"font-family: Roboto, sans-serif;\">\n<div style=\"font-family: Roboto, sans-serif;\">\n<div style=\"font-family: Roboto, sans-serif;\">\n<h2>Pa\u00f1o de microfibra<\/h2>\n<div style=\"font-family: Roboto, sans-serif;\">\n<div style=\"font-family: Roboto, sans-serif;\">\n<div style=\"font-family: Roboto, sans-serif;\">\n<div style=\"text-align: center;\">\n<div style=\"font-family: Roboto, sans-serif;\">\n<div style=\"font-family: Roboto, sans-serif;\">\n<div style=\"font-family: Roboto, sans-serif;\">\n<div style=\"font-family: Roboto, sans-serif;\">\n<div style=\"font-family: Roboto, sans-serif;\">\n<hr>\n<h3 style=\"font-family: Roboto, sans-serif; text-align: left;\">Descripci\u00f3n de nuestra bayeta de microfibra amarilla de 38 x 38 cm por 5<!--more--><\/h3>\n<\/div>\n<\/div>\n<\/div>\n<\/div>\n<\/div>\n<\/div>\n<\/div>\n<\/div>\n<\/div>\n<\/div>\n<\/div>\n<\/div>\n<\/div>\n<\/div>\n<\/div>\n<\/div>\n<\/div>\n<\/div>\n<\/div>\n<\/div>\n<\/div>\n<\/div>\n<\/div>\n<\/div>\n<\/div>\n<\/div>\n<\/div>\n<\/div>\n<\/div>\n<\/div>\n<\/div>\n<\/div>\n<p data-start=\"188\" data-end=\"563\">Pr\u00e1ctica, agradable de usar y f\u00e1cil de localizar, esta <strong>bayeta de microfibra<\/strong> amarilla <strong data-start=\"264\" data-end=\"283\">de 38 x 38 cm<\/strong> aporta un toque de <strong>color<\/strong> a la vez que sigue siendo tremendamente eficaz. Se utiliza a diario para limpiar, secar o quitar el polvo sin esfuerzo. Desde la primera pasada, atrapa la suciedad y absorbe la humedad sin dejar rastros, incluso en superficies delicadas.  <\/p>\n<p data-start=\"565\" data-end=\"913\">Gracias a su formato bien equilibrado, se adapta perfectamente a la mano y permite trabajar r\u00e1pidamente, ya sea en una encimera, una mesa, un mostrador o material profesional. Adem\u00e1s, su <strong>textura de microfibra<\/strong> limita el uso de productos de limpieza: a menudo, basta con una simple pasada h\u00fameda para obtener un resultado limpio e impecable. <\/p>\n<p data-start=\"915\" data-end=\"1259\">El <strong>color amarillo<\/strong> no es solo est\u00e9tico. Tambi\u00e9n facilita la organizaci\u00f3n de la limpieza, especialmente para diferenciar las zonas o los usos, lo que es muy apreciado en el entorno profesional. En la cocina, en la restauraci\u00f3n, en la comunidad o incluso en casa, permite mantener buenos h\u00e1bitos de higiene sin complicarse la vida.  <\/p>\n<p data-start=\"1261\" data-end=\"1551\">Otro punto importante: su durabilidad. Esta <strong>bayeta<\/strong> resiste los lavados repetidos a la vez que conserva su flexibilidad y eficacia. No suelta pelusa y sigue siendo agradable de usar d\u00eda tras d\u00eda. Y con un <strong data-start=\"1470\" data-end=\"1482\">pack de 5<\/strong>, siempre tendr\u00e1 suficiente para asegurar una rotaci\u00f3n limpia y pr\u00e1ctica.   <\/p>\n<p data-start=\"1553\" data-end=\"1733\">En resumen, esta <strong>bayeta de microfibra amarilla<\/strong> combina eficacia, comodidad de uso y organizaci\u00f3n. Es una herramienta sencilla, fiable y pensada para facilitar la limpieza diaria. <\/p>\n<div style=\"font-family: Roboto, sans-serif;\">\n<div style=\"font-family: Roboto, sans-serif;\">\n<div style=\"font-family: Roboto, sans-serif;\">\n<div style=\"font-family: Roboto, sans-serif;\">\n<div style=\"font-family: Roboto, sans-serif;\">\n<div style=\"font-family: Roboto, sans-serif;\">\n<div style=\"font-family: Roboto, sans-serif;\">\n<div style=\"font-family: Roboto, sans-serif;\">\n<div style=\"font-family: Roboto, sans-serif;\">\n<div style=\"font-family: Roboto, sans-serif;\">\n<div style=\"font-family: Roboto, sans-serif;\">\n<div style=\"font-family: Roboto, sans-serif;\">\n<div style=\"font-family: Roboto, sans-serif;\">\n<div class=\"flex flex-grow flex-col max-w-full\">\n<div class=\"min-h-[20px] text-message flex flex-col items-start whitespace-pre-wrap break-words [.text-message+&amp;]:mt-5 juice:w-full juice:items-end overflow-x-auto gap-2\" dir=\"auto\" data-message-author-role=\"assistant\" data-message-id=\"2034782e-88f9-44ef-b4dc-07dd7bf0115f\">\n<div class=\"flex w-full flex-col gap-1 juice:empty:hidden juice:first:pt-[3px]\">\n<div class=\"markdown prose w-full break-words dark:prose-invert light\">\n<div style=\"font-family: Roboto, sans-serif;\">\n<div style=\"font-family: Roboto, sans-serif;\">\n<div style=\"font-family: Roboto, sans-serif;\">\n<div style=\"font-family: Roboto, sans-serif;\">\n<div style=\"font-family: Roboto, sans-serif;\">\n<div style=\"font-family: Roboto, sans-serif;\">\n<p>&nbsp;<\/p>\n<\/div>\n<\/div>\n<\/div>\n<\/div>\n<\/div>\n<\/div>\n<\/div>\n<\/div>\n<\/div>\n<\/div>\n<\/div>\n<\/div>\n<\/div>\n<\/div>\n<\/div>\n<\/div>\n<\/div>\n<\/div>\n<\/div>\n<\/div>\n<\/div>\n<\/div>\n<\/div>\n<div style=\"font-family: Roboto, sans-serif;\">\n<div style=\"font-family: Roboto, sans-serif;\">\n<div style=\"font-family: Roboto, sans-serif;\">\n<div style=\"font-family: Roboto, sans-serif;\">\n<div style=\"font-family: Roboto, sans-serif;\">\n<div style=\"font-family: Roboto, sans-serif;\">\n<div style=\"font-family: Roboto, sans-serif;\">\n<div style=\"font-family: Roboto, sans-serif;\">\n<div style=\"font-family: Roboto, sans-serif;\">\n<div style=\"font-family: Roboto, sans-serif;\">\n<div style=\"font-family: Roboto, sans-serif;\">\n<div style=\"font-family: Roboto, sans-serif;\">\n<div style=\"font-family: Roboto, sans-serif;\">\n<div class=\"flex flex-grow flex-col max-w-full\">\n<div class=\"min-h-[20px] text-message flex flex-col items-start whitespace-pre-wrap break-words [.text-message+&amp;]:mt-5 juice:w-full juice:items-end overflow-x-auto gap-2\" dir=\"auto\" data-message-author-role=\"assistant\" data-message-id=\"2034782e-88f9-44ef-b4dc-07dd7bf0115f\">\n<div class=\"flex w-full flex-col gap-1 juice:empty:hidden juice:first:pt-[3px]\">\n<div class=\"markdown prose w-full break-words dark:prose-invert light\">\n<div style=\"font-family: Roboto, sans-serif;\">\n<div style=\"font-family: Roboto, sans-serif;\">\n<div style=\"font-family: Roboto, sans-serif;\">\n<div style=\"font-family: Roboto, sans-serif;\">\n<div style=\"font-family: Roboto, sans-serif;\">\n<div style=\"font-family: Roboto, sans-serif;\">\n<p><!--more--><\/p>\n<h4 style=\"text-align: left;\"><strong>Ventajas :<\/strong><\/h4>\n<\/div>\n<\/div>\n<\/div>\n<\/div>\n<\/div>\n<\/div>\n<\/div>\n<\/div>\n<\/div>\n<\/div>\n<\/div>\n<\/div>\n<ul>\n<li data-start=\"1761\" data-end=\"1799\">Microfibra eficaz y absorbente.<\/li>\n<li data-start=\"1802\" data-end=\"1830\">Formato pr\u00e1ctico de <strong>38 x 38 cm<\/strong>.<\/li>\n<li data-start=\"1833\" data-end=\"1881\">Color amarillo para organizar mejor la limpieza.<\/li>\n<li data-start=\"1884\" data-end=\"1912\">Se puede utilizar en seco o en h\u00famedo.<\/li>\n<li data-start=\"1915\" data-end=\"1947\">Resistente a los lavados repetidos.<\/li>\n<li data-start=\"1950\" data-end=\"1969\">Pack de <strong>5 bayetas<\/strong>.<\/li>\n<\/ul>\n<p>&nbsp;<\/p>\n<\/div>\n<\/div>\n<\/div>\n<\/div>\n<\/div>\n<\/div>\n<\/div>\n<\/div>\n<\/div>\n<\/div>\n<\/div>\n<p><!--more--><\/p>\n<h4>Informaci\u00f3n adicional :<\/h4>\n<ul style=\"font-family: Roboto, sans-serif;\">\n<li><strong>Envase<\/strong>: Paquete de 5<\/li>\n<li><strong>Econ\u00f3mico: <\/strong>lavable a m\u00e1quina m\u00e1s de 300 veces a 60\u00b0C<\/li>\n<li><span style=\"font-weight: bold;\">Tama\u00f1o<\/span>: 38 x 38 cm<\/li>\n<li><strong>Gramaje<\/strong>: 320 g\/m\u00b2.<\/li>\n<li><span style=\"font-weight: bold;\">Material<\/span>: 80% poli\u00e9ster \/ 20% poliamida<\/li>\n<li><strong>S\u00f3lido<\/strong>: Doble overlock<\/li>\n<\/ul>\n<p>&nbsp;<\/p>\n<p><!--more--><\/p>\n<p>Este producto est\u00e1 disponible en varios colores: <span style=\"color: #d12727;\"><a style=\"color: #d12727;\" href=\"https:\/\/www.csj-emballages.com\/produit\/5-lavettes-microfibre-bleues-40-x-40-cm\/\">Azul<\/a><\/span> \/ <span style=\"color: #d12727;\"><a style=\"color: #d12727;\" href=\"https:\/\/www.csj-emballages.com\/produit\/5-lavettes-microfibre-vertes-40-x-40-cm\/\">Verde<\/a> <\/span>\/ <span style=\"color: #d12727;\"><a style=\"color: #d12727;\" href=\"https:\/\/www.csj-emballages.com\/produit\/lavette-microfibre-noire-40-x-40-cm-par-5\/\">Negro<\/a><\/span> \/ <span style=\"color: #d12727;\"><a style=\"color: #d12727;\" href=\"https:\/\/www.csj-emballages.com\/es\/produit\/5-panos-de-microfibra-rosa-40-x-40-cm\/\">Rosa<\/a><\/span><\/p>\n<p>&nbsp;<\/p>\n<p style=\"text-align: left;\"><!--more--><\/p>\n<p><a href=\"https:\/\/www.csj-emballages.com\/es\/categorie-produit\/higiene-y-mantenimiento\/limpiar\/lavattes-es\/\">Ver el resto de nuestra gama de pa\u00f1os<\/a><\/p>\n","protected":false},"excerpt":{"rendered":"<p>Pa\u00f1o de microfibra Descripci\u00f3n de nuestra bayeta de microfibra amarilla de 38 x 38 cm por 5<\/p>\n","protected":false},"featured_media":178302,"template":"","meta":{"_acf_changed":false},"product_brand":[],"product_cat":[1226,1419,1427,1388,1432],"product_tag":[],"class_list":{"0":"post-159570","1":"product","2":"type-product","3":"status-publish","4":"has-post-thumbnail","6":"product_cat-higiene-y-mantenimiento","7":"product_cat-esponjas-panos-de-cocina-panos-de-cocina","8":"product_cat-panos-gasas","9":"product_cat-limpiar","10":"product_cat-lavattes-es","12":"first","13":"instock","14":"taxable","15":"shipping-taxable","16":"purchasable","17":"product-type-simple"},"acf":[],"yoast_head":"<!-- This site is optimized with the Yoast SEO Premium plugin v26.6 (Yoast SEO v26.6) - https:\/\/yoast.com\/wordpress\/plugins\/seo\/ -->\n<title>Pa\u00f1o de microfibra amarillo - 38 x 38 cm<\/title>\n<meta name=\"description\" content=\"Descubra la bayeta de microfibra amarilla 38 x 38 cm por 5: eficaz, duradera y vers\u00e1til, \u00a1para una limpieza impecable en todas las superficies!\" \/>\n<meta name=\"robots\" content=\"index, follow, max-snippet:-1, max-image-preview:large, max-video-preview:-1\" \/>\n<link rel=\"canonical\" href=\"https:\/\/www.csj-emballages.com\/es\/produit\/5-panos-de-microfibra-amarillos-40-x-40-cm\/\" \/>\n<meta property=\"og:locale\" content=\"es_ES\" \/>\n<meta property=\"og:type\" content=\"article\" \/>\n<meta property=\"og:title\" content=\"Pa\u00f1o de microfibra amarillo 38 x 38 cm, paquete de 5\" \/>\n<meta property=\"og:description\" content=\"Descubra la bayeta de microfibra amarilla 38 x 38 cm por 5: eficaz, duradera y vers\u00e1til, \u00a1para una limpieza impecable en todas las superficies!\" \/>\n<meta property=\"og:url\" content=\"https:\/\/www.csj-emballages.com\/es\/produit\/5-panos-de-microfibra-amarillos-40-x-40-cm\/\" \/>\n<meta property=\"og:site_name\" content=\"CSJ Emballages\" \/>\n<meta property=\"article:publisher\" content=\"https:\/\/www.facebook.com\/csjemballages\" \/>\n<meta property=\"article:modified_time\" content=\"2026-04-29T00:15:43+00:00\" \/>\n<meta property=\"og:image\" content=\"https:\/\/www.csj-emballages.com\/wp-content\/uploads\/2024\/11\/lavette-microfibre-superieure-tissee-38x38cm-320-gm-jaune-1.webp\" \/>\n\t<meta property=\"og:image:width\" content=\"805\" \/>\n\t<meta property=\"og:image:height\" content=\"805\" \/>\n\t<meta property=\"og:image:type\" content=\"image\/webp\" \/>\n<meta name=\"twitter:card\" content=\"summary_large_image\" \/>\n<meta name=\"twitter:label1\" content=\"Tiempo de lectura\" \/>\n\t<meta name=\"twitter:data1\" content=\"2 minutos\" \/>\n<script type=\"application\/ld+json\" class=\"yoast-schema-graph\">{\"@context\":\"https:\/\/schema.org\",\"@graph\":[{\"@type\":\"WebPage\",\"@id\":\"https:\/\/www.csj-emballages.com\/es\/produit\/5-panos-de-microfibra-amarillos-40-x-40-cm\/\",\"url\":\"https:\/\/www.csj-emballages.com\/es\/produit\/5-panos-de-microfibra-amarillos-40-x-40-cm\/\",\"name\":\"Pa\u00f1o de microfibra amarillo - 38 x 38 cm\",\"isPartOf\":{\"@id\":\"https:\/\/www.csj-emballages.com\/es\/#website\"},\"primaryImageOfPage\":{\"@id\":\"https:\/\/www.csj-emballages.com\/es\/produit\/5-panos-de-microfibra-amarillos-40-x-40-cm\/#primaryimage\"},\"image\":{\"@id\":\"https:\/\/www.csj-emballages.com\/es\/produit\/5-panos-de-microfibra-amarillos-40-x-40-cm\/#primaryimage\"},\"thumbnailUrl\":\"https:\/\/www.csj-emballages.com\/wp-content\/uploads\/2024\/11\/lavette-microfibre-superieure-tissee-38x38cm-320-gm-jaune-1.webp\",\"datePublished\":\"2024-11-05T01:18:13+00:00\",\"dateModified\":\"2026-04-29T00:15:43+00:00\",\"description\":\"Descubra la bayeta de microfibra amarilla 38 x 38 cm por 5: eficaz, duradera y vers\u00e1til, \u00a1para una limpieza impecable en todas las superficies!\",\"breadcrumb\":{\"@id\":\"https:\/\/www.csj-emballages.com\/es\/produit\/5-panos-de-microfibra-amarillos-40-x-40-cm\/#breadcrumb\"},\"inLanguage\":\"es\",\"potentialAction\":[{\"@type\":\"ReadAction\",\"target\":[\"https:\/\/www.csj-emballages.com\/es\/produit\/5-panos-de-microfibra-amarillos-40-x-40-cm\/\"]}]},{\"@type\":\"ImageObject\",\"inLanguage\":\"es\",\"@id\":\"https:\/\/www.csj-emballages.com\/es\/produit\/5-panos-de-microfibra-amarillos-40-x-40-cm\/#primaryimage\",\"url\":\"https:\/\/www.csj-emballages.com\/wp-content\/uploads\/2024\/11\/lavette-microfibre-superieure-tissee-38x38cm-320-gm-jaune-1.webp\",\"contentUrl\":\"https:\/\/www.csj-emballages.com\/wp-content\/uploads\/2024\/11\/lavette-microfibre-superieure-tissee-38x38cm-320-gm-jaune-1.webp\",\"width\":805,\"height\":805,\"caption\":\"lavette microfibre\"},{\"@type\":\"BreadcrumbList\",\"@id\":\"https:\/\/www.csj-emballages.com\/es\/produit\/5-panos-de-microfibra-amarillos-40-x-40-cm\/#breadcrumb\",\"itemListElement\":[{\"@type\":\"ListItem\",\"position\":1,\"name\":\"Accueil\",\"item\":\"https:\/\/www.csj-emballages.com\/es\/universo-del-envasado-alimentario\/\"},{\"@type\":\"ListItem\",\"position\":2,\"name\":\"Tienda\",\"item\":\"https:\/\/www.csj-emballages.com\/tienda\/\"},{\"@type\":\"ListItem\",\"position\":3,\"name\":\"Pa\u00f1o de microfibra amarillo 38 x 38 cm, paquete de 5\"}]},{\"@type\":\"WebSite\",\"@id\":\"https:\/\/www.csj-emballages.com\/es\/#website\",\"url\":\"https:\/\/www.csj-emballages.com\/es\/\",\"name\":\"CSJ Emballages\",\"description\":\"\",\"publisher\":{\"@id\":\"https:\/\/www.csj-emballages.com\/es\/#organization\"},\"potentialAction\":[{\"@type\":\"SearchAction\",\"target\":{\"@type\":\"EntryPoint\",\"urlTemplate\":\"https:\/\/www.csj-emballages.com\/es\/?s={search_term_string}\"},\"query-input\":{\"@type\":\"PropertyValueSpecification\",\"valueRequired\":true,\"valueName\":\"search_term_string\"}}],\"inLanguage\":\"es\"},{\"@type\":\"Organization\",\"@id\":\"https:\/\/www.csj-emballages.com\/es\/#Organization\/\",\"name\":\"CSJ Emballages\",\"url\":\"https:\/\/www.csj-emballages.com\/es\/\",\"logo\":{\"@type\":\"ImageObject\",\"inLanguage\":\"es\",\"@id\":\"https:\/\/www.csj-emballages.com\/es\/#\/schema\/logo\/image\/\",\"url\":\"https:\/\/www.csj-emballages.com\/wp-content\/uploads\/2023\/10\/logo_csj.webp\",\"contentUrl\":\"https:\/\/www.csj-emballages.com\/wp-content\/uploads\/2023\/10\/logo_csj.webp\",\"width\":250,\"height\":95,\"caption\":\"CSJ Emballages\"},\"image\":{\"@id\":\"https:\/\/www.csj-emballages.com\/es\/#\/schema\/logo\/image\/\"},\"sameAs\":[\"https:\/\/www.facebook.com\/csjemballages\"],\"address\":{\"@type\":\"PostalAddress\",\"streetAddress\":\"ZI La Lechere\",\"addressLocality\":\"Patornay\",\"postalCode\":\"39130\",\"addressCountry\":\"FR\"},\"contactPoint\":[{\"@type\":\"ContactPoint\",\"contactType\":\"Service client\",\"telephone\":\"0384254272\",\"email\":\"contact@csj-emballages.com\"}]}]}<\/script>\n<!-- \/ Yoast SEO Premium plugin. -->","yoast_head_json":{"title":"Pa\u00f1o de microfibra amarillo - 38 x 38 cm","description":"Descubra la bayeta de microfibra amarilla 38 x 38 cm por 5: eficaz, duradera y vers\u00e1til, \u00a1para una limpieza impecable en todas las superficies!","robots":{"index":"index","follow":"follow","max-snippet":"max-snippet:-1","max-image-preview":"max-image-preview:large","max-video-preview":"max-video-preview:-1"},"canonical":"https:\/\/www.csj-emballages.com\/es\/produit\/5-panos-de-microfibra-amarillos-40-x-40-cm\/","og_locale":"es_ES","og_type":"article","og_title":"Pa\u00f1o de microfibra amarillo 38 x 38 cm, paquete de 5","og_description":"Descubra la bayeta de microfibra amarilla 38 x 38 cm por 5: eficaz, duradera y vers\u00e1til, \u00a1para una limpieza impecable en todas las superficies!","og_url":"https:\/\/www.csj-emballages.com\/es\/produit\/5-panos-de-microfibra-amarillos-40-x-40-cm\/","og_site_name":"CSJ Emballages","article_publisher":"https:\/\/www.facebook.com\/csjemballages","article_modified_time":"2026-04-29T00:15:43+00:00","og_image":[{"width":805,"height":805,"url":"https:\/\/www.csj-emballages.com\/wp-content\/uploads\/2024\/11\/lavette-microfibre-superieure-tissee-38x38cm-320-gm-jaune-1.webp","type":"image\/webp"}],"twitter_card":"summary_large_image","twitter_misc":{"Tiempo de lectura":"2 minutos"},"schema":{"@context":"https:\/\/schema.org","@graph":[{"@type":"WebPage","@id":"https:\/\/www.csj-emballages.com\/es\/produit\/5-panos-de-microfibra-amarillos-40-x-40-cm\/","url":"https:\/\/www.csj-emballages.com\/es\/produit\/5-panos-de-microfibra-amarillos-40-x-40-cm\/","name":"Pa\u00f1o de microfibra amarillo - 38 x 38 cm","isPartOf":{"@id":"https:\/\/www.csj-emballages.com\/es\/#website"},"primaryImageOfPage":{"@id":"https:\/\/www.csj-emballages.com\/es\/produit\/5-panos-de-microfibra-amarillos-40-x-40-cm\/#primaryimage"},"image":{"@id":"https:\/\/www.csj-emballages.com\/es\/produit\/5-panos-de-microfibra-amarillos-40-x-40-cm\/#primaryimage"},"thumbnailUrl":"https:\/\/www.csj-emballages.com\/wp-content\/uploads\/2024\/11\/lavette-microfibre-superieure-tissee-38x38cm-320-gm-jaune-1.webp","datePublished":"2024-11-05T01:18:13+00:00","dateModified":"2026-04-29T00:15:43+00:00","description":"Descubra la bayeta de microfibra amarilla 38 x 38 cm por 5: eficaz, duradera y vers\u00e1til, \u00a1para una limpieza impecable en todas las superficies!","breadcrumb":{"@id":"https:\/\/www.csj-emballages.com\/es\/produit\/5-panos-de-microfibra-amarillos-40-x-40-cm\/#breadcrumb"},"inLanguage":"es","potentialAction":[{"@type":"ReadAction","target":["https:\/\/www.csj-emballages.com\/es\/produit\/5-panos-de-microfibra-amarillos-40-x-40-cm\/"]}]},{"@type":"ImageObject","inLanguage":"es","@id":"https:\/\/www.csj-emballages.com\/es\/produit\/5-panos-de-microfibra-amarillos-40-x-40-cm\/#primaryimage","url":"https:\/\/www.csj-emballages.com\/wp-content\/uploads\/2024\/11\/lavette-microfibre-superieure-tissee-38x38cm-320-gm-jaune-1.webp","contentUrl":"https:\/\/www.csj-emballages.com\/wp-content\/uploads\/2024\/11\/lavette-microfibre-superieure-tissee-38x38cm-320-gm-jaune-1.webp","width":805,"height":805,"caption":"lavette microfibre"},{"@type":"BreadcrumbList","@id":"https:\/\/www.csj-emballages.com\/es\/produit\/5-panos-de-microfibra-amarillos-40-x-40-cm\/#breadcrumb","itemListElement":[{"@type":"ListItem","position":1,"name":"Accueil","item":"https:\/\/www.csj-emballages.com\/es\/universo-del-envasado-alimentario\/"},{"@type":"ListItem","position":2,"name":"Tienda","item":"https:\/\/www.csj-emballages.com\/tienda\/"},{"@type":"ListItem","position":3,"name":"Pa\u00f1o de microfibra amarillo 38 x 38 cm, paquete de 5"}]},{"@type":"WebSite","@id":"https:\/\/www.csj-emballages.com\/es\/#website","url":"https:\/\/www.csj-emballages.com\/es\/","name":"CSJ Emballages","description":"","publisher":{"@id":"https:\/\/www.csj-emballages.com\/es\/#organization"},"potentialAction":[{"@type":"SearchAction","target":{"@type":"EntryPoint","urlTemplate":"https:\/\/www.csj-emballages.com\/es\/?s={search_term_string}"},"query-input":{"@type":"PropertyValueSpecification","valueRequired":true,"valueName":"search_term_string"}}],"inLanguage":"es"},{"@type":"Organization","@id":"https:\/\/www.csj-emballages.com\/es\/#Organization\/","name":"CSJ Emballages","url":"https:\/\/www.csj-emballages.com\/es\/","logo":{"@type":"ImageObject","inLanguage":"es","@id":"https:\/\/www.csj-emballages.com\/es\/#\/schema\/logo\/image\/","url":"https:\/\/www.csj-emballages.com\/wp-content\/uploads\/2023\/10\/logo_csj.webp","contentUrl":"https:\/\/www.csj-emballages.com\/wp-content\/uploads\/2023\/10\/logo_csj.webp","width":250,"height":95,"caption":"CSJ Emballages"},"image":{"@id":"https:\/\/www.csj-emballages.com\/es\/#\/schema\/logo\/image\/"},"sameAs":["https:\/\/www.facebook.com\/csjemballages"],"address":{"@type":"PostalAddress","streetAddress":"ZI La Lechere","addressLocality":"Patornay","postalCode":"39130","addressCountry":"FR"},"contactPoint":[{"@type":"ContactPoint","contactType":"Service client","telephone":"0384254272","email":"contact@csj-emballages.com"}]}]}},"df_price":3.98,"df_sale_price":"","df_regular_price":3.98,"df_image_link":"https:\/\/www.csj-emballages.com\/wp-content\/uploads\/2024\/11\/lavette-microfibre-superieure-tissee-38x38cm-320-gm-jaune-1-300x300.webp","tiered_pricing_type":"fixed","tiered_pricing_fixed_rules":[],"tiered_pricing_percentage_rules":[],"tiered_pricing_minimum":1,"tiered_pricing_roles_data":[],"_links":{"self":[{"href":"https:\/\/www.csj-emballages.com\/es\/wp-json\/wp\/v2\/product\/159570","targetHints":{"allow":["GET"]}}],"collection":[{"href":"https:\/\/www.csj-emballages.com\/es\/wp-json\/wp\/v2\/product"}],"about":[{"href":"https:\/\/www.csj-emballages.com\/es\/wp-json\/wp\/v2\/types\/product"}],"wp:featuredmedia":[{"embeddable":true,"href":"https:\/\/www.csj-emballages.com\/es\/wp-json\/wp\/v2\/media\/178302"}],"wp:attachment":[{"href":"https:\/\/www.csj-emballages.com\/es\/wp-json\/wp\/v2\/media?parent=159570"}],"wp:term":[{"taxonomy":"product_brand","embeddable":true,"href":"https:\/\/www.csj-emballages.com\/es\/wp-json\/wp\/v2\/product_brand?post=159570"},{"taxonomy":"product_cat","embeddable":true,"href":"https:\/\/www.csj-emballages.com\/es\/wp-json\/wp\/v2\/product_cat?post=159570"},{"taxonomy":"product_tag","embeddable":true,"href":"https:\/\/www.csj-emballages.com\/es\/wp-json\/wp\/v2\/product_tag?post=159570"}],"curies":[{"name":"wp","href":"https:\/\/api.w.org\/{rel}","templated":true}]}}