{"id":159551,"date":"2024-10-15T02:18:14","date_gmt":"2024-10-15T00:18:14","guid":{"rendered":"https:\/\/www.csj-emballages.com\/produit\/rollo-de-papel-termosellable-carniceria-charcuteria-restauracion-35-cm-ancho-10-kg\/"},"modified":"2026-03-12T16:14:40","modified_gmt":"2026-03-12T15:14:40","slug":"rollo-de-papel-termosellable-carniceria-charcuteria-restauracion-35-cm-ancho-10-kg","status":"publish","type":"product","link":"https:\/\/www.csj-emballages.com\/es\/produit\/rollo-de-papel-termosellable-carniceria-charcuteria-restauracion-35-cm-ancho-10-kg\/","title":{"rendered":"Rollo de papel termosellable Carnicer\u00eda \/ Charcuter\u00eda \/ Restauraci\u00f3n 35 cm de ancho"},"content":{"rendered":"<div style=\"font-family: Roboto, sans-serif;\">\n<div style=\"font-family: Roboto, sans-serif;\">\n<div style=\"font-family: Roboto, sans-serif;\">\n<div style=\"font-family: Roboto, sans-serif;\">\n<div style=\"font-family: Roboto, sans-serif;\">\n<div style=\"font-family: Roboto, sans-serif;\">\n<div style=\"font-family: Roboto, sans-serif;\">\n<div style=\"font-family: Roboto, sans-serif;\">\n<div style=\"font-family: Roboto, sans-serif;\">\n<div style=\"font-family: Roboto, sans-serif;\">\n<div style=\"font-family: Roboto, sans-serif;\">\n<div style=\"font-family: Roboto, sans-serif;\">\n<div style=\"font-family: Roboto, sans-serif;\">\n<div class=\"flex flex-grow flex-col max-w-full\">\n<div class=\"min-h-[20px] text-message flex flex-col items-start whitespace-pre-wrap break-words [.text-message+&amp;]:mt-5 juice:w-full juice:items-end overflow-x-auto gap-2\" dir=\"auto\" data-message-author-role=\"assistant\" data-message-id=\"2034782e-88f9-44ef-b4dc-07dd7bf0115f\">\n<div class=\"flex w-full flex-col gap-1 juice:empty:hidden juice:first:pt-[3px]\">\n<div class=\"markdown prose w-full break-words dark:prose-invert light\">\n<div style=\"font-family: Roboto, sans-serif;\">\n<div style=\"font-family: Roboto, sans-serif;\">\n<div style=\"font-family: Roboto, sans-serif;\">\n<div style=\"font-family: Roboto, sans-serif;\">\n<div style=\"font-family: Roboto, sans-serif;\">\n<div style=\"font-family: Roboto, sans-serif;\">\n<h2>Rollo de papel<\/h2>\n<div style=\"font-family: Roboto, sans-serif;\">\n<div style=\"font-family: Roboto, sans-serif;\">\n<div style=\"font-family: Roboto, sans-serif;\">\n<div style=\"text-align: center;\">\n<div style=\"font-family: Roboto, sans-serif;\">\n<div style=\"font-family: Roboto, sans-serif;\">\n<div style=\"font-family: Roboto, sans-serif;\">\n<div style=\"font-family: Roboto, sans-serif;\">\n<div style=\"font-family: Roboto, sans-serif;\">\n<div style=\"font-family: Roboto, sans-serif; text-align: left;\">\n<hr>\n<h3 style=\"text-align: left;\">Descripci\u00f3n de nuestro rollo de carnicero termosellable de 35 cm<!--more--><\/h3>\n<\/div>\n<\/div>\n<\/div>\n<\/div>\n<\/div>\n<\/div>\n<\/div>\n<\/div>\n<\/div>\n<\/div>\n<\/div>\n<\/div>\n<\/div>\n<\/div>\n<\/div>\n<\/div>\n<\/div>\n<\/div>\n<\/div>\n<\/div>\n<\/div>\n<\/div>\n<\/div>\n<\/div>\n<\/div>\n<\/div>\n<\/div>\n<\/div>\n<\/div>\n<\/div>\n<\/div>\n<\/div>\n<\/div>\n<p>El <strong>rollo de papel<\/strong> <strong>termosellable de 35 cm<\/strong>, con un peso total de <strong>10 kg<\/strong>, es imprescindible para <strong>carniceros<\/strong>, <strong>charcuteros<\/strong> y <strong>restauradores<\/strong> profesionales. Este <strong>rollo de papel<\/strong> est\u00e1 dise\u00f1ado para proteger de forma \u00f3ptima los productos frescos, al tiempo que garantiza una presentaci\u00f3n atractiva. Gracias a su formato y a sus caracter\u00edsticas termosellables, garantiza un envasado fiable y pr\u00e1ctico todos los d\u00edas. Este <strong>rollo de carnicero<\/strong> est\u00e1 dise\u00f1ado para proteger eficazmente la carne, los embutidos y otros alimentos fr\u00e1giles. Su textura garantiza una barrera s\u00f3lida que preserva la frescura de los productos y evita que se filtren. Para los profesionales exigentes, este <strong>rollo de papel<\/strong> es una garant\u00eda de calidad.     <\/p>\n<p>&nbsp;<\/p>\n<p><!--more--><\/p>\n<h4>\u00bfPor qu\u00e9 utilizar nuestro <strong>rollo de papel<\/strong>?<\/h4>\n<p>Este <strong>rollo de carnicero<\/strong> es f\u00e1cil de usar gracias a su anchura <strong>de 35 cm<\/strong>, ideal para envasar diferentes tama\u00f1os. Adem\u00e1s, su formato <strong>termosellable<\/strong> simplifica las operaciones de envasado al garantizar un cierre herm\u00e9tico. Ya sea para un uso intensivo en el taller o para envases de comida para llevar, esta <strong>bobina de papel<\/strong> satisfar\u00e1 todas sus necesidades.  <\/p>\n<p><strong>Los rollos de papel<\/strong> <strong>termosellable<\/strong> est\u00e1n espec\u00edficamente dise\u00f1ados para cumplir las normas de seguridad alimentaria. Cada <strong>rollo de<\/strong> papel garantiza una protecci\u00f3n \u00f3ptima, limitando el riesgo de contaminaci\u00f3n y asegurando una higiene impecable. Del mismo modo, al optar por este rollo <strong>de carnicero<\/strong>, los profesionales eligen un material que respeta los productos alimenticios al tiempo que prolonga su vida \u00fatil.  <\/p>\n<p>&nbsp;<\/p>\n<p><!--more--><\/p>\n<div style=\"font-family: Roboto, sans-serif;\">\n<div style=\"font-family: Roboto, sans-serif;\">\n<div style=\"font-family: Roboto, sans-serif;\">\n<div style=\"font-family: Roboto, sans-serif;\">\n<div style=\"font-family: Roboto, sans-serif;\">\n<div style=\"font-family: Roboto, sans-serif;\">\n<div style=\"font-family: Roboto, sans-serif;\">\n<div style=\"font-family: Roboto, sans-serif;\">\n<div style=\"font-family: Roboto, sans-serif;\">\n<div style=\"font-family: Roboto, sans-serif;\">\n<div style=\"font-family: Roboto, sans-serif;\">\n<div style=\"font-family: Roboto, sans-serif;\">\n<div style=\"font-family: Roboto, sans-serif;\">\n<div class=\"flex flex-grow flex-col max-w-full\">\n<div class=\"min-h-[20px] text-message flex flex-col items-start whitespace-pre-wrap break-words [.text-message+&amp;]:mt-5 juice:w-full juice:items-end overflow-x-auto gap-2\" dir=\"auto\" data-message-author-role=\"assistant\" data-message-id=\"2034782e-88f9-44ef-b4dc-07dd7bf0115f\">\n<div class=\"flex w-full flex-col gap-1 juice:empty:hidden juice:first:pt-[3px]\">\n<div class=\"markdown prose w-full break-words dark:prose-invert light\">\n<div style=\"font-family: Roboto, sans-serif;\">\n<div style=\"font-family: Roboto, sans-serif;\">\n<div style=\"font-family: Roboto, sans-serif;\">\n<div style=\"font-family: Roboto, sans-serif;\">\n<div style=\"font-family: Roboto, sans-serif;\">\n<div style=\"font-family: Roboto, sans-serif;\">\n<p>Adem\u00e1s, su formato de <strong>10 kg<\/strong> ofrece una mayor rentabilidad, reduciendo la necesidad de reabastecimiento frecuente y optimizando los costes.<\/p>\n<p>En resumen, la <strong>bobina de papel<\/strong> <strong>termosellable<\/strong> <strong>de 35 cm de ancho<\/strong> es una soluci\u00f3n de envasado fiable y econ\u00f3mica para <strong>carnicer\u00edas<\/strong>, <strong>charcuter\u00edas<\/strong> y <strong>empresas de catering<\/strong>. Garantiza la conservaci\u00f3n, seguridad y presentaci\u00f3n del producto. F\u00e1cil de usar, este <strong>rollo de<\/strong> papel es esencial para satisfacer las exigencias del sector. Al elegir este <strong>rollo para carnicer\u00edas<\/strong>, los profesionales pueden estar seguros de ofrecer productos frescos, envasados con cuidado y cumpliendo las normas de higiene.   <\/p>\n<p>&nbsp;<\/p>\n<p><!--more--><\/p>\n<h4 style=\"text-align: left;\"><strong>Las ventajas de nuestro rollo de <\/strong>carnicero termosellable de 35 cm <strong>:<\/strong><\/h4>\n<\/div>\n<\/div>\n<\/div>\n<\/div>\n<\/div>\n<\/div>\n<\/div>\n<\/div>\n<\/div>\n<\/div>\n<\/div>\n<\/div>\n<ul>\n<li><strong>Protecci\u00f3n y conservaci\u00f3n \u00f3ptimas<\/strong>: la <strong>bobina de papel<\/strong> termosellable proporciona una barrera eficaz contra la humedad y los contaminantes, garantizando una conservaci\u00f3n prolongada de los productos frescos.<\/li>\n<li><strong>Facilidad de uso<\/strong>: Con una anchura de 35 cm y un peso de 10 kg, el <strong>rollo de papel<\/strong> es compatible con las termoselladoras habituales, por lo que el envasado resulta r\u00e1pido y c\u00f3modo.<\/li>\n<li><strong>Versatilidad<\/strong>: Este <strong>rollo de carnicero<\/strong> es adecuado para una gran variedad de productos, como platos de carne, charcuter\u00eda y delicatessen.<\/li>\n<li><strong>Ahorro de tiempo y costes<\/strong>: Su generoso formato permite utilizarlo durante m\u00e1s tiempo, reduciendo la necesidad de reponerlo con frecuencia.<\/li>\n<\/ul>\n<p>&nbsp;<\/p>\n<p><!--more--><\/p>\n<\/div>\n<\/div>\n<\/div>\n<\/div>\n<\/div>\n<\/div>\n<\/div>\n<\/div>\n<\/div>\n<\/div>\n<\/div>\n<h4>Otra informaci\u00f3n sobre este producto:<\/h4>\n<ul style=\"font-family: Roboto, sans-serif;\">\n<li><strong>Embalaje<\/strong>: 1 rollo<\/li>\n<li><span style=\"font-weight: bold;\">Dimensiones<\/span>: 35 x 20,5 (ancho x alto en cm)<\/li>\n<li><strong>Material<\/strong>: Papel<\/li>\n<li><strong>Opci\u00f3n<\/strong>: Termosellable<\/li>\n<\/ul>\n<p>&nbsp;<\/p>\n<p><!--more--><\/p>\n<p>Este producto tambi\u00e9n est\u00e1 disponible en blanco: <span style=\"color: #d12727;\"><a style=\"color: #d12727;\" href=\"https:\/\/www.csj-emballages.com\/es\/produit\/bobina-termosellable-sin-imprimir-35-cm-de-ancho-10-kg\/\">BOBTHERMO35<\/a><\/span><\/p>\n<p>&nbsp;<\/p>\n<p><!--more--><\/p>\n<p>Este rollo termosellable est\u00e1 disponible en una gama de colores para diferentes sectores: <span style=\"color: #d12727;\"><a style=\"color: #d12727;\" href=\"https:\/\/www.csj-emballages.com\/es\/produit\/bobina-termosellable-de-queso-y-lacteos-de-35-cm-de-ancho-10-kg\/\">Queser\u00eda<\/a><\/span> \/ <span style=\"color: #d12727;\"><a style=\"color: #d12727;\" href=\"https:\/\/www.csj-emballages.com\/es\/produit\/bobina-kraft-termosellable-para-productos-frescos-35-cm-de-ancho-10-kg\/\">Productos frescos<\/a><\/span><\/p>\n<p>&nbsp;<\/p>\n<p>&nbsp;<\/p>\n<p><!--more--><\/p>\n<p><a href=\"https:\/\/www.csj-emballages.com\/es\/categorie-produit\/envasado-de-alimentos\/carniceria-y-charcuteria\/papel-alimentario\/\">Ver el resto de nuestra gama de rollos de papel termosellables<\/a><\/p>\n","protected":false},"excerpt":{"rendered":"<p>Rollo de papel Descripci\u00f3n de nuestro rollo de carnicero termosellable de 35 cm<\/p>\n","protected":false},"featured_media":224945,"template":"","meta":{"_acf_changed":false},"product_brand":[],"product_cat":[1150,1143,2572,8143],"product_tag":[],"class_list":{"0":"post-159551","1":"product","2":"type-product","3":"status-publish","4":"has-post-thumbnail","6":"product_cat-envasado-de-alimentos","7":"product_cat-carniceria-y-charcuteria","8":"product_cat-papel-alimentario","9":"product_cat-papel-termosellable","11":"first","12":"instock","13":"taxable","14":"shipping-taxable","15":"purchasable","16":"product-type-simple"},"acf":[],"yoast_head":"<!-- This site is optimized with the Yoast SEO Premium plugin v26.6 (Yoast SEO v26.6) - https:\/\/yoast.com\/wordpress\/plugins\/seo\/ -->\n<title>Rollo de papel termosellable impreso 35 cm ancho 10 kg<\/title>\n<meta name=\"description\" content=\"Rollo de papel termosellable 35 cm 10 kg: Soluci\u00f3n ideal para conservar productos frescos en carnicer\u00edas, charcuter\u00edas y empresas de catering.\" \/>\n<meta name=\"robots\" content=\"index, follow, max-snippet:-1, max-image-preview:large, max-video-preview:-1\" \/>\n<link rel=\"canonical\" href=\"https:\/\/www.csj-emballages.com\/es\/produit\/rollo-de-papel-termosellable-carniceria-charcuteria-restauracion-35-cm-ancho-10-kg\/\" \/>\n<meta property=\"og:locale\" content=\"es_ES\" \/>\n<meta property=\"og:type\" content=\"article\" \/>\n<meta property=\"og:title\" content=\"Rollo de papel termosellable impreso 35 cm ancho 10 kg\" \/>\n<meta property=\"og:description\" content=\"Rollo de papel termosellable 35 cm 10 kg: Soluci\u00f3n ideal para conservar productos frescos en carnicer\u00edas, charcuter\u00edas y empresas de catering.\" \/>\n<meta property=\"og:url\" content=\"https:\/\/www.csj-emballages.com\/es\/produit\/rollo-de-papel-termosellable-carniceria-charcuteria-restauracion-35-cm-ancho-10-kg\/\" \/>\n<meta property=\"og:site_name\" content=\"CSJ Emballages\" \/>\n<meta property=\"article:publisher\" content=\"https:\/\/www.facebook.com\/csjemballages\" \/>\n<meta property=\"article:modified_time\" content=\"2026-03-12T15:14:40+00:00\" \/>\n<meta property=\"og:image\" content=\"https:\/\/www.csj-emballages.com\/wp-content\/uploads\/2024\/10\/BOBTHERMO1.webp\" \/>\n\t<meta property=\"og:image:width\" content=\"800\" \/>\n\t<meta property=\"og:image:height\" content=\"800\" \/>\n\t<meta property=\"og:image:type\" content=\"image\/webp\" \/>\n<meta name=\"twitter:card\" content=\"summary_large_image\" \/>\n<meta name=\"twitter:title\" content=\"Rollo de papel termosellable impreso 35 cm ancho 10 kg\" \/>\n<meta name=\"twitter:description\" content=\"Rollo de papel termosellable 35 cm 10 kg: Soluci\u00f3n ideal para conservar productos frescos en carnicer\u00edas, charcuter\u00edas y empresas de catering.\" \/>\n<meta name=\"twitter:label1\" content=\"Tiempo de lectura\" \/>\n\t<meta name=\"twitter:data1\" content=\"3 minutos\" \/>\n<script type=\"application\/ld+json\" class=\"yoast-schema-graph\">{\"@context\":\"https:\/\/schema.org\",\"@graph\":[{\"@type\":\"WebPage\",\"@id\":\"https:\/\/www.csj-emballages.com\/es\/produit\/rollo-de-papel-termosellable-carniceria-charcuteria-restauracion-35-cm-ancho-10-kg\/\",\"url\":\"https:\/\/www.csj-emballages.com\/es\/produit\/rollo-de-papel-termosellable-carniceria-charcuteria-restauracion-35-cm-ancho-10-kg\/\",\"name\":\"Rollo de papel termosellable impreso 35 cm ancho 10 kg\",\"isPartOf\":{\"@id\":\"https:\/\/www.csj-emballages.com\/es\/#website\"},\"primaryImageOfPage\":{\"@id\":\"https:\/\/www.csj-emballages.com\/es\/produit\/rollo-de-papel-termosellable-carniceria-charcuteria-restauracion-35-cm-ancho-10-kg\/#primaryimage\"},\"image\":{\"@id\":\"https:\/\/www.csj-emballages.com\/es\/produit\/rollo-de-papel-termosellable-carniceria-charcuteria-restauracion-35-cm-ancho-10-kg\/#primaryimage\"},\"thumbnailUrl\":\"https:\/\/www.csj-emballages.com\/wp-content\/uploads\/2024\/10\/BOBTHERMO1.webp\",\"datePublished\":\"2024-10-15T00:18:14+00:00\",\"dateModified\":\"2026-03-12T15:14:40+00:00\",\"description\":\"Rollo de papel termosellable 35 cm 10 kg: Soluci\u00f3n ideal para conservar productos frescos en carnicer\u00edas, charcuter\u00edas y empresas de catering.\",\"breadcrumb\":{\"@id\":\"https:\/\/www.csj-emballages.com\/es\/produit\/rollo-de-papel-termosellable-carniceria-charcuteria-restauracion-35-cm-ancho-10-kg\/#breadcrumb\"},\"inLanguage\":\"es\",\"potentialAction\":[{\"@type\":\"ReadAction\",\"target\":[\"https:\/\/www.csj-emballages.com\/es\/produit\/rollo-de-papel-termosellable-carniceria-charcuteria-restauracion-35-cm-ancho-10-kg\/\"]}]},{\"@type\":\"ImageObject\",\"inLanguage\":\"es\",\"@id\":\"https:\/\/www.csj-emballages.com\/es\/produit\/rollo-de-papel-termosellable-carniceria-charcuteria-restauracion-35-cm-ancho-10-kg\/#primaryimage\",\"url\":\"https:\/\/www.csj-emballages.com\/wp-content\/uploads\/2024\/10\/BOBTHERMO1.webp\",\"contentUrl\":\"https:\/\/www.csj-emballages.com\/wp-content\/uploads\/2024\/10\/BOBTHERMO1.webp\",\"width\":800,\"height\":800,\"caption\":\"Rouleau papier thermoscellable\"},{\"@type\":\"BreadcrumbList\",\"@id\":\"https:\/\/www.csj-emballages.com\/es\/produit\/rollo-de-papel-termosellable-carniceria-charcuteria-restauracion-35-cm-ancho-10-kg\/#breadcrumb\",\"itemListElement\":[{\"@type\":\"ListItem\",\"position\":1,\"name\":\"Accueil\",\"item\":\"https:\/\/www.csj-emballages.com\/es\/universo-del-envasado-alimentario\/\"},{\"@type\":\"ListItem\",\"position\":2,\"name\":\"Tienda\",\"item\":\"https:\/\/www.csj-emballages.com\/tienda\/\"},{\"@type\":\"ListItem\",\"position\":3,\"name\":\"Rollo de papel termosellable Carnicer\u00eda \/ Charcuter\u00eda \/ Restauraci\u00f3n 35 cm de ancho\"}]},{\"@type\":\"WebSite\",\"@id\":\"https:\/\/www.csj-emballages.com\/es\/#website\",\"url\":\"https:\/\/www.csj-emballages.com\/es\/\",\"name\":\"CSJ Emballages\",\"description\":\"\",\"publisher\":{\"@id\":\"https:\/\/www.csj-emballages.com\/es\/#organization\"},\"potentialAction\":[{\"@type\":\"SearchAction\",\"target\":{\"@type\":\"EntryPoint\",\"urlTemplate\":\"https:\/\/www.csj-emballages.com\/es\/?s={search_term_string}\"},\"query-input\":{\"@type\":\"PropertyValueSpecification\",\"valueRequired\":true,\"valueName\":\"search_term_string\"}}],\"inLanguage\":\"es\"},{\"@type\":\"Organization\",\"@id\":\"https:\/\/www.csj-emballages.com\/es\/#Organization\/\",\"name\":\"CSJ Emballages\",\"url\":\"https:\/\/www.csj-emballages.com\/es\/\",\"logo\":{\"@type\":\"ImageObject\",\"inLanguage\":\"es\",\"@id\":\"https:\/\/www.csj-emballages.com\/es\/#\/schema\/logo\/image\/\",\"url\":\"https:\/\/www.csj-emballages.com\/wp-content\/uploads\/2023\/10\/logo_csj.webp\",\"contentUrl\":\"https:\/\/www.csj-emballages.com\/wp-content\/uploads\/2023\/10\/logo_csj.webp\",\"width\":250,\"height\":95,\"caption\":\"CSJ Emballages\"},\"image\":{\"@id\":\"https:\/\/www.csj-emballages.com\/es\/#\/schema\/logo\/image\/\"},\"sameAs\":[\"https:\/\/www.facebook.com\/csjemballages\"],\"address\":{\"@type\":\"PostalAddress\",\"streetAddress\":\"ZI La Lechere\",\"addressLocality\":\"Patornay\",\"postalCode\":\"39130\",\"addressCountry\":\"FR\"},\"contactPoint\":[{\"@type\":\"ContactPoint\",\"contactType\":\"Service client\",\"telephone\":\"0384254272\",\"email\":\"contact@csj-emballages.com\"}]}]}<\/script>\n<!-- \/ Yoast SEO Premium plugin. -->","yoast_head_json":{"title":"Rollo de papel termosellable impreso 35 cm ancho 10 kg","description":"Rollo de papel termosellable 35 cm 10 kg: Soluci\u00f3n ideal para conservar productos frescos en carnicer\u00edas, charcuter\u00edas y empresas de catering.","robots":{"index":"index","follow":"follow","max-snippet":"max-snippet:-1","max-image-preview":"max-image-preview:large","max-video-preview":"max-video-preview:-1"},"canonical":"https:\/\/www.csj-emballages.com\/es\/produit\/rollo-de-papel-termosellable-carniceria-charcuteria-restauracion-35-cm-ancho-10-kg\/","og_locale":"es_ES","og_type":"article","og_title":"Rollo de papel termosellable impreso 35 cm ancho 10 kg","og_description":"Rollo de papel termosellable 35 cm 10 kg: Soluci\u00f3n ideal para conservar productos frescos en carnicer\u00edas, charcuter\u00edas y empresas de catering.","og_url":"https:\/\/www.csj-emballages.com\/es\/produit\/rollo-de-papel-termosellable-carniceria-charcuteria-restauracion-35-cm-ancho-10-kg\/","og_site_name":"CSJ Emballages","article_publisher":"https:\/\/www.facebook.com\/csjemballages","article_modified_time":"2026-03-12T15:14:40+00:00","og_image":[{"width":800,"height":800,"url":"https:\/\/www.csj-emballages.com\/wp-content\/uploads\/2024\/10\/BOBTHERMO1.webp","type":"image\/webp"}],"twitter_card":"summary_large_image","twitter_title":"Rollo de papel termosellable impreso 35 cm ancho 10 kg","twitter_description":"Rollo de papel termosellable 35 cm 10 kg: Soluci\u00f3n ideal para conservar productos frescos en carnicer\u00edas, charcuter\u00edas y empresas de catering.","twitter_misc":{"Tiempo de lectura":"3 minutos"},"schema":{"@context":"https:\/\/schema.org","@graph":[{"@type":"WebPage","@id":"https:\/\/www.csj-emballages.com\/es\/produit\/rollo-de-papel-termosellable-carniceria-charcuteria-restauracion-35-cm-ancho-10-kg\/","url":"https:\/\/www.csj-emballages.com\/es\/produit\/rollo-de-papel-termosellable-carniceria-charcuteria-restauracion-35-cm-ancho-10-kg\/","name":"Rollo de papel termosellable impreso 35 cm ancho 10 kg","isPartOf":{"@id":"https:\/\/www.csj-emballages.com\/es\/#website"},"primaryImageOfPage":{"@id":"https:\/\/www.csj-emballages.com\/es\/produit\/rollo-de-papel-termosellable-carniceria-charcuteria-restauracion-35-cm-ancho-10-kg\/#primaryimage"},"image":{"@id":"https:\/\/www.csj-emballages.com\/es\/produit\/rollo-de-papel-termosellable-carniceria-charcuteria-restauracion-35-cm-ancho-10-kg\/#primaryimage"},"thumbnailUrl":"https:\/\/www.csj-emballages.com\/wp-content\/uploads\/2024\/10\/BOBTHERMO1.webp","datePublished":"2024-10-15T00:18:14+00:00","dateModified":"2026-03-12T15:14:40+00:00","description":"Rollo de papel termosellable 35 cm 10 kg: Soluci\u00f3n ideal para conservar productos frescos en carnicer\u00edas, charcuter\u00edas y empresas de catering.","breadcrumb":{"@id":"https:\/\/www.csj-emballages.com\/es\/produit\/rollo-de-papel-termosellable-carniceria-charcuteria-restauracion-35-cm-ancho-10-kg\/#breadcrumb"},"inLanguage":"es","potentialAction":[{"@type":"ReadAction","target":["https:\/\/www.csj-emballages.com\/es\/produit\/rollo-de-papel-termosellable-carniceria-charcuteria-restauracion-35-cm-ancho-10-kg\/"]}]},{"@type":"ImageObject","inLanguage":"es","@id":"https:\/\/www.csj-emballages.com\/es\/produit\/rollo-de-papel-termosellable-carniceria-charcuteria-restauracion-35-cm-ancho-10-kg\/#primaryimage","url":"https:\/\/www.csj-emballages.com\/wp-content\/uploads\/2024\/10\/BOBTHERMO1.webp","contentUrl":"https:\/\/www.csj-emballages.com\/wp-content\/uploads\/2024\/10\/BOBTHERMO1.webp","width":800,"height":800,"caption":"Rouleau papier thermoscellable"},{"@type":"BreadcrumbList","@id":"https:\/\/www.csj-emballages.com\/es\/produit\/rollo-de-papel-termosellable-carniceria-charcuteria-restauracion-35-cm-ancho-10-kg\/#breadcrumb","itemListElement":[{"@type":"ListItem","position":1,"name":"Accueil","item":"https:\/\/www.csj-emballages.com\/es\/universo-del-envasado-alimentario\/"},{"@type":"ListItem","position":2,"name":"Tienda","item":"https:\/\/www.csj-emballages.com\/tienda\/"},{"@type":"ListItem","position":3,"name":"Rollo de papel termosellable Carnicer\u00eda \/ Charcuter\u00eda \/ Restauraci\u00f3n 35 cm de ancho"}]},{"@type":"WebSite","@id":"https:\/\/www.csj-emballages.com\/es\/#website","url":"https:\/\/www.csj-emballages.com\/es\/","name":"CSJ Emballages","description":"","publisher":{"@id":"https:\/\/www.csj-emballages.com\/es\/#organization"},"potentialAction":[{"@type":"SearchAction","target":{"@type":"EntryPoint","urlTemplate":"https:\/\/www.csj-emballages.com\/es\/?s={search_term_string}"},"query-input":{"@type":"PropertyValueSpecification","valueRequired":true,"valueName":"search_term_string"}}],"inLanguage":"es"},{"@type":"Organization","@id":"https:\/\/www.csj-emballages.com\/es\/#Organization\/","name":"CSJ Emballages","url":"https:\/\/www.csj-emballages.com\/es\/","logo":{"@type":"ImageObject","inLanguage":"es","@id":"https:\/\/www.csj-emballages.com\/es\/#\/schema\/logo\/image\/","url":"https:\/\/www.csj-emballages.com\/wp-content\/uploads\/2023\/10\/logo_csj.webp","contentUrl":"https:\/\/www.csj-emballages.com\/wp-content\/uploads\/2023\/10\/logo_csj.webp","width":250,"height":95,"caption":"CSJ Emballages"},"image":{"@id":"https:\/\/www.csj-emballages.com\/es\/#\/schema\/logo\/image\/"},"sameAs":["https:\/\/www.facebook.com\/csjemballages"],"address":{"@type":"PostalAddress","streetAddress":"ZI La Lechere","addressLocality":"Patornay","postalCode":"39130","addressCountry":"FR"},"contactPoint":[{"@type":"ContactPoint","contactType":"Service client","telephone":"0384254272","email":"contact@csj-emballages.com"}]}]}},"df_price":56.23,"df_sale_price":"","df_regular_price":56.23,"df_image_link":"https:\/\/www.csj-emballages.com\/wp-content\/uploads\/2024\/10\/BOBTHERMO1-300x300.webp","tiered_pricing_type":"fixed","tiered_pricing_fixed_rules":[],"tiered_pricing_percentage_rules":[],"tiered_pricing_minimum":1,"tiered_pricing_roles_data":[],"_links":{"self":[{"href":"https:\/\/www.csj-emballages.com\/es\/wp-json\/wp\/v2\/product\/159551","targetHints":{"allow":["GET"]}}],"collection":[{"href":"https:\/\/www.csj-emballages.com\/es\/wp-json\/wp\/v2\/product"}],"about":[{"href":"https:\/\/www.csj-emballages.com\/es\/wp-json\/wp\/v2\/types\/product"}],"wp:featuredmedia":[{"embeddable":true,"href":"https:\/\/www.csj-emballages.com\/es\/wp-json\/wp\/v2\/media\/224945"}],"wp:attachment":[{"href":"https:\/\/www.csj-emballages.com\/es\/wp-json\/wp\/v2\/media?parent=159551"}],"wp:term":[{"taxonomy":"product_brand","embeddable":true,"href":"https:\/\/www.csj-emballages.com\/es\/wp-json\/wp\/v2\/product_brand?post=159551"},{"taxonomy":"product_cat","embeddable":true,"href":"https:\/\/www.csj-emballages.com\/es\/wp-json\/wp\/v2\/product_cat?post=159551"},{"taxonomy":"product_tag","embeddable":true,"href":"https:\/\/www.csj-emballages.com\/es\/wp-json\/wp\/v2\/product_tag?post=159551"}],"curies":[{"name":"wp","href":"https:\/\/api.w.org\/{rel}","templated":true}]}}