{"id":159517,"date":"2024-10-09T02:18:15","date_gmt":"2024-10-09T00:18:15","guid":{"rendered":"https:\/\/www.csj-emballages.com\/produit\/25-cestas-micro-kraft-marron-30-x-40-x-6-cm\/"},"modified":"2026-04-03T02:14:49","modified_gmt":"2026-04-03T00:14:49","slug":"25-cestas-micro-kraft-marron-30-x-40-x-6-cm","status":"publish","type":"product","link":"https:\/\/www.csj-emballages.com\/es\/produit\/25-cestas-micro-kraft-marron-30-x-40-x-6-cm\/","title":{"rendered":"Cesta de cart\u00f3n kraft 30 x 40 x 6 cm, paquete de 25"},"content":{"rendered":"<div style=\"font-family: Roboto, sans-serif;\">\n<div style=\"font-family: Roboto, sans-serif;\">\n<div style=\"font-family: Roboto, sans-serif;\">\n<div style=\"font-family: Roboto, sans-serif;\">\n<div style=\"font-family: Roboto, sans-serif;\">\n<div style=\"font-family: Roboto, sans-serif;\">\n<div style=\"font-family: Roboto, sans-serif;\">\n<div style=\"font-family: Roboto, sans-serif;\">\n<div style=\"font-family: Roboto, sans-serif;\">\n<div style=\"font-family: Roboto, sans-serif;\">\n<div style=\"font-family: Roboto, sans-serif;\">\n<div style=\"font-family: Roboto, sans-serif;\">\n<div style=\"font-family: Roboto, sans-serif;\">\n<div class=\"flex flex-grow flex-col max-w-full\">\n<div class=\"min-h-[20px] text-message flex flex-col items-start whitespace-pre-wrap break-words [.text-message+&amp;]:mt-5 juice:w-full juice:items-end overflow-x-auto gap-2\" dir=\"auto\" data-message-author-role=\"assistant\" data-message-id=\"2034782e-88f9-44ef-b4dc-07dd7bf0115f\">\n<div class=\"flex w-full flex-col gap-1 juice:empty:hidden juice:first:pt-[3px]\">\n<div class=\"markdown prose w-full break-words dark:prose-invert light\">\n<div style=\"font-family: Roboto, sans-serif;\">\n<div style=\"font-family: Roboto, sans-serif;\">\n<div style=\"font-family: Roboto, sans-serif;\">\n<div style=\"font-family: Roboto, sans-serif;\">\n<div style=\"font-family: Roboto, sans-serif;\">\n<div style=\"font-family: Roboto, sans-serif;\">\n<h2>Cesta de cart\u00f3n<\/h2>\n<div style=\"font-family: Roboto, sans-serif;\">\n<div style=\"font-family: Roboto, sans-serif;\">\n<div style=\"font-family: Roboto, sans-serif;\">\n<div style=\"text-align: center;\">\n<div style=\"font-family: Roboto, sans-serif;\">\n<div style=\"font-family: Roboto, sans-serif;\">\n<div style=\"font-family: Roboto, sans-serif;\">\n<div style=\"font-family: Roboto, sans-serif;\">\n<div style=\"font-family: Roboto, sans-serif;\">\n<div style=\"font-family: Roboto, sans-serif; text-align: left;\">\n<hr>\n<h3 style=\"text-align: left;\">Descripci\u00f3n de nuestra cesta de cart\u00f3n kraft 30 x 40 x 6 cm, paquete de 25<!--more--><\/h3>\n<\/div>\n<\/div>\n<\/div>\n<\/div>\n<\/div>\n<\/div>\n<\/div>\n<\/div>\n<\/div>\n<\/div>\n<\/div>\n<\/div>\n<\/div>\n<\/div>\n<\/div>\n<\/div>\n<\/div>\n<\/div>\n<\/div>\n<\/div>\n<\/div>\n<\/div>\n<\/div>\n<\/div>\n<\/div>\n<\/div>\n<\/div>\n<\/div>\n<\/div>\n<\/div>\n<\/div>\n<\/div>\n<\/div>\n<p><strong>Cesta rectangular de cart\u00f3n kraft 30 x 40 x 6 cm x 25<\/strong>: una soluci\u00f3n elegante para sus presentaciones. Esta <strong>cesta de cart\u00f3n<\/strong> combina un dise\u00f1o pr\u00e1ctico con un atractivo est\u00e9tico. Sus generosas dimensiones la hacen adecuada para una gran variedad de ocasiones. Ya sea para un evento empresarial o una celebraci\u00f3n familiar, esta <strong>cesta de<\/strong> presentaci\u00f3n le resultar\u00e1 muy \u00fatil.   <\/p>\n<p>Fabricada en cart\u00f3n, esta <strong>cesta rectangular<\/strong> es a la vez robusta y ligera. Su dise\u00f1o rectangular garantiza un almacenamiento \u00f3ptimo de los productos. Adem\u00e1s, tiene una gran capacidad de almacenamiento. Puede guardar aperitivos, fruta o incluso productos de belleza. Su forma facilita la exposici\u00f3n de sus productos.    <\/p>\n<p>Tambi\u00e9n puede personalizar esta <strong>cesta de presentaci\u00f3n<\/strong>. Puede a\u00f1adir adornos como cintas o etiquetas. Esto crea un ambiente \u00fanico y personal. Por ejemplo, para un evento navide\u00f1o, a\u00f1ada motivos festivos. Para un cumplea\u00f1os, colores vivos. Las posibilidades de esta <strong>papelera rectangular<\/strong> son infinitas.     <\/p>\n<p>&nbsp;<\/p>\n<p><!--more--><\/p>\n<h4>\u00bfPor qu\u00e9 utilizar nuestra cesta?<\/h4>\n<p>Si opta por esta <strong>papelera de cart\u00f3n<\/strong>, estar\u00e1 tomando una decisi\u00f3n responsable con el medio ambiente. El cart\u00f3n es un material reciclable. Esto significa que, despu\u00e9s de su uso, puede reciclar f\u00e1cilmente esta <strong>papelera de presentaci\u00f3n<\/strong>. De este modo, contribuye a proteger el medio ambiente a la vez que utiliza un producto pr\u00e1ctico. Adem\u00e1s, su cuidado dise\u00f1o a\u00f1ade un toque de elegancia a su decoraci\u00f3n.    <\/p>\n<p>Puede utilizarse en multitud de ocasiones. Ya sea para una boda, un aniversario o una reuni\u00f3n de negocios, la <strong>papelera rectangular<\/strong> se adaptar\u00e1 perfectamente a su decoraci\u00f3n. Adem\u00e1s, su dise\u00f1o sencillo pero elegante hace que se adapte a cualquier estilo. Para una presentaci\u00f3n ordenada, es esencial elegir los recipientes adecuados. La <strong>cesta de cart\u00f3n<\/strong> es la respuesta perfecta.    <\/p>\n<p>&nbsp;<\/p>\n<p><!--more--><\/p>\n<div style=\"font-family: Roboto, sans-serif;\">\n<div style=\"font-family: Roboto, sans-serif;\">\n<div style=\"font-family: Roboto, sans-serif;\">\n<div style=\"font-family: Roboto, sans-serif;\">\n<div style=\"font-family: Roboto, sans-serif;\">\n<div style=\"font-family: Roboto, sans-serif;\">\n<div style=\"font-family: Roboto, sans-serif;\">\n<div style=\"font-family: Roboto, sans-serif;\">\n<div style=\"font-family: Roboto, sans-serif;\">\n<div style=\"font-family: Roboto, sans-serif;\">\n<div style=\"font-family: Roboto, sans-serif;\">\n<div style=\"font-family: Roboto, sans-serif;\">\n<div style=\"font-family: Roboto, sans-serif;\">\n<div class=\"flex flex-grow flex-col max-w-full\">\n<div class=\"min-h-[20px] text-message flex flex-col items-start whitespace-pre-wrap break-words [.text-message+&amp;]:mt-5 juice:w-full juice:items-end overflow-x-auto gap-2\" dir=\"auto\" data-message-author-role=\"assistant\" data-message-id=\"2034782e-88f9-44ef-b4dc-07dd7bf0115f\">\n<div class=\"flex w-full flex-col gap-1 juice:empty:hidden juice:first:pt-[3px]\">\n<div class=\"markdown prose w-full break-words dark:prose-invert light\">\n<div style=\"font-family: Roboto, sans-serif;\">\n<div style=\"font-family: Roboto, sans-serif;\">\n<div style=\"font-family: Roboto, sans-serif;\">\n<div style=\"font-family: Roboto, sans-serif;\">\n<div style=\"font-family: Roboto, sans-serif;\">\n<div style=\"font-family: Roboto, sans-serif;\">\n<p>En resumen, la <strong>papelera rectangular de cart\u00f3n de 30 x 40 x 6 cm por 25<\/strong> es una elecci\u00f3n acertada. Combina practicidad, est\u00e9tica y responsabilidad medioambiental. Su uso es sencillo y variado. Tanto si est\u00e1 organizando un evento como si simplemente quiere guardar sus pertenencias, esta <strong>cesta de presentaci\u00f3n<\/strong> es ideal.   <\/p>\n<p>Por su capacidad y robustez, nunca defrauda. Para optimizar su almacenamiento o embellecer sus presentaciones, opte por esta <strong>cesta de cart\u00f3n<\/strong>. Su calidad y dise\u00f1o no le decepcionar\u00e1n. Y no olvide que cada detalle cuenta para el \u00e9xito de una presentaci\u00f3n. Al elegir esta <strong>cesta rectangular<\/strong>, estar\u00e1 invirtiendo en un producto fiable y elegante.    <\/p>\n<p>&nbsp;<\/p>\n<p><!--more--><\/p>\n<h4 style=\"text-align: left;\"><strong>Las ventajas de las cestas de cart\u00f3n<\/strong><strong> :<\/strong><\/h4>\n<ul style=\"text-align: left;\">\n<li><strong>Ecol\u00f3gico<\/strong>: Fabricado con cart\u00f3n reciclable, ayuda a proteger el medio ambiente.<\/li>\n<li><strong>Pr\u00e1ctico<\/strong>: Su tama\u00f1o permite guardar eficazmente desde alimentos hasta objetos decorativos.<\/li>\n<li><strong>Vers\u00e1til<\/strong>: Adecuado para una amplia gama de ocasiones, es ideal para eventos como bodas, cumplea\u00f1os o reuniones de negocios.<\/li>\n<li><strong>F\u00e1cil de usar<\/strong>: <strong>papelera<\/strong> dise\u00f1ada con asas para facilitar su manejo.<\/li>\n<\/ul>\n<\/div>\n<\/div>\n<\/div>\n<\/div>\n<\/div>\n<\/div>\n<\/div>\n<\/div>\n<\/div>\n<\/div>\n<\/div>\n<\/div>\n<p>&nbsp;<\/p>\n<\/div>\n<\/div>\n<\/div>\n<\/div>\n<\/div>\n<\/div>\n<\/div>\n<\/div>\n<\/div>\n<\/div>\n<\/div>\n<p><!--more--><\/p>\n<h4>Informaci\u00f3n adicional :<\/h4>\n<ul style=\"font-family: Roboto, sans-serif;\">\n<li><strong>Envase<\/strong>: Paquete de 25<\/li>\n<li><span style=\"font-weight: bold;\">Dimensiones<\/span>: 30 x 40 x 6 cm<\/li>\n<li><strong>Material<\/strong>: cart\u00f3n<\/li>\n<\/ul>\n<p>&nbsp;<\/p>\n<p><!--more--><\/p>\n<p>Tambi\u00e9n disponible en <span style=\"color: #d12727;\"><br \/>\n  <a style=\"color: #d12727;\" href=\"https:\/\/www.csj-emballages.com\/es\/produit\/25-cestas-micro-kraft-marron-32-x-22-x-6-cm\/\">32 x 22 x 6 cm<\/a><br \/>\n<\/span><\/p>\n<p>&nbsp;<\/p>\n<p style=\"text-align: left;\"><!--more--><\/p>\n<p><a href=\"\/?product_cat=panier-corbeille\">Ver el resto de nuestra gama de cestas<\/a><\/p>\n","protected":false},"excerpt":{"rendered":"<p>Cesta de cart\u00f3n Descripci\u00f3n de nuestra cesta de cart\u00f3n kraft 30 x 40 x 6 cm, paquete de 25<\/p>\n","protected":false},"featured_media":144010,"template":"","meta":{"_acf_changed":false},"product_brand":[],"product_cat":[1150,1488,3874,3071],"product_tag":[],"class_list":{"0":"post-159517","1":"product","2":"type-product","3":"status-publish","4":"has-post-thumbnail","6":"product_cat-envasado-de-alimentos","7":"product_cat-tienda-y-almacen","8":"product_cat-accesorios-y-equipamiento-es","9":"product_cat-cesta-de-mimbre","10":"product_shipping_class-no-permitido-en-reles","12":"first","13":"instock","14":"taxable","15":"shipping-taxable","16":"purchasable","17":"product-type-simple"},"acf":[],"yoast_head":"<!-- This site is optimized with the Yoast SEO Premium plugin v26.6 (Yoast SEO v26.6) - https:\/\/yoast.com\/wordpress\/plugins\/seo\/ -->\n<title>Cesta rectangular de cart\u00f3n kraft 30 x 40 x 6 cm<\/title>\n<meta name=\"description\" content=\"Descubra la papelera rectangular de cart\u00f3n de 30 x 40 x 6 cm por 25: pr\u00e1ctica, ecol\u00f3gica y vers\u00e1til. Ideal para presentaciones.\" \/>\n<meta name=\"robots\" content=\"index, follow, max-snippet:-1, max-image-preview:large, max-video-preview:-1\" \/>\n<link rel=\"canonical\" href=\"https:\/\/www.csj-emballages.com\/es\/produit\/25-cestas-micro-kraft-marron-30-x-40-x-6-cm\/\" \/>\n<meta property=\"og:locale\" content=\"es_ES\" \/>\n<meta property=\"og:type\" content=\"article\" \/>\n<meta property=\"og:title\" content=\"Cesta rectangular de cart\u00f3n kraft 30 x 40 x 6 cm\" \/>\n<meta property=\"og:description\" content=\"Descubra la papelera rectangular de cart\u00f3n de 30 x 40 x 6 cm por 25: pr\u00e1ctica, ecol\u00f3gica y vers\u00e1til. Ideal para presentaciones.\" \/>\n<meta property=\"og:url\" content=\"https:\/\/www.csj-emballages.com\/es\/produit\/25-cestas-micro-kraft-marron-30-x-40-x-6-cm\/\" \/>\n<meta property=\"og:site_name\" content=\"CSJ Emballages\" \/>\n<meta property=\"article:publisher\" content=\"https:\/\/www.facebook.com\/csjemballages\" \/>\n<meta property=\"article:modified_time\" content=\"2026-04-03T00:14:49+00:00\" \/>\n<meta property=\"og:image\" content=\"https:\/\/www.csj-emballages.com\/wp-content\/uploads\/2024\/10\/e-amande-49-1.png\" \/>\n\t<meta property=\"og:image:width\" content=\"300\" \/>\n\t<meta property=\"og:image:height\" content=\"300\" \/>\n\t<meta property=\"og:image:type\" content=\"image\/png\" \/>\n<meta name=\"twitter:card\" content=\"summary_large_image\" \/>\n<meta name=\"twitter:title\" content=\"Cesta rectangular de cart\u00f3n kraft 30 x 40 x 6 cm\" \/>\n<meta name=\"twitter:description\" content=\"Descubra la papelera rectangular de cart\u00f3n de 30 x 40 x 6 cm por 25: pr\u00e1ctica, ecol\u00f3gica y vers\u00e1til. Ideal para presentaciones.\" \/>\n<meta name=\"twitter:label1\" content=\"Tiempo de lectura\" \/>\n\t<meta name=\"twitter:data1\" content=\"3 minutos\" \/>\n<script type=\"application\/ld+json\" class=\"yoast-schema-graph\">{\"@context\":\"https:\/\/schema.org\",\"@graph\":[{\"@type\":\"WebPage\",\"@id\":\"https:\/\/www.csj-emballages.com\/es\/produit\/25-cestas-micro-kraft-marron-30-x-40-x-6-cm\/\",\"url\":\"https:\/\/www.csj-emballages.com\/es\/produit\/25-cestas-micro-kraft-marron-30-x-40-x-6-cm\/\",\"name\":\"Cesta rectangular de cart\u00f3n kraft 30 x 40 x 6 cm\",\"isPartOf\":{\"@id\":\"https:\/\/www.csj-emballages.com\/es\/#website\"},\"primaryImageOfPage\":{\"@id\":\"https:\/\/www.csj-emballages.com\/es\/produit\/25-cestas-micro-kraft-marron-30-x-40-x-6-cm\/#primaryimage\"},\"image\":{\"@id\":\"https:\/\/www.csj-emballages.com\/es\/produit\/25-cestas-micro-kraft-marron-30-x-40-x-6-cm\/#primaryimage\"},\"thumbnailUrl\":\"https:\/\/www.csj-emballages.com\/wp-content\/uploads\/2024\/10\/e-amande-49-1.png\",\"datePublished\":\"2024-10-09T00:18:15+00:00\",\"dateModified\":\"2026-04-03T00:14:49+00:00\",\"description\":\"Descubra la papelera rectangular de cart\u00f3n de 30 x 40 x 6 cm por 25: pr\u00e1ctica, ecol\u00f3gica y vers\u00e1til. Ideal para presentaciones.\",\"breadcrumb\":{\"@id\":\"https:\/\/www.csj-emballages.com\/es\/produit\/25-cestas-micro-kraft-marron-30-x-40-x-6-cm\/#breadcrumb\"},\"inLanguage\":\"es\",\"potentialAction\":[{\"@type\":\"ReadAction\",\"target\":[\"https:\/\/www.csj-emballages.com\/es\/produit\/25-cestas-micro-kraft-marron-30-x-40-x-6-cm\/\"]}]},{\"@type\":\"ImageObject\",\"inLanguage\":\"es\",\"@id\":\"https:\/\/www.csj-emballages.com\/es\/produit\/25-cestas-micro-kraft-marron-30-x-40-x-6-cm\/#primaryimage\",\"url\":\"https:\/\/www.csj-emballages.com\/wp-content\/uploads\/2024\/10\/e-amande-49-1.png\",\"contentUrl\":\"https:\/\/www.csj-emballages.com\/wp-content\/uploads\/2024\/10\/e-amande-49-1.png\",\"width\":300,\"height\":300,\"caption\":\"corbeille carton\"},{\"@type\":\"BreadcrumbList\",\"@id\":\"https:\/\/www.csj-emballages.com\/es\/produit\/25-cestas-micro-kraft-marron-30-x-40-x-6-cm\/#breadcrumb\",\"itemListElement\":[{\"@type\":\"ListItem\",\"position\":1,\"name\":\"Accueil\",\"item\":\"https:\/\/www.csj-emballages.com\/es\/universo-del-envasado-alimentario\/\"},{\"@type\":\"ListItem\",\"position\":2,\"name\":\"Tienda\",\"item\":\"https:\/\/www.csj-emballages.com\/tienda\/\"},{\"@type\":\"ListItem\",\"position\":3,\"name\":\"Cesta de cart\u00f3n kraft 30 x 40 x 6 cm, paquete de 25\"}]},{\"@type\":\"WebSite\",\"@id\":\"https:\/\/www.csj-emballages.com\/es\/#website\",\"url\":\"https:\/\/www.csj-emballages.com\/es\/\",\"name\":\"CSJ Emballages\",\"description\":\"\",\"publisher\":{\"@id\":\"https:\/\/www.csj-emballages.com\/es\/#organization\"},\"potentialAction\":[{\"@type\":\"SearchAction\",\"target\":{\"@type\":\"EntryPoint\",\"urlTemplate\":\"https:\/\/www.csj-emballages.com\/es\/?s={search_term_string}\"},\"query-input\":{\"@type\":\"PropertyValueSpecification\",\"valueRequired\":true,\"valueName\":\"search_term_string\"}}],\"inLanguage\":\"es\"},{\"@type\":\"Organization\",\"@id\":\"https:\/\/www.csj-emballages.com\/es\/#Organization\/\",\"name\":\"CSJ Emballages\",\"url\":\"https:\/\/www.csj-emballages.com\/es\/\",\"logo\":{\"@type\":\"ImageObject\",\"inLanguage\":\"es\",\"@id\":\"https:\/\/www.csj-emballages.com\/es\/#\/schema\/logo\/image\/\",\"url\":\"https:\/\/www.csj-emballages.com\/wp-content\/uploads\/2023\/10\/logo_csj.webp\",\"contentUrl\":\"https:\/\/www.csj-emballages.com\/wp-content\/uploads\/2023\/10\/logo_csj.webp\",\"width\":250,\"height\":95,\"caption\":\"CSJ Emballages\"},\"image\":{\"@id\":\"https:\/\/www.csj-emballages.com\/es\/#\/schema\/logo\/image\/\"},\"sameAs\":[\"https:\/\/www.facebook.com\/csjemballages\"],\"address\":{\"@type\":\"PostalAddress\",\"streetAddress\":\"ZI La Lechere\",\"addressLocality\":\"Patornay\",\"postalCode\":\"39130\",\"addressCountry\":\"FR\"},\"contactPoint\":[{\"@type\":\"ContactPoint\",\"contactType\":\"Service client\",\"telephone\":\"0384254272\",\"email\":\"contact@csj-emballages.com\"}]}]}<\/script>\n<!-- \/ Yoast SEO Premium plugin. -->","yoast_head_json":{"title":"Cesta rectangular de cart\u00f3n kraft 30 x 40 x 6 cm","description":"Descubra la papelera rectangular de cart\u00f3n de 30 x 40 x 6 cm por 25: pr\u00e1ctica, ecol\u00f3gica y vers\u00e1til. Ideal para presentaciones.","robots":{"index":"index","follow":"follow","max-snippet":"max-snippet:-1","max-image-preview":"max-image-preview:large","max-video-preview":"max-video-preview:-1"},"canonical":"https:\/\/www.csj-emballages.com\/es\/produit\/25-cestas-micro-kraft-marron-30-x-40-x-6-cm\/","og_locale":"es_ES","og_type":"article","og_title":"Cesta rectangular de cart\u00f3n kraft 30 x 40 x 6 cm","og_description":"Descubra la papelera rectangular de cart\u00f3n de 30 x 40 x 6 cm por 25: pr\u00e1ctica, ecol\u00f3gica y vers\u00e1til. Ideal para presentaciones.","og_url":"https:\/\/www.csj-emballages.com\/es\/produit\/25-cestas-micro-kraft-marron-30-x-40-x-6-cm\/","og_site_name":"CSJ Emballages","article_publisher":"https:\/\/www.facebook.com\/csjemballages","article_modified_time":"2026-04-03T00:14:49+00:00","og_image":[{"width":300,"height":300,"url":"https:\/\/www.csj-emballages.com\/wp-content\/uploads\/2024\/10\/e-amande-49-1.png","type":"image\/png"}],"twitter_card":"summary_large_image","twitter_title":"Cesta rectangular de cart\u00f3n kraft 30 x 40 x 6 cm","twitter_description":"Descubra la papelera rectangular de cart\u00f3n de 30 x 40 x 6 cm por 25: pr\u00e1ctica, ecol\u00f3gica y vers\u00e1til. Ideal para presentaciones.","twitter_misc":{"Tiempo de lectura":"3 minutos"},"schema":{"@context":"https:\/\/schema.org","@graph":[{"@type":"WebPage","@id":"https:\/\/www.csj-emballages.com\/es\/produit\/25-cestas-micro-kraft-marron-30-x-40-x-6-cm\/","url":"https:\/\/www.csj-emballages.com\/es\/produit\/25-cestas-micro-kraft-marron-30-x-40-x-6-cm\/","name":"Cesta rectangular de cart\u00f3n kraft 30 x 40 x 6 cm","isPartOf":{"@id":"https:\/\/www.csj-emballages.com\/es\/#website"},"primaryImageOfPage":{"@id":"https:\/\/www.csj-emballages.com\/es\/produit\/25-cestas-micro-kraft-marron-30-x-40-x-6-cm\/#primaryimage"},"image":{"@id":"https:\/\/www.csj-emballages.com\/es\/produit\/25-cestas-micro-kraft-marron-30-x-40-x-6-cm\/#primaryimage"},"thumbnailUrl":"https:\/\/www.csj-emballages.com\/wp-content\/uploads\/2024\/10\/e-amande-49-1.png","datePublished":"2024-10-09T00:18:15+00:00","dateModified":"2026-04-03T00:14:49+00:00","description":"Descubra la papelera rectangular de cart\u00f3n de 30 x 40 x 6 cm por 25: pr\u00e1ctica, ecol\u00f3gica y vers\u00e1til. Ideal para presentaciones.","breadcrumb":{"@id":"https:\/\/www.csj-emballages.com\/es\/produit\/25-cestas-micro-kraft-marron-30-x-40-x-6-cm\/#breadcrumb"},"inLanguage":"es","potentialAction":[{"@type":"ReadAction","target":["https:\/\/www.csj-emballages.com\/es\/produit\/25-cestas-micro-kraft-marron-30-x-40-x-6-cm\/"]}]},{"@type":"ImageObject","inLanguage":"es","@id":"https:\/\/www.csj-emballages.com\/es\/produit\/25-cestas-micro-kraft-marron-30-x-40-x-6-cm\/#primaryimage","url":"https:\/\/www.csj-emballages.com\/wp-content\/uploads\/2024\/10\/e-amande-49-1.png","contentUrl":"https:\/\/www.csj-emballages.com\/wp-content\/uploads\/2024\/10\/e-amande-49-1.png","width":300,"height":300,"caption":"corbeille carton"},{"@type":"BreadcrumbList","@id":"https:\/\/www.csj-emballages.com\/es\/produit\/25-cestas-micro-kraft-marron-30-x-40-x-6-cm\/#breadcrumb","itemListElement":[{"@type":"ListItem","position":1,"name":"Accueil","item":"https:\/\/www.csj-emballages.com\/es\/universo-del-envasado-alimentario\/"},{"@type":"ListItem","position":2,"name":"Tienda","item":"https:\/\/www.csj-emballages.com\/tienda\/"},{"@type":"ListItem","position":3,"name":"Cesta de cart\u00f3n kraft 30 x 40 x 6 cm, paquete de 25"}]},{"@type":"WebSite","@id":"https:\/\/www.csj-emballages.com\/es\/#website","url":"https:\/\/www.csj-emballages.com\/es\/","name":"CSJ Emballages","description":"","publisher":{"@id":"https:\/\/www.csj-emballages.com\/es\/#organization"},"potentialAction":[{"@type":"SearchAction","target":{"@type":"EntryPoint","urlTemplate":"https:\/\/www.csj-emballages.com\/es\/?s={search_term_string}"},"query-input":{"@type":"PropertyValueSpecification","valueRequired":true,"valueName":"search_term_string"}}],"inLanguage":"es"},{"@type":"Organization","@id":"https:\/\/www.csj-emballages.com\/es\/#Organization\/","name":"CSJ Emballages","url":"https:\/\/www.csj-emballages.com\/es\/","logo":{"@type":"ImageObject","inLanguage":"es","@id":"https:\/\/www.csj-emballages.com\/es\/#\/schema\/logo\/image\/","url":"https:\/\/www.csj-emballages.com\/wp-content\/uploads\/2023\/10\/logo_csj.webp","contentUrl":"https:\/\/www.csj-emballages.com\/wp-content\/uploads\/2023\/10\/logo_csj.webp","width":250,"height":95,"caption":"CSJ Emballages"},"image":{"@id":"https:\/\/www.csj-emballages.com\/es\/#\/schema\/logo\/image\/"},"sameAs":["https:\/\/www.facebook.com\/csjemballages"],"address":{"@type":"PostalAddress","streetAddress":"ZI La Lechere","addressLocality":"Patornay","postalCode":"39130","addressCountry":"FR"},"contactPoint":[{"@type":"ContactPoint","contactType":"Service client","telephone":"0384254272","email":"contact@csj-emballages.com"}]}]}},"df_price":20.38,"df_sale_price":"","df_regular_price":20.38,"df_image_link":"https:\/\/www.csj-emballages.com\/wp-content\/uploads\/2024\/10\/e-amande-49-1.png","tiered_pricing_type":"fixed","tiered_pricing_fixed_rules":[],"tiered_pricing_percentage_rules":[],"tiered_pricing_minimum":1,"tiered_pricing_roles_data":[],"_links":{"self":[{"href":"https:\/\/www.csj-emballages.com\/es\/wp-json\/wp\/v2\/product\/159517","targetHints":{"allow":["GET"]}}],"collection":[{"href":"https:\/\/www.csj-emballages.com\/es\/wp-json\/wp\/v2\/product"}],"about":[{"href":"https:\/\/www.csj-emballages.com\/es\/wp-json\/wp\/v2\/types\/product"}],"wp:featuredmedia":[{"embeddable":true,"href":"https:\/\/www.csj-emballages.com\/es\/wp-json\/wp\/v2\/media\/144010"}],"wp:attachment":[{"href":"https:\/\/www.csj-emballages.com\/es\/wp-json\/wp\/v2\/media?parent=159517"}],"wp:term":[{"taxonomy":"product_brand","embeddable":true,"href":"https:\/\/www.csj-emballages.com\/es\/wp-json\/wp\/v2\/product_brand?post=159517"},{"taxonomy":"product_cat","embeddable":true,"href":"https:\/\/www.csj-emballages.com\/es\/wp-json\/wp\/v2\/product_cat?post=159517"},{"taxonomy":"product_tag","embeddable":true,"href":"https:\/\/www.csj-emballages.com\/es\/wp-json\/wp\/v2\/product_tag?post=159517"}],"curies":[{"name":"wp","href":"https:\/\/api.w.org\/{rel}","templated":true}]}}