{"id":159511,"date":"2024-10-05T02:18:16","date_gmt":"2024-10-05T00:18:16","guid":{"rendered":"https:\/\/www.csj-emballages.com\/produit\/tapa-de-plastico-para-bandeja-rectangular-de-pp-paquete-de-50\/"},"modified":"2026-05-11T16:00:32","modified_gmt":"2026-05-11T14:00:32","slug":"tapa-de-plastico-para-bandeja-rectangular-de-pp-paquete-de-50","status":"publish","type":"product","link":"https:\/\/www.csj-emballages.com\/es\/produit\/tapa-de-plastico-para-bandeja-rectangular-de-pp-paquete-de-50\/","title":{"rendered":"Tapa de pl\u00e1stico para bandeja rectangular de PP, paquete de 50"},"content":{"rendered":"<div style=\"box-sizing: inherit; font-family: Roboto, sans-serif;\">\n<div style=\"box-sizing: inherit; font-family: Roboto, sans-serif;\">\n<div style=\"box-sizing: inherit; font-family: Roboto, sans-serif;\">\n<div style=\"box-sizing: inherit; font-family: Roboto, sans-serif;\">\n<div style=\"box-sizing: inherit; font-family: Roboto, sans-serif;\">\n<div style=\"box-sizing: inherit; font-family: Roboto, sans-serif;\">\n<div style=\"box-sizing: inherit; font-family: Roboto, sans-serif;\">\n<div style=\"box-sizing: inherit; font-family: Roboto, sans-serif;\">\n<div style=\"box-sizing: inherit; font-family: Roboto, sans-serif;\">\n<div style=\"box-sizing: inherit; font-family: Roboto, sans-serif;\">\n<div style=\"box-sizing: inherit; font-family: Roboto, sans-serif;\">\n<div style=\"box-sizing: inherit; font-family: Roboto, sans-serif;\">\n<div style=\"box-sizing: inherit; font-family: Roboto, sans-serif;\">\n<div class=\"flex flex-grow flex-col max-w-full\">\n<div class=\"min-h-[20px] text-message flex flex-col items-start whitespace-pre-wrap break-words [.text-message+&amp;]:mt-5 juice:w-full juice:items-end overflow-x-auto gap-2\" dir=\"auto\" data-message-author-role=\"assistant\" data-message-id=\"2034782e-88f9-44ef-b4dc-07dd7bf0115f\">\n<div class=\"flex w-full flex-col gap-1 juice:empty:hidden juice:first:pt-[3px]\">\n<div class=\"markdown prose w-full break-words dark:prose-invert light\">\n<div style=\"box-sizing: inherit; font-family: Roboto, sans-serif;\">\n<div style=\"box-sizing: inherit; font-family: Roboto, sans-serif;\">\n<div style=\"box-sizing: inherit; font-family: Roboto, sans-serif;\">\n<div style=\"box-sizing: inherit; font-family: Roboto, sans-serif;\">\n<div style=\"box-sizing: inherit; font-family: Roboto, sans-serif;\">\n<div style=\"box-sizing: inherit; font-family: Roboto, sans-serif;\">\n<h2>Tapa de pl\u00e1stico<\/h2>\n<div style=\"box-sizing: inherit; font-family: Roboto, sans-serif;\">\n<div style=\"box-sizing: inherit; font-family: Roboto, sans-serif;\">\n<div style=\"box-sizing: inherit; font-family: Roboto, sans-serif;\">\n<div style=\"text-align: center;\">\n<div style=\"box-sizing: inherit; font-family: Roboto, sans-serif;\">\n<div style=\"box-sizing: inherit; font-family: Roboto, sans-serif;\">\n<div style=\"box-sizing: inherit; font-family: Roboto, sans-serif;\">\n<div style=\"box-sizing: inherit; font-family: Roboto, sans-serif;\">\n<div style=\"box-sizing: inherit; font-family: Roboto, sans-serif;\">\n<div style=\"box-sizing: inherit; font-family: Roboto, sans-serif; text-align: left;\">\n<hr>\n<h3 style=\"text-align: left;\">Descripci\u00f3n de nuestra tapa de pl\u00e1stico para recipientes de alimentos  <!--more--><\/h3>\n<\/div>\n<\/div>\n<\/div>\n<\/div>\n<\/div>\n<\/div>\n<\/div>\n<\/div>\n<\/div>\n<\/div>\n<\/div>\n<\/div>\n<\/div>\n<\/div>\n<\/div>\n<\/div>\n<\/div>\n<\/div>\n<\/div>\n<\/div>\n<\/div>\n<\/div>\n<\/div>\n<\/div>\n<\/div>\n<\/div>\n<\/div>\n<\/div>\n<\/div>\n<\/div>\n<\/div>\n<\/div>\n<\/div>\n<div class=\"flex max-w-full flex-col flex-grow\">\n<div class=\"min-h-8 text-message flex w-full flex-col items-end gap-2 whitespace-normal break-words [.text-message+&amp;]:mt-5\" dir=\"auto\" data-message-author-role=\"assistant\" data-message-id=\"290aa723-0852-4224-b964-694d71f8ed99\" data-message-model-slug=\"gpt-4o\">\n<div class=\"flex w-full flex-col gap-1 empty:hidden first:pt-[3px]\">\n<div class=\"markdown prose w-full break-words dark:prose-invert light\">\n<p>La <strong>tapa de pl\u00e1stico<\/strong> para <strong>bandejas de alimentos<\/strong> es un accesorio esencial para el envasado seguro de alimentos. Dise\u00f1ada para adaptarse perfectamente a las <strong>bandejas<\/strong> rectangulares <span style=\"color: #d12727;\"><a style=\"color: #d12727;\" href=\"https:\/\/www.csj-emballages.com\/produit\/50-barquette-alimentaire-carton-rectangulaire-kraft-500-ml\/\">BA500KGE<\/a><\/span>, <span style=\"color: #d12727;\"><a style=\"color: #d12727;\" href=\"https:\/\/www.csj-emballages.com\/produit\/50-barquette-alimentaire-carton-rectangulaire-kraft-750-ml\/\">BA750KGE<\/a><\/span> y <span style=\"color: #d12727;\"><a style=\"color: #d12727;\" href=\"https:\/\/www.csj-emballages.com\/es\/produit\/bandejas-rectangulares-de-carton-para-alimentos-1000-ml-paquete-de-50\/\">BA1000KGE<\/a><\/span>Estas <strong>tapas de pl\u00e1stico<\/strong> est\u00e1n disponibles en paquetes de <strong>50<\/strong> unidades. Tambi\u00e9n es ideal para profesionales de la restauraci\u00f3n, hosteleros y fabricantes que buscan un envase pr\u00e1ctico y fiable para sus productos alimenticios. Al ofrecer una protecci\u00f3n herm\u00e9tica, esta <strong>tapa de pl\u00e1stico<\/strong> mantiene los alimentos frescos durante m\u00e1s tiempo.   <\/p>\n<p>Ligeros y resistentes, se adaptan f\u00e1cilmente a las <strong>bandejas de comida<\/strong>, garantizando un ajuste perfecto. Gracias a la solidez del material, los alimentos quedan bien protegidos contra golpes y posibles derrames. Ideales para transportar alimentos sin preocuparse por los derrames. Adem\u00e1s, su transparencia hace que el contenido sea totalmente visible, lo que facilita la identificaci\u00f3n de los alimentos.   <\/p>\n<p>&nbsp;<\/p>\n<\/div>\n<\/div>\n<\/div>\n<\/div>\n<p><!--more--><\/p>\n<h4>\u00bfPor qu\u00e9 utilizar nuestra tapa de pl\u00e1stico?<\/h4>\n<p>Cuando se trata de seguridad alimentaria, <strong>el polipropileno<\/strong> (PP) es un material aprobado para el contacto seguro con alimentos. Por tanto, es perfectamente seguro para envasar distintos tipos de alimentos, ya sean fr\u00edos o calientes. Adem\u00e1s, es resistente a las altas temperaturas, lo que lo convierte en una opci\u00f3n excelente para platos que requieren recalentamiento.  <\/p>\n<p>Esta <strong>tapa de pl\u00e1stico<\/strong> es r\u00e1pida y f\u00e1cil de usar. Gracias a su formato adaptado, basta con presionarla sobre la <strong>bandeja de comida<\/strong> para sellarla. El cierre es herm\u00e9tico, pero f\u00e1cil de abrir gracias a la peque\u00f1a leng\u00fceta. Por tanto, esta <strong>tapa de pl\u00e1stico<\/strong> es perfecta para platos preparados y comida para llevar.   <\/p>\n<p>Estas <strong>bandejas para alimentos<\/strong> con <strong>tapa de pl\u00e1stico<\/strong> son ideales para los profesionales que buscan soluciones de transporte pr\u00e1cticas e higi\u00e9nicas. Son adecuadas tanto para platos calientes como fr\u00edos, gracias a su dise\u00f1o en PP que soporta diversas temperaturas. Envasadas en lotes de <strong>50<\/strong> unidades, resultan econ\u00f3micas para los profesionales.  <\/p>\n<div style=\"box-sizing: inherit; font-family: Roboto, sans-serif;\">\n<div style=\"box-sizing: inherit; font-family: Roboto, sans-serif;\">\n<div style=\"box-sizing: inherit; font-family: Roboto, sans-serif;\">\n<div style=\"box-sizing: inherit; font-family: Roboto, sans-serif;\">\n<div style=\"box-sizing: inherit; font-family: Roboto, sans-serif;\">\n<div style=\"box-sizing: inherit; font-family: Roboto, sans-serif;\">\n<div style=\"box-sizing: inherit; font-family: Roboto, sans-serif;\">\n<div style=\"box-sizing: inherit; font-family: Roboto, sans-serif;\">\n<div style=\"box-sizing: inherit; font-family: Roboto, sans-serif;\">\n<div style=\"box-sizing: inherit; font-family: Roboto, sans-serif;\">\n<div style=\"box-sizing: inherit; font-family: Roboto, sans-serif;\">\n<div style=\"box-sizing: inherit; font-family: Roboto, sans-serif;\">\n<div style=\"box-sizing: inherit; font-family: Roboto, sans-serif;\">\n<div class=\"flex flex-grow flex-col max-w-full\">\n<div class=\"min-h-[20px] text-message flex flex-col items-start whitespace-pre-wrap break-words [.text-message+&amp;]:mt-5 juice:w-full juice:items-end overflow-x-auto gap-2\" dir=\"auto\" data-message-author-role=\"assistant\" data-message-id=\"2034782e-88f9-44ef-b4dc-07dd7bf0115f\">\n<div class=\"flex w-full flex-col gap-1 juice:empty:hidden juice:first:pt-[3px]\">\n<div class=\"markdown prose w-full break-words dark:prose-invert light\">\n<div style=\"box-sizing: inherit; font-family: Roboto, sans-serif;\">\n<div style=\"box-sizing: inherit; font-family: Roboto, sans-serif;\">\n<div style=\"box-sizing: inherit; font-family: Roboto, sans-serif;\">\n<div style=\"box-sizing: inherit; font-family: Roboto, sans-serif;\">\n<div style=\"box-sizing: inherit; font-family: Roboto, sans-serif;\">\n<div style=\"box-sizing: inherit; font-family: Roboto, sans-serif;\">\n<div class=\"flex max-w-full flex-col flex-grow\">\n<div class=\"min-h-8 text-message flex w-full flex-col items-end gap-2 whitespace-normal break-words [.text-message+&amp;]:mt-5\" dir=\"auto\" data-message-author-role=\"assistant\" data-message-id=\"290aa723-0852-4224-b964-694d71f8ed99\" data-message-model-slug=\"gpt-4o\">\n<div class=\"flex w-full flex-col gap-1 empty:hidden first:pt-[3px]\">\n<div class=\"markdown prose w-full break-words dark:prose-invert light\">\n<p>&nbsp;<\/p>\n<\/div>\n<\/div>\n<\/div>\n<\/div>\n<p><!--more--><\/p>\n<h4 style=\"text-align: left;\"><strong>Las ventajas de nuestra tapa de pl\u00e1stico para bandejas rectangulares de cart\u00f3n para alimentos:<\/strong><\/h4>\n<\/div>\n<\/div>\n<\/div>\n<\/div>\n<\/div>\n<\/div>\n<\/div>\n<\/div>\n<\/div>\n<\/div>\n<\/div>\n<\/div>\n<\/div>\n<\/div>\n<\/div>\n<\/div>\n<\/div>\n<\/div>\n<\/div>\n<\/div>\n<\/div>\n<\/div>\n<\/div>\n<ul>\n<li><strong>Protecci\u00f3n y seguridad<\/strong>: Al sellar herm\u00e9ticamente <strong>las bandejas de comida<\/strong>, estas <strong>tapas de pl\u00e1stico<\/strong> proporcionan una protecci\u00f3n eficaz contra las fugas.<\/li>\n<li><strong>Facilidad de uso<\/strong>: Dise\u00f1adas para encajar perfectamente en las <strong>bandejas<\/strong>, se fijan con un simple movimiento, proporcionando un cierre r\u00e1pido y seguro.<\/li>\n<li><strong>Visibilidad del contenido<\/strong>: Gracias a su transparencia, el contenido de la <strong>bandeja de comida<\/strong> puede verse directamente.<\/li>\n<li><strong>Resistencia a la temperatura<\/strong>: Fabricadas en polipropileno (PP), estas <strong>tapas<\/strong> soportan las variaciones de temperatura, lo que permite calentar o enfriar los alimentos sin riesgo.<\/li>\n<\/ul>\n<p>&nbsp;<\/p>\n<p><!--more--><\/p>\n<h4>Informaci\u00f3n adicional :<\/h4>\n<ul style=\"box-sizing: inherit; font-family: Roboto, sans-serif;\">\n<li><strong>Envase<\/strong>: Paquete de 50<\/li>\n<li><span style=\"font-weight: bold;\">Dimensiones<\/span>: 17 x 12 x 1 (L x A x A en cm)<\/li>\n<li><strong>Material<\/strong>: Pl\u00e1stico PP<\/li>\n<li><b>Temperatura de funcionamiento:<\/b>&#8211; 40\u00baC \/ + 130\u00baC<\/li>\n<li><strong>Contacto con alimentos<\/strong>: Apte<\/li>\n<\/ul>\n<p><strong><span style=\"color: #ff0000;\">La bandeja se vende por separado*.<\/span><\/strong><\/p>\n<p>&nbsp;<\/p>\n<p style=\"text-align: left;\"><!--more--><\/p>\n<p>Enlace a las bandejas : <span style=\"color: #d12727;\"><a style=\"color: #d12727;\" href=\"https:\/\/www.csj-emballages.com\/produit\/50-barquette-alimentaire-carton-rectangulaire-kraft-500-ml\/\">BA500KGE<\/a><\/span> \/ <span style=\"color: #d12727;\"><a style=\"color: #d12727;\" href=\"https:\/\/www.csj-emballages.com\/produit\/50-barquette-alimentaire-carton-rectangulaire-kraft-750-ml\/\">BA750KGE<\/a><\/span> \/ <span style=\"color: #d12727;\"><a style=\"color: #d12727;\" href=\"https:\/\/www.csj-emballages.com\/es\/produit\/bandejas-rectangulares-de-carton-para-alimentos-1000-ml-paquete-de-50\/\">BA1000KGE<\/a><\/span><\/p>\n<p>&nbsp;<\/p>\n<p style=\"text-align: left;\"><!--more--><\/p>\n<p><a href=\"https:\/\/www.csj-emballages.com\/es\/categorie-produit\/envasado-de-alimentos\/catering-es\/ollas-cuencos-portavasos\/bandejas-de-carton\/\">Ver el resto de nuestra gama de bandejas de cart\u00f3n<\/a><\/p>\n","protected":false},"excerpt":{"rendered":"<p>Tapa de pl\u00e1stico Descripci\u00f3n de nuestra tapa de pl\u00e1stico para recipientes de alimentos<\/p>\n","protected":false},"featured_media":213877,"template":"","meta":{"_acf_changed":false},"product_brand":[],"product_cat":[11673,1150,1143,2296,1491,8096],"product_tag":[],"class_list":{"0":"post-159511","1":"product","2":"type-product","3":"status-publish","4":"has-post-thumbnail","6":"product_cat-bandejas-de-carton","7":"product_cat-envasado-de-alimentos","8":"product_cat-carniceria-y-charcuteria","9":"product_cat-bandejas-latas-y-tarros","10":"product_cat-bandejas-latas-tarros-de-comida","13":"first","14":"instock","15":"taxable","16":"shipping-taxable","17":"purchasable","18":"product-type-simple"},"acf":[],"yoast_head":"<!-- This site is optimized with the Yoast SEO Premium plugin v26.6 (Yoast SEO v26.6) - https:\/\/yoast.com\/wordpress\/plugins\/seo\/ -->\n<title>Tapa de pl\u00e1stico para bandeja rectangular<\/title>\n<meta name=\"description\" content=\"Tapas de pl\u00e1stico para tarrinas alimentarias: perfectas para un embalaje herm\u00e9tico, seguro y transparente. Ideal para platos fr\u00edos y calientes.\" \/>\n<meta name=\"robots\" content=\"index, follow, max-snippet:-1, max-image-preview:large, max-video-preview:-1\" \/>\n<link rel=\"canonical\" href=\"https:\/\/www.csj-emballages.com\/es\/produit\/tapa-de-plastico-para-bandeja-rectangular-de-pp-paquete-de-50\/\" \/>\n<meta property=\"og:locale\" content=\"es_ES\" \/>\n<meta property=\"og:type\" content=\"article\" \/>\n<meta property=\"og:title\" content=\"Tapa de pl\u00e1stico para bandeja rectangular\" \/>\n<meta property=\"og:description\" content=\"Tapas de pl\u00e1stico para tarrinas alimentarias: perfectas para un embalaje herm\u00e9tico, seguro y transparente. Ideal para platos fr\u00edos y calientes.\" \/>\n<meta property=\"og:url\" content=\"https:\/\/www.csj-emballages.com\/es\/produit\/tapa-de-plastico-para-bandeja-rectangular-de-pp-paquete-de-50\/\" \/>\n<meta property=\"og:site_name\" content=\"CSJ Emballages\" \/>\n<meta property=\"article:publisher\" content=\"https:\/\/www.facebook.com\/csjemballages\" \/>\n<meta property=\"article:modified_time\" content=\"2026-05-11T14:00:32+00:00\" \/>\n<meta property=\"og:image\" content=\"https:\/\/www.csj-emballages.com\/wp-content\/uploads\/2024\/10\/COUVBAKGE.webp\" \/>\n\t<meta property=\"og:image:width\" content=\"800\" \/>\n\t<meta property=\"og:image:height\" content=\"800\" \/>\n\t<meta property=\"og:image:type\" content=\"image\/webp\" \/>\n<meta name=\"twitter:card\" content=\"summary_large_image\" \/>\n<meta name=\"twitter:title\" content=\"Tapa de pl\u00e1stico para bandeja rectangular de PP, paquete de 50\" \/>\n<meta name=\"twitter:label1\" content=\"Tiempo de lectura\" \/>\n\t<meta name=\"twitter:data1\" content=\"3 minutos\" \/>\n<script type=\"application\/ld+json\" class=\"yoast-schema-graph\">{\"@context\":\"https:\/\/schema.org\",\"@graph\":[{\"@type\":\"WebPage\",\"@id\":\"https:\/\/www.csj-emballages.com\/es\/produit\/tapa-de-plastico-para-bandeja-rectangular-de-pp-paquete-de-50\/\",\"url\":\"https:\/\/www.csj-emballages.com\/es\/produit\/tapa-de-plastico-para-bandeja-rectangular-de-pp-paquete-de-50\/\",\"name\":\"Tapa de pl\u00e1stico para bandeja rectangular\",\"isPartOf\":{\"@id\":\"https:\/\/www.csj-emballages.com\/es\/#website\"},\"primaryImageOfPage\":{\"@id\":\"https:\/\/www.csj-emballages.com\/es\/produit\/tapa-de-plastico-para-bandeja-rectangular-de-pp-paquete-de-50\/#primaryimage\"},\"image\":{\"@id\":\"https:\/\/www.csj-emballages.com\/es\/produit\/tapa-de-plastico-para-bandeja-rectangular-de-pp-paquete-de-50\/#primaryimage\"},\"thumbnailUrl\":\"https:\/\/www.csj-emballages.com\/wp-content\/uploads\/2024\/10\/COUVBAKGE.webp\",\"datePublished\":\"2024-10-05T00:18:16+00:00\",\"dateModified\":\"2026-05-11T14:00:32+00:00\",\"description\":\"Tapas de pl\u00e1stico para tarrinas alimentarias: perfectas para un embalaje herm\u00e9tico, seguro y transparente. Ideal para platos fr\u00edos y calientes.\",\"breadcrumb\":{\"@id\":\"https:\/\/www.csj-emballages.com\/es\/produit\/tapa-de-plastico-para-bandeja-rectangular-de-pp-paquete-de-50\/#breadcrumb\"},\"inLanguage\":\"es\",\"potentialAction\":[{\"@type\":\"ReadAction\",\"target\":[\"https:\/\/www.csj-emballages.com\/es\/produit\/tapa-de-plastico-para-bandeja-rectangular-de-pp-paquete-de-50\/\"]}]},{\"@type\":\"ImageObject\",\"inLanguage\":\"es\",\"@id\":\"https:\/\/www.csj-emballages.com\/es\/produit\/tapa-de-plastico-para-bandeja-rectangular-de-pp-paquete-de-50\/#primaryimage\",\"url\":\"https:\/\/www.csj-emballages.com\/wp-content\/uploads\/2024\/10\/COUVBAKGE.webp\",\"contentUrl\":\"https:\/\/www.csj-emballages.com\/wp-content\/uploads\/2024\/10\/COUVBAKGE.webp\",\"width\":800,\"height\":800,\"caption\":\"couvercle plastique\"},{\"@type\":\"BreadcrumbList\",\"@id\":\"https:\/\/www.csj-emballages.com\/es\/produit\/tapa-de-plastico-para-bandeja-rectangular-de-pp-paquete-de-50\/#breadcrumb\",\"itemListElement\":[{\"@type\":\"ListItem\",\"position\":1,\"name\":\"Accueil\",\"item\":\"https:\/\/www.csj-emballages.com\/es\/universo-del-envasado-alimentario\/\"},{\"@type\":\"ListItem\",\"position\":2,\"name\":\"Tienda\",\"item\":\"https:\/\/www.csj-emballages.com\/tienda\/\"},{\"@type\":\"ListItem\",\"position\":3,\"name\":\"Tapa de pl\u00e1stico para bandeja rectangular de PP, paquete de 50\"}]},{\"@type\":\"WebSite\",\"@id\":\"https:\/\/www.csj-emballages.com\/es\/#website\",\"url\":\"https:\/\/www.csj-emballages.com\/es\/\",\"name\":\"CSJ Emballages\",\"description\":\"\",\"publisher\":{\"@id\":\"https:\/\/www.csj-emballages.com\/es\/#organization\"},\"potentialAction\":[{\"@type\":\"SearchAction\",\"target\":{\"@type\":\"EntryPoint\",\"urlTemplate\":\"https:\/\/www.csj-emballages.com\/es\/?s={search_term_string}\"},\"query-input\":{\"@type\":\"PropertyValueSpecification\",\"valueRequired\":true,\"valueName\":\"search_term_string\"}}],\"inLanguage\":\"es\"},{\"@type\":\"Organization\",\"@id\":\"https:\/\/www.csj-emballages.com\/es\/#Organization\/\",\"name\":\"CSJ Emballages\",\"url\":\"https:\/\/www.csj-emballages.com\/es\/\",\"logo\":{\"@type\":\"ImageObject\",\"inLanguage\":\"es\",\"@id\":\"https:\/\/www.csj-emballages.com\/es\/#\/schema\/logo\/image\/\",\"url\":\"https:\/\/www.csj-emballages.com\/wp-content\/uploads\/2023\/10\/logo_csj.webp\",\"contentUrl\":\"https:\/\/www.csj-emballages.com\/wp-content\/uploads\/2023\/10\/logo_csj.webp\",\"width\":250,\"height\":95,\"caption\":\"CSJ Emballages\"},\"image\":{\"@id\":\"https:\/\/www.csj-emballages.com\/es\/#\/schema\/logo\/image\/\"},\"sameAs\":[\"https:\/\/www.facebook.com\/csjemballages\"],\"address\":{\"@type\":\"PostalAddress\",\"streetAddress\":\"ZI La Lechere\",\"addressLocality\":\"Patornay\",\"postalCode\":\"39130\",\"addressCountry\":\"FR\"},\"contactPoint\":[{\"@type\":\"ContactPoint\",\"contactType\":\"Service client\",\"telephone\":\"0384254272\",\"email\":\"contact@csj-emballages.com\"}]}]}<\/script>\n<!-- \/ Yoast SEO Premium plugin. -->","yoast_head_json":{"title":"Tapa de pl\u00e1stico para bandeja rectangular","description":"Tapas de pl\u00e1stico para tarrinas alimentarias: perfectas para un embalaje herm\u00e9tico, seguro y transparente. Ideal para platos fr\u00edos y calientes.","robots":{"index":"index","follow":"follow","max-snippet":"max-snippet:-1","max-image-preview":"max-image-preview:large","max-video-preview":"max-video-preview:-1"},"canonical":"https:\/\/www.csj-emballages.com\/es\/produit\/tapa-de-plastico-para-bandeja-rectangular-de-pp-paquete-de-50\/","og_locale":"es_ES","og_type":"article","og_title":"Tapa de pl\u00e1stico para bandeja rectangular","og_description":"Tapas de pl\u00e1stico para tarrinas alimentarias: perfectas para un embalaje herm\u00e9tico, seguro y transparente. Ideal para platos fr\u00edos y calientes.","og_url":"https:\/\/www.csj-emballages.com\/es\/produit\/tapa-de-plastico-para-bandeja-rectangular-de-pp-paquete-de-50\/","og_site_name":"CSJ Emballages","article_publisher":"https:\/\/www.facebook.com\/csjemballages","article_modified_time":"2026-05-11T14:00:32+00:00","og_image":[{"width":800,"height":800,"url":"https:\/\/www.csj-emballages.com\/wp-content\/uploads\/2024\/10\/COUVBAKGE.webp","type":"image\/webp"}],"twitter_card":"summary_large_image","twitter_title":"Tapa de pl\u00e1stico para bandeja rectangular de PP, paquete de 50","twitter_misc":{"Tiempo de lectura":"3 minutos"},"schema":{"@context":"https:\/\/schema.org","@graph":[{"@type":"WebPage","@id":"https:\/\/www.csj-emballages.com\/es\/produit\/tapa-de-plastico-para-bandeja-rectangular-de-pp-paquete-de-50\/","url":"https:\/\/www.csj-emballages.com\/es\/produit\/tapa-de-plastico-para-bandeja-rectangular-de-pp-paquete-de-50\/","name":"Tapa de pl\u00e1stico para bandeja rectangular","isPartOf":{"@id":"https:\/\/www.csj-emballages.com\/es\/#website"},"primaryImageOfPage":{"@id":"https:\/\/www.csj-emballages.com\/es\/produit\/tapa-de-plastico-para-bandeja-rectangular-de-pp-paquete-de-50\/#primaryimage"},"image":{"@id":"https:\/\/www.csj-emballages.com\/es\/produit\/tapa-de-plastico-para-bandeja-rectangular-de-pp-paquete-de-50\/#primaryimage"},"thumbnailUrl":"https:\/\/www.csj-emballages.com\/wp-content\/uploads\/2024\/10\/COUVBAKGE.webp","datePublished":"2024-10-05T00:18:16+00:00","dateModified":"2026-05-11T14:00:32+00:00","description":"Tapas de pl\u00e1stico para tarrinas alimentarias: perfectas para un embalaje herm\u00e9tico, seguro y transparente. Ideal para platos fr\u00edos y calientes.","breadcrumb":{"@id":"https:\/\/www.csj-emballages.com\/es\/produit\/tapa-de-plastico-para-bandeja-rectangular-de-pp-paquete-de-50\/#breadcrumb"},"inLanguage":"es","potentialAction":[{"@type":"ReadAction","target":["https:\/\/www.csj-emballages.com\/es\/produit\/tapa-de-plastico-para-bandeja-rectangular-de-pp-paquete-de-50\/"]}]},{"@type":"ImageObject","inLanguage":"es","@id":"https:\/\/www.csj-emballages.com\/es\/produit\/tapa-de-plastico-para-bandeja-rectangular-de-pp-paquete-de-50\/#primaryimage","url":"https:\/\/www.csj-emballages.com\/wp-content\/uploads\/2024\/10\/COUVBAKGE.webp","contentUrl":"https:\/\/www.csj-emballages.com\/wp-content\/uploads\/2024\/10\/COUVBAKGE.webp","width":800,"height":800,"caption":"couvercle plastique"},{"@type":"BreadcrumbList","@id":"https:\/\/www.csj-emballages.com\/es\/produit\/tapa-de-plastico-para-bandeja-rectangular-de-pp-paquete-de-50\/#breadcrumb","itemListElement":[{"@type":"ListItem","position":1,"name":"Accueil","item":"https:\/\/www.csj-emballages.com\/es\/universo-del-envasado-alimentario\/"},{"@type":"ListItem","position":2,"name":"Tienda","item":"https:\/\/www.csj-emballages.com\/tienda\/"},{"@type":"ListItem","position":3,"name":"Tapa de pl\u00e1stico para bandeja rectangular de PP, paquete de 50"}]},{"@type":"WebSite","@id":"https:\/\/www.csj-emballages.com\/es\/#website","url":"https:\/\/www.csj-emballages.com\/es\/","name":"CSJ Emballages","description":"","publisher":{"@id":"https:\/\/www.csj-emballages.com\/es\/#organization"},"potentialAction":[{"@type":"SearchAction","target":{"@type":"EntryPoint","urlTemplate":"https:\/\/www.csj-emballages.com\/es\/?s={search_term_string}"},"query-input":{"@type":"PropertyValueSpecification","valueRequired":true,"valueName":"search_term_string"}}],"inLanguage":"es"},{"@type":"Organization","@id":"https:\/\/www.csj-emballages.com\/es\/#Organization\/","name":"CSJ Emballages","url":"https:\/\/www.csj-emballages.com\/es\/","logo":{"@type":"ImageObject","inLanguage":"es","@id":"https:\/\/www.csj-emballages.com\/es\/#\/schema\/logo\/image\/","url":"https:\/\/www.csj-emballages.com\/wp-content\/uploads\/2023\/10\/logo_csj.webp","contentUrl":"https:\/\/www.csj-emballages.com\/wp-content\/uploads\/2023\/10\/logo_csj.webp","width":250,"height":95,"caption":"CSJ Emballages"},"image":{"@id":"https:\/\/www.csj-emballages.com\/es\/#\/schema\/logo\/image\/"},"sameAs":["https:\/\/www.facebook.com\/csjemballages"],"address":{"@type":"PostalAddress","streetAddress":"ZI La Lechere","addressLocality":"Patornay","postalCode":"39130","addressCountry":"FR"},"contactPoint":[{"@type":"ContactPoint","contactType":"Service client","telephone":"0384254272","email":"contact@csj-emballages.com"}]}]}},"df_price":5.93,"df_sale_price":"","df_regular_price":5.93,"df_image_link":"https:\/\/www.csj-emballages.com\/wp-content\/uploads\/2024\/10\/COUVBAKGE-300x300.webp","tiered_pricing_type":"fixed","tiered_pricing_fixed_rules":[],"tiered_pricing_percentage_rules":[],"tiered_pricing_minimum":1,"tiered_pricing_roles_data":[],"_links":{"self":[{"href":"https:\/\/www.csj-emballages.com\/es\/wp-json\/wp\/v2\/product\/159511","targetHints":{"allow":["GET"]}}],"collection":[{"href":"https:\/\/www.csj-emballages.com\/es\/wp-json\/wp\/v2\/product"}],"about":[{"href":"https:\/\/www.csj-emballages.com\/es\/wp-json\/wp\/v2\/types\/product"}],"wp:featuredmedia":[{"embeddable":true,"href":"https:\/\/www.csj-emballages.com\/es\/wp-json\/wp\/v2\/media\/213877"}],"wp:attachment":[{"href":"https:\/\/www.csj-emballages.com\/es\/wp-json\/wp\/v2\/media?parent=159511"}],"wp:term":[{"taxonomy":"product_brand","embeddable":true,"href":"https:\/\/www.csj-emballages.com\/es\/wp-json\/wp\/v2\/product_brand?post=159511"},{"taxonomy":"product_cat","embeddable":true,"href":"https:\/\/www.csj-emballages.com\/es\/wp-json\/wp\/v2\/product_cat?post=159511"},{"taxonomy":"product_tag","embeddable":true,"href":"https:\/\/www.csj-emballages.com\/es\/wp-json\/wp\/v2\/product_tag?post=159511"}],"curies":[{"name":"wp","href":"https:\/\/api.w.org\/{rel}","templated":true}]}}