{"id":159499,"date":"2024-10-05T02:18:12","date_gmt":"2024-10-05T00:18:12","guid":{"rendered":"https:\/\/www.csj-emballages.com\/produit\/bandejas-rectangulares-de-carton-para-alimentos-1000-ml-paquete-de-50\/"},"modified":"2026-05-11T16:00:21","modified_gmt":"2026-05-11T14:00:21","slug":"bandejas-rectangulares-de-carton-para-alimentos-1000-ml-paquete-de-50","status":"publish","type":"product","link":"https:\/\/www.csj-emballages.com\/es\/produit\/bandejas-rectangulares-de-carton-para-alimentos-1000-ml-paquete-de-50\/","title":{"rendered":"Bandejas rectangulares de cart\u00f3n para alimentos 1000 ml &#8211; paquete de 50"},"content":{"rendered":"<div style=\"box-sizing: inherit; font-family: Roboto, sans-serif;\">\n<div style=\"box-sizing: inherit; font-family: Roboto, sans-serif;\">\n<div style=\"box-sizing: inherit; font-family: Roboto, sans-serif;\">\n<div style=\"box-sizing: inherit; font-family: Roboto, sans-serif;\">\n<div style=\"box-sizing: inherit; font-family: Roboto, sans-serif;\">\n<div style=\"box-sizing: inherit; font-family: Roboto, sans-serif;\">\n<div style=\"box-sizing: inherit; font-family: Roboto, sans-serif;\">\n<div style=\"box-sizing: inherit; font-family: Roboto, sans-serif;\">\n<div style=\"box-sizing: inherit; font-family: Roboto, sans-serif;\">\n<div style=\"box-sizing: inherit; font-family: Roboto, sans-serif;\">\n<div style=\"box-sizing: inherit; font-family: Roboto, sans-serif;\">\n<div style=\"box-sizing: inherit; font-family: Roboto, sans-serif;\">\n<div style=\"box-sizing: inherit; font-family: Roboto, sans-serif;\">\n<div class=\"flex flex-grow flex-col max-w-full\">\n<div class=\"min-h-[20px] text-message flex flex-col items-start whitespace-pre-wrap break-words [.text-message+&amp;]:mt-5 juice:w-full juice:items-end overflow-x-auto gap-2\" dir=\"auto\" data-message-author-role=\"assistant\" data-message-id=\"2034782e-88f9-44ef-b4dc-07dd7bf0115f\">\n<div class=\"flex w-full flex-col gap-1 juice:empty:hidden juice:first:pt-[3px]\">\n<div class=\"markdown prose w-full break-words dark:prose-invert light\">\n<div style=\"box-sizing: inherit; font-family: Roboto, sans-serif;\">\n<div style=\"box-sizing: inherit; font-family: Roboto, sans-serif;\">\n<div style=\"box-sizing: inherit; font-family: Roboto, sans-serif;\">\n<div style=\"box-sizing: inherit; font-family: Roboto, sans-serif;\">\n<div style=\"box-sizing: inherit; font-family: Roboto, sans-serif;\">\n<div style=\"box-sizing: inherit; font-family: Roboto, sans-serif;\">\n<h2>Bandeja de comida<\/h2>\n<div style=\"box-sizing: inherit; font-family: Roboto, sans-serif;\">\n<div style=\"box-sizing: inherit; font-family: Roboto, sans-serif;\">\n<div style=\"box-sizing: inherit; font-family: Roboto, sans-serif;\">\n<div style=\"text-align: center;\">\n<div style=\"box-sizing: inherit; font-family: Roboto, sans-serif;\">\n<div style=\"box-sizing: inherit; font-family: Roboto, sans-serif;\">\n<div style=\"box-sizing: inherit; font-family: Roboto, sans-serif;\">\n<div style=\"box-sizing: inherit; font-family: Roboto, sans-serif;\">\n<div style=\"box-sizing: inherit; font-family: Roboto, sans-serif;\">\n<div style=\"box-sizing: inherit; font-family: Roboto, sans-serif; text-align: left;\">\n<hr>\n<h3 style=\"text-align: left;\">Descripci\u00f3n de nuestra bandeja de comida kraft rectangular de 1000 ml<!--more--><\/h3>\n<\/div>\n<\/div>\n<\/div>\n<\/div>\n<\/div>\n<\/div>\n<\/div>\n<\/div>\n<\/div>\n<\/div>\n<\/div>\n<\/div>\n<\/div>\n<\/div>\n<\/div>\n<\/div>\n<\/div>\n<\/div>\n<\/div>\n<\/div>\n<\/div>\n<\/div>\n<\/div>\n<\/div>\n<\/div>\n<\/div>\n<\/div>\n<\/div>\n<\/div>\n<\/div>\n<\/div>\n<\/div>\n<\/div>\n<div class=\"flex max-w-full flex-col flex-grow\">\n<div class=\"min-h-8 text-message flex w-full flex-col items-end gap-2 whitespace-normal break-words [.text-message+&amp;]:mt-5\" dir=\"auto\" data-message-author-role=\"assistant\" data-message-id=\"290aa723-0852-4224-b964-694d71f8ed99\" data-message-model-slug=\"gpt-4o\">\n<div class=\"flex w-full flex-col gap-1 empty:hidden first:pt-[3px]\">\n<div class=\"markdown prose w-full break-words dark:prose-invert light\">\n<p>Descubra la <strong>bandeja<\/strong> <strong>rectangular de cart\u00f3n<\/strong> <strong>para alimentos<\/strong> <strong>de 1000 ml<\/strong>, ideal para sus necesidades de envasado ecol\u00f3gico. Dise\u00f1ada para facilitar el servicio de sus comidas, esta <strong>bandeja<\/strong> es perfecta para todo tipo de comida para llevar. Con un generoso tama\u00f1o de <strong>1000 ml<\/strong>, ofrece espacio suficiente para contener comidas completas. Gracias a su material de <strong>cart\u00f3n<\/strong> natural, esta <strong>bandeja<\/strong> es resistente y respetuosa con el medio ambiente.   <\/p>\n<p>Fabricada en <strong>cart\u00f3n kraft<\/strong>, esta <strong>bandeja<\/strong> garantiza una conservaci\u00f3n \u00f3ptima de sus platos. No se deforma f\u00e1cilmente y mantiene sus alimentos frescos. Puede utilizarla para platos fr\u00edos o calientes sin comprometer la calidad. Con su dise\u00f1o elegante y moderno, esta <strong>bandeja<\/strong> es perfecta para todas las ocasiones, ya sea para almuerzos para llevar, picnics o comidas a domicilio.   <\/p>\n<p>&nbsp;<\/p>\n<\/div>\n<\/div>\n<\/div>\n<\/div>\n<p><!--more--><\/p>\n<h4>\u00bfPor qu\u00e9 utilizar nuestra bandeja?<\/h4>\n<p>La <strong>bandeja<\/strong> <strong>rectangular de cart\u00f3n<\/strong> <strong>para alimentos<\/strong> es f\u00e1cil de agarrar, lo que mejora la experiencia de sus clientes. Sus pr\u00e1cticas dimensiones la convierten en un recipiente ideal para restaurantes, empresas de catering y otros negocios de servicios alimentarios. Adem\u00e1s, contribuye a reducir los residuos pl\u00e1sticos. Su composici\u00f3n de <strong>cart\u00f3n<\/strong> la hace totalmente reciclable, lo que la convierte en una opci\u00f3n responsable para su negocio.   <\/p>\n<p>Esta <strong>bandeja<\/strong> <strong>rectangular<\/strong> <strong>para alimentos<\/strong> est\u00e1 dise\u00f1ada para soportar una gran variedad de alimentos, desde ensaladas hasta platos preparados. Gracias a su robustez, soporta alimentos con salsas y garantiza un transporte sin fugas. Gracias a su material de cart\u00f3n grueso, esta <strong>bandeja<\/strong> mantiene los alimentos a la temperatura adecuada durante m\u00e1s tiempo, por lo que es ideal para platos preparados.  <\/p>\n<p>Suministradas en paquetes de <strong>50<\/strong> unidades, facilitan la gesti\u00f3n de sus existencias y pedidos. Pr\u00e1cticas y compactas, <strong>las bandejas para alimentos<\/strong> son f\u00e1ciles de almacenar en su cocina o zona de trabajo. Al optar por estas <strong>bandejas<\/strong> <strong>de 1000 ml<\/strong>, estar\u00e1 haciendo una elecci\u00f3n pr\u00e1ctica y econ\u00f3mica para su negocio.  <\/p>\n<p>&nbsp;<\/p>\n<p><!--more--><\/p>\n<div style=\"box-sizing: inherit; font-family: Roboto, sans-serif;\">\n<div style=\"box-sizing: inherit; font-family: Roboto, sans-serif;\">\n<div style=\"box-sizing: inherit; font-family: Roboto, sans-serif;\">\n<div style=\"box-sizing: inherit; font-family: Roboto, sans-serif;\">\n<div style=\"box-sizing: inherit; font-family: Roboto, sans-serif;\">\n<div style=\"box-sizing: inherit; font-family: Roboto, sans-serif;\">\n<div style=\"box-sizing: inherit; font-family: Roboto, sans-serif;\">\n<div style=\"box-sizing: inherit; font-family: Roboto, sans-serif;\">\n<div style=\"box-sizing: inherit; font-family: Roboto, sans-serif;\">\n<div style=\"box-sizing: inherit; font-family: Roboto, sans-serif;\">\n<div style=\"box-sizing: inherit; font-family: Roboto, sans-serif;\">\n<div style=\"box-sizing: inherit; font-family: Roboto, sans-serif;\">\n<div style=\"box-sizing: inherit; font-family: Roboto, sans-serif;\">\n<div class=\"flex flex-grow flex-col max-w-full\">\n<div class=\"min-h-[20px] text-message flex flex-col items-start whitespace-pre-wrap break-words [.text-message+&amp;]:mt-5 juice:w-full juice:items-end overflow-x-auto gap-2\" dir=\"auto\" data-message-author-role=\"assistant\" data-message-id=\"2034782e-88f9-44ef-b4dc-07dd7bf0115f\">\n<div class=\"flex w-full flex-col gap-1 juice:empty:hidden juice:first:pt-[3px]\">\n<div class=\"markdown prose w-full break-words dark:prose-invert light\">\n<div style=\"box-sizing: inherit; font-family: Roboto, sans-serif;\">\n<div style=\"box-sizing: inherit; font-family: Roboto, sans-serif;\">\n<div style=\"box-sizing: inherit; font-family: Roboto, sans-serif;\">\n<div style=\"box-sizing: inherit; font-family: Roboto, sans-serif;\">\n<div style=\"box-sizing: inherit; font-family: Roboto, sans-serif;\">\n<div style=\"box-sizing: inherit; font-family: Roboto, sans-serif;\">\n<div class=\"flex max-w-full flex-col flex-grow\">\n<div class=\"min-h-8 text-message flex w-full flex-col items-end gap-2 whitespace-normal break-words [.text-message+&amp;]:mt-5\" dir=\"auto\" data-message-author-role=\"assistant\" data-message-id=\"290aa723-0852-4224-b964-694d71f8ed99\" data-message-model-slug=\"gpt-4o\">\n<div class=\"flex w-full flex-col gap-1 empty:hidden first:pt-[3px]\">\n<div class=\"markdown prose w-full break-words dark:prose-invert light\">\n<p>Con su dise\u00f1o sencillo y natural, realza la presentaci\u00f3n de sus platos. Destaca la calidad de sus preparaciones al tiempo que refuerza la imagen ecorresponsable de su empresa. Este modelo responde a las expectativas actuales en materia de sostenibilidad y reciclabilidad.  <\/p>\n<p>Optar por esta <strong>bandeja de<\/strong> cart\u00f3n <strong>para alimentos<\/strong> significa comprometerse con un futuro m\u00e1s ecol\u00f3gico. Su practicidad, sencillez y respeto por el medio ambiente la convierten en la soluci\u00f3n de envasado perfecta. <\/p>\n<p>Ad\u00f3ptela hoy mismo para a\u00f1adir valor a sus platos respetando el medio ambiente.<\/p>\n<\/div>\n<\/div>\n<\/div>\n<\/div>\n<div class=\"mb-2 flex gap-3 empty:hidden -ml-2\">\n<div class=\"items-center justify-start rounded-xl p-1 flex\">\n<div class=\"flex items-center\"><\/div>\n<\/div>\n<\/div>\n<p><!--more--><\/p>\n<h4 style=\"text-align: left;\"><strong>Las ventajas de nuestra bandeja rectangular para alimentos de 1000 ml:<\/strong><\/h4>\n<\/div>\n<\/div>\n<\/div>\n<\/div>\n<\/div>\n<\/div>\n<\/div>\n<\/div>\n<\/div>\n<\/div>\n<\/div>\n<\/div>\n<\/div>\n<\/div>\n<\/div>\n<\/div>\n<\/div>\n<\/div>\n<\/div>\n<\/div>\n<\/div>\n<\/div>\n<\/div>\n<ul>\n<li><strong>Ecol\u00f3gica y sostenible<\/strong>: La <strong>bandeja kraft<\/strong> est\u00e1 hecha de cart\u00f3n reciclable, lo que reduce la huella medioambiental.<\/li>\n<li><strong>Vers\u00e1til<\/strong>: Adecuado tanto para platos fr\u00edos como calientes, soporta una amplia gama de temperaturas.<\/li>\n<li><strong>Pr\u00e1ctica para el transporte<\/strong>: Su forma rectangular y sus materiales resistentes permiten transportar los alimentos con total seguridad. La <strong>bandeja para<\/strong> alimentos los mantiene en su sitio, evitando el riesgo de derrames. <\/li>\n<li><strong>Gran capacidad de 1000 ml<\/strong>: Su generoso formato es ideal para comidas completas, y ofrece una presentaci\u00f3n cuidada.<\/li>\n<\/ul>\n<p>&nbsp;<\/p>\n<p><!--more--><\/p>\n<h4>Informaci\u00f3n adicional :<\/h4>\n<ul style=\"box-sizing: inherit; font-family: Roboto, sans-serif;\">\n<li><strong>Envase<\/strong>: Paquete de 50<\/li>\n<li><span style=\"font-weight: bold;\">Dimensiones<\/span>: 17 x 12 x 7,8 (L x A x A en cm)<\/li>\n<li><strong>Material<\/strong>: Cart\u00f3n + PP<\/li>\n<li><b>Temperatura de funcionamiento: <\/b>&#8211; 18\u00baC \/ + 80\u00baC<\/li>\n<li><strong>Contacto con alimentos<\/strong>: Apte<\/li>\n<\/ul>\n<p><strong><span style=\"color: #ff0000;\">La tapa se vende por separado*.<\/span><\/strong><\/p>\n<p>&nbsp;<\/p>\n<p><!--more--><\/p>\n<p>Enlace a las portadas : <span style=\"color: #d12727;\"><a style=\"color: #d12727;\" href=\"https:\/\/www.csj-emballages.com\/produit\/50-couvercle-plastique-pour-barquette-rectangulaire-en-pp\/\">COUVBAKGE<\/a><\/span><\/p>\n<p>&nbsp;<\/p>\n<p style=\"text-align: left;\"><!--more--><\/p>\n<p><a href=\"https:\/\/www.csj-emballages.com\/es\/categorie-produit\/envasado-de-alimentos\/catering-es\/ollas-cuencos-portavasos\/bandejas-de-carton\/\">Ver el resto de nuestra gama de bandejas de cart\u00f3n<\/a><\/p>\n","protected":false},"excerpt":{"rendered":"<p>Bandeja de comida Descripci\u00f3n de nuestra bandeja de comida kraft rectangular de 1000 ml<\/p>\n","protected":false},"featured_media":213872,"template":"","meta":{"_acf_changed":false},"product_brand":[],"product_cat":[11673,1150,1143,2296,1491,8096],"product_tag":[],"class_list":{"0":"post-159499","1":"product","2":"type-product","3":"status-publish","4":"has-post-thumbnail","6":"product_cat-bandejas-de-carton","7":"product_cat-envasado-de-alimentos","8":"product_cat-carniceria-y-charcuteria","9":"product_cat-bandejas-latas-y-tarros","10":"product_cat-bandejas-latas-tarros-de-comida","13":"first","14":"instock","15":"taxable","16":"shipping-taxable","17":"purchasable","18":"product-type-simple"},"acf":[],"yoast_head":"<!-- This site is optimized with the Yoast SEO Premium plugin v26.6 (Yoast SEO v26.6) - https:\/\/yoast.com\/wordpress\/plugins\/seo\/ -->\n<title>Bandeja rectangular de cart\u00f3n para alimentos - 1000 ml<\/title>\n<meta name=\"description\" content=\"Envase alimentario de cart\u00f3n rectangular de 1000 ml en lote de 50, ideal para platos fr\u00edos y calientes. Ecol\u00f3gico, reciclable, resistente y pr\u00e1ctico.\" \/>\n<meta name=\"robots\" content=\"index, follow, max-snippet:-1, max-image-preview:large, max-video-preview:-1\" \/>\n<link rel=\"canonical\" href=\"https:\/\/www.csj-emballages.com\/es\/produit\/bandejas-rectangulares-de-carton-para-alimentos-1000-ml-paquete-de-50\/\" \/>\n<meta property=\"og:locale\" content=\"es_ES\" \/>\n<meta property=\"og:type\" content=\"article\" \/>\n<meta property=\"og:title\" content=\"Bandeja rectangular de cart\u00f3n para alimentos 1000 ml\" \/>\n<meta property=\"og:description\" content=\"Envase alimentario de cart\u00f3n rectangular de 1000 ml en lote de 50, ideal para platos fr\u00edos y calientes. Ecol\u00f3gico, reciclable, resistente y pr\u00e1ctico.\" \/>\n<meta property=\"og:url\" content=\"https:\/\/www.csj-emballages.com\/es\/produit\/bandejas-rectangulares-de-carton-para-alimentos-1000-ml-paquete-de-50\/\" \/>\n<meta property=\"og:site_name\" content=\"CSJ Emballages\" \/>\n<meta property=\"article:publisher\" content=\"https:\/\/www.facebook.com\/csjemballages\" \/>\n<meta property=\"article:modified_time\" content=\"2026-05-11T14:00:21+00:00\" \/>\n<meta property=\"og:image\" content=\"https:\/\/www.csj-emballages.com\/wp-content\/uploads\/2024\/10\/BA1000KGE.webp\" \/>\n\t<meta property=\"og:image:width\" content=\"800\" \/>\n\t<meta property=\"og:image:height\" content=\"800\" \/>\n\t<meta property=\"og:image:type\" content=\"image\/webp\" \/>\n<meta name=\"twitter:card\" content=\"summary_large_image\" \/>\n<meta name=\"twitter:title\" content=\"Bandeja rectangular de cart\u00f3n para alimentos 1000 ml\" \/>\n<meta name=\"twitter:description\" content=\"Envase alimentario de cart\u00f3n rectangular de 1000 ml en lote de 50, ideal para platos fr\u00edos y calientes. Ecol\u00f3gico, reciclable, resistente y pr\u00e1ctico.\" \/>\n<meta name=\"twitter:label1\" content=\"Tiempo de lectura\" \/>\n\t<meta name=\"twitter:data1\" content=\"3 minutos\" \/>\n<script type=\"application\/ld+json\" class=\"yoast-schema-graph\">{\"@context\":\"https:\/\/schema.org\",\"@graph\":[{\"@type\":\"WebPage\",\"@id\":\"https:\/\/www.csj-emballages.com\/es\/produit\/bandejas-rectangulares-de-carton-para-alimentos-1000-ml-paquete-de-50\/\",\"url\":\"https:\/\/www.csj-emballages.com\/es\/produit\/bandejas-rectangulares-de-carton-para-alimentos-1000-ml-paquete-de-50\/\",\"name\":\"Bandeja rectangular de cart\u00f3n para alimentos - 1000 ml\",\"isPartOf\":{\"@id\":\"https:\/\/www.csj-emballages.com\/es\/#website\"},\"primaryImageOfPage\":{\"@id\":\"https:\/\/www.csj-emballages.com\/es\/produit\/bandejas-rectangulares-de-carton-para-alimentos-1000-ml-paquete-de-50\/#primaryimage\"},\"image\":{\"@id\":\"https:\/\/www.csj-emballages.com\/es\/produit\/bandejas-rectangulares-de-carton-para-alimentos-1000-ml-paquete-de-50\/#primaryimage\"},\"thumbnailUrl\":\"https:\/\/www.csj-emballages.com\/wp-content\/uploads\/2024\/10\/BA1000KGE.webp\",\"datePublished\":\"2024-10-05T00:18:12+00:00\",\"dateModified\":\"2026-05-11T14:00:21+00:00\",\"description\":\"Envase alimentario de cart\u00f3n rectangular de 1000 ml en lote de 50, ideal para platos fr\u00edos y calientes. Ecol\u00f3gico, reciclable, resistente y pr\u00e1ctico.\",\"breadcrumb\":{\"@id\":\"https:\/\/www.csj-emballages.com\/es\/produit\/bandejas-rectangulares-de-carton-para-alimentos-1000-ml-paquete-de-50\/#breadcrumb\"},\"inLanguage\":\"es\",\"potentialAction\":[{\"@type\":\"ReadAction\",\"target\":[\"https:\/\/www.csj-emballages.com\/es\/produit\/bandejas-rectangulares-de-carton-para-alimentos-1000-ml-paquete-de-50\/\"]}]},{\"@type\":\"ImageObject\",\"inLanguage\":\"es\",\"@id\":\"https:\/\/www.csj-emballages.com\/es\/produit\/bandejas-rectangulares-de-carton-para-alimentos-1000-ml-paquete-de-50\/#primaryimage\",\"url\":\"https:\/\/www.csj-emballages.com\/wp-content\/uploads\/2024\/10\/BA1000KGE.webp\",\"contentUrl\":\"https:\/\/www.csj-emballages.com\/wp-content\/uploads\/2024\/10\/BA1000KGE.webp\",\"width\":800,\"height\":800,\"caption\":\"Barquette alimentaire\"},{\"@type\":\"BreadcrumbList\",\"@id\":\"https:\/\/www.csj-emballages.com\/es\/produit\/bandejas-rectangulares-de-carton-para-alimentos-1000-ml-paquete-de-50\/#breadcrumb\",\"itemListElement\":[{\"@type\":\"ListItem\",\"position\":1,\"name\":\"Accueil\",\"item\":\"https:\/\/www.csj-emballages.com\/es\/universo-del-envasado-alimentario\/\"},{\"@type\":\"ListItem\",\"position\":2,\"name\":\"Tienda\",\"item\":\"https:\/\/www.csj-emballages.com\/tienda\/\"},{\"@type\":\"ListItem\",\"position\":3,\"name\":\"Bandejas rectangulares de cart\u00f3n para alimentos 1000 ml &#8211; paquete de 50\"}]},{\"@type\":\"WebSite\",\"@id\":\"https:\/\/www.csj-emballages.com\/es\/#website\",\"url\":\"https:\/\/www.csj-emballages.com\/es\/\",\"name\":\"CSJ Emballages\",\"description\":\"\",\"publisher\":{\"@id\":\"https:\/\/www.csj-emballages.com\/es\/#organization\"},\"potentialAction\":[{\"@type\":\"SearchAction\",\"target\":{\"@type\":\"EntryPoint\",\"urlTemplate\":\"https:\/\/www.csj-emballages.com\/es\/?s={search_term_string}\"},\"query-input\":{\"@type\":\"PropertyValueSpecification\",\"valueRequired\":true,\"valueName\":\"search_term_string\"}}],\"inLanguage\":\"es\"},{\"@type\":\"Organization\",\"@id\":\"https:\/\/www.csj-emballages.com\/es\/#Organization\/\",\"name\":\"CSJ Emballages\",\"url\":\"https:\/\/www.csj-emballages.com\/es\/\",\"logo\":{\"@type\":\"ImageObject\",\"inLanguage\":\"es\",\"@id\":\"https:\/\/www.csj-emballages.com\/es\/#\/schema\/logo\/image\/\",\"url\":\"https:\/\/www.csj-emballages.com\/wp-content\/uploads\/2023\/10\/logo_csj.webp\",\"contentUrl\":\"https:\/\/www.csj-emballages.com\/wp-content\/uploads\/2023\/10\/logo_csj.webp\",\"width\":250,\"height\":95,\"caption\":\"CSJ Emballages\"},\"image\":{\"@id\":\"https:\/\/www.csj-emballages.com\/es\/#\/schema\/logo\/image\/\"},\"sameAs\":[\"https:\/\/www.facebook.com\/csjemballages\"],\"address\":{\"@type\":\"PostalAddress\",\"streetAddress\":\"ZI La Lechere\",\"addressLocality\":\"Patornay\",\"postalCode\":\"39130\",\"addressCountry\":\"FR\"},\"contactPoint\":[{\"@type\":\"ContactPoint\",\"contactType\":\"Service client\",\"telephone\":\"0384254272\",\"email\":\"contact@csj-emballages.com\"}]}]}<\/script>\n<!-- \/ Yoast SEO Premium plugin. -->","yoast_head_json":{"title":"Bandeja rectangular de cart\u00f3n para alimentos - 1000 ml","description":"Envase alimentario de cart\u00f3n rectangular de 1000 ml en lote de 50, ideal para platos fr\u00edos y calientes. Ecol\u00f3gico, reciclable, resistente y pr\u00e1ctico.","robots":{"index":"index","follow":"follow","max-snippet":"max-snippet:-1","max-image-preview":"max-image-preview:large","max-video-preview":"max-video-preview:-1"},"canonical":"https:\/\/www.csj-emballages.com\/es\/produit\/bandejas-rectangulares-de-carton-para-alimentos-1000-ml-paquete-de-50\/","og_locale":"es_ES","og_type":"article","og_title":"Bandeja rectangular de cart\u00f3n para alimentos 1000 ml","og_description":"Envase alimentario de cart\u00f3n rectangular de 1000 ml en lote de 50, ideal para platos fr\u00edos y calientes. Ecol\u00f3gico, reciclable, resistente y pr\u00e1ctico.","og_url":"https:\/\/www.csj-emballages.com\/es\/produit\/bandejas-rectangulares-de-carton-para-alimentos-1000-ml-paquete-de-50\/","og_site_name":"CSJ Emballages","article_publisher":"https:\/\/www.facebook.com\/csjemballages","article_modified_time":"2026-05-11T14:00:21+00:00","og_image":[{"width":800,"height":800,"url":"https:\/\/www.csj-emballages.com\/wp-content\/uploads\/2024\/10\/BA1000KGE.webp","type":"image\/webp"}],"twitter_card":"summary_large_image","twitter_title":"Bandeja rectangular de cart\u00f3n para alimentos 1000 ml","twitter_description":"Envase alimentario de cart\u00f3n rectangular de 1000 ml en lote de 50, ideal para platos fr\u00edos y calientes. Ecol\u00f3gico, reciclable, resistente y pr\u00e1ctico.","twitter_misc":{"Tiempo de lectura":"3 minutos"},"schema":{"@context":"https:\/\/schema.org","@graph":[{"@type":"WebPage","@id":"https:\/\/www.csj-emballages.com\/es\/produit\/bandejas-rectangulares-de-carton-para-alimentos-1000-ml-paquete-de-50\/","url":"https:\/\/www.csj-emballages.com\/es\/produit\/bandejas-rectangulares-de-carton-para-alimentos-1000-ml-paquete-de-50\/","name":"Bandeja rectangular de cart\u00f3n para alimentos - 1000 ml","isPartOf":{"@id":"https:\/\/www.csj-emballages.com\/es\/#website"},"primaryImageOfPage":{"@id":"https:\/\/www.csj-emballages.com\/es\/produit\/bandejas-rectangulares-de-carton-para-alimentos-1000-ml-paquete-de-50\/#primaryimage"},"image":{"@id":"https:\/\/www.csj-emballages.com\/es\/produit\/bandejas-rectangulares-de-carton-para-alimentos-1000-ml-paquete-de-50\/#primaryimage"},"thumbnailUrl":"https:\/\/www.csj-emballages.com\/wp-content\/uploads\/2024\/10\/BA1000KGE.webp","datePublished":"2024-10-05T00:18:12+00:00","dateModified":"2026-05-11T14:00:21+00:00","description":"Envase alimentario de cart\u00f3n rectangular de 1000 ml en lote de 50, ideal para platos fr\u00edos y calientes. Ecol\u00f3gico, reciclable, resistente y pr\u00e1ctico.","breadcrumb":{"@id":"https:\/\/www.csj-emballages.com\/es\/produit\/bandejas-rectangulares-de-carton-para-alimentos-1000-ml-paquete-de-50\/#breadcrumb"},"inLanguage":"es","potentialAction":[{"@type":"ReadAction","target":["https:\/\/www.csj-emballages.com\/es\/produit\/bandejas-rectangulares-de-carton-para-alimentos-1000-ml-paquete-de-50\/"]}]},{"@type":"ImageObject","inLanguage":"es","@id":"https:\/\/www.csj-emballages.com\/es\/produit\/bandejas-rectangulares-de-carton-para-alimentos-1000-ml-paquete-de-50\/#primaryimage","url":"https:\/\/www.csj-emballages.com\/wp-content\/uploads\/2024\/10\/BA1000KGE.webp","contentUrl":"https:\/\/www.csj-emballages.com\/wp-content\/uploads\/2024\/10\/BA1000KGE.webp","width":800,"height":800,"caption":"Barquette alimentaire"},{"@type":"BreadcrumbList","@id":"https:\/\/www.csj-emballages.com\/es\/produit\/bandejas-rectangulares-de-carton-para-alimentos-1000-ml-paquete-de-50\/#breadcrumb","itemListElement":[{"@type":"ListItem","position":1,"name":"Accueil","item":"https:\/\/www.csj-emballages.com\/es\/universo-del-envasado-alimentario\/"},{"@type":"ListItem","position":2,"name":"Tienda","item":"https:\/\/www.csj-emballages.com\/tienda\/"},{"@type":"ListItem","position":3,"name":"Bandejas rectangulares de cart\u00f3n para alimentos 1000 ml &#8211; paquete de 50"}]},{"@type":"WebSite","@id":"https:\/\/www.csj-emballages.com\/es\/#website","url":"https:\/\/www.csj-emballages.com\/es\/","name":"CSJ Emballages","description":"","publisher":{"@id":"https:\/\/www.csj-emballages.com\/es\/#organization"},"potentialAction":[{"@type":"SearchAction","target":{"@type":"EntryPoint","urlTemplate":"https:\/\/www.csj-emballages.com\/es\/?s={search_term_string}"},"query-input":{"@type":"PropertyValueSpecification","valueRequired":true,"valueName":"search_term_string"}}],"inLanguage":"es"},{"@type":"Organization","@id":"https:\/\/www.csj-emballages.com\/es\/#Organization\/","name":"CSJ Emballages","url":"https:\/\/www.csj-emballages.com\/es\/","logo":{"@type":"ImageObject","inLanguage":"es","@id":"https:\/\/www.csj-emballages.com\/es\/#\/schema\/logo\/image\/","url":"https:\/\/www.csj-emballages.com\/wp-content\/uploads\/2023\/10\/logo_csj.webp","contentUrl":"https:\/\/www.csj-emballages.com\/wp-content\/uploads\/2023\/10\/logo_csj.webp","width":250,"height":95,"caption":"CSJ Emballages"},"image":{"@id":"https:\/\/www.csj-emballages.com\/es\/#\/schema\/logo\/image\/"},"sameAs":["https:\/\/www.facebook.com\/csjemballages"],"address":{"@type":"PostalAddress","streetAddress":"ZI La Lechere","addressLocality":"Patornay","postalCode":"39130","addressCountry":"FR"},"contactPoint":[{"@type":"ContactPoint","contactType":"Service client","telephone":"0384254272","email":"contact@csj-emballages.com"}]}]}},"df_price":9.77,"df_sale_price":"","df_regular_price":9.77,"df_image_link":"https:\/\/www.csj-emballages.com\/wp-content\/uploads\/2024\/10\/BA1000KGE-300x300.webp","tiered_pricing_type":"fixed","tiered_pricing_fixed_rules":[],"tiered_pricing_percentage_rules":[],"tiered_pricing_minimum":1,"tiered_pricing_roles_data":[],"_links":{"self":[{"href":"https:\/\/www.csj-emballages.com\/es\/wp-json\/wp\/v2\/product\/159499","targetHints":{"allow":["GET"]}}],"collection":[{"href":"https:\/\/www.csj-emballages.com\/es\/wp-json\/wp\/v2\/product"}],"about":[{"href":"https:\/\/www.csj-emballages.com\/es\/wp-json\/wp\/v2\/types\/product"}],"wp:featuredmedia":[{"embeddable":true,"href":"https:\/\/www.csj-emballages.com\/es\/wp-json\/wp\/v2\/media\/213872"}],"wp:attachment":[{"href":"https:\/\/www.csj-emballages.com\/es\/wp-json\/wp\/v2\/media?parent=159499"}],"wp:term":[{"taxonomy":"product_brand","embeddable":true,"href":"https:\/\/www.csj-emballages.com\/es\/wp-json\/wp\/v2\/product_brand?post=159499"},{"taxonomy":"product_cat","embeddable":true,"href":"https:\/\/www.csj-emballages.com\/es\/wp-json\/wp\/v2\/product_cat?post=159499"},{"taxonomy":"product_tag","embeddable":true,"href":"https:\/\/www.csj-emballages.com\/es\/wp-json\/wp\/v2\/product_tag?post=159499"}],"curies":[{"name":"wp","href":"https:\/\/api.w.org\/{rel}","templated":true}]}}