{"id":126780,"date":"2024-03-01T16:55:52","date_gmt":"2024-03-01T15:55:52","guid":{"rendered":"https:\/\/www.csj-emballages.com\/produit\/25-cajas-de-pasteleria-sensation-en-cartulina-de-color-33-x-5-cm\/"},"modified":"2026-05-06T09:00:58","modified_gmt":"2026-05-06T07:00:58","slug":"25-cajas-de-pasteleria-sensation-en-cartulina-de-color-33-x-5-cm","status":"publish","type":"product","link":"https:\/\/www.csj-emballages.com\/es\/produit\/25-cajas-de-pasteleria-sensation-en-cartulina-de-color-33-x-5-cm\/","title":{"rendered":"Caja de pasteler\u00eda de cart\u00f3n de color Lecci\u00f3n 33 x 5 cm por 25"},"content":{"rendered":"<h2>Caja para pasteles<\/h2>\n<hr>\n<h3>Descripci\u00f3n de nuestra caja de pasteler\u00eda de cart\u00f3n de color Lecci\u00f3n 33 x 5 cm por 25<\/h3>\n<p><!--more--><\/p>\n<p data-start=\"28\" data-end=\"427\">A\u00f1ada un toque de elegancia y practicidad a sus presentaciones con esta <strong data-start=\"106\" data-end=\"161\">caja de pasteler\u00eda de cart\u00f3n de 33 x 5 cm de color \u00abLecci\u00f3n<\/strong>\u00ab. Dise\u00f1ada para <strong data-start=\"179\" data-end=\"218\">pasteleros, restauradores y panaderos<\/strong>, es ideal para envasar y transportar con seguridad sus pasteles, tartas y entremeses. Su dise\u00f1o refinado y colorido realza sus creaciones gastron\u00f3micas al tiempo que ofrece una protecci\u00f3n \u00f3ptima. Fabricado en <strong data-start=\"442\" data-end=\"459\">cart\u00f3n r\u00edgido<\/strong>, ofrece una excelente resistencia a los golpes y preserva la integridad de sus pasteles. Gracias a su pr\u00e1ctico dise\u00f1o, es <strong data-start=\"593\" data-end=\"613\">f\u00e1cil de montar<\/strong> y se cierra de forma segura para un transporte sin riesgos. Su formato alargado es especialmente adecuado para troncos, milhojas y otros postres rectangulares.     <\/p>\n<p data-start=\"780\" data-end=\"971\">Tanto si es un profesional como un particular apasionado de la reposter\u00eda, esta caja es una soluci\u00f3n a la vez atractiva y funcional para realzar y proteger sus dulces manjares.<\/p>\n<p>&nbsp;<\/p>\n<p><!--more--><\/p>\n<p>Ofrezca a sus clientes una experiencia \u00fanica con estas <strong>cajas para pasteler\u00eda Le\u00e7on 33&#215;5 cm<\/strong>, que combinan estilo, practicidad y respeto por el planeta.<\/p>\n<p>&nbsp;<\/p>\n<p><!--more--><\/p>\n<p><strong>Sus ventajas:<\/strong><\/p>\n<ul>\n<li data-start=\"1142\" data-end=\"1224\"><strong data-start=\"1144\" data-end=\"1172\">Dise\u00f1o colorido y elegante<\/strong> para lucir sus pasteles de la mejor manera.<\/li>\n<li data-start=\"1225\" data-end=\"1289\"><strong data-start=\"1227\" data-end=\"1257\">Cart\u00f3n resistente y r\u00edgido<\/strong> para una m\u00e1xima protecci\u00f3n.<\/li>\n<li data-start=\"1290\" data-end=\"1359\"><strong data-start=\"1292\" data-end=\"1323\">F\u00e1cil de montar y cerrar<\/strong> para un uso r\u00e1pido y pr\u00e1ctico.<\/li>\n<li data-start=\"1360\" data-end=\"1429\"><strong data-start=\"1362\" data-end=\"1380\">Peque\u00f1a altura<\/strong>, perfecta para tartas.<\/li>\n<li data-start=\"1430\" data-end=\"1517\" data-is-last-node=\"\">Apto <strong data-start=\"1432\" data-end=\"1479\">para profesionales y particulares<\/strong> para todas sus creaciones gourmet.<\/li>\n<\/ul>\n<p>&nbsp;<\/p>\n<p><!--more--><\/p>\n<p>Este producto tambi\u00e9n est\u00e1 disponible en formato caja con asa: <span style=\"color: #d12727;\"><a style=\"color: #d12727;\" href=\"https:\/\/www.csj-emballages.com\/es\/categorie-produit\/envasado-de-alimentos\/panaderia-y-pasteleria\/cajas-es-3\/estuches-de-reposteria-con-asas\/estuches-de-reposteria-de-colores\/\">Estuches de pasteler\u00eda Le\u00e7on<\/a><\/span><\/p>\n<p>&nbsp;<\/p>\n<p><!--more--><\/p>\n<p><a href=\"https:\/\/www.csj-emballages.com\/es\/categorie-produit\/envasado-de-alimentos\/panaderia-y-pasteleria\/cajas-y-estuches\/cajas-para-pasteles\/cajas-de-pasteles-de-colores\/\">Ver el resto de nuestra gama de coloridas cajas para pasteler\u00eda<\/a><\/p>\n","protected":false},"excerpt":{"rendered":"<p>Caja para pasteles Descripci\u00f3n de nuestra caja de pasteler\u00eda de cart\u00f3n de color Lecci\u00f3n 33 x 5 cm por 25<\/p>\n","protected":false},"featured_media":227843,"template":"","meta":{"_acf_changed":false},"product_brand":[],"product_cat":[1150,1145,3868,1259,1266,9269,1270],"product_tag":[],"class_list":{"0":"post-126780","1":"product","2":"type-product","3":"status-publish","4":"has-post-thumbnail","6":"product_cat-envasado-de-alimentos","7":"product_cat-panaderia-y-pasteleria","8":"product_cat-cajas-y-estuches","9":"product_cat-cajas-para-pasteles","10":"product_cat-cajas-de-pasteles-de-colores","11":"product_cat-cajas-de-pasteles-de-colores-leccion","12":"product_cat-descuentos","14":"first","15":"instock","16":"sale","17":"taxable","18":"shipping-taxable","19":"purchasable","20":"product-type-simple"},"acf":[],"yoast_head":"<!-- This site is optimized with the Yoast SEO Premium plugin v26.6 (Yoast SEO v26.6) - https:\/\/yoast.com\/wordpress\/plugins\/seo\/ -->\n<title>Pastelera de colores 33 x 5 cm por 25<\/title>\n<meta name=\"description\" content=\"Pastelera &quot;Le\u00e7on&quot; en cartulina de color 33 x 5 cm. Ideal para transportar y proteger sus tartas. Se venden en paquetes de 25 unidades.\" \/>\n<meta name=\"robots\" content=\"index, follow, max-snippet:-1, max-image-preview:large, max-video-preview:-1\" \/>\n<link rel=\"canonical\" href=\"https:\/\/www.csj-emballages.com\/es\/produit\/25-cajas-de-pasteleria-sensation-en-cartulina-de-color-33-x-5-cm\/\" \/>\n<meta property=\"og:locale\" content=\"es_ES\" \/>\n<meta property=\"og:type\" content=\"article\" \/>\n<meta property=\"og:title\" content=\"Caja de pasteler\u00eda de cart\u00f3n de color Lecci\u00f3n 33 x 5 cm por 25\" \/>\n<meta property=\"og:description\" content=\"Pastelera &quot;Le\u00e7on&quot; en cartulina de color 33 x 5 cm. Ideal para transportar y proteger sus tartas. Se venden en paquetes de 25 unidades.\" \/>\n<meta property=\"og:url\" content=\"https:\/\/www.csj-emballages.com\/es\/produit\/25-cajas-de-pasteleria-sensation-en-cartulina-de-color-33-x-5-cm\/\" \/>\n<meta property=\"og:site_name\" content=\"CSJ Emballages\" \/>\n<meta property=\"article:publisher\" content=\"https:\/\/www.facebook.com\/csjemballages\" \/>\n<meta property=\"article:modified_time\" content=\"2026-05-06T07:00:58+00:00\" \/>\n<meta property=\"og:image\" content=\"https:\/\/www.csj-emballages.com\/wp-content\/uploads\/2024\/03\/BTPLecon.webp\" \/>\n\t<meta property=\"og:image:width\" content=\"800\" \/>\n\t<meta property=\"og:image:height\" content=\"800\" \/>\n\t<meta property=\"og:image:type\" content=\"image\/webp\" \/>\n<meta name=\"twitter:card\" content=\"summary_large_image\" \/>\n<meta name=\"twitter:label1\" content=\"Tiempo de lectura\" \/>\n\t<meta name=\"twitter:data1\" content=\"1 minuto\" \/>\n<script type=\"application\/ld+json\" class=\"yoast-schema-graph\">{\"@context\":\"https:\/\/schema.org\",\"@graph\":[{\"@type\":\"WebPage\",\"@id\":\"https:\/\/www.csj-emballages.com\/es\/produit\/25-cajas-de-pasteleria-sensation-en-cartulina-de-color-33-x-5-cm\/\",\"url\":\"https:\/\/www.csj-emballages.com\/es\/produit\/25-cajas-de-pasteleria-sensation-en-cartulina-de-color-33-x-5-cm\/\",\"name\":\"Pastelera de colores 33 x 5 cm por 25\",\"isPartOf\":{\"@id\":\"https:\/\/www.csj-emballages.com\/es\/#website\"},\"primaryImageOfPage\":{\"@id\":\"https:\/\/www.csj-emballages.com\/es\/produit\/25-cajas-de-pasteleria-sensation-en-cartulina-de-color-33-x-5-cm\/#primaryimage\"},\"image\":{\"@id\":\"https:\/\/www.csj-emballages.com\/es\/produit\/25-cajas-de-pasteleria-sensation-en-cartulina-de-color-33-x-5-cm\/#primaryimage\"},\"thumbnailUrl\":\"https:\/\/www.csj-emballages.com\/wp-content\/uploads\/2024\/03\/BTPLecon.webp\",\"datePublished\":\"2024-03-01T15:55:52+00:00\",\"dateModified\":\"2026-05-06T07:00:58+00:00\",\"description\":\"Pastelera \\\"Le\u00e7on\\\" en cartulina de color 33 x 5 cm. Ideal para transportar y proteger sus tartas. Se venden en paquetes de 25 unidades.\",\"breadcrumb\":{\"@id\":\"https:\/\/www.csj-emballages.com\/es\/produit\/25-cajas-de-pasteleria-sensation-en-cartulina-de-color-33-x-5-cm\/#breadcrumb\"},\"inLanguage\":\"es\",\"potentialAction\":[{\"@type\":\"ReadAction\",\"target\":[\"https:\/\/www.csj-emballages.com\/es\/produit\/25-cajas-de-pasteleria-sensation-en-cartulina-de-color-33-x-5-cm\/\"]}]},{\"@type\":\"ImageObject\",\"inLanguage\":\"es\",\"@id\":\"https:\/\/www.csj-emballages.com\/es\/produit\/25-cajas-de-pasteleria-sensation-en-cartulina-de-color-33-x-5-cm\/#primaryimage\",\"url\":\"https:\/\/www.csj-emballages.com\/wp-content\/uploads\/2024\/03\/BTPLecon.webp\",\"contentUrl\":\"https:\/\/www.csj-emballages.com\/wp-content\/uploads\/2024\/03\/BTPLecon.webp\",\"width\":800,\"height\":800,\"caption\":\"Boite p\u00e2tissi\u00e8re\u00a0\"},{\"@type\":\"BreadcrumbList\",\"@id\":\"https:\/\/www.csj-emballages.com\/es\/produit\/25-cajas-de-pasteleria-sensation-en-cartulina-de-color-33-x-5-cm\/#breadcrumb\",\"itemListElement\":[{\"@type\":\"ListItem\",\"position\":1,\"name\":\"Accueil\",\"item\":\"https:\/\/www.csj-emballages.com\/es\/universo-del-envasado-alimentario\/\"},{\"@type\":\"ListItem\",\"position\":2,\"name\":\"Tienda\",\"item\":\"https:\/\/www.csj-emballages.com\/tienda\/\"},{\"@type\":\"ListItem\",\"position\":3,\"name\":\"Caja de pasteler\u00eda de cart\u00f3n de color Lecci\u00f3n 33 x 5 cm por 25\"}]},{\"@type\":\"WebSite\",\"@id\":\"https:\/\/www.csj-emballages.com\/es\/#website\",\"url\":\"https:\/\/www.csj-emballages.com\/es\/\",\"name\":\"CSJ Emballages\",\"description\":\"\",\"publisher\":{\"@id\":\"https:\/\/www.csj-emballages.com\/es\/#organization\"},\"potentialAction\":[{\"@type\":\"SearchAction\",\"target\":{\"@type\":\"EntryPoint\",\"urlTemplate\":\"https:\/\/www.csj-emballages.com\/es\/?s={search_term_string}\"},\"query-input\":{\"@type\":\"PropertyValueSpecification\",\"valueRequired\":true,\"valueName\":\"search_term_string\"}}],\"inLanguage\":\"es\"},{\"@type\":\"Organization\",\"@id\":\"https:\/\/www.csj-emballages.com\/es\/#Organization\/\",\"name\":\"CSJ Emballages\",\"url\":\"https:\/\/www.csj-emballages.com\/es\/\",\"logo\":{\"@type\":\"ImageObject\",\"inLanguage\":\"es\",\"@id\":\"https:\/\/www.csj-emballages.com\/es\/#\/schema\/logo\/image\/\",\"url\":\"https:\/\/www.csj-emballages.com\/wp-content\/uploads\/2023\/10\/logo_csj.webp\",\"contentUrl\":\"https:\/\/www.csj-emballages.com\/wp-content\/uploads\/2023\/10\/logo_csj.webp\",\"width\":250,\"height\":95,\"caption\":\"CSJ Emballages\"},\"image\":{\"@id\":\"https:\/\/www.csj-emballages.com\/es\/#\/schema\/logo\/image\/\"},\"sameAs\":[\"https:\/\/www.facebook.com\/csjemballages\"],\"address\":{\"@type\":\"PostalAddress\",\"streetAddress\":\"ZI La Lechere\",\"addressLocality\":\"Patornay\",\"postalCode\":\"39130\",\"addressCountry\":\"FR\"},\"contactPoint\":[{\"@type\":\"ContactPoint\",\"contactType\":\"Service client\",\"telephone\":\"0384254272\",\"email\":\"contact@csj-emballages.com\"}]}]}<\/script>\n<!-- \/ Yoast SEO Premium plugin. -->","yoast_head_json":{"title":"Pastelera de colores 33 x 5 cm por 25","description":"Pastelera \"Le\u00e7on\" en cartulina de color 33 x 5 cm. Ideal para transportar y proteger sus tartas. Se venden en paquetes de 25 unidades.","robots":{"index":"index","follow":"follow","max-snippet":"max-snippet:-1","max-image-preview":"max-image-preview:large","max-video-preview":"max-video-preview:-1"},"canonical":"https:\/\/www.csj-emballages.com\/es\/produit\/25-cajas-de-pasteleria-sensation-en-cartulina-de-color-33-x-5-cm\/","og_locale":"es_ES","og_type":"article","og_title":"Caja de pasteler\u00eda de cart\u00f3n de color Lecci\u00f3n 33 x 5 cm por 25","og_description":"Pastelera \"Le\u00e7on\" en cartulina de color 33 x 5 cm. Ideal para transportar y proteger sus tartas. Se venden en paquetes de 25 unidades.","og_url":"https:\/\/www.csj-emballages.com\/es\/produit\/25-cajas-de-pasteleria-sensation-en-cartulina-de-color-33-x-5-cm\/","og_site_name":"CSJ Emballages","article_publisher":"https:\/\/www.facebook.com\/csjemballages","article_modified_time":"2026-05-06T07:00:58+00:00","og_image":[{"width":800,"height":800,"url":"https:\/\/www.csj-emballages.com\/wp-content\/uploads\/2024\/03\/BTPLecon.webp","type":"image\/webp"}],"twitter_card":"summary_large_image","twitter_misc":{"Tiempo de lectura":"1 minuto"},"schema":{"@context":"https:\/\/schema.org","@graph":[{"@type":"WebPage","@id":"https:\/\/www.csj-emballages.com\/es\/produit\/25-cajas-de-pasteleria-sensation-en-cartulina-de-color-33-x-5-cm\/","url":"https:\/\/www.csj-emballages.com\/es\/produit\/25-cajas-de-pasteleria-sensation-en-cartulina-de-color-33-x-5-cm\/","name":"Pastelera de colores 33 x 5 cm por 25","isPartOf":{"@id":"https:\/\/www.csj-emballages.com\/es\/#website"},"primaryImageOfPage":{"@id":"https:\/\/www.csj-emballages.com\/es\/produit\/25-cajas-de-pasteleria-sensation-en-cartulina-de-color-33-x-5-cm\/#primaryimage"},"image":{"@id":"https:\/\/www.csj-emballages.com\/es\/produit\/25-cajas-de-pasteleria-sensation-en-cartulina-de-color-33-x-5-cm\/#primaryimage"},"thumbnailUrl":"https:\/\/www.csj-emballages.com\/wp-content\/uploads\/2024\/03\/BTPLecon.webp","datePublished":"2024-03-01T15:55:52+00:00","dateModified":"2026-05-06T07:00:58+00:00","description":"Pastelera \"Le\u00e7on\" en cartulina de color 33 x 5 cm. Ideal para transportar y proteger sus tartas. Se venden en paquetes de 25 unidades.","breadcrumb":{"@id":"https:\/\/www.csj-emballages.com\/es\/produit\/25-cajas-de-pasteleria-sensation-en-cartulina-de-color-33-x-5-cm\/#breadcrumb"},"inLanguage":"es","potentialAction":[{"@type":"ReadAction","target":["https:\/\/www.csj-emballages.com\/es\/produit\/25-cajas-de-pasteleria-sensation-en-cartulina-de-color-33-x-5-cm\/"]}]},{"@type":"ImageObject","inLanguage":"es","@id":"https:\/\/www.csj-emballages.com\/es\/produit\/25-cajas-de-pasteleria-sensation-en-cartulina-de-color-33-x-5-cm\/#primaryimage","url":"https:\/\/www.csj-emballages.com\/wp-content\/uploads\/2024\/03\/BTPLecon.webp","contentUrl":"https:\/\/www.csj-emballages.com\/wp-content\/uploads\/2024\/03\/BTPLecon.webp","width":800,"height":800,"caption":"Boite p\u00e2tissi\u00e8re\u00a0"},{"@type":"BreadcrumbList","@id":"https:\/\/www.csj-emballages.com\/es\/produit\/25-cajas-de-pasteleria-sensation-en-cartulina-de-color-33-x-5-cm\/#breadcrumb","itemListElement":[{"@type":"ListItem","position":1,"name":"Accueil","item":"https:\/\/www.csj-emballages.com\/es\/universo-del-envasado-alimentario\/"},{"@type":"ListItem","position":2,"name":"Tienda","item":"https:\/\/www.csj-emballages.com\/tienda\/"},{"@type":"ListItem","position":3,"name":"Caja de pasteler\u00eda de cart\u00f3n de color Lecci\u00f3n 33 x 5 cm por 25"}]},{"@type":"WebSite","@id":"https:\/\/www.csj-emballages.com\/es\/#website","url":"https:\/\/www.csj-emballages.com\/es\/","name":"CSJ Emballages","description":"","publisher":{"@id":"https:\/\/www.csj-emballages.com\/es\/#organization"},"potentialAction":[{"@type":"SearchAction","target":{"@type":"EntryPoint","urlTemplate":"https:\/\/www.csj-emballages.com\/es\/?s={search_term_string}"},"query-input":{"@type":"PropertyValueSpecification","valueRequired":true,"valueName":"search_term_string"}}],"inLanguage":"es"},{"@type":"Organization","@id":"https:\/\/www.csj-emballages.com\/es\/#Organization\/","name":"CSJ Emballages","url":"https:\/\/www.csj-emballages.com\/es\/","logo":{"@type":"ImageObject","inLanguage":"es","@id":"https:\/\/www.csj-emballages.com\/es\/#\/schema\/logo\/image\/","url":"https:\/\/www.csj-emballages.com\/wp-content\/uploads\/2023\/10\/logo_csj.webp","contentUrl":"https:\/\/www.csj-emballages.com\/wp-content\/uploads\/2023\/10\/logo_csj.webp","width":250,"height":95,"caption":"CSJ Emballages"},"image":{"@id":"https:\/\/www.csj-emballages.com\/es\/#\/schema\/logo\/image\/"},"sameAs":["https:\/\/www.facebook.com\/csjemballages"],"address":{"@type":"PostalAddress","streetAddress":"ZI La Lechere","addressLocality":"Patornay","postalCode":"39130","addressCountry":"FR"},"contactPoint":[{"@type":"ContactPoint","contactType":"Service client","telephone":"0384254272","email":"contact@csj-emballages.com"}]}]}},"df_price":14.76,"df_sale_price":14.76,"df_regular_price":16.4,"df_image_link":"https:\/\/www.csj-emballages.com\/wp-content\/uploads\/2024\/03\/BTPLecon-300x300.webp","tiered_pricing_type":"fixed","tiered_pricing_fixed_rules":[],"tiered_pricing_percentage_rules":[],"tiered_pricing_minimum":1,"tiered_pricing_roles_data":[],"_links":{"self":[{"href":"https:\/\/www.csj-emballages.com\/es\/wp-json\/wp\/v2\/product\/126780","targetHints":{"allow":["GET"]}}],"collection":[{"href":"https:\/\/www.csj-emballages.com\/es\/wp-json\/wp\/v2\/product"}],"about":[{"href":"https:\/\/www.csj-emballages.com\/es\/wp-json\/wp\/v2\/types\/product"}],"wp:featuredmedia":[{"embeddable":true,"href":"https:\/\/www.csj-emballages.com\/es\/wp-json\/wp\/v2\/media\/227843"}],"wp:attachment":[{"href":"https:\/\/www.csj-emballages.com\/es\/wp-json\/wp\/v2\/media?parent=126780"}],"wp:term":[{"taxonomy":"product_brand","embeddable":true,"href":"https:\/\/www.csj-emballages.com\/es\/wp-json\/wp\/v2\/product_brand?post=126780"},{"taxonomy":"product_cat","embeddable":true,"href":"https:\/\/www.csj-emballages.com\/es\/wp-json\/wp\/v2\/product_cat?post=126780"},{"taxonomy":"product_tag","embeddable":true,"href":"https:\/\/www.csj-emballages.com\/es\/wp-json\/wp\/v2\/product_tag?post=126780"}],"curies":[{"name":"wp","href":"https:\/\/api.w.org\/{rel}","templated":true}]}}