{"id":126779,"date":"2024-03-01T16:55:47","date_gmt":"2024-03-01T15:55:47","guid":{"rendered":"https:\/\/www.csj-emballages.com\/produit\/50-cajas-de-carton-kraft-637-x-420-x-90-mm\/"},"modified":"2026-05-07T02:12:58","modified_gmt":"2026-05-07T00:12:58","slug":"50-cajas-de-carton-kraft-637-x-420-x-90-mm","status":"publish","type":"product","link":"https:\/\/www.csj-emballages.com\/es\/produit\/50-cajas-de-carton-kraft-637-x-420-x-90-mm\/","title":{"rendered":"Caja de cart\u00f3n kraft 658 x 425 x 95 mm exterior por 50"},"content":{"rendered":"<h2 class=\"p1 ai-optimize-38 ai-optimize-introduction\">Caja de cart\u00f3n<\/h2>\n<hr>\n<h3 class=\"ai-optimize-27\">Descripci\u00f3n de nuestra caja de cart\u00f3n kraft 658 x 425 x 95 mm exterior por 50<\/h3>\n<p><!--more--><\/p>\n<p class=\"ai-optimize-28 ai-optimize-introduction\">Descubra nuestras <strong>cajas de cart\u00f3n kraft<\/strong> <strong>de 637 x 420 x 90 mm<\/strong>, la elecci\u00f3n ideal para sus necesidades de almacenamiento y presentaci\u00f3n. Dise\u00f1adas con todo detalle, son robustas y garantizan una protecci\u00f3n \u00f3ptima de sus productos. Estas cajas son perfectas para transportar frutas, verduras y mucho m\u00e1s. Su dise\u00f1o en kraft natural es respetuoso con el medio ambiente y est\u00e9ticamente agradable. Apreciar\u00e1 su capacidad para resistir los golpes, preservando la frescura de sus productos.    <\/p>\n<p class=\"ai-optimize-29\">Con unas generosas dimensiones de <strong>637 x 420 x 90 mm<\/strong>, hay espacio de sobra para organizar sus objetos de forma eficaz. Su construcci\u00f3n ligera facilita su transporte y garantiza una durabilidad excepcional. Adem\u00e1s, pueden apilarse para maximizar el espacio de almacenamiento. Ya sea para mercados, charcuter\u00edas o distribuci\u00f3n, estas cajas satisfar\u00e1n perfectamente sus necesidades.   <\/p>\n<p class=\"ai-optimize-30\">F\u00e1ciles de montar, est\u00e1n listos para usar en un abrir y cerrar de ojos, simplificando tu log\u00edstica.<\/p>\n<p>&nbsp;<\/p>\n<p><!--more--><\/p>\n<p class=\"ai-optimize-31\">Su superficie lisa permite un etiquetado claro, ideal para la trazabilidad. En resumen, al elegir estas <strong>cajas de cart\u00f3n kraft<\/strong>, est\u00e1 optando por una soluci\u00f3n que respeta el medio ambiente, al tiempo que mejora el valor de sus productos. <\/p>\n<p>&nbsp;<\/p>\n<p><!--more--><\/p>\n<p class=\"ai-optimize-32\"><strong>Sus ventajas:<\/strong><\/p>\n<ul>\n<li class=\"ai-optimize-33\"><strong>Robustez<\/strong>: Fabricadas con cart\u00f3n kraft de alta calidad, son resistentes a los golpes y protegen eficazmente tus productos.<\/li>\n<li class=\"ai-optimize-34\"><strong>Dimensiones optimizadas<\/strong>: Con unas dimensiones de 658 x 425 x 95 mm, ofrecen un amplio espacio para una gran variedad de productos.<\/li>\n<li class=\"ai-optimize-35\"><strong>Est\u00e9tica natural<\/strong>: El acabado kraft realza los productos expuestos.<\/li>\n<li class=\"ai-optimize-36\"><strong>Respetuosas con el medio ambiente<\/strong>: fabricadas con materiales reciclables, cumplen las expectativas en materia de desarrollo sostenible.<\/li>\n<\/ul>\n<p>&nbsp;<\/p>\n<p><!--more--><\/p>\n<h4 class=\"ai-optimize-41\">Informaci\u00f3n adicional :<\/h4>\n<ul>\n<li class=\"ai-optimize-42\"><strong>Envase<\/strong>: Paquete de 50<\/li>\n<li class=\"ai-optimize-43\"><strong>Dimensiones<\/strong>: 658 x 425 x 95 mm<\/li>\n<li class=\"ai-optimize-44\"><strong>Color<\/strong>: Kraft<\/li>\n<li class=\"ai-optimize-45\"><strong>Material<\/strong>: Cart\u00f3n<\/li>\n<\/ul>\n<p>&nbsp;<\/p>\n<p><!--more--><\/p>\n<p class=\"ai-optimize-37\"><a href=\"https:\/\/www.csj-emballages.com\/es\/categorie-produit\/envasado-de-alimentos\/carniceria-y-charcuteria\/bandejas-latas-y-tarros\/\">Ver el resto de nuestra gama de bandejas, latas y tarros<\/a><\/p>\n","protected":false},"excerpt":{"rendered":"<p>Caja de cart\u00f3n Descripci\u00f3n de nuestra caja de cart\u00f3n kraft 658 x 425 x 95 mm exterior por 50<\/p>\n","protected":false},"featured_media":237542,"template":"","meta":{"_acf_changed":false},"product_brand":[],"product_cat":[1143,3834],"product_tag":[],"class_list":{"0":"post-126779","1":"product","2":"type-product","3":"status-publish","4":"has-post-thumbnail","6":"product_cat-carniceria-y-charcuteria","7":"product_cat-cajas-es-2","8":"product_shipping_class-no-permitido-en-reles","10":"first","11":"instock","12":"taxable","13":"shipping-taxable","14":"purchasable","15":"product-type-simple"},"acf":[],"yoast_head":"<!-- This site is optimized with the Yoast SEO Premium plugin v26.6 (Yoast SEO v26.6) - https:\/\/yoast.com\/wordpress\/plugins\/seo\/ -->\n<title>Cajas de cart\u00f3n kraft \/ CSJ Emballages<\/title>\n<meta name=\"description\" content=\"\u00a1Compra cajas de cart\u00f3n kraft! Dimensiones: 637 x 420 x 90 mm. Envasadas en paquetes de 50 cajas. \u00a1Ya disponibles en nuestro sitio web!\" \/>\n<meta name=\"robots\" content=\"index, follow, max-snippet:-1, max-image-preview:large, max-video-preview:-1\" \/>\n<link rel=\"canonical\" href=\"https:\/\/www.csj-emballages.com\/es\/produit\/50-cajas-de-carton-kraft-637-x-420-x-90-mm\/\" \/>\n<meta property=\"og:locale\" content=\"es_ES\" \/>\n<meta property=\"og:type\" content=\"article\" \/>\n<meta property=\"og:title\" content=\"Caja de cart\u00f3n kraft 658 x 425 x 95 mm exterior por 50\" \/>\n<meta property=\"og:description\" content=\"\u00a1Compra cajas de cart\u00f3n kraft! Dimensiones: 637 x 420 x 90 mm. Envasadas en paquetes de 50 cajas. \u00a1Ya disponibles en nuestro sitio web!\" \/>\n<meta property=\"og:url\" content=\"https:\/\/www.csj-emballages.com\/es\/produit\/50-cajas-de-carton-kraft-637-x-420-x-90-mm\/\" \/>\n<meta property=\"og:site_name\" content=\"CSJ Emballages\" \/>\n<meta property=\"article:publisher\" content=\"https:\/\/www.facebook.com\/csjemballages\" \/>\n<meta property=\"article:modified_time\" content=\"2026-05-07T00:12:58+00:00\" \/>\n<meta property=\"og:image\" content=\"https:\/\/www.csj-emballages.com\/wp-content\/uploads\/2024\/03\/CAGN2.webp\" \/>\n\t<meta property=\"og:image:width\" content=\"800\" \/>\n\t<meta property=\"og:image:height\" content=\"800\" \/>\n\t<meta property=\"og:image:type\" content=\"image\/webp\" \/>\n<meta name=\"twitter:card\" content=\"summary_large_image\" \/>\n<meta name=\"twitter:label1\" content=\"Tiempo de lectura\" \/>\n\t<meta name=\"twitter:data1\" content=\"2 minutos\" \/>\n<script type=\"application\/ld+json\" class=\"yoast-schema-graph\">{\"@context\":\"https:\/\/schema.org\",\"@graph\":[{\"@type\":\"WebPage\",\"@id\":\"https:\/\/www.csj-emballages.com\/es\/produit\/50-cajas-de-carton-kraft-637-x-420-x-90-mm\/\",\"url\":\"https:\/\/www.csj-emballages.com\/es\/produit\/50-cajas-de-carton-kraft-637-x-420-x-90-mm\/\",\"name\":\"Cajas de cart\u00f3n kraft \/ CSJ Emballages\",\"isPartOf\":{\"@id\":\"https:\/\/www.csj-emballages.com\/es\/#website\"},\"primaryImageOfPage\":{\"@id\":\"https:\/\/www.csj-emballages.com\/es\/produit\/50-cajas-de-carton-kraft-637-x-420-x-90-mm\/#primaryimage\"},\"image\":{\"@id\":\"https:\/\/www.csj-emballages.com\/es\/produit\/50-cajas-de-carton-kraft-637-x-420-x-90-mm\/#primaryimage\"},\"thumbnailUrl\":\"https:\/\/www.csj-emballages.com\/wp-content\/uploads\/2024\/03\/CAGN2.webp\",\"datePublished\":\"2024-03-01T15:55:47+00:00\",\"dateModified\":\"2026-05-07T00:12:58+00:00\",\"description\":\"\u00a1Compra cajas de cart\u00f3n kraft! Dimensiones: 637 x 420 x 90 mm. Envasadas en paquetes de 50 cajas. \u00a1Ya disponibles en nuestro sitio web!\",\"breadcrumb\":{\"@id\":\"https:\/\/www.csj-emballages.com\/es\/produit\/50-cajas-de-carton-kraft-637-x-420-x-90-mm\/#breadcrumb\"},\"inLanguage\":\"es\",\"potentialAction\":[{\"@type\":\"ReadAction\",\"target\":[\"https:\/\/www.csj-emballages.com\/es\/produit\/50-cajas-de-carton-kraft-637-x-420-x-90-mm\/\"]}]},{\"@type\":\"ImageObject\",\"inLanguage\":\"es\",\"@id\":\"https:\/\/www.csj-emballages.com\/es\/produit\/50-cajas-de-carton-kraft-637-x-420-x-90-mm\/#primaryimage\",\"url\":\"https:\/\/www.csj-emballages.com\/wp-content\/uploads\/2024\/03\/CAGN2.webp\",\"contentUrl\":\"https:\/\/www.csj-emballages.com\/wp-content\/uploads\/2024\/03\/CAGN2.webp\",\"width\":800,\"height\":800,\"caption\":\"Cagette carton\u00a0\"},{\"@type\":\"BreadcrumbList\",\"@id\":\"https:\/\/www.csj-emballages.com\/es\/produit\/50-cajas-de-carton-kraft-637-x-420-x-90-mm\/#breadcrumb\",\"itemListElement\":[{\"@type\":\"ListItem\",\"position\":1,\"name\":\"Accueil\",\"item\":\"https:\/\/www.csj-emballages.com\/es\/universo-del-envasado-alimentario\/\"},{\"@type\":\"ListItem\",\"position\":2,\"name\":\"Tienda\",\"item\":\"https:\/\/www.csj-emballages.com\/tienda\/\"},{\"@type\":\"ListItem\",\"position\":3,\"name\":\"Caja de cart\u00f3n kraft 658 x 425 x 95 mm exterior por 50\"}]},{\"@type\":\"WebSite\",\"@id\":\"https:\/\/www.csj-emballages.com\/es\/#website\",\"url\":\"https:\/\/www.csj-emballages.com\/es\/\",\"name\":\"CSJ Emballages\",\"description\":\"\",\"publisher\":{\"@id\":\"https:\/\/www.csj-emballages.com\/es\/#organization\"},\"potentialAction\":[{\"@type\":\"SearchAction\",\"target\":{\"@type\":\"EntryPoint\",\"urlTemplate\":\"https:\/\/www.csj-emballages.com\/es\/?s={search_term_string}\"},\"query-input\":{\"@type\":\"PropertyValueSpecification\",\"valueRequired\":true,\"valueName\":\"search_term_string\"}}],\"inLanguage\":\"es\"},{\"@type\":\"Organization\",\"@id\":\"https:\/\/www.csj-emballages.com\/es\/#Organization\/\",\"name\":\"CSJ Emballages\",\"url\":\"https:\/\/www.csj-emballages.com\/es\/\",\"logo\":{\"@type\":\"ImageObject\",\"inLanguage\":\"es\",\"@id\":\"https:\/\/www.csj-emballages.com\/es\/#\/schema\/logo\/image\/\",\"url\":\"https:\/\/www.csj-emballages.com\/wp-content\/uploads\/2023\/10\/logo_csj.webp\",\"contentUrl\":\"https:\/\/www.csj-emballages.com\/wp-content\/uploads\/2023\/10\/logo_csj.webp\",\"width\":250,\"height\":95,\"caption\":\"CSJ Emballages\"},\"image\":{\"@id\":\"https:\/\/www.csj-emballages.com\/es\/#\/schema\/logo\/image\/\"},\"sameAs\":[\"https:\/\/www.facebook.com\/csjemballages\"],\"address\":{\"@type\":\"PostalAddress\",\"streetAddress\":\"ZI La Lechere\",\"addressLocality\":\"Patornay\",\"postalCode\":\"39130\",\"addressCountry\":\"FR\"},\"contactPoint\":[{\"@type\":\"ContactPoint\",\"contactType\":\"Service client\",\"telephone\":\"0384254272\",\"email\":\"contact@csj-emballages.com\"}]}]}<\/script>\n<!-- \/ Yoast SEO Premium plugin. -->","yoast_head_json":{"title":"Cajas de cart\u00f3n kraft \/ CSJ Emballages","description":"\u00a1Compra cajas de cart\u00f3n kraft! Dimensiones: 637 x 420 x 90 mm. Envasadas en paquetes de 50 cajas. \u00a1Ya disponibles en nuestro sitio web!","robots":{"index":"index","follow":"follow","max-snippet":"max-snippet:-1","max-image-preview":"max-image-preview:large","max-video-preview":"max-video-preview:-1"},"canonical":"https:\/\/www.csj-emballages.com\/es\/produit\/50-cajas-de-carton-kraft-637-x-420-x-90-mm\/","og_locale":"es_ES","og_type":"article","og_title":"Caja de cart\u00f3n kraft 658 x 425 x 95 mm exterior por 50","og_description":"\u00a1Compra cajas de cart\u00f3n kraft! Dimensiones: 637 x 420 x 90 mm. Envasadas en paquetes de 50 cajas. \u00a1Ya disponibles en nuestro sitio web!","og_url":"https:\/\/www.csj-emballages.com\/es\/produit\/50-cajas-de-carton-kraft-637-x-420-x-90-mm\/","og_site_name":"CSJ Emballages","article_publisher":"https:\/\/www.facebook.com\/csjemballages","article_modified_time":"2026-05-07T00:12:58+00:00","og_image":[{"width":800,"height":800,"url":"https:\/\/www.csj-emballages.com\/wp-content\/uploads\/2024\/03\/CAGN2.webp","type":"image\/webp"}],"twitter_card":"summary_large_image","twitter_misc":{"Tiempo de lectura":"2 minutos"},"schema":{"@context":"https:\/\/schema.org","@graph":[{"@type":"WebPage","@id":"https:\/\/www.csj-emballages.com\/es\/produit\/50-cajas-de-carton-kraft-637-x-420-x-90-mm\/","url":"https:\/\/www.csj-emballages.com\/es\/produit\/50-cajas-de-carton-kraft-637-x-420-x-90-mm\/","name":"Cajas de cart\u00f3n kraft \/ CSJ Emballages","isPartOf":{"@id":"https:\/\/www.csj-emballages.com\/es\/#website"},"primaryImageOfPage":{"@id":"https:\/\/www.csj-emballages.com\/es\/produit\/50-cajas-de-carton-kraft-637-x-420-x-90-mm\/#primaryimage"},"image":{"@id":"https:\/\/www.csj-emballages.com\/es\/produit\/50-cajas-de-carton-kraft-637-x-420-x-90-mm\/#primaryimage"},"thumbnailUrl":"https:\/\/www.csj-emballages.com\/wp-content\/uploads\/2024\/03\/CAGN2.webp","datePublished":"2024-03-01T15:55:47+00:00","dateModified":"2026-05-07T00:12:58+00:00","description":"\u00a1Compra cajas de cart\u00f3n kraft! Dimensiones: 637 x 420 x 90 mm. Envasadas en paquetes de 50 cajas. \u00a1Ya disponibles en nuestro sitio web!","breadcrumb":{"@id":"https:\/\/www.csj-emballages.com\/es\/produit\/50-cajas-de-carton-kraft-637-x-420-x-90-mm\/#breadcrumb"},"inLanguage":"es","potentialAction":[{"@type":"ReadAction","target":["https:\/\/www.csj-emballages.com\/es\/produit\/50-cajas-de-carton-kraft-637-x-420-x-90-mm\/"]}]},{"@type":"ImageObject","inLanguage":"es","@id":"https:\/\/www.csj-emballages.com\/es\/produit\/50-cajas-de-carton-kraft-637-x-420-x-90-mm\/#primaryimage","url":"https:\/\/www.csj-emballages.com\/wp-content\/uploads\/2024\/03\/CAGN2.webp","contentUrl":"https:\/\/www.csj-emballages.com\/wp-content\/uploads\/2024\/03\/CAGN2.webp","width":800,"height":800,"caption":"Cagette carton\u00a0"},{"@type":"BreadcrumbList","@id":"https:\/\/www.csj-emballages.com\/es\/produit\/50-cajas-de-carton-kraft-637-x-420-x-90-mm\/#breadcrumb","itemListElement":[{"@type":"ListItem","position":1,"name":"Accueil","item":"https:\/\/www.csj-emballages.com\/es\/universo-del-envasado-alimentario\/"},{"@type":"ListItem","position":2,"name":"Tienda","item":"https:\/\/www.csj-emballages.com\/tienda\/"},{"@type":"ListItem","position":3,"name":"Caja de cart\u00f3n kraft 658 x 425 x 95 mm exterior por 50"}]},{"@type":"WebSite","@id":"https:\/\/www.csj-emballages.com\/es\/#website","url":"https:\/\/www.csj-emballages.com\/es\/","name":"CSJ Emballages","description":"","publisher":{"@id":"https:\/\/www.csj-emballages.com\/es\/#organization"},"potentialAction":[{"@type":"SearchAction","target":{"@type":"EntryPoint","urlTemplate":"https:\/\/www.csj-emballages.com\/es\/?s={search_term_string}"},"query-input":{"@type":"PropertyValueSpecification","valueRequired":true,"valueName":"search_term_string"}}],"inLanguage":"es"},{"@type":"Organization","@id":"https:\/\/www.csj-emballages.com\/es\/#Organization\/","name":"CSJ Emballages","url":"https:\/\/www.csj-emballages.com\/es\/","logo":{"@type":"ImageObject","inLanguage":"es","@id":"https:\/\/www.csj-emballages.com\/es\/#\/schema\/logo\/image\/","url":"https:\/\/www.csj-emballages.com\/wp-content\/uploads\/2023\/10\/logo_csj.webp","contentUrl":"https:\/\/www.csj-emballages.com\/wp-content\/uploads\/2023\/10\/logo_csj.webp","width":250,"height":95,"caption":"CSJ Emballages"},"image":{"@id":"https:\/\/www.csj-emballages.com\/es\/#\/schema\/logo\/image\/"},"sameAs":["https:\/\/www.facebook.com\/csjemballages"],"address":{"@type":"PostalAddress","streetAddress":"ZI La Lechere","addressLocality":"Patornay","postalCode":"39130","addressCountry":"FR"},"contactPoint":[{"@type":"ContactPoint","contactType":"Service client","telephone":"0384254272","email":"contact@csj-emballages.com"}]}]}},"df_price":44.92,"df_sale_price":"","df_regular_price":44.92,"df_image_link":"https:\/\/www.csj-emballages.com\/wp-content\/uploads\/2024\/03\/CAGN2-300x300.webp","tiered_pricing_type":"fixed","tiered_pricing_fixed_rules":[],"tiered_pricing_percentage_rules":[],"tiered_pricing_minimum":1,"tiered_pricing_roles_data":[],"_links":{"self":[{"href":"https:\/\/www.csj-emballages.com\/es\/wp-json\/wp\/v2\/product\/126779","targetHints":{"allow":["GET"]}}],"collection":[{"href":"https:\/\/www.csj-emballages.com\/es\/wp-json\/wp\/v2\/product"}],"about":[{"href":"https:\/\/www.csj-emballages.com\/es\/wp-json\/wp\/v2\/types\/product"}],"wp:featuredmedia":[{"embeddable":true,"href":"https:\/\/www.csj-emballages.com\/es\/wp-json\/wp\/v2\/media\/237542"}],"wp:attachment":[{"href":"https:\/\/www.csj-emballages.com\/es\/wp-json\/wp\/v2\/media?parent=126779"}],"wp:term":[{"taxonomy":"product_brand","embeddable":true,"href":"https:\/\/www.csj-emballages.com\/es\/wp-json\/wp\/v2\/product_brand?post=126779"},{"taxonomy":"product_cat","embeddable":true,"href":"https:\/\/www.csj-emballages.com\/es\/wp-json\/wp\/v2\/product_cat?post=126779"},{"taxonomy":"product_tag","embeddable":true,"href":"https:\/\/www.csj-emballages.com\/es\/wp-json\/wp\/v2\/product_tag?post=126779"}],"curies":[{"name":"wp","href":"https:\/\/api.w.org\/{rel}","templated":true}]}}