{"id":126767,"date":"2024-03-01T16:55:50","date_gmt":"2024-03-01T15:55:50","guid":{"rendered":"https:\/\/www.csj-emballages.com\/produit\/50-cubos-de-carton-desechables-cubos-alas-de-pollo-250-litros\/"},"modified":"2026-03-12T16:18:23","modified_gmt":"2026-03-12T15:18:23","slug":"50-cubos-de-carton-desechables-cubos-alas-de-pollo-250-litros","status":"publish","type":"product","link":"https:\/\/www.csj-emballages.com\/es\/produit\/50-cubos-de-carton-desechables-cubos-alas-de-pollo-250-litros\/","title":{"rendered":"Cubo palomitas \/ pollo en cart\u00f3n 2,50 Litros por 50"},"content":{"rendered":"<h2>Pollo de cubo<\/h2>\n<hr>\n<h3>Descripci\u00f3n de nuestro cubo palomitas \/ pollo en cart\u00f3n 2,50 Litros por 50<\/h3>\n<p><!--more--><\/p>\n<p data-start=\"165\" data-end=\"477\">El <strong>cubo de cart\u00f3n para palomitas\/pollo de 2,5 litros<\/strong> es el envase perfecto para profesionales de la comida r\u00e1pida, food trucks, cines o puestos de aperitivos. Pr\u00e1ctico, resistente y atractivo, se ha dise\u00f1ado para ofrecer una soluci\u00f3n de envasado vers\u00e1til. <\/p>\n<p data-start=\"479\" data-end=\"818\">Con <strong>una capacidad de 2,5 litros<\/strong>, este <strong>cubo de<\/strong> cart\u00f3n facilita el servicio de generosas porciones de <strong>pollo<\/strong> <strong>frito<\/strong>, <strong>palomitas<\/strong>, <strong>nuggets<\/strong> o <strong>patatas fritas<\/strong>. Su construcci\u00f3n de <strong>cart\u00f3n<\/strong> grueso y r\u00edgido garantiza una excelente resistencia al calor y la grasa, al tiempo que mantiene los alimentos crujientes durante m\u00e1s tiempo. <\/p>\n<p data-start=\"820\" data-end=\"1168\">Asimismo, su dise\u00f1o sencillo y profesional se adapta a cualquier entorno: tanto si sirve en el local como para llevar, mostrar\u00e1 sus preparaciones de la mejor manera posible, al tiempo que garantiza a sus clientes la facilidad de uso. Su formato apilable permite ahorrar espacio de almacenamiento, una ventaja inestimable para las cocinas con mucho trabajo. <\/p>\n<p data-start=\"1170\" data-end=\"1488\">Otra ventaja significativa es que el <strong>cubo<\/strong> es <strong>respetuoso con el medio ambiente y reciclable<\/strong>, lo que lo convierte en parte de un enfoque responsable sin comprometer la calidad del servicio. Gracias a su composici\u00f3n sin pl\u00e1sticos, podr\u00e1 demostrar su compromiso con el medio ambiente al tiempo que satisface las expectativas de los consumidores modernos. <\/p>\n<p data-start=\"1490\" data-end=\"1710\">En resumen, este <strong>cubo de cart\u00f3n de 2,5 litros <\/strong>es la combinaci\u00f3n perfecta de practicidad, robustez y respeto por el medio ambiente. Es imprescindible para cualquier marca que busque combinar rendimiento con una imagen pulida. <\/p>\n<p data-start=\"1490\" data-end=\"1710\"><!--more--><\/p>\n<h4 data-start=\"1490\" data-end=\"1710\">Ventajas :<\/h4>\n<ul>\n<li data-start=\"1755\" data-end=\"1840\">Gran capacidad <strong data-start=\"1776\" data-end=\"1790\">de 2,5 litros<\/strong>, ideal para compartir o para men\u00fas gourmet.<\/li>\n<li data-start=\"1843\" data-end=\"1907\"><strong data-start=\"1845\" data-end=\"1875\">Cart\u00f3n r\u00edgido, resistente al<\/strong> calor y a la grasa.<\/li>\n<li data-start=\"1910\" data-end=\"1964\"><strong data-start=\"1912\" data-end=\"1925\">Apilables<\/strong> para un almacenamiento r\u00e1pido y sencillo.<\/li>\n<li data-start=\"1967\" data-end=\"2022\"><strong data-start=\"1969\" data-end=\"1983\">Ecol\u00f3gico<\/strong>, 100% reciclable y sin pl\u00e1stico.<\/li>\n<li data-start=\"2025\" data-end=\"2109\"><strong>Vers\u00e1til<\/strong>: apto para <strong data-start=\"2050\" data-end=\"2086\">pollo, palomitas, patatas fritas, nuggets<\/strong> y mucho m\u00e1s.<\/li>\n<\/ul>\n<p data-start=\"1490\" data-end=\"1710\"><!--more--><\/p>\n<h4>Informaci\u00f3n adicional :<\/h4>\n<ul>\n<li><strong>Embalaje<\/strong>: Paquete de 50 + tapas<\/li>\n<li><span style=\"text-indent: 0pt; font-weight: bold;\">Volumen<\/span><span style=\"text-indent: 0pt;\"> 2500 ml<\/span><\/li>\n<li><span style=\"text-indent: 0pt; font-weight: bold;\">Dimensiones<\/span><span style=\"text-indent: 0pt;\"> 180 mm x 140 mm x 150 mm (\u00d8 techo x \u00d8 fondo x H en mm)<\/span><\/li>\n<li><span style=\"text-indent: 0pt;\"> <\/span><span style=\"text-indent: 0pt;\"><span style=\"font-weight: bold;\">Material<\/span>: Cart\u00f3n<\/span><\/li>\n<\/ul>\n<p>&nbsp;<\/p>\n<p><!--more--><\/p>\n<p>Este cubo de 2,5 litros tambi\u00e9n est\u00e1 disponible en una versi\u00f3n de 4,5 litros: <span style=\"color: #d12727;\"><a style=\"color: #d12727;\" href=\"https:\/\/www.csj-emballages.com\/es\/produit\/50-cubos-de-carton-desechables-seaux-alas-de-pollo-450-litros\/\">BUCK150<\/a><\/span><\/p>\n<p>&nbsp;<\/p>\n<p><!--more--><\/p>\n<p><a href=\"https:\/\/www.csj-emballages.com\/es\/categorie-produit\/envasado-de-alimentos\/catering-es\/cajas-bandejas-bolsas-conos\/conos-y-ollas-de-pasta-envoltura-maiz\/cubos-es-2\/\">Ver el resto de nuestra gama de cubos<\/a><\/p>\n","protected":false},"excerpt":{"rendered":"<p>Pollo de cubo Descripci\u00f3n de nuestro cubo palomitas \/ pollo en cart\u00f3n 2,50 Litros por 50<\/p>\n","protected":false},"featured_media":220628,"template":"","meta":{"_acf_changed":false},"product_brand":[],"product_cat":[1150,1179,3878,2429,7539,2430],"product_tag":[],"class_list":{"0":"post-126767","1":"product","2":"type-product","3":"status-publish","4":"has-post-thumbnail","6":"product_cat-envasado-de-alimentos","7":"product_cat-catering-es","8":"product_cat-cajas-bandejas-bolsas-conos","9":"product_cat-conos-y-ollas-de-pasta-envoltura-maiz","10":"product_cat-cubos-es-2","11":"product_cat-ollas-para-palomitas","13":"first","14":"instock","15":"taxable","16":"shipping-taxable","17":"purchasable","18":"product-type-simple"},"acf":[],"yoast_head":"<!-- This site is optimized with the Yoast SEO Premium plugin v26.6 (Yoast SEO v26.6) - https:\/\/yoast.com\/wordpress\/plugins\/seo\/ -->\n<title>Cubo Palomitas \/ Pollo Cart\u00f3n 2,50 Litros por 50<\/title>\n<meta name=\"description\" content=\"\u00a1Descubra nuestro cubo para palomitas \/ pollo en cart\u00f3n de 2500 ml! Ideal para servir generosas porciones de pollo frito o palomitas.\" \/>\n<meta name=\"robots\" content=\"index, follow, max-snippet:-1, max-image-preview:large, max-video-preview:-1\" \/>\n<link rel=\"canonical\" href=\"https:\/\/www.csj-emballages.com\/es\/produit\/50-cubos-de-carton-desechables-cubos-alas-de-pollo-250-litros\/\" \/>\n<meta property=\"og:locale\" content=\"es_ES\" \/>\n<meta property=\"og:type\" content=\"article\" \/>\n<meta property=\"og:title\" content=\"Cubo palomitas \/ pollo en cart\u00f3n 2,50 Litros por 50\" \/>\n<meta property=\"og:description\" content=\"\u00a1Descubra nuestro cubo para palomitas \/ pollo en cart\u00f3n de 2500 ml! Ideal para servir generosas porciones de pollo frito o palomitas.\" \/>\n<meta property=\"og:url\" content=\"https:\/\/www.csj-emballages.com\/es\/produit\/50-cubos-de-carton-desechables-cubos-alas-de-pollo-250-litros\/\" \/>\n<meta property=\"og:site_name\" content=\"CSJ Emballages\" \/>\n<meta property=\"article:publisher\" content=\"https:\/\/www.facebook.com\/csjemballages\" \/>\n<meta property=\"article:modified_time\" content=\"2026-03-12T15:18:23+00:00\" \/>\n<meta property=\"og:image\" content=\"https:\/\/www.csj-emballages.com\/wp-content\/uploads\/2024\/03\/BUCK85-1.webp\" \/>\n\t<meta property=\"og:image:width\" content=\"800\" \/>\n\t<meta property=\"og:image:height\" content=\"800\" \/>\n\t<meta property=\"og:image:type\" content=\"image\/webp\" \/>\n<meta name=\"twitter:card\" content=\"summary_large_image\" \/>\n<meta name=\"twitter:label1\" content=\"Tiempo de lectura\" \/>\n\t<meta name=\"twitter:data1\" content=\"2 minutos\" \/>\n<script type=\"application\/ld+json\" class=\"yoast-schema-graph\">{\"@context\":\"https:\/\/schema.org\",\"@graph\":[{\"@type\":\"WebPage\",\"@id\":\"https:\/\/www.csj-emballages.com\/es\/produit\/50-cubos-de-carton-desechables-cubos-alas-de-pollo-250-litros\/\",\"url\":\"https:\/\/www.csj-emballages.com\/es\/produit\/50-cubos-de-carton-desechables-cubos-alas-de-pollo-250-litros\/\",\"name\":\"Cubo Palomitas \/ Pollo Cart\u00f3n 2,50 Litros por 50\",\"isPartOf\":{\"@id\":\"https:\/\/www.csj-emballages.com\/es\/#website\"},\"primaryImageOfPage\":{\"@id\":\"https:\/\/www.csj-emballages.com\/es\/produit\/50-cubos-de-carton-desechables-cubos-alas-de-pollo-250-litros\/#primaryimage\"},\"image\":{\"@id\":\"https:\/\/www.csj-emballages.com\/es\/produit\/50-cubos-de-carton-desechables-cubos-alas-de-pollo-250-litros\/#primaryimage\"},\"thumbnailUrl\":\"https:\/\/www.csj-emballages.com\/wp-content\/uploads\/2024\/03\/BUCK85-1.webp\",\"datePublished\":\"2024-03-01T15:55:50+00:00\",\"dateModified\":\"2026-03-12T15:18:23+00:00\",\"description\":\"\u00a1Descubra nuestro cubo para palomitas \/ pollo en cart\u00f3n de 2500 ml! Ideal para servir generosas porciones de pollo frito o palomitas.\",\"breadcrumb\":{\"@id\":\"https:\/\/www.csj-emballages.com\/es\/produit\/50-cubos-de-carton-desechables-cubos-alas-de-pollo-250-litros\/#breadcrumb\"},\"inLanguage\":\"es\",\"potentialAction\":[{\"@type\":\"ReadAction\",\"target\":[\"https:\/\/www.csj-emballages.com\/es\/produit\/50-cubos-de-carton-desechables-cubos-alas-de-pollo-250-litros\/\"]}]},{\"@type\":\"ImageObject\",\"inLanguage\":\"es\",\"@id\":\"https:\/\/www.csj-emballages.com\/es\/produit\/50-cubos-de-carton-desechables-cubos-alas-de-pollo-250-litros\/#primaryimage\",\"url\":\"https:\/\/www.csj-emballages.com\/wp-content\/uploads\/2024\/03\/BUCK85-1.webp\",\"contentUrl\":\"https:\/\/www.csj-emballages.com\/wp-content\/uploads\/2024\/03\/BUCK85-1.webp\",\"width\":800,\"height\":800,\"caption\":\"Bucket poulet\"},{\"@type\":\"BreadcrumbList\",\"@id\":\"https:\/\/www.csj-emballages.com\/es\/produit\/50-cubos-de-carton-desechables-cubos-alas-de-pollo-250-litros\/#breadcrumb\",\"itemListElement\":[{\"@type\":\"ListItem\",\"position\":1,\"name\":\"Accueil\",\"item\":\"https:\/\/www.csj-emballages.com\/es\/universo-del-envasado-alimentario\/\"},{\"@type\":\"ListItem\",\"position\":2,\"name\":\"Tienda\",\"item\":\"https:\/\/www.csj-emballages.com\/tienda\/\"},{\"@type\":\"ListItem\",\"position\":3,\"name\":\"Cubo palomitas \/ pollo en cart\u00f3n 2,50 Litros por 50\"}]},{\"@type\":\"WebSite\",\"@id\":\"https:\/\/www.csj-emballages.com\/es\/#website\",\"url\":\"https:\/\/www.csj-emballages.com\/es\/\",\"name\":\"CSJ Emballages\",\"description\":\"\",\"publisher\":{\"@id\":\"https:\/\/www.csj-emballages.com\/es\/#organization\"},\"potentialAction\":[{\"@type\":\"SearchAction\",\"target\":{\"@type\":\"EntryPoint\",\"urlTemplate\":\"https:\/\/www.csj-emballages.com\/es\/?s={search_term_string}\"},\"query-input\":{\"@type\":\"PropertyValueSpecification\",\"valueRequired\":true,\"valueName\":\"search_term_string\"}}],\"inLanguage\":\"es\"},{\"@type\":\"Organization\",\"@id\":\"https:\/\/www.csj-emballages.com\/es\/#Organization\/\",\"name\":\"CSJ Emballages\",\"url\":\"https:\/\/www.csj-emballages.com\/es\/\",\"logo\":{\"@type\":\"ImageObject\",\"inLanguage\":\"es\",\"@id\":\"https:\/\/www.csj-emballages.com\/es\/#\/schema\/logo\/image\/\",\"url\":\"https:\/\/www.csj-emballages.com\/wp-content\/uploads\/2023\/10\/logo_csj.webp\",\"contentUrl\":\"https:\/\/www.csj-emballages.com\/wp-content\/uploads\/2023\/10\/logo_csj.webp\",\"width\":250,\"height\":95,\"caption\":\"CSJ Emballages\"},\"image\":{\"@id\":\"https:\/\/www.csj-emballages.com\/es\/#\/schema\/logo\/image\/\"},\"sameAs\":[\"https:\/\/www.facebook.com\/csjemballages\"],\"address\":{\"@type\":\"PostalAddress\",\"streetAddress\":\"ZI La Lechere\",\"addressLocality\":\"Patornay\",\"postalCode\":\"39130\",\"addressCountry\":\"FR\"},\"contactPoint\":[{\"@type\":\"ContactPoint\",\"contactType\":\"Service client\",\"telephone\":\"0384254272\",\"email\":\"contact@csj-emballages.com\"}]}]}<\/script>\n<!-- \/ Yoast SEO Premium plugin. -->","yoast_head_json":{"title":"Cubo Palomitas \/ Pollo Cart\u00f3n 2,50 Litros por 50","description":"\u00a1Descubra nuestro cubo para palomitas \/ pollo en cart\u00f3n de 2500 ml! Ideal para servir generosas porciones de pollo frito o palomitas.","robots":{"index":"index","follow":"follow","max-snippet":"max-snippet:-1","max-image-preview":"max-image-preview:large","max-video-preview":"max-video-preview:-1"},"canonical":"https:\/\/www.csj-emballages.com\/es\/produit\/50-cubos-de-carton-desechables-cubos-alas-de-pollo-250-litros\/","og_locale":"es_ES","og_type":"article","og_title":"Cubo palomitas \/ pollo en cart\u00f3n 2,50 Litros por 50","og_description":"\u00a1Descubra nuestro cubo para palomitas \/ pollo en cart\u00f3n de 2500 ml! Ideal para servir generosas porciones de pollo frito o palomitas.","og_url":"https:\/\/www.csj-emballages.com\/es\/produit\/50-cubos-de-carton-desechables-cubos-alas-de-pollo-250-litros\/","og_site_name":"CSJ Emballages","article_publisher":"https:\/\/www.facebook.com\/csjemballages","article_modified_time":"2026-03-12T15:18:23+00:00","og_image":[{"width":800,"height":800,"url":"https:\/\/www.csj-emballages.com\/wp-content\/uploads\/2024\/03\/BUCK85-1.webp","type":"image\/webp"}],"twitter_card":"summary_large_image","twitter_misc":{"Tiempo de lectura":"2 minutos"},"schema":{"@context":"https:\/\/schema.org","@graph":[{"@type":"WebPage","@id":"https:\/\/www.csj-emballages.com\/es\/produit\/50-cubos-de-carton-desechables-cubos-alas-de-pollo-250-litros\/","url":"https:\/\/www.csj-emballages.com\/es\/produit\/50-cubos-de-carton-desechables-cubos-alas-de-pollo-250-litros\/","name":"Cubo Palomitas \/ Pollo Cart\u00f3n 2,50 Litros por 50","isPartOf":{"@id":"https:\/\/www.csj-emballages.com\/es\/#website"},"primaryImageOfPage":{"@id":"https:\/\/www.csj-emballages.com\/es\/produit\/50-cubos-de-carton-desechables-cubos-alas-de-pollo-250-litros\/#primaryimage"},"image":{"@id":"https:\/\/www.csj-emballages.com\/es\/produit\/50-cubos-de-carton-desechables-cubos-alas-de-pollo-250-litros\/#primaryimage"},"thumbnailUrl":"https:\/\/www.csj-emballages.com\/wp-content\/uploads\/2024\/03\/BUCK85-1.webp","datePublished":"2024-03-01T15:55:50+00:00","dateModified":"2026-03-12T15:18:23+00:00","description":"\u00a1Descubra nuestro cubo para palomitas \/ pollo en cart\u00f3n de 2500 ml! Ideal para servir generosas porciones de pollo frito o palomitas.","breadcrumb":{"@id":"https:\/\/www.csj-emballages.com\/es\/produit\/50-cubos-de-carton-desechables-cubos-alas-de-pollo-250-litros\/#breadcrumb"},"inLanguage":"es","potentialAction":[{"@type":"ReadAction","target":["https:\/\/www.csj-emballages.com\/es\/produit\/50-cubos-de-carton-desechables-cubos-alas-de-pollo-250-litros\/"]}]},{"@type":"ImageObject","inLanguage":"es","@id":"https:\/\/www.csj-emballages.com\/es\/produit\/50-cubos-de-carton-desechables-cubos-alas-de-pollo-250-litros\/#primaryimage","url":"https:\/\/www.csj-emballages.com\/wp-content\/uploads\/2024\/03\/BUCK85-1.webp","contentUrl":"https:\/\/www.csj-emballages.com\/wp-content\/uploads\/2024\/03\/BUCK85-1.webp","width":800,"height":800,"caption":"Bucket poulet"},{"@type":"BreadcrumbList","@id":"https:\/\/www.csj-emballages.com\/es\/produit\/50-cubos-de-carton-desechables-cubos-alas-de-pollo-250-litros\/#breadcrumb","itemListElement":[{"@type":"ListItem","position":1,"name":"Accueil","item":"https:\/\/www.csj-emballages.com\/es\/universo-del-envasado-alimentario\/"},{"@type":"ListItem","position":2,"name":"Tienda","item":"https:\/\/www.csj-emballages.com\/tienda\/"},{"@type":"ListItem","position":3,"name":"Cubo palomitas \/ pollo en cart\u00f3n 2,50 Litros por 50"}]},{"@type":"WebSite","@id":"https:\/\/www.csj-emballages.com\/es\/#website","url":"https:\/\/www.csj-emballages.com\/es\/","name":"CSJ Emballages","description":"","publisher":{"@id":"https:\/\/www.csj-emballages.com\/es\/#organization"},"potentialAction":[{"@type":"SearchAction","target":{"@type":"EntryPoint","urlTemplate":"https:\/\/www.csj-emballages.com\/es\/?s={search_term_string}"},"query-input":{"@type":"PropertyValueSpecification","valueRequired":true,"valueName":"search_term_string"}}],"inLanguage":"es"},{"@type":"Organization","@id":"https:\/\/www.csj-emballages.com\/es\/#Organization\/","name":"CSJ Emballages","url":"https:\/\/www.csj-emballages.com\/es\/","logo":{"@type":"ImageObject","inLanguage":"es","@id":"https:\/\/www.csj-emballages.com\/es\/#\/schema\/logo\/image\/","url":"https:\/\/www.csj-emballages.com\/wp-content\/uploads\/2023\/10\/logo_csj.webp","contentUrl":"https:\/\/www.csj-emballages.com\/wp-content\/uploads\/2023\/10\/logo_csj.webp","width":250,"height":95,"caption":"CSJ Emballages"},"image":{"@id":"https:\/\/www.csj-emballages.com\/es\/#\/schema\/logo\/image\/"},"sameAs":["https:\/\/www.facebook.com\/csjemballages"],"address":{"@type":"PostalAddress","streetAddress":"ZI La Lechere","addressLocality":"Patornay","postalCode":"39130","addressCountry":"FR"},"contactPoint":[{"@type":"ContactPoint","contactType":"Service client","telephone":"0384254272","email":"contact@csj-emballages.com"}]}]}},"df_price":27.05,"df_sale_price":"","df_regular_price":27.05,"df_image_link":"https:\/\/www.csj-emballages.com\/wp-content\/uploads\/2024\/03\/BUCK85-1-300x300.webp","tiered_pricing_type":"fixed","tiered_pricing_fixed_rules":[],"tiered_pricing_percentage_rules":[],"tiered_pricing_minimum":1,"tiered_pricing_roles_data":[],"_links":{"self":[{"href":"https:\/\/www.csj-emballages.com\/es\/wp-json\/wp\/v2\/product\/126767","targetHints":{"allow":["GET"]}}],"collection":[{"href":"https:\/\/www.csj-emballages.com\/es\/wp-json\/wp\/v2\/product"}],"about":[{"href":"https:\/\/www.csj-emballages.com\/es\/wp-json\/wp\/v2\/types\/product"}],"wp:featuredmedia":[{"embeddable":true,"href":"https:\/\/www.csj-emballages.com\/es\/wp-json\/wp\/v2\/media\/220628"}],"wp:attachment":[{"href":"https:\/\/www.csj-emballages.com\/es\/wp-json\/wp\/v2\/media?parent=126767"}],"wp:term":[{"taxonomy":"product_brand","embeddable":true,"href":"https:\/\/www.csj-emballages.com\/es\/wp-json\/wp\/v2\/product_brand?post=126767"},{"taxonomy":"product_cat","embeddable":true,"href":"https:\/\/www.csj-emballages.com\/es\/wp-json\/wp\/v2\/product_cat?post=126767"},{"taxonomy":"product_tag","embeddable":true,"href":"https:\/\/www.csj-emballages.com\/es\/wp-json\/wp\/v2\/product_tag?post=126767"}],"curies":[{"name":"wp","href":"https:\/\/api.w.org\/{rel}","templated":true}]}}