{"id":126744,"date":"2024-03-01T16:54:57","date_gmt":"2024-03-01T15:54:57","guid":{"rendered":"https:\/\/www.csj-emballages.com\/produit\/50-bandejas-de-patatas-fritas-carton-de-1000-ml\/"},"modified":"2026-04-04T02:12:02","modified_gmt":"2026-04-04T00:12:02","slug":"50-bandejas-de-patatas-fritas-carton-de-1000-ml","status":"publish","type":"product","link":"https:\/\/www.csj-emballages.com\/es\/produit\/50-bandejas-de-patatas-fritas-carton-de-1000-ml\/","title":{"rendered":"Frito cart\u00f3n 1000 ml por 50"},"content":{"rendered":"<div style=\"font-family: Roboto, sans-serif;\">\n<div style=\"font-family: Roboto, sans-serif;\">\n<div style=\"font-family: Roboto, sans-serif;\">\n<h2>Bandeja frita<\/h2>\n<hr>\n<h3>Descripci\u00f3n de nuestra bandeja de cart\u00f3n para fritos de 1000 ml, paquete de 50<\/h3>\n<p><!--more--><\/p>\n<div class=\"flex-shrink-0 flex flex-col relative items-end\">\n<div class=\"pt-0.5 juice:pt-0\">\n<div class=\"gizmo-bot-avatar flex h-6 w-6 items-center justify-center overflow-hidden rounded-full juice:h-8 juice:w-8\">\n<div class=\"relative p-1 rounded-sm flex items-center justify-center bg-token-main-surface-primary text-token-text-primary h-8 w-8\">\n<p class=\"\" data-start=\"292\" data-end=\"616\">Robusta, pr\u00e1ctica y dise\u00f1ada pensando en los profesionales de la restauraci\u00f3n, esta <strong>bandeja frita de cart\u00f3n kraft<\/strong> de 1000<strong data-start=\"399\" data-end=\"409\"> ml<\/strong> es ideal para servir patatas fritas, nuggets, aperitivos o incluso peque\u00f1os platos para llevar. Se vende en paquetes de <strong>50<\/strong> unidades y ofrece un excelente compromiso entre practicidad, higiene y presentaci\u00f3n. Dise\u00f1ada para <strong data-start=\"630\" data-end=\"662\">soportar alimentos calientes<\/strong>, esta <strong>bandeja de cart\u00f3n<\/strong> no se reblandece en contacto con el calor o la humedad. Se mantiene en su sitio, incluso con <strong>patatas fritas<\/strong> o salsas grasientas. Fabricada con cart\u00f3n grueso apto para uso alimentario, es <strong data-start=\"883\" data-end=\"897\">respetuosa con el medio ambiente<\/strong> y <strong data-start=\"901\" data-end=\"927\">totalmente reciclable<\/strong>, lo que la convierte en una soluci\u00f3n m\u00e1s responsable que los envases de pl\u00e1stico tradicionales.    <\/p>\n<p class=\"\" data-start=\"1020\" data-end=\"1377\">Tanto si es un <strong data-start=\"1038\" data-end=\"1061\">restaurante de comida r\u00e1pida<\/strong>, un <strong data-start=\"1066\" data-end=\"1080\">food truck<\/strong>, un <strong data-start=\"1085\" data-end=\"1110\">servicio de catering para eventos<\/strong> o incluso un particular que organiza una fiesta, esta bandeja le garantizar\u00e1 un servicio esmerado, f\u00e1cil de sujetar y realmente pr\u00e1ctico para el uso diario. Su formato es perfecto para colocarla en horizontal o sostenerla en la mano para degustarla sobre la marcha. <\/p>\n<p class=\"\" data-start=\"1379\" data-end=\"1497\">Esta <strong>bandeja frita<\/strong>, que se vende en paquetes de <strong>50 unidades<\/strong>, facilita la gesti\u00f3n de sus necesidades de envases sin sobrecargar su almac\u00e9n.<\/p>\n<p class=\"\" data-start=\"1499\" data-end=\"1594\">Imprescindible para quien quiera combinar <strong data-start=\"1551\" data-end=\"1593\">eficacia, sencillez y presentaci\u00f3n<\/strong>.<\/p>\n<p data-start=\"1499\" data-end=\"1594\">\n<\/div>\n<\/div>\n<\/div>\n<\/div>\n<p><!--more--><\/p>\n<p><strong>Sus ventajas:<\/strong><\/p>\n<ul>\n<li>Resistente al calor y a la grasa.<\/li>\n<li>Reciclable y respetuoso con el medio ambiente.<\/li>\n<li>Esta bandeja para fre\u00edr es ideal para patatas fritas, tapas, nuggets y aperitivos.<\/li>\n<li>Buen agarre, no se deforma.<\/li>\n<li><strong>Pr\u00e1ctico<\/strong>: se suministra en paquetes de 50 unidades.<\/li>\n<\/ul>\n<p>&nbsp;<\/p>\n<p><!--more--><\/p>\n<h4>Informaci\u00f3n adicional :<\/h4>\n<ul>\n<li><strong>Envase<\/strong>: Paquete de 50<\/li>\n<li><strong>Dimensiones<\/strong> <strong>del fondo<\/strong>: 18 x 12 cm<\/li>\n<li><strong>Dimensiones<\/strong> de <strong>la parte superior<\/strong>: 22 x 17 cm<\/li>\n<li><strong>Altura<\/strong>: 4 cm<\/li>\n<li><strong>Volumen<\/strong>: 1000 ml<\/li>\n<li><span style=\"font-weight: bold;\">Color <\/span>: Marr\u00f3n<\/li>\n<li><span style=\"font-weight: bold;\">Material <\/span>: Cart\u00f3n<\/li>\n<\/ul>\n<\/div>\n<\/div>\n<\/div>\n<p>&nbsp;<\/p>\n<h5><!--more--><\/h5>\n<div style=\"font-family: Roboto, sans-serif;\">\n<div style=\"font-family: Roboto, sans-serif;\">\n<div style=\"font-family: Roboto, sans-serif;\">\n<p>Esta bandeja frita est\u00e1 disponible en varios tama\u00f1os: <span style=\"color: #d12727;\"><a style=\"color: #d12727;\" href=\"https:\/\/www.csj-emballages.com\/es\/produit\/frito-carton-250-ml-por-200\/\">250 ml<\/a><\/span> \/ <span style=\"color: #d12727;\"><a style=\"color: #d12727;\" href=\"https:\/\/www.csj-emballages.com\/produit\/100-barquette-frite-carton-300-ml-restauration-emporter\/\">300 ml<\/a><\/span> \/ <span style=\"color: #d12727;\"><a style=\"color: #d12727;\" href=\"https:\/\/www.csj-emballages.com\/produit\/100-barquette-frite-carton-400-ml-restauration-emporter\/\">400 ml<\/a><\/span> \/ <span style=\"color: #d12727;\"><a style=\"color: #d12727;\" href=\"https:\/\/www.csj-emballages.com\/produit\/barquette-frite-carton-520-ml-2-compartiments-par-100\/\">520 ml<\/a><\/span> \/ <span style=\"color: #d12727;\"><a style=\"color: #d12727;\" href=\"https:\/\/www.csj-emballages.com\/es\/produit\/bandeja-de-carton-para-virutas-de-680-ml-100\/\">680 ml <\/a><\/span> <\/p>\n<p>&nbsp;<\/p>\n<p><!--more--><\/p>\n<p><a href=\"https:\/\/www.csj-emballages.com\/es\/categorie-produit\/envasado-de-alimentos\/catering-es\/cajas-bandejas-bolsas-conos\/bandejas-cajas-de-carton\/bandejas-de-carton-para-virutas\/\">Ver el resto de nuestra gama de bandejas de cart\u00f3n para patatas fritas<\/a><\/p>\n<\/div>\n<\/div>\n<\/div>\n","protected":false},"excerpt":{"rendered":"<p>Bandeja frita Descripci\u00f3n de nuestra bandeja de cart\u00f3n para fritos de 1000 ml, paquete de 50<\/p>\n","protected":false},"featured_media":227498,"template":"","meta":{"_acf_changed":false},"product_brand":[],"product_cat":[1150,1179,1478,3849],"product_tag":[],"class_list":{"0":"post-126744","1":"product","2":"type-product","3":"status-publish","4":"has-post-thumbnail","6":"product_cat-envasado-de-alimentos","7":"product_cat-catering-es","8":"product_cat-bandejas-cajas-de-carton","9":"product_cat-bandejas-de-carton-para-virutas","11":"first","12":"instock","13":"taxable","14":"shipping-taxable","15":"purchasable","16":"product-type-simple"},"acf":[],"yoast_head":"<!-- This site is optimized with the Yoast SEO Premium plugin v26.6 (Yoast SEO v26.6) - https:\/\/yoast.com\/wordpress\/plugins\/seo\/ -->\n<title>Bandeja para fre\u00edr de cart\u00f3n kraft 1000 ml<\/title>\n<meta name=\"description\" content=\"Bandeja de cart\u00f3n de 1000 ml: ideal para patatas fritas, aperitivos y comida para llevar. Duraderas, reciclables, pr\u00e1cticas y se venden en paquetes de 50 unidades.\" \/>\n<meta name=\"robots\" content=\"index, follow, max-snippet:-1, max-image-preview:large, max-video-preview:-1\" \/>\n<link rel=\"canonical\" href=\"https:\/\/www.csj-emballages.com\/es\/produit\/50-bandejas-de-patatas-fritas-carton-de-1000-ml\/\" \/>\n<meta property=\"og:locale\" content=\"es_ES\" \/>\n<meta property=\"og:type\" content=\"article\" \/>\n<meta property=\"og:title\" content=\"Frito cart\u00f3n 1000 ml por 50\" \/>\n<meta property=\"og:description\" content=\"Bandeja de cart\u00f3n de 1000 ml: ideal para patatas fritas, aperitivos y comida para llevar. Duraderas, reciclables, pr\u00e1cticas y se venden en paquetes de 50 unidades.\" \/>\n<meta property=\"og:url\" content=\"https:\/\/www.csj-emballages.com\/es\/produit\/50-bandejas-de-patatas-fritas-carton-de-1000-ml\/\" \/>\n<meta property=\"og:site_name\" content=\"CSJ Emballages\" \/>\n<meta property=\"article:publisher\" content=\"https:\/\/www.facebook.com\/csjemballages\" \/>\n<meta property=\"article:modified_time\" content=\"2026-04-04T00:12:02+00:00\" \/>\n<meta property=\"og:image\" content=\"https:\/\/www.csj-emballages.com\/wp-content\/uploads\/2024\/03\/CH1000CART.webp\" \/>\n\t<meta property=\"og:image:width\" content=\"800\" \/>\n\t<meta property=\"og:image:height\" content=\"800\" \/>\n\t<meta property=\"og:image:type\" content=\"image\/webp\" \/>\n<meta name=\"twitter:card\" content=\"summary_large_image\" \/>\n<meta name=\"twitter:label1\" content=\"Tiempo de lectura\" \/>\n\t<meta name=\"twitter:data1\" content=\"2 minutos\" \/>\n<script type=\"application\/ld+json\" class=\"yoast-schema-graph\">{\"@context\":\"https:\/\/schema.org\",\"@graph\":[{\"@type\":\"WebPage\",\"@id\":\"https:\/\/www.csj-emballages.com\/es\/produit\/50-bandejas-de-patatas-fritas-carton-de-1000-ml\/\",\"url\":\"https:\/\/www.csj-emballages.com\/es\/produit\/50-bandejas-de-patatas-fritas-carton-de-1000-ml\/\",\"name\":\"Bandeja para fre\u00edr de cart\u00f3n kraft 1000 ml\",\"isPartOf\":{\"@id\":\"https:\/\/www.csj-emballages.com\/es\/#website\"},\"primaryImageOfPage\":{\"@id\":\"https:\/\/www.csj-emballages.com\/es\/produit\/50-bandejas-de-patatas-fritas-carton-de-1000-ml\/#primaryimage\"},\"image\":{\"@id\":\"https:\/\/www.csj-emballages.com\/es\/produit\/50-bandejas-de-patatas-fritas-carton-de-1000-ml\/#primaryimage\"},\"thumbnailUrl\":\"https:\/\/www.csj-emballages.com\/wp-content\/uploads\/2024\/03\/CH1000CART.webp\",\"datePublished\":\"2024-03-01T15:54:57+00:00\",\"dateModified\":\"2026-04-04T00:12:02+00:00\",\"description\":\"Bandeja de cart\u00f3n de 1000 ml: ideal para patatas fritas, aperitivos y comida para llevar. Duraderas, reciclables, pr\u00e1cticas y se venden en paquetes de 50 unidades.\",\"breadcrumb\":{\"@id\":\"https:\/\/www.csj-emballages.com\/es\/produit\/50-bandejas-de-patatas-fritas-carton-de-1000-ml\/#breadcrumb\"},\"inLanguage\":\"es\",\"potentialAction\":[{\"@type\":\"ReadAction\",\"target\":[\"https:\/\/www.csj-emballages.com\/es\/produit\/50-bandejas-de-patatas-fritas-carton-de-1000-ml\/\"]}]},{\"@type\":\"ImageObject\",\"inLanguage\":\"es\",\"@id\":\"https:\/\/www.csj-emballages.com\/es\/produit\/50-bandejas-de-patatas-fritas-carton-de-1000-ml\/#primaryimage\",\"url\":\"https:\/\/www.csj-emballages.com\/wp-content\/uploads\/2024\/03\/CH1000CART.webp\",\"contentUrl\":\"https:\/\/www.csj-emballages.com\/wp-content\/uploads\/2024\/03\/CH1000CART.webp\",\"width\":800,\"height\":800,\"caption\":\"Barquette frite\"},{\"@type\":\"BreadcrumbList\",\"@id\":\"https:\/\/www.csj-emballages.com\/es\/produit\/50-bandejas-de-patatas-fritas-carton-de-1000-ml\/#breadcrumb\",\"itemListElement\":[{\"@type\":\"ListItem\",\"position\":1,\"name\":\"Accueil\",\"item\":\"https:\/\/www.csj-emballages.com\/es\/universo-del-envasado-alimentario\/\"},{\"@type\":\"ListItem\",\"position\":2,\"name\":\"Tienda\",\"item\":\"https:\/\/www.csj-emballages.com\/tienda\/\"},{\"@type\":\"ListItem\",\"position\":3,\"name\":\"Frito cart\u00f3n 1000 ml por 50\"}]},{\"@type\":\"WebSite\",\"@id\":\"https:\/\/www.csj-emballages.com\/es\/#website\",\"url\":\"https:\/\/www.csj-emballages.com\/es\/\",\"name\":\"CSJ Emballages\",\"description\":\"\",\"publisher\":{\"@id\":\"https:\/\/www.csj-emballages.com\/es\/#organization\"},\"potentialAction\":[{\"@type\":\"SearchAction\",\"target\":{\"@type\":\"EntryPoint\",\"urlTemplate\":\"https:\/\/www.csj-emballages.com\/es\/?s={search_term_string}\"},\"query-input\":{\"@type\":\"PropertyValueSpecification\",\"valueRequired\":true,\"valueName\":\"search_term_string\"}}],\"inLanguage\":\"es\"},{\"@type\":\"Organization\",\"@id\":\"https:\/\/www.csj-emballages.com\/es\/#Organization\/\",\"name\":\"CSJ Emballages\",\"url\":\"https:\/\/www.csj-emballages.com\/es\/\",\"logo\":{\"@type\":\"ImageObject\",\"inLanguage\":\"es\",\"@id\":\"https:\/\/www.csj-emballages.com\/es\/#\/schema\/logo\/image\/\",\"url\":\"https:\/\/www.csj-emballages.com\/wp-content\/uploads\/2023\/10\/logo_csj.webp\",\"contentUrl\":\"https:\/\/www.csj-emballages.com\/wp-content\/uploads\/2023\/10\/logo_csj.webp\",\"width\":250,\"height\":95,\"caption\":\"CSJ Emballages\"},\"image\":{\"@id\":\"https:\/\/www.csj-emballages.com\/es\/#\/schema\/logo\/image\/\"},\"sameAs\":[\"https:\/\/www.facebook.com\/csjemballages\"],\"address\":{\"@type\":\"PostalAddress\",\"streetAddress\":\"ZI La Lechere\",\"addressLocality\":\"Patornay\",\"postalCode\":\"39130\",\"addressCountry\":\"FR\"},\"contactPoint\":[{\"@type\":\"ContactPoint\",\"contactType\":\"Service client\",\"telephone\":\"0384254272\",\"email\":\"contact@csj-emballages.com\"}]}]}<\/script>\n<!-- \/ Yoast SEO Premium plugin. -->","yoast_head_json":{"title":"Bandeja para fre\u00edr de cart\u00f3n kraft 1000 ml","description":"Bandeja de cart\u00f3n de 1000 ml: ideal para patatas fritas, aperitivos y comida para llevar. Duraderas, reciclables, pr\u00e1cticas y se venden en paquetes de 50 unidades.","robots":{"index":"index","follow":"follow","max-snippet":"max-snippet:-1","max-image-preview":"max-image-preview:large","max-video-preview":"max-video-preview:-1"},"canonical":"https:\/\/www.csj-emballages.com\/es\/produit\/50-bandejas-de-patatas-fritas-carton-de-1000-ml\/","og_locale":"es_ES","og_type":"article","og_title":"Frito cart\u00f3n 1000 ml por 50","og_description":"Bandeja de cart\u00f3n de 1000 ml: ideal para patatas fritas, aperitivos y comida para llevar. Duraderas, reciclables, pr\u00e1cticas y se venden en paquetes de 50 unidades.","og_url":"https:\/\/www.csj-emballages.com\/es\/produit\/50-bandejas-de-patatas-fritas-carton-de-1000-ml\/","og_site_name":"CSJ Emballages","article_publisher":"https:\/\/www.facebook.com\/csjemballages","article_modified_time":"2026-04-04T00:12:02+00:00","og_image":[{"width":800,"height":800,"url":"https:\/\/www.csj-emballages.com\/wp-content\/uploads\/2024\/03\/CH1000CART.webp","type":"image\/webp"}],"twitter_card":"summary_large_image","twitter_misc":{"Tiempo de lectura":"2 minutos"},"schema":{"@context":"https:\/\/schema.org","@graph":[{"@type":"WebPage","@id":"https:\/\/www.csj-emballages.com\/es\/produit\/50-bandejas-de-patatas-fritas-carton-de-1000-ml\/","url":"https:\/\/www.csj-emballages.com\/es\/produit\/50-bandejas-de-patatas-fritas-carton-de-1000-ml\/","name":"Bandeja para fre\u00edr de cart\u00f3n kraft 1000 ml","isPartOf":{"@id":"https:\/\/www.csj-emballages.com\/es\/#website"},"primaryImageOfPage":{"@id":"https:\/\/www.csj-emballages.com\/es\/produit\/50-bandejas-de-patatas-fritas-carton-de-1000-ml\/#primaryimage"},"image":{"@id":"https:\/\/www.csj-emballages.com\/es\/produit\/50-bandejas-de-patatas-fritas-carton-de-1000-ml\/#primaryimage"},"thumbnailUrl":"https:\/\/www.csj-emballages.com\/wp-content\/uploads\/2024\/03\/CH1000CART.webp","datePublished":"2024-03-01T15:54:57+00:00","dateModified":"2026-04-04T00:12:02+00:00","description":"Bandeja de cart\u00f3n de 1000 ml: ideal para patatas fritas, aperitivos y comida para llevar. Duraderas, reciclables, pr\u00e1cticas y se venden en paquetes de 50 unidades.","breadcrumb":{"@id":"https:\/\/www.csj-emballages.com\/es\/produit\/50-bandejas-de-patatas-fritas-carton-de-1000-ml\/#breadcrumb"},"inLanguage":"es","potentialAction":[{"@type":"ReadAction","target":["https:\/\/www.csj-emballages.com\/es\/produit\/50-bandejas-de-patatas-fritas-carton-de-1000-ml\/"]}]},{"@type":"ImageObject","inLanguage":"es","@id":"https:\/\/www.csj-emballages.com\/es\/produit\/50-bandejas-de-patatas-fritas-carton-de-1000-ml\/#primaryimage","url":"https:\/\/www.csj-emballages.com\/wp-content\/uploads\/2024\/03\/CH1000CART.webp","contentUrl":"https:\/\/www.csj-emballages.com\/wp-content\/uploads\/2024\/03\/CH1000CART.webp","width":800,"height":800,"caption":"Barquette frite"},{"@type":"BreadcrumbList","@id":"https:\/\/www.csj-emballages.com\/es\/produit\/50-bandejas-de-patatas-fritas-carton-de-1000-ml\/#breadcrumb","itemListElement":[{"@type":"ListItem","position":1,"name":"Accueil","item":"https:\/\/www.csj-emballages.com\/es\/universo-del-envasado-alimentario\/"},{"@type":"ListItem","position":2,"name":"Tienda","item":"https:\/\/www.csj-emballages.com\/tienda\/"},{"@type":"ListItem","position":3,"name":"Frito cart\u00f3n 1000 ml por 50"}]},{"@type":"WebSite","@id":"https:\/\/www.csj-emballages.com\/es\/#website","url":"https:\/\/www.csj-emballages.com\/es\/","name":"CSJ Emballages","description":"","publisher":{"@id":"https:\/\/www.csj-emballages.com\/es\/#organization"},"potentialAction":[{"@type":"SearchAction","target":{"@type":"EntryPoint","urlTemplate":"https:\/\/www.csj-emballages.com\/es\/?s={search_term_string}"},"query-input":{"@type":"PropertyValueSpecification","valueRequired":true,"valueName":"search_term_string"}}],"inLanguage":"es"},{"@type":"Organization","@id":"https:\/\/www.csj-emballages.com\/es\/#Organization\/","name":"CSJ Emballages","url":"https:\/\/www.csj-emballages.com\/es\/","logo":{"@type":"ImageObject","inLanguage":"es","@id":"https:\/\/www.csj-emballages.com\/es\/#\/schema\/logo\/image\/","url":"https:\/\/www.csj-emballages.com\/wp-content\/uploads\/2023\/10\/logo_csj.webp","contentUrl":"https:\/\/www.csj-emballages.com\/wp-content\/uploads\/2023\/10\/logo_csj.webp","width":250,"height":95,"caption":"CSJ Emballages"},"image":{"@id":"https:\/\/www.csj-emballages.com\/es\/#\/schema\/logo\/image\/"},"sameAs":["https:\/\/www.facebook.com\/csjemballages"],"address":{"@type":"PostalAddress","streetAddress":"ZI La Lechere","addressLocality":"Patornay","postalCode":"39130","addressCountry":"FR"},"contactPoint":[{"@type":"ContactPoint","contactType":"Service client","telephone":"0384254272","email":"contact@csj-emballages.com"}]}]}},"df_price":5.57,"df_sale_price":"","df_regular_price":5.57,"df_image_link":"https:\/\/www.csj-emballages.com\/wp-content\/uploads\/2024\/03\/CH1000CART-300x300.webp","tiered_pricing_type":"fixed","tiered_pricing_fixed_rules":[],"tiered_pricing_percentage_rules":[],"tiered_pricing_minimum":1,"tiered_pricing_roles_data":[],"_links":{"self":[{"href":"https:\/\/www.csj-emballages.com\/es\/wp-json\/wp\/v2\/product\/126744","targetHints":{"allow":["GET"]}}],"collection":[{"href":"https:\/\/www.csj-emballages.com\/es\/wp-json\/wp\/v2\/product"}],"about":[{"href":"https:\/\/www.csj-emballages.com\/es\/wp-json\/wp\/v2\/types\/product"}],"wp:featuredmedia":[{"embeddable":true,"href":"https:\/\/www.csj-emballages.com\/es\/wp-json\/wp\/v2\/media\/227498"}],"wp:attachment":[{"href":"https:\/\/www.csj-emballages.com\/es\/wp-json\/wp\/v2\/media?parent=126744"}],"wp:term":[{"taxonomy":"product_brand","embeddable":true,"href":"https:\/\/www.csj-emballages.com\/es\/wp-json\/wp\/v2\/product_brand?post=126744"},{"taxonomy":"product_cat","embeddable":true,"href":"https:\/\/www.csj-emballages.com\/es\/wp-json\/wp\/v2\/product_cat?post=126744"},{"taxonomy":"product_tag","embeddable":true,"href":"https:\/\/www.csj-emballages.com\/es\/wp-json\/wp\/v2\/product_tag?post=126744"}],"curies":[{"name":"wp","href":"https:\/\/api.w.org\/{rel}","templated":true}]}}