{"id":126654,"date":"2024-03-01T16:55:53","date_gmt":"2024-03-01T15:55:53","guid":{"rendered":"https:\/\/www.csj-emballages.com\/produit\/50-cajas-de-pasteleria-sensation-en-cartulina-de-color-29-x-5-cm\/"},"modified":"2026-04-24T02:12:43","modified_gmt":"2026-04-24T00:12:43","slug":"50-cajas-de-pasteleria-sensation-en-cartulina-de-color-29-x-5-cm","status":"publish","type":"product","link":"https:\/\/www.csj-emballages.com\/es\/produit\/50-cajas-de-pasteleria-sensation-en-cartulina-de-color-29-x-5-cm\/","title":{"rendered":"50 cajas de pasteler\u00eda Sensation en cartulina de color 29 x 5 cm"},"content":{"rendered":"<h2>Cajas para pasteles Sensation en cartulina de color 29 x 5 cm &#8211; paquete de 50<\/h2>\n<hr>\n<h3>Descripci\u00f3n del producto<\/h3>\n<p><!--more--><\/p>\n<p>Descubre nuestras cajas para reposter\u00eda Sensation 29&#215;5 cm, dise\u00f1adas para realzar tus creaciones dulces. Con su colorido dise\u00f1o, atraen todas las miradas y realzan tus pasteles. Cada caja est\u00e1 hecha de cart\u00f3n resistente, lo que garantiza una protecci\u00f3n \u00f3ptima para tus delicias gourmet. Su pr\u00e1ctico formato de 29&#215;5 cm es ideal para contener una gran variedad de postres, desde magdalenas y tartas hasta otras delicias dulces. Estas cajas tambi\u00e9n son perfectas para los pasteleros profesionales que buscan una presentaci\u00f3n cuidada y atractiva. Disponibles en varios tama\u00f1os, a\u00f1aden un toque de diversi\u00f3n a cualquier ocasi\u00f3n, desde bodas a fiestas de cumplea\u00f1os. F\u00e1ciles de montar, te ahorran tiempo al preparar tus pedidos. Su cierre seguro permite transportarlas con total tranquilidad, sin riesgo de derrames. Adem\u00e1s, estas cajas son respetuosas con el medio ambiente, ya que son totalmente reciclables.        <\/p>\n<p>&nbsp;<\/p>\n<p><!--more--><\/p>\n<p>Ofrece a tus clientes una experiencia \u00fanica con estas cajas para reposter\u00eda Sensation de 29&#215;5 cm, que combinan estilo, practicidad y respeto por el planeta.<\/p>\n<p>&nbsp;<\/p>\n<p><!--more--><\/p>\n<p><strong>Sus ventajas:<\/strong><\/p>\n<ul>\n<li><strong>Dise\u00f1o<\/strong>: Dise\u00f1o atractivo y colorido para presumir de tus creaciones pasteleras.<\/li>\n<li><strong>Pr\u00e1ctico<\/strong>: F\u00e1cil de montar, ahorra un tiempo precioso.<\/li>\n<li><strong>Respetuoso<\/strong> con el medio ambiente: Totalmente reciclable, respetuoso con el medio ambiente.<\/li>\n<li><strong>Vers\u00e1tiles<\/strong>: Perfecto para todas las ocasiones: bodas, cumplea\u00f1os y otros eventos especiales<\/li>\n<\/ul>\n<p>&nbsp;<\/p>\n<p><!--more--><\/p>\n<p>Haz clic aqu\u00ed para ver los distintos tama\u00f1os disponibles para este producto: <span style=\"color: #d12727;\"><a style=\"color: #d12727;\" href=\"https:\/\/www.csj-emballages.com\/produit\/50-boites-patissieres-sensation-cartons-colorees-16-x-5-cm\/\">16 x 5 cm<\/a><\/span> \/ <span style=\"color: #d12727;\"><a style=\"color: #d12727;\" href=\"https:\/\/www.csj-emballages.com\/es\/produit\/50-cajitas-de-carton-de-colores-delicieux-18-x-5-cm\/\">18 x 5 cm<\/a><\/span> \/ <span style=\"color: #d12727;\"><a style=\"color: #d12727;\" href=\"https:\/\/www.csj-emballages.com\/es\/produit\/50-cajitas-de-carton-de-colores-delicieux-20-x-5-cm\/\">20 x 5 cm <\/a><\/span> \/ <span style=\"color: #d12727;\"><a style=\"color: #d12727;\" href=\"https:\/\/www.csj-emballages.com\/produit\/50-boites-patissieres-delicieux-carton-colorees-23-x-5-cm\/\">23 x 5 cm<\/a><\/span> \/<span style=\"color: #d12727;\"><a style=\"color: #d12727;\" href=\"https:\/\/www.csj-emballages.com\/produit\/50-boites-patissieres-delicieux-carton-colorees-26-x-5-cm\/\">26 x 5 cm<\/a><\/span><\/p>\n<p>&nbsp;<\/p>\n<p><!--more--><\/p>\n<p><a href=\"\/?product_cat=boites-patissieres-colorees-delicieuses\">Ver el resto de nuestra gama de cajas de pasteler\u00eda Sensation \/ D\u00e9licieuse<\/a><\/p>\n","protected":false},"excerpt":{"rendered":"<p>Cajas para pasteles Sensation en cartulina de color 29 x 5 cm &#8211; paquete de 50 Descripci\u00f3n del producto<\/p>\n","protected":false},"featured_media":278284,"template":"","meta":{"_acf_changed":false},"product_brand":[],"product_cat":[1150,1145,3868,1259,1266,9269,1270],"product_tag":[],"class_list":{"0":"post-126654","1":"product","2":"type-product","3":"status-publish","4":"has-post-thumbnail","6":"product_cat-envasado-de-alimentos","7":"product_cat-panaderia-y-pasteleria","8":"product_cat-cajas-y-estuches","9":"product_cat-cajas-para-pasteles","10":"product_cat-cajas-de-pasteles-de-colores","11":"product_cat-cajas-de-pasteles-de-colores-leccion","12":"product_cat-descuentos","14":"first","15":"instock","16":"sale","17":"taxable","18":"shipping-taxable","19":"purchasable","20":"product-type-simple"},"acf":[],"yoast_head":"<!-- This site is optimized with the Yoast SEO Premium plugin v26.6 (Yoast SEO v26.6) - https:\/\/yoast.com\/wordpress\/plugins\/seo\/ -->\n<title>Cajas para pasteles Sensation 29x5 cm \/ CSJ Emballages<\/title>\n<meta name=\"description\" content=\"Descubre nuestras cajas para pasteles Sensation 29x5 cm, \u00a1ideales para transportar todo tipo de pasteles, desde pasteles hasta peque\u00f1as tartas!\" \/>\n<meta name=\"robots\" content=\"index, follow, max-snippet:-1, max-image-preview:large, max-video-preview:-1\" \/>\n<link rel=\"canonical\" href=\"https:\/\/www.csj-emballages.com\/es\/produit\/50-cajas-de-pasteleria-sensation-en-cartulina-de-color-29-x-5-cm\/\" \/>\n<meta property=\"og:locale\" content=\"es_ES\" \/>\n<meta property=\"og:type\" content=\"article\" \/>\n<meta property=\"og:title\" content=\"50 cajas de pasteler\u00eda Sensation en cartulina de color 29 x 5 cm\" \/>\n<meta property=\"og:description\" content=\"Descubre nuestras cajas para pasteles Sensation 29x5 cm, \u00a1ideales para transportar todo tipo de pasteles, desde pasteles hasta peque\u00f1as tartas!\" \/>\n<meta property=\"og:url\" content=\"https:\/\/www.csj-emballages.com\/es\/produit\/50-cajas-de-pasteleria-sensation-en-cartulina-de-color-29-x-5-cm\/\" \/>\n<meta property=\"og:site_name\" content=\"CSJ Emballages\" \/>\n<meta property=\"article:publisher\" content=\"https:\/\/www.facebook.com\/csjemballages\" \/>\n<meta property=\"article:modified_time\" content=\"2026-04-24T00:12:43+00:00\" \/>\n<meta property=\"og:image\" content=\"https:\/\/www.csj-emballages.com\/wp-content\/uploads\/2024\/03\/BTP295EVAN.webp\" \/>\n\t<meta property=\"og:image:width\" content=\"800\" \/>\n\t<meta property=\"og:image:height\" content=\"800\" \/>\n\t<meta property=\"og:image:type\" content=\"image\/webp\" \/>\n<meta name=\"twitter:card\" content=\"summary_large_image\" \/>\n<meta name=\"twitter:label1\" content=\"Tiempo de lectura\" \/>\n\t<meta name=\"twitter:data1\" content=\"1 minuto\" \/>\n<script type=\"application\/ld+json\" class=\"yoast-schema-graph\">{\"@context\":\"https:\/\/schema.org\",\"@graph\":[{\"@type\":\"WebPage\",\"@id\":\"https:\/\/www.csj-emballages.com\/es\/produit\/50-cajas-de-pasteleria-sensation-en-cartulina-de-color-29-x-5-cm\/\",\"url\":\"https:\/\/www.csj-emballages.com\/es\/produit\/50-cajas-de-pasteleria-sensation-en-cartulina-de-color-29-x-5-cm\/\",\"name\":\"Cajas para pasteles Sensation 29x5 cm \/ CSJ Emballages\",\"isPartOf\":{\"@id\":\"https:\/\/www.csj-emballages.com\/es\/#website\"},\"primaryImageOfPage\":{\"@id\":\"https:\/\/www.csj-emballages.com\/es\/produit\/50-cajas-de-pasteleria-sensation-en-cartulina-de-color-29-x-5-cm\/#primaryimage\"},\"image\":{\"@id\":\"https:\/\/www.csj-emballages.com\/es\/produit\/50-cajas-de-pasteleria-sensation-en-cartulina-de-color-29-x-5-cm\/#primaryimage\"},\"thumbnailUrl\":\"https:\/\/www.csj-emballages.com\/wp-content\/uploads\/2024\/03\/BTP295EVAN.webp\",\"datePublished\":\"2024-03-01T15:55:53+00:00\",\"dateModified\":\"2026-04-24T00:12:43+00:00\",\"description\":\"Descubre nuestras cajas para pasteles Sensation 29x5 cm, \u00a1ideales para transportar todo tipo de pasteles, desde pasteles hasta peque\u00f1as tartas!\",\"breadcrumb\":{\"@id\":\"https:\/\/www.csj-emballages.com\/es\/produit\/50-cajas-de-pasteleria-sensation-en-cartulina-de-color-29-x-5-cm\/#breadcrumb\"},\"inLanguage\":\"es\",\"potentialAction\":[{\"@type\":\"ReadAction\",\"target\":[\"https:\/\/www.csj-emballages.com\/es\/produit\/50-cajas-de-pasteleria-sensation-en-cartulina-de-color-29-x-5-cm\/\"]}]},{\"@type\":\"ImageObject\",\"inLanguage\":\"es\",\"@id\":\"https:\/\/www.csj-emballages.com\/es\/produit\/50-cajas-de-pasteleria-sensation-en-cartulina-de-color-29-x-5-cm\/#primaryimage\",\"url\":\"https:\/\/www.csj-emballages.com\/wp-content\/uploads\/2024\/03\/BTP295EVAN.webp\",\"contentUrl\":\"https:\/\/www.csj-emballages.com\/wp-content\/uploads\/2024\/03\/BTP295EVAN.webp\",\"width\":800,\"height\":800,\"caption\":\"boites p\u00e2tissi\u00e8res\"},{\"@type\":\"BreadcrumbList\",\"@id\":\"https:\/\/www.csj-emballages.com\/es\/produit\/50-cajas-de-pasteleria-sensation-en-cartulina-de-color-29-x-5-cm\/#breadcrumb\",\"itemListElement\":[{\"@type\":\"ListItem\",\"position\":1,\"name\":\"Accueil\",\"item\":\"https:\/\/www.csj-emballages.com\/es\/universo-del-envasado-alimentario\/\"},{\"@type\":\"ListItem\",\"position\":2,\"name\":\"Tienda\",\"item\":\"https:\/\/www.csj-emballages.com\/tienda\/\"},{\"@type\":\"ListItem\",\"position\":3,\"name\":\"50 cajas de pasteler\u00eda Sensation en cartulina de color 29 x 5 cm\"}]},{\"@type\":\"WebSite\",\"@id\":\"https:\/\/www.csj-emballages.com\/es\/#website\",\"url\":\"https:\/\/www.csj-emballages.com\/es\/\",\"name\":\"CSJ Emballages\",\"description\":\"\",\"publisher\":{\"@id\":\"https:\/\/www.csj-emballages.com\/es\/#organization\"},\"potentialAction\":[{\"@type\":\"SearchAction\",\"target\":{\"@type\":\"EntryPoint\",\"urlTemplate\":\"https:\/\/www.csj-emballages.com\/es\/?s={search_term_string}\"},\"query-input\":{\"@type\":\"PropertyValueSpecification\",\"valueRequired\":true,\"valueName\":\"search_term_string\"}}],\"inLanguage\":\"es\"},{\"@type\":\"Organization\",\"@id\":\"https:\/\/www.csj-emballages.com\/es\/#Organization\/\",\"name\":\"CSJ Emballages\",\"url\":\"https:\/\/www.csj-emballages.com\/es\/\",\"logo\":{\"@type\":\"ImageObject\",\"inLanguage\":\"es\",\"@id\":\"https:\/\/www.csj-emballages.com\/es\/#\/schema\/logo\/image\/\",\"url\":\"https:\/\/www.csj-emballages.com\/wp-content\/uploads\/2023\/10\/logo_csj.webp\",\"contentUrl\":\"https:\/\/www.csj-emballages.com\/wp-content\/uploads\/2023\/10\/logo_csj.webp\",\"width\":250,\"height\":95,\"caption\":\"CSJ Emballages\"},\"image\":{\"@id\":\"https:\/\/www.csj-emballages.com\/es\/#\/schema\/logo\/image\/\"},\"sameAs\":[\"https:\/\/www.facebook.com\/csjemballages\"],\"address\":{\"@type\":\"PostalAddress\",\"streetAddress\":\"ZI La Lechere\",\"addressLocality\":\"Patornay\",\"postalCode\":\"39130\",\"addressCountry\":\"FR\"},\"contactPoint\":[{\"@type\":\"ContactPoint\",\"contactType\":\"Service client\",\"telephone\":\"0384254272\",\"email\":\"contact@csj-emballages.com\"}]}]}<\/script>\n<!-- \/ Yoast SEO Premium plugin. -->","yoast_head_json":{"title":"Cajas para pasteles Sensation 29x5 cm \/ CSJ Emballages","description":"Descubre nuestras cajas para pasteles Sensation 29x5 cm, \u00a1ideales para transportar todo tipo de pasteles, desde pasteles hasta peque\u00f1as tartas!","robots":{"index":"index","follow":"follow","max-snippet":"max-snippet:-1","max-image-preview":"max-image-preview:large","max-video-preview":"max-video-preview:-1"},"canonical":"https:\/\/www.csj-emballages.com\/es\/produit\/50-cajas-de-pasteleria-sensation-en-cartulina-de-color-29-x-5-cm\/","og_locale":"es_ES","og_type":"article","og_title":"50 cajas de pasteler\u00eda Sensation en cartulina de color 29 x 5 cm","og_description":"Descubre nuestras cajas para pasteles Sensation 29x5 cm, \u00a1ideales para transportar todo tipo de pasteles, desde pasteles hasta peque\u00f1as tartas!","og_url":"https:\/\/www.csj-emballages.com\/es\/produit\/50-cajas-de-pasteleria-sensation-en-cartulina-de-color-29-x-5-cm\/","og_site_name":"CSJ Emballages","article_publisher":"https:\/\/www.facebook.com\/csjemballages","article_modified_time":"2026-04-24T00:12:43+00:00","og_image":[{"width":800,"height":800,"url":"https:\/\/www.csj-emballages.com\/wp-content\/uploads\/2024\/03\/BTP295EVAN.webp","type":"image\/webp"}],"twitter_card":"summary_large_image","twitter_misc":{"Tiempo de lectura":"1 minuto"},"schema":{"@context":"https:\/\/schema.org","@graph":[{"@type":"WebPage","@id":"https:\/\/www.csj-emballages.com\/es\/produit\/50-cajas-de-pasteleria-sensation-en-cartulina-de-color-29-x-5-cm\/","url":"https:\/\/www.csj-emballages.com\/es\/produit\/50-cajas-de-pasteleria-sensation-en-cartulina-de-color-29-x-5-cm\/","name":"Cajas para pasteles Sensation 29x5 cm \/ CSJ Emballages","isPartOf":{"@id":"https:\/\/www.csj-emballages.com\/es\/#website"},"primaryImageOfPage":{"@id":"https:\/\/www.csj-emballages.com\/es\/produit\/50-cajas-de-pasteleria-sensation-en-cartulina-de-color-29-x-5-cm\/#primaryimage"},"image":{"@id":"https:\/\/www.csj-emballages.com\/es\/produit\/50-cajas-de-pasteleria-sensation-en-cartulina-de-color-29-x-5-cm\/#primaryimage"},"thumbnailUrl":"https:\/\/www.csj-emballages.com\/wp-content\/uploads\/2024\/03\/BTP295EVAN.webp","datePublished":"2024-03-01T15:55:53+00:00","dateModified":"2026-04-24T00:12:43+00:00","description":"Descubre nuestras cajas para pasteles Sensation 29x5 cm, \u00a1ideales para transportar todo tipo de pasteles, desde pasteles hasta peque\u00f1as tartas!","breadcrumb":{"@id":"https:\/\/www.csj-emballages.com\/es\/produit\/50-cajas-de-pasteleria-sensation-en-cartulina-de-color-29-x-5-cm\/#breadcrumb"},"inLanguage":"es","potentialAction":[{"@type":"ReadAction","target":["https:\/\/www.csj-emballages.com\/es\/produit\/50-cajas-de-pasteleria-sensation-en-cartulina-de-color-29-x-5-cm\/"]}]},{"@type":"ImageObject","inLanguage":"es","@id":"https:\/\/www.csj-emballages.com\/es\/produit\/50-cajas-de-pasteleria-sensation-en-cartulina-de-color-29-x-5-cm\/#primaryimage","url":"https:\/\/www.csj-emballages.com\/wp-content\/uploads\/2024\/03\/BTP295EVAN.webp","contentUrl":"https:\/\/www.csj-emballages.com\/wp-content\/uploads\/2024\/03\/BTP295EVAN.webp","width":800,"height":800,"caption":"boites p\u00e2tissi\u00e8res"},{"@type":"BreadcrumbList","@id":"https:\/\/www.csj-emballages.com\/es\/produit\/50-cajas-de-pasteleria-sensation-en-cartulina-de-color-29-x-5-cm\/#breadcrumb","itemListElement":[{"@type":"ListItem","position":1,"name":"Accueil","item":"https:\/\/www.csj-emballages.com\/es\/universo-del-envasado-alimentario\/"},{"@type":"ListItem","position":2,"name":"Tienda","item":"https:\/\/www.csj-emballages.com\/tienda\/"},{"@type":"ListItem","position":3,"name":"50 cajas de pasteler\u00eda Sensation en cartulina de color 29 x 5 cm"}]},{"@type":"WebSite","@id":"https:\/\/www.csj-emballages.com\/es\/#website","url":"https:\/\/www.csj-emballages.com\/es\/","name":"CSJ Emballages","description":"","publisher":{"@id":"https:\/\/www.csj-emballages.com\/es\/#organization"},"potentialAction":[{"@type":"SearchAction","target":{"@type":"EntryPoint","urlTemplate":"https:\/\/www.csj-emballages.com\/es\/?s={search_term_string}"},"query-input":{"@type":"PropertyValueSpecification","valueRequired":true,"valueName":"search_term_string"}}],"inLanguage":"es"},{"@type":"Organization","@id":"https:\/\/www.csj-emballages.com\/es\/#Organization\/","name":"CSJ Emballages","url":"https:\/\/www.csj-emballages.com\/es\/","logo":{"@type":"ImageObject","inLanguage":"es","@id":"https:\/\/www.csj-emballages.com\/es\/#\/schema\/logo\/image\/","url":"https:\/\/www.csj-emballages.com\/wp-content\/uploads\/2023\/10\/logo_csj.webp","contentUrl":"https:\/\/www.csj-emballages.com\/wp-content\/uploads\/2023\/10\/logo_csj.webp","width":250,"height":95,"caption":"CSJ Emballages"},"image":{"@id":"https:\/\/www.csj-emballages.com\/es\/#\/schema\/logo\/image\/"},"sameAs":["https:\/\/www.facebook.com\/csjemballages"],"address":{"@type":"PostalAddress","streetAddress":"ZI La Lechere","addressLocality":"Patornay","postalCode":"39130","addressCountry":"FR"},"contactPoint":[{"@type":"ContactPoint","contactType":"Service client","telephone":"0384254272","email":"contact@csj-emballages.com"}]}]}},"df_price":24.18,"df_sale_price":24.18,"df_regular_price":26.87,"df_image_link":"https:\/\/www.csj-emballages.com\/wp-content\/uploads\/2024\/03\/BTP295EVAN-300x300.webp","tiered_pricing_type":"fixed","tiered_pricing_fixed_rules":[],"tiered_pricing_percentage_rules":[],"tiered_pricing_minimum":1,"tiered_pricing_roles_data":[],"_links":{"self":[{"href":"https:\/\/www.csj-emballages.com\/es\/wp-json\/wp\/v2\/product\/126654","targetHints":{"allow":["GET"]}}],"collection":[{"href":"https:\/\/www.csj-emballages.com\/es\/wp-json\/wp\/v2\/product"}],"about":[{"href":"https:\/\/www.csj-emballages.com\/es\/wp-json\/wp\/v2\/types\/product"}],"wp:featuredmedia":[{"embeddable":true,"href":"https:\/\/www.csj-emballages.com\/es\/wp-json\/wp\/v2\/media\/278284"}],"wp:attachment":[{"href":"https:\/\/www.csj-emballages.com\/es\/wp-json\/wp\/v2\/media?parent=126654"}],"wp:term":[{"taxonomy":"product_brand","embeddable":true,"href":"https:\/\/www.csj-emballages.com\/es\/wp-json\/wp\/v2\/product_brand?post=126654"},{"taxonomy":"product_cat","embeddable":true,"href":"https:\/\/www.csj-emballages.com\/es\/wp-json\/wp\/v2\/product_cat?post=126654"},{"taxonomy":"product_tag","embeddable":true,"href":"https:\/\/www.csj-emballages.com\/es\/wp-json\/wp\/v2\/product_tag?post=126654"}],"curies":[{"name":"wp","href":"https:\/\/api.w.org\/{rel}","templated":true}]}}