{"id":126207,"date":"2024-10-01T02:18:15","date_gmt":"2024-10-01T00:18:15","guid":{"rendered":"https:\/\/www.csj-emballages.com\/?post_type=product&#038;p=126207"},"modified":"2026-04-09T02:10:31","modified_gmt":"2026-04-09T00:10:31","slug":"spray-desengrasante-grill-horno-750ml","status":"publish","type":"product","link":"https:\/\/www.csj-emballages.com\/es\/produit\/spray-desengrasante-grill-horno-750ml\/","title":{"rendered":"Desengrasante para parrillas \/ planchas \/ hornos 1 litro"},"content":{"rendered":"<div class=\"flex flex-grow flex-col max-w-full\">\n<div class=\"min-h-[20px] text-message flex flex-col items-start whitespace-pre-wrap break-words [.text-message+&amp;]:mt-5 juice:w-full juice:items-end overflow-x-auto gap-2\" dir=\"auto\" data-message-author-role=\"assistant\" data-message-id=\"2034782e-88f9-44ef-b4dc-07dd7bf0115f\">\n<div class=\"flex w-full flex-col gap-1 juice:empty:hidden juice:first:pt-[3px]\">\n<div class=\"markdown prose w-full break-words dark:prose-invert light\">\n<div style=\"font-family: Roboto, sans-serif\">\n<div style=\"font-family: Roboto, sans-serif\">\n<div style=\"font-family: Roboto, sans-serif\">\n<div style=\"font-family: Roboto, sans-serif\">\n<div style=\"font-family: Roboto, sans-serif\">\n<div style=\"font-family: Roboto, sans-serif\">\n<div style=\"font-family: Roboto, sans-serif\">\n<div style=\"font-family: Roboto, sans-serif\">\n<div style=\"font-family: Roboto, sans-serif\">\n<div style=\"text-align: center\">\n<div style=\"font-family: Roboto, sans-serif\">\n<div style=\"font-family: Roboto, sans-serif\">\n<div style=\"font-family: Roboto, sans-serif\">\n<div style=\"font-family: Roboto, sans-serif\">\n<h2 style=\"text-align: left\">Desengrasante para parrillas y planchas<\/h2>\n<\/div>\n<\/div>\n<\/div>\n<\/div>\n<\/div>\n<\/div>\n<\/div>\n<\/div>\n<\/div>\n<\/div>\n<\/div>\n<\/div>\n<\/div>\n<\/div>\n<\/div>\n<\/div>\n<\/div>\n<\/div>\n<hr>\n<h3>Descripci\u00f3n de nuestro desengrasante para parrillas \/ hornos \/ planchas 1L<\/h3>\n<p><!--more--><\/p>\n<p><strong>Grill \/ Plancha \/ Horno Desengrasante 1 litro<\/strong> es su aliado imprescindible para eliminar la grasa m\u00e1s resistente de todas sus superficies de cocci\u00f3n. Gracias a su potente f\u00f3rmula, disuelve r\u00e1pidamente incluso la grasa m\u00e1s resistente, para que pueda limpiar sus <strong>parrillas<\/strong>, <strong>hornos<\/strong> y placas de cocci\u00f3n sin esfuerzo. Est\u00e1 especialmente formulado para actuar en profundidad respetando todos los materiales, ya sea acero inoxidable, hierro fundido o vitrocer\u00e1mica.  <\/p>\n<p>En pocas pulverizaciones, este<strong> desengrasante<\/strong> envuelve las superficies en una espuma activa que ataca las manchas m\u00e1s dif\u00edciles. Ideal tanto para uso dom\u00e9stico como profesional, mantiene los utensilios de cocina limpios y brillantes con facilidad. Adem\u00e1s, es inocuo para las superficies alimentarias, por lo que puedes estar seguro de que su uso es seguro.  <\/p>\n<p>Con su botella <strong>de 1 litro<\/strong>, ofrece una capacidad generosa para un uso regular. Adem\u00e1s, es respetuoso con el medio ambiente, ya que no contiene ingredientes nocivos. Utiliza este <strong>pulverizador<\/strong> para mantener tu equipo de forma r\u00e1pida y sencilla, al tiempo que alargas su vida \u00fatil.  <\/p>\n<p>&nbsp;<\/p>\n<p><!--more--><\/p>\n<h4>Ventajas:<\/h4>\n<ul>\n<li><strong>De acci\u00f3n r\u00e1pida<\/strong>: Elimina la grasa persistente en menos tiempo, facilitando la limpieza.<\/li>\n<li><strong>Vers\u00e1til<\/strong>: Apto para parrillas, hornos, placas de cocina y superficies similares.<\/li>\n<li><strong>F\u00e1cil de usar<\/strong>: Pulverizaci\u00f3n directa, tiempo de aplicaci\u00f3n corto, limpieza r\u00e1pida.<\/li>\n<li><strong>Seguridad alimentaria<\/strong>: seguro para superficies alimentarias, perfecto para cocinas profesionales y dom\u00e9sticas<\/li>\n<\/ul>\n<p>&nbsp;<\/p>\n<p><!--more--><\/p>\n<h4>Instrucciones de uso :<\/h4>\n<ul>\n<li>Util\u00edzalo puro para limpiar parrillas\/planchas de restaurante, preferiblemente con la parrilla\/plancha caliente (50-60\u00b0C)<\/li>\n<li>Aclara con un pa\u00f1o h\u00famedo. Puede diluirse con agua seg\u00fan el grado de suciedad de otros materiales (filtros, horno, etc.). <\/li>\n<\/ul>\n<p>&nbsp;<\/p>\n<p><!--more--><\/p>\n<h4>Informaci\u00f3n adicional :<\/h4>\n<ul>\n<li><strong>Embalaje<\/strong>: Por unidad<\/li>\n<li><strong>Uso<\/strong>: Desengrasante para parrillas \/ planchas \/ hornos<\/li>\n<li><strong>Volumen<\/strong>: 1 litro<\/li>\n<\/ul>\n<p>&nbsp;<\/p>\n<p><!--more--><\/p>\n<p>Encuentre aqu\u00ed nuestro desengrasante para parrillas \/ hornos \/ planchas 6kg : <span style=\"color: #d12727\"><a style=\"color: #d12727\" href=\"https:\/\/www.csj-emballages.com\/es\/produit\/desengrasante-para-planchas-6-kg\/\">02555<\/a><\/span><\/p>\n<p>&nbsp;<\/p>\n<p><!--more--><\/p>\n<p><a href=\"https:\/\/www.csj-emballages.com\/es\/categorie-produit\/higiene-y-mantenimiento\/productos-de-limpieza\/cocina\/\">Ver el resto de nuestra gama de productos para el cuidado de la cocina  <\/a><\/p>\n","protected":false},"excerpt":{"rendered":"<p>Desengrasante para parrillas y planchas Descripci\u00f3n de nuestro desengrasante para parrillas \/ hornos \/ planchas 1L<\/p>\n","protected":false},"featured_media":233187,"template":"","meta":{"_acf_changed":false},"product_brand":[],"product_cat":[1226,1227,1355],"product_tag":[],"class_list":{"0":"post-126207","1":"product","2":"type-product","3":"status-publish","4":"has-post-thumbnail","6":"product_cat-higiene-y-mantenimiento","7":"product_cat-productos-de-limpieza","8":"product_cat-cocina","10":"first","11":"instock","12":"taxable","13":"shipping-taxable","14":"purchasable","15":"product-type-simple"},"acf":[],"yoast_head":"<!-- This site is optimized with the Yoast SEO Premium plugin v26.6 (Yoast SEO v26.6) - https:\/\/yoast.com\/wordpress\/plugins\/seo\/ -->\n<title>Desengrasante Parrillas \/ Planchas \/ Hornos 1 litro<\/title>\n<meta name=\"description\" content=\"Limpie eficazmente con nuestro desengrasante de 1 litro para parrillas\/planchas\/hornos. F\u00f3rmula potente y sin riesgos para superficies alimentarias.\" \/>\n<meta name=\"robots\" content=\"index, follow, max-snippet:-1, max-image-preview:large, max-video-preview:-1\" \/>\n<link rel=\"canonical\" href=\"https:\/\/www.csj-emballages.com\/es\/produit\/spray-desengrasante-grill-horno-750ml\/\" \/>\n<meta property=\"og:locale\" content=\"es_ES\" \/>\n<meta property=\"og:type\" content=\"article\" \/>\n<meta property=\"og:title\" content=\"Desengrasante para parrillas \/ planchas \/ hornos 1 litro\" \/>\n<meta property=\"og:description\" content=\"Limpie eficazmente con nuestro desengrasante de 1 litro para parrillas\/planchas\/hornos. F\u00f3rmula potente y sin riesgos para superficies alimentarias.\" \/>\n<meta property=\"og:url\" content=\"https:\/\/www.csj-emballages.com\/es\/produit\/spray-desengrasante-grill-horno-750ml\/\" \/>\n<meta property=\"og:site_name\" content=\"CSJ Emballages\" \/>\n<meta property=\"article:publisher\" content=\"https:\/\/www.facebook.com\/csjemballages\" \/>\n<meta property=\"article:modified_time\" content=\"2026-04-09T00:10:31+00:00\" \/>\n<meta property=\"og:image\" content=\"https:\/\/www.csj-emballages.com\/wp-content\/uploads\/2024\/10\/04171.webp\" \/>\n\t<meta property=\"og:image:width\" content=\"800\" \/>\n\t<meta property=\"og:image:height\" content=\"800\" \/>\n\t<meta property=\"og:image:type\" content=\"image\/webp\" \/>\n<meta name=\"twitter:card\" content=\"summary_large_image\" \/>\n<meta name=\"twitter:label1\" content=\"Tiempo de lectura\" \/>\n\t<meta name=\"twitter:data1\" content=\"2 minutos\" \/>\n<script type=\"application\/ld+json\" class=\"yoast-schema-graph\">{\"@context\":\"https:\/\/schema.org\",\"@graph\":[{\"@type\":\"WebPage\",\"@id\":\"https:\/\/www.csj-emballages.com\/es\/produit\/spray-desengrasante-grill-horno-750ml\/\",\"url\":\"https:\/\/www.csj-emballages.com\/es\/produit\/spray-desengrasante-grill-horno-750ml\/\",\"name\":\"Desengrasante Parrillas \/ Planchas \/ Hornos 1 litro\",\"isPartOf\":{\"@id\":\"https:\/\/www.csj-emballages.com\/es\/#website\"},\"primaryImageOfPage\":{\"@id\":\"https:\/\/www.csj-emballages.com\/es\/produit\/spray-desengrasante-grill-horno-750ml\/#primaryimage\"},\"image\":{\"@id\":\"https:\/\/www.csj-emballages.com\/es\/produit\/spray-desengrasante-grill-horno-750ml\/#primaryimage\"},\"thumbnailUrl\":\"https:\/\/www.csj-emballages.com\/wp-content\/uploads\/2024\/10\/04171.webp\",\"datePublished\":\"2024-10-01T00:18:15+00:00\",\"dateModified\":\"2026-04-09T00:10:31+00:00\",\"description\":\"Limpie eficazmente con nuestro desengrasante de 1 litro para parrillas\/planchas\/hornos. F\u00f3rmula potente y sin riesgos para superficies alimentarias.\",\"breadcrumb\":{\"@id\":\"https:\/\/www.csj-emballages.com\/es\/produit\/spray-desengrasante-grill-horno-750ml\/#breadcrumb\"},\"inLanguage\":\"es\",\"potentialAction\":[{\"@type\":\"ReadAction\",\"target\":[\"https:\/\/www.csj-emballages.com\/es\/produit\/spray-desengrasante-grill-horno-750ml\/\"]}]},{\"@type\":\"ImageObject\",\"inLanguage\":\"es\",\"@id\":\"https:\/\/www.csj-emballages.com\/es\/produit\/spray-desengrasante-grill-horno-750ml\/#primaryimage\",\"url\":\"https:\/\/www.csj-emballages.com\/wp-content\/uploads\/2024\/10\/04171.webp\",\"contentUrl\":\"https:\/\/www.csj-emballages.com\/wp-content\/uploads\/2024\/10\/04171.webp\",\"width\":800,\"height\":800,\"caption\":\"D\u00e9graissant grills \/ planchas\"},{\"@type\":\"BreadcrumbList\",\"@id\":\"https:\/\/www.csj-emballages.com\/es\/produit\/spray-desengrasante-grill-horno-750ml\/#breadcrumb\",\"itemListElement\":[{\"@type\":\"ListItem\",\"position\":1,\"name\":\"Accueil\",\"item\":\"https:\/\/www.csj-emballages.com\/es\/universo-del-envasado-alimentario\/\"},{\"@type\":\"ListItem\",\"position\":2,\"name\":\"Tienda\",\"item\":\"https:\/\/www.csj-emballages.com\/tienda\/\"},{\"@type\":\"ListItem\",\"position\":3,\"name\":\"Desengrasante para parrillas \/ planchas \/ hornos 1 litro\"}]},{\"@type\":\"WebSite\",\"@id\":\"https:\/\/www.csj-emballages.com\/es\/#website\",\"url\":\"https:\/\/www.csj-emballages.com\/es\/\",\"name\":\"CSJ Emballages\",\"description\":\"\",\"publisher\":{\"@id\":\"https:\/\/www.csj-emballages.com\/es\/#organization\"},\"potentialAction\":[{\"@type\":\"SearchAction\",\"target\":{\"@type\":\"EntryPoint\",\"urlTemplate\":\"https:\/\/www.csj-emballages.com\/es\/?s={search_term_string}\"},\"query-input\":{\"@type\":\"PropertyValueSpecification\",\"valueRequired\":true,\"valueName\":\"search_term_string\"}}],\"inLanguage\":\"es\"},{\"@type\":\"Organization\",\"@id\":\"https:\/\/www.csj-emballages.com\/es\/#Organization\/\",\"name\":\"CSJ Emballages\",\"url\":\"https:\/\/www.csj-emballages.com\/es\/\",\"logo\":{\"@type\":\"ImageObject\",\"inLanguage\":\"es\",\"@id\":\"https:\/\/www.csj-emballages.com\/es\/#\/schema\/logo\/image\/\",\"url\":\"https:\/\/www.csj-emballages.com\/wp-content\/uploads\/2023\/10\/logo_csj.webp\",\"contentUrl\":\"https:\/\/www.csj-emballages.com\/wp-content\/uploads\/2023\/10\/logo_csj.webp\",\"width\":250,\"height\":95,\"caption\":\"CSJ Emballages\"},\"image\":{\"@id\":\"https:\/\/www.csj-emballages.com\/es\/#\/schema\/logo\/image\/\"},\"sameAs\":[\"https:\/\/www.facebook.com\/csjemballages\"],\"address\":{\"@type\":\"PostalAddress\",\"streetAddress\":\"ZI La Lechere\",\"addressLocality\":\"Patornay\",\"postalCode\":\"39130\",\"addressCountry\":\"FR\"},\"contactPoint\":[{\"@type\":\"ContactPoint\",\"contactType\":\"Service client\",\"telephone\":\"0384254272\",\"email\":\"contact@csj-emballages.com\"}]}]}<\/script>\n<!-- \/ Yoast SEO Premium plugin. -->","yoast_head_json":{"title":"Desengrasante Parrillas \/ Planchas \/ Hornos 1 litro","description":"Limpie eficazmente con nuestro desengrasante de 1 litro para parrillas\/planchas\/hornos. F\u00f3rmula potente y sin riesgos para superficies alimentarias.","robots":{"index":"index","follow":"follow","max-snippet":"max-snippet:-1","max-image-preview":"max-image-preview:large","max-video-preview":"max-video-preview:-1"},"canonical":"https:\/\/www.csj-emballages.com\/es\/produit\/spray-desengrasante-grill-horno-750ml\/","og_locale":"es_ES","og_type":"article","og_title":"Desengrasante para parrillas \/ planchas \/ hornos 1 litro","og_description":"Limpie eficazmente con nuestro desengrasante de 1 litro para parrillas\/planchas\/hornos. F\u00f3rmula potente y sin riesgos para superficies alimentarias.","og_url":"https:\/\/www.csj-emballages.com\/es\/produit\/spray-desengrasante-grill-horno-750ml\/","og_site_name":"CSJ Emballages","article_publisher":"https:\/\/www.facebook.com\/csjemballages","article_modified_time":"2026-04-09T00:10:31+00:00","og_image":[{"width":800,"height":800,"url":"https:\/\/www.csj-emballages.com\/wp-content\/uploads\/2024\/10\/04171.webp","type":"image\/webp"}],"twitter_card":"summary_large_image","twitter_misc":{"Tiempo de lectura":"2 minutos"},"schema":{"@context":"https:\/\/schema.org","@graph":[{"@type":"WebPage","@id":"https:\/\/www.csj-emballages.com\/es\/produit\/spray-desengrasante-grill-horno-750ml\/","url":"https:\/\/www.csj-emballages.com\/es\/produit\/spray-desengrasante-grill-horno-750ml\/","name":"Desengrasante Parrillas \/ Planchas \/ Hornos 1 litro","isPartOf":{"@id":"https:\/\/www.csj-emballages.com\/es\/#website"},"primaryImageOfPage":{"@id":"https:\/\/www.csj-emballages.com\/es\/produit\/spray-desengrasante-grill-horno-750ml\/#primaryimage"},"image":{"@id":"https:\/\/www.csj-emballages.com\/es\/produit\/spray-desengrasante-grill-horno-750ml\/#primaryimage"},"thumbnailUrl":"https:\/\/www.csj-emballages.com\/wp-content\/uploads\/2024\/10\/04171.webp","datePublished":"2024-10-01T00:18:15+00:00","dateModified":"2026-04-09T00:10:31+00:00","description":"Limpie eficazmente con nuestro desengrasante de 1 litro para parrillas\/planchas\/hornos. F\u00f3rmula potente y sin riesgos para superficies alimentarias.","breadcrumb":{"@id":"https:\/\/www.csj-emballages.com\/es\/produit\/spray-desengrasante-grill-horno-750ml\/#breadcrumb"},"inLanguage":"es","potentialAction":[{"@type":"ReadAction","target":["https:\/\/www.csj-emballages.com\/es\/produit\/spray-desengrasante-grill-horno-750ml\/"]}]},{"@type":"ImageObject","inLanguage":"es","@id":"https:\/\/www.csj-emballages.com\/es\/produit\/spray-desengrasante-grill-horno-750ml\/#primaryimage","url":"https:\/\/www.csj-emballages.com\/wp-content\/uploads\/2024\/10\/04171.webp","contentUrl":"https:\/\/www.csj-emballages.com\/wp-content\/uploads\/2024\/10\/04171.webp","width":800,"height":800,"caption":"D\u00e9graissant grills \/ planchas"},{"@type":"BreadcrumbList","@id":"https:\/\/www.csj-emballages.com\/es\/produit\/spray-desengrasante-grill-horno-750ml\/#breadcrumb","itemListElement":[{"@type":"ListItem","position":1,"name":"Accueil","item":"https:\/\/www.csj-emballages.com\/es\/universo-del-envasado-alimentario\/"},{"@type":"ListItem","position":2,"name":"Tienda","item":"https:\/\/www.csj-emballages.com\/tienda\/"},{"@type":"ListItem","position":3,"name":"Desengrasante para parrillas \/ planchas \/ hornos 1 litro"}]},{"@type":"WebSite","@id":"https:\/\/www.csj-emballages.com\/es\/#website","url":"https:\/\/www.csj-emballages.com\/es\/","name":"CSJ Emballages","description":"","publisher":{"@id":"https:\/\/www.csj-emballages.com\/es\/#organization"},"potentialAction":[{"@type":"SearchAction","target":{"@type":"EntryPoint","urlTemplate":"https:\/\/www.csj-emballages.com\/es\/?s={search_term_string}"},"query-input":{"@type":"PropertyValueSpecification","valueRequired":true,"valueName":"search_term_string"}}],"inLanguage":"es"},{"@type":"Organization","@id":"https:\/\/www.csj-emballages.com\/es\/#Organization\/","name":"CSJ Emballages","url":"https:\/\/www.csj-emballages.com\/es\/","logo":{"@type":"ImageObject","inLanguage":"es","@id":"https:\/\/www.csj-emballages.com\/es\/#\/schema\/logo\/image\/","url":"https:\/\/www.csj-emballages.com\/wp-content\/uploads\/2023\/10\/logo_csj.webp","contentUrl":"https:\/\/www.csj-emballages.com\/wp-content\/uploads\/2023\/10\/logo_csj.webp","width":250,"height":95,"caption":"CSJ Emballages"},"image":{"@id":"https:\/\/www.csj-emballages.com\/es\/#\/schema\/logo\/image\/"},"sameAs":["https:\/\/www.facebook.com\/csjemballages"],"address":{"@type":"PostalAddress","streetAddress":"ZI La Lechere","addressLocality":"Patornay","postalCode":"39130","addressCountry":"FR"},"contactPoint":[{"@type":"ContactPoint","contactType":"Service client","telephone":"0384254272","email":"contact@csj-emballages.com"}]}]}},"df_price":4.58,"df_sale_price":"","df_regular_price":4.58,"df_image_link":"https:\/\/www.csj-emballages.com\/wp-content\/uploads\/2024\/10\/04171-300x300.webp","tiered_pricing_type":"fixed","tiered_pricing_fixed_rules":[],"tiered_pricing_percentage_rules":[],"tiered_pricing_minimum":1,"tiered_pricing_roles_data":[],"_links":{"self":[{"href":"https:\/\/www.csj-emballages.com\/es\/wp-json\/wp\/v2\/product\/126207","targetHints":{"allow":["GET"]}}],"collection":[{"href":"https:\/\/www.csj-emballages.com\/es\/wp-json\/wp\/v2\/product"}],"about":[{"href":"https:\/\/www.csj-emballages.com\/es\/wp-json\/wp\/v2\/types\/product"}],"wp:featuredmedia":[{"embeddable":true,"href":"https:\/\/www.csj-emballages.com\/es\/wp-json\/wp\/v2\/media\/233187"}],"wp:attachment":[{"href":"https:\/\/www.csj-emballages.com\/es\/wp-json\/wp\/v2\/media?parent=126207"}],"wp:term":[{"taxonomy":"product_brand","embeddable":true,"href":"https:\/\/www.csj-emballages.com\/es\/wp-json\/wp\/v2\/product_brand?post=126207"},{"taxonomy":"product_cat","embeddable":true,"href":"https:\/\/www.csj-emballages.com\/es\/wp-json\/wp\/v2\/product_cat?post=126207"},{"taxonomy":"product_tag","embeddable":true,"href":"https:\/\/www.csj-emballages.com\/es\/wp-json\/wp\/v2\/product_tag?post=126207"}],"curies":[{"name":"wp","href":"https:\/\/api.w.org\/{rel}","templated":true}]}}