{"id":126202,"date":"2024-10-01T02:18:17","date_gmt":"2024-10-01T00:18:17","guid":{"rendered":"https:\/\/www.csj-emballages.com\/?post_type=product&#038;p=126202"},"modified":"2026-03-19T02:10:21","modified_gmt":"2026-03-19T01:10:21","slug":"limpiador-de-suelos-2d-neutro-de-baja-porosidad-con-espuma-controlada","status":"publish","type":"product","link":"https:\/\/www.csj-emballages.com\/es\/produit\/limpiador-de-suelos-2d-neutro-de-baja-porosidad-con-espuma-controlada\/","title":{"rendered":"Limpiador de suelos neutro de baja porosidad con espuma controlada 2D 5L"},"content":{"rendered":"<div class=\"flex flex-grow flex-col max-w-full\">\n<div class=\"min-h-[20px] text-message flex flex-col items-start whitespace-pre-wrap break-words [.text-message+&amp;]:mt-5 juice:w-full juice:items-end overflow-x-auto gap-2\" dir=\"auto\" data-message-author-role=\"assistant\" data-message-id=\"2034782e-88f9-44ef-b4dc-07dd7bf0115f\">\n<div class=\"flex w-full flex-col gap-1 juice:empty:hidden juice:first:pt-[3px]\">\n<div class=\"markdown prose w-full break-words dark:prose-invert light\">\n<div style=\"box-sizing: inherit; font-family: Roboto, sans-serif;\">\n<div style=\"box-sizing: inherit; font-family: Roboto, sans-serif;\">\n<div style=\"box-sizing: inherit; font-family: Roboto, sans-serif;\">\n<div style=\"box-sizing: inherit; font-family: Roboto, sans-serif;\">\n<div style=\"box-sizing: inherit; font-family: Roboto, sans-serif;\">\n<div style=\"box-sizing: inherit; font-family: Roboto, sans-serif;\">\n<h2 class=\"p1\">Limpiador Autoscrubber<\/h2>\n<div style=\"box-sizing: inherit; font-family: Roboto, sans-serif;\">\n<div style=\"box-sizing: inherit; font-family: Roboto, sans-serif;\">\n<div style=\"box-sizing: inherit; font-family: Roboto, sans-serif;\">\n<div style=\"text-align: center;\">\n<div style=\"box-sizing: inherit; font-family: Roboto, sans-serif;\">\n<div style=\"box-sizing: inherit; font-family: Roboto, sans-serif;\">\n<div style=\"box-sizing: inherit; font-family: Roboto, sans-serif;\">\n<div style=\"box-sizing: inherit; font-family: Roboto, sans-serif;\">\n<div style=\"box-sizing: inherit; font-family: Roboto, sans-serif;\">\n<div style=\"box-sizing: inherit; font-family: Roboto, sans-serif; text-align: left;\">\n<hr>\n<h3 style=\"text-align: left;\">Descripci\u00f3n de nuestro limpiador de suelos neutro de baja porosidad con espuma controlada 2D 5L<\/h3>\n<h3 style=\"text-align: left;\"><!--more--><\/h3>\n<p data-start=\"256\" data-end=\"657\">Dise\u00f1ado para los profesionales del mantenimiento m\u00e1s exigentes, este <strong data-start=\"315\" data-end=\"354\">limpiador autolimpiante de espuma controlada<\/strong> es perfectamente adecuado para <strong data-start=\"383\" data-end=\"409\">suelos de baja porosidad<\/strong> como el gres porcel\u00e1nico, los suelos vitrificados y los revestimientos pl\u00e1sticos brillantes. Gracias a su formulaci\u00f3n especial, limpia eficazmente sin alterar el brillo natural del suelo ni dejar rayas, residuos o un acabado resbaladizo. <\/p>\n<p data-start=\"659\" data-end=\"1138\">Este producto puede utilizarse tanto en <strong>fregadoras<\/strong> como en lavadoras manuales, y garantiza una limpieza r\u00e1pida y uniforme sin sobredosificaci\u00f3n. Su <strong data-start=\"781\" data-end=\"801\">espuma controlada<\/strong> evita cualquier desbordamiento en los dep\u00f3sitos de las m\u00e1quinas, optimizando la eficacia y protegiendo los equipos. El suelo se seca r\u00e1pidamente, lo que permite volver a poner en servicio el local casi de inmediato, algo esencial en entornos muy transitados como tiendas, restaurantes, salas de recepci\u00f3n o zonas industriales.  <\/p>\n<p data-start=\"1140\" data-end=\"1366\">Dotado <strong data-start=\"1148\" data-end=\"1176\">de propiedades antiest\u00e1ticas<\/strong>, este <strong>limpiador autolimpiable<\/strong> reduce significativamente la acumulaci\u00f3n de polvo tras su aplicaci\u00f3n. Deja una fragancia discreta y agradable, potenciando la sensaci\u00f3n de limpieza sin saturar el olor. <\/p>\n<p data-start=\"1368\" data-end=\"1519\">En resumen, se trata de un producto vers\u00e1til, ideal para <strong data-start=\"1412\" data-end=\"1437\">un uso frecuente<\/strong>, que respeta los materiales y ofrece resultados profesionales en todo momento.<\/p>\n<\/div>\n<\/div>\n<\/div>\n<\/div>\n<\/div>\n<\/div>\n<\/div>\n<\/div>\n<\/div>\n<\/div>\n<\/div>\n<\/div>\n<\/div>\n<\/div>\n<\/div>\n<\/div>\n<\/div>\n<\/div>\n<\/div>\n<\/div>\n<div class=\"flex flex-grow flex-col max-w-full\">\n<div class=\"min-h-[20px] text-message flex flex-col items-start whitespace-pre-wrap break-words [.text-message+&amp;]:mt-5 juice:w-full juice:items-end overflow-x-auto gap-2\" dir=\"auto\" data-message-author-role=\"assistant\" data-message-id=\"2034782e-88f9-44ef-b4dc-07dd7bf0115f\">\n<div class=\"flex w-full flex-col gap-1 juice:empty:hidden juice:first:pt-[3px]\">\n<div class=\"markdown prose w-full break-words dark:prose-invert light\">\n<div style=\"box-sizing: inherit; font-family: Roboto, sans-serif;\">\n<div style=\"box-sizing: inherit; font-family: Roboto, sans-serif;\">\n<div style=\"box-sizing: inherit; font-family: Roboto, sans-serif;\">\n<div style=\"box-sizing: inherit; font-family: Roboto, sans-serif;\">\n<div style=\"box-sizing: inherit; font-family: Roboto, sans-serif;\">\n<div style=\"box-sizing: inherit; font-family: Roboto, sans-serif;\"><\/div>\n<\/div>\n<\/div>\n<\/div>\n<\/div>\n<\/div>\n<\/div>\n<\/div>\n<\/div>\n<\/div>\n<div class=\"flex flex-grow flex-col max-w-full\">\n<div class=\"min-h-[20px] text-message flex flex-col items-start whitespace-pre-wrap break-words [.text-message+&amp;]:mt-5 juice:w-full juice:items-end overflow-x-auto gap-2\" dir=\"auto\" data-message-author-role=\"assistant\" data-message-id=\"2034782e-88f9-44ef-b4dc-07dd7bf0115f\">\n<div class=\"flex w-full flex-col gap-1 juice:empty:hidden juice:first:pt-[3px]\">\n<div class=\"markdown prose w-full break-words dark:prose-invert light\">\n<div style=\"box-sizing: inherit; font-family: Roboto, sans-serif;\">\n<div style=\"box-sizing: inherit; font-family: Roboto, sans-serif;\">\n<div style=\"box-sizing: inherit; font-family: Roboto, sans-serif;\">\n<div style=\"box-sizing: inherit; font-family: Roboto, sans-serif;\">\n<div style=\"box-sizing: inherit; font-family: Roboto, sans-serif;\">\n<div style=\"box-sizing: inherit; font-family: Roboto, sans-serif;\">\n<p><!--more--><\/p>\n<h4 style=\"text-align: left;\"><strong>Ventajas :<\/strong><\/h4>\n<ul style=\"text-align: left;\">\n<li>Para suelos de baja porosidad y alto brillo.<\/li>\n<li>Seca r\u00e1pidamente sin dejar rayas ni residuos.<\/li>\n<li>Apto para fregadoras autom\u00e1ticas y de uso manual.<\/li>\n<li><strong>Espuma controlada<\/strong>: sin desbordamiento de la m\u00e1quina.<\/li>\n<li><strong>Efecto antiest\u00e1tico<\/strong>: limita los dep\u00f3sitos de polvo.<\/li>\n<li>Ideal para el mantenimiento diario en zonas muy transitadas.<\/li>\n<\/ul>\n<\/div>\n<\/div>\n<p>&nbsp;<\/p>\n<\/div>\n<\/div>\n<\/div>\n<\/div>\n<\/div>\n<\/div>\n<\/div>\n<\/div>\n<p><!--more--><\/p>\n<h4>Informaci\u00f3n adicional :<\/h4>\n<ul>\n<li><strong>Embalaje<\/strong>: Por unidad<\/li>\n<li><strong>Uso<\/strong>: Limpiador de auto-fregado<\/li>\n<li><strong>Volumen<\/strong>: 5 litros<\/li>\n<\/ul>\n<p>&nbsp;<\/p>\n<p><!--more--><\/p>\n<p class=\"woocommerce-loop-product__title\">Tambi\u00e9n puede encontrar nuestro limpiador desinfectante con una fresca fragancia 3D 5 L: <span style=\"color: #d12727;\"><a style=\"color: #d12727;\" href=\"https:\/\/www.csj-emballages.com\/es\/produit\/limpiador-desinfectante-sobreolor-3d-frescor-fragancia-5-l\/\">30035<\/a><\/span><\/p>\n<p>&nbsp;<\/p>\n<p style=\"text-align: left;\"><!--more--><\/p>\n<p><a href=\"https:\/\/www.csj-emballages.com\/es\/categorie-produit\/higiene-y-mantenimiento\/productos-de-limpieza\/suelo\/\">Ver el resto de nuestra gama de productos para el cuidado de los suelos<\/a><\/p>\n","protected":false},"excerpt":{"rendered":"<p>Limpiador Autoscrubber Descripci\u00f3n de nuestro limpiador de suelos neutro de baja porosidad con espuma controlada 2D 5L<\/p>\n","protected":false},"featured_media":239581,"template":"","meta":{"_acf_changed":false},"product_brand":[],"product_cat":[1226,1227,1379],"product_tag":[],"class_list":{"0":"post-126202","1":"product","2":"type-product","3":"status-publish","4":"has-post-thumbnail","6":"product_cat-higiene-y-mantenimiento","7":"product_cat-productos-de-limpieza","8":"product_cat-suelo","9":"product_shipping_class-no-permitido-en-reles","11":"first","12":"instock","13":"taxable","14":"shipping-taxable","15":"purchasable","16":"product-type-simple"},"acf":[],"yoast_head":"<!-- This site is optimized with the Yoast SEO Premium plugin v26.6 (Yoast SEO v26.6) - https:\/\/yoast.com\/wordpress\/plugins\/seo\/ -->\n<title>Limpiador de suelos autolimpiante de espuma controlada y baja porosidad<\/title>\n<meta name=\"description\" content=\"Limpiador neutro para suelos de baja porosidad. De secado r\u00e1pido, sin rayas, con efecto antiest\u00e1tico y espuma controlada.\" \/>\n<meta name=\"robots\" content=\"index, follow, max-snippet:-1, max-image-preview:large, max-video-preview:-1\" \/>\n<link rel=\"canonical\" href=\"https:\/\/www.csj-emballages.com\/es\/produit\/limpiador-de-suelos-2d-neutro-de-baja-porosidad-con-espuma-controlada\/\" \/>\n<meta property=\"og:locale\" content=\"es_ES\" \/>\n<meta property=\"og:type\" content=\"article\" \/>\n<meta property=\"og:title\" content=\"Limpiador de suelos neutro de baja porosidad con espuma controlada 2D 5L\" \/>\n<meta property=\"og:description\" content=\"Limpiador neutro para suelos de baja porosidad. De secado r\u00e1pido, sin rayas, con efecto antiest\u00e1tico y espuma controlada.\" \/>\n<meta property=\"og:url\" content=\"https:\/\/www.csj-emballages.com\/es\/produit\/limpiador-de-suelos-2d-neutro-de-baja-porosidad-con-espuma-controlada\/\" \/>\n<meta property=\"og:site_name\" content=\"CSJ Emballages\" \/>\n<meta property=\"article:publisher\" content=\"https:\/\/www.facebook.com\/csjemballages\" \/>\n<meta property=\"article:modified_time\" content=\"2026-03-19T01:10:21+00:00\" \/>\n<meta property=\"og:image\" content=\"https:\/\/www.csj-emballages.com\/wp-content\/uploads\/2024\/10\/30125.webp\" \/>\n\t<meta property=\"og:image:width\" content=\"800\" \/>\n\t<meta property=\"og:image:height\" content=\"800\" \/>\n\t<meta property=\"og:image:type\" content=\"image\/webp\" \/>\n<meta name=\"twitter:card\" content=\"summary_large_image\" \/>\n<meta name=\"twitter:label1\" content=\"Tiempo de lectura\" \/>\n\t<meta name=\"twitter:data1\" content=\"2 minutos\" \/>\n<script type=\"application\/ld+json\" class=\"yoast-schema-graph\">{\"@context\":\"https:\/\/schema.org\",\"@graph\":[{\"@type\":\"WebPage\",\"@id\":\"https:\/\/www.csj-emballages.com\/es\/produit\/limpiador-de-suelos-2d-neutro-de-baja-porosidad-con-espuma-controlada\/\",\"url\":\"https:\/\/www.csj-emballages.com\/es\/produit\/limpiador-de-suelos-2d-neutro-de-baja-porosidad-con-espuma-controlada\/\",\"name\":\"Limpiador de suelos autolimpiante de espuma controlada y baja porosidad\",\"isPartOf\":{\"@id\":\"https:\/\/www.csj-emballages.com\/es\/#website\"},\"primaryImageOfPage\":{\"@id\":\"https:\/\/www.csj-emballages.com\/es\/produit\/limpiador-de-suelos-2d-neutro-de-baja-porosidad-con-espuma-controlada\/#primaryimage\"},\"image\":{\"@id\":\"https:\/\/www.csj-emballages.com\/es\/produit\/limpiador-de-suelos-2d-neutro-de-baja-porosidad-con-espuma-controlada\/#primaryimage\"},\"thumbnailUrl\":\"https:\/\/www.csj-emballages.com\/wp-content\/uploads\/2024\/10\/30125.webp\",\"datePublished\":\"2024-10-01T00:18:17+00:00\",\"dateModified\":\"2026-03-19T01:10:21+00:00\",\"description\":\"Limpiador neutro para suelos de baja porosidad. De secado r\u00e1pido, sin rayas, con efecto antiest\u00e1tico y espuma controlada.\",\"breadcrumb\":{\"@id\":\"https:\/\/www.csj-emballages.com\/es\/produit\/limpiador-de-suelos-2d-neutro-de-baja-porosidad-con-espuma-controlada\/#breadcrumb\"},\"inLanguage\":\"es\",\"potentialAction\":[{\"@type\":\"ReadAction\",\"target\":[\"https:\/\/www.csj-emballages.com\/es\/produit\/limpiador-de-suelos-2d-neutro-de-baja-porosidad-con-espuma-controlada\/\"]}]},{\"@type\":\"ImageObject\",\"inLanguage\":\"es\",\"@id\":\"https:\/\/www.csj-emballages.com\/es\/produit\/limpiador-de-suelos-2d-neutro-de-baja-porosidad-con-espuma-controlada\/#primaryimage\",\"url\":\"https:\/\/www.csj-emballages.com\/wp-content\/uploads\/2024\/10\/30125.webp\",\"contentUrl\":\"https:\/\/www.csj-emballages.com\/wp-content\/uploads\/2024\/10\/30125.webp\",\"width\":800,\"height\":800,\"caption\":\"Nettoyant auto-laveuse\"},{\"@type\":\"BreadcrumbList\",\"@id\":\"https:\/\/www.csj-emballages.com\/es\/produit\/limpiador-de-suelos-2d-neutro-de-baja-porosidad-con-espuma-controlada\/#breadcrumb\",\"itemListElement\":[{\"@type\":\"ListItem\",\"position\":1,\"name\":\"Accueil\",\"item\":\"https:\/\/www.csj-emballages.com\/es\/universo-del-envasado-alimentario\/\"},{\"@type\":\"ListItem\",\"position\":2,\"name\":\"Tienda\",\"item\":\"https:\/\/www.csj-emballages.com\/tienda\/\"},{\"@type\":\"ListItem\",\"position\":3,\"name\":\"Limpiador de suelos neutro de baja porosidad con espuma controlada 2D 5L\"}]},{\"@type\":\"WebSite\",\"@id\":\"https:\/\/www.csj-emballages.com\/es\/#website\",\"url\":\"https:\/\/www.csj-emballages.com\/es\/\",\"name\":\"CSJ Emballages\",\"description\":\"\",\"publisher\":{\"@id\":\"https:\/\/www.csj-emballages.com\/es\/#organization\"},\"potentialAction\":[{\"@type\":\"SearchAction\",\"target\":{\"@type\":\"EntryPoint\",\"urlTemplate\":\"https:\/\/www.csj-emballages.com\/es\/?s={search_term_string}\"},\"query-input\":{\"@type\":\"PropertyValueSpecification\",\"valueRequired\":true,\"valueName\":\"search_term_string\"}}],\"inLanguage\":\"es\"},{\"@type\":\"Organization\",\"@id\":\"https:\/\/www.csj-emballages.com\/es\/#Organization\/\",\"name\":\"CSJ Emballages\",\"url\":\"https:\/\/www.csj-emballages.com\/es\/\",\"logo\":{\"@type\":\"ImageObject\",\"inLanguage\":\"es\",\"@id\":\"https:\/\/www.csj-emballages.com\/es\/#\/schema\/logo\/image\/\",\"url\":\"https:\/\/www.csj-emballages.com\/wp-content\/uploads\/2023\/10\/logo_csj.webp\",\"contentUrl\":\"https:\/\/www.csj-emballages.com\/wp-content\/uploads\/2023\/10\/logo_csj.webp\",\"width\":250,\"height\":95,\"caption\":\"CSJ Emballages\"},\"image\":{\"@id\":\"https:\/\/www.csj-emballages.com\/es\/#\/schema\/logo\/image\/\"},\"sameAs\":[\"https:\/\/www.facebook.com\/csjemballages\"],\"address\":{\"@type\":\"PostalAddress\",\"streetAddress\":\"ZI La Lechere\",\"addressLocality\":\"Patornay\",\"postalCode\":\"39130\",\"addressCountry\":\"FR\"},\"contactPoint\":[{\"@type\":\"ContactPoint\",\"contactType\":\"Service client\",\"telephone\":\"0384254272\",\"email\":\"contact@csj-emballages.com\"}]}]}<\/script>\n<!-- \/ Yoast SEO Premium plugin. -->","yoast_head_json":{"title":"Limpiador de suelos autolimpiante de espuma controlada y baja porosidad","description":"Limpiador neutro para suelos de baja porosidad. De secado r\u00e1pido, sin rayas, con efecto antiest\u00e1tico y espuma controlada.","robots":{"index":"index","follow":"follow","max-snippet":"max-snippet:-1","max-image-preview":"max-image-preview:large","max-video-preview":"max-video-preview:-1"},"canonical":"https:\/\/www.csj-emballages.com\/es\/produit\/limpiador-de-suelos-2d-neutro-de-baja-porosidad-con-espuma-controlada\/","og_locale":"es_ES","og_type":"article","og_title":"Limpiador de suelos neutro de baja porosidad con espuma controlada 2D 5L","og_description":"Limpiador neutro para suelos de baja porosidad. De secado r\u00e1pido, sin rayas, con efecto antiest\u00e1tico y espuma controlada.","og_url":"https:\/\/www.csj-emballages.com\/es\/produit\/limpiador-de-suelos-2d-neutro-de-baja-porosidad-con-espuma-controlada\/","og_site_name":"CSJ Emballages","article_publisher":"https:\/\/www.facebook.com\/csjemballages","article_modified_time":"2026-03-19T01:10:21+00:00","og_image":[{"width":800,"height":800,"url":"https:\/\/www.csj-emballages.com\/wp-content\/uploads\/2024\/10\/30125.webp","type":"image\/webp"}],"twitter_card":"summary_large_image","twitter_misc":{"Tiempo de lectura":"2 minutos"},"schema":{"@context":"https:\/\/schema.org","@graph":[{"@type":"WebPage","@id":"https:\/\/www.csj-emballages.com\/es\/produit\/limpiador-de-suelos-2d-neutro-de-baja-porosidad-con-espuma-controlada\/","url":"https:\/\/www.csj-emballages.com\/es\/produit\/limpiador-de-suelos-2d-neutro-de-baja-porosidad-con-espuma-controlada\/","name":"Limpiador de suelos autolimpiante de espuma controlada y baja porosidad","isPartOf":{"@id":"https:\/\/www.csj-emballages.com\/es\/#website"},"primaryImageOfPage":{"@id":"https:\/\/www.csj-emballages.com\/es\/produit\/limpiador-de-suelos-2d-neutro-de-baja-porosidad-con-espuma-controlada\/#primaryimage"},"image":{"@id":"https:\/\/www.csj-emballages.com\/es\/produit\/limpiador-de-suelos-2d-neutro-de-baja-porosidad-con-espuma-controlada\/#primaryimage"},"thumbnailUrl":"https:\/\/www.csj-emballages.com\/wp-content\/uploads\/2024\/10\/30125.webp","datePublished":"2024-10-01T00:18:17+00:00","dateModified":"2026-03-19T01:10:21+00:00","description":"Limpiador neutro para suelos de baja porosidad. De secado r\u00e1pido, sin rayas, con efecto antiest\u00e1tico y espuma controlada.","breadcrumb":{"@id":"https:\/\/www.csj-emballages.com\/es\/produit\/limpiador-de-suelos-2d-neutro-de-baja-porosidad-con-espuma-controlada\/#breadcrumb"},"inLanguage":"es","potentialAction":[{"@type":"ReadAction","target":["https:\/\/www.csj-emballages.com\/es\/produit\/limpiador-de-suelos-2d-neutro-de-baja-porosidad-con-espuma-controlada\/"]}]},{"@type":"ImageObject","inLanguage":"es","@id":"https:\/\/www.csj-emballages.com\/es\/produit\/limpiador-de-suelos-2d-neutro-de-baja-porosidad-con-espuma-controlada\/#primaryimage","url":"https:\/\/www.csj-emballages.com\/wp-content\/uploads\/2024\/10\/30125.webp","contentUrl":"https:\/\/www.csj-emballages.com\/wp-content\/uploads\/2024\/10\/30125.webp","width":800,"height":800,"caption":"Nettoyant auto-laveuse"},{"@type":"BreadcrumbList","@id":"https:\/\/www.csj-emballages.com\/es\/produit\/limpiador-de-suelos-2d-neutro-de-baja-porosidad-con-espuma-controlada\/#breadcrumb","itemListElement":[{"@type":"ListItem","position":1,"name":"Accueil","item":"https:\/\/www.csj-emballages.com\/es\/universo-del-envasado-alimentario\/"},{"@type":"ListItem","position":2,"name":"Tienda","item":"https:\/\/www.csj-emballages.com\/tienda\/"},{"@type":"ListItem","position":3,"name":"Limpiador de suelos neutro de baja porosidad con espuma controlada 2D 5L"}]},{"@type":"WebSite","@id":"https:\/\/www.csj-emballages.com\/es\/#website","url":"https:\/\/www.csj-emballages.com\/es\/","name":"CSJ Emballages","description":"","publisher":{"@id":"https:\/\/www.csj-emballages.com\/es\/#organization"},"potentialAction":[{"@type":"SearchAction","target":{"@type":"EntryPoint","urlTemplate":"https:\/\/www.csj-emballages.com\/es\/?s={search_term_string}"},"query-input":{"@type":"PropertyValueSpecification","valueRequired":true,"valueName":"search_term_string"}}],"inLanguage":"es"},{"@type":"Organization","@id":"https:\/\/www.csj-emballages.com\/es\/#Organization\/","name":"CSJ Emballages","url":"https:\/\/www.csj-emballages.com\/es\/","logo":{"@type":"ImageObject","inLanguage":"es","@id":"https:\/\/www.csj-emballages.com\/es\/#\/schema\/logo\/image\/","url":"https:\/\/www.csj-emballages.com\/wp-content\/uploads\/2023\/10\/logo_csj.webp","contentUrl":"https:\/\/www.csj-emballages.com\/wp-content\/uploads\/2023\/10\/logo_csj.webp","width":250,"height":95,"caption":"CSJ Emballages"},"image":{"@id":"https:\/\/www.csj-emballages.com\/es\/#\/schema\/logo\/image\/"},"sameAs":["https:\/\/www.facebook.com\/csjemballages"],"address":{"@type":"PostalAddress","streetAddress":"ZI La Lechere","addressLocality":"Patornay","postalCode":"39130","addressCountry":"FR"},"contactPoint":[{"@type":"ContactPoint","contactType":"Service client","telephone":"0384254272","email":"contact@csj-emballages.com"}]}]}},"df_price":12.9,"df_sale_price":"","df_regular_price":12.9,"df_image_link":"https:\/\/www.csj-emballages.com\/wp-content\/uploads\/2024\/10\/30125-300x300.webp","tiered_pricing_type":"fixed","tiered_pricing_fixed_rules":[],"tiered_pricing_percentage_rules":[],"tiered_pricing_minimum":1,"tiered_pricing_roles_data":[],"_links":{"self":[{"href":"https:\/\/www.csj-emballages.com\/es\/wp-json\/wp\/v2\/product\/126202","targetHints":{"allow":["GET"]}}],"collection":[{"href":"https:\/\/www.csj-emballages.com\/es\/wp-json\/wp\/v2\/product"}],"about":[{"href":"https:\/\/www.csj-emballages.com\/es\/wp-json\/wp\/v2\/types\/product"}],"wp:featuredmedia":[{"embeddable":true,"href":"https:\/\/www.csj-emballages.com\/es\/wp-json\/wp\/v2\/media\/239581"}],"wp:attachment":[{"href":"https:\/\/www.csj-emballages.com\/es\/wp-json\/wp\/v2\/media?parent=126202"}],"wp:term":[{"taxonomy":"product_brand","embeddable":true,"href":"https:\/\/www.csj-emballages.com\/es\/wp-json\/wp\/v2\/product_brand?post=126202"},{"taxonomy":"product_cat","embeddable":true,"href":"https:\/\/www.csj-emballages.com\/es\/wp-json\/wp\/v2\/product_cat?post=126202"},{"taxonomy":"product_tag","embeddable":true,"href":"https:\/\/www.csj-emballages.com\/es\/wp-json\/wp\/v2\/product_tag?post=126202"}],"curies":[{"name":"wp","href":"https:\/\/api.w.org\/{rel}","templated":true}]}}