{"id":126198,"date":"2024-09-28T02:18:11","date_gmt":"2024-09-28T00:18:11","guid":{"rendered":"https:\/\/www.csj-emballages.com\/produit\/50-bolsas-pet-ventana-kraft-para-botellas-12-10-x-38-cm\/"},"modified":"2026-03-12T16:38:31","modified_gmt":"2026-03-12T15:38:31","slug":"50-bolsas-pet-ventana-kraft-para-botellas-12-10-x-38-cm","status":"publish","type":"product","link":"https:\/\/www.csj-emballages.com\/es\/produit\/50-bolsas-pet-ventana-kraft-para-botellas-12-10-x-38-cm\/","title":{"rendered":"PET 12 + 10 x 38 cm bolsa kraft con ventana para botellas"},"content":{"rendered":"<div style=\"font-family: Roboto, sans-serif;\">\n<div style=\"font-family: Roboto, sans-serif;\">\n<div style=\"font-family: Roboto, sans-serif;\">\n<div style=\"font-family: Roboto, sans-serif;\">\n<div style=\"font-family: Roboto, sans-serif;\">\n<div style=\"font-family: Roboto, sans-serif;\">\n<h2><strong style=\"font-family: Roboto, sans-serif;\">Bolsa para botellas<\/strong><\/h2>\n<div style=\"font-family: Roboto, sans-serif;\">\n<div style=\"font-family: Roboto, sans-serif;\">\n<div style=\"font-family: Roboto, sans-serif;\">\n<div style=\"text-align: center;\">\n<div style=\"font-family: Roboto, sans-serif;\">\n<div style=\"font-family: Roboto, sans-serif;\">\n<div style=\"font-family: Roboto, sans-serif;\">\n<div style=\"font-family: Roboto, sans-serif;\">\n<div style=\"font-family: Roboto, sans-serif;\">\n<div style=\"font-family: Roboto, sans-serif; text-align: left;\">\n<hr>\n<h3 style=\"text-align: left;\">Descripci\u00f3n de nuestra bolsa kraft para botellas PET 12 + 10 x 38 cm con ventana<\/h3>\n<p><!--more--><\/p>\n<\/div>\n<\/div>\n<\/div>\n<\/div>\n<\/div>\n<\/div>\n<\/div>\n<\/div>\n<\/div>\n<\/div>\n<p data-start=\"0\" data-end=\"515\">D\u00e9 a sus botellas un estuche <strong data-start=\"73\" data-end=\"84\">elegante<\/strong> y <strong data-start=\"88\" data-end=\"100\">pr\u00e1ctico<\/strong> con nuestra <strong data-start=\"112\" data-end=\"163\">bolsa para botellas kraft con ventana PET 12 + 10 x 38 cm<\/strong>. Dise\u00f1ada para mejorar sus ventas para llevar, esta bolsa combina <strong data-start=\"223\" data-end=\"237\">resistencia<\/strong>, estilo y visibilidad. Gracias a su <strong data-start=\"271\" data-end=\"302\">gran ventana transparente<\/strong>, sus clientes podr\u00e1n admirar la botella a primera vista, destacando al instante el producto, ya sea un buen vino, aceite de oliva artesano o limonada casera.  <\/p>\n<p data-start=\"517\" data-end=\"856\">Fabricada en <strong data-start=\"529\" data-end=\"553\">resistente papel kraft<\/strong>, combina una textura natural con un aspecto aut\u00e9ntico que atrae al instante. Adem\u00e1s, sus <strong data-start=\"653\" data-end=\"678\">asas de polialgod\u00f3n<\/strong> aportan un toque de elegancia y garantizan un excelente agarre. As\u00ed podr\u00e1 transportar sus botellas con total seguridad, sin temor a que se rompan.  <\/p>\n<p data-start=\"858\" data-end=\"1293\">Esta bolsa es perfecta para vinotecas, tiendas de delicatessen, productores locales u organizadores de eventos que busquen un envase <strong data-start=\"1000\" data-end=\"1011\">sostenible<\/strong> y elegante. El papel kraft es conocido por su <strong data-start=\"1060\" data-end=\"1072\">resistencia<\/strong> y <strong data-start=\"1087\" data-end=\"1105\">respeto al medio ambiente<\/strong>, mientras que la ventana transparente de PET crea un fuerte <strong data-start=\"1165\" data-end=\"1182\">impacto visual<\/strong>. Para que sus productos destaquen en un escaparate o en la presentaci\u00f3n de una tienda.  <\/p>\n<p data-start=\"1295\" data-end=\"1731\">Por \u00faltimo, esta bolsa tambi\u00e9n es una excelente opci\u00f3n para regalos. Su dise\u00f1o sobrio pero refinado la convierte en un envase ideal para regalar una botella con estilo, ya sea para un cumplea\u00f1os, una fiesta o un acto de empresa. En resumen, esta <strong data-start=\"1545\" data-end=\"1576\">bolsa kraft con ventana para botellas<\/strong> no es s\u00f3lo un envase: es un aut\u00e9ntico activo de marketing que refleja la calidad de su marca y la atenci\u00f3n que presta a los detalles.  <\/p>\n<p data-start=\"1295\" data-end=\"1731\">\n<p><!--more--><\/p>\n<p style=\"text-align: left;\"><strong>Ventajas :<\/strong><\/p>\n<ul style=\"text-align: left;\">\n<li><strong data-start=\"1945\" data-end=\"1976\">Gran ventana transparente<\/strong> para una visibilidad inmediata del contenido.<\/li>\n<li>Elegantes y c\u00f3modas <strong data-start=\"2023\" data-end=\"2048\">asas de polialgod\u00f3n<\/strong>.<\/li>\n<li><strong data-start=\"2080\" data-end=\"2106\">Papel kraft duradero<\/strong> con un aspecto ecol\u00f3gico.<\/li>\n<li>Ideal para vinos, aceites, limonadas o regalos.<\/li>\n<li>Promocione sus productos en tiendas o eventos.<\/li>\n<\/ul>\n<\/div>\n<\/div>\n<\/div>\n<\/div>\n<\/div>\n<\/div>\n<div class=\"elementor elementor-175 elementor-location-footer\" data-elementor-type=\"footer\" data-elementor-id=\"175\" data-elementor-post-type=\"elementor_library\">\n<div class=\"elementor-element elementor-element-d413b54 e-flex e-con-boxed e-con e-parent e-lazyloaded\" data-id=\"d413b54\" data-element_type=\"container\">\n<div class=\"e-con-inner\">\n<div class=\"elementor-element elementor-element-9493a3c elementor-widget elementor-widget-shortcode\" data-id=\"9493a3c\" data-element_type=\"widget\" data-widget_type=\"shortcode.default\">\n<div class=\"elementor-widget-container\"><\/div>\n<\/div>\n<\/div>\n<\/div>\n<\/div>\n<p><!--more--><\/p>\n<h4>Informaci\u00f3n adicional :<\/h4>\n<ul>\n<li><strong>Embalaje<\/strong>: Por unidad<\/li>\n<li><strong>Dimensiones<\/strong>: 12 + 10 x 38 cm<\/li>\n<li><strong>Color<\/strong>: Kraft<\/li>\n<li><strong>Material<\/strong>: ventana de PET &#8211; asas de polialgod\u00f3n<\/li>\n<\/ul>\n<p>&nbsp;<\/p>\n<p style=\"text-align: left;\"><!--more--><\/p>\n<p><a href=\"https:\/\/www.csj-emballages.com\/es\/categorie-produit\/envasado-de-alimentos\/tienda-y-almacen\/bolsas-sobres\/bolsas-para-botellas\/\">Ver el resto de nuestra gama de bolsas para botellas<\/a><\/p>\n","protected":false},"excerpt":{"rendered":"<p>Bolsa para botellas Descripci\u00f3n de nuestra bolsa kraft para botellas PET 12 + 10 x 38 cm con ventana<\/p>\n","protected":false},"featured_media":244310,"template":"","meta":{"_acf_changed":false},"product_brand":[],"product_cat":[1150,1488,3873,3424],"product_tag":[],"class_list":{"0":"post-126198","1":"product","2":"type-product","3":"status-publish","4":"has-post-thumbnail","6":"product_cat-envasado-de-alimentos","7":"product_cat-tienda-y-almacen","8":"product_cat-bolsas-sobres","9":"product_cat-bolsas-para-botellas","11":"first","12":"instock","13":"taxable","14":"shipping-taxable","15":"purchasable","16":"product-type-simple"},"acf":[],"yoast_head":"<!-- This site is optimized with the Yoast SEO Premium plugin v26.6 (Yoast SEO v26.6) - https:\/\/yoast.com\/wordpress\/plugins\/seo\/ -->\n<title>Bolsas para botellas - kraft con ventana<\/title>\n<meta name=\"description\" content=\"Descubre nuestras bolsas kraft para botellas con ventana de PET (12 + 10 x 38 cm), resistentes, elegantes y ecol\u00f3gicas, perfectas para exponer tus botellas.\" \/>\n<meta name=\"robots\" content=\"index, follow, max-snippet:-1, max-image-preview:large, max-video-preview:-1\" \/>\n<link rel=\"canonical\" href=\"https:\/\/www.csj-emballages.com\/es\/produit\/50-bolsas-pet-ventana-kraft-para-botellas-12-10-x-38-cm\/\" \/>\n<meta property=\"og:locale\" content=\"es_ES\" \/>\n<meta property=\"og:type\" content=\"article\" \/>\n<meta property=\"og:title\" content=\"PET 12 + 10 x 38 cm bolsa kraft con ventana para botellas\" \/>\n<meta property=\"og:description\" content=\"Descubre nuestras bolsas kraft para botellas con ventana de PET (12 + 10 x 38 cm), resistentes, elegantes y ecol\u00f3gicas, perfectas para exponer tus botellas.\" \/>\n<meta property=\"og:url\" content=\"https:\/\/www.csj-emballages.com\/es\/produit\/50-bolsas-pet-ventana-kraft-para-botellas-12-10-x-38-cm\/\" \/>\n<meta property=\"og:site_name\" content=\"CSJ Emballages\" \/>\n<meta property=\"article:publisher\" content=\"https:\/\/www.facebook.com\/csjemballages\" \/>\n<meta property=\"article:modified_time\" content=\"2026-03-12T15:38:31+00:00\" \/>\n<meta property=\"og:image\" content=\"https:\/\/www.csj-emballages.com\/wp-content\/uploads\/2024\/09\/SBK1238.webp\" \/>\n\t<meta property=\"og:image:width\" content=\"800\" \/>\n\t<meta property=\"og:image:height\" content=\"800\" \/>\n\t<meta property=\"og:image:type\" content=\"image\/webp\" \/>\n<meta name=\"twitter:card\" content=\"summary_large_image\" \/>\n<meta name=\"twitter:label1\" content=\"Tiempo de lectura\" \/>\n\t<meta name=\"twitter:data1\" content=\"2 minutos\" \/>\n<script type=\"application\/ld+json\" class=\"yoast-schema-graph\">{\"@context\":\"https:\/\/schema.org\",\"@graph\":[{\"@type\":\"WebPage\",\"@id\":\"https:\/\/www.csj-emballages.com\/es\/produit\/50-bolsas-pet-ventana-kraft-para-botellas-12-10-x-38-cm\/\",\"url\":\"https:\/\/www.csj-emballages.com\/es\/produit\/50-bolsas-pet-ventana-kraft-para-botellas-12-10-x-38-cm\/\",\"name\":\"Bolsas para botellas - kraft con ventana\",\"isPartOf\":{\"@id\":\"https:\/\/www.csj-emballages.com\/es\/#website\"},\"primaryImageOfPage\":{\"@id\":\"https:\/\/www.csj-emballages.com\/es\/produit\/50-bolsas-pet-ventana-kraft-para-botellas-12-10-x-38-cm\/#primaryimage\"},\"image\":{\"@id\":\"https:\/\/www.csj-emballages.com\/es\/produit\/50-bolsas-pet-ventana-kraft-para-botellas-12-10-x-38-cm\/#primaryimage\"},\"thumbnailUrl\":\"https:\/\/www.csj-emballages.com\/wp-content\/uploads\/2024\/09\/SBK1238.webp\",\"datePublished\":\"2024-09-28T00:18:11+00:00\",\"dateModified\":\"2026-03-12T15:38:31+00:00\",\"description\":\"Descubre nuestras bolsas kraft para botellas con ventana de PET (12 + 10 x 38 cm), resistentes, elegantes y ecol\u00f3gicas, perfectas para exponer tus botellas.\",\"breadcrumb\":{\"@id\":\"https:\/\/www.csj-emballages.com\/es\/produit\/50-bolsas-pet-ventana-kraft-para-botellas-12-10-x-38-cm\/#breadcrumb\"},\"inLanguage\":\"es\",\"potentialAction\":[{\"@type\":\"ReadAction\",\"target\":[\"https:\/\/www.csj-emballages.com\/es\/produit\/50-bolsas-pet-ventana-kraft-para-botellas-12-10-x-38-cm\/\"]}]},{\"@type\":\"ImageObject\",\"inLanguage\":\"es\",\"@id\":\"https:\/\/www.csj-emballages.com\/es\/produit\/50-bolsas-pet-ventana-kraft-para-botellas-12-10-x-38-cm\/#primaryimage\",\"url\":\"https:\/\/www.csj-emballages.com\/wp-content\/uploads\/2024\/09\/SBK1238.webp\",\"contentUrl\":\"https:\/\/www.csj-emballages.com\/wp-content\/uploads\/2024\/09\/SBK1238.webp\",\"width\":800,\"height\":800,\"caption\":\"Sac bouteille\"},{\"@type\":\"BreadcrumbList\",\"@id\":\"https:\/\/www.csj-emballages.com\/es\/produit\/50-bolsas-pet-ventana-kraft-para-botellas-12-10-x-38-cm\/#breadcrumb\",\"itemListElement\":[{\"@type\":\"ListItem\",\"position\":1,\"name\":\"Accueil\",\"item\":\"https:\/\/www.csj-emballages.com\/es\/universo-del-envasado-alimentario\/\"},{\"@type\":\"ListItem\",\"position\":2,\"name\":\"Tienda\",\"item\":\"https:\/\/www.csj-emballages.com\/tienda\/\"},{\"@type\":\"ListItem\",\"position\":3,\"name\":\"PET 12 + 10 x 38 cm bolsa kraft con ventana para botellas\"}]},{\"@type\":\"WebSite\",\"@id\":\"https:\/\/www.csj-emballages.com\/es\/#website\",\"url\":\"https:\/\/www.csj-emballages.com\/es\/\",\"name\":\"CSJ Emballages\",\"description\":\"\",\"publisher\":{\"@id\":\"https:\/\/www.csj-emballages.com\/es\/#organization\"},\"potentialAction\":[{\"@type\":\"SearchAction\",\"target\":{\"@type\":\"EntryPoint\",\"urlTemplate\":\"https:\/\/www.csj-emballages.com\/es\/?s={search_term_string}\"},\"query-input\":{\"@type\":\"PropertyValueSpecification\",\"valueRequired\":true,\"valueName\":\"search_term_string\"}}],\"inLanguage\":\"es\"},{\"@type\":\"Organization\",\"@id\":\"https:\/\/www.csj-emballages.com\/es\/#Organization\/\",\"name\":\"CSJ Emballages\",\"url\":\"https:\/\/www.csj-emballages.com\/es\/\",\"logo\":{\"@type\":\"ImageObject\",\"inLanguage\":\"es\",\"@id\":\"https:\/\/www.csj-emballages.com\/es\/#\/schema\/logo\/image\/\",\"url\":\"https:\/\/www.csj-emballages.com\/wp-content\/uploads\/2023\/10\/logo_csj.webp\",\"contentUrl\":\"https:\/\/www.csj-emballages.com\/wp-content\/uploads\/2023\/10\/logo_csj.webp\",\"width\":250,\"height\":95,\"caption\":\"CSJ Emballages\"},\"image\":{\"@id\":\"https:\/\/www.csj-emballages.com\/es\/#\/schema\/logo\/image\/\"},\"sameAs\":[\"https:\/\/www.facebook.com\/csjemballages\"],\"address\":{\"@type\":\"PostalAddress\",\"streetAddress\":\"ZI La Lechere\",\"addressLocality\":\"Patornay\",\"postalCode\":\"39130\",\"addressCountry\":\"FR\"},\"contactPoint\":[{\"@type\":\"ContactPoint\",\"contactType\":\"Service client\",\"telephone\":\"0384254272\",\"email\":\"contact@csj-emballages.com\"}]}]}<\/script>\n<!-- \/ Yoast SEO Premium plugin. -->","yoast_head_json":{"title":"Bolsas para botellas - kraft con ventana","description":"Descubre nuestras bolsas kraft para botellas con ventana de PET (12 + 10 x 38 cm), resistentes, elegantes y ecol\u00f3gicas, perfectas para exponer tus botellas.","robots":{"index":"index","follow":"follow","max-snippet":"max-snippet:-1","max-image-preview":"max-image-preview:large","max-video-preview":"max-video-preview:-1"},"canonical":"https:\/\/www.csj-emballages.com\/es\/produit\/50-bolsas-pet-ventana-kraft-para-botellas-12-10-x-38-cm\/","og_locale":"es_ES","og_type":"article","og_title":"PET 12 + 10 x 38 cm bolsa kraft con ventana para botellas","og_description":"Descubre nuestras bolsas kraft para botellas con ventana de PET (12 + 10 x 38 cm), resistentes, elegantes y ecol\u00f3gicas, perfectas para exponer tus botellas.","og_url":"https:\/\/www.csj-emballages.com\/es\/produit\/50-bolsas-pet-ventana-kraft-para-botellas-12-10-x-38-cm\/","og_site_name":"CSJ Emballages","article_publisher":"https:\/\/www.facebook.com\/csjemballages","article_modified_time":"2026-03-12T15:38:31+00:00","og_image":[{"width":800,"height":800,"url":"https:\/\/www.csj-emballages.com\/wp-content\/uploads\/2024\/09\/SBK1238.webp","type":"image\/webp"}],"twitter_card":"summary_large_image","twitter_misc":{"Tiempo de lectura":"2 minutos"},"schema":{"@context":"https:\/\/schema.org","@graph":[{"@type":"WebPage","@id":"https:\/\/www.csj-emballages.com\/es\/produit\/50-bolsas-pet-ventana-kraft-para-botellas-12-10-x-38-cm\/","url":"https:\/\/www.csj-emballages.com\/es\/produit\/50-bolsas-pet-ventana-kraft-para-botellas-12-10-x-38-cm\/","name":"Bolsas para botellas - kraft con ventana","isPartOf":{"@id":"https:\/\/www.csj-emballages.com\/es\/#website"},"primaryImageOfPage":{"@id":"https:\/\/www.csj-emballages.com\/es\/produit\/50-bolsas-pet-ventana-kraft-para-botellas-12-10-x-38-cm\/#primaryimage"},"image":{"@id":"https:\/\/www.csj-emballages.com\/es\/produit\/50-bolsas-pet-ventana-kraft-para-botellas-12-10-x-38-cm\/#primaryimage"},"thumbnailUrl":"https:\/\/www.csj-emballages.com\/wp-content\/uploads\/2024\/09\/SBK1238.webp","datePublished":"2024-09-28T00:18:11+00:00","dateModified":"2026-03-12T15:38:31+00:00","description":"Descubre nuestras bolsas kraft para botellas con ventana de PET (12 + 10 x 38 cm), resistentes, elegantes y ecol\u00f3gicas, perfectas para exponer tus botellas.","breadcrumb":{"@id":"https:\/\/www.csj-emballages.com\/es\/produit\/50-bolsas-pet-ventana-kraft-para-botellas-12-10-x-38-cm\/#breadcrumb"},"inLanguage":"es","potentialAction":[{"@type":"ReadAction","target":["https:\/\/www.csj-emballages.com\/es\/produit\/50-bolsas-pet-ventana-kraft-para-botellas-12-10-x-38-cm\/"]}]},{"@type":"ImageObject","inLanguage":"es","@id":"https:\/\/www.csj-emballages.com\/es\/produit\/50-bolsas-pet-ventana-kraft-para-botellas-12-10-x-38-cm\/#primaryimage","url":"https:\/\/www.csj-emballages.com\/wp-content\/uploads\/2024\/09\/SBK1238.webp","contentUrl":"https:\/\/www.csj-emballages.com\/wp-content\/uploads\/2024\/09\/SBK1238.webp","width":800,"height":800,"caption":"Sac bouteille"},{"@type":"BreadcrumbList","@id":"https:\/\/www.csj-emballages.com\/es\/produit\/50-bolsas-pet-ventana-kraft-para-botellas-12-10-x-38-cm\/#breadcrumb","itemListElement":[{"@type":"ListItem","position":1,"name":"Accueil","item":"https:\/\/www.csj-emballages.com\/es\/universo-del-envasado-alimentario\/"},{"@type":"ListItem","position":2,"name":"Tienda","item":"https:\/\/www.csj-emballages.com\/tienda\/"},{"@type":"ListItem","position":3,"name":"PET 12 + 10 x 38 cm bolsa kraft con ventana para botellas"}]},{"@type":"WebSite","@id":"https:\/\/www.csj-emballages.com\/es\/#website","url":"https:\/\/www.csj-emballages.com\/es\/","name":"CSJ Emballages","description":"","publisher":{"@id":"https:\/\/www.csj-emballages.com\/es\/#organization"},"potentialAction":[{"@type":"SearchAction","target":{"@type":"EntryPoint","urlTemplate":"https:\/\/www.csj-emballages.com\/es\/?s={search_term_string}"},"query-input":{"@type":"PropertyValueSpecification","valueRequired":true,"valueName":"search_term_string"}}],"inLanguage":"es"},{"@type":"Organization","@id":"https:\/\/www.csj-emballages.com\/es\/#Organization\/","name":"CSJ Emballages","url":"https:\/\/www.csj-emballages.com\/es\/","logo":{"@type":"ImageObject","inLanguage":"es","@id":"https:\/\/www.csj-emballages.com\/es\/#\/schema\/logo\/image\/","url":"https:\/\/www.csj-emballages.com\/wp-content\/uploads\/2023\/10\/logo_csj.webp","contentUrl":"https:\/\/www.csj-emballages.com\/wp-content\/uploads\/2023\/10\/logo_csj.webp","width":250,"height":95,"caption":"CSJ Emballages"},"image":{"@id":"https:\/\/www.csj-emballages.com\/es\/#\/schema\/logo\/image\/"},"sameAs":["https:\/\/www.facebook.com\/csjemballages"],"address":{"@type":"PostalAddress","streetAddress":"ZI La Lechere","addressLocality":"Patornay","postalCode":"39130","addressCountry":"FR"},"contactPoint":[{"@type":"ContactPoint","contactType":"Service client","telephone":"0384254272","email":"contact@csj-emballages.com"}]}]}},"df_price":1.09,"df_sale_price":"","df_regular_price":1.09,"df_image_link":"https:\/\/www.csj-emballages.com\/wp-content\/uploads\/2024\/09\/SBK1238-300x300.webp","tiered_pricing_type":"fixed","tiered_pricing_fixed_rules":[],"tiered_pricing_percentage_rules":[],"tiered_pricing_minimum":1,"tiered_pricing_roles_data":[],"_links":{"self":[{"href":"https:\/\/www.csj-emballages.com\/es\/wp-json\/wp\/v2\/product\/126198","targetHints":{"allow":["GET"]}}],"collection":[{"href":"https:\/\/www.csj-emballages.com\/es\/wp-json\/wp\/v2\/product"}],"about":[{"href":"https:\/\/www.csj-emballages.com\/es\/wp-json\/wp\/v2\/types\/product"}],"wp:featuredmedia":[{"embeddable":true,"href":"https:\/\/www.csj-emballages.com\/es\/wp-json\/wp\/v2\/media\/244310"}],"wp:attachment":[{"href":"https:\/\/www.csj-emballages.com\/es\/wp-json\/wp\/v2\/media?parent=126198"}],"wp:term":[{"taxonomy":"product_brand","embeddable":true,"href":"https:\/\/www.csj-emballages.com\/es\/wp-json\/wp\/v2\/product_brand?post=126198"},{"taxonomy":"product_cat","embeddable":true,"href":"https:\/\/www.csj-emballages.com\/es\/wp-json\/wp\/v2\/product_cat?post=126198"},{"taxonomy":"product_tag","embeddable":true,"href":"https:\/\/www.csj-emballages.com\/es\/wp-json\/wp\/v2\/product_tag?post=126198"}],"curies":[{"name":"wp","href":"https:\/\/api.w.org\/{rel}","templated":true}]}}