{"id":126185,"date":"2024-09-19T02:18:16","date_gmt":"2024-09-19T00:18:16","guid":{"rendered":"https:\/\/www.csj-emballages.com\/?post_type=product&#038;p=126185"},"modified":"2026-04-14T02:20:50","modified_gmt":"2026-04-14T00:20:50","slug":"250-bolsas-de-regalo-planas-kraft-doradas-12-5-x-18-cm","status":"publish","type":"product","link":"https:\/\/www.csj-emballages.com\/es\/produit\/250-bolsas-de-regalo-planas-kraft-doradas-12-5-x-18-cm\/","title":{"rendered":"Sobre de regalo dorado kraft verjurado de 12 + 5 x 18 cm (paquete de 250)"},"content":{"rendered":"<h2>Sobre regalo<\/h2>\n<hr>\n<h3>Descripci\u00f3n de nuestro sobre de regalo plano dorado kraft verjurado 12 + 5 x 18 cm por 250<\/h3>\n<p><!--more--><\/p>\n<p data-start=\"267\" data-end=\"661\">\u00bfBusca una soluci\u00f3n elegante, pr\u00e1ctica y econ\u00f3mica para empaquetar sus <strong>peque\u00f1os productos, tarjetas regalo, vales de compra u objetos planos<\/strong>? No busque m\u00e1s: este <strong>sobre de regalo plano de kraft verjurado color oro<\/strong> es perfecto para usted. Con su <strong data-start=\"513\" data-end=\"538\">formato de 12 + 5 x 18 cm<\/strong>, ofrece un buen equilibrio entre compacidad y capacidad, gracias a su fuelle lateral de <strong>5 cm<\/strong> que permite un ligero volumen.  <\/p>\n<p data-start=\"663\" data-end=\"1114\">De hecho, fabricada en <strong data-start=\"673\" data-end=\"695\">papel kraft verjurado<\/strong>, destaca por su textura refinada y su resistencia a toda prueba. Su tono <strong>dorado<\/strong> aporta un <strong data-start=\"798\" data-end=\"827\">toque premium y festivo<\/strong>, perfecto para las fiestas de fin de a\u00f1o, los eventos especiales o, simplemente, para realzar sus ventas durante todo el a\u00f1o. Su <strong>aspecto natural y chic a la vez<\/strong> se adaptar\u00e1 tanto a tiendas artesanales como a marcas m\u00e1s modernas que buscan un embalaje diferenciador.<\/p>\n<p data-start=\"1116\" data-end=\"1396\">Se vende en lotes de <strong data-start=\"1133\" data-end=\"1147\">250 unidades<\/strong>; este <strong>sobre regalo<\/strong> es ideal para profesionales: comerciantes, creadores, chocolateros, joyeros, libreros o servicios de catering. Su formato tambi\u00e9n es perfecto para tarjetas de agradecimiento, vales de descuento, invitaciones o peque\u00f1os regalos planos.<\/p>\n<p data-start=\"1398\" data-end=\"1602\">F\u00e1cil de cerrar con un simple adhesivo, una <span style=\"color: #d12727;\"><a style=\"color: #d12727;\" href=\"https:\/\/www.csj-emballages.com\/es\/categorie-produit\/envasado-de-alimentos\/tienda-y-almacen\/accesorios-y-equipamiento-es\/etiquetas-es\/\">etiqueta<\/a><\/span> o una cinta, le permite envolver r\u00e1pidamente con un acabado cuidado. En resumen, es el embalaje inteligente que combina <strong data-start=\"1564\" data-end=\"1601\">elegancia, practicidad y durabilidad.<\/strong><\/p>\n<p data-start=\"1302\" data-end=\"1517\"><!--more--><\/p>\n<h4><strong>Ventajas :<\/strong><\/h4>\n<ul>\n<li>Papel kraft verjurado duradero con un tacto de alta calidad.<\/li>\n<li>Un elegante color dorado que a\u00f1ade valor a sus productos.<\/li>\n<li>Pr\u00e1ctico formato con fuelle para mayor volumen.<\/li>\n<li>Este sobre regalo es ideal para tarjetas regalo, joyas, vales o art\u00edculos peque\u00f1os.<\/li>\n<li>Perfecto para profesionales: r\u00e1pido de usar, efecto premium inmediato.<\/li>\n<\/ul>\n<p>&nbsp;<\/p>\n<p><!--more--><\/p>\n<h4><strong>Informaci\u00f3n adicional :  <\/strong><\/h4>\n<ul>\n<li><strong>Envase<\/strong>: Paquete de 250<\/li>\n<li><strong>Dimensiones<\/strong>: 12 + 5 x 18 cm<\/li>\n<li><strong>Material<\/strong>: Papel kraft<\/li>\n<li><strong>Color<\/strong>: Kraft dorado verjurado<\/li>\n<\/ul>\n<p>&nbsp;<\/p>\n<p><!--more--><\/p>\n<p><span style=\"color: #d12727;\"><span style=\"color: #000000;\">Este producto tambi\u00e9n est\u00e1 disponible en fucsia : <span style=\"color: #d12727;\"><a style=\"color: #d12727;\" href=\"https:\/\/www.csj-emballages.com\/es\/produit\/250-sobres-de-regalo-fucsia-19-8-x-35-cm\/\">ECF195<\/a><\/span><\/span><\/span><\/p>\n<p>&nbsp;<\/p>\n<p><!--more--><\/p>\n<p>Encuentre aqu\u00ed la siguiente talla disponible para este producto: <span style=\"color: #d12727;\"><a style=\"color: #d12727;\" href=\"https:\/\/www.csj-emballages.com\/produit\/250-enveloppe-cadeau-plats-or-kraft-verge-19-8-x-35-cm-sachet-cadeau-pochette\/\">SC19835<\/a><\/span><\/p>\n<p>&nbsp;<\/p>\n<p><!--more--><\/p>\n<p><a href=\"\/?product_cat=sachets-cadeaux\">Ver el resto de nuestra gama de bolsas de regalo<\/a><\/p>\n","protected":false},"excerpt":{"rendered":"<p>Sobre regalo Descripci\u00f3n de nuestro sobre de regalo plano dorado kraft verjurado 12 + 5 x 18 cm por 250<\/p>\n","protected":false},"featured_media":260595,"template":"","meta":{"_acf_changed":false},"product_brand":[],"product_cat":[1150,1488,3873,3508,1270],"product_tag":[],"class_list":{"0":"post-126185","1":"product","2":"type-product","3":"status-publish","4":"has-post-thumbnail","6":"product_cat-envasado-de-alimentos","7":"product_cat-tienda-y-almacen","8":"product_cat-bolsas-sobres","9":"product_cat-bolsas-de-regalo","10":"product_cat-descuentos","12":"first","13":"instock","14":"sale","15":"taxable","16":"shipping-taxable","17":"purchasable","18":"product-type-simple"},"acf":[],"yoast_head":"<!-- This site is optimized with the Yoast SEO Premium plugin v26.6 (Yoast SEO v26.6) - https:\/\/yoast.com\/wordpress\/plugins\/seo\/ -->\n<title>Sobre plano de regalo Kraft Verg\u00e9 dorado 12 + 5 x 18 cm - paquete de 250<\/title>\n<meta name=\"description\" content=\"Sobre de regalo kraft dorado de 12 + 5 x 18 cm - Elegante, resistente e ideal para tarjetas o art\u00edculos peque\u00f1os. Paquete de 250 para el profesional exigente.\" \/>\n<meta name=\"robots\" content=\"index, follow, max-snippet:-1, max-image-preview:large, max-video-preview:-1\" \/>\n<link rel=\"canonical\" href=\"https:\/\/www.csj-emballages.com\/es\/produit\/250-bolsas-de-regalo-planas-kraft-doradas-12-5-x-18-cm\/\" \/>\n<meta property=\"og:locale\" content=\"es_ES\" \/>\n<meta property=\"og:type\" content=\"article\" \/>\n<meta property=\"og:title\" content=\"Sobre de regalo dorado kraft verjurado de 12 + 5 x 18 cm (paquete de 250)\" \/>\n<meta property=\"og:description\" content=\"Sobre de regalo kraft dorado de 12 + 5 x 18 cm - Elegante, resistente e ideal para tarjetas o art\u00edculos peque\u00f1os. Paquete de 250 para el profesional exigente.\" \/>\n<meta property=\"og:url\" content=\"https:\/\/www.csj-emballages.com\/es\/produit\/250-bolsas-de-regalo-planas-kraft-doradas-12-5-x-18-cm\/\" \/>\n<meta property=\"og:site_name\" content=\"CSJ Emballages\" \/>\n<meta property=\"article:publisher\" content=\"https:\/\/www.facebook.com\/csjemballages\" \/>\n<meta property=\"article:modified_time\" content=\"2026-04-14T00:20:50+00:00\" \/>\n<meta property=\"og:image\" content=\"https:\/\/www.csj-emballages.com\/wp-content\/uploads\/2024\/09\/SC14518-1.webp\" \/>\n\t<meta property=\"og:image:width\" content=\"800\" \/>\n\t<meta property=\"og:image:height\" content=\"800\" \/>\n\t<meta property=\"og:image:type\" content=\"image\/webp\" \/>\n<meta name=\"twitter:card\" content=\"summary_large_image\" \/>\n<meta name=\"twitter:label1\" content=\"Tiempo de lectura\" \/>\n\t<meta name=\"twitter:data1\" content=\"2 minutos\" \/>\n<script type=\"application\/ld+json\" class=\"yoast-schema-graph\">{\"@context\":\"https:\/\/schema.org\",\"@graph\":[{\"@type\":\"WebPage\",\"@id\":\"https:\/\/www.csj-emballages.com\/es\/produit\/250-bolsas-de-regalo-planas-kraft-doradas-12-5-x-18-cm\/\",\"url\":\"https:\/\/www.csj-emballages.com\/es\/produit\/250-bolsas-de-regalo-planas-kraft-doradas-12-5-x-18-cm\/\",\"name\":\"Sobre plano de regalo Kraft Verg\u00e9 dorado 12 + 5 x 18 cm - paquete de 250\",\"isPartOf\":{\"@id\":\"https:\/\/www.csj-emballages.com\/es\/#website\"},\"primaryImageOfPage\":{\"@id\":\"https:\/\/www.csj-emballages.com\/es\/produit\/250-bolsas-de-regalo-planas-kraft-doradas-12-5-x-18-cm\/#primaryimage\"},\"image\":{\"@id\":\"https:\/\/www.csj-emballages.com\/es\/produit\/250-bolsas-de-regalo-planas-kraft-doradas-12-5-x-18-cm\/#primaryimage\"},\"thumbnailUrl\":\"https:\/\/www.csj-emballages.com\/wp-content\/uploads\/2024\/09\/SC14518-1.webp\",\"datePublished\":\"2024-09-19T00:18:16+00:00\",\"dateModified\":\"2026-04-14T00:20:50+00:00\",\"description\":\"Sobre de regalo kraft dorado de 12 + 5 x 18 cm - Elegante, resistente e ideal para tarjetas o art\u00edculos peque\u00f1os. Paquete de 250 para el profesional exigente.\",\"breadcrumb\":{\"@id\":\"https:\/\/www.csj-emballages.com\/es\/produit\/250-bolsas-de-regalo-planas-kraft-doradas-12-5-x-18-cm\/#breadcrumb\"},\"inLanguage\":\"es\",\"potentialAction\":[{\"@type\":\"ReadAction\",\"target\":[\"https:\/\/www.csj-emballages.com\/es\/produit\/250-bolsas-de-regalo-planas-kraft-doradas-12-5-x-18-cm\/\"]}]},{\"@type\":\"ImageObject\",\"inLanguage\":\"es\",\"@id\":\"https:\/\/www.csj-emballages.com\/es\/produit\/250-bolsas-de-regalo-planas-kraft-doradas-12-5-x-18-cm\/#primaryimage\",\"url\":\"https:\/\/www.csj-emballages.com\/wp-content\/uploads\/2024\/09\/SC14518-1.webp\",\"contentUrl\":\"https:\/\/www.csj-emballages.com\/wp-content\/uploads\/2024\/09\/SC14518-1.webp\",\"width\":800,\"height\":800,\"caption\":\"Enveloppe cadeau\"},{\"@type\":\"BreadcrumbList\",\"@id\":\"https:\/\/www.csj-emballages.com\/es\/produit\/250-bolsas-de-regalo-planas-kraft-doradas-12-5-x-18-cm\/#breadcrumb\",\"itemListElement\":[{\"@type\":\"ListItem\",\"position\":1,\"name\":\"Accueil\",\"item\":\"https:\/\/www.csj-emballages.com\/es\/universo-del-envasado-alimentario\/\"},{\"@type\":\"ListItem\",\"position\":2,\"name\":\"Tienda\",\"item\":\"https:\/\/www.csj-emballages.com\/tienda\/\"},{\"@type\":\"ListItem\",\"position\":3,\"name\":\"Sobre de regalo dorado kraft verjurado de 12 + 5 x 18 cm (paquete de 250)\"}]},{\"@type\":\"WebSite\",\"@id\":\"https:\/\/www.csj-emballages.com\/es\/#website\",\"url\":\"https:\/\/www.csj-emballages.com\/es\/\",\"name\":\"CSJ Emballages\",\"description\":\"\",\"publisher\":{\"@id\":\"https:\/\/www.csj-emballages.com\/es\/#organization\"},\"potentialAction\":[{\"@type\":\"SearchAction\",\"target\":{\"@type\":\"EntryPoint\",\"urlTemplate\":\"https:\/\/www.csj-emballages.com\/es\/?s={search_term_string}\"},\"query-input\":{\"@type\":\"PropertyValueSpecification\",\"valueRequired\":true,\"valueName\":\"search_term_string\"}}],\"inLanguage\":\"es\"},{\"@type\":\"Organization\",\"@id\":\"https:\/\/www.csj-emballages.com\/es\/#Organization\/\",\"name\":\"CSJ Emballages\",\"url\":\"https:\/\/www.csj-emballages.com\/es\/\",\"logo\":{\"@type\":\"ImageObject\",\"inLanguage\":\"es\",\"@id\":\"https:\/\/www.csj-emballages.com\/es\/#\/schema\/logo\/image\/\",\"url\":\"https:\/\/www.csj-emballages.com\/wp-content\/uploads\/2023\/10\/logo_csj.webp\",\"contentUrl\":\"https:\/\/www.csj-emballages.com\/wp-content\/uploads\/2023\/10\/logo_csj.webp\",\"width\":250,\"height\":95,\"caption\":\"CSJ Emballages\"},\"image\":{\"@id\":\"https:\/\/www.csj-emballages.com\/es\/#\/schema\/logo\/image\/\"},\"sameAs\":[\"https:\/\/www.facebook.com\/csjemballages\"],\"address\":{\"@type\":\"PostalAddress\",\"streetAddress\":\"ZI La Lechere\",\"addressLocality\":\"Patornay\",\"postalCode\":\"39130\",\"addressCountry\":\"FR\"},\"contactPoint\":[{\"@type\":\"ContactPoint\",\"contactType\":\"Service client\",\"telephone\":\"0384254272\",\"email\":\"contact@csj-emballages.com\"}]}]}<\/script>\n<!-- \/ Yoast SEO Premium plugin. -->","yoast_head_json":{"title":"Sobre plano de regalo Kraft Verg\u00e9 dorado 12 + 5 x 18 cm - paquete de 250","description":"Sobre de regalo kraft dorado de 12 + 5 x 18 cm - Elegante, resistente e ideal para tarjetas o art\u00edculos peque\u00f1os. Paquete de 250 para el profesional exigente.","robots":{"index":"index","follow":"follow","max-snippet":"max-snippet:-1","max-image-preview":"max-image-preview:large","max-video-preview":"max-video-preview:-1"},"canonical":"https:\/\/www.csj-emballages.com\/es\/produit\/250-bolsas-de-regalo-planas-kraft-doradas-12-5-x-18-cm\/","og_locale":"es_ES","og_type":"article","og_title":"Sobre de regalo dorado kraft verjurado de 12 + 5 x 18 cm (paquete de 250)","og_description":"Sobre de regalo kraft dorado de 12 + 5 x 18 cm - Elegante, resistente e ideal para tarjetas o art\u00edculos peque\u00f1os. Paquete de 250 para el profesional exigente.","og_url":"https:\/\/www.csj-emballages.com\/es\/produit\/250-bolsas-de-regalo-planas-kraft-doradas-12-5-x-18-cm\/","og_site_name":"CSJ Emballages","article_publisher":"https:\/\/www.facebook.com\/csjemballages","article_modified_time":"2026-04-14T00:20:50+00:00","og_image":[{"width":800,"height":800,"url":"https:\/\/www.csj-emballages.com\/wp-content\/uploads\/2024\/09\/SC14518-1.webp","type":"image\/webp"}],"twitter_card":"summary_large_image","twitter_misc":{"Tiempo de lectura":"2 minutos"},"schema":{"@context":"https:\/\/schema.org","@graph":[{"@type":"WebPage","@id":"https:\/\/www.csj-emballages.com\/es\/produit\/250-bolsas-de-regalo-planas-kraft-doradas-12-5-x-18-cm\/","url":"https:\/\/www.csj-emballages.com\/es\/produit\/250-bolsas-de-regalo-planas-kraft-doradas-12-5-x-18-cm\/","name":"Sobre plano de regalo Kraft Verg\u00e9 dorado 12 + 5 x 18 cm - paquete de 250","isPartOf":{"@id":"https:\/\/www.csj-emballages.com\/es\/#website"},"primaryImageOfPage":{"@id":"https:\/\/www.csj-emballages.com\/es\/produit\/250-bolsas-de-regalo-planas-kraft-doradas-12-5-x-18-cm\/#primaryimage"},"image":{"@id":"https:\/\/www.csj-emballages.com\/es\/produit\/250-bolsas-de-regalo-planas-kraft-doradas-12-5-x-18-cm\/#primaryimage"},"thumbnailUrl":"https:\/\/www.csj-emballages.com\/wp-content\/uploads\/2024\/09\/SC14518-1.webp","datePublished":"2024-09-19T00:18:16+00:00","dateModified":"2026-04-14T00:20:50+00:00","description":"Sobre de regalo kraft dorado de 12 + 5 x 18 cm - Elegante, resistente e ideal para tarjetas o art\u00edculos peque\u00f1os. Paquete de 250 para el profesional exigente.","breadcrumb":{"@id":"https:\/\/www.csj-emballages.com\/es\/produit\/250-bolsas-de-regalo-planas-kraft-doradas-12-5-x-18-cm\/#breadcrumb"},"inLanguage":"es","potentialAction":[{"@type":"ReadAction","target":["https:\/\/www.csj-emballages.com\/es\/produit\/250-bolsas-de-regalo-planas-kraft-doradas-12-5-x-18-cm\/"]}]},{"@type":"ImageObject","inLanguage":"es","@id":"https:\/\/www.csj-emballages.com\/es\/produit\/250-bolsas-de-regalo-planas-kraft-doradas-12-5-x-18-cm\/#primaryimage","url":"https:\/\/www.csj-emballages.com\/wp-content\/uploads\/2024\/09\/SC14518-1.webp","contentUrl":"https:\/\/www.csj-emballages.com\/wp-content\/uploads\/2024\/09\/SC14518-1.webp","width":800,"height":800,"caption":"Enveloppe cadeau"},{"@type":"BreadcrumbList","@id":"https:\/\/www.csj-emballages.com\/es\/produit\/250-bolsas-de-regalo-planas-kraft-doradas-12-5-x-18-cm\/#breadcrumb","itemListElement":[{"@type":"ListItem","position":1,"name":"Accueil","item":"https:\/\/www.csj-emballages.com\/es\/universo-del-envasado-alimentario\/"},{"@type":"ListItem","position":2,"name":"Tienda","item":"https:\/\/www.csj-emballages.com\/tienda\/"},{"@type":"ListItem","position":3,"name":"Sobre de regalo dorado kraft verjurado de 12 + 5 x 18 cm (paquete de 250)"}]},{"@type":"WebSite","@id":"https:\/\/www.csj-emballages.com\/es\/#website","url":"https:\/\/www.csj-emballages.com\/es\/","name":"CSJ Emballages","description":"","publisher":{"@id":"https:\/\/www.csj-emballages.com\/es\/#organization"},"potentialAction":[{"@type":"SearchAction","target":{"@type":"EntryPoint","urlTemplate":"https:\/\/www.csj-emballages.com\/es\/?s={search_term_string}"},"query-input":{"@type":"PropertyValueSpecification","valueRequired":true,"valueName":"search_term_string"}}],"inLanguage":"es"},{"@type":"Organization","@id":"https:\/\/www.csj-emballages.com\/es\/#Organization\/","name":"CSJ Emballages","url":"https:\/\/www.csj-emballages.com\/es\/","logo":{"@type":"ImageObject","inLanguage":"es","@id":"https:\/\/www.csj-emballages.com\/es\/#\/schema\/logo\/image\/","url":"https:\/\/www.csj-emballages.com\/wp-content\/uploads\/2023\/10\/logo_csj.webp","contentUrl":"https:\/\/www.csj-emballages.com\/wp-content\/uploads\/2023\/10\/logo_csj.webp","width":250,"height":95,"caption":"CSJ Emballages"},"image":{"@id":"https:\/\/www.csj-emballages.com\/es\/#\/schema\/logo\/image\/"},"sameAs":["https:\/\/www.facebook.com\/csjemballages"],"address":{"@type":"PostalAddress","streetAddress":"ZI La Lechere","addressLocality":"Patornay","postalCode":"39130","addressCountry":"FR"},"contactPoint":[{"@type":"ContactPoint","contactType":"Service client","telephone":"0384254272","email":"contact@csj-emballages.com"}]}]}},"df_price":7.16,"df_sale_price":7.16,"df_regular_price":8.95,"df_image_link":"https:\/\/www.csj-emballages.com\/wp-content\/uploads\/2024\/09\/SC14518-1-300x300.webp","tiered_pricing_type":"fixed","tiered_pricing_fixed_rules":[],"tiered_pricing_percentage_rules":[],"tiered_pricing_minimum":1,"tiered_pricing_roles_data":[],"_links":{"self":[{"href":"https:\/\/www.csj-emballages.com\/es\/wp-json\/wp\/v2\/product\/126185","targetHints":{"allow":["GET"]}}],"collection":[{"href":"https:\/\/www.csj-emballages.com\/es\/wp-json\/wp\/v2\/product"}],"about":[{"href":"https:\/\/www.csj-emballages.com\/es\/wp-json\/wp\/v2\/types\/product"}],"wp:featuredmedia":[{"embeddable":true,"href":"https:\/\/www.csj-emballages.com\/es\/wp-json\/wp\/v2\/media\/260595"}],"wp:attachment":[{"href":"https:\/\/www.csj-emballages.com\/es\/wp-json\/wp\/v2\/media?parent=126185"}],"wp:term":[{"taxonomy":"product_brand","embeddable":true,"href":"https:\/\/www.csj-emballages.com\/es\/wp-json\/wp\/v2\/product_brand?post=126185"},{"taxonomy":"product_cat","embeddable":true,"href":"https:\/\/www.csj-emballages.com\/es\/wp-json\/wp\/v2\/product_cat?post=126185"},{"taxonomy":"product_tag","embeddable":true,"href":"https:\/\/www.csj-emballages.com\/es\/wp-json\/wp\/v2\/product_tag?post=126185"}],"curies":[{"name":"wp","href":"https:\/\/api.w.org\/{rel}","templated":true}]}}