{"id":126184,"date":"2024-09-18T02:18:15","date_gmt":"2024-09-18T00:18:15","guid":{"rendered":"https:\/\/www.csj-emballages.com\/produit\/crema-limpiadora-750-ml\/"},"modified":"2026-03-27T02:10:45","modified_gmt":"2026-03-27T01:10:45","slug":"crema-limpiadora-750-ml","status":"publish","type":"product","link":"https:\/\/www.csj-emballages.com\/es\/produit\/crema-limpiadora-750-ml\/","title":{"rendered":"Crema limpiadora 750 ml"},"content":{"rendered":"<h2>Crema limpiadora<\/h2>\n<div style=\"font-family: Roboto, sans-serif;\">\n<div style=\"font-family: Roboto, sans-serif;\">\n<div style=\"font-family: Roboto, sans-serif;\">\n<div style=\"font-family: Roboto, sans-serif;\">\n<div style=\"font-family: Roboto, sans-serif;\">\n<div style=\"font-family: Roboto, sans-serif;\">\n<hr>\n<h3>Descripci\u00f3n de nuestra crema limpiadora de 750 ml<\/h3>\n<p><!--more--><\/p>\n<p><strong>El Limpiador en Crema<\/strong> <strong>ZAX<\/strong> <strong>750ml<\/strong> es un producto no abrasivo dise\u00f1ado para conseguir la m\u00e1xima eficacia sin da\u00f1ar las superficies. Su formulaci\u00f3n suave lo hace ideal para superficies duras y resistentes al agua. Tanto en la cocina como en el ba\u00f1o, este limpiador se adapta a una gran variedad de materiales, garantizando una limpieza a fondo.  <\/p>\n<p>En particular, se adapta perfectamente a las superficies cromadas y de acero inoxidable. Su uso en estos materiales preserva su brillo, al tiempo que elimina las huellas dactilares y la grasa. Tambi\u00e9n es ideal para baldosas de cer\u00e1mica dura, donde combate eficazmente las manchas y los restos de jab\u00f3n.  <\/p>\n<p>Este <strong>limpiador en crema ZAX<\/strong> <strong>de 750 ml<\/strong> no deja ara\u00f1azos ni marcas, por lo que es ideal para el uso diario. Su textura cremosa hace que su aplicaci\u00f3n sea f\u00e1cil y uniforme, incluso en superficies verticales. Tras su uso, las superficies recuperan su brillo, aportando un toque de limpieza a tu hogar.  <\/p>\n<p>&nbsp;<\/p>\n<\/div>\n<\/div>\n<\/div>\n<\/div>\n<\/div>\n<\/div>\n<p><!--more--><\/p>\n<div style=\"font-family: Roboto, sans-serif;\">\n<div style=\"font-family: Roboto, sans-serif;\">\n<div style=\"font-family: Roboto, sans-serif;\">\n<div style=\"font-family: Roboto, sans-serif;\">\n<div style=\"font-family: Roboto, sans-serif;\">\n<div style=\"font-family: Roboto, sans-serif;\">\n<p><strong>Ventajas:<\/strong><\/p>\n<ul>\n<li><strong>No abrasivo<\/strong>: Su f\u00f3rmula suave protege las superficies sensibles de ara\u00f1azos y da\u00f1os, a la vez que proporciona una limpieza eficaz.<\/li>\n<li><strong>Vers\u00e1til<\/strong>: apto para una gran variedad de superficies, como acero inoxidable, cromo, cer\u00e1mica&#8230;<\/li>\n<li><strong>Resistente al agua<\/strong>: Ideal para entornos h\u00famedos como cocinas y ba\u00f1os, garantiza una limpieza duradera sin da\u00f1ar las superficies.<\/li>\n<li><strong>F\u00e1cil de aplicar<\/strong>: Su textura cremosa permite una aplicaci\u00f3n uniforme, incluso en superficies verticales, y se aclara f\u00e1cilmente.<\/li>\n<\/ul>\n<\/div>\n<div style=\"font-family: Roboto, sans-serif;\">\n<p>&nbsp;<\/p>\n<\/div>\n<\/div>\n<\/div>\n<\/div>\n<\/div>\n<\/div>\n<p><!--more--><\/p>\n<h4>Informaci\u00f3n adicional :<\/h4>\n<ul>\n<li><strong>Embalaje<\/strong>: Por unidad<\/li>\n<li><strong>Volumen<\/strong>: 750 ml<\/li>\n<li><strong>Uso<\/strong>: Limpiador<\/li>\n<\/ul>\n<p>&nbsp;<\/p>\n<p><!--more--><\/p>\n<p><a href=\"https:\/\/www.csj-emballages.com\/es\/categorie-produit\/higiene-y-mantenimiento\/productos-de-limpieza\/cocina\/\">Consulta el resto de nuestra gama de productos de cocina aqu\u00ed<\/a><\/p>\n","protected":false},"excerpt":{"rendered":"<p>Crema limpiadora Descripci\u00f3n de nuestra crema limpiadora de 750 ml<\/p>\n","protected":false},"featured_media":222194,"template":"","meta":{"_acf_changed":false},"product_brand":[],"product_cat":[1226,1227,1355],"product_tag":[],"class_list":{"0":"post-126184","1":"product","2":"type-product","3":"status-publish","4":"has-post-thumbnail","6":"product_cat-higiene-y-mantenimiento","7":"product_cat-productos-de-limpieza","8":"product_cat-cocina","10":"first","11":"instock","12":"taxable","13":"shipping-taxable","14":"purchasable","15":"product-type-simple"},"acf":[],"yoast_head":"<!-- This site is optimized with the Yoast SEO Premium plugin v26.6 (Yoast SEO v26.6) - https:\/\/yoast.com\/wordpress\/plugins\/seo\/ -->\n<title>Limpiador en crema 750 ml ZAX<\/title>\n<meta name=\"description\" content=\"Limpiador en crema ZAX 750 ml, no abrasivo. Ideal para acero inoxidable, cromo y cer\u00e1mica. Elimina manchas y grasa, deja un aroma fresco\" \/>\n<meta name=\"robots\" content=\"index, follow, max-snippet:-1, max-image-preview:large, max-video-preview:-1\" \/>\n<link rel=\"canonical\" href=\"https:\/\/www.csj-emballages.com\/es\/produit\/crema-limpiadora-750-ml\/\" \/>\n<meta property=\"og:locale\" content=\"es_ES\" \/>\n<meta property=\"og:type\" content=\"article\" \/>\n<meta property=\"og:title\" content=\"Crema limpiadora 750 ml\" \/>\n<meta property=\"og:description\" content=\"Limpiador en crema ZAX 750 ml, no abrasivo. Ideal para acero inoxidable, cromo y cer\u00e1mica. Elimina manchas y grasa, deja un aroma fresco\" \/>\n<meta property=\"og:url\" content=\"https:\/\/www.csj-emballages.com\/es\/produit\/crema-limpiadora-750-ml\/\" \/>\n<meta property=\"og:site_name\" content=\"CSJ Emballages\" \/>\n<meta property=\"article:publisher\" content=\"https:\/\/www.facebook.com\/csjemballages\" \/>\n<meta property=\"article:modified_time\" content=\"2026-03-27T01:10:45+00:00\" \/>\n<meta property=\"og:image\" content=\"https:\/\/www.csj-emballages.com\/wp-content\/uploads\/2024\/09\/ZAX-creme.webp\" \/>\n\t<meta property=\"og:image:width\" content=\"800\" \/>\n\t<meta property=\"og:image:height\" content=\"800\" \/>\n\t<meta property=\"og:image:type\" content=\"image\/webp\" \/>\n<meta name=\"twitter:card\" content=\"summary_large_image\" \/>\n<meta name=\"twitter:label1\" content=\"Tiempo de lectura\" \/>\n\t<meta name=\"twitter:data1\" content=\"1 minuto\" \/>\n<script type=\"application\/ld+json\" class=\"yoast-schema-graph\">{\"@context\":\"https:\/\/schema.org\",\"@graph\":[{\"@type\":\"WebPage\",\"@id\":\"https:\/\/www.csj-emballages.com\/es\/produit\/crema-limpiadora-750-ml\/\",\"url\":\"https:\/\/www.csj-emballages.com\/es\/produit\/crema-limpiadora-750-ml\/\",\"name\":\"Limpiador en crema 750 ml ZAX\",\"isPartOf\":{\"@id\":\"https:\/\/www.csj-emballages.com\/es\/#website\"},\"primaryImageOfPage\":{\"@id\":\"https:\/\/www.csj-emballages.com\/es\/produit\/crema-limpiadora-750-ml\/#primaryimage\"},\"image\":{\"@id\":\"https:\/\/www.csj-emballages.com\/es\/produit\/crema-limpiadora-750-ml\/#primaryimage\"},\"thumbnailUrl\":\"https:\/\/www.csj-emballages.com\/wp-content\/uploads\/2024\/09\/ZAX-creme.webp\",\"datePublished\":\"2024-09-18T00:18:15+00:00\",\"dateModified\":\"2026-03-27T01:10:45+00:00\",\"description\":\"Limpiador en crema ZAX 750 ml, no abrasivo. Ideal para acero inoxidable, cromo y cer\u00e1mica. Elimina manchas y grasa, deja un aroma fresco\",\"breadcrumb\":{\"@id\":\"https:\/\/www.csj-emballages.com\/es\/produit\/crema-limpiadora-750-ml\/#breadcrumb\"},\"inLanguage\":\"es\",\"potentialAction\":[{\"@type\":\"ReadAction\",\"target\":[\"https:\/\/www.csj-emballages.com\/es\/produit\/crema-limpiadora-750-ml\/\"]}]},{\"@type\":\"ImageObject\",\"inLanguage\":\"es\",\"@id\":\"https:\/\/www.csj-emballages.com\/es\/produit\/crema-limpiadora-750-ml\/#primaryimage\",\"url\":\"https:\/\/www.csj-emballages.com\/wp-content\/uploads\/2024\/09\/ZAX-creme.webp\",\"contentUrl\":\"https:\/\/www.csj-emballages.com\/wp-content\/uploads\/2024\/09\/ZAX-creme.webp\",\"width\":800,\"height\":800,\"caption\":\"Nettoyant en cr\u00e8me\"},{\"@type\":\"BreadcrumbList\",\"@id\":\"https:\/\/www.csj-emballages.com\/es\/produit\/crema-limpiadora-750-ml\/#breadcrumb\",\"itemListElement\":[{\"@type\":\"ListItem\",\"position\":1,\"name\":\"Accueil\",\"item\":\"https:\/\/www.csj-emballages.com\/es\/universo-del-envasado-alimentario\/\"},{\"@type\":\"ListItem\",\"position\":2,\"name\":\"Tienda\",\"item\":\"https:\/\/www.csj-emballages.com\/tienda\/\"},{\"@type\":\"ListItem\",\"position\":3,\"name\":\"Crema limpiadora 750 ml\"}]},{\"@type\":\"WebSite\",\"@id\":\"https:\/\/www.csj-emballages.com\/es\/#website\",\"url\":\"https:\/\/www.csj-emballages.com\/es\/\",\"name\":\"CSJ Emballages\",\"description\":\"\",\"publisher\":{\"@id\":\"https:\/\/www.csj-emballages.com\/es\/#organization\"},\"potentialAction\":[{\"@type\":\"SearchAction\",\"target\":{\"@type\":\"EntryPoint\",\"urlTemplate\":\"https:\/\/www.csj-emballages.com\/es\/?s={search_term_string}\"},\"query-input\":{\"@type\":\"PropertyValueSpecification\",\"valueRequired\":true,\"valueName\":\"search_term_string\"}}],\"inLanguage\":\"es\"},{\"@type\":\"Organization\",\"@id\":\"https:\/\/www.csj-emballages.com\/es\/#Organization\/\",\"name\":\"CSJ Emballages\",\"url\":\"https:\/\/www.csj-emballages.com\/es\/\",\"logo\":{\"@type\":\"ImageObject\",\"inLanguage\":\"es\",\"@id\":\"https:\/\/www.csj-emballages.com\/es\/#\/schema\/logo\/image\/\",\"url\":\"https:\/\/www.csj-emballages.com\/wp-content\/uploads\/2023\/10\/logo_csj.webp\",\"contentUrl\":\"https:\/\/www.csj-emballages.com\/wp-content\/uploads\/2023\/10\/logo_csj.webp\",\"width\":250,\"height\":95,\"caption\":\"CSJ Emballages\"},\"image\":{\"@id\":\"https:\/\/www.csj-emballages.com\/es\/#\/schema\/logo\/image\/\"},\"sameAs\":[\"https:\/\/www.facebook.com\/csjemballages\"],\"address\":{\"@type\":\"PostalAddress\",\"streetAddress\":\"ZI La Lechere\",\"addressLocality\":\"Patornay\",\"postalCode\":\"39130\",\"addressCountry\":\"FR\"},\"contactPoint\":[{\"@type\":\"ContactPoint\",\"contactType\":\"Service client\",\"telephone\":\"0384254272\",\"email\":\"contact@csj-emballages.com\"}]}]}<\/script>\n<!-- \/ Yoast SEO Premium plugin. -->","yoast_head_json":{"title":"Limpiador en crema 750 ml ZAX","description":"Limpiador en crema ZAX 750 ml, no abrasivo. Ideal para acero inoxidable, cromo y cer\u00e1mica. Elimina manchas y grasa, deja un aroma fresco","robots":{"index":"index","follow":"follow","max-snippet":"max-snippet:-1","max-image-preview":"max-image-preview:large","max-video-preview":"max-video-preview:-1"},"canonical":"https:\/\/www.csj-emballages.com\/es\/produit\/crema-limpiadora-750-ml\/","og_locale":"es_ES","og_type":"article","og_title":"Crema limpiadora 750 ml","og_description":"Limpiador en crema ZAX 750 ml, no abrasivo. Ideal para acero inoxidable, cromo y cer\u00e1mica. Elimina manchas y grasa, deja un aroma fresco","og_url":"https:\/\/www.csj-emballages.com\/es\/produit\/crema-limpiadora-750-ml\/","og_site_name":"CSJ Emballages","article_publisher":"https:\/\/www.facebook.com\/csjemballages","article_modified_time":"2026-03-27T01:10:45+00:00","og_image":[{"width":800,"height":800,"url":"https:\/\/www.csj-emballages.com\/wp-content\/uploads\/2024\/09\/ZAX-creme.webp","type":"image\/webp"}],"twitter_card":"summary_large_image","twitter_misc":{"Tiempo de lectura":"1 minuto"},"schema":{"@context":"https:\/\/schema.org","@graph":[{"@type":"WebPage","@id":"https:\/\/www.csj-emballages.com\/es\/produit\/crema-limpiadora-750-ml\/","url":"https:\/\/www.csj-emballages.com\/es\/produit\/crema-limpiadora-750-ml\/","name":"Limpiador en crema 750 ml ZAX","isPartOf":{"@id":"https:\/\/www.csj-emballages.com\/es\/#website"},"primaryImageOfPage":{"@id":"https:\/\/www.csj-emballages.com\/es\/produit\/crema-limpiadora-750-ml\/#primaryimage"},"image":{"@id":"https:\/\/www.csj-emballages.com\/es\/produit\/crema-limpiadora-750-ml\/#primaryimage"},"thumbnailUrl":"https:\/\/www.csj-emballages.com\/wp-content\/uploads\/2024\/09\/ZAX-creme.webp","datePublished":"2024-09-18T00:18:15+00:00","dateModified":"2026-03-27T01:10:45+00:00","description":"Limpiador en crema ZAX 750 ml, no abrasivo. Ideal para acero inoxidable, cromo y cer\u00e1mica. Elimina manchas y grasa, deja un aroma fresco","breadcrumb":{"@id":"https:\/\/www.csj-emballages.com\/es\/produit\/crema-limpiadora-750-ml\/#breadcrumb"},"inLanguage":"es","potentialAction":[{"@type":"ReadAction","target":["https:\/\/www.csj-emballages.com\/es\/produit\/crema-limpiadora-750-ml\/"]}]},{"@type":"ImageObject","inLanguage":"es","@id":"https:\/\/www.csj-emballages.com\/es\/produit\/crema-limpiadora-750-ml\/#primaryimage","url":"https:\/\/www.csj-emballages.com\/wp-content\/uploads\/2024\/09\/ZAX-creme.webp","contentUrl":"https:\/\/www.csj-emballages.com\/wp-content\/uploads\/2024\/09\/ZAX-creme.webp","width":800,"height":800,"caption":"Nettoyant en cr\u00e8me"},{"@type":"BreadcrumbList","@id":"https:\/\/www.csj-emballages.com\/es\/produit\/crema-limpiadora-750-ml\/#breadcrumb","itemListElement":[{"@type":"ListItem","position":1,"name":"Accueil","item":"https:\/\/www.csj-emballages.com\/es\/universo-del-envasado-alimentario\/"},{"@type":"ListItem","position":2,"name":"Tienda","item":"https:\/\/www.csj-emballages.com\/tienda\/"},{"@type":"ListItem","position":3,"name":"Crema limpiadora 750 ml"}]},{"@type":"WebSite","@id":"https:\/\/www.csj-emballages.com\/es\/#website","url":"https:\/\/www.csj-emballages.com\/es\/","name":"CSJ Emballages","description":"","publisher":{"@id":"https:\/\/www.csj-emballages.com\/es\/#organization"},"potentialAction":[{"@type":"SearchAction","target":{"@type":"EntryPoint","urlTemplate":"https:\/\/www.csj-emballages.com\/es\/?s={search_term_string}"},"query-input":{"@type":"PropertyValueSpecification","valueRequired":true,"valueName":"search_term_string"}}],"inLanguage":"es"},{"@type":"Organization","@id":"https:\/\/www.csj-emballages.com\/es\/#Organization\/","name":"CSJ Emballages","url":"https:\/\/www.csj-emballages.com\/es\/","logo":{"@type":"ImageObject","inLanguage":"es","@id":"https:\/\/www.csj-emballages.com\/es\/#\/schema\/logo\/image\/","url":"https:\/\/www.csj-emballages.com\/wp-content\/uploads\/2023\/10\/logo_csj.webp","contentUrl":"https:\/\/www.csj-emballages.com\/wp-content\/uploads\/2023\/10\/logo_csj.webp","width":250,"height":95,"caption":"CSJ Emballages"},"image":{"@id":"https:\/\/www.csj-emballages.com\/es\/#\/schema\/logo\/image\/"},"sameAs":["https:\/\/www.facebook.com\/csjemballages"],"address":{"@type":"PostalAddress","streetAddress":"ZI La Lechere","addressLocality":"Patornay","postalCode":"39130","addressCountry":"FR"},"contactPoint":[{"@type":"ContactPoint","contactType":"Service client","telephone":"0384254272","email":"contact@csj-emballages.com"}]}]}},"df_price":2.44,"df_sale_price":"","df_regular_price":2.44,"df_image_link":"https:\/\/www.csj-emballages.com\/wp-content\/uploads\/2024\/09\/ZAX-creme-300x300.webp","tiered_pricing_type":"fixed","tiered_pricing_fixed_rules":[],"tiered_pricing_percentage_rules":[],"tiered_pricing_minimum":1,"tiered_pricing_roles_data":[],"_links":{"self":[{"href":"https:\/\/www.csj-emballages.com\/es\/wp-json\/wp\/v2\/product\/126184","targetHints":{"allow":["GET"]}}],"collection":[{"href":"https:\/\/www.csj-emballages.com\/es\/wp-json\/wp\/v2\/product"}],"about":[{"href":"https:\/\/www.csj-emballages.com\/es\/wp-json\/wp\/v2\/types\/product"}],"wp:featuredmedia":[{"embeddable":true,"href":"https:\/\/www.csj-emballages.com\/es\/wp-json\/wp\/v2\/media\/222194"}],"wp:attachment":[{"href":"https:\/\/www.csj-emballages.com\/es\/wp-json\/wp\/v2\/media?parent=126184"}],"wp:term":[{"taxonomy":"product_brand","embeddable":true,"href":"https:\/\/www.csj-emballages.com\/es\/wp-json\/wp\/v2\/product_brand?post=126184"},{"taxonomy":"product_cat","embeddable":true,"href":"https:\/\/www.csj-emballages.com\/es\/wp-json\/wp\/v2\/product_cat?post=126184"},{"taxonomy":"product_tag","embeddable":true,"href":"https:\/\/www.csj-emballages.com\/es\/wp-json\/wp\/v2\/product_tag?post=126184"}],"curies":[{"name":"wp","href":"https:\/\/api.w.org\/{rel}","templated":true}]}}