{"id":126166,"date":"2024-09-06T02:18:23","date_gmt":"2024-09-06T00:18:23","guid":{"rendered":"https:\/\/www.csj-emballages.com\/produit\/6-ensaladeras-de-plastico-4500ml\/"},"modified":"2026-05-08T02:15:40","modified_gmt":"2026-05-08T00:15:40","slug":"6-ensaladeras-de-plastico-4500ml","status":"publish","type":"product","link":"https:\/\/www.csj-emballages.com\/es\/produit\/6-ensaladeras-de-plastico-4500ml\/","title":{"rendered":"Ensaladera de pl\u00e1stico cristal 4500ml por 6"},"content":{"rendered":"<h2>Ensaladera de pl\u00e1stico<\/h2>\n<hr>\n<h3>Descripci\u00f3n de nuestra ensaladera de pl\u00e1stico cristal 4500 ml por 6<\/h3>\n<p><!--more--><\/p>\n<div class=\"flex max-w-full flex-col flex-grow\">\n<div class=\"min-h-8 text-message flex w-full flex-col items-end gap-2 whitespace-normal break-words text-start [.text-message+&amp;]:mt-5\" dir=\"auto\" data-message-author-role=\"assistant\" data-message-id=\"266ca6f3-5e07-4948-bd20-80ac5e6da4a5\" data-message-model-slug=\"gpt-4o\">\n<div class=\"flex w-full flex-col gap-1 empty:hidden first:pt-[3px]\">\n<div class=\"markdown prose w-full break-words dark:prose-invert dark\">\n<p>Dise\u00f1ada para <strong>empresas de catering<\/strong>, <strong>restaurantes<\/strong> e incluso para uso <strong>dom\u00e9stico<\/strong>, esta <strong>ensaladera<\/strong> <strong>de pl\u00e1stico<\/strong> cristalino combina <strong>elegancia<\/strong> y <strong>practicidad<\/strong>. Con una generosa capacidad de <strong>4500 ml<\/strong>, es ideal para presentar y transportar sus preparaciones fr\u00edas con total seguridad. <\/p>\n<article class=\"w-full scroll-mb-[var(--thread-trailing-height,150px)] text-token-text-primary focus-visible:outline-2 focus-visible:outline-offset-[-4px]\" dir=\"auto\" data-testid=\"conversation-turn-5\" data-scroll-anchor=\"false\">\n<div class=\"m-auto text-base py-[18px] px-3 md:px-4 w-full md:px-5 lg:px-4 xl:px-5\">\n<div class=\"mx-auto flex flex-1 gap-4 text-base md:gap-5 lg:gap-6 md:max-w-3xl lg:max-w-[40rem] xl:max-w-[48rem]\">\n<div class=\"group\/conversation-turn relative flex w-full min-w-0 flex-col agent-turn\">\n<div class=\"flex-col gap-1 md:gap-3\">\n<div class=\"flex max-w-full flex-col flex-grow\">\n<div class=\"min-h-8 text-message flex w-full flex-col items-end gap-2 whitespace-normal break-words text-start [.text-message+&amp;]:mt-5\" dir=\"auto\" data-message-author-role=\"assistant\" data-message-id=\"98a91a6a-6202-4e0c-ad85-3389b1f6ea8a\" data-message-model-slug=\"gpt-4o\">\n<div class=\"flex w-full flex-col gap-1 empty:hidden first:pt-[3px]\">\n<div class=\"markdown prose w-full break-words dark:prose-invert dark\">\n<p>En resumen, tanto si planeas un <strong>buf\u00e9<\/strong>, una <strong>comida para llevar<\/strong> o una simple cena con amigos, esta vers\u00e1til y atractiva <strong>ensaladera de<\/strong> pl\u00e1stico satisfar\u00e1 tus necesidades con <strong>fiabilidad<\/strong> y <strong>estilo<\/strong>.<\/p>\n<p>&nbsp;<\/p>\n<\/div>\n<p><!--more--><\/p>\n<p><span style=\"color: #ff0000;\"><a style=\"color: #ff0000;\" href=\"https:\/\/www.csj-emballages.com\/es\/produit\/6-tapas-para-ensaladeras-de-plastico-cristal-de-4500-ml-sa4500\/\"><strong>*La tapa se vende por separado<\/strong><\/a><\/span><\/p>\n<\/div>\n<\/div>\n<\/div>\n<\/div>\n<\/div>\n<\/div>\n<\/div>\n<\/article>\n<\/div>\n<\/div>\n<\/div>\n<\/div>\n<p>&nbsp;<\/p>\n<p><!--more--><\/p>\n<h4>Ventajas:<\/h4>\n<ul>\n<li><strong>Gran capacidad<\/strong>: Con sus 4500 ml, esta ensaladera es perfecta para porciones generosas, ideal para comidas de grupo o buffets.<\/li>\n<li><strong>Presentaci\u00f3n elegante<\/strong>: Su transparencia realza tus platos, ya sean ensaladas coloridas, platos preparados o postres apetitosos.<\/li>\n<li><strong>Robusta y ligera<\/strong>: Fabricada en APET, es resistente a los golpes, pero ligera y f\u00e1cil de manejar.<\/li>\n<li><strong>Uso vers\u00e1til<\/strong>: Apto tanto para platos fr\u00edos como ligeramente calientes (+70\u00b0C), lo que lo convierte en una opci\u00f3n pr\u00e1ctica para una gran variedad de preparaciones.<\/li>\n<li><strong>Adecuado para el transporte<\/strong>: Compatible con tapas (<span style=\"color: #d12727;\"><a style=\"color: #d12727;\" href=\"https:\/\/www.csj-emballages.com\/es\/produit\/6-tapas-para-ensaladeras-de-plastico-cristal-de-4500-ml-sa4500\/\">haz clic aqu\u00ed<\/a><\/span>), asegura y protege tu vajilla cuando est\u00e1s de viaje.<\/li>\n<\/ul>\n<p>&nbsp;<\/p>\n<p><!--more--><\/p>\n<h4>Informaci\u00f3n adicional :<\/h4>\n<ul>\n<li><strong>Envase<\/strong>: Paquete de 6<\/li>\n<li><strong>Dimensiones<\/strong>: 305 x 116 (\u00d8 x H en mm)<\/li>\n<li><strong>Material<\/strong>: Tereftalato de polietileno virgen (APET)<\/li>\n<li><strong>Volumen<\/strong>: 4500 ml<\/li>\n<li><strong>Uso<\/strong>: Fr\u00edo<\/li>\n<li><strong>Temperatura de funcionamiento<\/strong>: -40\u00b0C\/+70\u00b0C<\/li>\n<\/ul>\n<p>&nbsp;<\/p>\n<p><!--more--><\/p>\n<p>Encuentre aqu\u00ed la funda compatible con este producto que se vende por separado: <span style=\"color: #d12727;\"><a style=\"color: #d12727;\" href=\"https:\/\/www.csj-emballages.com\/es\/produit\/6-tapas-para-ensaladeras-de-plastico-cristal-de-4500-ml-sa4500\/\">COUVSA4500<\/a><\/span><\/p>\n<p>&nbsp;<\/p>\n<p><!--more--><\/p>\n<p>Esta ensaladera tambi\u00e9n est\u00e1 disponible en 22500 ml: <span style=\"color: #d12727;\"><a style=\"color: #d12727;\" href=\"https:\/\/www.csj-emballages.com\/es\/produit\/25-ensaladera-de-plastico-cristal-2250ml\/\">SA2250<\/a><\/span><\/p>\n<p>&nbsp;<\/p>\n<p><!--more--><\/p>\n<p><a href=\"\/?product_cat=saladiers\">Ver el resto de nuestra gama de ensaladeras de pl\u00e1stico<\/a><\/p>\n","protected":false},"excerpt":{"rendered":"<p>Ensaladera de pl\u00e1stico Descripci\u00f3n de nuestra ensaladera de pl\u00e1stico cristal 4500 ml por 6<\/p>\n","protected":false},"featured_media":221034,"template":"","meta":{"_acf_changed":false},"product_brand":[],"product_cat":[1150,1143,2296,1491,2476],"product_tag":[],"class_list":{"0":"post-126166","1":"product","2":"type-product","3":"status-publish","4":"has-post-thumbnail","6":"product_cat-envasado-de-alimentos","7":"product_cat-carniceria-y-charcuteria","8":"product_cat-bandejas-latas-y-tarros","9":"product_cat-bandejas-latas-tarros-de-comida","10":"product_cat-ensaladeras","12":"first","13":"instock","14":"taxable","15":"shipping-taxable","16":"purchasable","17":"product-type-simple"},"acf":[],"yoast_head":"<!-- This site is optimized with the Yoast SEO Premium plugin v26.6 (Yoast SEO v26.6) - https:\/\/yoast.com\/wordpress\/plugins\/seo\/ -->\n<title>Ensaladera de pl\u00e1stico cristal - 4500ml<\/title>\n<meta name=\"description\" content=\"Ensaladera de pl\u00e1stico cristalino de 4500 ml, ideal para empresas de catering, restaurantes y particulares. Gran capacidad y robustez para presentar sus platos fr\u00edos.\" \/>\n<meta name=\"robots\" content=\"index, follow, max-snippet:-1, max-image-preview:large, max-video-preview:-1\" \/>\n<link rel=\"canonical\" href=\"https:\/\/www.csj-emballages.com\/es\/produit\/6-ensaladeras-de-plastico-4500ml\/\" \/>\n<meta property=\"og:locale\" content=\"es_ES\" \/>\n<meta property=\"og:type\" content=\"article\" \/>\n<meta property=\"og:title\" content=\"Ensaladera de pl\u00e1stico cristal 4500ml por 6\" \/>\n<meta property=\"og:description\" content=\"Ensaladera de pl\u00e1stico cristalino de 4500 ml, ideal para empresas de catering, restaurantes y particulares. Gran capacidad y robustez para presentar sus platos fr\u00edos.\" \/>\n<meta property=\"og:url\" content=\"https:\/\/www.csj-emballages.com\/es\/produit\/6-ensaladeras-de-plastico-4500ml\/\" \/>\n<meta property=\"og:site_name\" content=\"CSJ Emballages\" \/>\n<meta property=\"article:publisher\" content=\"https:\/\/www.facebook.com\/csjemballages\" \/>\n<meta property=\"article:modified_time\" content=\"2026-05-08T00:15:40+00:00\" \/>\n<meta property=\"og:image\" content=\"https:\/\/www.csj-emballages.com\/wp-content\/uploads\/2024\/09\/SA4500.webp\" \/>\n\t<meta property=\"og:image:width\" content=\"800\" \/>\n\t<meta property=\"og:image:height\" content=\"800\" \/>\n\t<meta property=\"og:image:type\" content=\"image\/webp\" \/>\n<meta name=\"twitter:card\" content=\"summary_large_image\" \/>\n<meta name=\"twitter:label1\" content=\"Tiempo de lectura\" \/>\n\t<meta name=\"twitter:data1\" content=\"1 minuto\" \/>\n<script type=\"application\/ld+json\" class=\"yoast-schema-graph\">{\"@context\":\"https:\/\/schema.org\",\"@graph\":[{\"@type\":\"WebPage\",\"@id\":\"https:\/\/www.csj-emballages.com\/es\/produit\/6-ensaladeras-de-plastico-4500ml\/\",\"url\":\"https:\/\/www.csj-emballages.com\/es\/produit\/6-ensaladeras-de-plastico-4500ml\/\",\"name\":\"Ensaladera de pl\u00e1stico cristal - 4500ml\",\"isPartOf\":{\"@id\":\"https:\/\/www.csj-emballages.com\/es\/#website\"},\"primaryImageOfPage\":{\"@id\":\"https:\/\/www.csj-emballages.com\/es\/produit\/6-ensaladeras-de-plastico-4500ml\/#primaryimage\"},\"image\":{\"@id\":\"https:\/\/www.csj-emballages.com\/es\/produit\/6-ensaladeras-de-plastico-4500ml\/#primaryimage\"},\"thumbnailUrl\":\"https:\/\/www.csj-emballages.com\/wp-content\/uploads\/2024\/09\/SA4500.webp\",\"datePublished\":\"2024-09-06T00:18:23+00:00\",\"dateModified\":\"2026-05-08T00:15:40+00:00\",\"description\":\"Ensaladera de pl\u00e1stico cristalino de 4500 ml, ideal para empresas de catering, restaurantes y particulares. Gran capacidad y robustez para presentar sus platos fr\u00edos.\",\"breadcrumb\":{\"@id\":\"https:\/\/www.csj-emballages.com\/es\/produit\/6-ensaladeras-de-plastico-4500ml\/#breadcrumb\"},\"inLanguage\":\"es\",\"potentialAction\":[{\"@type\":\"ReadAction\",\"target\":[\"https:\/\/www.csj-emballages.com\/es\/produit\/6-ensaladeras-de-plastico-4500ml\/\"]}]},{\"@type\":\"ImageObject\",\"inLanguage\":\"es\",\"@id\":\"https:\/\/www.csj-emballages.com\/es\/produit\/6-ensaladeras-de-plastico-4500ml\/#primaryimage\",\"url\":\"https:\/\/www.csj-emballages.com\/wp-content\/uploads\/2024\/09\/SA4500.webp\",\"contentUrl\":\"https:\/\/www.csj-emballages.com\/wp-content\/uploads\/2024\/09\/SA4500.webp\",\"width\":800,\"height\":800,\"caption\":\"Saladier plastique\"},{\"@type\":\"BreadcrumbList\",\"@id\":\"https:\/\/www.csj-emballages.com\/es\/produit\/6-ensaladeras-de-plastico-4500ml\/#breadcrumb\",\"itemListElement\":[{\"@type\":\"ListItem\",\"position\":1,\"name\":\"Accueil\",\"item\":\"https:\/\/www.csj-emballages.com\/es\/universo-del-envasado-alimentario\/\"},{\"@type\":\"ListItem\",\"position\":2,\"name\":\"Tienda\",\"item\":\"https:\/\/www.csj-emballages.com\/tienda\/\"},{\"@type\":\"ListItem\",\"position\":3,\"name\":\"Ensaladera de pl\u00e1stico cristal 4500ml por 6\"}]},{\"@type\":\"WebSite\",\"@id\":\"https:\/\/www.csj-emballages.com\/es\/#website\",\"url\":\"https:\/\/www.csj-emballages.com\/es\/\",\"name\":\"CSJ Emballages\",\"description\":\"\",\"publisher\":{\"@id\":\"https:\/\/www.csj-emballages.com\/es\/#organization\"},\"potentialAction\":[{\"@type\":\"SearchAction\",\"target\":{\"@type\":\"EntryPoint\",\"urlTemplate\":\"https:\/\/www.csj-emballages.com\/es\/?s={search_term_string}\"},\"query-input\":{\"@type\":\"PropertyValueSpecification\",\"valueRequired\":true,\"valueName\":\"search_term_string\"}}],\"inLanguage\":\"es\"},{\"@type\":\"Organization\",\"@id\":\"https:\/\/www.csj-emballages.com\/es\/#Organization\/\",\"name\":\"CSJ Emballages\",\"url\":\"https:\/\/www.csj-emballages.com\/es\/\",\"logo\":{\"@type\":\"ImageObject\",\"inLanguage\":\"es\",\"@id\":\"https:\/\/www.csj-emballages.com\/es\/#\/schema\/logo\/image\/\",\"url\":\"https:\/\/www.csj-emballages.com\/wp-content\/uploads\/2023\/10\/logo_csj.webp\",\"contentUrl\":\"https:\/\/www.csj-emballages.com\/wp-content\/uploads\/2023\/10\/logo_csj.webp\",\"width\":250,\"height\":95,\"caption\":\"CSJ Emballages\"},\"image\":{\"@id\":\"https:\/\/www.csj-emballages.com\/es\/#\/schema\/logo\/image\/\"},\"sameAs\":[\"https:\/\/www.facebook.com\/csjemballages\"],\"address\":{\"@type\":\"PostalAddress\",\"streetAddress\":\"ZI La Lechere\",\"addressLocality\":\"Patornay\",\"postalCode\":\"39130\",\"addressCountry\":\"FR\"},\"contactPoint\":[{\"@type\":\"ContactPoint\",\"contactType\":\"Service client\",\"telephone\":\"0384254272\",\"email\":\"contact@csj-emballages.com\"}]}]}<\/script>\n<!-- \/ Yoast SEO Premium plugin. -->","yoast_head_json":{"title":"Ensaladera de pl\u00e1stico cristal - 4500ml","description":"Ensaladera de pl\u00e1stico cristalino de 4500 ml, ideal para empresas de catering, restaurantes y particulares. Gran capacidad y robustez para presentar sus platos fr\u00edos.","robots":{"index":"index","follow":"follow","max-snippet":"max-snippet:-1","max-image-preview":"max-image-preview:large","max-video-preview":"max-video-preview:-1"},"canonical":"https:\/\/www.csj-emballages.com\/es\/produit\/6-ensaladeras-de-plastico-4500ml\/","og_locale":"es_ES","og_type":"article","og_title":"Ensaladera de pl\u00e1stico cristal 4500ml por 6","og_description":"Ensaladera de pl\u00e1stico cristalino de 4500 ml, ideal para empresas de catering, restaurantes y particulares. Gran capacidad y robustez para presentar sus platos fr\u00edos.","og_url":"https:\/\/www.csj-emballages.com\/es\/produit\/6-ensaladeras-de-plastico-4500ml\/","og_site_name":"CSJ Emballages","article_publisher":"https:\/\/www.facebook.com\/csjemballages","article_modified_time":"2026-05-08T00:15:40+00:00","og_image":[{"width":800,"height":800,"url":"https:\/\/www.csj-emballages.com\/wp-content\/uploads\/2024\/09\/SA4500.webp","type":"image\/webp"}],"twitter_card":"summary_large_image","twitter_misc":{"Tiempo de lectura":"1 minuto"},"schema":{"@context":"https:\/\/schema.org","@graph":[{"@type":"WebPage","@id":"https:\/\/www.csj-emballages.com\/es\/produit\/6-ensaladeras-de-plastico-4500ml\/","url":"https:\/\/www.csj-emballages.com\/es\/produit\/6-ensaladeras-de-plastico-4500ml\/","name":"Ensaladera de pl\u00e1stico cristal - 4500ml","isPartOf":{"@id":"https:\/\/www.csj-emballages.com\/es\/#website"},"primaryImageOfPage":{"@id":"https:\/\/www.csj-emballages.com\/es\/produit\/6-ensaladeras-de-plastico-4500ml\/#primaryimage"},"image":{"@id":"https:\/\/www.csj-emballages.com\/es\/produit\/6-ensaladeras-de-plastico-4500ml\/#primaryimage"},"thumbnailUrl":"https:\/\/www.csj-emballages.com\/wp-content\/uploads\/2024\/09\/SA4500.webp","datePublished":"2024-09-06T00:18:23+00:00","dateModified":"2026-05-08T00:15:40+00:00","description":"Ensaladera de pl\u00e1stico cristalino de 4500 ml, ideal para empresas de catering, restaurantes y particulares. Gran capacidad y robustez para presentar sus platos fr\u00edos.","breadcrumb":{"@id":"https:\/\/www.csj-emballages.com\/es\/produit\/6-ensaladeras-de-plastico-4500ml\/#breadcrumb"},"inLanguage":"es","potentialAction":[{"@type":"ReadAction","target":["https:\/\/www.csj-emballages.com\/es\/produit\/6-ensaladeras-de-plastico-4500ml\/"]}]},{"@type":"ImageObject","inLanguage":"es","@id":"https:\/\/www.csj-emballages.com\/es\/produit\/6-ensaladeras-de-plastico-4500ml\/#primaryimage","url":"https:\/\/www.csj-emballages.com\/wp-content\/uploads\/2024\/09\/SA4500.webp","contentUrl":"https:\/\/www.csj-emballages.com\/wp-content\/uploads\/2024\/09\/SA4500.webp","width":800,"height":800,"caption":"Saladier plastique"},{"@type":"BreadcrumbList","@id":"https:\/\/www.csj-emballages.com\/es\/produit\/6-ensaladeras-de-plastico-4500ml\/#breadcrumb","itemListElement":[{"@type":"ListItem","position":1,"name":"Accueil","item":"https:\/\/www.csj-emballages.com\/es\/universo-del-envasado-alimentario\/"},{"@type":"ListItem","position":2,"name":"Tienda","item":"https:\/\/www.csj-emballages.com\/tienda\/"},{"@type":"ListItem","position":3,"name":"Ensaladera de pl\u00e1stico cristal 4500ml por 6"}]},{"@type":"WebSite","@id":"https:\/\/www.csj-emballages.com\/es\/#website","url":"https:\/\/www.csj-emballages.com\/es\/","name":"CSJ Emballages","description":"","publisher":{"@id":"https:\/\/www.csj-emballages.com\/es\/#organization"},"potentialAction":[{"@type":"SearchAction","target":{"@type":"EntryPoint","urlTemplate":"https:\/\/www.csj-emballages.com\/es\/?s={search_term_string}"},"query-input":{"@type":"PropertyValueSpecification","valueRequired":true,"valueName":"search_term_string"}}],"inLanguage":"es"},{"@type":"Organization","@id":"https:\/\/www.csj-emballages.com\/es\/#Organization\/","name":"CSJ Emballages","url":"https:\/\/www.csj-emballages.com\/es\/","logo":{"@type":"ImageObject","inLanguage":"es","@id":"https:\/\/www.csj-emballages.com\/es\/#\/schema\/logo\/image\/","url":"https:\/\/www.csj-emballages.com\/wp-content\/uploads\/2023\/10\/logo_csj.webp","contentUrl":"https:\/\/www.csj-emballages.com\/wp-content\/uploads\/2023\/10\/logo_csj.webp","width":250,"height":95,"caption":"CSJ Emballages"},"image":{"@id":"https:\/\/www.csj-emballages.com\/es\/#\/schema\/logo\/image\/"},"sameAs":["https:\/\/www.facebook.com\/csjemballages"],"address":{"@type":"PostalAddress","streetAddress":"ZI La Lechere","addressLocality":"Patornay","postalCode":"39130","addressCountry":"FR"},"contactPoint":[{"@type":"ContactPoint","contactType":"Service client","telephone":"0384254272","email":"contact@csj-emballages.com"}]}]}},"df_price":10.93,"df_sale_price":"","df_regular_price":10.93,"df_image_link":"https:\/\/www.csj-emballages.com\/wp-content\/uploads\/2024\/09\/SA4500-300x300.webp","tiered_pricing_type":"fixed","tiered_pricing_fixed_rules":[],"tiered_pricing_percentage_rules":[],"tiered_pricing_minimum":1,"tiered_pricing_roles_data":[],"_links":{"self":[{"href":"https:\/\/www.csj-emballages.com\/es\/wp-json\/wp\/v2\/product\/126166","targetHints":{"allow":["GET"]}}],"collection":[{"href":"https:\/\/www.csj-emballages.com\/es\/wp-json\/wp\/v2\/product"}],"about":[{"href":"https:\/\/www.csj-emballages.com\/es\/wp-json\/wp\/v2\/types\/product"}],"wp:featuredmedia":[{"embeddable":true,"href":"https:\/\/www.csj-emballages.com\/es\/wp-json\/wp\/v2\/media\/221034"}],"wp:attachment":[{"href":"https:\/\/www.csj-emballages.com\/es\/wp-json\/wp\/v2\/media?parent=126166"}],"wp:term":[{"taxonomy":"product_brand","embeddable":true,"href":"https:\/\/www.csj-emballages.com\/es\/wp-json\/wp\/v2\/product_brand?post=126166"},{"taxonomy":"product_cat","embeddable":true,"href":"https:\/\/www.csj-emballages.com\/es\/wp-json\/wp\/v2\/product_cat?post=126166"},{"taxonomy":"product_tag","embeddable":true,"href":"https:\/\/www.csj-emballages.com\/es\/wp-json\/wp\/v2\/product_tag?post=126166"}],"curies":[{"name":"wp","href":"https:\/\/api.w.org\/{rel}","templated":true}]}}