{"id":126158,"date":"2024-09-06T02:18:21","date_gmt":"2024-09-06T00:18:21","guid":{"rendered":"https:\/\/www.csj-emballages.com\/produit\/6-tapas-para-ensaladeras-de-plastico-cristal-de-4500-ml-sa4500\/"},"modified":"2026-05-08T02:12:45","modified_gmt":"2026-05-08T00:12:45","slug":"6-tapas-para-ensaladeras-de-plastico-cristal-de-4500-ml-sa4500","status":"publish","type":"product","link":"https:\/\/www.csj-emballages.com\/es\/produit\/6-tapas-para-ensaladeras-de-plastico-cristal-de-4500-ml-sa4500\/","title":{"rendered":"Tapa de pl\u00e1stico para ensaladera 4500ml SA4500 6pcs"},"content":{"rendered":"<h2>Tapa de pl\u00e1stico<\/h2>\n<hr>\n<h3>Descripci\u00f3n de nuestra tapa de pl\u00e1stico para ensaladera 4500ml SA4500 por 6<\/h3>\n<p><!--more--><\/p>\n<div class=\"flex max-w-full flex-col flex-grow\">\n<div class=\"min-h-8 text-message flex w-full flex-col items-end gap-2 whitespace-normal break-words text-start [.text-message+&amp;]:mt-5\" dir=\"auto\" data-message-author-role=\"assistant\" data-message-id=\"266ca6f3-5e07-4948-bd20-80ac5e6da4a5\" data-message-model-slug=\"gpt-4o\">\n<div class=\"flex w-full flex-col gap-1 empty:hidden first:pt-[3px]\">\n<div class=\"markdown prose w-full break-words dark:prose-invert dark\">\n<p>Las <strong>tapas de pl\u00e1stico<\/strong> <strong>SA4500<\/strong> para <strong>ensaladeras de pl\u00e1stico cristal<\/strong> est\u00e1n dise\u00f1adas para ofrecer una protecci\u00f3n \u00f3ptima. Fabricadas con material resistente, garantizan un cierre herm\u00e9tico y fiable. Estas <strong>tapas<\/strong> se adaptan perfectamente a <strong>ensaladeras<\/strong> con una capacidad de <strong>4500 ml<\/strong>, ofreciendo una conservaci\u00f3n eficaz de los alimentos. Protegen sus platos de las salpicaduras y los mantienen frescos.   <\/p>\n<p>Estas pr\u00e1cticas tapas se adaptan f\u00e1cilmente a <strong>las ensaladeras<\/strong>, facilitando y agilizando su manipulaci\u00f3n. Estas tapas <strong>de pl\u00e1stico para ensaladeras<\/strong> son ideales para grandes cantidades de comida, ya sea para uso dom\u00e9stico o profesional. Est\u00e1n dise\u00f1adas para soportar variaciones de temperatura (-40\u00b0C \/ +70\u00b0C), lo que permite utilizarlas tanto en el frigor\u00edfico como a temperatura ambiente. Adem\u00e1s, su dise\u00f1o apilable facilita su almacenamiento en los armarios.   <\/p>\n<p>En definitiva, las <strong>tapas de pl\u00e1stico para ensaladeras SA4500<\/strong> ofrecen una soluci\u00f3n pr\u00e1ctica e higi\u00e9nica para el almacenamiento de alimentos.<\/p>\n<p>&nbsp;<\/p>\n<h2><!--more--><\/h2>\n<article class=\"w-full scroll-mb-[var(--thread-trailing-height,150px)] text-token-text-primary focus-visible:outline-2 focus-visible:outline-offset-[-4px]\" dir=\"auto\" data-testid=\"conversation-turn-5\" data-scroll-anchor=\"false\">\n<div class=\"m-auto text-base py-[18px] px-3 md:px-4 w-full md:px-5 lg:px-4 xl:px-5\">\n<div class=\"mx-auto flex flex-1 gap-4 text-base md:gap-5 lg:gap-6 md:max-w-3xl lg:max-w-[40rem] xl:max-w-[48rem]\">\n<div class=\"group\/conversation-turn relative flex w-full min-w-0 flex-col agent-turn\">\n<div class=\"flex-col gap-1 md:gap-3\">\n<div class=\"flex max-w-full flex-col flex-grow\">\n<div class=\"min-h-8 text-message flex w-full flex-col items-end gap-2 whitespace-normal break-words text-start [.text-message+&amp;]:mt-5\" dir=\"auto\" data-message-author-role=\"assistant\" data-message-id=\"98a91a6a-6202-4e0c-ad85-3389b1f6ea8a\" data-message-model-slug=\"gpt-4o\">\n<div class=\"flex w-full flex-col gap-1 empty:hidden first:pt-[3px]\">\n<p><span style=\"color: #ff0000;\"><a style=\"color: #ff0000;\" href=\"https:\/\/www.csj-emballages.com\/es\/produit\/6-ensaladeras-de-plastico-4500ml\/\"><strong>*Las bandejas para ensaladas se venden por separado<\/strong><\/a><\/span><\/p>\n<\/div>\n<\/div>\n<\/div>\n<\/div>\n<\/div>\n<\/div>\n<\/div>\n<\/article>\n<\/div>\n<\/div>\n<\/div>\n<\/div>\n<p>&nbsp;<\/p>\n<p><!--more--><\/p>\n<h4>Ventajas:<\/h4>\n<ul>\n<li><strong>Cierre seguro<\/strong>: Garantiza un cierre herm\u00e9tico para evitar fugas y proteger tus preparados durante el transporte.<\/li>\n<li><strong>F\u00e1cil de transportar<\/strong>: Con una tapa segura, tus platos se pueden mover sin riesgo de derrames, ideal para comidas para llevar o eventos.<\/li>\n<li><strong>Practicidad<\/strong>: F\u00e1cil de poner y quitar, pero se mantiene en su sitio una vez fijado.<\/li>\n<li><strong>Compatible y ajustado<\/strong>: Perfectamente dise\u00f1ado para la <span style=\"color: #d12727;\"><a style=\"color: #d12727;\" href=\"https:\/\/www.csj-emballages.com\/es\/produit\/6-ensaladeras-de-plastico-4500ml\/\">ensaladera de pl\u00e1stico cristal de 4500 ml<\/a><\/span>garantizando un ajuste preciso.<\/li>\n<li><strong>Elegante transparencia<\/strong>: Al igual que la ensaladera, la <strong>tapa transparente de pl\u00e1stico de la ensaladera<\/strong> te permite ver el contenido sin necesidad de abrirla, lo que resulta pr\u00e1ctico para identificar r\u00e1pidamente los platos.<\/li>\n<\/ul>\n<p>&nbsp;<\/p>\n<p><!--more--><\/p>\n<h4>Informaci\u00f3n adicional :<\/h4>\n<ul>\n<li><strong>Envase<\/strong>: Paquete de 6<\/li>\n<li><strong>Dimensiones<\/strong>: 305 x 38 (\u00d8 x H en mm)<\/li>\n<li><strong>Material<\/strong>: Tereftalato de polietileno (PET)<\/li>\n<li><strong>Volumen<\/strong>: 4500 ml<\/li>\n<li><strong>Uso<\/strong>: Fr\u00edo<\/li>\n<li><strong>Temperatura de funcionamiento<\/strong>: -40\u00b0C\/+70\u00b0C<\/li>\n<\/ul>\n<p>&nbsp;<\/p>\n<p><!--more--><\/p>\n<p>Encuentre aqu\u00ed la ensaladera compatible con este producto que se vende por separado: <span style=\"color: #d12727;\"><a style=\"color: #d12727;\" href=\"https:\/\/www.csj-emballages.com\/es\/produit\/6-ensaladeras-de-plastico-4500ml\/\">SA4500<\/a><\/span><\/p>\n<p>&nbsp;<\/p>\n<p><!--more--><\/p>\n<p>Esta tapa tambi\u00e9n est\u00e1 disponible para ensaladeras de 2250 ml: <span style=\"color: #d12727;\"><a style=\"color: #d12727;\" href=\"https:\/\/www.csj-emballages.com\/es\/produit\/25-tapas-para-ensaladeras-de-plastico-cristal-2250-ml-sa2250\/\">COUVSA2250<\/a><\/span><\/p>\n<p>&nbsp;<\/p>\n<p><!--more--><\/p>\n<p><a href=\"\/?product_cat=saladiers\">Ver el resto de nuestra gama de ensaladeras de pl\u00e1stico<\/a><\/p>\n","protected":false},"excerpt":{"rendered":"<p>Tapa de pl\u00e1stico Descripci\u00f3n de nuestra tapa de pl\u00e1stico para ensaladera 4500ml SA4500 por 6<\/p>\n","protected":false},"featured_media":221039,"template":"","meta":{"_acf_changed":false},"product_brand":[],"product_cat":[1150,1143,2296,1491,2476],"product_tag":[],"class_list":{"0":"post-126158","1":"product","2":"type-product","3":"status-publish","4":"has-post-thumbnail","6":"product_cat-envasado-de-alimentos","7":"product_cat-carniceria-y-charcuteria","8":"product_cat-bandejas-latas-y-tarros","9":"product_cat-bandejas-latas-tarros-de-comida","10":"product_cat-ensaladeras","12":"first","13":"instock","14":"taxable","15":"shipping-taxable","16":"purchasable","17":"product-type-simple"},"acf":[],"yoast_head":"<!-- This site is optimized with the Yoast SEO Premium plugin v26.6 (Yoast SEO v26.6) - https:\/\/yoast.com\/wordpress\/plugins\/seo\/ -->\n<title>Tapa de pl\u00e1stico para Ensaladera 4500ml - SA4500<\/title>\n<meta name=\"description\" content=\"Tapa para ensaladera de pl\u00e1stico cristal de 4500 ml. Cierre herm\u00e9tico, protecci\u00f3n \u00f3ptima y dise\u00f1o transparente para un transporte seguro de sus platos.\" \/>\n<meta name=\"robots\" content=\"index, follow, max-snippet:-1, max-image-preview:large, max-video-preview:-1\" \/>\n<link rel=\"canonical\" href=\"https:\/\/www.csj-emballages.com\/es\/produit\/6-tapas-para-ensaladeras-de-plastico-cristal-de-4500-ml-sa4500\/\" \/>\n<meta property=\"og:locale\" content=\"es_ES\" \/>\n<meta property=\"og:type\" content=\"article\" \/>\n<meta property=\"og:title\" content=\"Tapa de pl\u00e1stico para ensaladera 4500ml SA4500 6pcs\" \/>\n<meta property=\"og:description\" content=\"Tapa para ensaladera de pl\u00e1stico cristal de 4500 ml. Cierre herm\u00e9tico, protecci\u00f3n \u00f3ptima y dise\u00f1o transparente para un transporte seguro de sus platos.\" \/>\n<meta property=\"og:url\" content=\"https:\/\/www.csj-emballages.com\/es\/produit\/6-tapas-para-ensaladeras-de-plastico-cristal-de-4500-ml-sa4500\/\" \/>\n<meta property=\"og:site_name\" content=\"CSJ Emballages\" \/>\n<meta property=\"article:publisher\" content=\"https:\/\/www.facebook.com\/csjemballages\" \/>\n<meta property=\"article:modified_time\" content=\"2026-05-08T00:12:45+00:00\" \/>\n<meta property=\"og:image\" content=\"https:\/\/www.csj-emballages.com\/wp-content\/uploads\/2024\/09\/COUVSA4500.webp\" \/>\n\t<meta property=\"og:image:width\" content=\"724\" \/>\n\t<meta property=\"og:image:height\" content=\"724\" \/>\n\t<meta property=\"og:image:type\" content=\"image\/webp\" \/>\n<meta name=\"twitter:card\" content=\"summary_large_image\" \/>\n<meta name=\"twitter:label1\" content=\"Tiempo de lectura\" \/>\n\t<meta name=\"twitter:data1\" content=\"2 minutos\" \/>\n<script type=\"application\/ld+json\" class=\"yoast-schema-graph\">{\"@context\":\"https:\/\/schema.org\",\"@graph\":[{\"@type\":\"WebPage\",\"@id\":\"https:\/\/www.csj-emballages.com\/es\/produit\/6-tapas-para-ensaladeras-de-plastico-cristal-de-4500-ml-sa4500\/\",\"url\":\"https:\/\/www.csj-emballages.com\/es\/produit\/6-tapas-para-ensaladeras-de-plastico-cristal-de-4500-ml-sa4500\/\",\"name\":\"Tapa de pl\u00e1stico para Ensaladera 4500ml - SA4500\",\"isPartOf\":{\"@id\":\"https:\/\/www.csj-emballages.com\/es\/#website\"},\"primaryImageOfPage\":{\"@id\":\"https:\/\/www.csj-emballages.com\/es\/produit\/6-tapas-para-ensaladeras-de-plastico-cristal-de-4500-ml-sa4500\/#primaryimage\"},\"image\":{\"@id\":\"https:\/\/www.csj-emballages.com\/es\/produit\/6-tapas-para-ensaladeras-de-plastico-cristal-de-4500-ml-sa4500\/#primaryimage\"},\"thumbnailUrl\":\"https:\/\/www.csj-emballages.com\/wp-content\/uploads\/2024\/09\/COUVSA4500.webp\",\"datePublished\":\"2024-09-06T00:18:21+00:00\",\"dateModified\":\"2026-05-08T00:12:45+00:00\",\"description\":\"Tapa para ensaladera de pl\u00e1stico cristal de 4500 ml. Cierre herm\u00e9tico, protecci\u00f3n \u00f3ptima y dise\u00f1o transparente para un transporte seguro de sus platos.\",\"breadcrumb\":{\"@id\":\"https:\/\/www.csj-emballages.com\/es\/produit\/6-tapas-para-ensaladeras-de-plastico-cristal-de-4500-ml-sa4500\/#breadcrumb\"},\"inLanguage\":\"es\",\"potentialAction\":[{\"@type\":\"ReadAction\",\"target\":[\"https:\/\/www.csj-emballages.com\/es\/produit\/6-tapas-para-ensaladeras-de-plastico-cristal-de-4500-ml-sa4500\/\"]}]},{\"@type\":\"ImageObject\",\"inLanguage\":\"es\",\"@id\":\"https:\/\/www.csj-emballages.com\/es\/produit\/6-tapas-para-ensaladeras-de-plastico-cristal-de-4500-ml-sa4500\/#primaryimage\",\"url\":\"https:\/\/www.csj-emballages.com\/wp-content\/uploads\/2024\/09\/COUVSA4500.webp\",\"contentUrl\":\"https:\/\/www.csj-emballages.com\/wp-content\/uploads\/2024\/09\/COUVSA4500.webp\",\"width\":724,\"height\":724,\"caption\":\"Couvercle plastique\"},{\"@type\":\"BreadcrumbList\",\"@id\":\"https:\/\/www.csj-emballages.com\/es\/produit\/6-tapas-para-ensaladeras-de-plastico-cristal-de-4500-ml-sa4500\/#breadcrumb\",\"itemListElement\":[{\"@type\":\"ListItem\",\"position\":1,\"name\":\"Accueil\",\"item\":\"https:\/\/www.csj-emballages.com\/es\/universo-del-envasado-alimentario\/\"},{\"@type\":\"ListItem\",\"position\":2,\"name\":\"Tienda\",\"item\":\"https:\/\/www.csj-emballages.com\/tienda\/\"},{\"@type\":\"ListItem\",\"position\":3,\"name\":\"Tapa de pl\u00e1stico para ensaladera 4500ml SA4500 6pcs\"}]},{\"@type\":\"WebSite\",\"@id\":\"https:\/\/www.csj-emballages.com\/es\/#website\",\"url\":\"https:\/\/www.csj-emballages.com\/es\/\",\"name\":\"CSJ Emballages\",\"description\":\"\",\"publisher\":{\"@id\":\"https:\/\/www.csj-emballages.com\/es\/#organization\"},\"potentialAction\":[{\"@type\":\"SearchAction\",\"target\":{\"@type\":\"EntryPoint\",\"urlTemplate\":\"https:\/\/www.csj-emballages.com\/es\/?s={search_term_string}\"},\"query-input\":{\"@type\":\"PropertyValueSpecification\",\"valueRequired\":true,\"valueName\":\"search_term_string\"}}],\"inLanguage\":\"es\"},{\"@type\":\"Organization\",\"@id\":\"https:\/\/www.csj-emballages.com\/es\/#Organization\/\",\"name\":\"CSJ Emballages\",\"url\":\"https:\/\/www.csj-emballages.com\/es\/\",\"logo\":{\"@type\":\"ImageObject\",\"inLanguage\":\"es\",\"@id\":\"https:\/\/www.csj-emballages.com\/es\/#\/schema\/logo\/image\/\",\"url\":\"https:\/\/www.csj-emballages.com\/wp-content\/uploads\/2023\/10\/logo_csj.webp\",\"contentUrl\":\"https:\/\/www.csj-emballages.com\/wp-content\/uploads\/2023\/10\/logo_csj.webp\",\"width\":250,\"height\":95,\"caption\":\"CSJ Emballages\"},\"image\":{\"@id\":\"https:\/\/www.csj-emballages.com\/es\/#\/schema\/logo\/image\/\"},\"sameAs\":[\"https:\/\/www.facebook.com\/csjemballages\"],\"address\":{\"@type\":\"PostalAddress\",\"streetAddress\":\"ZI La Lechere\",\"addressLocality\":\"Patornay\",\"postalCode\":\"39130\",\"addressCountry\":\"FR\"},\"contactPoint\":[{\"@type\":\"ContactPoint\",\"contactType\":\"Service client\",\"telephone\":\"0384254272\",\"email\":\"contact@csj-emballages.com\"}]}]}<\/script>\n<!-- \/ Yoast SEO Premium plugin. -->","yoast_head_json":{"title":"Tapa de pl\u00e1stico para Ensaladera 4500ml - SA4500","description":"Tapa para ensaladera de pl\u00e1stico cristal de 4500 ml. Cierre herm\u00e9tico, protecci\u00f3n \u00f3ptima y dise\u00f1o transparente para un transporte seguro de sus platos.","robots":{"index":"index","follow":"follow","max-snippet":"max-snippet:-1","max-image-preview":"max-image-preview:large","max-video-preview":"max-video-preview:-1"},"canonical":"https:\/\/www.csj-emballages.com\/es\/produit\/6-tapas-para-ensaladeras-de-plastico-cristal-de-4500-ml-sa4500\/","og_locale":"es_ES","og_type":"article","og_title":"Tapa de pl\u00e1stico para ensaladera 4500ml SA4500 6pcs","og_description":"Tapa para ensaladera de pl\u00e1stico cristal de 4500 ml. Cierre herm\u00e9tico, protecci\u00f3n \u00f3ptima y dise\u00f1o transparente para un transporte seguro de sus platos.","og_url":"https:\/\/www.csj-emballages.com\/es\/produit\/6-tapas-para-ensaladeras-de-plastico-cristal-de-4500-ml-sa4500\/","og_site_name":"CSJ Emballages","article_publisher":"https:\/\/www.facebook.com\/csjemballages","article_modified_time":"2026-05-08T00:12:45+00:00","og_image":[{"width":724,"height":724,"url":"https:\/\/www.csj-emballages.com\/wp-content\/uploads\/2024\/09\/COUVSA4500.webp","type":"image\/webp"}],"twitter_card":"summary_large_image","twitter_misc":{"Tiempo de lectura":"2 minutos"},"schema":{"@context":"https:\/\/schema.org","@graph":[{"@type":"WebPage","@id":"https:\/\/www.csj-emballages.com\/es\/produit\/6-tapas-para-ensaladeras-de-plastico-cristal-de-4500-ml-sa4500\/","url":"https:\/\/www.csj-emballages.com\/es\/produit\/6-tapas-para-ensaladeras-de-plastico-cristal-de-4500-ml-sa4500\/","name":"Tapa de pl\u00e1stico para Ensaladera 4500ml - SA4500","isPartOf":{"@id":"https:\/\/www.csj-emballages.com\/es\/#website"},"primaryImageOfPage":{"@id":"https:\/\/www.csj-emballages.com\/es\/produit\/6-tapas-para-ensaladeras-de-plastico-cristal-de-4500-ml-sa4500\/#primaryimage"},"image":{"@id":"https:\/\/www.csj-emballages.com\/es\/produit\/6-tapas-para-ensaladeras-de-plastico-cristal-de-4500-ml-sa4500\/#primaryimage"},"thumbnailUrl":"https:\/\/www.csj-emballages.com\/wp-content\/uploads\/2024\/09\/COUVSA4500.webp","datePublished":"2024-09-06T00:18:21+00:00","dateModified":"2026-05-08T00:12:45+00:00","description":"Tapa para ensaladera de pl\u00e1stico cristal de 4500 ml. Cierre herm\u00e9tico, protecci\u00f3n \u00f3ptima y dise\u00f1o transparente para un transporte seguro de sus platos.","breadcrumb":{"@id":"https:\/\/www.csj-emballages.com\/es\/produit\/6-tapas-para-ensaladeras-de-plastico-cristal-de-4500-ml-sa4500\/#breadcrumb"},"inLanguage":"es","potentialAction":[{"@type":"ReadAction","target":["https:\/\/www.csj-emballages.com\/es\/produit\/6-tapas-para-ensaladeras-de-plastico-cristal-de-4500-ml-sa4500\/"]}]},{"@type":"ImageObject","inLanguage":"es","@id":"https:\/\/www.csj-emballages.com\/es\/produit\/6-tapas-para-ensaladeras-de-plastico-cristal-de-4500-ml-sa4500\/#primaryimage","url":"https:\/\/www.csj-emballages.com\/wp-content\/uploads\/2024\/09\/COUVSA4500.webp","contentUrl":"https:\/\/www.csj-emballages.com\/wp-content\/uploads\/2024\/09\/COUVSA4500.webp","width":724,"height":724,"caption":"Couvercle plastique"},{"@type":"BreadcrumbList","@id":"https:\/\/www.csj-emballages.com\/es\/produit\/6-tapas-para-ensaladeras-de-plastico-cristal-de-4500-ml-sa4500\/#breadcrumb","itemListElement":[{"@type":"ListItem","position":1,"name":"Accueil","item":"https:\/\/www.csj-emballages.com\/es\/universo-del-envasado-alimentario\/"},{"@type":"ListItem","position":2,"name":"Tienda","item":"https:\/\/www.csj-emballages.com\/tienda\/"},{"@type":"ListItem","position":3,"name":"Tapa de pl\u00e1stico para ensaladera 4500ml SA4500 6pcs"}]},{"@type":"WebSite","@id":"https:\/\/www.csj-emballages.com\/es\/#website","url":"https:\/\/www.csj-emballages.com\/es\/","name":"CSJ Emballages","description":"","publisher":{"@id":"https:\/\/www.csj-emballages.com\/es\/#organization"},"potentialAction":[{"@type":"SearchAction","target":{"@type":"EntryPoint","urlTemplate":"https:\/\/www.csj-emballages.com\/es\/?s={search_term_string}"},"query-input":{"@type":"PropertyValueSpecification","valueRequired":true,"valueName":"search_term_string"}}],"inLanguage":"es"},{"@type":"Organization","@id":"https:\/\/www.csj-emballages.com\/es\/#Organization\/","name":"CSJ Emballages","url":"https:\/\/www.csj-emballages.com\/es\/","logo":{"@type":"ImageObject","inLanguage":"es","@id":"https:\/\/www.csj-emballages.com\/es\/#\/schema\/logo\/image\/","url":"https:\/\/www.csj-emballages.com\/wp-content\/uploads\/2023\/10\/logo_csj.webp","contentUrl":"https:\/\/www.csj-emballages.com\/wp-content\/uploads\/2023\/10\/logo_csj.webp","width":250,"height":95,"caption":"CSJ Emballages"},"image":{"@id":"https:\/\/www.csj-emballages.com\/es\/#\/schema\/logo\/image\/"},"sameAs":["https:\/\/www.facebook.com\/csjemballages"],"address":{"@type":"PostalAddress","streetAddress":"ZI La Lechere","addressLocality":"Patornay","postalCode":"39130","addressCountry":"FR"},"contactPoint":[{"@type":"ContactPoint","contactType":"Service client","telephone":"0384254272","email":"contact@csj-emballages.com"}]}]}},"df_price":6.08,"df_sale_price":"","df_regular_price":6.08,"df_image_link":"https:\/\/www.csj-emballages.com\/wp-content\/uploads\/2024\/09\/COUVSA4500-300x300.webp","tiered_pricing_type":"fixed","tiered_pricing_fixed_rules":[],"tiered_pricing_percentage_rules":[],"tiered_pricing_minimum":1,"tiered_pricing_roles_data":[],"_links":{"self":[{"href":"https:\/\/www.csj-emballages.com\/es\/wp-json\/wp\/v2\/product\/126158","targetHints":{"allow":["GET"]}}],"collection":[{"href":"https:\/\/www.csj-emballages.com\/es\/wp-json\/wp\/v2\/product"}],"about":[{"href":"https:\/\/www.csj-emballages.com\/es\/wp-json\/wp\/v2\/types\/product"}],"wp:featuredmedia":[{"embeddable":true,"href":"https:\/\/www.csj-emballages.com\/es\/wp-json\/wp\/v2\/media\/221039"}],"wp:attachment":[{"href":"https:\/\/www.csj-emballages.com\/es\/wp-json\/wp\/v2\/media?parent=126158"}],"wp:term":[{"taxonomy":"product_brand","embeddable":true,"href":"https:\/\/www.csj-emballages.com\/es\/wp-json\/wp\/v2\/product_brand?post=126158"},{"taxonomy":"product_cat","embeddable":true,"href":"https:\/\/www.csj-emballages.com\/es\/wp-json\/wp\/v2\/product_cat?post=126158"},{"taxonomy":"product_tag","embeddable":true,"href":"https:\/\/www.csj-emballages.com\/es\/wp-json\/wp\/v2\/product_tag?post=126158"}],"curies":[{"name":"wp","href":"https:\/\/api.w.org\/{rel}","templated":true}]}}