{"id":126149,"date":"2024-09-06T02:18:19","date_gmt":"2024-09-06T00:18:19","guid":{"rendered":"https:\/\/www.csj-emballages.com\/?post_type=product&#038;p=126149"},"modified":"2026-04-28T02:12:03","modified_gmt":"2026-04-28T00:12:03","slug":"25-cajas-de-carton-blanco-para-8-macarrones","status":"publish","type":"product","link":"https:\/\/www.csj-emballages.com\/es\/produit\/25-cajas-de-carton-blanco-para-8-macarrones\/","title":{"rendered":"Caja de macarrones blancos para 8 macarrones, 25 por caja"},"content":{"rendered":"<div style=\"box-sizing: inherit; font-family: Roboto, sans-serif;\">\n<div style=\"box-sizing: inherit; font-family: Roboto, sans-serif;\">\n<div style=\"box-sizing: inherit; font-family: Roboto, sans-serif;\">\n<div style=\"box-sizing: inherit; font-family: Roboto, sans-serif;\">\n<div style=\"box-sizing: inherit; font-family: Roboto, sans-serif;\">\n<div style=\"box-sizing: inherit; font-family: Roboto, sans-serif;\">\n<div style=\"box-sizing: inherit; font-family: Roboto, sans-serif;\">\n<div style=\"box-sizing: inherit; font-family: Roboto, sans-serif;\">\n<div style=\"box-sizing: inherit; font-family: Roboto, sans-serif;\">\n<div style=\"box-sizing: inherit; font-family: Roboto, sans-serif;\">\n<div style=\"box-sizing: inherit; font-family: Roboto, sans-serif;\">\n<div style=\"box-sizing: inherit; font-family: Roboto, sans-serif;\">\n<div style=\"box-sizing: inherit; font-family: Roboto, sans-serif;\">\n<div class=\"flex flex-grow flex-col max-w-full\">\n<div class=\"min-h-[20px] text-message flex flex-col items-start whitespace-pre-wrap break-words [.text-message+&amp;]:mt-5 juice:w-full juice:items-end overflow-x-auto gap-2\" dir=\"auto\" data-message-author-role=\"assistant\" data-message-id=\"2034782e-88f9-44ef-b4dc-07dd7bf0115f\">\n<div class=\"flex w-full flex-col gap-1 juice:empty:hidden juice:first:pt-[3px]\">\n<div class=\"markdown prose w-full break-words dark:prose-invert light\">\n<div style=\"box-sizing: inherit; font-family: Roboto, sans-serif;\">\n<div style=\"box-sizing: inherit; font-family: Roboto, sans-serif;\">\n<div style=\"box-sizing: inherit; font-family: Roboto, sans-serif;\">\n<div style=\"box-sizing: inherit; font-family: Roboto, sans-serif;\">\n<div style=\"box-sizing: inherit; font-family: Roboto, sans-serif;\">\n<div style=\"box-sizing: inherit; font-family: Roboto, sans-serif;\">\n<h2>Caja de macarrones<\/h2>\n<div style=\"box-sizing: inherit; font-family: Roboto, sans-serif;\">\n<div style=\"box-sizing: inherit; font-family: Roboto, sans-serif;\">\n<div style=\"box-sizing: inherit; font-family: Roboto, sans-serif;\">\n<div style=\"text-align: center;\">\n<div style=\"box-sizing: inherit; font-family: Roboto, sans-serif;\">\n<div style=\"box-sizing: inherit; font-family: Roboto, sans-serif;\">\n<div style=\"box-sizing: inherit; font-family: Roboto, sans-serif;\">\n<div style=\"box-sizing: inherit; font-family: Roboto, sans-serif;\">\n<div style=\"box-sizing: inherit; font-family: Roboto, sans-serif;\">\n<div style=\"box-sizing: inherit; font-family: Roboto, sans-serif; text-align: left;\">\n<hr>\n<h3 style=\"text-align: left;\">Descripci\u00f3n de nuestra caja de macarrones blancos para 8 macarrones (25 por caja)<!--more--><\/h3>\n<\/div>\n<\/div>\n<\/div>\n<\/div>\n<\/div>\n<\/div>\n<\/div>\n<\/div>\n<\/div>\n<\/div>\n<\/div>\n<\/div>\n<\/div>\n<\/div>\n<\/div>\n<\/div>\n<\/div>\n<\/div>\n<\/div>\n<\/div>\n<\/div>\n<\/div>\n<\/div>\n<\/div>\n<\/div>\n<\/div>\n<\/div>\n<\/div>\n<\/div>\n<\/div>\n<\/div>\n<\/div>\n<\/div>\n<p data-start=\"108\" data-end=\"543\">Descubra nuestra <strong data-start=\"124\" data-end=\"160\">caja para macarons de cart\u00f3n blanco<\/strong>, especialmente dise\u00f1ada para realzar y proteger sus creaciones gourmet. Elegante y pr\u00e1ctica, esta refinada caja puede contener hasta <g id=\"gid_1\">8 macarons<\/g> conservando su frescura y aspecto. Fabricada en <strong data-start=\"390\" data-end=\"423\">cart\u00f3n alimentario<\/strong>, combina robustez y est\u00e9tica, garantizando un transporte seguro y una cuidada presentaci\u00f3n de sus dulces.  <\/p>\n<p data-start=\"545\" data-end=\"875\">Con su dise\u00f1o sobrio y su elegante acabado <strong>blanco<\/strong>, esta <strong data-start=\"604\" data-end=\"624\">caja para macarrones<\/strong> es perfecta para todas las ocasiones: reposter\u00eda diaria, eventos profesionales, bodas, bautizos o incluso regalos personalizados. Exhibe sus productos sin sobrecargarlos, dejando mucho espacio para la belleza de sus creaciones. <\/p>\n<p data-start=\"877\" data-end=\"1220\">Envasado en <strong data-start=\"894\" data-end=\"914\">lotes de 25<\/strong> unidades, es ideal para pasteleros y chocolateros artesanos, as\u00ed como para particulares apasionados de la pasteler\u00eda que deseen ofrecer sus macarrones en una caja digna de su maestr\u00eda. Su pr\u00e1ctico cierre facilita y agiliza el montaje, ahorrando tiempo de producci\u00f3n. <\/p>\n<p data-start=\"1222\" data-end=\"1564\">Respetuosa con el medio ambiente, esta<strong> caja<\/strong> est\u00e1 fabricada con <strong data-start=\"1281\" data-end=\"1302\">cart\u00f3n reciclable<\/strong>, una soluci\u00f3n que concilia los est\u00e1ndares profesionales con el compromiso con el medio ambiente. Tanto si es un profesional que busca optimizar su embalaje como si es un aficionado que desea ofrecer un regalo refinado, esta <strong data-start=\"1507\" data-end=\"1533\">caja blanca para macarrones<\/strong> es una elecci\u00f3n segura y elegante. <\/p>\n<p data-start=\"1566\" data-end=\"1678\">D\u00e9 a sus macarrones el marco que se merecen y a sus clientes una experiencia visual y gustativa completa.<\/p>\n<div style=\"box-sizing: inherit; font-family: Roboto, sans-serif;\">\n<div style=\"box-sizing: inherit; font-family: Roboto, sans-serif;\">\n<div style=\"box-sizing: inherit; font-family: Roboto, sans-serif;\">\n<div style=\"box-sizing: inherit; font-family: Roboto, sans-serif;\">\n<div style=\"box-sizing: inherit; font-family: Roboto, sans-serif;\">\n<div style=\"box-sizing: inherit; font-family: Roboto, sans-serif;\">\n<div style=\"box-sizing: inherit; font-family: Roboto, sans-serif;\">\n<div style=\"box-sizing: inherit; font-family: Roboto, sans-serif;\">\n<div style=\"box-sizing: inherit; font-family: Roboto, sans-serif;\">\n<div style=\"box-sizing: inherit; font-family: Roboto, sans-serif;\">\n<div style=\"box-sizing: inherit; font-family: Roboto, sans-serif;\">\n<div style=\"box-sizing: inherit; font-family: Roboto, sans-serif;\">\n<div style=\"box-sizing: inherit; font-family: Roboto, sans-serif;\">\n<div class=\"flex flex-grow flex-col max-w-full\">\n<div class=\"min-h-[20px] text-message flex flex-col items-start whitespace-pre-wrap break-words [.text-message+&amp;]:mt-5 juice:w-full juice:items-end overflow-x-auto gap-2\" dir=\"auto\" data-message-author-role=\"assistant\" data-message-id=\"2034782e-88f9-44ef-b4dc-07dd7bf0115f\">\n<div class=\"flex w-full flex-col gap-1 juice:empty:hidden juice:first:pt-[3px]\">\n<div class=\"markdown prose w-full break-words dark:prose-invert light\">\n<div style=\"box-sizing: inherit; font-family: Roboto, sans-serif;\">\n<div style=\"box-sizing: inherit; font-family: Roboto, sans-serif;\">\n<div style=\"box-sizing: inherit; font-family: Roboto, sans-serif;\">\n<div style=\"box-sizing: inherit; font-family: Roboto, sans-serif;\">\n<div style=\"box-sizing: inherit; font-family: Roboto, sans-serif;\">\n<div style=\"box-sizing: inherit; font-family: Roboto, sans-serif;\">\n<p>&nbsp;<\/p>\n<p><!--more--><\/p>\n<h4 style=\"text-align: left;\"><strong>Ventajas :<\/strong><\/h4>\n<\/div>\n<\/div>\n<\/div>\n<\/div>\n<\/div>\n<\/div>\n<\/div>\n<\/div>\n<\/div>\n<\/div>\n<\/div>\n<\/div>\n<\/div>\n<\/div>\n<\/div>\n<\/div>\n<\/div>\n<\/div>\n<\/div>\n<\/div>\n<\/div>\n<\/div>\n<\/div>\n<ul>\n<li>Elegancia sobria con <strong data-start=\"1913\" data-end=\"1931\">un<\/strong> acabado en <strong data-start=\"1913\" data-end=\"1931\">blanco puro<\/strong>.<\/li>\n<li>Capacidad ideal para <strong data-start=\"1957\" data-end=\"1971\">8 macarrones.<\/strong><\/li>\n<li>Cart\u00f3n s\u00f3lido apto para uso alimentario.<\/li>\n<li>F\u00e1cil montaje y cierre seguro.<\/li>\n<li>Reciclable, respetuoso con el medio ambiente.<\/li>\n<\/ul>\n<p>&nbsp;<\/p>\n<p><!--more--><\/p>\n<h4>Informaci\u00f3n adicional :<\/h4>\n<ul style=\"box-sizing: inherit; font-family: Roboto, sans-serif;\">\n<li><strong>Envase<\/strong>: Paquete de 25<\/li>\n<li><span style=\"font-weight: bold;\">Dimensiones<\/span>: 227 x 55 x 50 (L x A x A en mm)<\/li>\n<li><strong>Material<\/strong>: Cart\u00f3n + PET<\/li>\n<li><strong>Capacidad<\/strong>: 8 macarrones<\/li>\n<li><strong>Color<\/strong>: blanco<\/li>\n<li><strong>Opci\u00f3n<\/strong>: Caja dise\u00f1ada con una ventana<\/li>\n<\/ul>\n<p>&nbsp;<\/p>\n<p><!--more--><\/p>\n<p>Disponible en varios colores: <span style=\"color: #d12727;\"><br \/>\n  <a style=\"color: #d12727;\" href=\"https:\/\/www.csj-emballages.com\/produit\/boite-kraft-pour-8-macarons-en-carton-calages-cadeaux-fetes\/\">Kraft<\/a><br \/>\n<\/span> \/ <span style=\"color: #d12727;\"><br \/>\n  <a style=\"color: #d12727;\" href=\"https:\/\/www.csj-emballages.com\/produit\/boites-noires-pour-8-macarons-en-carton-calages-cadeaux-fetes\/\">Negro<\/a><br \/>\n<\/span> \/ <span style=\"color: #d12727;\"><br \/>\n  <a style=\"color: #d12727;\" href=\"https:\/\/www.csj-emballages.com\/produit\/boites-oranges-pour-8-macarons-en-carton\/\">Naranja<\/a><br \/>\n<\/span> \/ <span style=\"color: #d12727;\"><br \/>\n  <a style=\"color: #d12727;\" href=\"https:\/\/www.csj-emballages.com\/produit\/boites-roses-pour-8-macarons-en-carton\/\">Rosa<\/a><br \/>\n<\/span> \/ <span style=\"color: #d12727;\"><br \/>\n  <a style=\"color: #d12727;\" href=\"https:\/\/www.csj-emballages.com\/produit\/boites-vertes-pour-8-macarons-en-carton\/\">Verde<\/a><br \/>\n<\/span><\/p>\n<p>&nbsp;<\/p>\n<p><!--more--><\/p>\n<p>Aqu\u00ed encontrar\u00e1 nuestros dos tipos de insertos para macarrones compatibles con esta caja: <span style=\"color: #d12727;\"><br \/>\n  <a style=\"color: #d12727;\" href=\"https:\/\/www.csj-emballages.com\/produit\/50-calages-noir-plastique-8-macarons-pour-boite\/\">CALBM6NOIR<\/a><br \/>\n<\/span> (Negro) \/ <span style=\"color: #d12727;\"><a style=\"color: #d12727;\" href=\"https:\/\/www.csj-emballages.com\/produit\/50-calages-transparent-plastique-8-macarons-pour-boite\/\">CALBM6TRAN<\/a> <span style=\"color: #000000;\">(Transparente)<\/span><\/span><\/p>\n<p>&nbsp;<\/p>\n<p style=\"text-align: left;\"><!--more--><\/p>\n<p><a href=\"https:\/\/www.csj-emballages.com\/es\/categorie-produit\/envasado-de-alimentos\/panaderia-y-pasteleria\/cajas-y-estuches\/cajas-estuches-para-macarrones\/cajas-macarrones\/cajas-de-macarrones\/\">Ver el resto de nuestra gama de cajas para macarrones<\/a><\/p>\n","protected":false},"excerpt":{"rendered":"<p>Caja de macarrones Descripci\u00f3n de nuestra caja de macarrones blancos para 8 macarrones (25 por caja)<\/p>\n","protected":false},"featured_media":241699,"template":"","meta":{"_acf_changed":false},"product_brand":[],"product_cat":[1150,1145,3868,1710,2161,2162],"product_tag":[],"class_list":{"0":"post-126149","1":"product","2":"type-product","3":"status-publish","4":"has-post-thumbnail","6":"product_cat-envasado-de-alimentos","7":"product_cat-panaderia-y-pasteleria","8":"product_cat-cajas-y-estuches","9":"product_cat-cajas-estuches-para-macarrones","10":"product_cat-cajas-macarrones","11":"product_cat-cajas-de-macarrones","13":"first","14":"instock","15":"taxable","16":"shipping-taxable","17":"purchasable","18":"product-type-simple"},"acf":[],"yoast_head":"<!-- This site is optimized with the Yoast SEO Premium plugin v26.6 (Yoast SEO v26.6) - https:\/\/yoast.com\/wordpress\/plugins\/seo\/ -->\n<title>Caja de macarrones blancos Cart\u00f3n para 8 macarrones por 25<\/title>\n<meta name=\"description\" content=\"Descubra la caja de macarrones blanca para 8 macarrones en paquete de cart\u00f3n de 25 unidades. Esta caja protege sus macarrones al tiempo que ofrece una presentaci\u00f3n refinada.\" \/>\n<meta name=\"robots\" content=\"index, follow, max-snippet:-1, max-image-preview:large, max-video-preview:-1\" \/>\n<link rel=\"canonical\" href=\"https:\/\/www.csj-emballages.com\/es\/produit\/25-cajas-de-carton-blanco-para-8-macarrones\/\" \/>\n<meta property=\"og:locale\" content=\"es_ES\" \/>\n<meta property=\"og:type\" content=\"article\" \/>\n<meta property=\"og:title\" content=\"Caja de macarrones blancos para 8 macarrones\" \/>\n<meta property=\"og:description\" content=\"Descubra la caja de macarrones blanca para 8 macarrones en paquete de cart\u00f3n de 25 unidades. Esta caja protege sus macarrones al tiempo que ofrece una presentaci\u00f3n refinada.\" \/>\n<meta property=\"og:url\" content=\"https:\/\/www.csj-emballages.com\/es\/produit\/25-cajas-de-carton-blanco-para-8-macarrones\/\" \/>\n<meta property=\"og:site_name\" content=\"CSJ Emballages\" \/>\n<meta property=\"article:publisher\" content=\"https:\/\/www.facebook.com\/csjemballages\" \/>\n<meta property=\"article:modified_time\" content=\"2026-04-28T00:12:03+00:00\" \/>\n<meta property=\"og:image\" content=\"https:\/\/www.csj-emballages.com\/wp-content\/uploads\/2024\/09\/BM6BLANC.webp\" \/>\n\t<meta property=\"og:image:width\" content=\"800\" \/>\n\t<meta property=\"og:image:height\" content=\"800\" \/>\n\t<meta property=\"og:image:type\" content=\"image\/webp\" \/>\n<meta name=\"twitter:card\" content=\"summary_large_image\" \/>\n<meta name=\"twitter:title\" content=\"Caja de macarrones blancos para 8 macarrones\" \/>\n<meta name=\"twitter:description\" content=\"Descubra la caja de macarrones blanca para 8 macarrones en paquete de cart\u00f3n de 25 unidades. Esta caja protege sus macarrones al tiempo que ofrece una presentaci\u00f3n refinada.\" \/>\n<meta name=\"twitter:label1\" content=\"Tiempo de lectura\" \/>\n\t<meta name=\"twitter:data1\" content=\"2 minutos\" \/>\n<script type=\"application\/ld+json\" class=\"yoast-schema-graph\">{\"@context\":\"https:\/\/schema.org\",\"@graph\":[{\"@type\":\"WebPage\",\"@id\":\"https:\/\/www.csj-emballages.com\/es\/produit\/25-cajas-de-carton-blanco-para-8-macarrones\/\",\"url\":\"https:\/\/www.csj-emballages.com\/es\/produit\/25-cajas-de-carton-blanco-para-8-macarrones\/\",\"name\":\"Caja de macarrones blancos Cart\u00f3n para 8 macarrones por 25\",\"isPartOf\":{\"@id\":\"https:\/\/www.csj-emballages.com\/es\/#website\"},\"primaryImageOfPage\":{\"@id\":\"https:\/\/www.csj-emballages.com\/es\/produit\/25-cajas-de-carton-blanco-para-8-macarrones\/#primaryimage\"},\"image\":{\"@id\":\"https:\/\/www.csj-emballages.com\/es\/produit\/25-cajas-de-carton-blanco-para-8-macarrones\/#primaryimage\"},\"thumbnailUrl\":\"https:\/\/www.csj-emballages.com\/wp-content\/uploads\/2024\/09\/BM6BLANC.webp\",\"datePublished\":\"2024-09-06T00:18:19+00:00\",\"dateModified\":\"2026-04-28T00:12:03+00:00\",\"description\":\"Descubra la caja de macarrones blanca para 8 macarrones en paquete de cart\u00f3n de 25 unidades. Esta caja protege sus macarrones al tiempo que ofrece una presentaci\u00f3n refinada.\",\"breadcrumb\":{\"@id\":\"https:\/\/www.csj-emballages.com\/es\/produit\/25-cajas-de-carton-blanco-para-8-macarrones\/#breadcrumb\"},\"inLanguage\":\"es\",\"potentialAction\":[{\"@type\":\"ReadAction\",\"target\":[\"https:\/\/www.csj-emballages.com\/es\/produit\/25-cajas-de-carton-blanco-para-8-macarrones\/\"]}]},{\"@type\":\"ImageObject\",\"inLanguage\":\"es\",\"@id\":\"https:\/\/www.csj-emballages.com\/es\/produit\/25-cajas-de-carton-blanco-para-8-macarrones\/#primaryimage\",\"url\":\"https:\/\/www.csj-emballages.com\/wp-content\/uploads\/2024\/09\/BM6BLANC.webp\",\"contentUrl\":\"https:\/\/www.csj-emballages.com\/wp-content\/uploads\/2024\/09\/BM6BLANC.webp\",\"width\":800,\"height\":800,\"caption\":\"Boite macaron\"},{\"@type\":\"BreadcrumbList\",\"@id\":\"https:\/\/www.csj-emballages.com\/es\/produit\/25-cajas-de-carton-blanco-para-8-macarrones\/#breadcrumb\",\"itemListElement\":[{\"@type\":\"ListItem\",\"position\":1,\"name\":\"Accueil\",\"item\":\"https:\/\/www.csj-emballages.com\/es\/universo-del-envasado-alimentario\/\"},{\"@type\":\"ListItem\",\"position\":2,\"name\":\"Tienda\",\"item\":\"https:\/\/www.csj-emballages.com\/tienda\/\"},{\"@type\":\"ListItem\",\"position\":3,\"name\":\"Caja de macarrones blancos para 8 macarrones, 25 por caja\"}]},{\"@type\":\"WebSite\",\"@id\":\"https:\/\/www.csj-emballages.com\/es\/#website\",\"url\":\"https:\/\/www.csj-emballages.com\/es\/\",\"name\":\"CSJ Emballages\",\"description\":\"\",\"publisher\":{\"@id\":\"https:\/\/www.csj-emballages.com\/es\/#organization\"},\"potentialAction\":[{\"@type\":\"SearchAction\",\"target\":{\"@type\":\"EntryPoint\",\"urlTemplate\":\"https:\/\/www.csj-emballages.com\/es\/?s={search_term_string}\"},\"query-input\":{\"@type\":\"PropertyValueSpecification\",\"valueRequired\":true,\"valueName\":\"search_term_string\"}}],\"inLanguage\":\"es\"},{\"@type\":\"Organization\",\"@id\":\"https:\/\/www.csj-emballages.com\/es\/#Organization\/\",\"name\":\"CSJ Emballages\",\"url\":\"https:\/\/www.csj-emballages.com\/es\/\",\"logo\":{\"@type\":\"ImageObject\",\"inLanguage\":\"es\",\"@id\":\"https:\/\/www.csj-emballages.com\/es\/#\/schema\/logo\/image\/\",\"url\":\"https:\/\/www.csj-emballages.com\/wp-content\/uploads\/2023\/10\/logo_csj.webp\",\"contentUrl\":\"https:\/\/www.csj-emballages.com\/wp-content\/uploads\/2023\/10\/logo_csj.webp\",\"width\":250,\"height\":95,\"caption\":\"CSJ Emballages\"},\"image\":{\"@id\":\"https:\/\/www.csj-emballages.com\/es\/#\/schema\/logo\/image\/\"},\"sameAs\":[\"https:\/\/www.facebook.com\/csjemballages\"],\"address\":{\"@type\":\"PostalAddress\",\"streetAddress\":\"ZI La Lechere\",\"addressLocality\":\"Patornay\",\"postalCode\":\"39130\",\"addressCountry\":\"FR\"},\"contactPoint\":[{\"@type\":\"ContactPoint\",\"contactType\":\"Service client\",\"telephone\":\"0384254272\",\"email\":\"contact@csj-emballages.com\"}]}]}<\/script>\n<!-- \/ Yoast SEO Premium plugin. -->","yoast_head_json":{"title":"Caja de macarrones blancos Cart\u00f3n para 8 macarrones por 25","description":"Descubra la caja de macarrones blanca para 8 macarrones en paquete de cart\u00f3n de 25 unidades. Esta caja protege sus macarrones al tiempo que ofrece una presentaci\u00f3n refinada.","robots":{"index":"index","follow":"follow","max-snippet":"max-snippet:-1","max-image-preview":"max-image-preview:large","max-video-preview":"max-video-preview:-1"},"canonical":"https:\/\/www.csj-emballages.com\/es\/produit\/25-cajas-de-carton-blanco-para-8-macarrones\/","og_locale":"es_ES","og_type":"article","og_title":"Caja de macarrones blancos para 8 macarrones","og_description":"Descubra la caja de macarrones blanca para 8 macarrones en paquete de cart\u00f3n de 25 unidades. Esta caja protege sus macarrones al tiempo que ofrece una presentaci\u00f3n refinada.","og_url":"https:\/\/www.csj-emballages.com\/es\/produit\/25-cajas-de-carton-blanco-para-8-macarrones\/","og_site_name":"CSJ Emballages","article_publisher":"https:\/\/www.facebook.com\/csjemballages","article_modified_time":"2026-04-28T00:12:03+00:00","og_image":[{"width":800,"height":800,"url":"https:\/\/www.csj-emballages.com\/wp-content\/uploads\/2024\/09\/BM6BLANC.webp","type":"image\/webp"}],"twitter_card":"summary_large_image","twitter_title":"Caja de macarrones blancos para 8 macarrones","twitter_description":"Descubra la caja de macarrones blanca para 8 macarrones en paquete de cart\u00f3n de 25 unidades. Esta caja protege sus macarrones al tiempo que ofrece una presentaci\u00f3n refinada.","twitter_misc":{"Tiempo de lectura":"2 minutos"},"schema":{"@context":"https:\/\/schema.org","@graph":[{"@type":"WebPage","@id":"https:\/\/www.csj-emballages.com\/es\/produit\/25-cajas-de-carton-blanco-para-8-macarrones\/","url":"https:\/\/www.csj-emballages.com\/es\/produit\/25-cajas-de-carton-blanco-para-8-macarrones\/","name":"Caja de macarrones blancos Cart\u00f3n para 8 macarrones por 25","isPartOf":{"@id":"https:\/\/www.csj-emballages.com\/es\/#website"},"primaryImageOfPage":{"@id":"https:\/\/www.csj-emballages.com\/es\/produit\/25-cajas-de-carton-blanco-para-8-macarrones\/#primaryimage"},"image":{"@id":"https:\/\/www.csj-emballages.com\/es\/produit\/25-cajas-de-carton-blanco-para-8-macarrones\/#primaryimage"},"thumbnailUrl":"https:\/\/www.csj-emballages.com\/wp-content\/uploads\/2024\/09\/BM6BLANC.webp","datePublished":"2024-09-06T00:18:19+00:00","dateModified":"2026-04-28T00:12:03+00:00","description":"Descubra la caja de macarrones blanca para 8 macarrones en paquete de cart\u00f3n de 25 unidades. Esta caja protege sus macarrones al tiempo que ofrece una presentaci\u00f3n refinada.","breadcrumb":{"@id":"https:\/\/www.csj-emballages.com\/es\/produit\/25-cajas-de-carton-blanco-para-8-macarrones\/#breadcrumb"},"inLanguage":"es","potentialAction":[{"@type":"ReadAction","target":["https:\/\/www.csj-emballages.com\/es\/produit\/25-cajas-de-carton-blanco-para-8-macarrones\/"]}]},{"@type":"ImageObject","inLanguage":"es","@id":"https:\/\/www.csj-emballages.com\/es\/produit\/25-cajas-de-carton-blanco-para-8-macarrones\/#primaryimage","url":"https:\/\/www.csj-emballages.com\/wp-content\/uploads\/2024\/09\/BM6BLANC.webp","contentUrl":"https:\/\/www.csj-emballages.com\/wp-content\/uploads\/2024\/09\/BM6BLANC.webp","width":800,"height":800,"caption":"Boite macaron"},{"@type":"BreadcrumbList","@id":"https:\/\/www.csj-emballages.com\/es\/produit\/25-cajas-de-carton-blanco-para-8-macarrones\/#breadcrumb","itemListElement":[{"@type":"ListItem","position":1,"name":"Accueil","item":"https:\/\/www.csj-emballages.com\/es\/universo-del-envasado-alimentario\/"},{"@type":"ListItem","position":2,"name":"Tienda","item":"https:\/\/www.csj-emballages.com\/tienda\/"},{"@type":"ListItem","position":3,"name":"Caja de macarrones blancos para 8 macarrones, 25 por caja"}]},{"@type":"WebSite","@id":"https:\/\/www.csj-emballages.com\/es\/#website","url":"https:\/\/www.csj-emballages.com\/es\/","name":"CSJ Emballages","description":"","publisher":{"@id":"https:\/\/www.csj-emballages.com\/es\/#organization"},"potentialAction":[{"@type":"SearchAction","target":{"@type":"EntryPoint","urlTemplate":"https:\/\/www.csj-emballages.com\/es\/?s={search_term_string}"},"query-input":{"@type":"PropertyValueSpecification","valueRequired":true,"valueName":"search_term_string"}}],"inLanguage":"es"},{"@type":"Organization","@id":"https:\/\/www.csj-emballages.com\/es\/#Organization\/","name":"CSJ Emballages","url":"https:\/\/www.csj-emballages.com\/es\/","logo":{"@type":"ImageObject","inLanguage":"es","@id":"https:\/\/www.csj-emballages.com\/es\/#\/schema\/logo\/image\/","url":"https:\/\/www.csj-emballages.com\/wp-content\/uploads\/2023\/10\/logo_csj.webp","contentUrl":"https:\/\/www.csj-emballages.com\/wp-content\/uploads\/2023\/10\/logo_csj.webp","width":250,"height":95,"caption":"CSJ Emballages"},"image":{"@id":"https:\/\/www.csj-emballages.com\/es\/#\/schema\/logo\/image\/"},"sameAs":["https:\/\/www.facebook.com\/csjemballages"],"address":{"@type":"PostalAddress","streetAddress":"ZI La Lechere","addressLocality":"Patornay","postalCode":"39130","addressCountry":"FR"},"contactPoint":[{"@type":"ContactPoint","contactType":"Service client","telephone":"0384254272","email":"contact@csj-emballages.com"}]}]}},"df_price":9.56,"df_sale_price":"","df_regular_price":9.56,"df_image_link":"https:\/\/www.csj-emballages.com\/wp-content\/uploads\/2024\/09\/BM6BLANC-300x300.webp","tiered_pricing_type":"fixed","tiered_pricing_fixed_rules":[],"tiered_pricing_percentage_rules":[],"tiered_pricing_minimum":1,"tiered_pricing_roles_data":[],"_links":{"self":[{"href":"https:\/\/www.csj-emballages.com\/es\/wp-json\/wp\/v2\/product\/126149","targetHints":{"allow":["GET"]}}],"collection":[{"href":"https:\/\/www.csj-emballages.com\/es\/wp-json\/wp\/v2\/product"}],"about":[{"href":"https:\/\/www.csj-emballages.com\/es\/wp-json\/wp\/v2\/types\/product"}],"wp:featuredmedia":[{"embeddable":true,"href":"https:\/\/www.csj-emballages.com\/es\/wp-json\/wp\/v2\/media\/241699"}],"wp:attachment":[{"href":"https:\/\/www.csj-emballages.com\/es\/wp-json\/wp\/v2\/media?parent=126149"}],"wp:term":[{"taxonomy":"product_brand","embeddable":true,"href":"https:\/\/www.csj-emballages.com\/es\/wp-json\/wp\/v2\/product_brand?post=126149"},{"taxonomy":"product_cat","embeddable":true,"href":"https:\/\/www.csj-emballages.com\/es\/wp-json\/wp\/v2\/product_cat?post=126149"},{"taxonomy":"product_tag","embeddable":true,"href":"https:\/\/www.csj-emballages.com\/es\/wp-json\/wp\/v2\/product_tag?post=126149"}],"curies":[{"name":"wp","href":"https:\/\/api.w.org\/{rel}","templated":true}]}}