{"id":126146,"date":"2024-09-06T02:18:16","date_gmt":"2024-09-06T00:18:16","guid":{"rendered":"https:\/\/www.csj-emballages.com\/?post_type=product&#038;p=126146"},"modified":"2026-03-12T16:11:31","modified_gmt":"2026-03-12T15:11:31","slug":"25-cajas-de-troncos-navidad-de-cuento-30-x-11-x-10-cm","status":"publish","type":"product","link":"https:\/\/www.csj-emballages.com\/es\/produit\/25-cajas-de-troncos-navidad-de-cuento-30-x-11-x-10-cm\/","title":{"rendered":"Caja de troncos de Navidad de cuento de hadas 30 x 11 x 10 cm, paquete de 25"},"content":{"rendered":"<div style=\"font-family: Roboto, sans-serif;\">\n<div style=\"font-family: Roboto, sans-serif;\">\n<div style=\"font-family: Roboto, sans-serif;\">\n<div style=\"font-family: Roboto, sans-serif;\">\n<div style=\"font-family: Roboto, sans-serif;\">\n<div style=\"font-family: Roboto, sans-serif;\">\n<div style=\"font-family: Roboto, sans-serif;\">\n<div style=\"font-family: Roboto, sans-serif;\">\n<div style=\"font-family: Roboto, sans-serif;\">\n<div style=\"font-family: Roboto, sans-serif;\">\n<div style=\"font-family: Roboto, sans-serif;\">\n<div style=\"font-family: Roboto, sans-serif;\">\n<div style=\"font-family: Roboto, sans-serif;\">\n<div class=\"flex flex-grow flex-col max-w-full\">\n<div class=\"min-h-[20px] text-message flex flex-col items-start whitespace-pre-wrap break-words [.text-message+&amp;]:mt-5 juice:w-full juice:items-end overflow-x-auto gap-2\" dir=\"auto\" data-message-author-role=\"assistant\" data-message-id=\"2034782e-88f9-44ef-b4dc-07dd7bf0115f\">\n<div class=\"flex w-full flex-col gap-1 juice:empty:hidden juice:first:pt-[3px]\">\n<div class=\"markdown prose w-full break-words dark:prose-invert light\">\n<div style=\"font-family: Roboto, sans-serif;\">\n<div style=\"font-family: Roboto, sans-serif;\">\n<div style=\"font-family: Roboto, sans-serif;\">\n<div style=\"font-family: Roboto, sans-serif;\">\n<div style=\"font-family: Roboto, sans-serif;\">\n<div style=\"font-family: Roboto, sans-serif;\">\n<h2>Caja de registro<\/h2>\n<div style=\"font-family: Roboto, sans-serif;\">\n<div style=\"font-family: Roboto, sans-serif;\">\n<div style=\"font-family: Roboto, sans-serif;\">\n<div style=\"text-align: center;\">\n<div style=\"font-family: Roboto, sans-serif;\">\n<div style=\"font-family: Roboto, sans-serif;\">\n<div style=\"font-family: Roboto, sans-serif;\">\n<div style=\"font-family: Roboto, sans-serif;\">\n<div style=\"font-family: Roboto, sans-serif;\">\n<div style=\"font-family: Roboto, sans-serif; text-align: left;\">\n<hr>\n<h3 style=\"text-align: left;\">Descripci\u00f3n de nuestra caja de troncos \u00abNavidad de cuento\u00bb 30x11x10 cm<!--more--><\/h3>\n<\/div>\n<\/div>\n<\/div>\n<\/div>\n<\/div>\n<\/div>\n<\/div>\n<\/div>\n<\/div>\n<\/div>\n<\/div>\n<\/div>\n<\/div>\n<\/div>\n<\/div>\n<\/div>\n<\/div>\n<\/div>\n<\/div>\n<\/div>\n<\/div>\n<\/div>\n<\/div>\n<\/div>\n<\/div>\n<\/div>\n<\/div>\n<\/div>\n<\/div>\n<\/div>\n<\/div>\n<\/div>\n<\/div>\n<p>La <strong>caja de troncos<\/strong> <strong>\u00abNo\u00ebl F\u00e9\u00e9rique\u00bb de 30 x 11 x 10 cm<\/strong> en paquetes de <strong>25 unidades<\/strong> es ideal para celebrar las fiestas con elegancia y practicidad. Sus dimensiones se adaptan perfectamente a los troncos de Navidad generosos y golosos, garantizando un transporte seguro y sin problemas. Dise\u00f1ada para responder a las expectativas de los profesionales de la pasteler\u00eda, esta <strong>caja<\/strong> combina solidez y est\u00e9tica.  <\/p>\n<p>Es un producto imprescindible, fabricado con materiales de calidad que garantizan una presentaci\u00f3n impecable de sus postres. Su s\u00f3lida estructura mantiene la forma del tronco, incluso cuando se desplaza durante largos periodos. Ya sea pastelero, restaurador o cocinero, el <strong>tronco<\/strong> <strong>\u00abNo\u00ebl F\u00e9\u00e9rique<\/strong> \u00bb protege sus creaciones a la vez que las realza con su elegante dise\u00f1o.  <\/p>\n<p>&nbsp;<\/p>\n<p><!--more--><\/p>\n<h4>\u00bfPor qu\u00e9 utilizar nuestras cajas de troncos?<\/h4>\n<p>Su color suave, realzado por ilustraciones festivas, inspira inmediatamente el esp\u00edritu navide\u00f1o. Crea un efecto visualmente atractivo, transformando la sencilla <strong>caja de troncos<\/strong> en una aut\u00e9ntica decoraci\u00f3n de mesa. La presentaci\u00f3n es un factor clave para conquistar a los clientes, y esta <strong>caja<\/strong> cumple plenamente ese requisito. Hace de cada postre un momento \u00fanico, manteniendo una excelente relaci\u00f3n calidad-precio.   <\/p>\n<p>Adem\u00e1s de su dise\u00f1o festivo, es f\u00e1cil de montar, lo que ahorra tiempo a los profesionales durante las fiestas. Adem\u00e1s, est\u00e1 herm\u00e9ticamente cerrada. Adem\u00e1s de proteger los postres de los golpes, la <strong>caja buche<\/strong> garantiza una excelente higiene.  <\/p>\n<p>El pack de 25 <strong>cajas de troncos<\/strong> <strong>\u00abNo\u00ebl F\u00e9\u00e9rique<\/strong> \u00bb es perfecto para anticiparse a la gran demanda durante las fiestas. Podr\u00e1 preparar sus pedidos sin preocuparse por las existencias. Estas <strong>cajas<\/strong> son pr\u00e1cticas para grandes tiradas de producci\u00f3n, a la vez que elegantes, lo que resulta esencial para reforzar la imagen de calidad de su marca.  <\/p>\n<p>&nbsp;<\/p>\n<p><!--more--><\/p>\n<div style=\"font-family: Roboto, sans-serif;\">\n<div style=\"font-family: Roboto, sans-serif;\">\n<div style=\"font-family: Roboto, sans-serif;\">\n<div style=\"font-family: Roboto, sans-serif;\">\n<div style=\"font-family: Roboto, sans-serif;\">\n<div style=\"font-family: Roboto, sans-serif;\">\n<div style=\"font-family: Roboto, sans-serif;\">\n<div style=\"font-family: Roboto, sans-serif;\">\n<div style=\"font-family: Roboto, sans-serif;\">\n<div style=\"font-family: Roboto, sans-serif;\">\n<div style=\"font-family: Roboto, sans-serif;\">\n<div style=\"font-family: Roboto, sans-serif;\">\n<div style=\"font-family: Roboto, sans-serif;\">\n<div class=\"flex flex-grow flex-col max-w-full\">\n<div class=\"min-h-[20px] text-message flex flex-col items-start whitespace-pre-wrap break-words [.text-message+&amp;]:mt-5 juice:w-full juice:items-end overflow-x-auto gap-2\" dir=\"auto\" data-message-author-role=\"assistant\" data-message-id=\"2034782e-88f9-44ef-b4dc-07dd7bf0115f\">\n<div class=\"flex w-full flex-col gap-1 juice:empty:hidden juice:first:pt-[3px]\">\n<div class=\"markdown prose w-full break-words dark:prose-invert light\">\n<div style=\"font-family: Roboto, sans-serif;\">\n<div style=\"font-family: Roboto, sans-serif;\">\n<div style=\"font-family: Roboto, sans-serif;\">\n<div style=\"font-family: Roboto, sans-serif;\">\n<div style=\"font-family: Roboto, sans-serif;\">\n<div style=\"font-family: Roboto, sans-serif;\">\n<p>Por \u00faltimo, esta <strong>caja<\/strong> se adapta f\u00e1cilmente a diferentes tipos de tronco: chocolate, fruta, mousse o bizcocho. Ofrece una presentaci\u00f3n refinada sin dejar de ser lo suficientemente espaciosa para rellenos generosos. Por su cuidado dise\u00f1o, su formato pr\u00e1ctico y su est\u00e9tica festiva, este producto es un must-have de las fiestas.  <\/p>\n<p>Elija la <strong>caja de troncos<\/strong> <strong>\u00abNo\u00ebl F\u00e9\u00e9rique<\/strong> \u00bb para realzar sus creaciones y satisfacer a sus clientes en busca de elegancia y practicidad.<\/p>\n<p>&nbsp;<\/p>\n<p><!--more--><\/p>\n<h4 style=\"text-align: left;\"><strong>Las ventajas de nuestra <\/strong>caja de troncos <strong>\u00abFairytale<\/strong> Christmas\u00bb 30x11x10 cm <strong>:<\/strong><\/h4>\n<ul style=\"text-align: left;\">\n<li><strong>El tama\u00f1o adecuado<\/strong>: <strong>30 x 11 x 10 cm<\/strong>, perfecto para un tronco de tama\u00f1o est\u00e1ndar.<\/li>\n<li><strong>Dise\u00f1o festivo<\/strong>: Con su est\u00e9tica de inspiraci\u00f3n navide\u00f1a, este <strong>molde<\/strong> a\u00f1ade un toque de magia a tus postres.<\/li>\n<li><strong>Protecci\u00f3n \u00f3ptima<\/strong>: La <strong>caja<\/strong> est\u00e1 provista de un cierre seguro, que protege eficazmente tu tronco durante el transporte o el almacenamiento.<\/li>\n<li><strong>Practicidad<\/strong>: Su dise\u00f1o hace que sea f\u00e1cil de manejar y de presentar.<\/li>\n<\/ul>\n<\/div>\n<\/div>\n<\/div>\n<\/div>\n<\/div>\n<\/div>\n<\/div>\n<\/div>\n<\/div>\n<\/div>\n<\/div>\n<\/div>\n<p>&nbsp;<\/p>\n<\/div>\n<\/div>\n<\/div>\n<\/div>\n<\/div>\n<\/div>\n<\/div>\n<\/div>\n<\/div>\n<\/div>\n<\/div>\n<p><!--more--><\/p>\n<h4>Otra informaci\u00f3n sobre este producto:<\/h4>\n<ul style=\"font-family: Roboto, sans-serif;\">\n<li><strong>Envase<\/strong>: Paquete de 25<\/li>\n<li><span style=\"font-weight: bold;\">Dimensiones<\/span>: 30 x 11 x 10 cm (largo x ancho x alto)<\/li>\n<\/ul>\n<p>&nbsp;<\/p>\n<p style=\"text-align: left;\"><!--more--><\/p>\n<p><a href=\"https:\/\/www.csj-emballages.com\/es\/categorie-produit\/envasado-de-alimentos\/panaderia-y-pasteleria\/cajas-y-estuches\/cajas-de-troncos\/\">Ver el resto de nuestra gama de cajas de troncos \u00abNavidad de cuento de hadas<\/a><\/p>\n<p>&nbsp;<\/p>\n","protected":false},"excerpt":{"rendered":"<p>Caja de registro Descripci\u00f3n de nuestra caja de troncos \u00abNavidad de cuento\u00bb 30x11x10 cm<\/p>\n","protected":false},"featured_media":187352,"template":"","meta":{"_acf_changed":false},"product_brand":[],"product_cat":[1150,1145,3868,2085,7779],"product_tag":[],"class_list":{"0":"post-126146","1":"product","2":"type-product","3":"status-publish","4":"has-post-thumbnail","6":"product_cat-envasado-de-alimentos","7":"product_cat-panaderia-y-pasteleria","8":"product_cat-cajas-y-estuches","9":"product_cat-cajas-de-troncos","10":"product_cat-caja-de-troncos-de-navidad-de-cuento","12":"first","13":"instock","14":"taxable","15":"shipping-taxable","16":"purchasable","17":"product-type-simple"},"acf":[],"yoast_head":"<!-- This site is optimized with the Yoast SEO Premium plugin v26.6 (Yoast SEO v26.6) - https:\/\/yoast.com\/wordpress\/plugins\/seo\/ -->\n<title>Caja de troncos 30x11x10 cm - Modelo &quot;Navidad de cuento de hadas<\/title>\n<meta name=\"description\" content=\"La caja de troncos &quot;Fairytale Christmas&quot; de 30 x 11 x 10 cm ofrece un dise\u00f1o festivo y una protecci\u00f3n \u00f3ptima. Ideal para realzar con elegancia sus postres navide\u00f1os.\" \/>\n<meta name=\"robots\" content=\"index, follow, max-snippet:-1, max-image-preview:large, max-video-preview:-1\" \/>\n<link rel=\"canonical\" href=\"https:\/\/www.csj-emballages.com\/es\/produit\/25-cajas-de-troncos-navidad-de-cuento-30-x-11-x-10-cm\/\" \/>\n<meta property=\"og:locale\" content=\"es_ES\" \/>\n<meta property=\"og:type\" content=\"article\" \/>\n<meta property=\"og:title\" content=\"Caja de troncos 30x11x10 cm - Modelo &quot;Navidad de cuento de hadas\" \/>\n<meta property=\"og:description\" content=\"La caja de troncos &quot;Fairytale Christmas&quot; de 30 x 11 x 10 cm ofrece un dise\u00f1o festivo y una protecci\u00f3n \u00f3ptima. Ideal para realzar con elegancia sus postres navide\u00f1os.\" \/>\n<meta property=\"og:url\" content=\"https:\/\/www.csj-emballages.com\/es\/produit\/25-cajas-de-troncos-navidad-de-cuento-30-x-11-x-10-cm\/\" \/>\n<meta property=\"og:site_name\" content=\"CSJ Emballages\" \/>\n<meta property=\"article:publisher\" content=\"https:\/\/www.facebook.com\/csjemballages\" \/>\n<meta property=\"article:modified_time\" content=\"2026-03-12T15:11:31+00:00\" \/>\n<meta property=\"og:image\" content=\"https:\/\/www.csj-emballages.com\/wp-content\/uploads\/2024\/09\/e-amande-4-1-4-300x300.png\" \/>\n<meta name=\"twitter:card\" content=\"summary_large_image\" \/>\n<meta name=\"twitter:title\" content=\"Caja de troncos 30x11x10 cm - Modelo &quot;Navidad de cuento de hadas\" \/>\n<meta name=\"twitter:description\" content=\"La caja de troncos &quot;Fairytale Christmas&quot; de 30 x 11 x 10 cm ofrece un dise\u00f1o festivo y una protecci\u00f3n \u00f3ptima. Ideal para realzar con elegancia sus postres navide\u00f1os.\" \/>\n<meta name=\"twitter:image\" content=\"https:\/\/www.csj-emballages.com\/wp-content\/uploads\/2024\/09\/e-amande-4-1-4-1024x1024.png\" \/>\n<meta name=\"twitter:label1\" content=\"Tiempo de lectura\" \/>\n\t<meta name=\"twitter:data1\" content=\"3 minutos\" \/>\n<script type=\"application\/ld+json\" class=\"yoast-schema-graph\">{\"@context\":\"https:\/\/schema.org\",\"@graph\":[{\"@type\":\"WebPage\",\"@id\":\"https:\/\/www.csj-emballages.com\/es\/produit\/25-cajas-de-troncos-navidad-de-cuento-30-x-11-x-10-cm\/\",\"url\":\"https:\/\/www.csj-emballages.com\/es\/produit\/25-cajas-de-troncos-navidad-de-cuento-30-x-11-x-10-cm\/\",\"name\":\"Caja de troncos 30x11x10 cm - Modelo \\\"Navidad de cuento de hadas\",\"isPartOf\":{\"@id\":\"https:\/\/www.csj-emballages.com\/es\/#website\"},\"primaryImageOfPage\":{\"@id\":\"https:\/\/www.csj-emballages.com\/es\/produit\/25-cajas-de-troncos-navidad-de-cuento-30-x-11-x-10-cm\/#primaryimage\"},\"image\":{\"@id\":\"https:\/\/www.csj-emballages.com\/es\/produit\/25-cajas-de-troncos-navidad-de-cuento-30-x-11-x-10-cm\/#primaryimage\"},\"thumbnailUrl\":\"https:\/\/www.csj-emballages.com\/wp-content\/uploads\/2024\/09\/Buche-1-png-e1732692086559.webp\",\"datePublished\":\"2024-09-06T00:18:16+00:00\",\"dateModified\":\"2026-03-12T15:11:31+00:00\",\"description\":\"La caja de troncos \\\"Fairytale Christmas\\\" de 30 x 11 x 10 cm ofrece un dise\u00f1o festivo y una protecci\u00f3n \u00f3ptima. Ideal para realzar con elegancia sus postres navide\u00f1os.\",\"breadcrumb\":{\"@id\":\"https:\/\/www.csj-emballages.com\/es\/produit\/25-cajas-de-troncos-navidad-de-cuento-30-x-11-x-10-cm\/#breadcrumb\"},\"inLanguage\":\"es\",\"potentialAction\":[{\"@type\":\"ReadAction\",\"target\":[\"https:\/\/www.csj-emballages.com\/es\/produit\/25-cajas-de-troncos-navidad-de-cuento-30-x-11-x-10-cm\/\"]}]},{\"@type\":\"ImageObject\",\"inLanguage\":\"es\",\"@id\":\"https:\/\/www.csj-emballages.com\/es\/produit\/25-cajas-de-troncos-navidad-de-cuento-30-x-11-x-10-cm\/#primaryimage\",\"url\":\"https:\/\/www.csj-emballages.com\/wp-content\/uploads\/2024\/09\/Buche-1-png-e1732692086559.webp\",\"contentUrl\":\"https:\/\/www.csj-emballages.com\/wp-content\/uploads\/2024\/09\/Buche-1-png-e1732692086559.webp\",\"width\":1563,\"height\":1563,\"caption\":\"boite a buche\"},{\"@type\":\"BreadcrumbList\",\"@id\":\"https:\/\/www.csj-emballages.com\/es\/produit\/25-cajas-de-troncos-navidad-de-cuento-30-x-11-x-10-cm\/#breadcrumb\",\"itemListElement\":[{\"@type\":\"ListItem\",\"position\":1,\"name\":\"Accueil\",\"item\":\"https:\/\/www.csj-emballages.com\/es\/universo-del-envasado-alimentario\/\"},{\"@type\":\"ListItem\",\"position\":2,\"name\":\"Tienda\",\"item\":\"https:\/\/www.csj-emballages.com\/tienda\/\"},{\"@type\":\"ListItem\",\"position\":3,\"name\":\"Caja de troncos de Navidad de cuento de hadas 30 x 11 x 10 cm, paquete de 25\"}]},{\"@type\":\"WebSite\",\"@id\":\"https:\/\/www.csj-emballages.com\/es\/#website\",\"url\":\"https:\/\/www.csj-emballages.com\/es\/\",\"name\":\"CSJ Emballages\",\"description\":\"\",\"publisher\":{\"@id\":\"https:\/\/www.csj-emballages.com\/es\/#organization\"},\"potentialAction\":[{\"@type\":\"SearchAction\",\"target\":{\"@type\":\"EntryPoint\",\"urlTemplate\":\"https:\/\/www.csj-emballages.com\/es\/?s={search_term_string}\"},\"query-input\":{\"@type\":\"PropertyValueSpecification\",\"valueRequired\":true,\"valueName\":\"search_term_string\"}}],\"inLanguage\":\"es\"},{\"@type\":\"Organization\",\"@id\":\"https:\/\/www.csj-emballages.com\/es\/#Organization\/\",\"name\":\"CSJ Emballages\",\"url\":\"https:\/\/www.csj-emballages.com\/es\/\",\"logo\":{\"@type\":\"ImageObject\",\"inLanguage\":\"es\",\"@id\":\"https:\/\/www.csj-emballages.com\/es\/#\/schema\/logo\/image\/\",\"url\":\"https:\/\/www.csj-emballages.com\/wp-content\/uploads\/2023\/10\/logo_csj.webp\",\"contentUrl\":\"https:\/\/www.csj-emballages.com\/wp-content\/uploads\/2023\/10\/logo_csj.webp\",\"width\":250,\"height\":95,\"caption\":\"CSJ Emballages\"},\"image\":{\"@id\":\"https:\/\/www.csj-emballages.com\/es\/#\/schema\/logo\/image\/\"},\"sameAs\":[\"https:\/\/www.facebook.com\/csjemballages\"],\"address\":{\"@type\":\"PostalAddress\",\"streetAddress\":\"ZI La Lechere\",\"addressLocality\":\"Patornay\",\"postalCode\":\"39130\",\"addressCountry\":\"FR\"},\"contactPoint\":[{\"@type\":\"ContactPoint\",\"contactType\":\"Service client\",\"telephone\":\"0384254272\",\"email\":\"contact@csj-emballages.com\"}]}]}<\/script>\n<!-- \/ Yoast SEO Premium plugin. -->","yoast_head_json":{"title":"Caja de troncos 30x11x10 cm - Modelo \"Navidad de cuento de hadas","description":"La caja de troncos \"Fairytale Christmas\" de 30 x 11 x 10 cm ofrece un dise\u00f1o festivo y una protecci\u00f3n \u00f3ptima. Ideal para realzar con elegancia sus postres navide\u00f1os.","robots":{"index":"index","follow":"follow","max-snippet":"max-snippet:-1","max-image-preview":"max-image-preview:large","max-video-preview":"max-video-preview:-1"},"canonical":"https:\/\/www.csj-emballages.com\/es\/produit\/25-cajas-de-troncos-navidad-de-cuento-30-x-11-x-10-cm\/","og_locale":"es_ES","og_type":"article","og_title":"Caja de troncos 30x11x10 cm - Modelo \"Navidad de cuento de hadas","og_description":"La caja de troncos \"Fairytale Christmas\" de 30 x 11 x 10 cm ofrece un dise\u00f1o festivo y una protecci\u00f3n \u00f3ptima. Ideal para realzar con elegancia sus postres navide\u00f1os.","og_url":"https:\/\/www.csj-emballages.com\/es\/produit\/25-cajas-de-troncos-navidad-de-cuento-30-x-11-x-10-cm\/","og_site_name":"CSJ Emballages","article_publisher":"https:\/\/www.facebook.com\/csjemballages","article_modified_time":"2026-03-12T15:11:31+00:00","og_image":[{"url":"https:\/\/www.csj-emballages.com\/wp-content\/uploads\/2024\/09\/e-amande-4-1-4-300x300.png","type":"","width":"","height":""}],"twitter_card":"summary_large_image","twitter_title":"Caja de troncos 30x11x10 cm - Modelo \"Navidad de cuento de hadas","twitter_description":"La caja de troncos \"Fairytale Christmas\" de 30 x 11 x 10 cm ofrece un dise\u00f1o festivo y una protecci\u00f3n \u00f3ptima. Ideal para realzar con elegancia sus postres navide\u00f1os.","twitter_image":"https:\/\/www.csj-emballages.com\/wp-content\/uploads\/2024\/09\/e-amande-4-1-4-1024x1024.png","twitter_misc":{"Tiempo de lectura":"3 minutos"},"schema":{"@context":"https:\/\/schema.org","@graph":[{"@type":"WebPage","@id":"https:\/\/www.csj-emballages.com\/es\/produit\/25-cajas-de-troncos-navidad-de-cuento-30-x-11-x-10-cm\/","url":"https:\/\/www.csj-emballages.com\/es\/produit\/25-cajas-de-troncos-navidad-de-cuento-30-x-11-x-10-cm\/","name":"Caja de troncos 30x11x10 cm - Modelo \"Navidad de cuento de hadas","isPartOf":{"@id":"https:\/\/www.csj-emballages.com\/es\/#website"},"primaryImageOfPage":{"@id":"https:\/\/www.csj-emballages.com\/es\/produit\/25-cajas-de-troncos-navidad-de-cuento-30-x-11-x-10-cm\/#primaryimage"},"image":{"@id":"https:\/\/www.csj-emballages.com\/es\/produit\/25-cajas-de-troncos-navidad-de-cuento-30-x-11-x-10-cm\/#primaryimage"},"thumbnailUrl":"https:\/\/www.csj-emballages.com\/wp-content\/uploads\/2024\/09\/Buche-1-png-e1732692086559.webp","datePublished":"2024-09-06T00:18:16+00:00","dateModified":"2026-03-12T15:11:31+00:00","description":"La caja de troncos \"Fairytale Christmas\" de 30 x 11 x 10 cm ofrece un dise\u00f1o festivo y una protecci\u00f3n \u00f3ptima. Ideal para realzar con elegancia sus postres navide\u00f1os.","breadcrumb":{"@id":"https:\/\/www.csj-emballages.com\/es\/produit\/25-cajas-de-troncos-navidad-de-cuento-30-x-11-x-10-cm\/#breadcrumb"},"inLanguage":"es","potentialAction":[{"@type":"ReadAction","target":["https:\/\/www.csj-emballages.com\/es\/produit\/25-cajas-de-troncos-navidad-de-cuento-30-x-11-x-10-cm\/"]}]},{"@type":"ImageObject","inLanguage":"es","@id":"https:\/\/www.csj-emballages.com\/es\/produit\/25-cajas-de-troncos-navidad-de-cuento-30-x-11-x-10-cm\/#primaryimage","url":"https:\/\/www.csj-emballages.com\/wp-content\/uploads\/2024\/09\/Buche-1-png-e1732692086559.webp","contentUrl":"https:\/\/www.csj-emballages.com\/wp-content\/uploads\/2024\/09\/Buche-1-png-e1732692086559.webp","width":1563,"height":1563,"caption":"boite a buche"},{"@type":"BreadcrumbList","@id":"https:\/\/www.csj-emballages.com\/es\/produit\/25-cajas-de-troncos-navidad-de-cuento-30-x-11-x-10-cm\/#breadcrumb","itemListElement":[{"@type":"ListItem","position":1,"name":"Accueil","item":"https:\/\/www.csj-emballages.com\/es\/universo-del-envasado-alimentario\/"},{"@type":"ListItem","position":2,"name":"Tienda","item":"https:\/\/www.csj-emballages.com\/tienda\/"},{"@type":"ListItem","position":3,"name":"Caja de troncos de Navidad de cuento de hadas 30 x 11 x 10 cm, paquete de 25"}]},{"@type":"WebSite","@id":"https:\/\/www.csj-emballages.com\/es\/#website","url":"https:\/\/www.csj-emballages.com\/es\/","name":"CSJ Emballages","description":"","publisher":{"@id":"https:\/\/www.csj-emballages.com\/es\/#organization"},"potentialAction":[{"@type":"SearchAction","target":{"@type":"EntryPoint","urlTemplate":"https:\/\/www.csj-emballages.com\/es\/?s={search_term_string}"},"query-input":{"@type":"PropertyValueSpecification","valueRequired":true,"valueName":"search_term_string"}}],"inLanguage":"es"},{"@type":"Organization","@id":"https:\/\/www.csj-emballages.com\/es\/#Organization\/","name":"CSJ Emballages","url":"https:\/\/www.csj-emballages.com\/es\/","logo":{"@type":"ImageObject","inLanguage":"es","@id":"https:\/\/www.csj-emballages.com\/es\/#\/schema\/logo\/image\/","url":"https:\/\/www.csj-emballages.com\/wp-content\/uploads\/2023\/10\/logo_csj.webp","contentUrl":"https:\/\/www.csj-emballages.com\/wp-content\/uploads\/2023\/10\/logo_csj.webp","width":250,"height":95,"caption":"CSJ Emballages"},"image":{"@id":"https:\/\/www.csj-emballages.com\/es\/#\/schema\/logo\/image\/"},"sameAs":["https:\/\/www.facebook.com\/csjemballages"],"address":{"@type":"PostalAddress","streetAddress":"ZI La Lechere","addressLocality":"Patornay","postalCode":"39130","addressCountry":"FR"},"contactPoint":[{"@type":"ContactPoint","contactType":"Service client","telephone":"0384254272","email":"contact@csj-emballages.com"}]}]}},"df_price":16.38,"df_sale_price":"","df_regular_price":16.38,"df_image_link":"https:\/\/www.csj-emballages.com\/wp-content\/uploads\/2024\/09\/Buche-1-300x300.webp","tiered_pricing_type":"fixed","tiered_pricing_fixed_rules":[],"tiered_pricing_percentage_rules":[],"tiered_pricing_minimum":1,"tiered_pricing_roles_data":[],"_links":{"self":[{"href":"https:\/\/www.csj-emballages.com\/es\/wp-json\/wp\/v2\/product\/126146","targetHints":{"allow":["GET"]}}],"collection":[{"href":"https:\/\/www.csj-emballages.com\/es\/wp-json\/wp\/v2\/product"}],"about":[{"href":"https:\/\/www.csj-emballages.com\/es\/wp-json\/wp\/v2\/types\/product"}],"wp:featuredmedia":[{"embeddable":true,"href":"https:\/\/www.csj-emballages.com\/es\/wp-json\/wp\/v2\/media\/187352"}],"wp:attachment":[{"href":"https:\/\/www.csj-emballages.com\/es\/wp-json\/wp\/v2\/media?parent=126146"}],"wp:term":[{"taxonomy":"product_brand","embeddable":true,"href":"https:\/\/www.csj-emballages.com\/es\/wp-json\/wp\/v2\/product_brand?post=126146"},{"taxonomy":"product_cat","embeddable":true,"href":"https:\/\/www.csj-emballages.com\/es\/wp-json\/wp\/v2\/product_cat?post=126146"},{"taxonomy":"product_tag","embeddable":true,"href":"https:\/\/www.csj-emballages.com\/es\/wp-json\/wp\/v2\/product_tag?post=126146"}],"curies":[{"name":"wp","href":"https:\/\/api.w.org\/{rel}","templated":true}]}}