{"id":126143,"date":"2024-09-06T02:18:12","date_gmt":"2024-09-06T00:18:12","guid":{"rendered":"https:\/\/www.csj-emballages.com\/?post_type=product&#038;p=126143"},"modified":"2026-03-12T16:11:28","modified_gmt":"2026-03-12T15:11:28","slug":"25-cajas-de-troncos-navidad-de-cuento-20-x-11-x-10-cm","status":"publish","type":"product","link":"https:\/\/www.csj-emballages.com\/es\/produit\/25-cajas-de-troncos-navidad-de-cuento-20-x-11-x-10-cm\/","title":{"rendered":"Caja de troncos de Navidad de cuento de hadas 20 x 11 x 10 cm, paquete de 25"},"content":{"rendered":"<div style=\"font-family: Roboto, sans-serif;\">\n<div style=\"font-family: Roboto, sans-serif;\">\n<div style=\"font-family: Roboto, sans-serif;\">\n<div style=\"font-family: Roboto, sans-serif;\">\n<div style=\"font-family: Roboto, sans-serif;\">\n<div style=\"font-family: Roboto, sans-serif;\">\n<div style=\"font-family: Roboto, sans-serif;\">\n<div style=\"font-family: Roboto, sans-serif;\">\n<div style=\"font-family: Roboto, sans-serif;\">\n<div style=\"font-family: Roboto, sans-serif;\">\n<div style=\"font-family: Roboto, sans-serif;\">\n<div style=\"font-family: Roboto, sans-serif;\">\n<div style=\"font-family: Roboto, sans-serif;\">\n<div class=\"flex flex-grow flex-col max-w-full\">\n<div class=\"min-h-[20px] text-message flex flex-col items-start whitespace-pre-wrap break-words [.text-message+&amp;]:mt-5 juice:w-full juice:items-end overflow-x-auto gap-2\" dir=\"auto\" data-message-author-role=\"assistant\" data-message-id=\"2034782e-88f9-44ef-b4dc-07dd7bf0115f\">\n<div class=\"flex w-full flex-col gap-1 juice:empty:hidden juice:first:pt-[3px]\">\n<div class=\"markdown prose w-full break-words dark:prose-invert light\">\n<div style=\"font-family: Roboto, sans-serif;\">\n<div style=\"font-family: Roboto, sans-serif;\">\n<div style=\"font-family: Roboto, sans-serif;\">\n<div style=\"font-family: Roboto, sans-serif;\">\n<div style=\"font-family: Roboto, sans-serif;\">\n<div style=\"font-family: Roboto, sans-serif;\">\n<h2>Caja de registro<\/h2>\n<div style=\"font-family: Roboto, sans-serif;\">\n<div style=\"font-family: Roboto, sans-serif;\">\n<div style=\"font-family: Roboto, sans-serif;\">\n<div style=\"text-align: center;\">\n<div style=\"font-family: Roboto, sans-serif;\">\n<div style=\"font-family: Roboto, sans-serif;\">\n<div style=\"font-family: Roboto, sans-serif;\">\n<div style=\"font-family: Roboto, sans-serif;\">\n<div style=\"font-family: Roboto, sans-serif;\">\n<div style=\"font-family: Roboto, sans-serif; text-align: left;\">\n<hr>\n<h3 style=\"text-align: left;\">Descripci\u00f3n de nuestra caja de troncos \u00abNavidad de cuento\u00bb 20x11x10 cm<!--more--><\/h3>\n<\/div>\n<\/div>\n<\/div>\n<\/div>\n<\/div>\n<\/div>\n<\/div>\n<\/div>\n<\/div>\n<\/div>\n<\/div>\n<\/div>\n<\/div>\n<\/div>\n<\/div>\n<\/div>\n<\/div>\n<\/div>\n<\/div>\n<\/div>\n<\/div>\n<\/div>\n<\/div>\n<\/div>\n<\/div>\n<\/div>\n<\/div>\n<\/div>\n<\/div>\n<\/div>\n<\/div>\n<\/div>\n<\/div>\n<p>Entre en el esp\u00edritu festivo con la <strong>caja buche<\/strong> \u00abNo\u00ebl f\u00e9\u00e9rique\u00bb. Un producto especialmente dise\u00f1ado para realzar sus postres de fin de a\u00f1o. Con unas dimensiones de 20 x 11 x 10 cm, esta <strong>caja de<\/strong> troncos combina practicidad y est\u00e9tica para una presentaci\u00f3n refinada de sus troncos de Navidad. D\u00e9jese seducir por su elegante dise\u00f1o, que capta la esencia m\u00e1gica de las fiestas. Tanto si es un pastelero profesional como un aficionado apasionado, esta <strong>caja para troncos<\/strong> es el accesorio esencial para exhibir sus creaciones gourmet.    <\/p>\n<p>En primer lugar, su formato es ideal para contener una peque\u00f1a <strong>buche<\/strong>, garantizando una presentaci\u00f3n impecable al tiempo que protege la delicadeza de su postre. Gracias a sus dimensiones, esta <strong>caja<\/strong> ofrece el espacio perfecto para conservar su pasteler\u00eda intacta, ya sea para entregar o para regalar. Adem\u00e1s, su exterior evoca la magia de la Navidad, con motivos festivos que har\u00e1n las delicias de grandes y peque\u00f1os. Cada detalle de esta <strong>caja buche<\/strong> ha sido pensado para aportar un toque de magia a sus fiestas.   <\/p>\n<p>&nbsp;<\/p>\n<p><!--more--><\/p>\n<h4>\u00bfPor qu\u00e9 utilizar nuestras cajas de troncos?<\/h4>\n<p>Adem\u00e1s de su aspecto cautivador, la <strong>caja buche<\/strong><strong>\u00abNo\u00ebl F\u00e9\u00e9rique<\/strong>\u00bb est\u00e1 pensada para un uso pr\u00e1ctico. Su cierre de seguridad garantiza la protecci\u00f3n de su postre. Adem\u00e1s, los materiales utilizados son resistentes y duraderos, y ofrecen una estabilidad perfecta incluso durante el transporte. Tanto si lo presenta en la mesa como si lo regala, esta <strong>caja<\/strong> ser\u00e1 la presentaci\u00f3n perfecta.   <\/p>\n<p>Con esta <strong>caja<\/strong>, adem\u00e1s de proteger el medio ambiente, disfrutar\u00e1s de un producto de gran calidad. Esta mezcla de funcionalidad, durabilidad y elegancia la convierte en un art\u00edculo imprescindible para estas fiestas. <\/p>\n<p>&nbsp;<\/p>\n<p><!--more--><\/p>\n<div style=\"font-family: Roboto, sans-serif;\">\n<div style=\"font-family: Roboto, sans-serif;\">\n<div style=\"font-family: Roboto, sans-serif;\">\n<div style=\"font-family: Roboto, sans-serif;\">\n<div style=\"font-family: Roboto, sans-serif;\">\n<div style=\"font-family: Roboto, sans-serif;\">\n<div style=\"font-family: Roboto, sans-serif;\">\n<div style=\"font-family: Roboto, sans-serif;\">\n<div style=\"font-family: Roboto, sans-serif;\">\n<div style=\"font-family: Roboto, sans-serif;\">\n<div style=\"font-family: Roboto, sans-serif;\">\n<div style=\"font-family: Roboto, sans-serif;\">\n<div style=\"font-family: Roboto, sans-serif;\">\n<div class=\"flex flex-grow flex-col max-w-full\">\n<div class=\"min-h-[20px] text-message flex flex-col items-start whitespace-pre-wrap break-words [.text-message+&amp;]:mt-5 juice:w-full juice:items-end overflow-x-auto gap-2\" dir=\"auto\" data-message-author-role=\"assistant\" data-message-id=\"2034782e-88f9-44ef-b4dc-07dd7bf0115f\">\n<div class=\"flex w-full flex-col gap-1 juice:empty:hidden juice:first:pt-[3px]\">\n<div class=\"markdown prose w-full break-words dark:prose-invert light\">\n<div style=\"font-family: Roboto, sans-serif;\">\n<div style=\"font-family: Roboto, sans-serif;\">\n<div style=\"font-family: Roboto, sans-serif;\">\n<div style=\"font-family: Roboto, sans-serif;\">\n<div style=\"font-family: Roboto, sans-serif;\">\n<div style=\"font-family: Roboto, sans-serif;\">\n<p>En resumen, la <strong>caja para troncos<\/strong><strong>\u00abNo\u00ebl F\u00e9\u00e9rique<\/strong>\u00bb es mucho m\u00e1s que un simple embalaje. Es una aut\u00e9ntica joya para tus troncos de Navidad. Disponible en varios tama\u00f1os, se adapta a todas las necesidades. Dale a tus postres navide\u00f1os un marco a la altura de su sabor eligiendo esta <strong>caja para troncos.<\/strong> Un producto que gustar\u00e1 a todos los amantes de los dulces y la elegancia.   <\/p>\n<p>&nbsp;<\/p>\n<p><!--more--><\/p>\n<h4 style=\"text-align: left;\"><strong>Las ventajas de nuestra <\/strong>caja de troncos \u00abNavidad de cuento\u00bb 20x11x10 cm <strong>:<\/strong><\/h4>\n<ul style=\"text-align: left;\">\n<li><strong>El tama\u00f1o adecuado<\/strong>: <strong>20 x 11 x 10 cm<\/strong>, perfecto para un tronco peque\u00f1o.<\/li>\n<li><strong>Dise\u00f1o festivo<\/strong>: Con su est\u00e9tica de inspiraci\u00f3n navide\u00f1a, este <strong>molde<\/strong> a\u00f1ade un toque de magia a tus postres.<\/li>\n<li><strong>Protecci\u00f3n \u00f3ptima<\/strong>: La <strong>caja<\/strong> est\u00e1 provista de un cierre seguro, que protege eficazmente tu tronco durante el transporte o el almacenamiento.<\/li>\n<li><strong>Practicidad<\/strong>: Su dise\u00f1o hace que sea f\u00e1cil de manejar y de presentar.<\/li>\n<\/ul>\n<\/div>\n<\/div>\n<\/div>\n<\/div>\n<\/div>\n<\/div>\n<\/div>\n<\/div>\n<\/div>\n<\/div>\n<\/div>\n<\/div>\n<p>&nbsp;<\/p>\n<\/div>\n<\/div>\n<\/div>\n<\/div>\n<\/div>\n<\/div>\n<\/div>\n<\/div>\n<\/div>\n<\/div>\n<\/div>\n<p><!--more--><\/p>\n<h4>Otra informaci\u00f3n sobre este producto:<\/h4>\n<ul style=\"font-family: Roboto, sans-serif;\">\n<li><strong>Envase<\/strong>: Paquete de 25<\/li>\n<li><span style=\"font-weight: bold;\">Dimensiones<\/span>: 20 x 11 x 10 cm (largo x ancho x alto)<\/li>\n<\/ul>\n<p>&nbsp;<\/p>\n<p style=\"text-align: left;\"><!--more--><\/p>\n<p><a href=\"https:\/\/www.csj-emballages.com\/es\/categorie-produit\/envasado-de-alimentos\/panaderia-y-pasteleria\/cajas-y-estuches\/cajas-de-troncos\/\">Ver el resto de nuestra gama de cajas de troncos \u00abNavidad de cuento de hadas<\/a><\/p>\n<p>&nbsp;<\/p>\n","protected":false},"excerpt":{"rendered":"<p>Caja de registro Descripci\u00f3n de nuestra caja de troncos \u00abNavidad de cuento\u00bb 20x11x10 cm<\/p>\n","protected":false},"featured_media":187352,"template":"","meta":{"_acf_changed":false},"product_brand":[],"product_cat":[1150,1145,3868,2085,7779],"product_tag":[],"class_list":{"0":"post-126143","1":"product","2":"type-product","3":"status-publish","4":"has-post-thumbnail","6":"product_cat-envasado-de-alimentos","7":"product_cat-panaderia-y-pasteleria","8":"product_cat-cajas-y-estuches","9":"product_cat-cajas-de-troncos","10":"product_cat-caja-de-troncos-de-navidad-de-cuento","12":"first","13":"instock","14":"taxable","15":"shipping-taxable","16":"purchasable","17":"product-type-simple"},"acf":[],"yoast_head":"<!-- This site is optimized with the Yoast SEO Premium plugin v26.6 (Yoast SEO v26.6) - https:\/\/yoast.com\/wordpress\/plugins\/seo\/ -->\n<title>Caja 20x11x10 cm - Modelo &quot;Navidad de cuento de hadas<\/title>\n<meta name=\"description\" content=\"La caja de troncos &quot;Fairytale Christmas&quot; de 20 x 11 x 10 cm ofrece un dise\u00f1o festivo y una protecci\u00f3n \u00f3ptima. Ideal para realzar con elegancia sus postres navide\u00f1os.\" \/>\n<meta name=\"robots\" content=\"index, follow, max-snippet:-1, max-image-preview:large, max-video-preview:-1\" \/>\n<link rel=\"canonical\" href=\"https:\/\/www.csj-emballages.com\/es\/produit\/25-cajas-de-troncos-navidad-de-cuento-20-x-11-x-10-cm\/\" \/>\n<meta property=\"og:locale\" content=\"es_ES\" \/>\n<meta property=\"og:type\" content=\"article\" \/>\n<meta property=\"og:title\" content=\"Caja de troncos de Navidad de cuento de hadas 20 x 11 x 10 cm, paquete de 25\" \/>\n<meta property=\"og:description\" content=\"La caja de troncos &quot;Fairytale Christmas&quot; de 20 x 11 x 10 cm ofrece un dise\u00f1o festivo y una protecci\u00f3n \u00f3ptima. Ideal para realzar con elegancia sus postres navide\u00f1os.\" \/>\n<meta property=\"og:url\" content=\"https:\/\/www.csj-emballages.com\/es\/produit\/25-cajas-de-troncos-navidad-de-cuento-20-x-11-x-10-cm\/\" \/>\n<meta property=\"og:site_name\" content=\"CSJ Emballages\" \/>\n<meta property=\"article:publisher\" content=\"https:\/\/www.facebook.com\/csjemballages\" \/>\n<meta property=\"article:modified_time\" content=\"2026-03-12T15:11:28+00:00\" \/>\n<meta property=\"og:image\" content=\"https:\/\/www.csj-emballages.com\/wp-content\/uploads\/2024\/09\/Buche-1-png-e1732692086559.webp\" \/>\n\t<meta property=\"og:image:width\" content=\"1563\" \/>\n\t<meta property=\"og:image:height\" content=\"1563\" \/>\n\t<meta property=\"og:image:type\" content=\"image\/png\" \/>\n<meta name=\"twitter:card\" content=\"summary_large_image\" \/>\n<meta name=\"twitter:label1\" content=\"Tiempo de lectura\" \/>\n\t<meta name=\"twitter:data1\" content=\"3 minutos\" \/>\n<script type=\"application\/ld+json\" class=\"yoast-schema-graph\">{\"@context\":\"https:\/\/schema.org\",\"@graph\":[{\"@type\":\"WebPage\",\"@id\":\"https:\/\/www.csj-emballages.com\/es\/produit\/25-cajas-de-troncos-navidad-de-cuento-20-x-11-x-10-cm\/\",\"url\":\"https:\/\/www.csj-emballages.com\/es\/produit\/25-cajas-de-troncos-navidad-de-cuento-20-x-11-x-10-cm\/\",\"name\":\"Caja 20x11x10 cm - Modelo \\\"Navidad de cuento de hadas\",\"isPartOf\":{\"@id\":\"https:\/\/www.csj-emballages.com\/es\/#website\"},\"primaryImageOfPage\":{\"@id\":\"https:\/\/www.csj-emballages.com\/es\/produit\/25-cajas-de-troncos-navidad-de-cuento-20-x-11-x-10-cm\/#primaryimage\"},\"image\":{\"@id\":\"https:\/\/www.csj-emballages.com\/es\/produit\/25-cajas-de-troncos-navidad-de-cuento-20-x-11-x-10-cm\/#primaryimage\"},\"thumbnailUrl\":\"https:\/\/www.csj-emballages.com\/wp-content\/uploads\/2024\/09\/Buche-1-png-e1732692086559.webp\",\"datePublished\":\"2024-09-06T00:18:12+00:00\",\"dateModified\":\"2026-03-12T15:11:28+00:00\",\"description\":\"La caja de troncos \\\"Fairytale Christmas\\\" de 20 x 11 x 10 cm ofrece un dise\u00f1o festivo y una protecci\u00f3n \u00f3ptima. Ideal para realzar con elegancia sus postres navide\u00f1os.\",\"breadcrumb\":{\"@id\":\"https:\/\/www.csj-emballages.com\/es\/produit\/25-cajas-de-troncos-navidad-de-cuento-20-x-11-x-10-cm\/#breadcrumb\"},\"inLanguage\":\"es\",\"potentialAction\":[{\"@type\":\"ReadAction\",\"target\":[\"https:\/\/www.csj-emballages.com\/es\/produit\/25-cajas-de-troncos-navidad-de-cuento-20-x-11-x-10-cm\/\"]}]},{\"@type\":\"ImageObject\",\"inLanguage\":\"es\",\"@id\":\"https:\/\/www.csj-emballages.com\/es\/produit\/25-cajas-de-troncos-navidad-de-cuento-20-x-11-x-10-cm\/#primaryimage\",\"url\":\"https:\/\/www.csj-emballages.com\/wp-content\/uploads\/2024\/09\/Buche-1-png-e1732692086559.webp\",\"contentUrl\":\"https:\/\/www.csj-emballages.com\/wp-content\/uploads\/2024\/09\/Buche-1-png-e1732692086559.webp\",\"width\":1563,\"height\":1563,\"caption\":\"boite a buche\"},{\"@type\":\"BreadcrumbList\",\"@id\":\"https:\/\/www.csj-emballages.com\/es\/produit\/25-cajas-de-troncos-navidad-de-cuento-20-x-11-x-10-cm\/#breadcrumb\",\"itemListElement\":[{\"@type\":\"ListItem\",\"position\":1,\"name\":\"Accueil\",\"item\":\"https:\/\/www.csj-emballages.com\/es\/universo-del-envasado-alimentario\/\"},{\"@type\":\"ListItem\",\"position\":2,\"name\":\"Tienda\",\"item\":\"https:\/\/www.csj-emballages.com\/tienda\/\"},{\"@type\":\"ListItem\",\"position\":3,\"name\":\"Caja de troncos de Navidad de cuento de hadas 20 x 11 x 10 cm, paquete de 25\"}]},{\"@type\":\"WebSite\",\"@id\":\"https:\/\/www.csj-emballages.com\/es\/#website\",\"url\":\"https:\/\/www.csj-emballages.com\/es\/\",\"name\":\"CSJ Emballages\",\"description\":\"\",\"publisher\":{\"@id\":\"https:\/\/www.csj-emballages.com\/es\/#organization\"},\"potentialAction\":[{\"@type\":\"SearchAction\",\"target\":{\"@type\":\"EntryPoint\",\"urlTemplate\":\"https:\/\/www.csj-emballages.com\/es\/?s={search_term_string}\"},\"query-input\":{\"@type\":\"PropertyValueSpecification\",\"valueRequired\":true,\"valueName\":\"search_term_string\"}}],\"inLanguage\":\"es\"},{\"@type\":\"Organization\",\"@id\":\"https:\/\/www.csj-emballages.com\/es\/#Organization\/\",\"name\":\"CSJ Emballages\",\"url\":\"https:\/\/www.csj-emballages.com\/es\/\",\"logo\":{\"@type\":\"ImageObject\",\"inLanguage\":\"es\",\"@id\":\"https:\/\/www.csj-emballages.com\/es\/#\/schema\/logo\/image\/\",\"url\":\"https:\/\/www.csj-emballages.com\/wp-content\/uploads\/2023\/10\/logo_csj.webp\",\"contentUrl\":\"https:\/\/www.csj-emballages.com\/wp-content\/uploads\/2023\/10\/logo_csj.webp\",\"width\":250,\"height\":95,\"caption\":\"CSJ Emballages\"},\"image\":{\"@id\":\"https:\/\/www.csj-emballages.com\/es\/#\/schema\/logo\/image\/\"},\"sameAs\":[\"https:\/\/www.facebook.com\/csjemballages\"],\"address\":{\"@type\":\"PostalAddress\",\"streetAddress\":\"ZI La Lechere\",\"addressLocality\":\"Patornay\",\"postalCode\":\"39130\",\"addressCountry\":\"FR\"},\"contactPoint\":[{\"@type\":\"ContactPoint\",\"contactType\":\"Service client\",\"telephone\":\"0384254272\",\"email\":\"contact@csj-emballages.com\"}]}]}<\/script>\n<!-- \/ Yoast SEO Premium plugin. -->","yoast_head_json":{"title":"Caja 20x11x10 cm - Modelo \"Navidad de cuento de hadas","description":"La caja de troncos \"Fairytale Christmas\" de 20 x 11 x 10 cm ofrece un dise\u00f1o festivo y una protecci\u00f3n \u00f3ptima. Ideal para realzar con elegancia sus postres navide\u00f1os.","robots":{"index":"index","follow":"follow","max-snippet":"max-snippet:-1","max-image-preview":"max-image-preview:large","max-video-preview":"max-video-preview:-1"},"canonical":"https:\/\/www.csj-emballages.com\/es\/produit\/25-cajas-de-troncos-navidad-de-cuento-20-x-11-x-10-cm\/","og_locale":"es_ES","og_type":"article","og_title":"Caja de troncos de Navidad de cuento de hadas 20 x 11 x 10 cm, paquete de 25","og_description":"La caja de troncos \"Fairytale Christmas\" de 20 x 11 x 10 cm ofrece un dise\u00f1o festivo y una protecci\u00f3n \u00f3ptima. Ideal para realzar con elegancia sus postres navide\u00f1os.","og_url":"https:\/\/www.csj-emballages.com\/es\/produit\/25-cajas-de-troncos-navidad-de-cuento-20-x-11-x-10-cm\/","og_site_name":"CSJ Emballages","article_publisher":"https:\/\/www.facebook.com\/csjemballages","article_modified_time":"2026-03-12T15:11:28+00:00","og_image":[{"width":1563,"height":1563,"url":"https:\/\/www.csj-emballages.com\/wp-content\/uploads\/2024\/09\/Buche-1-png-e1732692086559.webp","type":"image\/png"}],"twitter_card":"summary_large_image","twitter_misc":{"Tiempo de lectura":"3 minutos"},"schema":{"@context":"https:\/\/schema.org","@graph":[{"@type":"WebPage","@id":"https:\/\/www.csj-emballages.com\/es\/produit\/25-cajas-de-troncos-navidad-de-cuento-20-x-11-x-10-cm\/","url":"https:\/\/www.csj-emballages.com\/es\/produit\/25-cajas-de-troncos-navidad-de-cuento-20-x-11-x-10-cm\/","name":"Caja 20x11x10 cm - Modelo \"Navidad de cuento de hadas","isPartOf":{"@id":"https:\/\/www.csj-emballages.com\/es\/#website"},"primaryImageOfPage":{"@id":"https:\/\/www.csj-emballages.com\/es\/produit\/25-cajas-de-troncos-navidad-de-cuento-20-x-11-x-10-cm\/#primaryimage"},"image":{"@id":"https:\/\/www.csj-emballages.com\/es\/produit\/25-cajas-de-troncos-navidad-de-cuento-20-x-11-x-10-cm\/#primaryimage"},"thumbnailUrl":"https:\/\/www.csj-emballages.com\/wp-content\/uploads\/2024\/09\/Buche-1-png-e1732692086559.webp","datePublished":"2024-09-06T00:18:12+00:00","dateModified":"2026-03-12T15:11:28+00:00","description":"La caja de troncos \"Fairytale Christmas\" de 20 x 11 x 10 cm ofrece un dise\u00f1o festivo y una protecci\u00f3n \u00f3ptima. Ideal para realzar con elegancia sus postres navide\u00f1os.","breadcrumb":{"@id":"https:\/\/www.csj-emballages.com\/es\/produit\/25-cajas-de-troncos-navidad-de-cuento-20-x-11-x-10-cm\/#breadcrumb"},"inLanguage":"es","potentialAction":[{"@type":"ReadAction","target":["https:\/\/www.csj-emballages.com\/es\/produit\/25-cajas-de-troncos-navidad-de-cuento-20-x-11-x-10-cm\/"]}]},{"@type":"ImageObject","inLanguage":"es","@id":"https:\/\/www.csj-emballages.com\/es\/produit\/25-cajas-de-troncos-navidad-de-cuento-20-x-11-x-10-cm\/#primaryimage","url":"https:\/\/www.csj-emballages.com\/wp-content\/uploads\/2024\/09\/Buche-1-png-e1732692086559.webp","contentUrl":"https:\/\/www.csj-emballages.com\/wp-content\/uploads\/2024\/09\/Buche-1-png-e1732692086559.webp","width":1563,"height":1563,"caption":"boite a buche"},{"@type":"BreadcrumbList","@id":"https:\/\/www.csj-emballages.com\/es\/produit\/25-cajas-de-troncos-navidad-de-cuento-20-x-11-x-10-cm\/#breadcrumb","itemListElement":[{"@type":"ListItem","position":1,"name":"Accueil","item":"https:\/\/www.csj-emballages.com\/es\/universo-del-envasado-alimentario\/"},{"@type":"ListItem","position":2,"name":"Tienda","item":"https:\/\/www.csj-emballages.com\/tienda\/"},{"@type":"ListItem","position":3,"name":"Caja de troncos de Navidad de cuento de hadas 20 x 11 x 10 cm, paquete de 25"}]},{"@type":"WebSite","@id":"https:\/\/www.csj-emballages.com\/es\/#website","url":"https:\/\/www.csj-emballages.com\/es\/","name":"CSJ Emballages","description":"","publisher":{"@id":"https:\/\/www.csj-emballages.com\/es\/#organization"},"potentialAction":[{"@type":"SearchAction","target":{"@type":"EntryPoint","urlTemplate":"https:\/\/www.csj-emballages.com\/es\/?s={search_term_string}"},"query-input":{"@type":"PropertyValueSpecification","valueRequired":true,"valueName":"search_term_string"}}],"inLanguage":"es"},{"@type":"Organization","@id":"https:\/\/www.csj-emballages.com\/es\/#Organization\/","name":"CSJ Emballages","url":"https:\/\/www.csj-emballages.com\/es\/","logo":{"@type":"ImageObject","inLanguage":"es","@id":"https:\/\/www.csj-emballages.com\/es\/#\/schema\/logo\/image\/","url":"https:\/\/www.csj-emballages.com\/wp-content\/uploads\/2023\/10\/logo_csj.webp","contentUrl":"https:\/\/www.csj-emballages.com\/wp-content\/uploads\/2023\/10\/logo_csj.webp","width":250,"height":95,"caption":"CSJ Emballages"},"image":{"@id":"https:\/\/www.csj-emballages.com\/es\/#\/schema\/logo\/image\/"},"sameAs":["https:\/\/www.facebook.com\/csjemballages"],"address":{"@type":"PostalAddress","streetAddress":"ZI La Lechere","addressLocality":"Patornay","postalCode":"39130","addressCountry":"FR"},"contactPoint":[{"@type":"ContactPoint","contactType":"Service client","telephone":"0384254272","email":"contact@csj-emballages.com"}]}]}},"df_price":12.56,"df_sale_price":"","df_regular_price":12.56,"df_image_link":"https:\/\/www.csj-emballages.com\/wp-content\/uploads\/2024\/09\/Buche-1-300x300.webp","tiered_pricing_type":"fixed","tiered_pricing_fixed_rules":[],"tiered_pricing_percentage_rules":[],"tiered_pricing_minimum":1,"tiered_pricing_roles_data":[],"_links":{"self":[{"href":"https:\/\/www.csj-emballages.com\/es\/wp-json\/wp\/v2\/product\/126143","targetHints":{"allow":["GET"]}}],"collection":[{"href":"https:\/\/www.csj-emballages.com\/es\/wp-json\/wp\/v2\/product"}],"about":[{"href":"https:\/\/www.csj-emballages.com\/es\/wp-json\/wp\/v2\/types\/product"}],"wp:featuredmedia":[{"embeddable":true,"href":"https:\/\/www.csj-emballages.com\/es\/wp-json\/wp\/v2\/media\/187352"}],"wp:attachment":[{"href":"https:\/\/www.csj-emballages.com\/es\/wp-json\/wp\/v2\/media?parent=126143"}],"wp:term":[{"taxonomy":"product_brand","embeddable":true,"href":"https:\/\/www.csj-emballages.com\/es\/wp-json\/wp\/v2\/product_brand?post=126143"},{"taxonomy":"product_cat","embeddable":true,"href":"https:\/\/www.csj-emballages.com\/es\/wp-json\/wp\/v2\/product_cat?post=126143"},{"taxonomy":"product_tag","embeddable":true,"href":"https:\/\/www.csj-emballages.com\/es\/wp-json\/wp\/v2\/product_tag?post=126143"}],"curies":[{"name":"wp","href":"https:\/\/api.w.org\/{rel}","templated":true}]}}