{"id":126129,"date":"2024-09-03T02:18:12","date_gmt":"2024-09-03T00:18:12","guid":{"rendered":"https:\/\/www.csj-emballages.com\/produit\/escoba-1-2-cabeza-seda-china-38cm-montaje-pp-enroscable-integrado\/"},"modified":"2026-05-14T02:10:52","modified_gmt":"2026-05-14T00:10:52","slug":"escoba-1-2-cabeza-seda-china-38cm-montaje-pp-enroscable-integrado","status":"publish","type":"product","link":"https:\/\/www.csj-emballages.com\/es\/produit\/escoba-1-2-cabeza-seda-china-38cm-montaje-pp-enroscable-integrado\/","title":{"rendered":"Escoba 1\/2 cabeza Seda china 38cm Montaje PP Enroscable integrado"},"content":{"rendered":"<h2>Escoba 1\/2 cabeza Seda china 38cm Montaje PP Enroscable integrado<\/h2>\n<hr>\n<h3>Descripci\u00f3n del producto<\/h3>\n<p><!--more--><\/p>\n<p>La escoba de media cabeza de seda china de 38 cm, con su armaz\u00f3n de polipropileno, est\u00e1 dise\u00f1ada con fibras de seda china. Estas fibras proporcionan un barrido suave y eficaz, perfecto para superficies delicadas. El armaz\u00f3n de PP es ligero y f\u00e1cil de manejar, incluso durante largos periodos de uso. Esta escoba tambi\u00e9n cuenta con una rosca integrada que facilita la colocaci\u00f3n del mango y garantiza un ajuste estable y duradero.   <\/p>\n<p>Con sus 38 cm, es lo bastante ancha para cubrir una gran superficie de limpieza, pero lo bastante compacta para llegar a rincones de dif\u00edcil acceso. Esta escoba de media cabeza de seda china es adecuada tanto para limpiadores profesionales como para propietarios exigentes. Con sus materiales de calidad y su dise\u00f1o funcional, combina rendimiento y durabilidad.  <\/p>\n<p>&nbsp;<\/p>\n<p><!--more--><\/p>\n<p>Una elecci\u00f3n imprescindible para cualquiera que busque una herramienta fiable y pr\u00e1ctica para sus tareas de limpieza diarias.<\/p>\n<p>&nbsp;<\/p>\n<p><!--more--><\/p>\n<p><strong>Sus ventajas:<\/strong><\/p>\n<ul>\n<li><strong>Mayor maniobrabilidad<\/strong>: Gracias a su tama\u00f1o m\u00e1s compacto, son m\u00e1s f\u00e1ciles de manejar.<\/li>\n<li><strong>Acceso a lugares de dif\u00edcil acceso<\/strong>: Su cabeza peque\u00f1a permite limpiar rincones estrechos a los que las escobas de cabeza completa no pueden llegar.<\/li>\n<li><strong>Versatilidad<\/strong>: Estas barredoras son adecuadas tanto para uso dom\u00e9stico como profesional.<\/li>\n<li><strong>F\u00e1cil almacenamiento<\/strong>: Su tama\u00f1o compacto facilita su almacenamiento.<\/li>\n<\/ul>\n<p>&nbsp;<\/p>\n<p><!--more--><\/p>\n<p>Aqu\u00ed tienes los mangos de escoba para esta escoba: <span style=\"color: #d12727;\"><a style=\"color: #d12727;\" href=\"https:\/\/www.csj-emballages.com\/es\/produit\/asa-de-aluminio-atornillable-francesa-azul-140-cm\/\">MANCHALUVIS<\/a><\/span> \/ <span style=\"color: #d12727;\"><a style=\"color: #d12727;\" href=\"https:\/\/www.csj-emballages.com\/es\/produit\/mango-de-rosca-natural-de-130-m\/\">MANCHNAT130VIS<\/a><\/span><\/p>\n<p>&nbsp;<\/p>\n<p><!--more--><\/p>\n<p><a href=\"https:\/\/www.csj-emballages.com\/es\/categorie-produit\/higiene-y-mantenimiento\/cepillos-y-escobas\/escoba-cepillo-plumero\/escobas-barredoras-plumeros\/\">Ver el resto de nuestra gama de escobas\/barredoras y plumeros  <\/a><\/p>\n","protected":false},"excerpt":{"rendered":"<p>Escoba 1\/2 cabeza Seda china 38cm Montaje PP Enroscable integrado Descripci\u00f3n del producto<\/p>\n","protected":false},"featured_media":93912,"template":"","meta":{"_acf_changed":false},"product_brand":[],"product_cat":[1226,1420,1832,1835],"product_tag":[],"class_list":{"0":"post-126129","1":"product","2":"type-product","3":"status-publish","4":"has-post-thumbnail","6":"product_cat-higiene-y-mantenimiento","7":"product_cat-cepillos-y-escobas","8":"product_cat-escoba-cepillo-plumero","9":"product_cat-escobas-barredoras-plumeros","11":"first","12":"instock","13":"taxable","14":"shipping-taxable","15":"purchasable","16":"product-type-simple"},"acf":[],"yoast_head":"<!-- This site is optimized with the Yoast SEO Premium plugin v26.6 (Yoast SEO v26.6) - https:\/\/yoast.com\/wordpress\/plugins\/seo\/ -->\n<title>Escoba de media cabeza de seda china \/ CSJ Emballages<\/title>\n<meta name=\"description\" content=\"Descubra la escoba de media cabeza de 38 cm con armaz\u00f3n de PP y rosca integrada. Compacta, manejable e ideal para una limpieza precisa.\" \/>\n<meta name=\"robots\" content=\"index, follow, max-snippet:-1, max-image-preview:large, max-video-preview:-1\" \/>\n<link rel=\"canonical\" href=\"https:\/\/www.csj-emballages.com\/es\/produit\/escoba-1-2-cabeza-seda-china-38cm-montaje-pp-enroscable-integrado\/\" \/>\n<meta property=\"og:locale\" content=\"es_ES\" \/>\n<meta property=\"og:type\" content=\"article\" \/>\n<meta property=\"og:title\" content=\"Escoba 1\/2 cabeza Seda china 38cm Montaje PP Enroscable integrado\" \/>\n<meta property=\"og:description\" content=\"Descubra la escoba de media cabeza de 38 cm con armaz\u00f3n de PP y rosca integrada. Compacta, manejable e ideal para una limpieza precisa.\" \/>\n<meta property=\"og:url\" content=\"https:\/\/www.csj-emballages.com\/es\/produit\/escoba-1-2-cabeza-seda-china-38cm-montaje-pp-enroscable-integrado\/\" \/>\n<meta property=\"og:site_name\" content=\"CSJ Emballages\" \/>\n<meta property=\"article:publisher\" content=\"https:\/\/www.facebook.com\/csjemballages\" \/>\n<meta property=\"article:modified_time\" content=\"2026-05-14T00:10:52+00:00\" \/>\n<meta property=\"og:image\" content=\"https:\/\/www.csj-emballages.com\/wp-content\/uploads\/2024\/09\/balai-1-2-tete-soies-de-chine-monture-pp-douille-vis-integree-jpg.webp\" \/>\n\t<meta property=\"og:image:width\" content=\"458\" \/>\n\t<meta property=\"og:image:height\" content=\"458\" \/>\n\t<meta property=\"og:image:type\" content=\"image\/jpeg\" \/>\n<meta name=\"twitter:card\" content=\"summary_large_image\" \/>\n<meta name=\"twitter:label1\" content=\"Tiempo de lectura\" \/>\n\t<meta name=\"twitter:data1\" content=\"1 minuto\" \/>\n<script type=\"application\/ld+json\" class=\"yoast-schema-graph\">{\"@context\":\"https:\/\/schema.org\",\"@graph\":[{\"@type\":\"WebPage\",\"@id\":\"https:\/\/www.csj-emballages.com\/es\/produit\/escoba-1-2-cabeza-seda-china-38cm-montaje-pp-enroscable-integrado\/\",\"url\":\"https:\/\/www.csj-emballages.com\/es\/produit\/escoba-1-2-cabeza-seda-china-38cm-montaje-pp-enroscable-integrado\/\",\"name\":\"Escoba de media cabeza de seda china \/ CSJ Emballages\",\"isPartOf\":{\"@id\":\"https:\/\/www.csj-emballages.com\/es\/#website\"},\"primaryImageOfPage\":{\"@id\":\"https:\/\/www.csj-emballages.com\/es\/produit\/escoba-1-2-cabeza-seda-china-38cm-montaje-pp-enroscable-integrado\/#primaryimage\"},\"image\":{\"@id\":\"https:\/\/www.csj-emballages.com\/es\/produit\/escoba-1-2-cabeza-seda-china-38cm-montaje-pp-enroscable-integrado\/#primaryimage\"},\"thumbnailUrl\":\"https:\/\/www.csj-emballages.com\/wp-content\/uploads\/2024\/09\/balai-1-2-tete-soies-de-chine-monture-pp-douille-vis-integree-jpg.webp\",\"datePublished\":\"2024-09-03T00:18:12+00:00\",\"dateModified\":\"2026-05-14T00:10:52+00:00\",\"description\":\"Descubra la escoba de media cabeza de 38 cm con armaz\u00f3n de PP y rosca integrada. Compacta, manejable e ideal para una limpieza precisa.\",\"breadcrumb\":{\"@id\":\"https:\/\/www.csj-emballages.com\/es\/produit\/escoba-1-2-cabeza-seda-china-38cm-montaje-pp-enroscable-integrado\/#breadcrumb\"},\"inLanguage\":\"es\",\"potentialAction\":[{\"@type\":\"ReadAction\",\"target\":[\"https:\/\/www.csj-emballages.com\/es\/produit\/escoba-1-2-cabeza-seda-china-38cm-montaje-pp-enroscable-integrado\/\"]}]},{\"@type\":\"ImageObject\",\"inLanguage\":\"es\",\"@id\":\"https:\/\/www.csj-emballages.com\/es\/produit\/escoba-1-2-cabeza-seda-china-38cm-montaje-pp-enroscable-integrado\/#primaryimage\",\"url\":\"https:\/\/www.csj-emballages.com\/wp-content\/uploads\/2024\/09\/balai-1-2-tete-soies-de-chine-monture-pp-douille-vis-integree-jpg.webp\",\"contentUrl\":\"https:\/\/www.csj-emballages.com\/wp-content\/uploads\/2024\/09\/balai-1-2-tete-soies-de-chine-monture-pp-douille-vis-integree-jpg.webp\",\"width\":458,\"height\":458,\"caption\":\"balai demi-t\u00eate soie de Chine\"},{\"@type\":\"BreadcrumbList\",\"@id\":\"https:\/\/www.csj-emballages.com\/es\/produit\/escoba-1-2-cabeza-seda-china-38cm-montaje-pp-enroscable-integrado\/#breadcrumb\",\"itemListElement\":[{\"@type\":\"ListItem\",\"position\":1,\"name\":\"Accueil\",\"item\":\"https:\/\/www.csj-emballages.com\/es\/universo-del-envasado-alimentario\/\"},{\"@type\":\"ListItem\",\"position\":2,\"name\":\"Tienda\",\"item\":\"https:\/\/www.csj-emballages.com\/tienda\/\"},{\"@type\":\"ListItem\",\"position\":3,\"name\":\"Escoba 1\/2 cabeza Seda china 38cm Montaje PP Enroscable integrado\"}]},{\"@type\":\"WebSite\",\"@id\":\"https:\/\/www.csj-emballages.com\/es\/#website\",\"url\":\"https:\/\/www.csj-emballages.com\/es\/\",\"name\":\"CSJ Emballages\",\"description\":\"\",\"publisher\":{\"@id\":\"https:\/\/www.csj-emballages.com\/es\/#organization\"},\"potentialAction\":[{\"@type\":\"SearchAction\",\"target\":{\"@type\":\"EntryPoint\",\"urlTemplate\":\"https:\/\/www.csj-emballages.com\/es\/?s={search_term_string}\"},\"query-input\":{\"@type\":\"PropertyValueSpecification\",\"valueRequired\":true,\"valueName\":\"search_term_string\"}}],\"inLanguage\":\"es\"},{\"@type\":\"Organization\",\"@id\":\"https:\/\/www.csj-emballages.com\/es\/#Organization\/\",\"name\":\"CSJ Emballages\",\"url\":\"https:\/\/www.csj-emballages.com\/es\/\",\"logo\":{\"@type\":\"ImageObject\",\"inLanguage\":\"es\",\"@id\":\"https:\/\/www.csj-emballages.com\/es\/#\/schema\/logo\/image\/\",\"url\":\"https:\/\/www.csj-emballages.com\/wp-content\/uploads\/2023\/10\/logo_csj.webp\",\"contentUrl\":\"https:\/\/www.csj-emballages.com\/wp-content\/uploads\/2023\/10\/logo_csj.webp\",\"width\":250,\"height\":95,\"caption\":\"CSJ Emballages\"},\"image\":{\"@id\":\"https:\/\/www.csj-emballages.com\/es\/#\/schema\/logo\/image\/\"},\"sameAs\":[\"https:\/\/www.facebook.com\/csjemballages\"],\"address\":{\"@type\":\"PostalAddress\",\"streetAddress\":\"ZI La Lechere\",\"addressLocality\":\"Patornay\",\"postalCode\":\"39130\",\"addressCountry\":\"FR\"},\"contactPoint\":[{\"@type\":\"ContactPoint\",\"contactType\":\"Service client\",\"telephone\":\"0384254272\",\"email\":\"contact@csj-emballages.com\"}]}]}<\/script>\n<!-- \/ Yoast SEO Premium plugin. -->","yoast_head_json":{"title":"Escoba de media cabeza de seda china \/ CSJ Emballages","description":"Descubra la escoba de media cabeza de 38 cm con armaz\u00f3n de PP y rosca integrada. Compacta, manejable e ideal para una limpieza precisa.","robots":{"index":"index","follow":"follow","max-snippet":"max-snippet:-1","max-image-preview":"max-image-preview:large","max-video-preview":"max-video-preview:-1"},"canonical":"https:\/\/www.csj-emballages.com\/es\/produit\/escoba-1-2-cabeza-seda-china-38cm-montaje-pp-enroscable-integrado\/","og_locale":"es_ES","og_type":"article","og_title":"Escoba 1\/2 cabeza Seda china 38cm Montaje PP Enroscable integrado","og_description":"Descubra la escoba de media cabeza de 38 cm con armaz\u00f3n de PP y rosca integrada. Compacta, manejable e ideal para una limpieza precisa.","og_url":"https:\/\/www.csj-emballages.com\/es\/produit\/escoba-1-2-cabeza-seda-china-38cm-montaje-pp-enroscable-integrado\/","og_site_name":"CSJ Emballages","article_publisher":"https:\/\/www.facebook.com\/csjemballages","article_modified_time":"2026-05-14T00:10:52+00:00","og_image":[{"width":458,"height":458,"url":"https:\/\/www.csj-emballages.com\/wp-content\/uploads\/2024\/09\/balai-1-2-tete-soies-de-chine-monture-pp-douille-vis-integree-jpg.webp","type":"image\/jpeg"}],"twitter_card":"summary_large_image","twitter_misc":{"Tiempo de lectura":"1 minuto"},"schema":{"@context":"https:\/\/schema.org","@graph":[{"@type":"WebPage","@id":"https:\/\/www.csj-emballages.com\/es\/produit\/escoba-1-2-cabeza-seda-china-38cm-montaje-pp-enroscable-integrado\/","url":"https:\/\/www.csj-emballages.com\/es\/produit\/escoba-1-2-cabeza-seda-china-38cm-montaje-pp-enroscable-integrado\/","name":"Escoba de media cabeza de seda china \/ CSJ Emballages","isPartOf":{"@id":"https:\/\/www.csj-emballages.com\/es\/#website"},"primaryImageOfPage":{"@id":"https:\/\/www.csj-emballages.com\/es\/produit\/escoba-1-2-cabeza-seda-china-38cm-montaje-pp-enroscable-integrado\/#primaryimage"},"image":{"@id":"https:\/\/www.csj-emballages.com\/es\/produit\/escoba-1-2-cabeza-seda-china-38cm-montaje-pp-enroscable-integrado\/#primaryimage"},"thumbnailUrl":"https:\/\/www.csj-emballages.com\/wp-content\/uploads\/2024\/09\/balai-1-2-tete-soies-de-chine-monture-pp-douille-vis-integree-jpg.webp","datePublished":"2024-09-03T00:18:12+00:00","dateModified":"2026-05-14T00:10:52+00:00","description":"Descubra la escoba de media cabeza de 38 cm con armaz\u00f3n de PP y rosca integrada. Compacta, manejable e ideal para una limpieza precisa.","breadcrumb":{"@id":"https:\/\/www.csj-emballages.com\/es\/produit\/escoba-1-2-cabeza-seda-china-38cm-montaje-pp-enroscable-integrado\/#breadcrumb"},"inLanguage":"es","potentialAction":[{"@type":"ReadAction","target":["https:\/\/www.csj-emballages.com\/es\/produit\/escoba-1-2-cabeza-seda-china-38cm-montaje-pp-enroscable-integrado\/"]}]},{"@type":"ImageObject","inLanguage":"es","@id":"https:\/\/www.csj-emballages.com\/es\/produit\/escoba-1-2-cabeza-seda-china-38cm-montaje-pp-enroscable-integrado\/#primaryimage","url":"https:\/\/www.csj-emballages.com\/wp-content\/uploads\/2024\/09\/balai-1-2-tete-soies-de-chine-monture-pp-douille-vis-integree-jpg.webp","contentUrl":"https:\/\/www.csj-emballages.com\/wp-content\/uploads\/2024\/09\/balai-1-2-tete-soies-de-chine-monture-pp-douille-vis-integree-jpg.webp","width":458,"height":458,"caption":"balai demi-t\u00eate soie de Chine"},{"@type":"BreadcrumbList","@id":"https:\/\/www.csj-emballages.com\/es\/produit\/escoba-1-2-cabeza-seda-china-38cm-montaje-pp-enroscable-integrado\/#breadcrumb","itemListElement":[{"@type":"ListItem","position":1,"name":"Accueil","item":"https:\/\/www.csj-emballages.com\/es\/universo-del-envasado-alimentario\/"},{"@type":"ListItem","position":2,"name":"Tienda","item":"https:\/\/www.csj-emballages.com\/tienda\/"},{"@type":"ListItem","position":3,"name":"Escoba 1\/2 cabeza Seda china 38cm Montaje PP Enroscable integrado"}]},{"@type":"WebSite","@id":"https:\/\/www.csj-emballages.com\/es\/#website","url":"https:\/\/www.csj-emballages.com\/es\/","name":"CSJ Emballages","description":"","publisher":{"@id":"https:\/\/www.csj-emballages.com\/es\/#organization"},"potentialAction":[{"@type":"SearchAction","target":{"@type":"EntryPoint","urlTemplate":"https:\/\/www.csj-emballages.com\/es\/?s={search_term_string}"},"query-input":{"@type":"PropertyValueSpecification","valueRequired":true,"valueName":"search_term_string"}}],"inLanguage":"es"},{"@type":"Organization","@id":"https:\/\/www.csj-emballages.com\/es\/#Organization\/","name":"CSJ Emballages","url":"https:\/\/www.csj-emballages.com\/es\/","logo":{"@type":"ImageObject","inLanguage":"es","@id":"https:\/\/www.csj-emballages.com\/es\/#\/schema\/logo\/image\/","url":"https:\/\/www.csj-emballages.com\/wp-content\/uploads\/2023\/10\/logo_csj.webp","contentUrl":"https:\/\/www.csj-emballages.com\/wp-content\/uploads\/2023\/10\/logo_csj.webp","width":250,"height":95,"caption":"CSJ Emballages"},"image":{"@id":"https:\/\/www.csj-emballages.com\/es\/#\/schema\/logo\/image\/"},"sameAs":["https:\/\/www.facebook.com\/csjemballages"],"address":{"@type":"PostalAddress","streetAddress":"ZI La Lechere","addressLocality":"Patornay","postalCode":"39130","addressCountry":"FR"},"contactPoint":[{"@type":"ContactPoint","contactType":"Service client","telephone":"0384254272","email":"contact@csj-emballages.com"}]}]}},"df_price":6.35,"df_sale_price":"","df_regular_price":6.35,"df_image_link":"https:\/\/www.csj-emballages.com\/wp-content\/uploads\/2024\/09\/balai-1-2-tete-soies-de-chine-monture-pp-douille-vis-integree-300x300.webp","tiered_pricing_type":"fixed","tiered_pricing_fixed_rules":[],"tiered_pricing_percentage_rules":[],"tiered_pricing_minimum":1,"tiered_pricing_roles_data":[],"_links":{"self":[{"href":"https:\/\/www.csj-emballages.com\/es\/wp-json\/wp\/v2\/product\/126129","targetHints":{"allow":["GET"]}}],"collection":[{"href":"https:\/\/www.csj-emballages.com\/es\/wp-json\/wp\/v2\/product"}],"about":[{"href":"https:\/\/www.csj-emballages.com\/es\/wp-json\/wp\/v2\/types\/product"}],"wp:featuredmedia":[{"embeddable":true,"href":"https:\/\/www.csj-emballages.com\/es\/wp-json\/wp\/v2\/media\/93912"}],"wp:attachment":[{"href":"https:\/\/www.csj-emballages.com\/es\/wp-json\/wp\/v2\/media?parent=126129"}],"wp:term":[{"taxonomy":"product_brand","embeddable":true,"href":"https:\/\/www.csj-emballages.com\/es\/wp-json\/wp\/v2\/product_brand?post=126129"},{"taxonomy":"product_cat","embeddable":true,"href":"https:\/\/www.csj-emballages.com\/es\/wp-json\/wp\/v2\/product_cat?post=126129"},{"taxonomy":"product_tag","embeddable":true,"href":"https:\/\/www.csj-emballages.com\/es\/wp-json\/wp\/v2\/product_tag?post=126129"}],"curies":[{"name":"wp","href":"https:\/\/api.w.org\/{rel}","templated":true}]}}