{"id":126124,"date":"2024-09-03T02:18:14","date_gmt":"2024-09-03T00:18:14","guid":{"rendered":"https:\/\/www.csj-emballages.com\/produit\/20-vasos-de-postre-de-plastico-bodega-180-ml\/"},"modified":"2026-04-29T02:19:53","modified_gmt":"2026-04-29T00:19:53","slug":"20-vasos-de-postre-de-plastico-bodega-180-ml","status":"publish","type":"product","link":"https:\/\/www.csj-emballages.com\/es\/produit\/20-vasos-de-postre-de-plastico-bodega-180-ml\/","title":{"rendered":"Vasos de postre de pl\u00e1stico Bodega 180 ml por 20"},"content":{"rendered":"<h2>Tazas de postre<\/h2>\n<hr>\n<h3>Descripci\u00f3n de nuestros Vasos de Pl\u00e1stico Bodega para Postre 180 ml x 20<\/h3>\n<p><!--more--><\/p>\n<p>Descubre nuestras <strong>copas de postre Bodega 18 cl<\/strong>, ideales para tus presentaciones gourmet. Perfectas para buffets, recepciones o eventos, estas <strong>copas de<\/strong> postre son resistentes y reutilizables. Su dise\u00f1o transparente resalta cada capa de tus creaciones dulces o saladas. Puedes utilizarlos para servir mousses, tiramis\u00fas, macedonias o verrines. Con su capacidad <strong>de 180 ml<\/strong>, tienen el tama\u00f1o ideal para porciones generosas sin excesos. F\u00e1ciles de manejar, son tan adecuadas para las ocasiones festivas como para el uso diario. Su pl\u00e1stico de alta calidad garantiza una presentaci\u00f3n impecable sin riesgo de derrames. F\u00e1ciles de apilar y guardar, ahorran espacio en tus armarios. Estas <strong>bandejas de postre Bodega de 18 cl<\/strong> tambi\u00e9n son resistentes a los golpes, perfectas para su uso en exteriores.        <\/p>\n<p>&nbsp;<\/p>\n<p><!--more--><\/p>\n<p>Elige copas Bodega para postres que impresionen a tus invitados con cada bocado.<\/p>\n<p>&nbsp;<\/p>\n<p><!--more--><\/p>\n<p><strong>Sus ventajas:<\/strong><\/p>\n<ul>\n<li><strong>Practicidad<\/strong>: F\u00e1ciles de manejar, son perfectas para buffets, recepciones o eventos al aire libre.<\/li>\n<li><strong>Ahorran espacio<\/strong>: apilables, aprovechan al m\u00e1ximo el espacio de almacenamiento de tus armarios.<\/li>\n<li><strong>Tama\u00f1o de raci\u00f3n ideal<\/strong>: Su capacidad de <strong>180 ml<\/strong> es perfecta para raciones generosas, sin excesos.<\/li>\n<li><strong>Durabilidad<\/strong>: Reutilizables, ofrecen una alternativa respetuosa con el medio ambiente.<\/li>\n<\/ul>\n<p>&nbsp;<\/p>\n<p><!--more--><\/p>\n<p>Producto disponible en un tama\u00f1o mayor: <span style=\"color: #d12727;\"><a style=\"color: #d12727;\" href=\"https:\/\/www.csj-emballages.com\/produit\/20-coupes-a-dessert-bodega-plastique-250-ml\/\">VERBODEGA25<\/a><\/span><\/p>\n<p>&nbsp;<\/p>\n<p><!--more--><\/p>\n<p>Haz clic aqu\u00ed para ver la portada dise\u00f1ada para este producto: <span style=\"color: #d12727;\"><a style=\"color: #d12727;\" href=\"https:\/\/www.csj-emballages.com\/produit\/60-couvercles-plastique-pour-ref-bodega18\/\">COUVVERBODEGA14<\/a><\/span><\/p>\n<p>&nbsp;<\/p>\n<p><!--more--><\/p>\n<p><a href=\"https:\/\/www.csj-emballages.com\/produit\/20-coupes-a-dessert-bodega-plastique-250-ml\/\">Ver el resto de nuestra gama de cuencos de postre<\/a><\/p>\n","protected":false},"excerpt":{"rendered":"<p>Tazas de postre Descripci\u00f3n de nuestros Vasos de Pl\u00e1stico Bodega para Postre 180 ml x 20<\/p>\n","protected":false},"featured_media":209464,"template":"","meta":{"_acf_changed":false},"product_brand":[],"product_cat":[1150,1143,1324,1458,1326,1329],"product_tag":[],"class_list":{"0":"post-126124","1":"product","2":"type-product","3":"status-publish","4":"has-post-thumbnail","6":"product_cat-envasado-de-alimentos","7":"product_cat-carniceria-y-charcuteria","8":"product_cat-tazas-tarros-vasos","9":"product_cat-tazas-de-postre","10":"product_cat-verrines-es","11":"product_cat-verrines-es-2","13":"first","14":"instock","15":"taxable","16":"shipping-taxable","17":"purchasable","18":"product-type-simple"},"acf":[],"yoast_head":"<!-- This site is optimized with the Yoast SEO Premium plugin v26.6 (Yoast SEO v26.6) - https:\/\/yoast.com\/wordpress\/plugins\/seo\/ -->\n<title>Vasos de postre de pl\u00e1stico Bodega - 180 ml<\/title>\n<meta name=\"description\" content=\"\u00a1Descubre nuestros vasos de postre de pl\u00e1stico Bodega 18cl! Te ofrecemos un paquete de 20 vasos de postre resistentes y de alta calidad.\" \/>\n<meta name=\"robots\" content=\"index, follow, max-snippet:-1, max-image-preview:large, max-video-preview:-1\" \/>\n<link rel=\"canonical\" href=\"https:\/\/www.csj-emballages.com\/es\/produit\/20-vasos-de-postre-de-plastico-bodega-180-ml\/\" \/>\n<meta property=\"og:locale\" content=\"es_ES\" \/>\n<meta property=\"og:type\" content=\"article\" \/>\n<meta property=\"og:title\" content=\"Vasos de postre de pl\u00e1stico Bodega 180 ml por 20\" \/>\n<meta property=\"og:description\" content=\"\u00a1Descubre nuestros vasos de postre de pl\u00e1stico Bodega 18cl! Te ofrecemos un paquete de 20 vasos de postre resistentes y de alta calidad.\" \/>\n<meta property=\"og:url\" content=\"https:\/\/www.csj-emballages.com\/es\/produit\/20-vasos-de-postre-de-plastico-bodega-180-ml\/\" \/>\n<meta property=\"og:site_name\" content=\"CSJ Emballages\" \/>\n<meta property=\"article:publisher\" content=\"https:\/\/www.facebook.com\/csjemballages\" \/>\n<meta property=\"article:modified_time\" content=\"2026-04-29T00:19:53+00:00\" \/>\n<meta property=\"og:image\" content=\"https:\/\/www.csj-emballages.com\/wp-content\/uploads\/2024\/09\/VERBODEGA-18.webp\" \/>\n\t<meta property=\"og:image:width\" content=\"800\" \/>\n\t<meta property=\"og:image:height\" content=\"800\" \/>\n\t<meta property=\"og:image:type\" content=\"image\/webp\" \/>\n<meta name=\"twitter:card\" content=\"summary_large_image\" \/>\n<meta name=\"twitter:label1\" content=\"Tiempo de lectura\" \/>\n\t<meta name=\"twitter:data1\" content=\"1 minuto\" \/>\n<script type=\"application\/ld+json\" class=\"yoast-schema-graph\">{\"@context\":\"https:\/\/schema.org\",\"@graph\":[{\"@type\":\"WebPage\",\"@id\":\"https:\/\/www.csj-emballages.com\/es\/produit\/20-vasos-de-postre-de-plastico-bodega-180-ml\/\",\"url\":\"https:\/\/www.csj-emballages.com\/es\/produit\/20-vasos-de-postre-de-plastico-bodega-180-ml\/\",\"name\":\"Vasos de postre de pl\u00e1stico Bodega - 180 ml\",\"isPartOf\":{\"@id\":\"https:\/\/www.csj-emballages.com\/es\/#website\"},\"primaryImageOfPage\":{\"@id\":\"https:\/\/www.csj-emballages.com\/es\/produit\/20-vasos-de-postre-de-plastico-bodega-180-ml\/#primaryimage\"},\"image\":{\"@id\":\"https:\/\/www.csj-emballages.com\/es\/produit\/20-vasos-de-postre-de-plastico-bodega-180-ml\/#primaryimage\"},\"thumbnailUrl\":\"https:\/\/www.csj-emballages.com\/wp-content\/uploads\/2024\/09\/VERBODEGA-18.webp\",\"datePublished\":\"2024-09-03T00:18:14+00:00\",\"dateModified\":\"2026-04-29T00:19:53+00:00\",\"description\":\"\u00a1Descubre nuestros vasos de postre de pl\u00e1stico Bodega 18cl! Te ofrecemos un paquete de 20 vasos de postre resistentes y de alta calidad.\",\"breadcrumb\":{\"@id\":\"https:\/\/www.csj-emballages.com\/es\/produit\/20-vasos-de-postre-de-plastico-bodega-180-ml\/#breadcrumb\"},\"inLanguage\":\"es\",\"potentialAction\":[{\"@type\":\"ReadAction\",\"target\":[\"https:\/\/www.csj-emballages.com\/es\/produit\/20-vasos-de-postre-de-plastico-bodega-180-ml\/\"]}]},{\"@type\":\"ImageObject\",\"inLanguage\":\"es\",\"@id\":\"https:\/\/www.csj-emballages.com\/es\/produit\/20-vasos-de-postre-de-plastico-bodega-180-ml\/#primaryimage\",\"url\":\"https:\/\/www.csj-emballages.com\/wp-content\/uploads\/2024\/09\/VERBODEGA-18.webp\",\"contentUrl\":\"https:\/\/www.csj-emballages.com\/wp-content\/uploads\/2024\/09\/VERBODEGA-18.webp\",\"width\":800,\"height\":800,\"caption\":\"coupe \u00e0 dessert\"},{\"@type\":\"BreadcrumbList\",\"@id\":\"https:\/\/www.csj-emballages.com\/es\/produit\/20-vasos-de-postre-de-plastico-bodega-180-ml\/#breadcrumb\",\"itemListElement\":[{\"@type\":\"ListItem\",\"position\":1,\"name\":\"Accueil\",\"item\":\"https:\/\/www.csj-emballages.com\/es\/universo-del-envasado-alimentario\/\"},{\"@type\":\"ListItem\",\"position\":2,\"name\":\"Tienda\",\"item\":\"https:\/\/www.csj-emballages.com\/tienda\/\"},{\"@type\":\"ListItem\",\"position\":3,\"name\":\"Vasos de postre de pl\u00e1stico Bodega 180 ml por 20\"}]},{\"@type\":\"WebSite\",\"@id\":\"https:\/\/www.csj-emballages.com\/es\/#website\",\"url\":\"https:\/\/www.csj-emballages.com\/es\/\",\"name\":\"CSJ Emballages\",\"description\":\"\",\"publisher\":{\"@id\":\"https:\/\/www.csj-emballages.com\/es\/#organization\"},\"potentialAction\":[{\"@type\":\"SearchAction\",\"target\":{\"@type\":\"EntryPoint\",\"urlTemplate\":\"https:\/\/www.csj-emballages.com\/es\/?s={search_term_string}\"},\"query-input\":{\"@type\":\"PropertyValueSpecification\",\"valueRequired\":true,\"valueName\":\"search_term_string\"}}],\"inLanguage\":\"es\"},{\"@type\":\"Organization\",\"@id\":\"https:\/\/www.csj-emballages.com\/es\/#Organization\/\",\"name\":\"CSJ Emballages\",\"url\":\"https:\/\/www.csj-emballages.com\/es\/\",\"logo\":{\"@type\":\"ImageObject\",\"inLanguage\":\"es\",\"@id\":\"https:\/\/www.csj-emballages.com\/es\/#\/schema\/logo\/image\/\",\"url\":\"https:\/\/www.csj-emballages.com\/wp-content\/uploads\/2023\/10\/logo_csj.webp\",\"contentUrl\":\"https:\/\/www.csj-emballages.com\/wp-content\/uploads\/2023\/10\/logo_csj.webp\",\"width\":250,\"height\":95,\"caption\":\"CSJ Emballages\"},\"image\":{\"@id\":\"https:\/\/www.csj-emballages.com\/es\/#\/schema\/logo\/image\/\"},\"sameAs\":[\"https:\/\/www.facebook.com\/csjemballages\"],\"address\":{\"@type\":\"PostalAddress\",\"streetAddress\":\"ZI La Lechere\",\"addressLocality\":\"Patornay\",\"postalCode\":\"39130\",\"addressCountry\":\"FR\"},\"contactPoint\":[{\"@type\":\"ContactPoint\",\"contactType\":\"Service client\",\"telephone\":\"0384254272\",\"email\":\"contact@csj-emballages.com\"}]}]}<\/script>\n<!-- \/ Yoast SEO Premium plugin. -->","yoast_head_json":{"title":"Vasos de postre de pl\u00e1stico Bodega - 180 ml","description":"\u00a1Descubre nuestros vasos de postre de pl\u00e1stico Bodega 18cl! Te ofrecemos un paquete de 20 vasos de postre resistentes y de alta calidad.","robots":{"index":"index","follow":"follow","max-snippet":"max-snippet:-1","max-image-preview":"max-image-preview:large","max-video-preview":"max-video-preview:-1"},"canonical":"https:\/\/www.csj-emballages.com\/es\/produit\/20-vasos-de-postre-de-plastico-bodega-180-ml\/","og_locale":"es_ES","og_type":"article","og_title":"Vasos de postre de pl\u00e1stico Bodega 180 ml por 20","og_description":"\u00a1Descubre nuestros vasos de postre de pl\u00e1stico Bodega 18cl! Te ofrecemos un paquete de 20 vasos de postre resistentes y de alta calidad.","og_url":"https:\/\/www.csj-emballages.com\/es\/produit\/20-vasos-de-postre-de-plastico-bodega-180-ml\/","og_site_name":"CSJ Emballages","article_publisher":"https:\/\/www.facebook.com\/csjemballages","article_modified_time":"2026-04-29T00:19:53+00:00","og_image":[{"width":800,"height":800,"url":"https:\/\/www.csj-emballages.com\/wp-content\/uploads\/2024\/09\/VERBODEGA-18.webp","type":"image\/webp"}],"twitter_card":"summary_large_image","twitter_misc":{"Tiempo de lectura":"1 minuto"},"schema":{"@context":"https:\/\/schema.org","@graph":[{"@type":"WebPage","@id":"https:\/\/www.csj-emballages.com\/es\/produit\/20-vasos-de-postre-de-plastico-bodega-180-ml\/","url":"https:\/\/www.csj-emballages.com\/es\/produit\/20-vasos-de-postre-de-plastico-bodega-180-ml\/","name":"Vasos de postre de pl\u00e1stico Bodega - 180 ml","isPartOf":{"@id":"https:\/\/www.csj-emballages.com\/es\/#website"},"primaryImageOfPage":{"@id":"https:\/\/www.csj-emballages.com\/es\/produit\/20-vasos-de-postre-de-plastico-bodega-180-ml\/#primaryimage"},"image":{"@id":"https:\/\/www.csj-emballages.com\/es\/produit\/20-vasos-de-postre-de-plastico-bodega-180-ml\/#primaryimage"},"thumbnailUrl":"https:\/\/www.csj-emballages.com\/wp-content\/uploads\/2024\/09\/VERBODEGA-18.webp","datePublished":"2024-09-03T00:18:14+00:00","dateModified":"2026-04-29T00:19:53+00:00","description":"\u00a1Descubre nuestros vasos de postre de pl\u00e1stico Bodega 18cl! Te ofrecemos un paquete de 20 vasos de postre resistentes y de alta calidad.","breadcrumb":{"@id":"https:\/\/www.csj-emballages.com\/es\/produit\/20-vasos-de-postre-de-plastico-bodega-180-ml\/#breadcrumb"},"inLanguage":"es","potentialAction":[{"@type":"ReadAction","target":["https:\/\/www.csj-emballages.com\/es\/produit\/20-vasos-de-postre-de-plastico-bodega-180-ml\/"]}]},{"@type":"ImageObject","inLanguage":"es","@id":"https:\/\/www.csj-emballages.com\/es\/produit\/20-vasos-de-postre-de-plastico-bodega-180-ml\/#primaryimage","url":"https:\/\/www.csj-emballages.com\/wp-content\/uploads\/2024\/09\/VERBODEGA-18.webp","contentUrl":"https:\/\/www.csj-emballages.com\/wp-content\/uploads\/2024\/09\/VERBODEGA-18.webp","width":800,"height":800,"caption":"coupe \u00e0 dessert"},{"@type":"BreadcrumbList","@id":"https:\/\/www.csj-emballages.com\/es\/produit\/20-vasos-de-postre-de-plastico-bodega-180-ml\/#breadcrumb","itemListElement":[{"@type":"ListItem","position":1,"name":"Accueil","item":"https:\/\/www.csj-emballages.com\/es\/universo-del-envasado-alimentario\/"},{"@type":"ListItem","position":2,"name":"Tienda","item":"https:\/\/www.csj-emballages.com\/tienda\/"},{"@type":"ListItem","position":3,"name":"Vasos de postre de pl\u00e1stico Bodega 180 ml por 20"}]},{"@type":"WebSite","@id":"https:\/\/www.csj-emballages.com\/es\/#website","url":"https:\/\/www.csj-emballages.com\/es\/","name":"CSJ Emballages","description":"","publisher":{"@id":"https:\/\/www.csj-emballages.com\/es\/#organization"},"potentialAction":[{"@type":"SearchAction","target":{"@type":"EntryPoint","urlTemplate":"https:\/\/www.csj-emballages.com\/es\/?s={search_term_string}"},"query-input":{"@type":"PropertyValueSpecification","valueRequired":true,"valueName":"search_term_string"}}],"inLanguage":"es"},{"@type":"Organization","@id":"https:\/\/www.csj-emballages.com\/es\/#Organization\/","name":"CSJ Emballages","url":"https:\/\/www.csj-emballages.com\/es\/","logo":{"@type":"ImageObject","inLanguage":"es","@id":"https:\/\/www.csj-emballages.com\/es\/#\/schema\/logo\/image\/","url":"https:\/\/www.csj-emballages.com\/wp-content\/uploads\/2023\/10\/logo_csj.webp","contentUrl":"https:\/\/www.csj-emballages.com\/wp-content\/uploads\/2023\/10\/logo_csj.webp","width":250,"height":95,"caption":"CSJ Emballages"},"image":{"@id":"https:\/\/www.csj-emballages.com\/es\/#\/schema\/logo\/image\/"},"sameAs":["https:\/\/www.facebook.com\/csjemballages"],"address":{"@type":"PostalAddress","streetAddress":"ZI La Lechere","addressLocality":"Patornay","postalCode":"39130","addressCountry":"FR"},"contactPoint":[{"@type":"ContactPoint","contactType":"Service client","telephone":"0384254272","email":"contact@csj-emballages.com"}]}]}},"df_price":4.09,"df_sale_price":"","df_regular_price":4.09,"df_image_link":"https:\/\/www.csj-emballages.com\/wp-content\/uploads\/2024\/09\/VERBODEGA-18-300x300.webp","tiered_pricing_type":"fixed","tiered_pricing_fixed_rules":[],"tiered_pricing_percentage_rules":[],"tiered_pricing_minimum":1,"tiered_pricing_roles_data":[],"_links":{"self":[{"href":"https:\/\/www.csj-emballages.com\/es\/wp-json\/wp\/v2\/product\/126124","targetHints":{"allow":["GET"]}}],"collection":[{"href":"https:\/\/www.csj-emballages.com\/es\/wp-json\/wp\/v2\/product"}],"about":[{"href":"https:\/\/www.csj-emballages.com\/es\/wp-json\/wp\/v2\/types\/product"}],"wp:featuredmedia":[{"embeddable":true,"href":"https:\/\/www.csj-emballages.com\/es\/wp-json\/wp\/v2\/media\/209464"}],"wp:attachment":[{"href":"https:\/\/www.csj-emballages.com\/es\/wp-json\/wp\/v2\/media?parent=126124"}],"wp:term":[{"taxonomy":"product_brand","embeddable":true,"href":"https:\/\/www.csj-emballages.com\/es\/wp-json\/wp\/v2\/product_brand?post=126124"},{"taxonomy":"product_cat","embeddable":true,"href":"https:\/\/www.csj-emballages.com\/es\/wp-json\/wp\/v2\/product_cat?post=126124"},{"taxonomy":"product_tag","embeddable":true,"href":"https:\/\/www.csj-emballages.com\/es\/wp-json\/wp\/v2\/product_tag?post=126124"}],"curies":[{"name":"wp","href":"https:\/\/api.w.org\/{rel}","templated":true}]}}