{"id":126112,"date":"2024-08-30T02:18:15","date_gmt":"2024-08-30T00:18:15","guid":{"rendered":"https:\/\/www.csj-emballages.com\/produit\/250-puas-planas-de-bambu-para-coctel-de-105-mm\/"},"modified":"2026-05-01T02:13:50","modified_gmt":"2026-05-01T00:13:50","slug":"250-puas-planas-de-bambu-para-coctel-de-105-mm","status":"publish","type":"product","link":"https:\/\/www.csj-emballages.com\/es\/produit\/250-puas-planas-de-bambu-para-coctel-de-105-mm\/","title":{"rendered":"250 p\u00faas planas de bamb\u00fa para c\u00f3ctel de 105 mm"},"content":{"rendered":"<h2 class=\"p1\">Picos de bamb\u00fa para c\u00f3cteles<\/h2>\n<hr>\n<h3>Descripci\u00f3n de nuestros pinchos de bamb\u00fa planos 105 mm x 250<\/h3>\n<p><!--more--><\/p>\n<p>Descubra nuestros <strong>picos de c\u00f3ctel de bamb\u00fa de 105 mm<\/strong>, el accesorio esencial para sus recepciones. Estos elegantes pinchos ecol\u00f3gicos son perfectos para realzar sus presentaciones de aperitivos, tapas y postres. Fabricados en bamb\u00fa natural, son resistentes y respetuosos con el medio ambiente. Su dise\u00f1o plano hace que sean f\u00e1ciles de sujetar y c\u00f3modos de usar para sus invitados. Ya sea para pinchos, aperitivos o fruta, estos palillos garantizan una presentaci\u00f3n cuidada y moderna. El bamb\u00fa es una alternativa duradera a las brochetas de pl\u00e1stico. Pr\u00e1cticos y resistentes, son tan adecuados para el uso diario como para eventos especiales. Su tama\u00f1o de 105 mm es ideal para una gran variedad de platos, sin exagerar. Cada <strong>pincho de bamb\u00fa<\/strong> est\u00e1 cuidadosamente pulido para ofrecer un acabado suave y agradable al tacto. A\u00f1ada estilo a sus creaciones culinarias sin dejar de ser respetuoso con el medio ambiente.         <\/p>\n<p>&nbsp;<\/p>\n<p><!--more--><\/p>\n<p>Pruebe estos pinchos de bamb\u00fa de 105 mm para c\u00f3cteles y convierta sus aperitivos en algo \u00fanico y agradable.<\/p>\n<p>&nbsp;<\/p>\n<p><!--more--><\/p>\n<p><strong>Sus ventajas:<\/strong><\/p>\n<ul>\n<li><strong>Ecol\u00f3gicos<\/strong>: Hechos de bamb\u00fa natural, estos pinchos son biodegradables y respetuosos con el medio ambiente.<\/li>\n<li><strong>Robustas<\/strong>: A pesar de su poco peso, estos pinchos son resistentes y no se rompen f\u00e1cilmente.<\/li>\n<li><strong>Vers\u00e1tiles<\/strong>: Ideales para aperitivos, brochetas, fruta y postres, se adaptan a una gran variedad de platos.<\/li>\n<li><strong>Higi\u00e9nicas<\/strong>: Dise\u00f1adas para un solo uso, ofrecen una soluci\u00f3n pr\u00e1ctica y limpia para tus eventos.<\/li>\n<\/ul>\n<p>&nbsp;<\/p>\n<p><!--more--><\/p>\n<h4>Informaci\u00f3n adicional :<\/h4>\n<ul>\n<li><strong>Envase<\/strong>: Paquete de 250 unidades<\/li>\n<li><strong>Dimensiones<\/strong>: 105 mm<\/li>\n<li><strong>Material<\/strong>: Madera<\/li>\n<\/ul>\n<p>&nbsp;<\/p>\n<p><!--more--><\/p>\n<p>Este producto est\u00e1 disponible en diferentes tama\u00f1os: <span style=\"color: #d12727;\"><a style=\"color: #d12727;\" href=\"https:\/\/www.csj-emballages.com\/produit\/250-piques-aperitifs-bambous-150mm-plat\/\">150 mm<\/a><\/span> \/ <span style=\"color: #d12727;\"><a style=\"color: #d12727;\" href=\"https:\/\/www.csj-emballages.com\/produit\/250-piques-aperitifs-bambous-plat-200-mm\/\">200 mm<\/a><\/span><\/p>\n<p>&nbsp;<\/p>\n<p><!--more--><\/p>\n<p><a href=\"https:\/\/www.csj-emballages.com\/es\/categorie-produit\/envasado-de-alimentos\/carniceria-y-charcuteria\/recogida-de-alimentos\/aperitivos\/picos-de-madera-para-cocteles\/\">Ver el resto de nuestra gama de picos de madera<\/a><\/p>\n","protected":false},"excerpt":{"rendered":"<p>Picos de bamb\u00fa para c\u00f3cteles Descripci\u00f3n de nuestros pinchos de bamb\u00fa planos 105 mm x 250<\/p>\n","protected":false},"featured_media":225251,"template":"","meta":{"_acf_changed":false},"product_brand":[],"product_cat":[1150,1143,3867,1816,1824],"product_tag":[],"class_list":{"0":"post-126112","1":"product","2":"type-product","3":"status-publish","4":"has-post-thumbnail","6":"product_cat-envasado-de-alimentos","7":"product_cat-carniceria-y-charcuteria","8":"product_cat-recogida-de-alimentos","9":"product_cat-aperitivos","10":"product_cat-picos-de-madera-para-cocteles","12":"first","13":"instock","14":"taxable","15":"shipping-taxable","16":"purchasable","17":"product-type-simple"},"acf":[],"yoast_head":"<!-- This site is optimized with the Yoast SEO Premium plugin v26.6 (Yoast SEO v26.6) - https:\/\/yoast.com\/wordpress\/plugins\/seo\/ -->\n<title>Picos planos de bamb\u00fa para aperitivo 105 mm por 250<\/title>\n<meta name=\"description\" content=\"Ya est\u00e1n disponibles nuestros picos de bamb\u00fa de 105 mm para c\u00f3cteles. \u00a1\u00dasalos para tus buffets, recepciones o simplemente con la familia!\" \/>\n<meta name=\"robots\" content=\"index, follow, max-snippet:-1, max-image-preview:large, max-video-preview:-1\" \/>\n<link rel=\"canonical\" href=\"https:\/\/www.csj-emballages.com\/es\/produit\/250-puas-planas-de-bambu-para-coctel-de-105-mm\/\" \/>\n<meta property=\"og:locale\" content=\"es_ES\" \/>\n<meta property=\"og:type\" content=\"article\" \/>\n<meta property=\"og:title\" content=\"250 p\u00faas planas de bamb\u00fa para c\u00f3ctel de 105 mm\" \/>\n<meta property=\"og:description\" content=\"Ya est\u00e1n disponibles nuestros picos de bamb\u00fa de 105 mm para c\u00f3cteles. \u00a1\u00dasalos para tus buffets, recepciones o simplemente con la familia!\" \/>\n<meta property=\"og:url\" content=\"https:\/\/www.csj-emballages.com\/es\/produit\/250-puas-planas-de-bambu-para-coctel-de-105-mm\/\" \/>\n<meta property=\"og:site_name\" content=\"CSJ Emballages\" \/>\n<meta property=\"article:publisher\" content=\"https:\/\/www.facebook.com\/csjemballages\" \/>\n<meta property=\"article:modified_time\" content=\"2026-05-01T00:13:50+00:00\" \/>\n<meta property=\"og:image\" content=\"https:\/\/www.csj-emballages.com\/wp-content\/uploads\/2024\/08\/Piques-bambou-plat.webp\" \/>\n\t<meta property=\"og:image:width\" content=\"800\" \/>\n\t<meta property=\"og:image:height\" content=\"800\" \/>\n\t<meta property=\"og:image:type\" content=\"image\/webp\" \/>\n<meta name=\"twitter:card\" content=\"summary_large_image\" \/>\n<meta name=\"twitter:label1\" content=\"Tiempo de lectura\" \/>\n\t<meta name=\"twitter:data1\" content=\"1 minuto\" \/>\n<script type=\"application\/ld+json\" class=\"yoast-schema-graph\">{\"@context\":\"https:\/\/schema.org\",\"@graph\":[{\"@type\":\"WebPage\",\"@id\":\"https:\/\/www.csj-emballages.com\/es\/produit\/250-puas-planas-de-bambu-para-coctel-de-105-mm\/\",\"url\":\"https:\/\/www.csj-emballages.com\/es\/produit\/250-puas-planas-de-bambu-para-coctel-de-105-mm\/\",\"name\":\"Picos planos de bamb\u00fa para aperitivo 105 mm por 250\",\"isPartOf\":{\"@id\":\"https:\/\/www.csj-emballages.com\/es\/#website\"},\"primaryImageOfPage\":{\"@id\":\"https:\/\/www.csj-emballages.com\/es\/produit\/250-puas-planas-de-bambu-para-coctel-de-105-mm\/#primaryimage\"},\"image\":{\"@id\":\"https:\/\/www.csj-emballages.com\/es\/produit\/250-puas-planas-de-bambu-para-coctel-de-105-mm\/#primaryimage\"},\"thumbnailUrl\":\"https:\/\/www.csj-emballages.com\/wp-content\/uploads\/2024\/08\/Piques-bambou-plat.webp\",\"datePublished\":\"2024-08-30T00:18:15+00:00\",\"dateModified\":\"2026-05-01T00:13:50+00:00\",\"description\":\"Ya est\u00e1n disponibles nuestros picos de bamb\u00fa de 105 mm para c\u00f3cteles. \u00a1\u00dasalos para tus buffets, recepciones o simplemente con la familia!\",\"breadcrumb\":{\"@id\":\"https:\/\/www.csj-emballages.com\/es\/produit\/250-puas-planas-de-bambu-para-coctel-de-105-mm\/#breadcrumb\"},\"inLanguage\":\"es\",\"potentialAction\":[{\"@type\":\"ReadAction\",\"target\":[\"https:\/\/www.csj-emballages.com\/es\/produit\/250-puas-planas-de-bambu-para-coctel-de-105-mm\/\"]}]},{\"@type\":\"ImageObject\",\"inLanguage\":\"es\",\"@id\":\"https:\/\/www.csj-emballages.com\/es\/produit\/250-puas-planas-de-bambu-para-coctel-de-105-mm\/#primaryimage\",\"url\":\"https:\/\/www.csj-emballages.com\/wp-content\/uploads\/2024\/08\/Piques-bambou-plat.webp\",\"contentUrl\":\"https:\/\/www.csj-emballages.com\/wp-content\/uploads\/2024\/08\/Piques-bambou-plat.webp\",\"width\":800,\"height\":800,\"caption\":\"Piques ap\u00e9ritifs bambou\"},{\"@type\":\"BreadcrumbList\",\"@id\":\"https:\/\/www.csj-emballages.com\/es\/produit\/250-puas-planas-de-bambu-para-coctel-de-105-mm\/#breadcrumb\",\"itemListElement\":[{\"@type\":\"ListItem\",\"position\":1,\"name\":\"Accueil\",\"item\":\"https:\/\/www.csj-emballages.com\/es\/universo-del-envasado-alimentario\/\"},{\"@type\":\"ListItem\",\"position\":2,\"name\":\"Tienda\",\"item\":\"https:\/\/www.csj-emballages.com\/tienda\/\"},{\"@type\":\"ListItem\",\"position\":3,\"name\":\"250 p\u00faas planas de bamb\u00fa para c\u00f3ctel de 105 mm\"}]},{\"@type\":\"WebSite\",\"@id\":\"https:\/\/www.csj-emballages.com\/es\/#website\",\"url\":\"https:\/\/www.csj-emballages.com\/es\/\",\"name\":\"CSJ Emballages\",\"description\":\"\",\"publisher\":{\"@id\":\"https:\/\/www.csj-emballages.com\/es\/#organization\"},\"potentialAction\":[{\"@type\":\"SearchAction\",\"target\":{\"@type\":\"EntryPoint\",\"urlTemplate\":\"https:\/\/www.csj-emballages.com\/es\/?s={search_term_string}\"},\"query-input\":{\"@type\":\"PropertyValueSpecification\",\"valueRequired\":true,\"valueName\":\"search_term_string\"}}],\"inLanguage\":\"es\"},{\"@type\":\"Organization\",\"@id\":\"https:\/\/www.csj-emballages.com\/es\/#Organization\/\",\"name\":\"CSJ Emballages\",\"url\":\"https:\/\/www.csj-emballages.com\/es\/\",\"logo\":{\"@type\":\"ImageObject\",\"inLanguage\":\"es\",\"@id\":\"https:\/\/www.csj-emballages.com\/es\/#\/schema\/logo\/image\/\",\"url\":\"https:\/\/www.csj-emballages.com\/wp-content\/uploads\/2023\/10\/logo_csj.webp\",\"contentUrl\":\"https:\/\/www.csj-emballages.com\/wp-content\/uploads\/2023\/10\/logo_csj.webp\",\"width\":250,\"height\":95,\"caption\":\"CSJ Emballages\"},\"image\":{\"@id\":\"https:\/\/www.csj-emballages.com\/es\/#\/schema\/logo\/image\/\"},\"sameAs\":[\"https:\/\/www.facebook.com\/csjemballages\"],\"address\":{\"@type\":\"PostalAddress\",\"streetAddress\":\"ZI La Lechere\",\"addressLocality\":\"Patornay\",\"postalCode\":\"39130\",\"addressCountry\":\"FR\"},\"contactPoint\":[{\"@type\":\"ContactPoint\",\"contactType\":\"Service client\",\"telephone\":\"0384254272\",\"email\":\"contact@csj-emballages.com\"}]}]}<\/script>\n<!-- \/ Yoast SEO Premium plugin. -->","yoast_head_json":{"title":"Picos planos de bamb\u00fa para aperitivo 105 mm por 250","description":"Ya est\u00e1n disponibles nuestros picos de bamb\u00fa de 105 mm para c\u00f3cteles. \u00a1\u00dasalos para tus buffets, recepciones o simplemente con la familia!","robots":{"index":"index","follow":"follow","max-snippet":"max-snippet:-1","max-image-preview":"max-image-preview:large","max-video-preview":"max-video-preview:-1"},"canonical":"https:\/\/www.csj-emballages.com\/es\/produit\/250-puas-planas-de-bambu-para-coctel-de-105-mm\/","og_locale":"es_ES","og_type":"article","og_title":"250 p\u00faas planas de bamb\u00fa para c\u00f3ctel de 105 mm","og_description":"Ya est\u00e1n disponibles nuestros picos de bamb\u00fa de 105 mm para c\u00f3cteles. \u00a1\u00dasalos para tus buffets, recepciones o simplemente con la familia!","og_url":"https:\/\/www.csj-emballages.com\/es\/produit\/250-puas-planas-de-bambu-para-coctel-de-105-mm\/","og_site_name":"CSJ Emballages","article_publisher":"https:\/\/www.facebook.com\/csjemballages","article_modified_time":"2026-05-01T00:13:50+00:00","og_image":[{"width":800,"height":800,"url":"https:\/\/www.csj-emballages.com\/wp-content\/uploads\/2024\/08\/Piques-bambou-plat.webp","type":"image\/webp"}],"twitter_card":"summary_large_image","twitter_misc":{"Tiempo de lectura":"1 minuto"},"schema":{"@context":"https:\/\/schema.org","@graph":[{"@type":"WebPage","@id":"https:\/\/www.csj-emballages.com\/es\/produit\/250-puas-planas-de-bambu-para-coctel-de-105-mm\/","url":"https:\/\/www.csj-emballages.com\/es\/produit\/250-puas-planas-de-bambu-para-coctel-de-105-mm\/","name":"Picos planos de bamb\u00fa para aperitivo 105 mm por 250","isPartOf":{"@id":"https:\/\/www.csj-emballages.com\/es\/#website"},"primaryImageOfPage":{"@id":"https:\/\/www.csj-emballages.com\/es\/produit\/250-puas-planas-de-bambu-para-coctel-de-105-mm\/#primaryimage"},"image":{"@id":"https:\/\/www.csj-emballages.com\/es\/produit\/250-puas-planas-de-bambu-para-coctel-de-105-mm\/#primaryimage"},"thumbnailUrl":"https:\/\/www.csj-emballages.com\/wp-content\/uploads\/2024\/08\/Piques-bambou-plat.webp","datePublished":"2024-08-30T00:18:15+00:00","dateModified":"2026-05-01T00:13:50+00:00","description":"Ya est\u00e1n disponibles nuestros picos de bamb\u00fa de 105 mm para c\u00f3cteles. \u00a1\u00dasalos para tus buffets, recepciones o simplemente con la familia!","breadcrumb":{"@id":"https:\/\/www.csj-emballages.com\/es\/produit\/250-puas-planas-de-bambu-para-coctel-de-105-mm\/#breadcrumb"},"inLanguage":"es","potentialAction":[{"@type":"ReadAction","target":["https:\/\/www.csj-emballages.com\/es\/produit\/250-puas-planas-de-bambu-para-coctel-de-105-mm\/"]}]},{"@type":"ImageObject","inLanguage":"es","@id":"https:\/\/www.csj-emballages.com\/es\/produit\/250-puas-planas-de-bambu-para-coctel-de-105-mm\/#primaryimage","url":"https:\/\/www.csj-emballages.com\/wp-content\/uploads\/2024\/08\/Piques-bambou-plat.webp","contentUrl":"https:\/\/www.csj-emballages.com\/wp-content\/uploads\/2024\/08\/Piques-bambou-plat.webp","width":800,"height":800,"caption":"Piques ap\u00e9ritifs bambou"},{"@type":"BreadcrumbList","@id":"https:\/\/www.csj-emballages.com\/es\/produit\/250-puas-planas-de-bambu-para-coctel-de-105-mm\/#breadcrumb","itemListElement":[{"@type":"ListItem","position":1,"name":"Accueil","item":"https:\/\/www.csj-emballages.com\/es\/universo-del-envasado-alimentario\/"},{"@type":"ListItem","position":2,"name":"Tienda","item":"https:\/\/www.csj-emballages.com\/tienda\/"},{"@type":"ListItem","position":3,"name":"250 p\u00faas planas de bamb\u00fa para c\u00f3ctel de 105 mm"}]},{"@type":"WebSite","@id":"https:\/\/www.csj-emballages.com\/es\/#website","url":"https:\/\/www.csj-emballages.com\/es\/","name":"CSJ Emballages","description":"","publisher":{"@id":"https:\/\/www.csj-emballages.com\/es\/#organization"},"potentialAction":[{"@type":"SearchAction","target":{"@type":"EntryPoint","urlTemplate":"https:\/\/www.csj-emballages.com\/es\/?s={search_term_string}"},"query-input":{"@type":"PropertyValueSpecification","valueRequired":true,"valueName":"search_term_string"}}],"inLanguage":"es"},{"@type":"Organization","@id":"https:\/\/www.csj-emballages.com\/es\/#Organization\/","name":"CSJ Emballages","url":"https:\/\/www.csj-emballages.com\/es\/","logo":{"@type":"ImageObject","inLanguage":"es","@id":"https:\/\/www.csj-emballages.com\/es\/#\/schema\/logo\/image\/","url":"https:\/\/www.csj-emballages.com\/wp-content\/uploads\/2023\/10\/logo_csj.webp","contentUrl":"https:\/\/www.csj-emballages.com\/wp-content\/uploads\/2023\/10\/logo_csj.webp","width":250,"height":95,"caption":"CSJ Emballages"},"image":{"@id":"https:\/\/www.csj-emballages.com\/es\/#\/schema\/logo\/image\/"},"sameAs":["https:\/\/www.facebook.com\/csjemballages"],"address":{"@type":"PostalAddress","streetAddress":"ZI La Lechere","addressLocality":"Patornay","postalCode":"39130","addressCountry":"FR"},"contactPoint":[{"@type":"ContactPoint","contactType":"Service client","telephone":"0384254272","email":"contact@csj-emballages.com"}]}]}},"df_price":3.13,"df_sale_price":"","df_regular_price":3.13,"df_image_link":"https:\/\/www.csj-emballages.com\/wp-content\/uploads\/2024\/08\/Piques-bambou-plat-300x300.webp","tiered_pricing_type":"fixed","tiered_pricing_fixed_rules":[],"tiered_pricing_percentage_rules":[],"tiered_pricing_minimum":1,"tiered_pricing_roles_data":[],"_links":{"self":[{"href":"https:\/\/www.csj-emballages.com\/es\/wp-json\/wp\/v2\/product\/126112","targetHints":{"allow":["GET"]}}],"collection":[{"href":"https:\/\/www.csj-emballages.com\/es\/wp-json\/wp\/v2\/product"}],"about":[{"href":"https:\/\/www.csj-emballages.com\/es\/wp-json\/wp\/v2\/types\/product"}],"wp:featuredmedia":[{"embeddable":true,"href":"https:\/\/www.csj-emballages.com\/es\/wp-json\/wp\/v2\/media\/225251"}],"wp:attachment":[{"href":"https:\/\/www.csj-emballages.com\/es\/wp-json\/wp\/v2\/media?parent=126112"}],"wp:term":[{"taxonomy":"product_brand","embeddable":true,"href":"https:\/\/www.csj-emballages.com\/es\/wp-json\/wp\/v2\/product_brand?post=126112"},{"taxonomy":"product_cat","embeddable":true,"href":"https:\/\/www.csj-emballages.com\/es\/wp-json\/wp\/v2\/product_cat?post=126112"},{"taxonomy":"product_tag","embeddable":true,"href":"https:\/\/www.csj-emballages.com\/es\/wp-json\/wp\/v2\/product_tag?post=126112"}],"curies":[{"name":"wp","href":"https:\/\/api.w.org\/{rel}","templated":true}]}}