{"id":126099,"date":"2024-08-28T02:18:19","date_gmt":"2024-08-28T00:18:19","guid":{"rendered":"https:\/\/www.csj-emballages.com\/produit\/1-bolsa-con-motivos-navidenos-y-asas-de-cordon-26-13-x-32-cm-3\/"},"modified":"2026-03-12T16:09:37","modified_gmt":"2026-03-12T15:09:37","slug":"1-bolsa-con-motivos-navidenos-y-asas-de-cordon-26-13-x-32-cm-3","status":"publish","type":"product","link":"https:\/\/www.csj-emballages.com\/es\/produit\/1-bolsa-con-motivos-navidenos-y-asas-de-cordon-26-13-x-32-cm-3\/","title":{"rendered":"Bolsa de Navidad \u00abElf\u00bb con asas de cord\u00f3n 26 + 13 x 32 cm"},"content":{"rendered":"<h2 class=\"p1\">Bolsa de Navidad<\/h2>\n<hr>\n<h3>Descripci\u00f3n de nuestra bolsa de Navidad \u00abduende\u00bb con asas de cord\u00f3n 26 + 13 x 32 cm<\/h3>\n<p><!--more--><\/p>\n<p data-start=\"114\" data-end=\"508\">A\u00f1ade un toque de <strong data-start=\"137\" data-end=\"146\">magia<\/strong> a tus envoltorios de fin de a\u00f1o con esta <strong data-start=\"187\" data-end=\"214\">bolsa navide\u00f1a con motivo de duende<\/strong> en un bonito y festivo <strong data-start=\"235\" data-end=\"245\">color rojo<\/strong>. Especialmente dise\u00f1ada para exhibir sus productos, esta bolsa combina <strong data-start=\"327\" data-end=\"364\">est\u00e9tica, practicidad y robustez<\/strong>. Gracias a sus <strong data-start=\"378\" data-end=\"402\">asas con cord\u00f3n<\/strong>, es c\u00f3modo de llevar y causa una impresi\u00f3n inmediata y de alta calidad en el envoltorio de su regalo.<\/p>\n<p data-start=\"510\" data-end=\"818\">Sus dimensiones de <strong>26 + 13 x 32 cm<\/strong> la hacen ideal para envasar art\u00edculos peque\u00f1os y medianos como bombones, velas, accesorios y cajas gourmet. Ni demasiado grande ni demasiado peque\u00f1o, se adapta f\u00e1cilmente a sus necesidades, sin dejar de ofrecer una bonita presentaci\u00f3n. <\/p>\n<p data-start=\"820\" data-end=\"1138\">El <strong data-start=\"833\" data-end=\"848\">motivo del duende<\/strong> a\u00f1ade un toque c\u00e1lido y juguet\u00f3n que gustar\u00e1 tanto a ni\u00f1os como a adultos. Combinado con un fondo rojo brillante, transmite inmediatamente el esp\u00edritu festivo de la Navidad y llama la atenci\u00f3n a primera vista. Esta <strong>bolsa de regalo<\/strong> se convertir\u00e1 r\u00e1pidamente en un art\u00edculo imprescindible para sus ventas de fin de a\u00f1o.<\/p>\n<p data-start=\"1140\" data-end=\"1500\">Como minorista, ahorrar\u00e1 un tiempo precioso: no hace falta papel de regalo, esta <strong>bolsa de Navidad<\/strong> est\u00e1 lista para usar. En un solo gesto, sus clientes se ir\u00e1n con un envoltorio elegante y resistente, perfectamente acorde con el tema festivo. Tambi\u00e9n es una forma estupenda de realzar la imagen de su tienda y ofrecer a sus clientes una experiencia de compra a\u00fan m\u00e1s agradable.  <\/p>\n<p data-start=\"1502\" data-end=\"1673\">En resumen, esta <strong data-start=\"1516\" data-end=\"1538\">bolsa de regalo navide\u00f1a<\/strong> es una forma sencilla, r\u00e1pida y eficaz de exhibir sus productos al tiempo que sumerge a sus clientes en la magia de las fiestas.<\/p>\n<p><!--more--><\/p>\n<h4><strong>Ventajas :<\/strong><\/h4>\n<ul>\n<li><strong data-start=\"1902\" data-end=\"1919\">Dise\u00f1o festivo<\/strong> con motivo de duendecillo y color rojo vivo.<\/li>\n<li><strong data-start=\"1970\" data-end=\"1982\">Pr\u00e1ctico<\/strong> gracias a sus asas de cord\u00f3n resistentes y c\u00f3modas.<\/li>\n<li><strong data-start=\"2042\" data-end=\"2063\">Formato vers\u00e1til<\/strong>: ideal para peque\u00f1os regalos y cajas de regalo.<\/li>\n<li><strong data-start=\"2108\" data-end=\"2127\">Listo para usar<\/strong>: ahorra tiempo en comparaci\u00f3n con el papel de regalo.<\/li>\n<li><strong data-start=\"2177\" data-end=\"2202\">A\u00f1ade valor a sus productos<\/strong> y refuerza la imagen profesional de su tienda.<\/li>\n<\/ul>\n<p>&nbsp;<\/p>\n<p><!--more--><\/p>\n<h4>Informaci\u00f3n adicional :<\/h4>\n<ul>\n<li><strong>Embalaje<\/strong>: Por unidad<\/li>\n<li><strong>Dimensiones<\/strong>: 26 + 13 x 32 cm<\/li>\n<li><strong>Color<\/strong>: Rojo<\/li>\n<li><strong>Material<\/strong>: Papel<\/li>\n<\/ul>\n<p>&nbsp;<\/p>\n<p><!--more--><\/p>\n<p>Encuentre el tama\u00f1o m\u00e1s peque\u00f1o de esta bolsa de regalo aqu\u00ed: <span style=\"color: #d12727;\"><a style=\"color: #d12727;\" href=\"https:\/\/www.csj-emballages.com\/produit\/1-sacs-motif-noel-poignees-cordelieres-18-10-x-23-cm-2\/\">9314BM<\/a><\/span><\/p>\n<p>&nbsp;<\/p>\n<p><!--more--><\/p>\n<p><a href=\"https:\/\/www.csj-emballages.com\/es\/categorie-produit\/envasado-de-alimentos\/tienda-y-almacen\/bolsas-sobres\/bolsos-boutique\/\">\u00a1Consulta el resto de nuestra gama de bolsos boutique!<\/a><\/p>\n","protected":false},"excerpt":{"rendered":"<p>Bolsa de Navidad Descripci\u00f3n de nuestra bolsa de Navidad \u00abduende\u00bb con asas de cord\u00f3n 26 + 13 x 32 cm<\/p>\n","protected":false},"featured_media":91884,"template":"","meta":{"_acf_changed":false},"product_brand":[],"product_cat":[1150,1488,3873,1844,1270],"product_tag":[],"class_list":{"0":"post-126099","1":"product","2":"type-product","3":"status-publish","4":"has-post-thumbnail","6":"product_cat-envasado-de-alimentos","7":"product_cat-tienda-y-almacen","8":"product_cat-bolsas-sobres","9":"product_cat-bolsos-boutique","10":"product_cat-descuentos","12":"first","13":"instock","14":"sale","15":"taxable","16":"shipping-taxable","17":"purchasable","18":"product-type-simple"},"acf":[],"yoast_head":"<!-- This site is optimized with the Yoast SEO Premium plugin v26.6 (Yoast SEO v26.6) - https:\/\/yoast.com\/wordpress\/plugins\/seo\/ -->\n<title>Bolsa de Navidad &quot;Elfo&quot; Asas de cord\u00f3n 26 + 13 x 32 cm<\/title>\n<meta name=\"description\" content=\"Bolsa de Navidad roja con motivo de duende y asas de cord\u00f3n, 26+13x32 cm. Pr\u00e1ctica, resistente y festiva, es la forma perfecta de realzar tus envoltorios de regalo.\" \/>\n<meta name=\"robots\" content=\"index, follow, max-snippet:-1, max-image-preview:large, max-video-preview:-1\" \/>\n<link rel=\"canonical\" href=\"https:\/\/www.csj-emballages.com\/es\/produit\/1-bolsa-con-motivos-navidenos-y-asas-de-cordon-26-13-x-32-cm-3\/\" \/>\n<meta property=\"og:locale\" content=\"es_ES\" \/>\n<meta property=\"og:type\" content=\"article\" \/>\n<meta property=\"og:title\" content=\"Bolsa de Navidad &quot;Elf&quot; con asas de cord\u00f3n 26 + 13 x 32 cm\" \/>\n<meta property=\"og:description\" content=\"Bolsa de Navidad roja con motivo de duende y asas de cord\u00f3n, 26+13x32 cm. Pr\u00e1ctica, resistente y festiva, es la forma perfecta de realzar tus envoltorios de regalo.\" \/>\n<meta property=\"og:url\" content=\"https:\/\/www.csj-emballages.com\/es\/produit\/1-bolsa-con-motivos-navidenos-y-asas-de-cordon-26-13-x-32-cm-3\/\" \/>\n<meta property=\"og:site_name\" content=\"CSJ Emballages\" \/>\n<meta property=\"article:publisher\" content=\"https:\/\/www.facebook.com\/csjemballages\" \/>\n<meta property=\"article:modified_time\" content=\"2026-03-12T15:09:37+00:00\" \/>\n<meta property=\"og:image\" content=\"https:\/\/www.csj-emballages.com\/wp-content\/uploads\/2024\/08\/1f6542c1-ffa5-4f4d-8496-67bc87145bf5-removebg-preview-e1725267921386.png\" \/>\n\t<meta property=\"og:image:width\" content=\"500\" \/>\n\t<meta property=\"og:image:height\" content=\"500\" \/>\n\t<meta property=\"og:image:type\" content=\"image\/png\" \/>\n<meta name=\"twitter:card\" content=\"summary_large_image\" \/>\n<meta name=\"twitter:label1\" content=\"Tiempo de lectura\" \/>\n\t<meta name=\"twitter:data1\" content=\"2 minutos\" \/>\n<script type=\"application\/ld+json\" class=\"yoast-schema-graph\">{\"@context\":\"https:\/\/schema.org\",\"@graph\":[{\"@type\":\"WebPage\",\"@id\":\"https:\/\/www.csj-emballages.com\/es\/produit\/1-bolsa-con-motivos-navidenos-y-asas-de-cordon-26-13-x-32-cm-3\/\",\"url\":\"https:\/\/www.csj-emballages.com\/es\/produit\/1-bolsa-con-motivos-navidenos-y-asas-de-cordon-26-13-x-32-cm-3\/\",\"name\":\"Bolsa de Navidad \\\"Elfo\\\" Asas de cord\u00f3n 26 + 13 x 32 cm\",\"isPartOf\":{\"@id\":\"https:\/\/www.csj-emballages.com\/es\/#website\"},\"primaryImageOfPage\":{\"@id\":\"https:\/\/www.csj-emballages.com\/es\/produit\/1-bolsa-con-motivos-navidenos-y-asas-de-cordon-26-13-x-32-cm-3\/#primaryimage\"},\"image\":{\"@id\":\"https:\/\/www.csj-emballages.com\/es\/produit\/1-bolsa-con-motivos-navidenos-y-asas-de-cordon-26-13-x-32-cm-3\/#primaryimage\"},\"thumbnailUrl\":\"https:\/\/www.csj-emballages.com\/wp-content\/uploads\/2024\/08\/1f6542c1-ffa5-4f4d-8496-67bc87145bf5-removebg-preview-e1725267921386.png\",\"datePublished\":\"2024-08-28T00:18:19+00:00\",\"dateModified\":\"2026-03-12T15:09:37+00:00\",\"description\":\"Bolsa de Navidad roja con motivo de duende y asas de cord\u00f3n, 26+13x32 cm. Pr\u00e1ctica, resistente y festiva, es la forma perfecta de realzar tus envoltorios de regalo.\",\"breadcrumb\":{\"@id\":\"https:\/\/www.csj-emballages.com\/es\/produit\/1-bolsa-con-motivos-navidenos-y-asas-de-cordon-26-13-x-32-cm-3\/#breadcrumb\"},\"inLanguage\":\"es\",\"potentialAction\":[{\"@type\":\"ReadAction\",\"target\":[\"https:\/\/www.csj-emballages.com\/es\/produit\/1-bolsa-con-motivos-navidenos-y-asas-de-cordon-26-13-x-32-cm-3\/\"]}]},{\"@type\":\"ImageObject\",\"inLanguage\":\"es\",\"@id\":\"https:\/\/www.csj-emballages.com\/es\/produit\/1-bolsa-con-motivos-navidenos-y-asas-de-cordon-26-13-x-32-cm-3\/#primaryimage\",\"url\":\"https:\/\/www.csj-emballages.com\/wp-content\/uploads\/2024\/08\/1f6542c1-ffa5-4f4d-8496-67bc87145bf5-removebg-preview-e1725267921386.png\",\"contentUrl\":\"https:\/\/www.csj-emballages.com\/wp-content\/uploads\/2024\/08\/1f6542c1-ffa5-4f4d-8496-67bc87145bf5-removebg-preview-e1725267921386.png\",\"width\":500,\"height\":500,\"caption\":\"sacs motif Lutin 18+10x23 cm\"},{\"@type\":\"BreadcrumbList\",\"@id\":\"https:\/\/www.csj-emballages.com\/es\/produit\/1-bolsa-con-motivos-navidenos-y-asas-de-cordon-26-13-x-32-cm-3\/#breadcrumb\",\"itemListElement\":[{\"@type\":\"ListItem\",\"position\":1,\"name\":\"Accueil\",\"item\":\"https:\/\/www.csj-emballages.com\/es\/universo-del-envasado-alimentario\/\"},{\"@type\":\"ListItem\",\"position\":2,\"name\":\"Tienda\",\"item\":\"https:\/\/www.csj-emballages.com\/tienda\/\"},{\"@type\":\"ListItem\",\"position\":3,\"name\":\"Bolsa de Navidad \u00ab\u00a0Elf\u00a0\u00bb con asas de cord\u00f3n 26 + 13 x 32 cm\"}]},{\"@type\":\"WebSite\",\"@id\":\"https:\/\/www.csj-emballages.com\/es\/#website\",\"url\":\"https:\/\/www.csj-emballages.com\/es\/\",\"name\":\"CSJ Emballages\",\"description\":\"\",\"publisher\":{\"@id\":\"https:\/\/www.csj-emballages.com\/es\/#organization\"},\"potentialAction\":[{\"@type\":\"SearchAction\",\"target\":{\"@type\":\"EntryPoint\",\"urlTemplate\":\"https:\/\/www.csj-emballages.com\/es\/?s={search_term_string}\"},\"query-input\":{\"@type\":\"PropertyValueSpecification\",\"valueRequired\":true,\"valueName\":\"search_term_string\"}}],\"inLanguage\":\"es\"},{\"@type\":\"Organization\",\"@id\":\"https:\/\/www.csj-emballages.com\/es\/#Organization\/\",\"name\":\"CSJ Emballages\",\"url\":\"https:\/\/www.csj-emballages.com\/es\/\",\"logo\":{\"@type\":\"ImageObject\",\"inLanguage\":\"es\",\"@id\":\"https:\/\/www.csj-emballages.com\/es\/#\/schema\/logo\/image\/\",\"url\":\"https:\/\/www.csj-emballages.com\/wp-content\/uploads\/2023\/10\/logo_csj.webp\",\"contentUrl\":\"https:\/\/www.csj-emballages.com\/wp-content\/uploads\/2023\/10\/logo_csj.webp\",\"width\":250,\"height\":95,\"caption\":\"CSJ Emballages\"},\"image\":{\"@id\":\"https:\/\/www.csj-emballages.com\/es\/#\/schema\/logo\/image\/\"},\"sameAs\":[\"https:\/\/www.facebook.com\/csjemballages\"],\"address\":{\"@type\":\"PostalAddress\",\"streetAddress\":\"ZI La Lechere\",\"addressLocality\":\"Patornay\",\"postalCode\":\"39130\",\"addressCountry\":\"FR\"},\"contactPoint\":[{\"@type\":\"ContactPoint\",\"contactType\":\"Service client\",\"telephone\":\"0384254272\",\"email\":\"contact@csj-emballages.com\"}]}]}<\/script>\n<!-- \/ Yoast SEO Premium plugin. -->","yoast_head_json":{"title":"Bolsa de Navidad \"Elfo\" Asas de cord\u00f3n 26 + 13 x 32 cm","description":"Bolsa de Navidad roja con motivo de duende y asas de cord\u00f3n, 26+13x32 cm. Pr\u00e1ctica, resistente y festiva, es la forma perfecta de realzar tus envoltorios de regalo.","robots":{"index":"index","follow":"follow","max-snippet":"max-snippet:-1","max-image-preview":"max-image-preview:large","max-video-preview":"max-video-preview:-1"},"canonical":"https:\/\/www.csj-emballages.com\/es\/produit\/1-bolsa-con-motivos-navidenos-y-asas-de-cordon-26-13-x-32-cm-3\/","og_locale":"es_ES","og_type":"article","og_title":"Bolsa de Navidad \"Elf\" con asas de cord\u00f3n 26 + 13 x 32 cm","og_description":"Bolsa de Navidad roja con motivo de duende y asas de cord\u00f3n, 26+13x32 cm. Pr\u00e1ctica, resistente y festiva, es la forma perfecta de realzar tus envoltorios de regalo.","og_url":"https:\/\/www.csj-emballages.com\/es\/produit\/1-bolsa-con-motivos-navidenos-y-asas-de-cordon-26-13-x-32-cm-3\/","og_site_name":"CSJ Emballages","article_publisher":"https:\/\/www.facebook.com\/csjemballages","article_modified_time":"2026-03-12T15:09:37+00:00","og_image":[{"width":500,"height":500,"url":"https:\/\/www.csj-emballages.com\/wp-content\/uploads\/2024\/08\/1f6542c1-ffa5-4f4d-8496-67bc87145bf5-removebg-preview-e1725267921386.png","type":"image\/png"}],"twitter_card":"summary_large_image","twitter_misc":{"Tiempo de lectura":"2 minutos"},"schema":{"@context":"https:\/\/schema.org","@graph":[{"@type":"WebPage","@id":"https:\/\/www.csj-emballages.com\/es\/produit\/1-bolsa-con-motivos-navidenos-y-asas-de-cordon-26-13-x-32-cm-3\/","url":"https:\/\/www.csj-emballages.com\/es\/produit\/1-bolsa-con-motivos-navidenos-y-asas-de-cordon-26-13-x-32-cm-3\/","name":"Bolsa de Navidad \"Elfo\" Asas de cord\u00f3n 26 + 13 x 32 cm","isPartOf":{"@id":"https:\/\/www.csj-emballages.com\/es\/#website"},"primaryImageOfPage":{"@id":"https:\/\/www.csj-emballages.com\/es\/produit\/1-bolsa-con-motivos-navidenos-y-asas-de-cordon-26-13-x-32-cm-3\/#primaryimage"},"image":{"@id":"https:\/\/www.csj-emballages.com\/es\/produit\/1-bolsa-con-motivos-navidenos-y-asas-de-cordon-26-13-x-32-cm-3\/#primaryimage"},"thumbnailUrl":"https:\/\/www.csj-emballages.com\/wp-content\/uploads\/2024\/08\/1f6542c1-ffa5-4f4d-8496-67bc87145bf5-removebg-preview-e1725267921386.png","datePublished":"2024-08-28T00:18:19+00:00","dateModified":"2026-03-12T15:09:37+00:00","description":"Bolsa de Navidad roja con motivo de duende y asas de cord\u00f3n, 26+13x32 cm. Pr\u00e1ctica, resistente y festiva, es la forma perfecta de realzar tus envoltorios de regalo.","breadcrumb":{"@id":"https:\/\/www.csj-emballages.com\/es\/produit\/1-bolsa-con-motivos-navidenos-y-asas-de-cordon-26-13-x-32-cm-3\/#breadcrumb"},"inLanguage":"es","potentialAction":[{"@type":"ReadAction","target":["https:\/\/www.csj-emballages.com\/es\/produit\/1-bolsa-con-motivos-navidenos-y-asas-de-cordon-26-13-x-32-cm-3\/"]}]},{"@type":"ImageObject","inLanguage":"es","@id":"https:\/\/www.csj-emballages.com\/es\/produit\/1-bolsa-con-motivos-navidenos-y-asas-de-cordon-26-13-x-32-cm-3\/#primaryimage","url":"https:\/\/www.csj-emballages.com\/wp-content\/uploads\/2024\/08\/1f6542c1-ffa5-4f4d-8496-67bc87145bf5-removebg-preview-e1725267921386.png","contentUrl":"https:\/\/www.csj-emballages.com\/wp-content\/uploads\/2024\/08\/1f6542c1-ffa5-4f4d-8496-67bc87145bf5-removebg-preview-e1725267921386.png","width":500,"height":500,"caption":"sacs motif Lutin 18+10x23 cm"},{"@type":"BreadcrumbList","@id":"https:\/\/www.csj-emballages.com\/es\/produit\/1-bolsa-con-motivos-navidenos-y-asas-de-cordon-26-13-x-32-cm-3\/#breadcrumb","itemListElement":[{"@type":"ListItem","position":1,"name":"Accueil","item":"https:\/\/www.csj-emballages.com\/es\/universo-del-envasado-alimentario\/"},{"@type":"ListItem","position":2,"name":"Tienda","item":"https:\/\/www.csj-emballages.com\/tienda\/"},{"@type":"ListItem","position":3,"name":"Bolsa de Navidad \u00ab\u00a0Elf\u00a0\u00bb con asas de cord\u00f3n 26 + 13 x 32 cm"}]},{"@type":"WebSite","@id":"https:\/\/www.csj-emballages.com\/es\/#website","url":"https:\/\/www.csj-emballages.com\/es\/","name":"CSJ Emballages","description":"","publisher":{"@id":"https:\/\/www.csj-emballages.com\/es\/#organization"},"potentialAction":[{"@type":"SearchAction","target":{"@type":"EntryPoint","urlTemplate":"https:\/\/www.csj-emballages.com\/es\/?s={search_term_string}"},"query-input":{"@type":"PropertyValueSpecification","valueRequired":true,"valueName":"search_term_string"}}],"inLanguage":"es"},{"@type":"Organization","@id":"https:\/\/www.csj-emballages.com\/es\/#Organization\/","name":"CSJ Emballages","url":"https:\/\/www.csj-emballages.com\/es\/","logo":{"@type":"ImageObject","inLanguage":"es","@id":"https:\/\/www.csj-emballages.com\/es\/#\/schema\/logo\/image\/","url":"https:\/\/www.csj-emballages.com\/wp-content\/uploads\/2023\/10\/logo_csj.webp","contentUrl":"https:\/\/www.csj-emballages.com\/wp-content\/uploads\/2023\/10\/logo_csj.webp","width":250,"height":95,"caption":"CSJ Emballages"},"image":{"@id":"https:\/\/www.csj-emballages.com\/es\/#\/schema\/logo\/image\/"},"sameAs":["https:\/\/www.facebook.com\/csjemballages"],"address":{"@type":"PostalAddress","streetAddress":"ZI La Lechere","addressLocality":"Patornay","postalCode":"39130","addressCountry":"FR"},"contactPoint":[{"@type":"ContactPoint","contactType":"Service client","telephone":"0384254272","email":"contact@csj-emballages.com"}]}]}},"df_price":1.18,"df_sale_price":1.18,"df_regular_price":1.46,"df_image_link":"https:\/\/www.csj-emballages.com\/wp-content\/uploads\/2024\/08\/1f6542c1-ffa5-4f4d-8496-67bc87145bf5-removebg-preview-300x300.png","tiered_pricing_type":"fixed","tiered_pricing_fixed_rules":[],"tiered_pricing_percentage_rules":[],"tiered_pricing_minimum":1,"tiered_pricing_roles_data":[],"_links":{"self":[{"href":"https:\/\/www.csj-emballages.com\/es\/wp-json\/wp\/v2\/product\/126099","targetHints":{"allow":["GET"]}}],"collection":[{"href":"https:\/\/www.csj-emballages.com\/es\/wp-json\/wp\/v2\/product"}],"about":[{"href":"https:\/\/www.csj-emballages.com\/es\/wp-json\/wp\/v2\/types\/product"}],"wp:featuredmedia":[{"embeddable":true,"href":"https:\/\/www.csj-emballages.com\/es\/wp-json\/wp\/v2\/media\/91884"}],"wp:attachment":[{"href":"https:\/\/www.csj-emballages.com\/es\/wp-json\/wp\/v2\/media?parent=126099"}],"wp:term":[{"taxonomy":"product_brand","embeddable":true,"href":"https:\/\/www.csj-emballages.com\/es\/wp-json\/wp\/v2\/product_brand?post=126099"},{"taxonomy":"product_cat","embeddable":true,"href":"https:\/\/www.csj-emballages.com\/es\/wp-json\/wp\/v2\/product_cat?post=126099"},{"taxonomy":"product_tag","embeddable":true,"href":"https:\/\/www.csj-emballages.com\/es\/wp-json\/wp\/v2\/product_tag?post=126099"}],"curies":[{"name":"wp","href":"https:\/\/api.w.org\/{rel}","templated":true}]}}