{"id":126080,"date":"2024-08-27T02:18:19","date_gmt":"2024-08-27T00:18:19","guid":{"rendered":"https:\/\/www.csj-emballages.com\/produit\/alicates-bolduc\/"},"modified":"2026-03-12T16:32:30","modified_gmt":"2026-03-12T15:32:30","slug":"alicates-bolduc","status":"publish","type":"product","link":"https:\/\/www.csj-emballages.com\/es\/produit\/alicates-bolduc\/","title":{"rendered":"Alicates Bolduc"},"content":{"rendered":"<h2><strong style=\"font-family: Roboto, sans-serif;\">Alicates Bolduc<\/strong><\/h2>\n<div style=\"box-sizing: inherit; font-family: Roboto, sans-serif;\">\n<div style=\"box-sizing: inherit; font-family: Roboto, sans-serif;\">\n<div style=\"box-sizing: inherit; font-family: Roboto, sans-serif;\">\n<div style=\"text-align: center;\">\n<div style=\"box-sizing: inherit; font-family: Roboto, sans-serif;\">\n<div style=\"box-sizing: inherit; font-family: Roboto, sans-serif;\">\n<div style=\"box-sizing: inherit; font-family: Roboto, sans-serif;\">\n<div style=\"box-sizing: inherit; font-family: Roboto, sans-serif;\">\n<div style=\"box-sizing: inherit; font-family: Roboto, sans-serif;\">\n<div style=\"box-sizing: inherit; font-family: Roboto, sans-serif; text-align: left;\">\n<hr>\n<h3 style=\"text-align: left;\">Descripci\u00f3n de nuestros alicates c\u00f3nicos bolduc<\/h3>\n<p><!--more-->  Descubre nuestras <strong>pinzas bolduc<\/strong>, la herramienta esencial para personalizar con elegancia tus paquetes de regalo.<br \/>\nDise\u00f1ada para estrechar bolduc, crea efectos visuales impactantes.<br \/>\nSu dise\u00f1o ergon\u00f3mico hace que sea c\u00f3moda de sujetar, incluso durante largas sesiones de envoltorio.<br \/>\nFabricada en pl\u00e1stico resistente, es duradera y ligera a la vez.<br \/>\nGracias a su funci\u00f3n de corte integrada, puedes cortar f\u00e1cilmente el bolduc a la longitud deseada.<br \/>\nEn un abrir y cerrar de ojos, puedes convertir simples cintas en bonitos lazos.<br \/>\nEsta herramienta es perfecta para todos, tanto si eres un experto como un principiante.<br \/>\nEs f\u00e1cil de guardar y cabe perfectamente en un caj\u00f3n o en un escritorio.<br \/>\nSu excelente relaci\u00f3n calidad-precio la convierte en una herramienta imprescindible para los aficionados a la decoraci\u00f3n.<br \/>\n\u00dasalo para todos tus eventos, desde Navidad hasta cumplea\u00f1os.<br \/>\nAdem\u00e1s, este <strong>clip<\/strong> es ideal para personalizar regalos para amigos y familiares.<br \/>\nAd\u00f3ptalo y a\u00f1ade un toque de creatividad a tus bolducs.<br \/>\n\u00a1No esperes m\u00e1s para embellecer tus creaciones con estilo y sencillez!<br \/>\nPor \u00faltimo, su excelente relaci\u00f3n calidad-precio la convierte en una sabia elecci\u00f3n.<br \/>\nEs asequible para todos, sin comprometer la calidad.<br \/>\nAdopta nuestro clip para bolducs y convierte tus envases en una aut\u00e9ntica obra de arte, al tiempo que disfrutas de su practicidad y eficacia.                 &nbsp;<\/p>\n<\/div>\n<\/div>\n<\/div>\n<\/div>\n<\/div>\n<\/div>\n<\/div>\n<\/div>\n<\/div>\n<\/div>\n<p><!--more--><\/p>\n<p style=\"text-align: left;\"><strong>Las ventajas de nuestros alicates bolduc :<\/strong><\/p>\n<ul style=\"text-align: left;\">\n<li><strong>Torsi\u00f3n de precisi\u00f3n:<\/strong> retuerce el bolduc con precisi\u00f3n para crear bonitos rizos en un abrir y cerrar de ojos.<\/li>\n<li><strong>Funcionamiento intuitivo:<\/strong> Dise\u00f1ado para ser f\u00e1cil de usar, incluso para principiantes, garantizando resultados r\u00e1pidos y profesionales.<\/li>\n<li><strong>Versatilidad:<\/strong> Perfecto para todas las ocasiones, ya sea Navidad, cumplea\u00f1os u otros eventos especiales.<\/li>\n<li><strong>Durabilidad:<\/strong> Fabricado en pl\u00e1stico, es resistente e ideal para una amplia gama de proyectos de envasado.<\/li>\n<\/ul>\n<p>&nbsp;<\/p>\n<p style=\"text-align: left;\"><!--more--><\/p>\n<p><a href=\"https:\/\/www.csj-emballages.com\/categorie-produit\/emballages\/boulangerie-patisserie\/accessoires-et-equipements\/accessoires-decoratifs-boulangerie-patisserie\/bobine-bolduc-boulangerie-patisserie\/\"><a href=\"https:\/\/www.csj-emballages.com\/categorie-produit\/emballages\/boulangerie-patisserie\/accessoires-et-equipements\/accessoires-decoratifs-boulangerie-patisserie\/bobine-bolduc-boulangerie-patisserie\/\">Ver el resto de nuestra gama de carretes bolduc <\/a> <\/a><\/p>\n","protected":false},"excerpt":{"rendered":"<p>Alicates Bolduc Descripci\u00f3n de nuestros alicates c\u00f3nicos bolduc<\/p>\n","protected":false},"featured_media":225382,"template":"","meta":{"_acf_changed":false},"product_brand":[],"product_cat":[1150,1145,3870,1791,11540],"product_tag":[],"class_list":{"0":"post-126080","1":"product","2":"type-product","3":"status-publish","4":"has-post-thumbnail","6":"product_cat-envasado-de-alimentos","7":"product_cat-panaderia-y-pasteleria","8":"product_cat-accesorios-y-equipamiento","9":"product_cat-accesorios-decorativos","10":"product_cat-accesorios","12":"first","13":"instock","14":"taxable","15":"shipping-taxable","16":"purchasable","17":"product-type-simple"},"acf":[],"yoast_head":"<!-- This site is optimized with the Yoast SEO Premium plugin v26.6 (Yoast SEO v26.6) - https:\/\/yoast.com\/wordpress\/plugins\/seo\/ -->\n<title>Pinza Bolduc \/ CSJ Emballages<\/title>\n<meta name=\"description\" content=\"Descubre nuestros alicates para bolduc, ideales para estrechar bolduc f\u00e1cilmente. F\u00e1ciles de usar, duraderas y con una excelente relaci\u00f3n calidad-precio.\" \/>\n<meta name=\"robots\" content=\"index, follow, max-snippet:-1, max-image-preview:large, max-video-preview:-1\" \/>\n<link rel=\"canonical\" href=\"https:\/\/www.csj-emballages.com\/es\/produit\/alicates-bolduc\/\" \/>\n<meta property=\"og:locale\" content=\"es_ES\" \/>\n<meta property=\"og:type\" content=\"article\" \/>\n<meta property=\"og:title\" content=\"Alicates Bolduc\" \/>\n<meta property=\"og:description\" content=\"Descubre nuestros alicates para bolduc, ideales para estrechar bolduc f\u00e1cilmente. F\u00e1ciles de usar, duraderas y con una excelente relaci\u00f3n calidad-precio.\" \/>\n<meta property=\"og:url\" content=\"https:\/\/www.csj-emballages.com\/es\/produit\/alicates-bolduc\/\" \/>\n<meta property=\"og:site_name\" content=\"CSJ Emballages\" \/>\n<meta property=\"article:publisher\" content=\"https:\/\/www.facebook.com\/csjemballages\" \/>\n<meta property=\"article:modified_time\" content=\"2026-03-12T15:32:30+00:00\" \/>\n<meta property=\"og:image\" content=\"https:\/\/www.csj-emballages.com\/wp-content\/uploads\/2024\/08\/Design-sans-titre-1-jpg.webp\" \/>\n\t<meta property=\"og:image:width\" content=\"1080\" \/>\n\t<meta property=\"og:image:height\" content=\"1080\" \/>\n\t<meta property=\"og:image:type\" content=\"image\/jpeg\" \/>\n<meta name=\"twitter:card\" content=\"summary_large_image\" \/>\n<meta name=\"twitter:label1\" content=\"Tiempo de lectura\" \/>\n\t<meta name=\"twitter:data1\" content=\"2 minutos\" \/>\n<script type=\"application\/ld+json\" class=\"yoast-schema-graph\">{\"@context\":\"https:\/\/schema.org\",\"@graph\":[{\"@type\":\"WebPage\",\"@id\":\"https:\/\/www.csj-emballages.com\/es\/produit\/alicates-bolduc\/\",\"url\":\"https:\/\/www.csj-emballages.com\/es\/produit\/alicates-bolduc\/\",\"name\":\"Pinza Bolduc \/ CSJ Emballages\",\"isPartOf\":{\"@id\":\"https:\/\/www.csj-emballages.com\/es\/#website\"},\"primaryImageOfPage\":{\"@id\":\"https:\/\/www.csj-emballages.com\/es\/produit\/alicates-bolduc\/#primaryimage\"},\"image\":{\"@id\":\"https:\/\/www.csj-emballages.com\/es\/produit\/alicates-bolduc\/#primaryimage\"},\"thumbnailUrl\":\"https:\/\/www.csj-emballages.com\/wp-content\/uploads\/2024\/08\/Pince-a-friser.webp\",\"datePublished\":\"2024-08-27T00:18:19+00:00\",\"dateModified\":\"2026-03-12T15:32:30+00:00\",\"description\":\"Descubre nuestros alicates para bolduc, ideales para estrechar bolduc f\u00e1cilmente. F\u00e1ciles de usar, duraderas y con una excelente relaci\u00f3n calidad-precio.\",\"breadcrumb\":{\"@id\":\"https:\/\/www.csj-emballages.com\/es\/produit\/alicates-bolduc\/#breadcrumb\"},\"inLanguage\":\"es\",\"potentialAction\":[{\"@type\":\"ReadAction\",\"target\":[\"https:\/\/www.csj-emballages.com\/es\/produit\/alicates-bolduc\/\"]}]},{\"@type\":\"ImageObject\",\"inLanguage\":\"es\",\"@id\":\"https:\/\/www.csj-emballages.com\/es\/produit\/alicates-bolduc\/#primaryimage\",\"url\":\"https:\/\/www.csj-emballages.com\/wp-content\/uploads\/2024\/08\/Pince-a-friser.webp\",\"contentUrl\":\"https:\/\/www.csj-emballages.com\/wp-content\/uploads\/2024\/08\/Pince-a-friser.webp\",\"width\":800,\"height\":800,\"caption\":\"Pince \u00e0 bolduc\"},{\"@type\":\"BreadcrumbList\",\"@id\":\"https:\/\/www.csj-emballages.com\/es\/produit\/alicates-bolduc\/#breadcrumb\",\"itemListElement\":[{\"@type\":\"ListItem\",\"position\":1,\"name\":\"Accueil\",\"item\":\"https:\/\/www.csj-emballages.com\/es\/universo-del-envasado-alimentario\/\"},{\"@type\":\"ListItem\",\"position\":2,\"name\":\"Tienda\",\"item\":\"https:\/\/www.csj-emballages.com\/tienda\/\"},{\"@type\":\"ListItem\",\"position\":3,\"name\":\"Alicates Bolduc\"}]},{\"@type\":\"WebSite\",\"@id\":\"https:\/\/www.csj-emballages.com\/es\/#website\",\"url\":\"https:\/\/www.csj-emballages.com\/es\/\",\"name\":\"CSJ Emballages\",\"description\":\"\",\"publisher\":{\"@id\":\"https:\/\/www.csj-emballages.com\/es\/#organization\"},\"potentialAction\":[{\"@type\":\"SearchAction\",\"target\":{\"@type\":\"EntryPoint\",\"urlTemplate\":\"https:\/\/www.csj-emballages.com\/es\/?s={search_term_string}\"},\"query-input\":{\"@type\":\"PropertyValueSpecification\",\"valueRequired\":true,\"valueName\":\"search_term_string\"}}],\"inLanguage\":\"es\"},{\"@type\":\"Organization\",\"@id\":\"https:\/\/www.csj-emballages.com\/es\/#Organization\/\",\"name\":\"CSJ Emballages\",\"url\":\"https:\/\/www.csj-emballages.com\/es\/\",\"logo\":{\"@type\":\"ImageObject\",\"inLanguage\":\"es\",\"@id\":\"https:\/\/www.csj-emballages.com\/es\/#\/schema\/logo\/image\/\",\"url\":\"https:\/\/www.csj-emballages.com\/wp-content\/uploads\/2023\/10\/logo_csj.webp\",\"contentUrl\":\"https:\/\/www.csj-emballages.com\/wp-content\/uploads\/2023\/10\/logo_csj.webp\",\"width\":250,\"height\":95,\"caption\":\"CSJ Emballages\"},\"image\":{\"@id\":\"https:\/\/www.csj-emballages.com\/es\/#\/schema\/logo\/image\/\"},\"sameAs\":[\"https:\/\/www.facebook.com\/csjemballages\"],\"address\":{\"@type\":\"PostalAddress\",\"streetAddress\":\"ZI La Lechere\",\"addressLocality\":\"Patornay\",\"postalCode\":\"39130\",\"addressCountry\":\"FR\"},\"contactPoint\":[{\"@type\":\"ContactPoint\",\"contactType\":\"Service client\",\"telephone\":\"0384254272\",\"email\":\"contact@csj-emballages.com\"}]}]}<\/script>\n<!-- \/ Yoast SEO Premium plugin. -->","yoast_head_json":{"title":"Pinza Bolduc \/ CSJ Emballages","description":"Descubre nuestros alicates para bolduc, ideales para estrechar bolduc f\u00e1cilmente. F\u00e1ciles de usar, duraderas y con una excelente relaci\u00f3n calidad-precio.","robots":{"index":"index","follow":"follow","max-snippet":"max-snippet:-1","max-image-preview":"max-image-preview:large","max-video-preview":"max-video-preview:-1"},"canonical":"https:\/\/www.csj-emballages.com\/es\/produit\/alicates-bolduc\/","og_locale":"es_ES","og_type":"article","og_title":"Alicates Bolduc","og_description":"Descubre nuestros alicates para bolduc, ideales para estrechar bolduc f\u00e1cilmente. F\u00e1ciles de usar, duraderas y con una excelente relaci\u00f3n calidad-precio.","og_url":"https:\/\/www.csj-emballages.com\/es\/produit\/alicates-bolduc\/","og_site_name":"CSJ Emballages","article_publisher":"https:\/\/www.facebook.com\/csjemballages","article_modified_time":"2026-03-12T15:32:30+00:00","og_image":[{"width":1080,"height":1080,"url":"https:\/\/www.csj-emballages.com\/wp-content\/uploads\/2024\/08\/Design-sans-titre-1-jpg.webp","type":"image\/jpeg"}],"twitter_card":"summary_large_image","twitter_misc":{"Tiempo de lectura":"2 minutos"},"schema":{"@context":"https:\/\/schema.org","@graph":[{"@type":"WebPage","@id":"https:\/\/www.csj-emballages.com\/es\/produit\/alicates-bolduc\/","url":"https:\/\/www.csj-emballages.com\/es\/produit\/alicates-bolduc\/","name":"Pinza Bolduc \/ CSJ Emballages","isPartOf":{"@id":"https:\/\/www.csj-emballages.com\/es\/#website"},"primaryImageOfPage":{"@id":"https:\/\/www.csj-emballages.com\/es\/produit\/alicates-bolduc\/#primaryimage"},"image":{"@id":"https:\/\/www.csj-emballages.com\/es\/produit\/alicates-bolduc\/#primaryimage"},"thumbnailUrl":"https:\/\/www.csj-emballages.com\/wp-content\/uploads\/2024\/08\/Pince-a-friser.webp","datePublished":"2024-08-27T00:18:19+00:00","dateModified":"2026-03-12T15:32:30+00:00","description":"Descubre nuestros alicates para bolduc, ideales para estrechar bolduc f\u00e1cilmente. F\u00e1ciles de usar, duraderas y con una excelente relaci\u00f3n calidad-precio.","breadcrumb":{"@id":"https:\/\/www.csj-emballages.com\/es\/produit\/alicates-bolduc\/#breadcrumb"},"inLanguage":"es","potentialAction":[{"@type":"ReadAction","target":["https:\/\/www.csj-emballages.com\/es\/produit\/alicates-bolduc\/"]}]},{"@type":"ImageObject","inLanguage":"es","@id":"https:\/\/www.csj-emballages.com\/es\/produit\/alicates-bolduc\/#primaryimage","url":"https:\/\/www.csj-emballages.com\/wp-content\/uploads\/2024\/08\/Pince-a-friser.webp","contentUrl":"https:\/\/www.csj-emballages.com\/wp-content\/uploads\/2024\/08\/Pince-a-friser.webp","width":800,"height":800,"caption":"Pince \u00e0 bolduc"},{"@type":"BreadcrumbList","@id":"https:\/\/www.csj-emballages.com\/es\/produit\/alicates-bolduc\/#breadcrumb","itemListElement":[{"@type":"ListItem","position":1,"name":"Accueil","item":"https:\/\/www.csj-emballages.com\/es\/universo-del-envasado-alimentario\/"},{"@type":"ListItem","position":2,"name":"Tienda","item":"https:\/\/www.csj-emballages.com\/tienda\/"},{"@type":"ListItem","position":3,"name":"Alicates Bolduc"}]},{"@type":"WebSite","@id":"https:\/\/www.csj-emballages.com\/es\/#website","url":"https:\/\/www.csj-emballages.com\/es\/","name":"CSJ Emballages","description":"","publisher":{"@id":"https:\/\/www.csj-emballages.com\/es\/#organization"},"potentialAction":[{"@type":"SearchAction","target":{"@type":"EntryPoint","urlTemplate":"https:\/\/www.csj-emballages.com\/es\/?s={search_term_string}"},"query-input":{"@type":"PropertyValueSpecification","valueRequired":true,"valueName":"search_term_string"}}],"inLanguage":"es"},{"@type":"Organization","@id":"https:\/\/www.csj-emballages.com\/es\/#Organization\/","name":"CSJ Emballages","url":"https:\/\/www.csj-emballages.com\/es\/","logo":{"@type":"ImageObject","inLanguage":"es","@id":"https:\/\/www.csj-emballages.com\/es\/#\/schema\/logo\/image\/","url":"https:\/\/www.csj-emballages.com\/wp-content\/uploads\/2023\/10\/logo_csj.webp","contentUrl":"https:\/\/www.csj-emballages.com\/wp-content\/uploads\/2023\/10\/logo_csj.webp","width":250,"height":95,"caption":"CSJ Emballages"},"image":{"@id":"https:\/\/www.csj-emballages.com\/es\/#\/schema\/logo\/image\/"},"sameAs":["https:\/\/www.facebook.com\/csjemballages"],"address":{"@type":"PostalAddress","streetAddress":"ZI La Lechere","addressLocality":"Patornay","postalCode":"39130","addressCountry":"FR"},"contactPoint":[{"@type":"ContactPoint","contactType":"Service client","telephone":"0384254272","email":"contact@csj-emballages.com"}]}]}},"df_price":5.32,"df_sale_price":"","df_regular_price":5.32,"df_image_link":"https:\/\/www.csj-emballages.com\/wp-content\/uploads\/2024\/08\/Pince-a-friser-300x300.webp","tiered_pricing_type":"fixed","tiered_pricing_fixed_rules":[],"tiered_pricing_percentage_rules":[],"tiered_pricing_minimum":1,"tiered_pricing_roles_data":[],"_links":{"self":[{"href":"https:\/\/www.csj-emballages.com\/es\/wp-json\/wp\/v2\/product\/126080","targetHints":{"allow":["GET"]}}],"collection":[{"href":"https:\/\/www.csj-emballages.com\/es\/wp-json\/wp\/v2\/product"}],"about":[{"href":"https:\/\/www.csj-emballages.com\/es\/wp-json\/wp\/v2\/types\/product"}],"wp:featuredmedia":[{"embeddable":true,"href":"https:\/\/www.csj-emballages.com\/es\/wp-json\/wp\/v2\/media\/225382"}],"wp:attachment":[{"href":"https:\/\/www.csj-emballages.com\/es\/wp-json\/wp\/v2\/media?parent=126080"}],"wp:term":[{"taxonomy":"product_brand","embeddable":true,"href":"https:\/\/www.csj-emballages.com\/es\/wp-json\/wp\/v2\/product_brand?post=126080"},{"taxonomy":"product_cat","embeddable":true,"href":"https:\/\/www.csj-emballages.com\/es\/wp-json\/wp\/v2\/product_cat?post=126080"},{"taxonomy":"product_tag","embeddable":true,"href":"https:\/\/www.csj-emballages.com\/es\/wp-json\/wp\/v2\/product_tag?post=126080"}],"curies":[{"name":"wp","href":"https:\/\/api.w.org\/{rel}","templated":true}]}}