{"id":126072,"date":"2024-08-27T02:18:17","date_gmt":"2024-08-27T00:18:17","guid":{"rendered":"https:\/\/www.csj-emballages.com\/produit\/bola-de-rafia-kraft-100m-x-10mm\/"},"modified":"2026-03-17T02:15:21","modified_gmt":"2026-03-17T01:15:21","slug":"bola-de-rafia-kraft-100m-x-10mm","status":"publish","type":"product","link":"https:\/\/www.csj-emballages.com\/es\/produit\/bola-de-rafia-kraft-100m-x-10mm\/","title":{"rendered":"Bola de rafia kraft 100m x 10mm"},"content":{"rendered":"<h2 style=\"text-indent: 0px; box-sizing: inherit; font-family: Roboto, sans-serif;\">Ovillo de rafia<\/h2>\n<hr>\n<h3>Descubra nuestro ovillo de rafia kraft de 100 m x 10 mm<\/h3>\n<p><!--more--><\/p>\n<p data-start=\"233\" data-end=\"591\">Cuando se busca cuidar los embalajes manteniendo un estilo sencillo y aut\u00e9ntico, la <strong data-start=\"326\" data-end=\"342\">rafia kraft<\/strong> es una elecci\u00f3n evidente. Con su <strong>aspecto natural<\/strong> y su tono <strong>bruto<\/strong>, este <strong>ovillo de rafia<\/strong> aporta inmediatamente un toque c\u00e1lido y sincero a sus paquetes, sin artificios. Se integra perfectamente en un enfoque sobrio, artesanal o eco-responsable.  <\/p>\n<p data-start=\"593\" data-end=\"957\">Gracias a sus <strong data-start=\"605\" data-end=\"631\">100 metros de longitud<\/strong> y su anchura de <strong data-start=\"649\" data-end=\"658\">10 mm<\/strong>, esta rafia ofrece una gran libertad de uso. Puede cerrar f\u00e1cilmente bolsas, rodear cajas, atar etiquetas o crear bonitos nudos decorativos. Se trabaja f\u00e1cilmente, no se desliza y mantiene una buena sujeci\u00f3n una vez anudada, lo cual es muy apreciable en el d\u00eda a d\u00eda.  <\/p>\n<p data-start=\"959\" data-end=\"1284\">Su acabado <strong>kraft<\/strong> se adapta a todos los universos: comercios de alimentaci\u00f3n, tiendas de regalos, mercados, eventos, fiestas de fin de a\u00f1o o creaciones hechas a mano. Realza los embalajes sin sobrecargarlos y refuerza la imagen <strong>natural<\/strong> de sus productos. Es el peque\u00f1o detalle que marca la diferencia sin dejar de ser discreto.  <\/p>\n<p data-start=\"1286\" data-end=\"1556\">Del mismo modo, su aspecto <strong>papel<\/strong> le da un tacto agradable y una buena resistencia. Puede utilizarla regularmente sin que pierda su encanto ni su solidez. Ya sea para un uso profesional o personal, este ovillo de rafia se convierte r\u00e1pidamente en un indispensable.  <\/p>\n<p data-start=\"1558\" data-end=\"1751\">En resumen, este <strong>ovillo<\/strong> de <strong>rafia kraft<\/strong> es una soluci\u00f3n sencilla, eficaz y est\u00e9tica para dar car\u00e1cter a sus embalajes y a sus creaciones, sin dejar de ser fiel a un estilo natural y atemporal.<\/p>\n<p data-start=\"1643\" data-end=\"1786\"><!--more--><\/p>\n<h4 data-start=\"1643\" data-end=\"1786\">Ventajas :<\/h4>\n<ul>\n<li data-start=\"1779\" data-end=\"1816\">Aspecto <strong>kraft natural<\/strong> y aut\u00e9ntico.<\/li>\n<li data-start=\"1819\" data-end=\"1860\">Longitud de <strong>100 m<\/strong> para un uso duradero.<\/li>\n<li data-start=\"1863\" data-end=\"1894\">F\u00e1cil de anudar y manipular.<\/li>\n<li data-start=\"1897\" data-end=\"1924\">Buena sujeci\u00f3n y resistencia.<\/li>\n<li data-start=\"1927\" data-end=\"1965\">Adaptado a los embalajes y decoraciones.<\/li>\n<\/ul>\n<p>&nbsp;<\/p>\n<p><!--more--><\/p>\n<h4 style=\"text-indent: 0px; box-sizing: inherit; font-family: Roboto, sans-serif;\">Informaci\u00f3n adicional :<\/h4>\n<ul>\n<li><strong>Embalaje<\/strong>: Por unidad<\/li>\n<li><strong>Ancho<\/strong>: 10 mm<\/li>\n<li><strong>Longitud<\/strong>: 100 m<\/li>\n<li><strong>Color<\/strong>: Kraft<\/li>\n<li><strong>Modelo<\/strong>: Rafia \u00abPapermat\u00bb<\/li>\n<li><strong>Material<\/strong>: PP<\/li>\n<\/ul>\n<h2 style=\"font-family: Roboto, sans-serif; box-sizing: inherit;\"><\/h2>\n<p><!--more--><\/p>\n<p>Este ovillo de rafia est\u00e1 disponible en diferentes colores: <span style=\"color: #d12727;\"><a style=\"color: #d12727;\" href=\"https:\/\/www.csj-emballages.com\/es\/produit\/bola-de-rafia-blanca-plateada-100m-x-10mm\/\">Blanco &#8211; Plata<\/a><\/span> \/ <span style=\"color: #d12727;\"><a style=\"color: #d12727;\" href=\"https:\/\/www.csj-emballages.com\/es\/produit\/rafia-maiz-amapola-bola-200m-x-10mm\/\">Ma\u00edz &#8211; Amapola<\/a><\/span> \/ <span style=\"color: #d12727;\"><a style=\"color: #d12727;\" href=\"https:\/\/www.csj-emballages.com\/es\/produit\/bola-de-rafia-naranja-chocolate-200m-x-125-mm\/\">Naranja &#8211; Chocolate<\/a><\/span> \/ <span style=\"color: #d12727;\"><a style=\"color: #d12727;\" href=\"https:\/\/www.csj-emballages.com\/es\/produit\/bola-de-rafia-roja-burdeos-200-m-x-125-mm\/\">Rojo &#8211; Burdeos<\/a><\/span><\/p>\n<p>&nbsp;<\/p>\n<p><!--more--><\/p>\n<p><a href=\"https:\/\/www.csj-emballages.com\/es\/categorie-produit\/envasado-de-alimentos\/panaderia-y-pasteleria\/accesorios-y-equipamiento\/accesorios-decorativos\/bolas-de-rafia\/\">Consulte el resto de nuestra gama de ovillos de rafia<\/a><\/p>\n","protected":false},"excerpt":{"rendered":"<p>Ovillo de rafia Descubra nuestro ovillo de rafia kraft de 100 m x 10 mm<\/p>\n","protected":false},"featured_media":259486,"template":"","meta":{"_acf_changed":false},"product_brand":[],"product_cat":[1150,1145,3870,1791,3079],"product_tag":[],"class_list":{"0":"post-126072","1":"product","2":"type-product","3":"status-publish","4":"has-post-thumbnail","6":"product_cat-envasado-de-alimentos","7":"product_cat-panaderia-y-pasteleria","8":"product_cat-accesorios-y-equipamiento","9":"product_cat-accesorios-decorativos","10":"product_cat-bolas-de-rafia","12":"first","13":"instock","14":"taxable","15":"shipping-taxable","16":"purchasable","17":"product-type-simple"},"acf":[],"yoast_head":"<!-- This site is optimized with the Yoast SEO Premium plugin v26.6 (Yoast SEO v26.6) - https:\/\/yoast.com\/wordpress\/plugins\/seo\/ -->\n<title>Ovillo de rafia kraft de 100 m x 10 mm<\/title>\n<meta name=\"description\" content=\"Ovillo de rafia kraft de 100 m x 10 mm, ideal para envoltorios de regalo, cierres de bolsas y decoraciones con un estilo natural y aut\u00e9ntico.\" \/>\n<meta name=\"robots\" content=\"index, follow, max-snippet:-1, max-image-preview:large, max-video-preview:-1\" \/>\n<link rel=\"canonical\" href=\"https:\/\/www.csj-emballages.com\/es\/produit\/bola-de-rafia-kraft-100m-x-10mm\/\" \/>\n<meta property=\"og:locale\" content=\"es_ES\" \/>\n<meta property=\"og:type\" content=\"article\" \/>\n<meta property=\"og:title\" content=\"Bola de rafia kraft 100m x 10mm\" \/>\n<meta property=\"og:description\" content=\"Ovillo de rafia kraft de 100 m x 10 mm, ideal para envoltorios de regalo, cierres de bolsas y decoraciones con un estilo natural y aut\u00e9ntico.\" \/>\n<meta property=\"og:url\" content=\"https:\/\/www.csj-emballages.com\/es\/produit\/bola-de-rafia-kraft-100m-x-10mm\/\" \/>\n<meta property=\"og:site_name\" content=\"CSJ Emballages\" \/>\n<meta property=\"article:publisher\" content=\"https:\/\/www.facebook.com\/csjemballages\" \/>\n<meta property=\"article:modified_time\" content=\"2026-03-17T01:15:21+00:00\" \/>\n<meta property=\"og:image\" content=\"https:\/\/www.csj-emballages.com\/wp-content\/uploads\/2024\/08\/PELORAF35.webp\" \/>\n\t<meta property=\"og:image:width\" content=\"800\" \/>\n\t<meta property=\"og:image:height\" content=\"800\" \/>\n\t<meta property=\"og:image:type\" content=\"image\/webp\" \/>\n<meta name=\"twitter:card\" content=\"summary_large_image\" \/>\n<meta name=\"twitter:label1\" content=\"Tiempo de lectura\" \/>\n\t<meta name=\"twitter:data1\" content=\"2 minutos\" \/>\n<script type=\"application\/ld+json\" class=\"yoast-schema-graph\">{\"@context\":\"https:\/\/schema.org\",\"@graph\":[{\"@type\":\"WebPage\",\"@id\":\"https:\/\/www.csj-emballages.com\/es\/produit\/bola-de-rafia-kraft-100m-x-10mm\/\",\"url\":\"https:\/\/www.csj-emballages.com\/es\/produit\/bola-de-rafia-kraft-100m-x-10mm\/\",\"name\":\"Ovillo de rafia kraft de 100 m x 10 mm\",\"isPartOf\":{\"@id\":\"https:\/\/www.csj-emballages.com\/es\/#website\"},\"primaryImageOfPage\":{\"@id\":\"https:\/\/www.csj-emballages.com\/es\/produit\/bola-de-rafia-kraft-100m-x-10mm\/#primaryimage\"},\"image\":{\"@id\":\"https:\/\/www.csj-emballages.com\/es\/produit\/bola-de-rafia-kraft-100m-x-10mm\/#primaryimage\"},\"thumbnailUrl\":\"https:\/\/www.csj-emballages.com\/wp-content\/uploads\/2024\/08\/PELORAF35.webp\",\"datePublished\":\"2024-08-27T00:18:17+00:00\",\"dateModified\":\"2026-03-17T01:15:21+00:00\",\"description\":\"Ovillo de rafia kraft de 100 m x 10 mm, ideal para envoltorios de regalo, cierres de bolsas y decoraciones con un estilo natural y aut\u00e9ntico.\",\"breadcrumb\":{\"@id\":\"https:\/\/www.csj-emballages.com\/es\/produit\/bola-de-rafia-kraft-100m-x-10mm\/#breadcrumb\"},\"inLanguage\":\"es\",\"potentialAction\":[{\"@type\":\"ReadAction\",\"target\":[\"https:\/\/www.csj-emballages.com\/es\/produit\/bola-de-rafia-kraft-100m-x-10mm\/\"]}]},{\"@type\":\"ImageObject\",\"inLanguage\":\"es\",\"@id\":\"https:\/\/www.csj-emballages.com\/es\/produit\/bola-de-rafia-kraft-100m-x-10mm\/#primaryimage\",\"url\":\"https:\/\/www.csj-emballages.com\/wp-content\/uploads\/2024\/08\/PELORAF35.webp\",\"contentUrl\":\"https:\/\/www.csj-emballages.com\/wp-content\/uploads\/2024\/08\/PELORAF35.webp\",\"width\":800,\"height\":800,\"caption\":\"Pelote raffia\"},{\"@type\":\"BreadcrumbList\",\"@id\":\"https:\/\/www.csj-emballages.com\/es\/produit\/bola-de-rafia-kraft-100m-x-10mm\/#breadcrumb\",\"itemListElement\":[{\"@type\":\"ListItem\",\"position\":1,\"name\":\"Accueil\",\"item\":\"https:\/\/www.csj-emballages.com\/es\/universo-del-envasado-alimentario\/\"},{\"@type\":\"ListItem\",\"position\":2,\"name\":\"Tienda\",\"item\":\"https:\/\/www.csj-emballages.com\/tienda\/\"},{\"@type\":\"ListItem\",\"position\":3,\"name\":\"Bola de rafia kraft 100m x 10mm\"}]},{\"@type\":\"WebSite\",\"@id\":\"https:\/\/www.csj-emballages.com\/es\/#website\",\"url\":\"https:\/\/www.csj-emballages.com\/es\/\",\"name\":\"CSJ Emballages\",\"description\":\"\",\"publisher\":{\"@id\":\"https:\/\/www.csj-emballages.com\/es\/#organization\"},\"potentialAction\":[{\"@type\":\"SearchAction\",\"target\":{\"@type\":\"EntryPoint\",\"urlTemplate\":\"https:\/\/www.csj-emballages.com\/es\/?s={search_term_string}\"},\"query-input\":{\"@type\":\"PropertyValueSpecification\",\"valueRequired\":true,\"valueName\":\"search_term_string\"}}],\"inLanguage\":\"es\"},{\"@type\":\"Organization\",\"@id\":\"https:\/\/www.csj-emballages.com\/es\/#Organization\/\",\"name\":\"CSJ Emballages\",\"url\":\"https:\/\/www.csj-emballages.com\/es\/\",\"logo\":{\"@type\":\"ImageObject\",\"inLanguage\":\"es\",\"@id\":\"https:\/\/www.csj-emballages.com\/es\/#\/schema\/logo\/image\/\",\"url\":\"https:\/\/www.csj-emballages.com\/wp-content\/uploads\/2023\/10\/logo_csj.webp\",\"contentUrl\":\"https:\/\/www.csj-emballages.com\/wp-content\/uploads\/2023\/10\/logo_csj.webp\",\"width\":250,\"height\":95,\"caption\":\"CSJ Emballages\"},\"image\":{\"@id\":\"https:\/\/www.csj-emballages.com\/es\/#\/schema\/logo\/image\/\"},\"sameAs\":[\"https:\/\/www.facebook.com\/csjemballages\"],\"address\":{\"@type\":\"PostalAddress\",\"streetAddress\":\"ZI La Lechere\",\"addressLocality\":\"Patornay\",\"postalCode\":\"39130\",\"addressCountry\":\"FR\"},\"contactPoint\":[{\"@type\":\"ContactPoint\",\"contactType\":\"Service client\",\"telephone\":\"0384254272\",\"email\":\"contact@csj-emballages.com\"}]}]}<\/script>\n<!-- \/ Yoast SEO Premium plugin. -->","yoast_head_json":{"title":"Ovillo de rafia kraft de 100 m x 10 mm","description":"Ovillo de rafia kraft de 100 m x 10 mm, ideal para envoltorios de regalo, cierres de bolsas y decoraciones con un estilo natural y aut\u00e9ntico.","robots":{"index":"index","follow":"follow","max-snippet":"max-snippet:-1","max-image-preview":"max-image-preview:large","max-video-preview":"max-video-preview:-1"},"canonical":"https:\/\/www.csj-emballages.com\/es\/produit\/bola-de-rafia-kraft-100m-x-10mm\/","og_locale":"es_ES","og_type":"article","og_title":"Bola de rafia kraft 100m x 10mm","og_description":"Ovillo de rafia kraft de 100 m x 10 mm, ideal para envoltorios de regalo, cierres de bolsas y decoraciones con un estilo natural y aut\u00e9ntico.","og_url":"https:\/\/www.csj-emballages.com\/es\/produit\/bola-de-rafia-kraft-100m-x-10mm\/","og_site_name":"CSJ Emballages","article_publisher":"https:\/\/www.facebook.com\/csjemballages","article_modified_time":"2026-03-17T01:15:21+00:00","og_image":[{"width":800,"height":800,"url":"https:\/\/www.csj-emballages.com\/wp-content\/uploads\/2024\/08\/PELORAF35.webp","type":"image\/webp"}],"twitter_card":"summary_large_image","twitter_misc":{"Tiempo de lectura":"2 minutos"},"schema":{"@context":"https:\/\/schema.org","@graph":[{"@type":"WebPage","@id":"https:\/\/www.csj-emballages.com\/es\/produit\/bola-de-rafia-kraft-100m-x-10mm\/","url":"https:\/\/www.csj-emballages.com\/es\/produit\/bola-de-rafia-kraft-100m-x-10mm\/","name":"Ovillo de rafia kraft de 100 m x 10 mm","isPartOf":{"@id":"https:\/\/www.csj-emballages.com\/es\/#website"},"primaryImageOfPage":{"@id":"https:\/\/www.csj-emballages.com\/es\/produit\/bola-de-rafia-kraft-100m-x-10mm\/#primaryimage"},"image":{"@id":"https:\/\/www.csj-emballages.com\/es\/produit\/bola-de-rafia-kraft-100m-x-10mm\/#primaryimage"},"thumbnailUrl":"https:\/\/www.csj-emballages.com\/wp-content\/uploads\/2024\/08\/PELORAF35.webp","datePublished":"2024-08-27T00:18:17+00:00","dateModified":"2026-03-17T01:15:21+00:00","description":"Ovillo de rafia kraft de 100 m x 10 mm, ideal para envoltorios de regalo, cierres de bolsas y decoraciones con un estilo natural y aut\u00e9ntico.","breadcrumb":{"@id":"https:\/\/www.csj-emballages.com\/es\/produit\/bola-de-rafia-kraft-100m-x-10mm\/#breadcrumb"},"inLanguage":"es","potentialAction":[{"@type":"ReadAction","target":["https:\/\/www.csj-emballages.com\/es\/produit\/bola-de-rafia-kraft-100m-x-10mm\/"]}]},{"@type":"ImageObject","inLanguage":"es","@id":"https:\/\/www.csj-emballages.com\/es\/produit\/bola-de-rafia-kraft-100m-x-10mm\/#primaryimage","url":"https:\/\/www.csj-emballages.com\/wp-content\/uploads\/2024\/08\/PELORAF35.webp","contentUrl":"https:\/\/www.csj-emballages.com\/wp-content\/uploads\/2024\/08\/PELORAF35.webp","width":800,"height":800,"caption":"Pelote raffia"},{"@type":"BreadcrumbList","@id":"https:\/\/www.csj-emballages.com\/es\/produit\/bola-de-rafia-kraft-100m-x-10mm\/#breadcrumb","itemListElement":[{"@type":"ListItem","position":1,"name":"Accueil","item":"https:\/\/www.csj-emballages.com\/es\/universo-del-envasado-alimentario\/"},{"@type":"ListItem","position":2,"name":"Tienda","item":"https:\/\/www.csj-emballages.com\/tienda\/"},{"@type":"ListItem","position":3,"name":"Bola de rafia kraft 100m x 10mm"}]},{"@type":"WebSite","@id":"https:\/\/www.csj-emballages.com\/es\/#website","url":"https:\/\/www.csj-emballages.com\/es\/","name":"CSJ Emballages","description":"","publisher":{"@id":"https:\/\/www.csj-emballages.com\/es\/#organization"},"potentialAction":[{"@type":"SearchAction","target":{"@type":"EntryPoint","urlTemplate":"https:\/\/www.csj-emballages.com\/es\/?s={search_term_string}"},"query-input":{"@type":"PropertyValueSpecification","valueRequired":true,"valueName":"search_term_string"}}],"inLanguage":"es"},{"@type":"Organization","@id":"https:\/\/www.csj-emballages.com\/es\/#Organization\/","name":"CSJ Emballages","url":"https:\/\/www.csj-emballages.com\/es\/","logo":{"@type":"ImageObject","inLanguage":"es","@id":"https:\/\/www.csj-emballages.com\/es\/#\/schema\/logo\/image\/","url":"https:\/\/www.csj-emballages.com\/wp-content\/uploads\/2023\/10\/logo_csj.webp","contentUrl":"https:\/\/www.csj-emballages.com\/wp-content\/uploads\/2023\/10\/logo_csj.webp","width":250,"height":95,"caption":"CSJ Emballages"},"image":{"@id":"https:\/\/www.csj-emballages.com\/es\/#\/schema\/logo\/image\/"},"sameAs":["https:\/\/www.facebook.com\/csjemballages"],"address":{"@type":"PostalAddress","streetAddress":"ZI La Lechere","addressLocality":"Patornay","postalCode":"39130","addressCountry":"FR"},"contactPoint":[{"@type":"ContactPoint","contactType":"Service client","telephone":"0384254272","email":"contact@csj-emballages.com"}]}]}},"df_price":5.32,"df_sale_price":"","df_regular_price":5.32,"df_image_link":"https:\/\/www.csj-emballages.com\/wp-content\/uploads\/2024\/08\/PELORAF35-300x300.webp","tiered_pricing_type":"fixed","tiered_pricing_fixed_rules":[],"tiered_pricing_percentage_rules":[],"tiered_pricing_minimum":1,"tiered_pricing_roles_data":[],"_links":{"self":[{"href":"https:\/\/www.csj-emballages.com\/es\/wp-json\/wp\/v2\/product\/126072","targetHints":{"allow":["GET"]}}],"collection":[{"href":"https:\/\/www.csj-emballages.com\/es\/wp-json\/wp\/v2\/product"}],"about":[{"href":"https:\/\/www.csj-emballages.com\/es\/wp-json\/wp\/v2\/types\/product"}],"wp:featuredmedia":[{"embeddable":true,"href":"https:\/\/www.csj-emballages.com\/es\/wp-json\/wp\/v2\/media\/259486"}],"wp:attachment":[{"href":"https:\/\/www.csj-emballages.com\/es\/wp-json\/wp\/v2\/media?parent=126072"}],"wp:term":[{"taxonomy":"product_brand","embeddable":true,"href":"https:\/\/www.csj-emballages.com\/es\/wp-json\/wp\/v2\/product_brand?post=126072"},{"taxonomy":"product_cat","embeddable":true,"href":"https:\/\/www.csj-emballages.com\/es\/wp-json\/wp\/v2\/product_cat?post=126072"},{"taxonomy":"product_tag","embeddable":true,"href":"https:\/\/www.csj-emballages.com\/es\/wp-json\/wp\/v2\/product_tag?post=126072"}],"curies":[{"name":"wp","href":"https:\/\/api.w.org\/{rel}","templated":true}]}}