{"id":126064,"date":"2024-08-27T02:18:14","date_gmt":"2024-08-27T00:18:14","guid":{"rendered":"https:\/\/www.csj-emballages.com\/?post_type=product&#038;p=126064"},"modified":"2026-03-12T16:11:51","modified_gmt":"2026-03-12T15:11:51","slug":"25-cajas-de-carton-para-tartas-de-cacao-de-20-x-11-x-9-cm-2","status":"publish","type":"product","link":"https:\/\/www.csj-emballages.com\/es\/produit\/25-cajas-de-carton-para-tartas-de-cacao-de-20-x-11-x-9-cm-2\/","title":{"rendered":"Caja para magdalenas de cacao 20 x 11 x 9 cm, paquete de 25"},"content":{"rendered":"<h2>Caja para magdalenas<\/h2>\n<hr>\n<h3><span style=\"font-weight: bold;\">Descubra nuestra caja de cart\u00f3n para magdalenas de cacao 20 x 11 x 9 cm, paquete de 25<\/span><\/h3>\n<p><!--more--><\/p>\n<p data-start=\"141\" data-end=\"456\">Descubra la <strong data-start=\"154\" data-end=\"206\">caja para magdalenas de cart\u00f3n cacao 20 x 11 x 9 cm por 25<\/strong>, una soluci\u00f3n de embalaje elegante y pr\u00e1ctica para presentar sus creaciones gourmet. Especialmente dise\u00f1ada para los profesionales de la pasteler\u00eda, la panader\u00eda y la restauraci\u00f3n, esta <strong>caja para cup<\/strong> cakes combina robustez, est\u00e9tica y practicidad. <\/p>\n<p data-start=\"458\" data-end=\"905\">Fabricado en <strong data-start=\"471\" data-end=\"493\">cart\u00f3n alimentario<\/strong>, garantiza una protecci\u00f3n \u00f3ptima de sus magdalenas o muffins durante el transporte. Su color <strong data-start=\"606\" data-end=\"615\">cacao<\/strong> aporta un toque refinado y natural, ideal para realzar sus postres reforzando al mismo tiempo una imagen aut\u00e9ntica y tradicional. Gracias a su formato <strong data-start=\"767\" data-end=\"785\">de 20 x 11 x 9 cm<\/strong>, esta <strong>caja para magdalenas<\/strong> est\u00e1 perfectamente adaptada para contener varias magdalenas de forma estable, sin riesgo de aplastamiento.  <\/p>\n<p data-start=\"907\" data-end=\"1280\">F\u00e1cil de montar y volver a cerrar, ahorra un tiempo precioso en sus preparaciones diarias. Su robustez lo convierte en un aliado imprescindible para comidas para llevar, buffets, eventos y regalos gourmet. Adem\u00e1s, se presenta en <strong data-start=\"1179\" data-end=\"1192\">lotes de 25 unidades<\/strong>, por lo que dispondr\u00e1 de existencias suficientes para satisfacer las necesidades habituales de su negocio.  <\/p>\n<p data-start=\"1282\" data-end=\"1548\">Elegir esta <strong data-start=\"1296\" data-end=\"1326\">caja para cupcakes de cacao<\/strong> combina est\u00e9tica y practicidad. En resumen, es una aut\u00e9ntica baza para fidelizar a sus clientes y destacar la calidad de sus productos caseros. <\/p>\n<p>&nbsp;<\/p>\n<p><!--more--><\/p>\n<h4>Los beneficios:<\/h4>\n<ul>\n<li>Cart\u00f3n robusto apto para el contacto con alimentos.<\/li>\n<li>Elegante dise\u00f1o en color cacao para una presentaci\u00f3n refinada.<\/li>\n<li>Mide <strong>20 x 11 x 9 cm<\/strong> y es ideal para magdalenas y muffins.<\/li>\n<li>El montaje r\u00e1pido y sencillo ahorra tiempo.<\/li>\n<li>Se venden en <strong>paquetes de 25 unidades<\/strong> para ofrecer una excelente relaci\u00f3n calidad-precio.<\/li>\n<\/ul>\n<p>&nbsp;<\/p>\n<p><!--more--><\/p>\n<h4>Informaci\u00f3n adicional :<\/h4>\n<ul>\n<li><strong>Envase<\/strong>: Paquete de 25<\/li>\n<li><b>Color: <\/b>Cacao<\/li>\n<li><strong>Material<\/strong>: Cart\u00f3n<\/li>\n<li><strong>Dimensiones<\/strong>: 20 x 11 x 9 (L x A x A en cm)<\/li>\n<li><strong>Utilizaci\u00f3n<\/strong>: Magdalenas, muffins, minicakes, etc.<\/li>\n<\/ul>\n<p>&nbsp;<\/p>\n<p><!--more--><\/p>\n<p>Este producto est\u00e1 disponible en varios colores: <span style=\"color: #d12727;\"><a style=\"color: #d12727;\" href=\"https:\/\/www.csj-emballages.com\/produit\/25-boites-cakes-carton-blanches-20-x-11-x-9-cm\/\">Blanco<\/a><\/span> \/ <span style=\"color: #d12727;\"><a style=\"color: #d12727;\" href=\"https:\/\/www.csj-emballages.com\/produit\/25-boites-cakes-carton-kraft-20-x-11-x-9-cm\/\">Kraft<\/a><\/span> \/ <span style=\"color: #d12727;\"><a style=\"color: #d12727;\" href=\"https:\/\/www.csj-emballages.com\/produit\/25-boites-cakes-carton-oranges-20-x-11-x-9-cm\/\">Naranja<\/a><\/span> \/ <span style=\"color: #d12727;\"><a style=\"color: #d12727;\" href=\"https:\/\/www.csj-emballages.com\/produit\/25-boites-cakes-carton-vertes-20-x-11-x-9-cm\/\">Verde<\/a><\/span><\/p>\n<p>&nbsp;<\/p>\n<p><!--more--><\/p>\n<p>Encuentre aqu\u00ed nuestro inserto para 2 cupcakes compatible con esta caja : <span style=\"color: #d12727;\"><a style=\"color: #d12727;\" href=\"https:\/\/www.csj-emballages.com\/es\/produit\/25-bandejas-para-2-magdalenas-de-carton-blanco\/\">CALBCC2<\/a><\/span><\/p>\n<p>&nbsp;<\/p>\n<p><!--more--><\/p>\n<p><a href=\"https:\/\/www.csj-emballages.com\/es\/categorie-produit\/envasado-de-alimentos\/panaderia-y-pasteleria\/cajas-y-estuches\/cajas-para-magdalenas\/\">Vea el resto de nuestra gama de cajas para cupcakes aqu\u00ed<\/a><\/p>\n","protected":false},"excerpt":{"rendered":"<p>Caja para magdalenas Descubra nuestra caja de cart\u00f3n para magdalenas de cacao 20 x 11 x 9 cm, paquete de 25<\/p>\n","protected":false},"featured_media":241601,"template":"","meta":{"_acf_changed":false},"product_brand":[],"product_cat":[1150,1145,3868,2152,1147],"product_tag":[],"class_list":{"0":"post-126064","1":"product","2":"type-product","3":"status-publish","4":"has-post-thumbnail","6":"product_cat-envasado-de-alimentos","7":"product_cat-panaderia-y-pasteleria","8":"product_cat-cajas-y-estuches","9":"product_cat-cajas-para-magdalenas","10":"product_cat-jardineras","12":"first","13":"outofstock","14":"taxable","15":"shipping-taxable","16":"purchasable","17":"product-type-simple"},"acf":[],"yoast_head":"<!-- This site is optimized with the Yoast SEO Premium plugin v26.6 (Yoast SEO v26.6) - https:\/\/yoast.com\/wordpress\/plugins\/seo\/ -->\n<title>Cupcake Caja Cacao Cart\u00f3n 20 x 11 x 9 cm x 25<\/title>\n<meta name=\"description\" content=\"Elegante y resistente caja de cart\u00f3n para cupcakes de cacao, 20 x 11 x 9 cm, paquete de 25 unidades. Ideal para transportar y presentar sus cupcakes de forma profesional.\" \/>\n<meta name=\"robots\" content=\"index, follow, max-snippet:-1, max-image-preview:large, max-video-preview:-1\" \/>\n<link rel=\"canonical\" href=\"https:\/\/www.csj-emballages.com\/es\/produit\/25-cajas-de-carton-para-tartas-de-cacao-de-20-x-11-x-9-cm-2\/\" \/>\n<meta property=\"og:locale\" content=\"es_ES\" \/>\n<meta property=\"og:type\" content=\"article\" \/>\n<meta property=\"og:title\" content=\"Caja para magdalenas de cacao 20 x 11 x 9 cm, paquete de 25\" \/>\n<meta property=\"og:description\" content=\"Elegante y resistente caja de cart\u00f3n para cupcakes de cacao, 20 x 11 x 9 cm, paquete de 25 unidades. Ideal para transportar y presentar sus cupcakes de forma profesional.\" \/>\n<meta property=\"og:url\" content=\"https:\/\/www.csj-emballages.com\/es\/produit\/25-cajas-de-carton-para-tartas-de-cacao-de-20-x-11-x-9-cm-2\/\" \/>\n<meta property=\"og:site_name\" content=\"CSJ Emballages\" \/>\n<meta property=\"article:publisher\" content=\"https:\/\/www.facebook.com\/csjemballages\" \/>\n<meta property=\"article:modified_time\" content=\"2026-03-12T15:11:51+00:00\" \/>\n<meta property=\"og:image\" content=\"https:\/\/www.csj-emballages.com\/wp-content\/uploads\/2024\/08\/BCC2CACAO-1.webp\" \/>\n\t<meta property=\"og:image:width\" content=\"800\" \/>\n\t<meta property=\"og:image:height\" content=\"800\" \/>\n\t<meta property=\"og:image:type\" content=\"image\/webp\" \/>\n<meta name=\"twitter:card\" content=\"summary_large_image\" \/>\n<meta name=\"twitter:label1\" content=\"Tiempo de lectura\" \/>\n\t<meta name=\"twitter:data1\" content=\"2 minutos\" \/>\n<script type=\"application\/ld+json\" class=\"yoast-schema-graph\">{\"@context\":\"https:\/\/schema.org\",\"@graph\":[{\"@type\":\"WebPage\",\"@id\":\"https:\/\/www.csj-emballages.com\/es\/produit\/25-cajas-de-carton-para-tartas-de-cacao-de-20-x-11-x-9-cm-2\/\",\"url\":\"https:\/\/www.csj-emballages.com\/es\/produit\/25-cajas-de-carton-para-tartas-de-cacao-de-20-x-11-x-9-cm-2\/\",\"name\":\"Cupcake Caja Cacao Cart\u00f3n 20 x 11 x 9 cm x 25\",\"isPartOf\":{\"@id\":\"https:\/\/www.csj-emballages.com\/es\/#website\"},\"primaryImageOfPage\":{\"@id\":\"https:\/\/www.csj-emballages.com\/es\/produit\/25-cajas-de-carton-para-tartas-de-cacao-de-20-x-11-x-9-cm-2\/#primaryimage\"},\"image\":{\"@id\":\"https:\/\/www.csj-emballages.com\/es\/produit\/25-cajas-de-carton-para-tartas-de-cacao-de-20-x-11-x-9-cm-2\/#primaryimage\"},\"thumbnailUrl\":\"https:\/\/www.csj-emballages.com\/wp-content\/uploads\/2024\/08\/BCC2CACAO-1.webp\",\"datePublished\":\"2024-08-27T00:18:14+00:00\",\"dateModified\":\"2026-03-12T15:11:51+00:00\",\"description\":\"Elegante y resistente caja de cart\u00f3n para cupcakes de cacao, 20 x 11 x 9 cm, paquete de 25 unidades. Ideal para transportar y presentar sus cupcakes de forma profesional.\",\"breadcrumb\":{\"@id\":\"https:\/\/www.csj-emballages.com\/es\/produit\/25-cajas-de-carton-para-tartas-de-cacao-de-20-x-11-x-9-cm-2\/#breadcrumb\"},\"inLanguage\":\"es\",\"potentialAction\":[{\"@type\":\"ReadAction\",\"target\":[\"https:\/\/www.csj-emballages.com\/es\/produit\/25-cajas-de-carton-para-tartas-de-cacao-de-20-x-11-x-9-cm-2\/\"]}]},{\"@type\":\"ImageObject\",\"inLanguage\":\"es\",\"@id\":\"https:\/\/www.csj-emballages.com\/es\/produit\/25-cajas-de-carton-para-tartas-de-cacao-de-20-x-11-x-9-cm-2\/#primaryimage\",\"url\":\"https:\/\/www.csj-emballages.com\/wp-content\/uploads\/2024\/08\/BCC2CACAO-1.webp\",\"contentUrl\":\"https:\/\/www.csj-emballages.com\/wp-content\/uploads\/2024\/08\/BCC2CACAO-1.webp\",\"width\":800,\"height\":800,\"caption\":\"Boite cupcake\"},{\"@type\":\"BreadcrumbList\",\"@id\":\"https:\/\/www.csj-emballages.com\/es\/produit\/25-cajas-de-carton-para-tartas-de-cacao-de-20-x-11-x-9-cm-2\/#breadcrumb\",\"itemListElement\":[{\"@type\":\"ListItem\",\"position\":1,\"name\":\"Accueil\",\"item\":\"https:\/\/www.csj-emballages.com\/es\/universo-del-envasado-alimentario\/\"},{\"@type\":\"ListItem\",\"position\":2,\"name\":\"Tienda\",\"item\":\"https:\/\/www.csj-emballages.com\/tienda\/\"},{\"@type\":\"ListItem\",\"position\":3,\"name\":\"Caja para magdalenas de cacao 20 x 11 x 9 cm, paquete de 25\"}]},{\"@type\":\"WebSite\",\"@id\":\"https:\/\/www.csj-emballages.com\/es\/#website\",\"url\":\"https:\/\/www.csj-emballages.com\/es\/\",\"name\":\"CSJ Emballages\",\"description\":\"\",\"publisher\":{\"@id\":\"https:\/\/www.csj-emballages.com\/es\/#organization\"},\"potentialAction\":[{\"@type\":\"SearchAction\",\"target\":{\"@type\":\"EntryPoint\",\"urlTemplate\":\"https:\/\/www.csj-emballages.com\/es\/?s={search_term_string}\"},\"query-input\":{\"@type\":\"PropertyValueSpecification\",\"valueRequired\":true,\"valueName\":\"search_term_string\"}}],\"inLanguage\":\"es\"},{\"@type\":\"Organization\",\"@id\":\"https:\/\/www.csj-emballages.com\/es\/#Organization\/\",\"name\":\"CSJ Emballages\",\"url\":\"https:\/\/www.csj-emballages.com\/es\/\",\"logo\":{\"@type\":\"ImageObject\",\"inLanguage\":\"es\",\"@id\":\"https:\/\/www.csj-emballages.com\/es\/#\/schema\/logo\/image\/\",\"url\":\"https:\/\/www.csj-emballages.com\/wp-content\/uploads\/2023\/10\/logo_csj.webp\",\"contentUrl\":\"https:\/\/www.csj-emballages.com\/wp-content\/uploads\/2023\/10\/logo_csj.webp\",\"width\":250,\"height\":95,\"caption\":\"CSJ Emballages\"},\"image\":{\"@id\":\"https:\/\/www.csj-emballages.com\/es\/#\/schema\/logo\/image\/\"},\"sameAs\":[\"https:\/\/www.facebook.com\/csjemballages\"],\"address\":{\"@type\":\"PostalAddress\",\"streetAddress\":\"ZI La Lechere\",\"addressLocality\":\"Patornay\",\"postalCode\":\"39130\",\"addressCountry\":\"FR\"},\"contactPoint\":[{\"@type\":\"ContactPoint\",\"contactType\":\"Service client\",\"telephone\":\"0384254272\",\"email\":\"contact@csj-emballages.com\"}]}]}<\/script>\n<!-- \/ Yoast SEO Premium plugin. -->","yoast_head_json":{"title":"Cupcake Caja Cacao Cart\u00f3n 20 x 11 x 9 cm x 25","description":"Elegante y resistente caja de cart\u00f3n para cupcakes de cacao, 20 x 11 x 9 cm, paquete de 25 unidades. Ideal para transportar y presentar sus cupcakes de forma profesional.","robots":{"index":"index","follow":"follow","max-snippet":"max-snippet:-1","max-image-preview":"max-image-preview:large","max-video-preview":"max-video-preview:-1"},"canonical":"https:\/\/www.csj-emballages.com\/es\/produit\/25-cajas-de-carton-para-tartas-de-cacao-de-20-x-11-x-9-cm-2\/","og_locale":"es_ES","og_type":"article","og_title":"Caja para magdalenas de cacao 20 x 11 x 9 cm, paquete de 25","og_description":"Elegante y resistente caja de cart\u00f3n para cupcakes de cacao, 20 x 11 x 9 cm, paquete de 25 unidades. Ideal para transportar y presentar sus cupcakes de forma profesional.","og_url":"https:\/\/www.csj-emballages.com\/es\/produit\/25-cajas-de-carton-para-tartas-de-cacao-de-20-x-11-x-9-cm-2\/","og_site_name":"CSJ Emballages","article_publisher":"https:\/\/www.facebook.com\/csjemballages","article_modified_time":"2026-03-12T15:11:51+00:00","og_image":[{"width":800,"height":800,"url":"https:\/\/www.csj-emballages.com\/wp-content\/uploads\/2024\/08\/BCC2CACAO-1.webp","type":"image\/webp"}],"twitter_card":"summary_large_image","twitter_misc":{"Tiempo de lectura":"2 minutos"},"schema":{"@context":"https:\/\/schema.org","@graph":[{"@type":"WebPage","@id":"https:\/\/www.csj-emballages.com\/es\/produit\/25-cajas-de-carton-para-tartas-de-cacao-de-20-x-11-x-9-cm-2\/","url":"https:\/\/www.csj-emballages.com\/es\/produit\/25-cajas-de-carton-para-tartas-de-cacao-de-20-x-11-x-9-cm-2\/","name":"Cupcake Caja Cacao Cart\u00f3n 20 x 11 x 9 cm x 25","isPartOf":{"@id":"https:\/\/www.csj-emballages.com\/es\/#website"},"primaryImageOfPage":{"@id":"https:\/\/www.csj-emballages.com\/es\/produit\/25-cajas-de-carton-para-tartas-de-cacao-de-20-x-11-x-9-cm-2\/#primaryimage"},"image":{"@id":"https:\/\/www.csj-emballages.com\/es\/produit\/25-cajas-de-carton-para-tartas-de-cacao-de-20-x-11-x-9-cm-2\/#primaryimage"},"thumbnailUrl":"https:\/\/www.csj-emballages.com\/wp-content\/uploads\/2024\/08\/BCC2CACAO-1.webp","datePublished":"2024-08-27T00:18:14+00:00","dateModified":"2026-03-12T15:11:51+00:00","description":"Elegante y resistente caja de cart\u00f3n para cupcakes de cacao, 20 x 11 x 9 cm, paquete de 25 unidades. Ideal para transportar y presentar sus cupcakes de forma profesional.","breadcrumb":{"@id":"https:\/\/www.csj-emballages.com\/es\/produit\/25-cajas-de-carton-para-tartas-de-cacao-de-20-x-11-x-9-cm-2\/#breadcrumb"},"inLanguage":"es","potentialAction":[{"@type":"ReadAction","target":["https:\/\/www.csj-emballages.com\/es\/produit\/25-cajas-de-carton-para-tartas-de-cacao-de-20-x-11-x-9-cm-2\/"]}]},{"@type":"ImageObject","inLanguage":"es","@id":"https:\/\/www.csj-emballages.com\/es\/produit\/25-cajas-de-carton-para-tartas-de-cacao-de-20-x-11-x-9-cm-2\/#primaryimage","url":"https:\/\/www.csj-emballages.com\/wp-content\/uploads\/2024\/08\/BCC2CACAO-1.webp","contentUrl":"https:\/\/www.csj-emballages.com\/wp-content\/uploads\/2024\/08\/BCC2CACAO-1.webp","width":800,"height":800,"caption":"Boite cupcake"},{"@type":"BreadcrumbList","@id":"https:\/\/www.csj-emballages.com\/es\/produit\/25-cajas-de-carton-para-tartas-de-cacao-de-20-x-11-x-9-cm-2\/#breadcrumb","itemListElement":[{"@type":"ListItem","position":1,"name":"Accueil","item":"https:\/\/www.csj-emballages.com\/es\/universo-del-envasado-alimentario\/"},{"@type":"ListItem","position":2,"name":"Tienda","item":"https:\/\/www.csj-emballages.com\/tienda\/"},{"@type":"ListItem","position":3,"name":"Caja para magdalenas de cacao 20 x 11 x 9 cm, paquete de 25"}]},{"@type":"WebSite","@id":"https:\/\/www.csj-emballages.com\/es\/#website","url":"https:\/\/www.csj-emballages.com\/es\/","name":"CSJ Emballages","description":"","publisher":{"@id":"https:\/\/www.csj-emballages.com\/es\/#organization"},"potentialAction":[{"@type":"SearchAction","target":{"@type":"EntryPoint","urlTemplate":"https:\/\/www.csj-emballages.com\/es\/?s={search_term_string}"},"query-input":{"@type":"PropertyValueSpecification","valueRequired":true,"valueName":"search_term_string"}}],"inLanguage":"es"},{"@type":"Organization","@id":"https:\/\/www.csj-emballages.com\/es\/#Organization\/","name":"CSJ Emballages","url":"https:\/\/www.csj-emballages.com\/es\/","logo":{"@type":"ImageObject","inLanguage":"es","@id":"https:\/\/www.csj-emballages.com\/es\/#\/schema\/logo\/image\/","url":"https:\/\/www.csj-emballages.com\/wp-content\/uploads\/2023\/10\/logo_csj.webp","contentUrl":"https:\/\/www.csj-emballages.com\/wp-content\/uploads\/2023\/10\/logo_csj.webp","width":250,"height":95,"caption":"CSJ Emballages"},"image":{"@id":"https:\/\/www.csj-emballages.com\/es\/#\/schema\/logo\/image\/"},"sameAs":["https:\/\/www.facebook.com\/csjemballages"],"address":{"@type":"PostalAddress","streetAddress":"ZI La Lechere","addressLocality":"Patornay","postalCode":"39130","addressCountry":"FR"},"contactPoint":[{"@type":"ContactPoint","contactType":"Service client","telephone":"0384254272","email":"contact@csj-emballages.com"}]}]}},"df_price":26.75,"df_sale_price":"","df_regular_price":26.75,"df_image_link":"https:\/\/www.csj-emballages.com\/wp-content\/uploads\/2024\/08\/BCC2CACAO-1-300x300.webp","tiered_pricing_type":"fixed","tiered_pricing_fixed_rules":[],"tiered_pricing_percentage_rules":[],"tiered_pricing_minimum":1,"tiered_pricing_roles_data":[],"_links":{"self":[{"href":"https:\/\/www.csj-emballages.com\/es\/wp-json\/wp\/v2\/product\/126064","targetHints":{"allow":["GET"]}}],"collection":[{"href":"https:\/\/www.csj-emballages.com\/es\/wp-json\/wp\/v2\/product"}],"about":[{"href":"https:\/\/www.csj-emballages.com\/es\/wp-json\/wp\/v2\/types\/product"}],"wp:featuredmedia":[{"embeddable":true,"href":"https:\/\/www.csj-emballages.com\/es\/wp-json\/wp\/v2\/media\/241601"}],"wp:attachment":[{"href":"https:\/\/www.csj-emballages.com\/es\/wp-json\/wp\/v2\/media?parent=126064"}],"wp:term":[{"taxonomy":"product_brand","embeddable":true,"href":"https:\/\/www.csj-emballages.com\/es\/wp-json\/wp\/v2\/product_brand?post=126064"},{"taxonomy":"product_cat","embeddable":true,"href":"https:\/\/www.csj-emballages.com\/es\/wp-json\/wp\/v2\/product_cat?post=126064"},{"taxonomy":"product_tag","embeddable":true,"href":"https:\/\/www.csj-emballages.com\/es\/wp-json\/wp\/v2\/product_tag?post=126064"}],"curies":[{"name":"wp","href":"https:\/\/api.w.org\/{rel}","templated":true}]}}