{"id":126012,"date":"2024-07-30T02:19:06","date_gmt":"2024-07-30T00:19:06","guid":{"rendered":"https:\/\/www.csj-emballages.com\/produit\/200-bandejas-marmipack-negras-de-2-compartimentos-de-1000-ml\/"},"modified":"2026-04-09T02:14:56","modified_gmt":"2026-04-09T00:14:56","slug":"200-bandejas-marmipack-negras-de-2-compartimentos-de-1000-ml","status":"publish","type":"product","link":"https:\/\/www.csj-emballages.com\/es\/produit\/200-bandejas-marmipack-negras-de-2-compartimentos-de-1000-ml\/","title":{"rendered":"Bandeja negra 2 compartimentos 1000 ml por 200"},"content":{"rendered":"<h2 class=\"p1\">Bandeja negra 2 compartimentos<\/h2>\n<hr>\n<h3>Descubra nuestra bandeja negra 2 compartimentos 1000 ml por 200<\/h3>\n<p><!--more--><\/p>\n<div>\n<p data-start=\"244\" data-end=\"567\">La <strong>bandeja negra 2 compartimentos 1000 ml<\/strong> es una soluci\u00f3n pr\u00e1ctica y elegante para el envasado de platos completos para llevar. En efecto, dise\u00f1ada para los profesionales de la restauraci\u00f3n, catering, snacks y colectividades, permite separar eficazmente los alimentos ofreciendo al mismo tiempo una presentaci\u00f3n cuidada y moderna. <\/p>\n<p data-start=\"569\" data-end=\"866\">Gracias a <strong>sus dos compartimentos distintos<\/strong>, esta <strong>bandeja<\/strong> es ideal para ofrecer un plato principal acompa\u00f1ado de su guarnici\u00f3n sin mezcla de sabores. Adem\u00e1s, su capacidad total de <strong>1000 ml<\/strong> se adapta perfectamente a las <strong>porciones individuales generosas<\/strong>, asegurando un buen equilibrio entre volumen y practicidad. <\/p>\n<p data-start=\"868\" data-end=\"1282\">Gracias a su pl\u00e1stico de calidad alimentaria, la bandeja garantiza una buena resistencia durante el llenado, el transporte y el apilado. Asimismo, su <strong>color negro<\/strong> aporta un toque profesional y realza los alimentos creando un contraste est\u00e9tico apreciado en vitrina o durante la entrega. Es apta para preparaciones calientes.  <\/p>\n<p data-start=\"1284\" data-end=\"1563\">Pr\u00e1ctica en el d\u00eda a d\u00eda, esta <strong>bandeja<\/strong> facilita la organizaci\u00f3n en cocina y la preparaci\u00f3n de pedidos. En resumen, acondicionada por lote de <strong>200 unidades<\/strong>, se adapta perfectamente a establecimientos de alto volumen. <\/p>\n<p data-start=\"1284\" data-end=\"1563\">\n<\/div>\n<p><!--more--><\/p>\n<p data-start=\"1284\" data-end=\"1563\"><strong><span style=\"color: #ff0000;\">*No hay tapa disponible para estas bandejas.<\/span><\/strong><\/p>\n<p data-start=\"1284\" data-end=\"1563\"><!--more--><\/p>\n<h4 data-start=\"1284\" data-end=\"1563\">Ventajas :<\/h4>\n<ul>\n<li data-start=\"1601\" data-end=\"1647\"><strong>Dos compartimentos<\/strong> para separar los alimentos<\/li>\n<li data-start=\"1650\" data-end=\"1701\">Capacidad <strong>1000 ml<\/strong> adaptada a porciones completas<\/li>\n<li data-start=\"1704\" data-end=\"1743\">Pl\u00e1stico apto para contacto alimentario<\/li>\n<li data-start=\"1746\" data-end=\"1788\"><strong>Color negro<\/strong> que valoriza las preparaciones<\/li>\n<li data-start=\"1859\" data-end=\"1902\">Ideal para venta para llevar y entrega a domicilio<\/li>\n<li data-start=\"1905\" data-end=\"1952\">Acondicionamiento econ\u00f3mico por <strong>200 bandejas<\/strong>.<\/li>\n<\/ul>\n<div>\n<p>&nbsp;<\/p>\n<\/div>\n<p><!--more--><\/p>\n<h4>Informaci\u00f3n adicional :<\/h4>\n<ul>\n<li><strong>Envase<\/strong>: Paquete de 200<\/li>\n<li><strong>Volumen<\/strong>: 1000 ml (550 \/ 350 ml)<\/li>\n<li><strong>Color<\/strong>: Negro<\/li>\n<li><strong>Material<\/strong>: PP<\/li>\n<\/ul>\n<p>&nbsp;<\/p>\n<p><!--more--><\/p>\n<p><a href=\"\/?product_cat=destockages\">Ver el resto de nuestros productos en liquidaci\u00f3n de existencias<\/a><\/p>\n","protected":false},"excerpt":{"rendered":"<p>Bandeja negra 2 compartimentos Descubra nuestra bandeja negra 2 compartimentos 1000 ml por 200<\/p>\n","protected":false},"featured_media":34458,"template":"","meta":{"_acf_changed":false},"product_brand":[],"product_cat":[1150,1143,2296,1491,10070,1270],"product_tag":[],"class_list":{"0":"post-126012","1":"product","2":"type-product","3":"status-publish","4":"has-post-thumbnail","6":"product_cat-envasado-de-alimentos","7":"product_cat-carniceria-y-charcuteria","8":"product_cat-bandejas-latas-y-tarros","9":"product_cat-bandejas-latas-tarros-de-comida","10":"product_cat-bandejas-para-microondas-marmipack","11":"product_cat-descuentos","13":"first","14":"instock","15":"sale","16":"taxable","17":"shipping-taxable","18":"purchasable","19":"product-type-simple"},"acf":[],"yoast_head":"<!-- This site is optimized with the Yoast SEO Premium plugin v26.6 (Yoast SEO v26.6) - https:\/\/yoast.com\/wordpress\/plugins\/seo\/ -->\n<title>Bandeja Negra 2 Compartimentos 1000 ml por 200<\/title>\n<meta name=\"description\" content=\"Bandeja negra 2 compartimentos 1000 ml por 200. Ideal para platos para llevar, separaci\u00f3n pr\u00e1ctica y presentaci\u00f3n profesional.\" \/>\n<meta name=\"robots\" content=\"index, follow, max-snippet:-1, max-image-preview:large, max-video-preview:-1\" \/>\n<link rel=\"canonical\" href=\"https:\/\/www.csj-emballages.com\/es\/produit\/200-bandejas-marmipack-negras-de-2-compartimentos-de-1000-ml\/\" \/>\n<meta property=\"og:locale\" content=\"es_ES\" \/>\n<meta property=\"og:type\" content=\"article\" \/>\n<meta property=\"og:title\" content=\"Bandeja negra 2 compartimentos 1000 ml por 200\" \/>\n<meta property=\"og:description\" content=\"Bandeja negra 2 compartimentos 1000 ml por 200. Ideal para platos para llevar, separaci\u00f3n pr\u00e1ctica y presentaci\u00f3n profesional.\" \/>\n<meta property=\"og:url\" content=\"https:\/\/www.csj-emballages.com\/es\/produit\/200-bandejas-marmipack-negras-de-2-compartimentos-de-1000-ml\/\" \/>\n<meta property=\"og:site_name\" content=\"CSJ Emballages\" \/>\n<meta property=\"article:publisher\" content=\"https:\/\/www.facebook.com\/csjemballages\" \/>\n<meta property=\"article:modified_time\" content=\"2026-04-09T00:14:56+00:00\" \/>\n<meta property=\"og:image\" content=\"https:\/\/www.csj-emballages.com\/wp-content\/uploads\/2024\/07\/650b41a3-d820-48e4-8c1f-54644ba0b017-removebg-preview-e1722428331926.png\" \/>\n\t<meta property=\"og:image:width\" content=\"499\" \/>\n\t<meta property=\"og:image:height\" content=\"500\" \/>\n\t<meta property=\"og:image:type\" content=\"image\/png\" \/>\n<meta name=\"twitter:card\" content=\"summary_large_image\" \/>\n<meta name=\"twitter:label1\" content=\"Tiempo de lectura\" \/>\n\t<meta name=\"twitter:data1\" content=\"1 minuto\" \/>\n<script type=\"application\/ld+json\" class=\"yoast-schema-graph\">{\"@context\":\"https:\/\/schema.org\",\"@graph\":[{\"@type\":\"WebPage\",\"@id\":\"https:\/\/www.csj-emballages.com\/es\/produit\/200-bandejas-marmipack-negras-de-2-compartimentos-de-1000-ml\/\",\"url\":\"https:\/\/www.csj-emballages.com\/es\/produit\/200-bandejas-marmipack-negras-de-2-compartimentos-de-1000-ml\/\",\"name\":\"Bandeja Negra 2 Compartimentos 1000 ml por 200\",\"isPartOf\":{\"@id\":\"https:\/\/www.csj-emballages.com\/es\/#website\"},\"primaryImageOfPage\":{\"@id\":\"https:\/\/www.csj-emballages.com\/es\/produit\/200-bandejas-marmipack-negras-de-2-compartimentos-de-1000-ml\/#primaryimage\"},\"image\":{\"@id\":\"https:\/\/www.csj-emballages.com\/es\/produit\/200-bandejas-marmipack-negras-de-2-compartimentos-de-1000-ml\/#primaryimage\"},\"thumbnailUrl\":\"https:\/\/www.csj-emballages.com\/wp-content\/uploads\/2024\/07\/650b41a3-d820-48e4-8c1f-54644ba0b017-removebg-preview-e1722428331926.png\",\"datePublished\":\"2024-07-30T00:19:06+00:00\",\"dateModified\":\"2026-04-09T00:14:56+00:00\",\"description\":\"Bandeja negra 2 compartimentos 1000 ml por 200. Ideal para platos para llevar, separaci\u00f3n pr\u00e1ctica y presentaci\u00f3n profesional.\",\"breadcrumb\":{\"@id\":\"https:\/\/www.csj-emballages.com\/es\/produit\/200-bandejas-marmipack-negras-de-2-compartimentos-de-1000-ml\/#breadcrumb\"},\"inLanguage\":\"es\",\"potentialAction\":[{\"@type\":\"ReadAction\",\"target\":[\"https:\/\/www.csj-emballages.com\/es\/produit\/200-bandejas-marmipack-negras-de-2-compartimentos-de-1000-ml\/\"]}]},{\"@type\":\"ImageObject\",\"inLanguage\":\"es\",\"@id\":\"https:\/\/www.csj-emballages.com\/es\/produit\/200-bandejas-marmipack-negras-de-2-compartimentos-de-1000-ml\/#primaryimage\",\"url\":\"https:\/\/www.csj-emballages.com\/wp-content\/uploads\/2024\/07\/650b41a3-d820-48e4-8c1f-54644ba0b017-removebg-preview-e1722428331926.png\",\"contentUrl\":\"https:\/\/www.csj-emballages.com\/wp-content\/uploads\/2024\/07\/650b41a3-d820-48e4-8c1f-54644ba0b017-removebg-preview-e1722428331926.png\",\"width\":499,\"height\":500,\"caption\":\"Barquettes noires MARMIPACK 1800 ml\"},{\"@type\":\"BreadcrumbList\",\"@id\":\"https:\/\/www.csj-emballages.com\/es\/produit\/200-bandejas-marmipack-negras-de-2-compartimentos-de-1000-ml\/#breadcrumb\",\"itemListElement\":[{\"@type\":\"ListItem\",\"position\":1,\"name\":\"Accueil\",\"item\":\"https:\/\/www.csj-emballages.com\/es\/universo-del-envasado-alimentario\/\"},{\"@type\":\"ListItem\",\"position\":2,\"name\":\"Tienda\",\"item\":\"https:\/\/www.csj-emballages.com\/tienda\/\"},{\"@type\":\"ListItem\",\"position\":3,\"name\":\"Bandeja negra 2 compartimentos 1000 ml por 200\"}]},{\"@type\":\"WebSite\",\"@id\":\"https:\/\/www.csj-emballages.com\/es\/#website\",\"url\":\"https:\/\/www.csj-emballages.com\/es\/\",\"name\":\"CSJ Emballages\",\"description\":\"\",\"publisher\":{\"@id\":\"https:\/\/www.csj-emballages.com\/es\/#organization\"},\"potentialAction\":[{\"@type\":\"SearchAction\",\"target\":{\"@type\":\"EntryPoint\",\"urlTemplate\":\"https:\/\/www.csj-emballages.com\/es\/?s={search_term_string}\"},\"query-input\":{\"@type\":\"PropertyValueSpecification\",\"valueRequired\":true,\"valueName\":\"search_term_string\"}}],\"inLanguage\":\"es\"},{\"@type\":\"Organization\",\"@id\":\"https:\/\/www.csj-emballages.com\/es\/#Organization\/\",\"name\":\"CSJ Emballages\",\"url\":\"https:\/\/www.csj-emballages.com\/es\/\",\"logo\":{\"@type\":\"ImageObject\",\"inLanguage\":\"es\",\"@id\":\"https:\/\/www.csj-emballages.com\/es\/#\/schema\/logo\/image\/\",\"url\":\"https:\/\/www.csj-emballages.com\/wp-content\/uploads\/2023\/10\/logo_csj.webp\",\"contentUrl\":\"https:\/\/www.csj-emballages.com\/wp-content\/uploads\/2023\/10\/logo_csj.webp\",\"width\":250,\"height\":95,\"caption\":\"CSJ Emballages\"},\"image\":{\"@id\":\"https:\/\/www.csj-emballages.com\/es\/#\/schema\/logo\/image\/\"},\"sameAs\":[\"https:\/\/www.facebook.com\/csjemballages\"],\"address\":{\"@type\":\"PostalAddress\",\"streetAddress\":\"ZI La Lechere\",\"addressLocality\":\"Patornay\",\"postalCode\":\"39130\",\"addressCountry\":\"FR\"},\"contactPoint\":[{\"@type\":\"ContactPoint\",\"contactType\":\"Service client\",\"telephone\":\"0384254272\",\"email\":\"contact@csj-emballages.com\"}]}]}<\/script>\n<!-- \/ Yoast SEO Premium plugin. -->","yoast_head_json":{"title":"Bandeja Negra 2 Compartimentos 1000 ml por 200","description":"Bandeja negra 2 compartimentos 1000 ml por 200. Ideal para platos para llevar, separaci\u00f3n pr\u00e1ctica y presentaci\u00f3n profesional.","robots":{"index":"index","follow":"follow","max-snippet":"max-snippet:-1","max-image-preview":"max-image-preview:large","max-video-preview":"max-video-preview:-1"},"canonical":"https:\/\/www.csj-emballages.com\/es\/produit\/200-bandejas-marmipack-negras-de-2-compartimentos-de-1000-ml\/","og_locale":"es_ES","og_type":"article","og_title":"Bandeja negra 2 compartimentos 1000 ml por 200","og_description":"Bandeja negra 2 compartimentos 1000 ml por 200. Ideal para platos para llevar, separaci\u00f3n pr\u00e1ctica y presentaci\u00f3n profesional.","og_url":"https:\/\/www.csj-emballages.com\/es\/produit\/200-bandejas-marmipack-negras-de-2-compartimentos-de-1000-ml\/","og_site_name":"CSJ Emballages","article_publisher":"https:\/\/www.facebook.com\/csjemballages","article_modified_time":"2026-04-09T00:14:56+00:00","og_image":[{"width":499,"height":500,"url":"https:\/\/www.csj-emballages.com\/wp-content\/uploads\/2024\/07\/650b41a3-d820-48e4-8c1f-54644ba0b017-removebg-preview-e1722428331926.png","type":"image\/png"}],"twitter_card":"summary_large_image","twitter_misc":{"Tiempo de lectura":"1 minuto"},"schema":{"@context":"https:\/\/schema.org","@graph":[{"@type":"WebPage","@id":"https:\/\/www.csj-emballages.com\/es\/produit\/200-bandejas-marmipack-negras-de-2-compartimentos-de-1000-ml\/","url":"https:\/\/www.csj-emballages.com\/es\/produit\/200-bandejas-marmipack-negras-de-2-compartimentos-de-1000-ml\/","name":"Bandeja Negra 2 Compartimentos 1000 ml por 200","isPartOf":{"@id":"https:\/\/www.csj-emballages.com\/es\/#website"},"primaryImageOfPage":{"@id":"https:\/\/www.csj-emballages.com\/es\/produit\/200-bandejas-marmipack-negras-de-2-compartimentos-de-1000-ml\/#primaryimage"},"image":{"@id":"https:\/\/www.csj-emballages.com\/es\/produit\/200-bandejas-marmipack-negras-de-2-compartimentos-de-1000-ml\/#primaryimage"},"thumbnailUrl":"https:\/\/www.csj-emballages.com\/wp-content\/uploads\/2024\/07\/650b41a3-d820-48e4-8c1f-54644ba0b017-removebg-preview-e1722428331926.png","datePublished":"2024-07-30T00:19:06+00:00","dateModified":"2026-04-09T00:14:56+00:00","description":"Bandeja negra 2 compartimentos 1000 ml por 200. Ideal para platos para llevar, separaci\u00f3n pr\u00e1ctica y presentaci\u00f3n profesional.","breadcrumb":{"@id":"https:\/\/www.csj-emballages.com\/es\/produit\/200-bandejas-marmipack-negras-de-2-compartimentos-de-1000-ml\/#breadcrumb"},"inLanguage":"es","potentialAction":[{"@type":"ReadAction","target":["https:\/\/www.csj-emballages.com\/es\/produit\/200-bandejas-marmipack-negras-de-2-compartimentos-de-1000-ml\/"]}]},{"@type":"ImageObject","inLanguage":"es","@id":"https:\/\/www.csj-emballages.com\/es\/produit\/200-bandejas-marmipack-negras-de-2-compartimentos-de-1000-ml\/#primaryimage","url":"https:\/\/www.csj-emballages.com\/wp-content\/uploads\/2024\/07\/650b41a3-d820-48e4-8c1f-54644ba0b017-removebg-preview-e1722428331926.png","contentUrl":"https:\/\/www.csj-emballages.com\/wp-content\/uploads\/2024\/07\/650b41a3-d820-48e4-8c1f-54644ba0b017-removebg-preview-e1722428331926.png","width":499,"height":500,"caption":"Barquettes noires MARMIPACK 1800 ml"},{"@type":"BreadcrumbList","@id":"https:\/\/www.csj-emballages.com\/es\/produit\/200-bandejas-marmipack-negras-de-2-compartimentos-de-1000-ml\/#breadcrumb","itemListElement":[{"@type":"ListItem","position":1,"name":"Accueil","item":"https:\/\/www.csj-emballages.com\/es\/universo-del-envasado-alimentario\/"},{"@type":"ListItem","position":2,"name":"Tienda","item":"https:\/\/www.csj-emballages.com\/tienda\/"},{"@type":"ListItem","position":3,"name":"Bandeja negra 2 compartimentos 1000 ml por 200"}]},{"@type":"WebSite","@id":"https:\/\/www.csj-emballages.com\/es\/#website","url":"https:\/\/www.csj-emballages.com\/es\/","name":"CSJ Emballages","description":"","publisher":{"@id":"https:\/\/www.csj-emballages.com\/es\/#organization"},"potentialAction":[{"@type":"SearchAction","target":{"@type":"EntryPoint","urlTemplate":"https:\/\/www.csj-emballages.com\/es\/?s={search_term_string}"},"query-input":{"@type":"PropertyValueSpecification","valueRequired":true,"valueName":"search_term_string"}}],"inLanguage":"es"},{"@type":"Organization","@id":"https:\/\/www.csj-emballages.com\/es\/#Organization\/","name":"CSJ Emballages","url":"https:\/\/www.csj-emballages.com\/es\/","logo":{"@type":"ImageObject","inLanguage":"es","@id":"https:\/\/www.csj-emballages.com\/es\/#\/schema\/logo\/image\/","url":"https:\/\/www.csj-emballages.com\/wp-content\/uploads\/2023\/10\/logo_csj.webp","contentUrl":"https:\/\/www.csj-emballages.com\/wp-content\/uploads\/2023\/10\/logo_csj.webp","width":250,"height":95,"caption":"CSJ Emballages"},"image":{"@id":"https:\/\/www.csj-emballages.com\/es\/#\/schema\/logo\/image\/"},"sameAs":["https:\/\/www.facebook.com\/csjemballages"],"address":{"@type":"PostalAddress","streetAddress":"ZI La Lechere","addressLocality":"Patornay","postalCode":"39130","addressCountry":"FR"},"contactPoint":[{"@type":"ContactPoint","contactType":"Service client","telephone":"0384254272","email":"contact@csj-emballages.com"}]}]}},"df_price":36,"df_sale_price":36,"df_regular_price":48,"df_image_link":"https:\/\/www.csj-emballages.com\/wp-content\/uploads\/2024\/07\/650b41a3-d820-48e4-8c1f-54644ba0b017-removebg-preview-300x300.png","tiered_pricing_type":"fixed","tiered_pricing_fixed_rules":[],"tiered_pricing_percentage_rules":[],"tiered_pricing_minimum":1,"tiered_pricing_roles_data":[],"_links":{"self":[{"href":"https:\/\/www.csj-emballages.com\/es\/wp-json\/wp\/v2\/product\/126012","targetHints":{"allow":["GET"]}}],"collection":[{"href":"https:\/\/www.csj-emballages.com\/es\/wp-json\/wp\/v2\/product"}],"about":[{"href":"https:\/\/www.csj-emballages.com\/es\/wp-json\/wp\/v2\/types\/product"}],"wp:featuredmedia":[{"embeddable":true,"href":"https:\/\/www.csj-emballages.com\/es\/wp-json\/wp\/v2\/media\/34458"}],"wp:attachment":[{"href":"https:\/\/www.csj-emballages.com\/es\/wp-json\/wp\/v2\/media?parent=126012"}],"wp:term":[{"taxonomy":"product_brand","embeddable":true,"href":"https:\/\/www.csj-emballages.com\/es\/wp-json\/wp\/v2\/product_brand?post=126012"},{"taxonomy":"product_cat","embeddable":true,"href":"https:\/\/www.csj-emballages.com\/es\/wp-json\/wp\/v2\/product_cat?post=126012"},{"taxonomy":"product_tag","embeddable":true,"href":"https:\/\/www.csj-emballages.com\/es\/wp-json\/wp\/v2\/product_tag?post=126012"}],"curies":[{"name":"wp","href":"https:\/\/api.w.org\/{rel}","templated":true}]}}