{"id":125951,"date":"2024-07-18T02:18:16","date_gmt":"2024-07-18T00:18:16","guid":{"rendered":"https:\/\/www.csj-emballages.com\/produit\/40-vasos-de-plastico-negro-loto-60-ml\/"},"modified":"2026-03-25T02:17:56","modified_gmt":"2026-03-25T01:17:56","slug":"40-vasos-de-plastico-negro-loto-60-ml","status":"publish","type":"product","link":"https:\/\/www.csj-emballages.com\/es\/produit\/40-vasos-de-plastico-negro-loto-60-ml\/","title":{"rendered":"40 vasos de pl\u00e1stico negro loto 60 ml"},"content":{"rendered":"<h2>Tarros de pl\u00e1stico loto negro 60 ml &#8211; paquete de 40<\/h2>\n<hr>\n<h3>Descripci\u00f3n del producto<\/h3>\n<p><!--more--><\/p>\n<p>Descubre nuestras elegantes verrinas de loto negro de 60 ml. Util\u00edzalas para tus eventos elegantes y modernos. Estos verrines a\u00f1aden un toque sofisticado a tus presentaciones culinarias y cautivan la atenci\u00f3n de tus invitados. Su dise\u00f1o en forma de loto es refinado y contempor\u00e1neo. Ligeras y resistentes, puedes utilizarlas para servir aperitivos, postres o entrantes. Su color negro a\u00f1ade un toque de elegancia y misterio a tus creaciones culinarias. Fabricados en pl\u00e1stico de alta calidad, son duraderos y reutilizables. El tama\u00f1o compacto de 60 ml es perfecto para raciones individuales. Las verrinas de loto negras son f\u00e1ciles de limpiar, lo que garantiza m\u00faltiples usos respetuosos con el medio ambiente. Su acabado liso y brillante realza tus preparaciones, haci\u00e9ndolas a\u00fan m\u00e1s apetitosas. Para una boda, un c\u00f3ctel o un buf\u00e9, estas verrinas son un accesorio esencial. Combinan de maravilla con una gran variedad de estilos decorativos, desde el cl\u00e1sico al moderno. Ap\u00edlalas f\u00e1cilmente para maximizar el espacio de almacenamiento. Las verrinas de loto negro de 60 ml son perfectas para hosteleros y restauradores.   <\/p>\n<p><!--more--><\/p>\n<p>No busques m\u00e1s, nuestras verrinas de loto de pl\u00e1stico negro de 60 ml.<\/p>\n<p>&nbsp;<\/p>\n<p><!--more--><\/p>\n<p><strong>Sus ventajas:<\/strong><\/p>\n<ul>\n<li><strong>Capacidad ideal<\/strong>: Con una capacidad de 60 ml, son perfectas para raciones individuales.<\/li>\n<li><strong>Ligeras<\/strong>: Fabricadas con pl\u00e1stico ligero, son f\u00e1ciles de manejar y transportar.<\/li>\n<li><strong>Reutilizables<\/strong>: F\u00e1ciles de limpiar, se pueden reutilizar, lo que resulta econ\u00f3mico y respetuoso con el medio ambiente.<\/li>\n<li><strong>Versatilidad<\/strong>: Ideal para aperitivos, postres, entrantes y otras preparaciones culinarias.<\/li>\n<\/ul>\n<p><!--more--><\/p>\n<p><a href=\"https:\/\/www.csj-emballages.com\/categorie-produit\/emballages\/boucherie-traiteur-primeur\/coupes-pots-verrines\/verrines\/verrines-verrines\/\">Ver el resto de nuestra gama de verrines<\/a><\/p>\n","protected":false},"excerpt":{"rendered":"<p>Tarros de pl\u00e1stico loto negro 60 ml &#8211; paquete de 40 Descripci\u00f3n del producto<\/p>\n","protected":false},"featured_media":32444,"template":"","meta":{"_acf_changed":false},"product_brand":[],"product_cat":[1150,1143,1324,1326],"product_tag":[],"class_list":{"0":"post-125951","1":"product","2":"type-product","3":"status-publish","4":"has-post-thumbnail","6":"product_cat-envasado-de-alimentos","7":"product_cat-carniceria-y-charcuteria","8":"product_cat-tazas-tarros-vasos","9":"product_cat-verrines-es","11":"first","12":"instock","13":"taxable","14":"shipping-taxable","15":"purchasable","16":"product-type-simple"},"acf":[],"yoast_head":"<!-- This site is optimized with the Yoast SEO Premium plugin v26.6 (Yoast SEO v26.6) - https:\/\/yoast.com\/wordpress\/plugins\/seo\/ -->\n<title>Tarros de loto negro 60ml pl\u00e1stico \/ CSJ Emballages<\/title>\n<meta name=\"description\" content=\"Descubre nuestras elegantes verrinas de loto negro de 60 ml, \u00a1ideales para realzar con sofisticaci\u00f3n tus aperitivos y postres!\" \/>\n<meta name=\"robots\" content=\"index, follow, max-snippet:-1, max-image-preview:large, max-video-preview:-1\" \/>\n<link rel=\"canonical\" href=\"https:\/\/www.csj-emballages.com\/es\/produit\/40-vasos-de-plastico-negro-loto-60-ml\/\" \/>\n<meta property=\"og:locale\" content=\"es_ES\" \/>\n<meta property=\"og:type\" content=\"article\" \/>\n<meta property=\"og:title\" content=\"40 vasos de pl\u00e1stico negro loto 60 ml\" \/>\n<meta property=\"og:description\" content=\"Descubre nuestras elegantes verrinas de loto negro de 60 ml, \u00a1ideales para realzar con sofisticaci\u00f3n tus aperitivos y postres!\" \/>\n<meta property=\"og:url\" content=\"https:\/\/www.csj-emballages.com\/es\/produit\/40-vasos-de-plastico-negro-loto-60-ml\/\" \/>\n<meta property=\"og:site_name\" content=\"CSJ Emballages\" \/>\n<meta property=\"article:publisher\" content=\"https:\/\/www.facebook.com\/csjemballages\" \/>\n<meta property=\"article:modified_time\" content=\"2026-03-25T01:17:56+00:00\" \/>\n<meta property=\"og:image\" content=\"https:\/\/www.csj-emballages.com\/wp-content\/uploads\/2024\/07\/verrine-fleur-de-lotus-noire-6-cl-par-40-jpg-e1721639537513.webp\" \/>\n\t<meta property=\"og:image:width\" content=\"800\" \/>\n\t<meta property=\"og:image:height\" content=\"800\" \/>\n\t<meta property=\"og:image:type\" content=\"image\/jpeg\" \/>\n<meta name=\"twitter:card\" content=\"summary_large_image\" \/>\n<meta name=\"twitter:label1\" content=\"Tiempo de lectura\" \/>\n\t<meta name=\"twitter:data1\" content=\"1 minuto\" \/>\n<script type=\"application\/ld+json\" class=\"yoast-schema-graph\">{\"@context\":\"https:\/\/schema.org\",\"@graph\":[{\"@type\":\"WebPage\",\"@id\":\"https:\/\/www.csj-emballages.com\/es\/produit\/40-vasos-de-plastico-negro-loto-60-ml\/\",\"url\":\"https:\/\/www.csj-emballages.com\/es\/produit\/40-vasos-de-plastico-negro-loto-60-ml\/\",\"name\":\"Tarros de loto negro 60ml pl\u00e1stico \/ CSJ Emballages\",\"isPartOf\":{\"@id\":\"https:\/\/www.csj-emballages.com\/es\/#website\"},\"primaryImageOfPage\":{\"@id\":\"https:\/\/www.csj-emballages.com\/es\/produit\/40-vasos-de-plastico-negro-loto-60-ml\/#primaryimage\"},\"image\":{\"@id\":\"https:\/\/www.csj-emballages.com\/es\/produit\/40-vasos-de-plastico-negro-loto-60-ml\/#primaryimage\"},\"thumbnailUrl\":\"https:\/\/www.csj-emballages.com\/wp-content\/uploads\/2024\/07\/verrine-fleur-de-lotus-noire-6-cl-par-40-jpg-e1721639537513.webp\",\"datePublished\":\"2024-07-18T00:18:16+00:00\",\"dateModified\":\"2026-03-25T01:17:56+00:00\",\"description\":\"Descubre nuestras elegantes verrinas de loto negro de 60 ml, \u00a1ideales para realzar con sofisticaci\u00f3n tus aperitivos y postres!\",\"breadcrumb\":{\"@id\":\"https:\/\/www.csj-emballages.com\/es\/produit\/40-vasos-de-plastico-negro-loto-60-ml\/#breadcrumb\"},\"inLanguage\":\"es\",\"potentialAction\":[{\"@type\":\"ReadAction\",\"target\":[\"https:\/\/www.csj-emballages.com\/es\/produit\/40-vasos-de-plastico-negro-loto-60-ml\/\"]}]},{\"@type\":\"ImageObject\",\"inLanguage\":\"es\",\"@id\":\"https:\/\/www.csj-emballages.com\/es\/produit\/40-vasos-de-plastico-negro-loto-60-ml\/#primaryimage\",\"url\":\"https:\/\/www.csj-emballages.com\/wp-content\/uploads\/2024\/07\/verrine-fleur-de-lotus-noire-6-cl-par-40-jpg-e1721639537513.webp\",\"contentUrl\":\"https:\/\/www.csj-emballages.com\/wp-content\/uploads\/2024\/07\/verrine-fleur-de-lotus-noire-6-cl-par-40-jpg-e1721639537513.webp\",\"width\":800,\"height\":800,\"caption\":\"Verrines lotus noires 60ml\"},{\"@type\":\"BreadcrumbList\",\"@id\":\"https:\/\/www.csj-emballages.com\/es\/produit\/40-vasos-de-plastico-negro-loto-60-ml\/#breadcrumb\",\"itemListElement\":[{\"@type\":\"ListItem\",\"position\":1,\"name\":\"Accueil\",\"item\":\"https:\/\/www.csj-emballages.com\/es\/universo-del-envasado-alimentario\/\"},{\"@type\":\"ListItem\",\"position\":2,\"name\":\"Tienda\",\"item\":\"https:\/\/www.csj-emballages.com\/tienda\/\"},{\"@type\":\"ListItem\",\"position\":3,\"name\":\"40 vasos de pl\u00e1stico negro loto 60 ml\"}]},{\"@type\":\"WebSite\",\"@id\":\"https:\/\/www.csj-emballages.com\/es\/#website\",\"url\":\"https:\/\/www.csj-emballages.com\/es\/\",\"name\":\"CSJ Emballages\",\"description\":\"\",\"publisher\":{\"@id\":\"https:\/\/www.csj-emballages.com\/es\/#organization\"},\"potentialAction\":[{\"@type\":\"SearchAction\",\"target\":{\"@type\":\"EntryPoint\",\"urlTemplate\":\"https:\/\/www.csj-emballages.com\/es\/?s={search_term_string}\"},\"query-input\":{\"@type\":\"PropertyValueSpecification\",\"valueRequired\":true,\"valueName\":\"search_term_string\"}}],\"inLanguage\":\"es\"},{\"@type\":\"Organization\",\"@id\":\"https:\/\/www.csj-emballages.com\/es\/#Organization\/\",\"name\":\"CSJ Emballages\",\"url\":\"https:\/\/www.csj-emballages.com\/es\/\",\"logo\":{\"@type\":\"ImageObject\",\"inLanguage\":\"es\",\"@id\":\"https:\/\/www.csj-emballages.com\/es\/#\/schema\/logo\/image\/\",\"url\":\"https:\/\/www.csj-emballages.com\/wp-content\/uploads\/2023\/10\/logo_csj.webp\",\"contentUrl\":\"https:\/\/www.csj-emballages.com\/wp-content\/uploads\/2023\/10\/logo_csj.webp\",\"width\":250,\"height\":95,\"caption\":\"CSJ Emballages\"},\"image\":{\"@id\":\"https:\/\/www.csj-emballages.com\/es\/#\/schema\/logo\/image\/\"},\"sameAs\":[\"https:\/\/www.facebook.com\/csjemballages\"],\"address\":{\"@type\":\"PostalAddress\",\"streetAddress\":\"ZI La Lechere\",\"addressLocality\":\"Patornay\",\"postalCode\":\"39130\",\"addressCountry\":\"FR\"},\"contactPoint\":[{\"@type\":\"ContactPoint\",\"contactType\":\"Service client\",\"telephone\":\"0384254272\",\"email\":\"contact@csj-emballages.com\"}]}]}<\/script>\n<!-- \/ Yoast SEO Premium plugin. -->","yoast_head_json":{"title":"Tarros de loto negro 60ml pl\u00e1stico \/ CSJ Emballages","description":"Descubre nuestras elegantes verrinas de loto negro de 60 ml, \u00a1ideales para realzar con sofisticaci\u00f3n tus aperitivos y postres!","robots":{"index":"index","follow":"follow","max-snippet":"max-snippet:-1","max-image-preview":"max-image-preview:large","max-video-preview":"max-video-preview:-1"},"canonical":"https:\/\/www.csj-emballages.com\/es\/produit\/40-vasos-de-plastico-negro-loto-60-ml\/","og_locale":"es_ES","og_type":"article","og_title":"40 vasos de pl\u00e1stico negro loto 60 ml","og_description":"Descubre nuestras elegantes verrinas de loto negro de 60 ml, \u00a1ideales para realzar con sofisticaci\u00f3n tus aperitivos y postres!","og_url":"https:\/\/www.csj-emballages.com\/es\/produit\/40-vasos-de-plastico-negro-loto-60-ml\/","og_site_name":"CSJ Emballages","article_publisher":"https:\/\/www.facebook.com\/csjemballages","article_modified_time":"2026-03-25T01:17:56+00:00","og_image":[{"width":800,"height":800,"url":"https:\/\/www.csj-emballages.com\/wp-content\/uploads\/2024\/07\/verrine-fleur-de-lotus-noire-6-cl-par-40-jpg-e1721639537513.webp","type":"image\/jpeg"}],"twitter_card":"summary_large_image","twitter_misc":{"Tiempo de lectura":"1 minuto"},"schema":{"@context":"https:\/\/schema.org","@graph":[{"@type":"WebPage","@id":"https:\/\/www.csj-emballages.com\/es\/produit\/40-vasos-de-plastico-negro-loto-60-ml\/","url":"https:\/\/www.csj-emballages.com\/es\/produit\/40-vasos-de-plastico-negro-loto-60-ml\/","name":"Tarros de loto negro 60ml pl\u00e1stico \/ CSJ Emballages","isPartOf":{"@id":"https:\/\/www.csj-emballages.com\/es\/#website"},"primaryImageOfPage":{"@id":"https:\/\/www.csj-emballages.com\/es\/produit\/40-vasos-de-plastico-negro-loto-60-ml\/#primaryimage"},"image":{"@id":"https:\/\/www.csj-emballages.com\/es\/produit\/40-vasos-de-plastico-negro-loto-60-ml\/#primaryimage"},"thumbnailUrl":"https:\/\/www.csj-emballages.com\/wp-content\/uploads\/2024\/07\/verrine-fleur-de-lotus-noire-6-cl-par-40-jpg-e1721639537513.webp","datePublished":"2024-07-18T00:18:16+00:00","dateModified":"2026-03-25T01:17:56+00:00","description":"Descubre nuestras elegantes verrinas de loto negro de 60 ml, \u00a1ideales para realzar con sofisticaci\u00f3n tus aperitivos y postres!","breadcrumb":{"@id":"https:\/\/www.csj-emballages.com\/es\/produit\/40-vasos-de-plastico-negro-loto-60-ml\/#breadcrumb"},"inLanguage":"es","potentialAction":[{"@type":"ReadAction","target":["https:\/\/www.csj-emballages.com\/es\/produit\/40-vasos-de-plastico-negro-loto-60-ml\/"]}]},{"@type":"ImageObject","inLanguage":"es","@id":"https:\/\/www.csj-emballages.com\/es\/produit\/40-vasos-de-plastico-negro-loto-60-ml\/#primaryimage","url":"https:\/\/www.csj-emballages.com\/wp-content\/uploads\/2024\/07\/verrine-fleur-de-lotus-noire-6-cl-par-40-jpg-e1721639537513.webp","contentUrl":"https:\/\/www.csj-emballages.com\/wp-content\/uploads\/2024\/07\/verrine-fleur-de-lotus-noire-6-cl-par-40-jpg-e1721639537513.webp","width":800,"height":800,"caption":"Verrines lotus noires 60ml"},{"@type":"BreadcrumbList","@id":"https:\/\/www.csj-emballages.com\/es\/produit\/40-vasos-de-plastico-negro-loto-60-ml\/#breadcrumb","itemListElement":[{"@type":"ListItem","position":1,"name":"Accueil","item":"https:\/\/www.csj-emballages.com\/es\/universo-del-envasado-alimentario\/"},{"@type":"ListItem","position":2,"name":"Tienda","item":"https:\/\/www.csj-emballages.com\/tienda\/"},{"@type":"ListItem","position":3,"name":"40 vasos de pl\u00e1stico negro loto 60 ml"}]},{"@type":"WebSite","@id":"https:\/\/www.csj-emballages.com\/es\/#website","url":"https:\/\/www.csj-emballages.com\/es\/","name":"CSJ Emballages","description":"","publisher":{"@id":"https:\/\/www.csj-emballages.com\/es\/#organization"},"potentialAction":[{"@type":"SearchAction","target":{"@type":"EntryPoint","urlTemplate":"https:\/\/www.csj-emballages.com\/es\/?s={search_term_string}"},"query-input":{"@type":"PropertyValueSpecification","valueRequired":true,"valueName":"search_term_string"}}],"inLanguage":"es"},{"@type":"Organization","@id":"https:\/\/www.csj-emballages.com\/es\/#Organization\/","name":"CSJ Emballages","url":"https:\/\/www.csj-emballages.com\/es\/","logo":{"@type":"ImageObject","inLanguage":"es","@id":"https:\/\/www.csj-emballages.com\/es\/#\/schema\/logo\/image\/","url":"https:\/\/www.csj-emballages.com\/wp-content\/uploads\/2023\/10\/logo_csj.webp","contentUrl":"https:\/\/www.csj-emballages.com\/wp-content\/uploads\/2023\/10\/logo_csj.webp","width":250,"height":95,"caption":"CSJ Emballages"},"image":{"@id":"https:\/\/www.csj-emballages.com\/es\/#\/schema\/logo\/image\/"},"sameAs":["https:\/\/www.facebook.com\/csjemballages"],"address":{"@type":"PostalAddress","streetAddress":"ZI La Lechere","addressLocality":"Patornay","postalCode":"39130","addressCountry":"FR"},"contactPoint":[{"@type":"ContactPoint","contactType":"Service client","telephone":"0384254272","email":"contact@csj-emballages.com"}]}]}},"df_price":12.68,"df_sale_price":"","df_regular_price":12.68,"df_image_link":"https:\/\/www.csj-emballages.com\/wp-content\/uploads\/2024\/07\/verrine-fleur-de-lotus-noire-6-cl-par-40-300x300.webp","tiered_pricing_type":"fixed","tiered_pricing_fixed_rules":[],"tiered_pricing_percentage_rules":[],"tiered_pricing_minimum":1,"tiered_pricing_roles_data":[],"_links":{"self":[{"href":"https:\/\/www.csj-emballages.com\/es\/wp-json\/wp\/v2\/product\/125951","targetHints":{"allow":["GET"]}}],"collection":[{"href":"https:\/\/www.csj-emballages.com\/es\/wp-json\/wp\/v2\/product"}],"about":[{"href":"https:\/\/www.csj-emballages.com\/es\/wp-json\/wp\/v2\/types\/product"}],"wp:featuredmedia":[{"embeddable":true,"href":"https:\/\/www.csj-emballages.com\/es\/wp-json\/wp\/v2\/media\/32444"}],"wp:attachment":[{"href":"https:\/\/www.csj-emballages.com\/es\/wp-json\/wp\/v2\/media?parent=125951"}],"wp:term":[{"taxonomy":"product_brand","embeddable":true,"href":"https:\/\/www.csj-emballages.com\/es\/wp-json\/wp\/v2\/product_brand?post=125951"},{"taxonomy":"product_cat","embeddable":true,"href":"https:\/\/www.csj-emballages.com\/es\/wp-json\/wp\/v2\/product_cat?post=125951"},{"taxonomy":"product_tag","embeddable":true,"href":"https:\/\/www.csj-emballages.com\/es\/wp-json\/wp\/v2\/product_tag?post=125951"}],"curies":[{"name":"wp","href":"https:\/\/api.w.org\/{rel}","templated":true}]}}