{"id":125947,"date":"2024-07-16T02:18:18","date_gmt":"2024-07-16T00:18:18","guid":{"rendered":"https:\/\/www.csj-emballages.com\/produit\/jarra-de-plastico-reutilizable-de-15-litros-con-asa-pp\/"},"modified":"2026-05-06T17:00:52","modified_gmt":"2026-05-06T15:00:52","slug":"jarra-de-plastico-reutilizable-de-15-litros-con-asa-pp","status":"publish","type":"product","link":"https:\/\/www.csj-emballages.com\/es\/produit\/jarra-de-plastico-reutilizable-de-15-litros-con-asa-pp\/","title":{"rendered":"Jarra de pl\u00e1stico reutilizable de 1,5 litros con asa PP"},"content":{"rendered":"<h2>Jarra de pl\u00e1stico reutilizable de 1,5 litros con asa PP<\/h2>\n<hr>\n<h3>Descripci\u00f3n del producto<\/h3>\n<p><!--more--><\/p>\n<div class=\"flex flex-grow flex-col max-w-full\">\n<div class=\"min-h-[20px] text-message flex w-full flex-col items-end gap-2 whitespace-pre-wrap break-words [.text-message+&amp;]:mt-5 overflow-x-auto\" dir=\"auto\" data-message-author-role=\"assistant\" data-message-id=\"e8eda74c-3650-4a65-bd98-4075df03a33e\">\n<div class=\"flex w-full flex-col gap-1 empty:hidden first:pt-[3px]\">\n<div class=\"markdown prose w-full break-words dark:prose-invert light\">\n<p>Descubra nuestra jarra de pl\u00e1stico de 1,5 L con asa, la soluci\u00f3n ideal para todas sus bebidas. Fabricada en polipropileno (PP), esta jarra reutilizable combina robustez y ligereza para un uso diario. El asa ergon\u00f3mica hace que sea f\u00e1cil y c\u00f3moda de sujetar, incluso cuando est\u00e1 llena. Adem\u00e1s, su dise\u00f1o transparente permite ver el contenido de un vistazo, lo que facilita el servicio. Perfecta para agua, zumos, c\u00f3cteles y mucho m\u00e1s, combina con cualquier mesa. Su gran capacidad de 1,5 litros es ideal para comidas con familiares y amigos. Gracias a su fabricaci\u00f3n en PP, es resistente a los golpes y no se rompe f\u00e1cilmente.      <\/p>\n<p>Util\u00edzala para picnics, barbacoas o fiestas. Invierta en esta jarra sostenible para reducir su consumo de pl\u00e1stico de un solo uso. Simplifique su d\u00eda a d\u00eda con nuestra jarra de pl\u00e1stico reutilizable de 1,5 L con asa, una opci\u00f3n ecol\u00f3gica y econ\u00f3mica.  <\/p>\n<p>&nbsp;<\/p>\n<\/div>\n<\/div>\n<\/div>\n<\/div>\n<p><!--more--><\/p>\n<div class=\"flex flex-grow flex-col max-w-full\">\n<div class=\"min-h-[20px] text-message flex w-full flex-col items-end gap-2 whitespace-pre-wrap break-words [.text-message+&amp;]:mt-5 overflow-x-auto\" dir=\"auto\" data-message-author-role=\"assistant\" data-message-id=\"e8eda74c-3650-4a65-bd98-4075df03a33e\">\n<div class=\"flex w-full flex-col gap-1 empty:hidden first:pt-[3px]\">\n<div class=\"markdown prose w-full break-words dark:prose-invert light\">\n<p>Reg\u00e1late calidad y durabilidad con este vers\u00e1til decantador.<\/p>\n<\/div>\n<\/div>\n<\/div>\n<\/div>\n<p>&nbsp;<\/p>\n<p><!--more--><\/p>\n<h4><strong>Sus ventajas:<\/strong><\/h4>\n<ul>\n<li><strong>Robusta y ligera: <\/strong>Fabricada en polipropileno, es resistente a los golpes y f\u00e1cil de manejar.<\/li>\n<li><strong>Dise\u00f1o transparente<\/strong>: Permite ver f\u00e1cilmente el contenido, facilitando el servicio y la gesti\u00f3n de las bebidas.<\/li>\n<li><strong>Gran capacidad<\/strong>: Con 1,5 litros, es perfecta para comidas familiares o eventos.<\/li>\n<li><strong>Vers\u00e1til<\/strong>: Ideal para agua, zumos, c\u00f3cteles y mucho m\u00e1s, es perfecta para cualquier ocasi\u00f3n.<\/li>\n<\/ul>\n<p>&nbsp;<\/p>\n<p><!--more--><\/p>\n<h4><strong>Informaci\u00f3n adicional :<\/strong><\/h4>\n<ul>\n<li>Este decantador est\u00e1 graduado de 100 a 1400 ml.<\/li>\n<\/ul>\n<p>&nbsp;<\/p>\n<p><!--more--><\/p>\n<p><a href=\"\/?product_cat=vaisselles-reutilisables\">Ver el resto de nuestra gama de platos reutilizables<\/a><\/p>\n","protected":false},"excerpt":{"rendered":"<p>Jarra de pl\u00e1stico reutilizable de 1,5 litros con asa PP Descripci\u00f3n del producto<\/p>\n","protected":false},"featured_media":32509,"template":"","meta":{"_acf_changed":false},"product_brand":[],"product_cat":[1150,6718],"product_tag":[],"class_list":{"0":"post-125947","1":"product","2":"type-product","3":"status-publish","4":"has-post-thumbnail","6":"product_cat-envasado-de-alimentos","7":"product_cat-platos-reutilizables","9":"first","10":"instock","11":"taxable","12":"shipping-taxable","13":"purchasable","14":"product-type-simple"},"acf":[],"yoast_head":"<!-- This site is optimized with the Yoast SEO Premium plugin v26.6 (Yoast SEO v26.6) - https:\/\/yoast.com\/wordpress\/plugins\/seo\/ -->\n<title>Jarra de pl\u00e1stico con asa 1,5L \/ CSJ Emballages<\/title>\n<meta name=\"description\" content=\"Jarra de pl\u00e1stico de 1,5 L con asa ergon\u00f3mica. Reutilizable y robusta, \u00a1esta jarra es ideal para todas tus bebidas!\" \/>\n<meta name=\"robots\" content=\"index, follow, max-snippet:-1, max-image-preview:large, max-video-preview:-1\" \/>\n<link rel=\"canonical\" href=\"https:\/\/www.csj-emballages.com\/es\/produit\/jarra-de-plastico-reutilizable-de-15-litros-con-asa-pp\/\" \/>\n<meta property=\"og:locale\" content=\"es_ES\" \/>\n<meta property=\"og:type\" content=\"article\" \/>\n<meta property=\"og:title\" content=\"Jarra de pl\u00e1stico reutilizable de 1,5 litros con asa PP\" \/>\n<meta property=\"og:description\" content=\"Jarra de pl\u00e1stico de 1,5 L con asa ergon\u00f3mica. Reutilizable y robusta, \u00a1esta jarra es ideal para todas tus bebidas!\" \/>\n<meta property=\"og:url\" content=\"https:\/\/www.csj-emballages.com\/es\/produit\/jarra-de-plastico-reutilizable-de-15-litros-con-asa-pp\/\" \/>\n<meta property=\"og:site_name\" content=\"CSJ Emballages\" \/>\n<meta property=\"article:publisher\" content=\"https:\/\/www.facebook.com\/csjemballages\" \/>\n<meta property=\"article:modified_time\" content=\"2026-05-06T15:00:52+00:00\" \/>\n<meta property=\"og:image\" content=\"https:\/\/www.csj-emballages.com\/wp-content\/uploads\/2024\/07\/0ebe232d-5766-41f1-9874-9c6ca7324b69-removebg-preview-e1721655266476.png\" \/>\n\t<meta property=\"og:image:width\" content=\"499\" \/>\n\t<meta property=\"og:image:height\" content=\"500\" \/>\n\t<meta property=\"og:image:type\" content=\"image\/png\" \/>\n<meta name=\"twitter:card\" content=\"summary_large_image\" \/>\n<meta name=\"twitter:label1\" content=\"Tiempo de lectura\" \/>\n\t<meta name=\"twitter:data1\" content=\"1 minuto\" \/>\n<script type=\"application\/ld+json\" class=\"yoast-schema-graph\">{\"@context\":\"https:\/\/schema.org\",\"@graph\":[{\"@type\":\"WebPage\",\"@id\":\"https:\/\/www.csj-emballages.com\/es\/produit\/jarra-de-plastico-reutilizable-de-15-litros-con-asa-pp\/\",\"url\":\"https:\/\/www.csj-emballages.com\/es\/produit\/jarra-de-plastico-reutilizable-de-15-litros-con-asa-pp\/\",\"name\":\"Jarra de pl\u00e1stico con asa 1,5L \/ CSJ Emballages\",\"isPartOf\":{\"@id\":\"https:\/\/www.csj-emballages.com\/es\/#website\"},\"primaryImageOfPage\":{\"@id\":\"https:\/\/www.csj-emballages.com\/es\/produit\/jarra-de-plastico-reutilizable-de-15-litros-con-asa-pp\/#primaryimage\"},\"image\":{\"@id\":\"https:\/\/www.csj-emballages.com\/es\/produit\/jarra-de-plastico-reutilizable-de-15-litros-con-asa-pp\/#primaryimage\"},\"thumbnailUrl\":\"https:\/\/www.csj-emballages.com\/wp-content\/uploads\/2024\/07\/0ebe232d-5766-41f1-9874-9c6ca7324b69-removebg-preview-e1721655266476.png\",\"datePublished\":\"2024-07-16T00:18:18+00:00\",\"dateModified\":\"2026-05-06T15:00:52+00:00\",\"description\":\"Jarra de pl\u00e1stico de 1,5 L con asa ergon\u00f3mica. Reutilizable y robusta, \u00a1esta jarra es ideal para todas tus bebidas!\",\"breadcrumb\":{\"@id\":\"https:\/\/www.csj-emballages.com\/es\/produit\/jarra-de-plastico-reutilizable-de-15-litros-con-asa-pp\/#breadcrumb\"},\"inLanguage\":\"es\",\"potentialAction\":[{\"@type\":\"ReadAction\",\"target\":[\"https:\/\/www.csj-emballages.com\/es\/produit\/jarra-de-plastico-reutilizable-de-15-litros-con-asa-pp\/\"]}]},{\"@type\":\"ImageObject\",\"inLanguage\":\"es\",\"@id\":\"https:\/\/www.csj-emballages.com\/es\/produit\/jarra-de-plastico-reutilizable-de-15-litros-con-asa-pp\/#primaryimage\",\"url\":\"https:\/\/www.csj-emballages.com\/wp-content\/uploads\/2024\/07\/0ebe232d-5766-41f1-9874-9c6ca7324b69-removebg-preview-e1721655266476.png\",\"contentUrl\":\"https:\/\/www.csj-emballages.com\/wp-content\/uploads\/2024\/07\/0ebe232d-5766-41f1-9874-9c6ca7324b69-removebg-preview-e1721655266476.png\",\"width\":499,\"height\":500,\"caption\":\"Carafe plastique avec poign\u00e9e 1.5L\"},{\"@type\":\"BreadcrumbList\",\"@id\":\"https:\/\/www.csj-emballages.com\/es\/produit\/jarra-de-plastico-reutilizable-de-15-litros-con-asa-pp\/#breadcrumb\",\"itemListElement\":[{\"@type\":\"ListItem\",\"position\":1,\"name\":\"Accueil\",\"item\":\"https:\/\/www.csj-emballages.com\/es\/universo-del-envasado-alimentario\/\"},{\"@type\":\"ListItem\",\"position\":2,\"name\":\"Tienda\",\"item\":\"https:\/\/www.csj-emballages.com\/tienda\/\"},{\"@type\":\"ListItem\",\"position\":3,\"name\":\"Jarra de pl\u00e1stico reutilizable de 1,5 litros con asa PP\"}]},{\"@type\":\"WebSite\",\"@id\":\"https:\/\/www.csj-emballages.com\/es\/#website\",\"url\":\"https:\/\/www.csj-emballages.com\/es\/\",\"name\":\"CSJ Emballages\",\"description\":\"\",\"publisher\":{\"@id\":\"https:\/\/www.csj-emballages.com\/es\/#organization\"},\"potentialAction\":[{\"@type\":\"SearchAction\",\"target\":{\"@type\":\"EntryPoint\",\"urlTemplate\":\"https:\/\/www.csj-emballages.com\/es\/?s={search_term_string}\"},\"query-input\":{\"@type\":\"PropertyValueSpecification\",\"valueRequired\":true,\"valueName\":\"search_term_string\"}}],\"inLanguage\":\"es\"},{\"@type\":\"Organization\",\"@id\":\"https:\/\/www.csj-emballages.com\/es\/#Organization\/\",\"name\":\"CSJ Emballages\",\"url\":\"https:\/\/www.csj-emballages.com\/es\/\",\"logo\":{\"@type\":\"ImageObject\",\"inLanguage\":\"es\",\"@id\":\"https:\/\/www.csj-emballages.com\/es\/#\/schema\/logo\/image\/\",\"url\":\"https:\/\/www.csj-emballages.com\/wp-content\/uploads\/2023\/10\/logo_csj.webp\",\"contentUrl\":\"https:\/\/www.csj-emballages.com\/wp-content\/uploads\/2023\/10\/logo_csj.webp\",\"width\":250,\"height\":95,\"caption\":\"CSJ Emballages\"},\"image\":{\"@id\":\"https:\/\/www.csj-emballages.com\/es\/#\/schema\/logo\/image\/\"},\"sameAs\":[\"https:\/\/www.facebook.com\/csjemballages\"],\"address\":{\"@type\":\"PostalAddress\",\"streetAddress\":\"ZI La Lechere\",\"addressLocality\":\"Patornay\",\"postalCode\":\"39130\",\"addressCountry\":\"FR\"},\"contactPoint\":[{\"@type\":\"ContactPoint\",\"contactType\":\"Service client\",\"telephone\":\"0384254272\",\"email\":\"contact@csj-emballages.com\"}]}]}<\/script>\n<!-- \/ Yoast SEO Premium plugin. -->","yoast_head_json":{"title":"Jarra de pl\u00e1stico con asa 1,5L \/ CSJ Emballages","description":"Jarra de pl\u00e1stico de 1,5 L con asa ergon\u00f3mica. Reutilizable y robusta, \u00a1esta jarra es ideal para todas tus bebidas!","robots":{"index":"index","follow":"follow","max-snippet":"max-snippet:-1","max-image-preview":"max-image-preview:large","max-video-preview":"max-video-preview:-1"},"canonical":"https:\/\/www.csj-emballages.com\/es\/produit\/jarra-de-plastico-reutilizable-de-15-litros-con-asa-pp\/","og_locale":"es_ES","og_type":"article","og_title":"Jarra de pl\u00e1stico reutilizable de 1,5 litros con asa PP","og_description":"Jarra de pl\u00e1stico de 1,5 L con asa ergon\u00f3mica. Reutilizable y robusta, \u00a1esta jarra es ideal para todas tus bebidas!","og_url":"https:\/\/www.csj-emballages.com\/es\/produit\/jarra-de-plastico-reutilizable-de-15-litros-con-asa-pp\/","og_site_name":"CSJ Emballages","article_publisher":"https:\/\/www.facebook.com\/csjemballages","article_modified_time":"2026-05-06T15:00:52+00:00","og_image":[{"width":499,"height":500,"url":"https:\/\/www.csj-emballages.com\/wp-content\/uploads\/2024\/07\/0ebe232d-5766-41f1-9874-9c6ca7324b69-removebg-preview-e1721655266476.png","type":"image\/png"}],"twitter_card":"summary_large_image","twitter_misc":{"Tiempo de lectura":"1 minuto"},"schema":{"@context":"https:\/\/schema.org","@graph":[{"@type":"WebPage","@id":"https:\/\/www.csj-emballages.com\/es\/produit\/jarra-de-plastico-reutilizable-de-15-litros-con-asa-pp\/","url":"https:\/\/www.csj-emballages.com\/es\/produit\/jarra-de-plastico-reutilizable-de-15-litros-con-asa-pp\/","name":"Jarra de pl\u00e1stico con asa 1,5L \/ CSJ Emballages","isPartOf":{"@id":"https:\/\/www.csj-emballages.com\/es\/#website"},"primaryImageOfPage":{"@id":"https:\/\/www.csj-emballages.com\/es\/produit\/jarra-de-plastico-reutilizable-de-15-litros-con-asa-pp\/#primaryimage"},"image":{"@id":"https:\/\/www.csj-emballages.com\/es\/produit\/jarra-de-plastico-reutilizable-de-15-litros-con-asa-pp\/#primaryimage"},"thumbnailUrl":"https:\/\/www.csj-emballages.com\/wp-content\/uploads\/2024\/07\/0ebe232d-5766-41f1-9874-9c6ca7324b69-removebg-preview-e1721655266476.png","datePublished":"2024-07-16T00:18:18+00:00","dateModified":"2026-05-06T15:00:52+00:00","description":"Jarra de pl\u00e1stico de 1,5 L con asa ergon\u00f3mica. Reutilizable y robusta, \u00a1esta jarra es ideal para todas tus bebidas!","breadcrumb":{"@id":"https:\/\/www.csj-emballages.com\/es\/produit\/jarra-de-plastico-reutilizable-de-15-litros-con-asa-pp\/#breadcrumb"},"inLanguage":"es","potentialAction":[{"@type":"ReadAction","target":["https:\/\/www.csj-emballages.com\/es\/produit\/jarra-de-plastico-reutilizable-de-15-litros-con-asa-pp\/"]}]},{"@type":"ImageObject","inLanguage":"es","@id":"https:\/\/www.csj-emballages.com\/es\/produit\/jarra-de-plastico-reutilizable-de-15-litros-con-asa-pp\/#primaryimage","url":"https:\/\/www.csj-emballages.com\/wp-content\/uploads\/2024\/07\/0ebe232d-5766-41f1-9874-9c6ca7324b69-removebg-preview-e1721655266476.png","contentUrl":"https:\/\/www.csj-emballages.com\/wp-content\/uploads\/2024\/07\/0ebe232d-5766-41f1-9874-9c6ca7324b69-removebg-preview-e1721655266476.png","width":499,"height":500,"caption":"Carafe plastique avec poign\u00e9e 1.5L"},{"@type":"BreadcrumbList","@id":"https:\/\/www.csj-emballages.com\/es\/produit\/jarra-de-plastico-reutilizable-de-15-litros-con-asa-pp\/#breadcrumb","itemListElement":[{"@type":"ListItem","position":1,"name":"Accueil","item":"https:\/\/www.csj-emballages.com\/es\/universo-del-envasado-alimentario\/"},{"@type":"ListItem","position":2,"name":"Tienda","item":"https:\/\/www.csj-emballages.com\/tienda\/"},{"@type":"ListItem","position":3,"name":"Jarra de pl\u00e1stico reutilizable de 1,5 litros con asa PP"}]},{"@type":"WebSite","@id":"https:\/\/www.csj-emballages.com\/es\/#website","url":"https:\/\/www.csj-emballages.com\/es\/","name":"CSJ Emballages","description":"","publisher":{"@id":"https:\/\/www.csj-emballages.com\/es\/#organization"},"potentialAction":[{"@type":"SearchAction","target":{"@type":"EntryPoint","urlTemplate":"https:\/\/www.csj-emballages.com\/es\/?s={search_term_string}"},"query-input":{"@type":"PropertyValueSpecification","valueRequired":true,"valueName":"search_term_string"}}],"inLanguage":"es"},{"@type":"Organization","@id":"https:\/\/www.csj-emballages.com\/es\/#Organization\/","name":"CSJ Emballages","url":"https:\/\/www.csj-emballages.com\/es\/","logo":{"@type":"ImageObject","inLanguage":"es","@id":"https:\/\/www.csj-emballages.com\/es\/#\/schema\/logo\/image\/","url":"https:\/\/www.csj-emballages.com\/wp-content\/uploads\/2023\/10\/logo_csj.webp","contentUrl":"https:\/\/www.csj-emballages.com\/wp-content\/uploads\/2023\/10\/logo_csj.webp","width":250,"height":95,"caption":"CSJ Emballages"},"image":{"@id":"https:\/\/www.csj-emballages.com\/es\/#\/schema\/logo\/image\/"},"sameAs":["https:\/\/www.facebook.com\/csjemballages"],"address":{"@type":"PostalAddress","streetAddress":"ZI La Lechere","addressLocality":"Patornay","postalCode":"39130","addressCountry":"FR"},"contactPoint":[{"@type":"ContactPoint","contactType":"Service client","telephone":"0384254272","email":"contact@csj-emballages.com"}]}]}},"df_price":1.44,"df_sale_price":"","df_regular_price":1.44,"df_image_link":"https:\/\/www.csj-emballages.com\/wp-content\/uploads\/2024\/07\/0ebe232d-5766-41f1-9874-9c6ca7324b69-removebg-preview-300x300.png","tiered_pricing_type":"fixed","tiered_pricing_fixed_rules":[],"tiered_pricing_percentage_rules":[],"tiered_pricing_minimum":1,"tiered_pricing_roles_data":[],"_links":{"self":[{"href":"https:\/\/www.csj-emballages.com\/es\/wp-json\/wp\/v2\/product\/125947","targetHints":{"allow":["GET"]}}],"collection":[{"href":"https:\/\/www.csj-emballages.com\/es\/wp-json\/wp\/v2\/product"}],"about":[{"href":"https:\/\/www.csj-emballages.com\/es\/wp-json\/wp\/v2\/types\/product"}],"wp:featuredmedia":[{"embeddable":true,"href":"https:\/\/www.csj-emballages.com\/es\/wp-json\/wp\/v2\/media\/32509"}],"wp:attachment":[{"href":"https:\/\/www.csj-emballages.com\/es\/wp-json\/wp\/v2\/media?parent=125947"}],"wp:term":[{"taxonomy":"product_brand","embeddable":true,"href":"https:\/\/www.csj-emballages.com\/es\/wp-json\/wp\/v2\/product_brand?post=125947"},{"taxonomy":"product_cat","embeddable":true,"href":"https:\/\/www.csj-emballages.com\/es\/wp-json\/wp\/v2\/product_cat?post=125947"},{"taxonomy":"product_tag","embeddable":true,"href":"https:\/\/www.csj-emballages.com\/es\/wp-json\/wp\/v2\/product_tag?post=125947"}],"curies":[{"name":"wp","href":"https:\/\/api.w.org\/{rel}","templated":true}]}}