{"id":125942,"date":"2024-07-16T02:18:20","date_gmt":"2024-07-16T00:18:20","guid":{"rendered":"https:\/\/www.csj-emballages.com\/?post_type=product&#038;p=125942"},"modified":"2026-04-30T02:17:05","modified_gmt":"2026-04-30T00:17:05","slug":"50-cajas-kraft-para-llevar-144-x-85-x-60-mm","status":"publish","type":"product","link":"https:\/\/www.csj-emballages.com\/es\/produit\/50-cajas-kraft-para-llevar-144-x-85-x-60-mm\/","title":{"rendered":"Caja de cart\u00f3n para pepitas para llevar 144 x 85 x 60 mm, paquete de 50"},"content":{"rendered":"<h2>Caja de pepitas<\/h2>\n<hr>\n<h3>Descripci\u00f3n de nuestra caja de cart\u00f3n de pepitas para llevar 144 x 85 x 60 mm, paquete de 50<\/h3>\n<p><!--more--><\/p>\n<p data-start=\"297\" data-end=\"702\">\u00bfBusca una soluci\u00f3n pr\u00e1ctica y limpia para servir sus nuggets para llevar? Esta <strong data-start=\"386\" data-end=\"413\">caja de cart\u00f3n para nuggets<\/strong> <strong data-start=\"417\" data-end=\"437\">de 144 x 85 x 60 mm<\/strong>, que se vende en <strong>paquetes de 50 unidades<\/strong>, es perfecta para restaurantes, food trucks, bares de aperitivos o servicios de reparto. Gracias a su formato compacto pero generoso, puede contener f\u00e1cilmente una raci\u00f3n de nuggets, as\u00ed como bocaditos, tenders o guarniciones.  <\/p>\n<p data-start=\"704\" data-end=\"985\">Fabricada en <strong>cart\u00f3n grueso<\/strong> y resistente, mantiene muy bien los alimentos calientes. Adem\u00e1s, se cierra en un abrir y cerrar de ojos gracias a su intuitivo sistema de solapas. As\u00ed podr\u00e1 ahorrar tiempo durante su servicio a la vez que ofrece a sus clientes una presentaci\u00f3n ordenada y segura.  <\/p>\n<p data-start=\"987\" data-end=\"1271\">Adem\u00e1s, su dise\u00f1o sencillo y neutro encaja con cualquier r\u00f3tulo. Incluso puede a\u00f1adir una pegatina o un sello para reforzar su identidad corporativa. Su interior resistente a la grasa evita derrames y mantiene tu comida apetitosa hasta que est\u00e9s listo para comerla.  <\/p>\n<p data-start=\"1273\" data-end=\"1418\">Esta <strong>caja para pepitas<\/strong> es, por tanto, una soluci\u00f3n de embalaje fiable, pr\u00e1ctica y econ\u00f3mica para todos los profesionales que buscan una soluci\u00f3n eficaz para el d\u00eda a d\u00eda.<\/p>\n<p>&nbsp;<\/p>\n<p><!--more--><\/p>\n<p><strong><span style=\"color: #ff0000;\">*Opciones de personalizaci\u00f3n<\/span><\/strong><\/p>\n<p>&nbsp;<\/p>\n<p><!--more--><\/p>\n<h4>Ventajas :<\/h4>\n<ul>\n<li data-start=\"1446\" data-end=\"1510\">Caja s\u00f3lida que soporta muy bien los alimentos calientes y grasos.<\/li>\n<li data-start=\"1513\" data-end=\"1569\">Ideal para <strong>nuggets<\/strong>, <strong>tenders<\/strong> y <strong>porciones peque\u00f1as<\/strong>.<\/li>\n<li data-start=\"1572\" data-end=\"1624\">El cierre r\u00e1pido e intuitivo ahorra tiempo.<\/li>\n<li data-start=\"1627\" data-end=\"1683\"><strong>Cart\u00f3n<\/strong>: una soluci\u00f3n m\u00e1s responsable que el pl\u00e1stico.<\/li>\n<li data-start=\"1686\" data-end=\"1739\"><strong>Se venden en paquetes de 50 unidades<\/strong> y ofrecen una excelente relaci\u00f3n calidad-precio.<\/li>\n<li data-start=\"1742\" data-end=\"1799\">Presentaci\u00f3n limpia y profesional para sus clientes.<\/li>\n<\/ul>\n<p>&nbsp;<\/p>\n<p><!--more--><\/p>\n<h4>Informaci\u00f3n adicional :<\/h4>\n<ul>\n<li><strong>Envase<\/strong>: Paquete de 50<\/li>\n<li><strong>Dimensiones<\/strong>: 144 x 85 x 60 mm<\/li>\n<li><strong>Material<\/strong>: Cart\u00f3n<\/li>\n<li><strong>Color<\/strong>: Marr\u00f3n<\/li>\n<\/ul>\n<p>&nbsp;<\/p>\n<p><!--more--><\/p>\n<p>Haz clic aqu\u00ed para ver los distintos tama\u00f1os disponibles para este producto: <span style=\"color: #d12727;\"><a style=\"color: #d12727;\" href=\"https:\/\/www.csj-emballages.com\/es\/produit\/caja-de-carton-para-pepitas-para-llevar-175-x-105-x-75-mm-paquete-de-50\/\">175 x 105 x 75 mm<\/a><\/span> \/ <span style=\"color: #d12727;\"><a style=\"color: #d12727;\" href=\"https:\/\/www.csj-emballages.com\/es\/produit\/caja-de-carton-para-pepitas-para-llevar-228-x-124-x-78-mm-paquete-de-50\/\">228 x 124 x 78 mm<\/a><\/span><\/p>\n<p>&nbsp;<\/p>\n<p><!--more--><\/p>\n<p><a href=\"https:\/\/www.csj-emballages.com\/es\/categorie-produit\/envasado-de-alimentos\/catering-es\/cajas-bandejas-bolsas-conos\/bandejas-cajas-de-carton\/fiambreras\/\">Ver el resto de nuestra gama de fiambreras<\/a><\/p>\n","protected":false},"excerpt":{"rendered":"<p>Caja de pepitas Descripci\u00f3n de nuestra caja de cart\u00f3n de pepitas para llevar 144 x 85 x 60 mm, paquete de 50<\/p>\n","protected":false},"featured_media":224637,"template":"","meta":{"_acf_changed":false},"product_brand":[],"product_cat":[1150,1179,3878,1478,2796],"product_tag":[],"class_list":{"0":"post-125942","1":"product","2":"type-product","3":"status-publish","4":"has-post-thumbnail","6":"product_cat-envasado-de-alimentos","7":"product_cat-catering-es","8":"product_cat-cajas-bandejas-bolsas-conos","9":"product_cat-bandejas-cajas-de-carton","10":"product_cat-fiambreras","12":"first","13":"instock","14":"taxable","15":"shipping-taxable","16":"purchasable","17":"product-type-simple"},"acf":[],"yoast_head":"<!-- This site is optimized with the Yoast SEO Premium plugin v26.6 (Yoast SEO v26.6) - https:\/\/yoast.com\/wordpress\/plugins\/seo\/ -->\n<title>Nuggets Caja para llevar 144 x 85 x 60 mm, paquete de 50<\/title>\n<meta name=\"description\" content=\"Caja kraft para pepitas de 144 x 85 x 60 mm, perfecta para la venta para llevar. Resistente a la grasa, garantiza un transporte \u00f3ptimo de sus pepitas\" \/>\n<meta name=\"robots\" content=\"index, follow, max-snippet:-1, max-image-preview:large, max-video-preview:-1\" \/>\n<link rel=\"canonical\" href=\"https:\/\/www.csj-emballages.com\/es\/produit\/50-cajas-kraft-para-llevar-144-x-85-x-60-mm\/\" \/>\n<meta property=\"og:locale\" content=\"es_ES\" \/>\n<meta property=\"og:type\" content=\"article\" \/>\n<meta property=\"og:title\" content=\"Caja de cart\u00f3n para pepitas para llevar 144 x 85 x 60 mm, paquete de 50\" \/>\n<meta property=\"og:description\" content=\"Caja kraft para pepitas de 144 x 85 x 60 mm, perfecta para la venta para llevar. Resistente a la grasa, garantiza un transporte \u00f3ptimo de sus pepitas\" \/>\n<meta property=\"og:url\" content=\"https:\/\/www.csj-emballages.com\/es\/produit\/50-cajas-kraft-para-llevar-144-x-85-x-60-mm\/\" \/>\n<meta property=\"og:site_name\" content=\"CSJ Emballages\" \/>\n<meta property=\"article:publisher\" content=\"https:\/\/www.facebook.com\/csjemballages\" \/>\n<meta property=\"article:modified_time\" content=\"2026-04-30T00:17:05+00:00\" \/>\n<meta property=\"og:image\" content=\"https:\/\/www.csj-emballages.com\/wp-content\/uploads\/2024\/07\/TK07-2.webp\" \/>\n\t<meta property=\"og:image:width\" content=\"800\" \/>\n\t<meta property=\"og:image:height\" content=\"800\" \/>\n\t<meta property=\"og:image:type\" content=\"image\/webp\" \/>\n<meta name=\"twitter:card\" content=\"summary_large_image\" \/>\n<meta name=\"twitter:label1\" content=\"Tiempo de lectura\" \/>\n\t<meta name=\"twitter:data1\" content=\"2 minutos\" \/>\n<script type=\"application\/ld+json\" class=\"yoast-schema-graph\">{\"@context\":\"https:\/\/schema.org\",\"@graph\":[{\"@type\":\"WebPage\",\"@id\":\"https:\/\/www.csj-emballages.com\/es\/produit\/50-cajas-kraft-para-llevar-144-x-85-x-60-mm\/\",\"url\":\"https:\/\/www.csj-emballages.com\/es\/produit\/50-cajas-kraft-para-llevar-144-x-85-x-60-mm\/\",\"name\":\"Nuggets Caja para llevar 144 x 85 x 60 mm, paquete de 50\",\"isPartOf\":{\"@id\":\"https:\/\/www.csj-emballages.com\/es\/#website\"},\"primaryImageOfPage\":{\"@id\":\"https:\/\/www.csj-emballages.com\/es\/produit\/50-cajas-kraft-para-llevar-144-x-85-x-60-mm\/#primaryimage\"},\"image\":{\"@id\":\"https:\/\/www.csj-emballages.com\/es\/produit\/50-cajas-kraft-para-llevar-144-x-85-x-60-mm\/#primaryimage\"},\"thumbnailUrl\":\"https:\/\/www.csj-emballages.com\/wp-content\/uploads\/2024\/07\/TK07-2.webp\",\"datePublished\":\"2024-07-16T00:18:20+00:00\",\"dateModified\":\"2026-04-30T00:17:05+00:00\",\"description\":\"Caja kraft para pepitas de 144 x 85 x 60 mm, perfecta para la venta para llevar. Resistente a la grasa, garantiza un transporte \u00f3ptimo de sus pepitas\",\"breadcrumb\":{\"@id\":\"https:\/\/www.csj-emballages.com\/es\/produit\/50-cajas-kraft-para-llevar-144-x-85-x-60-mm\/#breadcrumb\"},\"inLanguage\":\"es\",\"potentialAction\":[{\"@type\":\"ReadAction\",\"target\":[\"https:\/\/www.csj-emballages.com\/es\/produit\/50-cajas-kraft-para-llevar-144-x-85-x-60-mm\/\"]}]},{\"@type\":\"ImageObject\",\"inLanguage\":\"es\",\"@id\":\"https:\/\/www.csj-emballages.com\/es\/produit\/50-cajas-kraft-para-llevar-144-x-85-x-60-mm\/#primaryimage\",\"url\":\"https:\/\/www.csj-emballages.com\/wp-content\/uploads\/2024\/07\/TK07-2.webp\",\"contentUrl\":\"https:\/\/www.csj-emballages.com\/wp-content\/uploads\/2024\/07\/TK07-2.webp\",\"width\":800,\"height\":800,\"caption\":\"Boite nuggets\"},{\"@type\":\"BreadcrumbList\",\"@id\":\"https:\/\/www.csj-emballages.com\/es\/produit\/50-cajas-kraft-para-llevar-144-x-85-x-60-mm\/#breadcrumb\",\"itemListElement\":[{\"@type\":\"ListItem\",\"position\":1,\"name\":\"Accueil\",\"item\":\"https:\/\/www.csj-emballages.com\/es\/universo-del-envasado-alimentario\/\"},{\"@type\":\"ListItem\",\"position\":2,\"name\":\"Tienda\",\"item\":\"https:\/\/www.csj-emballages.com\/tienda\/\"},{\"@type\":\"ListItem\",\"position\":3,\"name\":\"Caja de cart\u00f3n para pepitas para llevar 144 x 85 x 60 mm, paquete de 50\"}]},{\"@type\":\"WebSite\",\"@id\":\"https:\/\/www.csj-emballages.com\/es\/#website\",\"url\":\"https:\/\/www.csj-emballages.com\/es\/\",\"name\":\"CSJ Emballages\",\"description\":\"\",\"publisher\":{\"@id\":\"https:\/\/www.csj-emballages.com\/es\/#organization\"},\"potentialAction\":[{\"@type\":\"SearchAction\",\"target\":{\"@type\":\"EntryPoint\",\"urlTemplate\":\"https:\/\/www.csj-emballages.com\/es\/?s={search_term_string}\"},\"query-input\":{\"@type\":\"PropertyValueSpecification\",\"valueRequired\":true,\"valueName\":\"search_term_string\"}}],\"inLanguage\":\"es\"},{\"@type\":\"Organization\",\"@id\":\"https:\/\/www.csj-emballages.com\/es\/#Organization\/\",\"name\":\"CSJ Emballages\",\"url\":\"https:\/\/www.csj-emballages.com\/es\/\",\"logo\":{\"@type\":\"ImageObject\",\"inLanguage\":\"es\",\"@id\":\"https:\/\/www.csj-emballages.com\/es\/#\/schema\/logo\/image\/\",\"url\":\"https:\/\/www.csj-emballages.com\/wp-content\/uploads\/2023\/10\/logo_csj.webp\",\"contentUrl\":\"https:\/\/www.csj-emballages.com\/wp-content\/uploads\/2023\/10\/logo_csj.webp\",\"width\":250,\"height\":95,\"caption\":\"CSJ Emballages\"},\"image\":{\"@id\":\"https:\/\/www.csj-emballages.com\/es\/#\/schema\/logo\/image\/\"},\"sameAs\":[\"https:\/\/www.facebook.com\/csjemballages\"],\"address\":{\"@type\":\"PostalAddress\",\"streetAddress\":\"ZI La Lechere\",\"addressLocality\":\"Patornay\",\"postalCode\":\"39130\",\"addressCountry\":\"FR\"},\"contactPoint\":[{\"@type\":\"ContactPoint\",\"contactType\":\"Service client\",\"telephone\":\"0384254272\",\"email\":\"contact@csj-emballages.com\"}]}]}<\/script>\n<!-- \/ Yoast SEO Premium plugin. -->","yoast_head_json":{"title":"Nuggets Caja para llevar 144 x 85 x 60 mm, paquete de 50","description":"Caja kraft para pepitas de 144 x 85 x 60 mm, perfecta para la venta para llevar. Resistente a la grasa, garantiza un transporte \u00f3ptimo de sus pepitas","robots":{"index":"index","follow":"follow","max-snippet":"max-snippet:-1","max-image-preview":"max-image-preview:large","max-video-preview":"max-video-preview:-1"},"canonical":"https:\/\/www.csj-emballages.com\/es\/produit\/50-cajas-kraft-para-llevar-144-x-85-x-60-mm\/","og_locale":"es_ES","og_type":"article","og_title":"Caja de cart\u00f3n para pepitas para llevar 144 x 85 x 60 mm, paquete de 50","og_description":"Caja kraft para pepitas de 144 x 85 x 60 mm, perfecta para la venta para llevar. Resistente a la grasa, garantiza un transporte \u00f3ptimo de sus pepitas","og_url":"https:\/\/www.csj-emballages.com\/es\/produit\/50-cajas-kraft-para-llevar-144-x-85-x-60-mm\/","og_site_name":"CSJ Emballages","article_publisher":"https:\/\/www.facebook.com\/csjemballages","article_modified_time":"2026-04-30T00:17:05+00:00","og_image":[{"width":800,"height":800,"url":"https:\/\/www.csj-emballages.com\/wp-content\/uploads\/2024\/07\/TK07-2.webp","type":"image\/webp"}],"twitter_card":"summary_large_image","twitter_misc":{"Tiempo de lectura":"2 minutos"},"schema":{"@context":"https:\/\/schema.org","@graph":[{"@type":"WebPage","@id":"https:\/\/www.csj-emballages.com\/es\/produit\/50-cajas-kraft-para-llevar-144-x-85-x-60-mm\/","url":"https:\/\/www.csj-emballages.com\/es\/produit\/50-cajas-kraft-para-llevar-144-x-85-x-60-mm\/","name":"Nuggets Caja para llevar 144 x 85 x 60 mm, paquete de 50","isPartOf":{"@id":"https:\/\/www.csj-emballages.com\/es\/#website"},"primaryImageOfPage":{"@id":"https:\/\/www.csj-emballages.com\/es\/produit\/50-cajas-kraft-para-llevar-144-x-85-x-60-mm\/#primaryimage"},"image":{"@id":"https:\/\/www.csj-emballages.com\/es\/produit\/50-cajas-kraft-para-llevar-144-x-85-x-60-mm\/#primaryimage"},"thumbnailUrl":"https:\/\/www.csj-emballages.com\/wp-content\/uploads\/2024\/07\/TK07-2.webp","datePublished":"2024-07-16T00:18:20+00:00","dateModified":"2026-04-30T00:17:05+00:00","description":"Caja kraft para pepitas de 144 x 85 x 60 mm, perfecta para la venta para llevar. Resistente a la grasa, garantiza un transporte \u00f3ptimo de sus pepitas","breadcrumb":{"@id":"https:\/\/www.csj-emballages.com\/es\/produit\/50-cajas-kraft-para-llevar-144-x-85-x-60-mm\/#breadcrumb"},"inLanguage":"es","potentialAction":[{"@type":"ReadAction","target":["https:\/\/www.csj-emballages.com\/es\/produit\/50-cajas-kraft-para-llevar-144-x-85-x-60-mm\/"]}]},{"@type":"ImageObject","inLanguage":"es","@id":"https:\/\/www.csj-emballages.com\/es\/produit\/50-cajas-kraft-para-llevar-144-x-85-x-60-mm\/#primaryimage","url":"https:\/\/www.csj-emballages.com\/wp-content\/uploads\/2024\/07\/TK07-2.webp","contentUrl":"https:\/\/www.csj-emballages.com\/wp-content\/uploads\/2024\/07\/TK07-2.webp","width":800,"height":800,"caption":"Boite nuggets"},{"@type":"BreadcrumbList","@id":"https:\/\/www.csj-emballages.com\/es\/produit\/50-cajas-kraft-para-llevar-144-x-85-x-60-mm\/#breadcrumb","itemListElement":[{"@type":"ListItem","position":1,"name":"Accueil","item":"https:\/\/www.csj-emballages.com\/es\/universo-del-envasado-alimentario\/"},{"@type":"ListItem","position":2,"name":"Tienda","item":"https:\/\/www.csj-emballages.com\/tienda\/"},{"@type":"ListItem","position":3,"name":"Caja de cart\u00f3n para pepitas para llevar 144 x 85 x 60 mm, paquete de 50"}]},{"@type":"WebSite","@id":"https:\/\/www.csj-emballages.com\/es\/#website","url":"https:\/\/www.csj-emballages.com\/es\/","name":"CSJ Emballages","description":"","publisher":{"@id":"https:\/\/www.csj-emballages.com\/es\/#organization"},"potentialAction":[{"@type":"SearchAction","target":{"@type":"EntryPoint","urlTemplate":"https:\/\/www.csj-emballages.com\/es\/?s={search_term_string}"},"query-input":{"@type":"PropertyValueSpecification","valueRequired":true,"valueName":"search_term_string"}}],"inLanguage":"es"},{"@type":"Organization","@id":"https:\/\/www.csj-emballages.com\/es\/#Organization\/","name":"CSJ Emballages","url":"https:\/\/www.csj-emballages.com\/es\/","logo":{"@type":"ImageObject","inLanguage":"es","@id":"https:\/\/www.csj-emballages.com\/es\/#\/schema\/logo\/image\/","url":"https:\/\/www.csj-emballages.com\/wp-content\/uploads\/2023\/10\/logo_csj.webp","contentUrl":"https:\/\/www.csj-emballages.com\/wp-content\/uploads\/2023\/10\/logo_csj.webp","width":250,"height":95,"caption":"CSJ Emballages"},"image":{"@id":"https:\/\/www.csj-emballages.com\/es\/#\/schema\/logo\/image\/"},"sameAs":["https:\/\/www.facebook.com\/csjemballages"],"address":{"@type":"PostalAddress","streetAddress":"ZI La Lechere","addressLocality":"Patornay","postalCode":"39130","addressCountry":"FR"},"contactPoint":[{"@type":"ContactPoint","contactType":"Service client","telephone":"0384254272","email":"contact@csj-emballages.com"}]}]}},"df_price":9.86,"df_sale_price":"","df_regular_price":9.86,"df_image_link":"https:\/\/www.csj-emballages.com\/wp-content\/uploads\/2024\/07\/TK07-2-300x300.webp","tiered_pricing_type":"fixed","tiered_pricing_fixed_rules":[],"tiered_pricing_percentage_rules":[],"tiered_pricing_minimum":1,"tiered_pricing_roles_data":[],"_links":{"self":[{"href":"https:\/\/www.csj-emballages.com\/es\/wp-json\/wp\/v2\/product\/125942","targetHints":{"allow":["GET"]}}],"collection":[{"href":"https:\/\/www.csj-emballages.com\/es\/wp-json\/wp\/v2\/product"}],"about":[{"href":"https:\/\/www.csj-emballages.com\/es\/wp-json\/wp\/v2\/types\/product"}],"wp:featuredmedia":[{"embeddable":true,"href":"https:\/\/www.csj-emballages.com\/es\/wp-json\/wp\/v2\/media\/224637"}],"wp:attachment":[{"href":"https:\/\/www.csj-emballages.com\/es\/wp-json\/wp\/v2\/media?parent=125942"}],"wp:term":[{"taxonomy":"product_brand","embeddable":true,"href":"https:\/\/www.csj-emballages.com\/es\/wp-json\/wp\/v2\/product_brand?post=125942"},{"taxonomy":"product_cat","embeddable":true,"href":"https:\/\/www.csj-emballages.com\/es\/wp-json\/wp\/v2\/product_cat?post=125942"},{"taxonomy":"product_tag","embeddable":true,"href":"https:\/\/www.csj-emballages.com\/es\/wp-json\/wp\/v2\/product_tag?post=125942"}],"curies":[{"name":"wp","href":"https:\/\/api.w.org\/{rel}","templated":true}]}}