{"id":125907,"date":"2024-07-30T02:19:17","date_gmt":"2024-07-30T00:19:17","guid":{"rendered":"https:\/\/www.csj-emballages.com\/produit\/150-suelas-doradas-blancas-de-bordes-rectos-210-x-95-mm\/"},"modified":"2026-03-12T16:38:33","modified_gmt":"2026-03-12T15:38:33","slug":"150-suelas-doradas-blancas-de-bordes-rectos-210-x-95-mm","status":"publish","type":"product","link":"https:\/\/www.csj-emballages.com\/es\/produit\/150-suelas-doradas-blancas-de-bordes-rectos-210-x-95-mm\/","title":{"rendered":"Base de tarta de bordes rectos dorada \/ blanca 210 x 95 mm por 150"},"content":{"rendered":"<h2>Suela de tarta<\/h2>\n<hr>\n<h3>Descripci\u00f3n de nuestra base para tartas dorada \/ blanca con bordes rectos 210 x 95 mm por 150<\/h3>\n<p><!--more--><\/p>\n<div>\n<p data-start=\"99\" data-end=\"408\">Descubra la <strong data-start=\"112\" data-end=\"176\">base para tartas dorada\/blanca de bordes rectos 210 x 95 mm por 150<\/strong>, el accesorio indispensable para realzar sus creaciones dulces y saladas. Dise\u00f1ada para satisfacer las necesidades de panaderos, pasteleros y restauradores, esta placa base combina robustez con la capacidad de realzar sus preparaciones. <\/p>\n<p data-start=\"410\" data-end=\"952\"><strong data-start=\"419\" data-end=\"448\">Con unas medidas de 210 x 95 mm<\/strong>, es perfecto para entremets, troncos, tartas rectangulares y otros postres que necesiten una base fiable. Su <strong data-start=\"577\" data-end=\"598\">frontal dorado<\/strong> brillante atrae inmediatamente las miradas, aportando un toque festivo y refinado, mientras que su <strong data-start=\"690\" data-end=\"705\">reverso blanco<\/strong> permite una presentaci\u00f3n m\u00e1s sobria seg\u00fan la ocasi\u00f3n. Gracias a sus <strong data-start=\"771\" data-end=\"792\">bordes limpios y rectos<\/strong>, sus pasteles tendr\u00e1n un soporte \u00f3ptimo y un acabado cuidado, ideal para escaparates, transporte o presentaci\u00f3n en eventos.  <\/p>\n<p data-start=\"954\" data-end=\"1332\">Cada base est\u00e1 dise\u00f1ada para soportar el peso de sus preparaciones sin deformarse. Asimismo, el cart\u00f3n utilizado es <strong data-start=\"1074\" data-end=\"1085\">robusto<\/strong> y apto para uso alimentario, lo que garantiza una utilizaci\u00f3n segura. Envasados en <strong data-start=\"1170\" data-end=\"1191\">lotes de 150<\/strong>, se adaptan perfectamente a las necesidades de los profesionales que buscan un stock suficiente para trabajar con tranquilidad a diario.  <\/p>\n<p data-start=\"1334\" data-end=\"1701\">Tanto si elabora postres individuales como reposter\u00eda familiar o creaciones para hosteler\u00eda, esta <strong data-start=\"1456\" data-end=\"1495\">base rectangular dorada y<\/strong> blanca le ofrece la versatilidad necesaria para lucir sus creaciones de la mejor manera. En definitiva, se convertir\u00e1 en un imprescindible de su obrador, con un acabado digno de las mejores presentaciones. <\/p>\n<\/div>\n<p data-start=\"1334\" data-end=\"1701\">\n<p data-start=\"1334\" data-end=\"1701\"><!--more--><\/p>\n<h4 data-start=\"1334\" data-end=\"1701\">Ventajas :<\/h4>\n<ul>\n<li><strong data-start=\"1728\" data-end=\"1746\">Base s\u00f3lida<\/strong> que soporta el peso de los pasteles.<\/li>\n<li><strong data-start=\"1785\" data-end=\"1811\">Doble cara dorada\/blanca<\/strong> para una gran variedad de presentaciones.<\/li>\n<li><strong data-start=\"1847\" data-end=\"1863\">Bordes rectos<\/strong> para un acabado limpio y profesional.<\/li>\n<li><strong data-start=\"1912\" data-end=\"1931\">Pr\u00e1ctico formato<\/strong> de 210 x 95 mm, ideal para troncos y postres.<\/li>\n<li><strong data-start=\"1981\" data-end=\"1995\">Paquete de 150<\/strong> para satisfacer las necesidades de los profesionales.<\/li>\n<\/ul>\n<p>&nbsp;<\/p>\n<p><!--more--><\/p>\n<h4>Informaci\u00f3n adicional :<\/h4>\n<ul>\n<li><strong>Envase<\/strong>: Paquete de 150<\/li>\n<li><strong>Dimensiones<\/strong>: 210 x 95 mm<\/li>\n<li><strong>Material<\/strong>: Cart\u00f3n<\/li>\n<li><strong>Color<\/strong>: Oro \/ Blanco<\/li>\n<\/ul>\n<p>&nbsp;<\/p>\n<p><!--more--><\/p>\n<p><a href=\"https:\/\/www.csj-emballages.com\/es\/categorie-produit\/envasado-de-alimentos\/panaderia-y-pasteleria\/soportes-de-base-para-tartas\/suelas-de-troncos\/\">Ver el resto de nuestra gama de plantillas para tartas<\/a><\/p>\n","protected":false},"excerpt":{"rendered":"<p>Suela de tarta Descripci\u00f3n de nuestra base para tartas dorada \/ blanca con bordes rectos 210 x 95 mm por 150<\/p>\n","protected":false},"featured_media":242482,"template":"","meta":{"_acf_changed":false},"product_brand":[],"product_cat":[1150,1145,1911,3266,1270],"product_tag":[],"class_list":{"0":"post-125907","1":"product","2":"type-product","3":"status-publish","4":"has-post-thumbnail","6":"product_cat-envasado-de-alimentos","7":"product_cat-panaderia-y-pasteleria","8":"product_cat-soportes-de-base-para-tartas","9":"product_cat-suelas-de-troncos","10":"product_cat-descuentos","12":"first","13":"instock","14":"sale","15":"taxable","16":"shipping-taxable","17":"purchasable","18":"product-type-simple"},"acf":[],"yoast_head":"<!-- This site is optimized with the Yoast SEO Premium plugin v26.6 (Yoast SEO v26.6) - https:\/\/yoast.com\/wordpress\/plugins\/seo\/ -->\n<title>Semelle G\u00e2teau Bordes rectos Oro \/ Blanco 210 x 95 mm por 150<\/title>\n<meta name=\"description\" content=\"Base para tartas rectangular dorada\/blanca de 210 x 95 mm, bordes rectos, s\u00f3lida y apta para profesionales. Juego de 150 para presentaciones refinadas.\" \/>\n<meta name=\"robots\" content=\"index, follow, max-snippet:-1, max-image-preview:large, max-video-preview:-1\" \/>\n<link rel=\"canonical\" href=\"https:\/\/www.csj-emballages.com\/es\/produit\/150-suelas-doradas-blancas-de-bordes-rectos-210-x-95-mm\/\" \/>\n<meta property=\"og:locale\" content=\"es_ES\" \/>\n<meta property=\"og:type\" content=\"article\" \/>\n<meta property=\"og:title\" content=\"Base de tarta de bordes rectos dorada \/ blanca 210 x 95 mm por 150\" \/>\n<meta property=\"og:description\" content=\"Base para tartas rectangular dorada\/blanca de 210 x 95 mm, bordes rectos, s\u00f3lida y apta para profesionales. Juego de 150 para presentaciones refinadas.\" \/>\n<meta property=\"og:url\" content=\"https:\/\/www.csj-emballages.com\/es\/produit\/150-suelas-doradas-blancas-de-bordes-rectos-210-x-95-mm\/\" \/>\n<meta property=\"og:site_name\" content=\"CSJ Emballages\" \/>\n<meta property=\"article:publisher\" content=\"https:\/\/www.facebook.com\/csjemballages\" \/>\n<meta property=\"article:modified_time\" content=\"2026-03-12T15:38:33+00:00\" \/>\n<meta property=\"og:image\" content=\"https:\/\/www.csj-emballages.com\/wp-content\/uploads\/2024\/07\/SBO22.webp\" \/>\n\t<meta property=\"og:image:width\" content=\"800\" \/>\n\t<meta property=\"og:image:height\" content=\"800\" \/>\n\t<meta property=\"og:image:type\" content=\"image\/webp\" \/>\n<meta name=\"twitter:card\" content=\"summary_large_image\" \/>\n<meta name=\"twitter:label1\" content=\"Tiempo de lectura\" \/>\n\t<meta name=\"twitter:data1\" content=\"2 minutos\" \/>\n<script type=\"application\/ld+json\" class=\"yoast-schema-graph\">{\"@context\":\"https:\/\/schema.org\",\"@graph\":[{\"@type\":\"WebPage\",\"@id\":\"https:\/\/www.csj-emballages.com\/es\/produit\/150-suelas-doradas-blancas-de-bordes-rectos-210-x-95-mm\/\",\"url\":\"https:\/\/www.csj-emballages.com\/es\/produit\/150-suelas-doradas-blancas-de-bordes-rectos-210-x-95-mm\/\",\"name\":\"Semelle G\u00e2teau Bordes rectos Oro \/ Blanco 210 x 95 mm por 150\",\"isPartOf\":{\"@id\":\"https:\/\/www.csj-emballages.com\/es\/#website\"},\"primaryImageOfPage\":{\"@id\":\"https:\/\/www.csj-emballages.com\/es\/produit\/150-suelas-doradas-blancas-de-bordes-rectos-210-x-95-mm\/#primaryimage\"},\"image\":{\"@id\":\"https:\/\/www.csj-emballages.com\/es\/produit\/150-suelas-doradas-blancas-de-bordes-rectos-210-x-95-mm\/#primaryimage\"},\"thumbnailUrl\":\"https:\/\/www.csj-emballages.com\/wp-content\/uploads\/2024\/07\/SBO22.webp\",\"datePublished\":\"2024-07-30T00:19:17+00:00\",\"dateModified\":\"2026-03-12T15:38:33+00:00\",\"description\":\"Base para tartas rectangular dorada\/blanca de 210 x 95 mm, bordes rectos, s\u00f3lida y apta para profesionales. Juego de 150 para presentaciones refinadas.\",\"breadcrumb\":{\"@id\":\"https:\/\/www.csj-emballages.com\/es\/produit\/150-suelas-doradas-blancas-de-bordes-rectos-210-x-95-mm\/#breadcrumb\"},\"inLanguage\":\"es\",\"potentialAction\":[{\"@type\":\"ReadAction\",\"target\":[\"https:\/\/www.csj-emballages.com\/es\/produit\/150-suelas-doradas-blancas-de-bordes-rectos-210-x-95-mm\/\"]}]},{\"@type\":\"ImageObject\",\"inLanguage\":\"es\",\"@id\":\"https:\/\/www.csj-emballages.com\/es\/produit\/150-suelas-doradas-blancas-de-bordes-rectos-210-x-95-mm\/#primaryimage\",\"url\":\"https:\/\/www.csj-emballages.com\/wp-content\/uploads\/2024\/07\/SBO22.webp\",\"contentUrl\":\"https:\/\/www.csj-emballages.com\/wp-content\/uploads\/2024\/07\/SBO22.webp\",\"width\":800,\"height\":800,\"caption\":\"Semelle g\u00e2teau\"},{\"@type\":\"BreadcrumbList\",\"@id\":\"https:\/\/www.csj-emballages.com\/es\/produit\/150-suelas-doradas-blancas-de-bordes-rectos-210-x-95-mm\/#breadcrumb\",\"itemListElement\":[{\"@type\":\"ListItem\",\"position\":1,\"name\":\"Accueil\",\"item\":\"https:\/\/www.csj-emballages.com\/es\/universo-del-envasado-alimentario\/\"},{\"@type\":\"ListItem\",\"position\":2,\"name\":\"Tienda\",\"item\":\"https:\/\/www.csj-emballages.com\/tienda\/\"},{\"@type\":\"ListItem\",\"position\":3,\"name\":\"Base de tarta de bordes rectos dorada \/ blanca 210 x 95 mm por 150\"}]},{\"@type\":\"WebSite\",\"@id\":\"https:\/\/www.csj-emballages.com\/es\/#website\",\"url\":\"https:\/\/www.csj-emballages.com\/es\/\",\"name\":\"CSJ Emballages\",\"description\":\"\",\"publisher\":{\"@id\":\"https:\/\/www.csj-emballages.com\/es\/#organization\"},\"potentialAction\":[{\"@type\":\"SearchAction\",\"target\":{\"@type\":\"EntryPoint\",\"urlTemplate\":\"https:\/\/www.csj-emballages.com\/es\/?s={search_term_string}\"},\"query-input\":{\"@type\":\"PropertyValueSpecification\",\"valueRequired\":true,\"valueName\":\"search_term_string\"}}],\"inLanguage\":\"es\"},{\"@type\":\"Organization\",\"@id\":\"https:\/\/www.csj-emballages.com\/es\/#Organization\/\",\"name\":\"CSJ Emballages\",\"url\":\"https:\/\/www.csj-emballages.com\/es\/\",\"logo\":{\"@type\":\"ImageObject\",\"inLanguage\":\"es\",\"@id\":\"https:\/\/www.csj-emballages.com\/es\/#\/schema\/logo\/image\/\",\"url\":\"https:\/\/www.csj-emballages.com\/wp-content\/uploads\/2023\/10\/logo_csj.webp\",\"contentUrl\":\"https:\/\/www.csj-emballages.com\/wp-content\/uploads\/2023\/10\/logo_csj.webp\",\"width\":250,\"height\":95,\"caption\":\"CSJ Emballages\"},\"image\":{\"@id\":\"https:\/\/www.csj-emballages.com\/es\/#\/schema\/logo\/image\/\"},\"sameAs\":[\"https:\/\/www.facebook.com\/csjemballages\"],\"address\":{\"@type\":\"PostalAddress\",\"streetAddress\":\"ZI La Lechere\",\"addressLocality\":\"Patornay\",\"postalCode\":\"39130\",\"addressCountry\":\"FR\"},\"contactPoint\":[{\"@type\":\"ContactPoint\",\"contactType\":\"Service client\",\"telephone\":\"0384254272\",\"email\":\"contact@csj-emballages.com\"}]}]}<\/script>\n<!-- \/ Yoast SEO Premium plugin. -->","yoast_head_json":{"title":"Semelle G\u00e2teau Bordes rectos Oro \/ Blanco 210 x 95 mm por 150","description":"Base para tartas rectangular dorada\/blanca de 210 x 95 mm, bordes rectos, s\u00f3lida y apta para profesionales. Juego de 150 para presentaciones refinadas.","robots":{"index":"index","follow":"follow","max-snippet":"max-snippet:-1","max-image-preview":"max-image-preview:large","max-video-preview":"max-video-preview:-1"},"canonical":"https:\/\/www.csj-emballages.com\/es\/produit\/150-suelas-doradas-blancas-de-bordes-rectos-210-x-95-mm\/","og_locale":"es_ES","og_type":"article","og_title":"Base de tarta de bordes rectos dorada \/ blanca 210 x 95 mm por 150","og_description":"Base para tartas rectangular dorada\/blanca de 210 x 95 mm, bordes rectos, s\u00f3lida y apta para profesionales. Juego de 150 para presentaciones refinadas.","og_url":"https:\/\/www.csj-emballages.com\/es\/produit\/150-suelas-doradas-blancas-de-bordes-rectos-210-x-95-mm\/","og_site_name":"CSJ Emballages","article_publisher":"https:\/\/www.facebook.com\/csjemballages","article_modified_time":"2026-03-12T15:38:33+00:00","og_image":[{"width":800,"height":800,"url":"https:\/\/www.csj-emballages.com\/wp-content\/uploads\/2024\/07\/SBO22.webp","type":"image\/webp"}],"twitter_card":"summary_large_image","twitter_misc":{"Tiempo de lectura":"2 minutos"},"schema":{"@context":"https:\/\/schema.org","@graph":[{"@type":"WebPage","@id":"https:\/\/www.csj-emballages.com\/es\/produit\/150-suelas-doradas-blancas-de-bordes-rectos-210-x-95-mm\/","url":"https:\/\/www.csj-emballages.com\/es\/produit\/150-suelas-doradas-blancas-de-bordes-rectos-210-x-95-mm\/","name":"Semelle G\u00e2teau Bordes rectos Oro \/ Blanco 210 x 95 mm por 150","isPartOf":{"@id":"https:\/\/www.csj-emballages.com\/es\/#website"},"primaryImageOfPage":{"@id":"https:\/\/www.csj-emballages.com\/es\/produit\/150-suelas-doradas-blancas-de-bordes-rectos-210-x-95-mm\/#primaryimage"},"image":{"@id":"https:\/\/www.csj-emballages.com\/es\/produit\/150-suelas-doradas-blancas-de-bordes-rectos-210-x-95-mm\/#primaryimage"},"thumbnailUrl":"https:\/\/www.csj-emballages.com\/wp-content\/uploads\/2024\/07\/SBO22.webp","datePublished":"2024-07-30T00:19:17+00:00","dateModified":"2026-03-12T15:38:33+00:00","description":"Base para tartas rectangular dorada\/blanca de 210 x 95 mm, bordes rectos, s\u00f3lida y apta para profesionales. Juego de 150 para presentaciones refinadas.","breadcrumb":{"@id":"https:\/\/www.csj-emballages.com\/es\/produit\/150-suelas-doradas-blancas-de-bordes-rectos-210-x-95-mm\/#breadcrumb"},"inLanguage":"es","potentialAction":[{"@type":"ReadAction","target":["https:\/\/www.csj-emballages.com\/es\/produit\/150-suelas-doradas-blancas-de-bordes-rectos-210-x-95-mm\/"]}]},{"@type":"ImageObject","inLanguage":"es","@id":"https:\/\/www.csj-emballages.com\/es\/produit\/150-suelas-doradas-blancas-de-bordes-rectos-210-x-95-mm\/#primaryimage","url":"https:\/\/www.csj-emballages.com\/wp-content\/uploads\/2024\/07\/SBO22.webp","contentUrl":"https:\/\/www.csj-emballages.com\/wp-content\/uploads\/2024\/07\/SBO22.webp","width":800,"height":800,"caption":"Semelle g\u00e2teau"},{"@type":"BreadcrumbList","@id":"https:\/\/www.csj-emballages.com\/es\/produit\/150-suelas-doradas-blancas-de-bordes-rectos-210-x-95-mm\/#breadcrumb","itemListElement":[{"@type":"ListItem","position":1,"name":"Accueil","item":"https:\/\/www.csj-emballages.com\/es\/universo-del-envasado-alimentario\/"},{"@type":"ListItem","position":2,"name":"Tienda","item":"https:\/\/www.csj-emballages.com\/tienda\/"},{"@type":"ListItem","position":3,"name":"Base de tarta de bordes rectos dorada \/ blanca 210 x 95 mm por 150"}]},{"@type":"WebSite","@id":"https:\/\/www.csj-emballages.com\/es\/#website","url":"https:\/\/www.csj-emballages.com\/es\/","name":"CSJ Emballages","description":"","publisher":{"@id":"https:\/\/www.csj-emballages.com\/es\/#organization"},"potentialAction":[{"@type":"SearchAction","target":{"@type":"EntryPoint","urlTemplate":"https:\/\/www.csj-emballages.com\/es\/?s={search_term_string}"},"query-input":{"@type":"PropertyValueSpecification","valueRequired":true,"valueName":"search_term_string"}}],"inLanguage":"es"},{"@type":"Organization","@id":"https:\/\/www.csj-emballages.com\/es\/#Organization\/","name":"CSJ Emballages","url":"https:\/\/www.csj-emballages.com\/es\/","logo":{"@type":"ImageObject","inLanguage":"es","@id":"https:\/\/www.csj-emballages.com\/es\/#\/schema\/logo\/image\/","url":"https:\/\/www.csj-emballages.com\/wp-content\/uploads\/2023\/10\/logo_csj.webp","contentUrl":"https:\/\/www.csj-emballages.com\/wp-content\/uploads\/2023\/10\/logo_csj.webp","width":250,"height":95,"caption":"CSJ Emballages"},"image":{"@id":"https:\/\/www.csj-emballages.com\/es\/#\/schema\/logo\/image\/"},"sameAs":["https:\/\/www.facebook.com\/csjemballages"],"address":{"@type":"PostalAddress","streetAddress":"ZI La Lechere","addressLocality":"Patornay","postalCode":"39130","addressCountry":"FR"},"contactPoint":[{"@type":"ContactPoint","contactType":"Service client","telephone":"0384254272","email":"contact@csj-emballages.com"}]}]}},"df_price":6.83,"df_sale_price":6.83,"df_regular_price":8.53,"df_image_link":"https:\/\/www.csj-emballages.com\/wp-content\/uploads\/2024\/07\/SBO22-300x300.webp","tiered_pricing_type":"fixed","tiered_pricing_fixed_rules":[],"tiered_pricing_percentage_rules":[],"tiered_pricing_minimum":1,"tiered_pricing_roles_data":[],"_links":{"self":[{"href":"https:\/\/www.csj-emballages.com\/es\/wp-json\/wp\/v2\/product\/125907","targetHints":{"allow":["GET"]}}],"collection":[{"href":"https:\/\/www.csj-emballages.com\/es\/wp-json\/wp\/v2\/product"}],"about":[{"href":"https:\/\/www.csj-emballages.com\/es\/wp-json\/wp\/v2\/types\/product"}],"wp:featuredmedia":[{"embeddable":true,"href":"https:\/\/www.csj-emballages.com\/es\/wp-json\/wp\/v2\/media\/242482"}],"wp:attachment":[{"href":"https:\/\/www.csj-emballages.com\/es\/wp-json\/wp\/v2\/media?parent=125907"}],"wp:term":[{"taxonomy":"product_brand","embeddable":true,"href":"https:\/\/www.csj-emballages.com\/es\/wp-json\/wp\/v2\/product_brand?post=125907"},{"taxonomy":"product_cat","embeddable":true,"href":"https:\/\/www.csj-emballages.com\/es\/wp-json\/wp\/v2\/product_cat?post=125907"},{"taxonomy":"product_tag","embeddable":true,"href":"https:\/\/www.csj-emballages.com\/es\/wp-json\/wp\/v2\/product_tag?post=125907"}],"curies":[{"name":"wp","href":"https:\/\/api.w.org\/{rel}","templated":true}]}}