{"id":125904,"date":"2024-07-30T02:19:19","date_gmt":"2024-07-30T00:19:19","guid":{"rendered":"https:\/\/www.csj-emballages.com\/produit\/500-bolsas-para-pollos-con-cierre-de-cremallera-tamano-22\/"},"modified":"2026-05-01T02:14:54","modified_gmt":"2026-05-01T00:14:54","slug":"500-bolsas-para-pollos-con-cierre-de-cremallera-tamano-22","status":"publish","type":"product","link":"https:\/\/www.csj-emballages.com\/es\/produit\/500-bolsas-para-pollos-con-cierre-de-cremallera-tamano-22\/","title":{"rendered":"Bolsa para pollos con cierre de cremallera 31 x 25 + 15 cm por 500"},"content":{"rendered":"<h2>Bolsa de pollo<\/h2>\n<hr>\n<h3>Descripci\u00f3n de nuestra bolsa para pollos con cierre de cremallera 31 x 25 + 15 cm por 500<\/h3>\n<p><!--more--><\/p>\n<div>\n<p data-start=\"249\" data-end=\"623\">La <strong>bolsa para pollo<\/strong> con <strong>cierre zip de 31 x 25 + 15 cm<\/strong> est\u00e1 especialmente dise\u00f1ada para el envasado y el transporte de <strong>aves asadas y platos calientes para llevar<\/strong>. Pr\u00e1ctica y funcional, responde perfectamente a las necesidades de <strong>asadores, caterings, carnicer\u00edas, charcuter\u00edas<\/strong> y profesionales de la restauraci\u00f3n r\u00e1pida que deseen combinar eficacia, higiene y comodidad para el cliente. <\/p>\n<p data-start=\"625\" data-end=\"971\">Dotada de un <strong>cierre zip resellable<\/strong>, esta bolsa permite conservar el calor durante m\u00e1s tiempo, limitando a la vez los olores y los derrames. De este modo, garantiza un <strong>transporte seguro y limpio<\/strong>, tanto para el profesional como para el consumidor final. Su <strong>asa integrada<\/strong> facilita el agarre y el transporte, incluso cuando la bolsa est\u00e1 llena.  <\/p>\n<p data-start=\"973\" data-end=\"1278\">Gracias a sus <strong>generosas dimensiones de 31 x 25 cm<\/strong> con un <strong>fuelle de 15 cm<\/strong>, esta <strong>bolsa<\/strong> es perfectamente adecuada para pollos asados enteros y otras preparaciones calientes. El <strong>fuelle<\/strong> ofrece un excelente volumen y una buena estabilidad del producto en el interior, evitando que se aplaste y mejorando la presentaci\u00f3n. <\/p>\n<p data-start=\"1280\" data-end=\"1615\">Dise\u00f1ada para resistir el calor, esta <strong>bolsa<\/strong> es ideal para la venta de productos calientes. Su dise\u00f1o atractivo, con <strong>elementos visuales que evocan la cocci\u00f3n y el calor<\/strong>, valoriza el producto y refuerza la imagen profesional del punto de venta. Acondicionado por <strong>lote de 500 unidades<\/strong>, es perfecto para un uso intensivo y regular.  <\/p>\n<p>&nbsp;<\/p>\n<\/div>\n<p><!--more--><\/p>\n<h4>Ventajas :<\/h4>\n<ul>\n<li data-start=\"557\" data-end=\"638\">Asegura el contenido y permite su reutilizaci\u00f3n.<\/li>\n<li data-start=\"639\" data-end=\"731\">Protege la frescura y mantiene el calor durante m\u00e1s tiempo.<\/li>\n<li data-start=\"732\" data-end=\"806\">Evita las fugas y facilita la manipulaci\u00f3n.<\/li>\n<li data-start=\"807\" data-end=\"899\">Dimensiones adaptadas a aves enteras y otras preparaciones.<\/li>\n<li data-start=\"900\" data-end=\"1003\">Ideal para profesionales de la restauraci\u00f3n y particulares<\/li>\n<\/ul>\n<p>&nbsp;<\/p>\n<p><!--more--><\/p>\n<p><strong>Informaci\u00f3n adicional :<\/strong><\/p>\n<ul>\n<li><strong>Embalaje : <\/strong>Caja de 500<\/li>\n<li><strong>Material<\/strong>: Polipropileno<\/li>\n<li><strong>Dimensiones<\/strong>: 31 x 25 + 15 cm<\/li>\n<li><strong>Color<\/strong>: Negro \/ Naranja \/ Rojo<\/li>\n<\/ul>\n<p>&nbsp;<\/p>\n<p><!--more--><\/p>\n<p>Encuentre aqu\u00ed la siguiente talla disponible para este bolso de pollo: <span style=\"color: #d12727;\"><a style=\"color: #d12727;\" href=\"https:\/\/www.csj-emballages.com\/es\/produit\/500-bolsas-para-pollos-con-cremallera-tamano-31\/\">35 + 29 + 15 cm<\/a><\/span><\/p>\n<p>&nbsp;<\/p>\n<p><!--more--><\/p>\n<p><a href=\"https:\/\/www.csj-emballages.com\/es\/categorie-produit\/envasado-de-alimentos\/carniceria-y-charcuteria\/bolsas-y-fundas\/bolsas-para-pollos\/\">Ver el resto de nuestra gama de bolsas para pollos<\/a><\/p>\n","protected":false},"excerpt":{"rendered":"<p>Bolsa de pollo Descripci\u00f3n de nuestra bolsa para pollos con cierre de cremallera 31 x 25 + 15 cm por 500<\/p>\n","protected":false},"featured_media":224077,"template":"","meta":{"_acf_changed":false},"product_brand":[],"product_cat":[1150,1143,3866,3375],"product_tag":[],"class_list":{"0":"post-125904","1":"product","2":"type-product","3":"status-publish","4":"has-post-thumbnail","6":"product_cat-envasado-de-alimentos","7":"product_cat-carniceria-y-charcuteria","8":"product_cat-bolsas-y-fundas","9":"product_cat-bolsas-para-pollos","11":"first","12":"instock","13":"taxable","14":"shipping-taxable","15":"purchasable","16":"product-type-simple"},"acf":[],"yoast_head":"<!-- This site is optimized with the Yoast SEO Premium plugin v26.6 (Yoast SEO v26.6) - https:\/\/yoast.com\/wordpress\/plugins\/seo\/ -->\n<title>Bolsa para pollos con cremallera 31 x 25 + 15 cm por 500<\/title>\n<meta name=\"description\" content=\"Descubra nuestra bolsa para pollo con cierre zip (31 x 25 + 15 cm) \u2013 ideal para caterings, asadores y carnicer\u00edas. Pr\u00e1ctica, resellable y resistente.\" \/>\n<meta name=\"robots\" content=\"index, follow, max-snippet:-1, max-image-preview:large, max-video-preview:-1\" \/>\n<link rel=\"canonical\" href=\"https:\/\/www.csj-emballages.com\/es\/produit\/500-bolsas-para-pollos-con-cierre-de-cremallera-tamano-22\/\" \/>\n<meta property=\"og:locale\" content=\"es_ES\" \/>\n<meta property=\"og:type\" content=\"article\" \/>\n<meta property=\"og:title\" content=\"Bolsa para pollos con cierre de cremallera 31 x 25 + 15 cm por 500\" \/>\n<meta property=\"og:description\" content=\"Descubra nuestra bolsa para pollo con cierre zip (31 x 25 + 15 cm) \u2013 ideal para caterings, asadores y carnicer\u00edas. Pr\u00e1ctica, resellable y resistente.\" \/>\n<meta property=\"og:url\" content=\"https:\/\/www.csj-emballages.com\/es\/produit\/500-bolsas-para-pollos-con-cierre-de-cremallera-tamano-22\/\" \/>\n<meta property=\"og:site_name\" content=\"CSJ Emballages\" \/>\n<meta property=\"article:publisher\" content=\"https:\/\/www.facebook.com\/csjemballages\" \/>\n<meta property=\"article:modified_time\" content=\"2026-05-01T00:14:54+00:00\" \/>\n<meta property=\"og:image\" content=\"https:\/\/www.csj-emballages.com\/wp-content\/uploads\/2024\/07\/SP22.webp\" \/>\n\t<meta property=\"og:image:width\" content=\"800\" \/>\n\t<meta property=\"og:image:height\" content=\"800\" \/>\n\t<meta property=\"og:image:type\" content=\"image\/webp\" \/>\n<meta name=\"twitter:card\" content=\"summary_large_image\" \/>\n<meta name=\"twitter:label1\" content=\"Tiempo de lectura\" \/>\n\t<meta name=\"twitter:data1\" content=\"2 minutos\" \/>\n<script type=\"application\/ld+json\" class=\"yoast-schema-graph\">{\"@context\":\"https:\/\/schema.org\",\"@graph\":[{\"@type\":\"WebPage\",\"@id\":\"https:\/\/www.csj-emballages.com\/es\/produit\/500-bolsas-para-pollos-con-cierre-de-cremallera-tamano-22\/\",\"url\":\"https:\/\/www.csj-emballages.com\/es\/produit\/500-bolsas-para-pollos-con-cierre-de-cremallera-tamano-22\/\",\"name\":\"Bolsa para pollos con cremallera 31 x 25 + 15 cm por 500\",\"isPartOf\":{\"@id\":\"https:\/\/www.csj-emballages.com\/es\/#website\"},\"primaryImageOfPage\":{\"@id\":\"https:\/\/www.csj-emballages.com\/es\/produit\/500-bolsas-para-pollos-con-cierre-de-cremallera-tamano-22\/#primaryimage\"},\"image\":{\"@id\":\"https:\/\/www.csj-emballages.com\/es\/produit\/500-bolsas-para-pollos-con-cierre-de-cremallera-tamano-22\/#primaryimage\"},\"thumbnailUrl\":\"https:\/\/www.csj-emballages.com\/wp-content\/uploads\/2024\/07\/SP22.webp\",\"datePublished\":\"2024-07-30T00:19:19+00:00\",\"dateModified\":\"2026-05-01T00:14:54+00:00\",\"description\":\"Descubra nuestra bolsa para pollo con cierre zip (31 x 25 + 15 cm) \u2013 ideal para caterings, asadores y carnicer\u00edas. Pr\u00e1ctica, resellable y resistente.\",\"breadcrumb\":{\"@id\":\"https:\/\/www.csj-emballages.com\/es\/produit\/500-bolsas-para-pollos-con-cierre-de-cremallera-tamano-22\/#breadcrumb\"},\"inLanguage\":\"es\",\"potentialAction\":[{\"@type\":\"ReadAction\",\"target\":[\"https:\/\/www.csj-emballages.com\/es\/produit\/500-bolsas-para-pollos-con-cierre-de-cremallera-tamano-22\/\"]}]},{\"@type\":\"ImageObject\",\"inLanguage\":\"es\",\"@id\":\"https:\/\/www.csj-emballages.com\/es\/produit\/500-bolsas-para-pollos-con-cierre-de-cremallera-tamano-22\/#primaryimage\",\"url\":\"https:\/\/www.csj-emballages.com\/wp-content\/uploads\/2024\/07\/SP22.webp\",\"contentUrl\":\"https:\/\/www.csj-emballages.com\/wp-content\/uploads\/2024\/07\/SP22.webp\",\"width\":800,\"height\":800,\"caption\":\"Sac poulet\"},{\"@type\":\"BreadcrumbList\",\"@id\":\"https:\/\/www.csj-emballages.com\/es\/produit\/500-bolsas-para-pollos-con-cierre-de-cremallera-tamano-22\/#breadcrumb\",\"itemListElement\":[{\"@type\":\"ListItem\",\"position\":1,\"name\":\"Accueil\",\"item\":\"https:\/\/www.csj-emballages.com\/es\/universo-del-envasado-alimentario\/\"},{\"@type\":\"ListItem\",\"position\":2,\"name\":\"Tienda\",\"item\":\"https:\/\/www.csj-emballages.com\/tienda\/\"},{\"@type\":\"ListItem\",\"position\":3,\"name\":\"Bolsa para pollos con cierre de cremallera 31 x 25 + 15 cm por 500\"}]},{\"@type\":\"WebSite\",\"@id\":\"https:\/\/www.csj-emballages.com\/es\/#website\",\"url\":\"https:\/\/www.csj-emballages.com\/es\/\",\"name\":\"CSJ Emballages\",\"description\":\"\",\"publisher\":{\"@id\":\"https:\/\/www.csj-emballages.com\/es\/#organization\"},\"potentialAction\":[{\"@type\":\"SearchAction\",\"target\":{\"@type\":\"EntryPoint\",\"urlTemplate\":\"https:\/\/www.csj-emballages.com\/es\/?s={search_term_string}\"},\"query-input\":{\"@type\":\"PropertyValueSpecification\",\"valueRequired\":true,\"valueName\":\"search_term_string\"}}],\"inLanguage\":\"es\"},{\"@type\":\"Organization\",\"@id\":\"https:\/\/www.csj-emballages.com\/es\/#Organization\/\",\"name\":\"CSJ Emballages\",\"url\":\"https:\/\/www.csj-emballages.com\/es\/\",\"logo\":{\"@type\":\"ImageObject\",\"inLanguage\":\"es\",\"@id\":\"https:\/\/www.csj-emballages.com\/es\/#\/schema\/logo\/image\/\",\"url\":\"https:\/\/www.csj-emballages.com\/wp-content\/uploads\/2023\/10\/logo_csj.webp\",\"contentUrl\":\"https:\/\/www.csj-emballages.com\/wp-content\/uploads\/2023\/10\/logo_csj.webp\",\"width\":250,\"height\":95,\"caption\":\"CSJ Emballages\"},\"image\":{\"@id\":\"https:\/\/www.csj-emballages.com\/es\/#\/schema\/logo\/image\/\"},\"sameAs\":[\"https:\/\/www.facebook.com\/csjemballages\"],\"address\":{\"@type\":\"PostalAddress\",\"streetAddress\":\"ZI La Lechere\",\"addressLocality\":\"Patornay\",\"postalCode\":\"39130\",\"addressCountry\":\"FR\"},\"contactPoint\":[{\"@type\":\"ContactPoint\",\"contactType\":\"Service client\",\"telephone\":\"0384254272\",\"email\":\"contact@csj-emballages.com\"}]}]}<\/script>\n<!-- \/ Yoast SEO Premium plugin. -->","yoast_head_json":{"title":"Bolsa para pollos con cremallera 31 x 25 + 15 cm por 500","description":"Descubra nuestra bolsa para pollo con cierre zip (31 x 25 + 15 cm) \u2013 ideal para caterings, asadores y carnicer\u00edas. Pr\u00e1ctica, resellable y resistente.","robots":{"index":"index","follow":"follow","max-snippet":"max-snippet:-1","max-image-preview":"max-image-preview:large","max-video-preview":"max-video-preview:-1"},"canonical":"https:\/\/www.csj-emballages.com\/es\/produit\/500-bolsas-para-pollos-con-cierre-de-cremallera-tamano-22\/","og_locale":"es_ES","og_type":"article","og_title":"Bolsa para pollos con cierre de cremallera 31 x 25 + 15 cm por 500","og_description":"Descubra nuestra bolsa para pollo con cierre zip (31 x 25 + 15 cm) \u2013 ideal para caterings, asadores y carnicer\u00edas. Pr\u00e1ctica, resellable y resistente.","og_url":"https:\/\/www.csj-emballages.com\/es\/produit\/500-bolsas-para-pollos-con-cierre-de-cremallera-tamano-22\/","og_site_name":"CSJ Emballages","article_publisher":"https:\/\/www.facebook.com\/csjemballages","article_modified_time":"2026-05-01T00:14:54+00:00","og_image":[{"width":800,"height":800,"url":"https:\/\/www.csj-emballages.com\/wp-content\/uploads\/2024\/07\/SP22.webp","type":"image\/webp"}],"twitter_card":"summary_large_image","twitter_misc":{"Tiempo de lectura":"2 minutos"},"schema":{"@context":"https:\/\/schema.org","@graph":[{"@type":"WebPage","@id":"https:\/\/www.csj-emballages.com\/es\/produit\/500-bolsas-para-pollos-con-cierre-de-cremallera-tamano-22\/","url":"https:\/\/www.csj-emballages.com\/es\/produit\/500-bolsas-para-pollos-con-cierre-de-cremallera-tamano-22\/","name":"Bolsa para pollos con cremallera 31 x 25 + 15 cm por 500","isPartOf":{"@id":"https:\/\/www.csj-emballages.com\/es\/#website"},"primaryImageOfPage":{"@id":"https:\/\/www.csj-emballages.com\/es\/produit\/500-bolsas-para-pollos-con-cierre-de-cremallera-tamano-22\/#primaryimage"},"image":{"@id":"https:\/\/www.csj-emballages.com\/es\/produit\/500-bolsas-para-pollos-con-cierre-de-cremallera-tamano-22\/#primaryimage"},"thumbnailUrl":"https:\/\/www.csj-emballages.com\/wp-content\/uploads\/2024\/07\/SP22.webp","datePublished":"2024-07-30T00:19:19+00:00","dateModified":"2026-05-01T00:14:54+00:00","description":"Descubra nuestra bolsa para pollo con cierre zip (31 x 25 + 15 cm) \u2013 ideal para caterings, asadores y carnicer\u00edas. Pr\u00e1ctica, resellable y resistente.","breadcrumb":{"@id":"https:\/\/www.csj-emballages.com\/es\/produit\/500-bolsas-para-pollos-con-cierre-de-cremallera-tamano-22\/#breadcrumb"},"inLanguage":"es","potentialAction":[{"@type":"ReadAction","target":["https:\/\/www.csj-emballages.com\/es\/produit\/500-bolsas-para-pollos-con-cierre-de-cremallera-tamano-22\/"]}]},{"@type":"ImageObject","inLanguage":"es","@id":"https:\/\/www.csj-emballages.com\/es\/produit\/500-bolsas-para-pollos-con-cierre-de-cremallera-tamano-22\/#primaryimage","url":"https:\/\/www.csj-emballages.com\/wp-content\/uploads\/2024\/07\/SP22.webp","contentUrl":"https:\/\/www.csj-emballages.com\/wp-content\/uploads\/2024\/07\/SP22.webp","width":800,"height":800,"caption":"Sac poulet"},{"@type":"BreadcrumbList","@id":"https:\/\/www.csj-emballages.com\/es\/produit\/500-bolsas-para-pollos-con-cierre-de-cremallera-tamano-22\/#breadcrumb","itemListElement":[{"@type":"ListItem","position":1,"name":"Accueil","item":"https:\/\/www.csj-emballages.com\/es\/universo-del-envasado-alimentario\/"},{"@type":"ListItem","position":2,"name":"Tienda","item":"https:\/\/www.csj-emballages.com\/tienda\/"},{"@type":"ListItem","position":3,"name":"Bolsa para pollos con cierre de cremallera 31 x 25 + 15 cm por 500"}]},{"@type":"WebSite","@id":"https:\/\/www.csj-emballages.com\/es\/#website","url":"https:\/\/www.csj-emballages.com\/es\/","name":"CSJ Emballages","description":"","publisher":{"@id":"https:\/\/www.csj-emballages.com\/es\/#organization"},"potentialAction":[{"@type":"SearchAction","target":{"@type":"EntryPoint","urlTemplate":"https:\/\/www.csj-emballages.com\/es\/?s={search_term_string}"},"query-input":{"@type":"PropertyValueSpecification","valueRequired":true,"valueName":"search_term_string"}}],"inLanguage":"es"},{"@type":"Organization","@id":"https:\/\/www.csj-emballages.com\/es\/#Organization\/","name":"CSJ Emballages","url":"https:\/\/www.csj-emballages.com\/es\/","logo":{"@type":"ImageObject","inLanguage":"es","@id":"https:\/\/www.csj-emballages.com\/es\/#\/schema\/logo\/image\/","url":"https:\/\/www.csj-emballages.com\/wp-content\/uploads\/2023\/10\/logo_csj.webp","contentUrl":"https:\/\/www.csj-emballages.com\/wp-content\/uploads\/2023\/10\/logo_csj.webp","width":250,"height":95,"caption":"CSJ Emballages"},"image":{"@id":"https:\/\/www.csj-emballages.com\/es\/#\/schema\/logo\/image\/"},"sameAs":["https:\/\/www.facebook.com\/csjemballages"],"address":{"@type":"PostalAddress","streetAddress":"ZI La Lechere","addressLocality":"Patornay","postalCode":"39130","addressCountry":"FR"},"contactPoint":[{"@type":"ContactPoint","contactType":"Service client","telephone":"0384254272","email":"contact@csj-emballages.com"}]}]}},"df_price":116.56,"df_sale_price":"","df_regular_price":116.56,"df_image_link":"https:\/\/www.csj-emballages.com\/wp-content\/uploads\/2024\/07\/SP22-300x300.webp","tiered_pricing_type":"fixed","tiered_pricing_fixed_rules":[],"tiered_pricing_percentage_rules":[],"tiered_pricing_minimum":1,"tiered_pricing_roles_data":[],"_links":{"self":[{"href":"https:\/\/www.csj-emballages.com\/es\/wp-json\/wp\/v2\/product\/125904","targetHints":{"allow":["GET"]}}],"collection":[{"href":"https:\/\/www.csj-emballages.com\/es\/wp-json\/wp\/v2\/product"}],"about":[{"href":"https:\/\/www.csj-emballages.com\/es\/wp-json\/wp\/v2\/types\/product"}],"wp:featuredmedia":[{"embeddable":true,"href":"https:\/\/www.csj-emballages.com\/es\/wp-json\/wp\/v2\/media\/224077"}],"wp:attachment":[{"href":"https:\/\/www.csj-emballages.com\/es\/wp-json\/wp\/v2\/media?parent=125904"}],"wp:term":[{"taxonomy":"product_brand","embeddable":true,"href":"https:\/\/www.csj-emballages.com\/es\/wp-json\/wp\/v2\/product_brand?post=125904"},{"taxonomy":"product_cat","embeddable":true,"href":"https:\/\/www.csj-emballages.com\/es\/wp-json\/wp\/v2\/product_cat?post=125904"},{"taxonomy":"product_tag","embeddable":true,"href":"https:\/\/www.csj-emballages.com\/es\/wp-json\/wp\/v2\/product_tag?post=125904"}],"curies":[{"name":"wp","href":"https:\/\/api.w.org\/{rel}","templated":true}]}}